{"id":18,"date":"2024-09-25T15:08:06","date_gmt":"2024-09-25T13:08:06","guid":{"rendered":"https:\/\/sklep.med4life.com.pl\/?page_id=18"},"modified":"2024-10-09T18:36:14","modified_gmt":"2024-10-09T16:36:14","slug":"regulamin","status":"publish","type":"page","link":"https:\/\/sklep.med4life.com.pl\/en\/regulamin\/","title":{"rendered":"Regulamin"},"content":{"rendered":"<h3 class=\"wp-block-heading\">REGULAMIN SKLEPU INTERNETOWEGO SKLEP.MED4LIFE.COM.PL<\/h3><p>W\u0142a\u015bcicielem sklepu internetowego sklep.med4life.com.pl jest <strong>Med4life Wykr\u0119t Magiera Sp\u00f3\u0142ka Cywilna<\/strong> z siedzib\u0105 w Cza\u0144cu, ul. Brzoskwiniowa 1, 43-354 Czaniec, NIP: 9372763986, REGON: 529364675, kt\u00f3ra prowadzi dzia\u0142alno\u015b\u0107 w zakresie sprzeda\u017cy sprz\u0119tu medycznego (dalej jako: \u201eSprzedawca\u201d).<\/p><p>Sprzedawca prowadzi sklep internetowy med4life.com.pl oraz jest odpowiedzialny za prawid\u0142owe \u015bwiadczenie us\u0142ug elektronicznych dost\u0119pnych w Sklepie.<\/p><h4 class=\"wp-block-heading\">1. DEFINICJE<\/h4><ol class=\"wp-block-list\"><li><strong>Sklep<\/strong> \u2013 sklep internetowy dzia\u0142aj\u0105cy pod adresem <a href=\"https:\/\/sklep.med4life.com.pl\/en\/\">https:\/\/sklep.med4life.com.pl<\/a>, \u015bwiadcz\u0105cy us\u0142ugi sprzeda\u017cy produkt\u00f3w medycznych drog\u0105 elektroniczn\u0105. Szczeg\u00f3\u0142owy spis produkt\u00f3w i ich cen jednostkowych znajduje si\u0119 na stronie internetowej Sklepu.<\/li>\n\n<li><strong>Strony<\/strong> \u2013 Sprzedawca i U\u017cytkownik.<\/li>\n\n<li><strong>U\u017cytkownik<\/strong> \u2013 Konsument, Przedsi\u0119biorca lub inny podmiot korzystaj\u0105cy z us\u0142ug \u015bwiadczonych w ramach Sklepu.<\/li>\n\n<li><strong>Przedsi\u0119biorca<\/strong> \u2013 osoba fizyczna, osoba prawna oraz jednostka organizacyjna nieb\u0119d\u0105ca osob\u0105 prawn\u0105, kt\u00f3rej ustawa przyznaje zdolno\u015b\u0107 prawn\u0105, wykonuj\u0105ca we w\u0142asnym imieniu dzia\u0142alno\u015b\u0107 gospodarcz\u0105.<\/li>\n\n<li><strong>Konsument<\/strong> \u2013 osoba fizyczna dokonuj\u0105ca z przedsi\u0119biorc\u0105 czynno\u015bci prawnej niezwi\u0105zanej bezpo\u015brednio z jej dzia\u0142alno\u015bci\u0105 gospodarcz\u0105 lub zawodow\u0105.<\/li>\n\n<li><strong>Produkty<\/strong> \u2013 produkty medyczne dost\u0119pne w sprzeda\u017cy za po\u015brednictwem Sklepu.<\/li>\n\n<li><strong>Konto U\u017cytkownika<\/strong> \u2013 miejsce w systemie teleinformatycznym Sklepu, w kt\u00f3rym znajduj\u0105 si\u0119 informacje o U\u017cytkowniku oraz zapewniaj\u0105ce mo\u017cliwo\u015b\u0107 korzystania z us\u0142ug \u015bwiadczonych przez Sklep.<\/li>\n\n<li><strong>Rejestracja<\/strong> \u2013 czynno\u015b\u0107 polegaj\u0105ca na podaniu przez U\u017cytkownika jego danych oraz dokonaniu akceptacji niezb\u0119dnej w celu za\u0142o\u017cenia Konta.<\/li>\n\n<li><strong>Serwis<\/strong> \u2013 serwis internetowy dost\u0119pny pod adresem <a href=\"https:\/\/sklep.med4life.com.pl\/en\/\">https:\/\/sklep.med4life.com.pl<\/a>.<\/li>\n\n<li><strong>Regulamin<\/strong> \u2013 niniejszy regulamin.<\/li>\n\n<li><strong>Polityka prywatno\u015bci<\/strong> \u2013 dokument reguluj\u0105cy kwestie ochrony danych osobowych U\u017cytkownik\u00f3w, dost\u0119pny w Serwisie.<\/li>\n\n<li><strong>Zam\u00f3wienie<\/strong> \u2013 o\u015bwiadczenie woli U\u017cytkownika, sk\u0142adane za pomoc\u0105 formularza zam\u00f3wienia, zmierzaj\u0105ce bezpo\u015brednio do zawarcia umowy sprzeda\u017cy Produktu ze Sprzedawc\u0105.<\/li><\/ol><p><\/p><h4 class=\"wp-block-heading\">2. POSTANOWIENIA OG\u00d3LNE<\/h4><ol class=\"wp-block-list\"><li>W\u0142a\u015bcicielem Sklepu jest Sprzedawca. Regulamin okre\u015bla warunki korzystania ze Sklepu, zasady zawierania um\u00f3w sprzeda\u017cy na odleg\u0142o\u015b\u0107, wykonywania tych um\u00f3w, prawa i obowi\u0105zki stron oraz zasady post\u0119powania reklamacyjnego.<\/li>\n\n<li>Regulamin stanowi regulamin w rozumieniu przepis\u00f3w ustawy z dnia 18 lipca 2002 r. o \u015bwiadczeniu us\u0142ug drog\u0105 elektroniczn\u0105 (Dz.U. z 2017 r. poz. 1219 z p\u00f3\u017an. zm.).<\/li>\n\n<li>Ka\u017cdy U\u017cytkownik korzystaj\u0105cy z us\u0142ug oferowanych przez Sklep, zobowi\u0105zany jest do przestrzegania postanowie\u0144 Regulaminu, Polityki Prywatno\u015bci oraz obowi\u0105zuj\u0105cych przepis\u00f3w prawa.<\/li>\n\n<li>Akceptacja Regulaminu przed skorzystaniem z us\u0142ug Sklepu jest r\u00f3wnoznaczna z pe\u0142n\u0105 akceptacj\u0105 warunk\u00f3w Regulaminu i Polityki Prywatno\u015bci, bez konieczno\u015bci sporz\u0105dzania odr\u0119bnej umowy.<\/li><\/ol><p><\/p><h4 class=\"wp-block-heading\">3. WARUNKI KORZYSTANIA<\/h4><p>Sprzedawca \u015bwiadczy us\u0142ugi na rzecz U\u017cytkownik\u00f3w na warunkach okre\u015blonych w Regulaminie i Polityce Prywatno\u015bci oraz w z\u0142o\u017conym zam\u00f3wieniu.<\/p><ol class=\"wp-block-list\"><li>U\u017cytkownik zobowi\u0105zany jest do: a. korzystania ze Sklepu zgodnie z obowi\u0105zuj\u0105cymi przepisami prawa oraz postanowieniami Regulaminu i Polityki Prywatno\u015bci, b. korzystania ze Sklepu z poszanowaniem d\u00f3br osobistych innych podmiot\u00f3w, c. niedostarczania tre\u015bci o charakterze bezprawnym, d. korzystania ze Sklepu w spos\u00f3b niezak\u0142\u00f3caj\u0105cy jego funkcjonowania, e. korzystania z tre\u015bci zamieszczonych w Sklepie jedynie w zakresie w\u0142asnego u\u017cytku osobistego, f. niepodejmowania dzia\u0142a\u0144 polegaj\u0105cych na rozsy\u0142aniu niezam\u00f3wionej informacji handlowej (spam).<\/li>\n\n<li>U\u017cytkownik, sk\u0142adaj\u0105c o\u015bwiadczenia podczas Rejestracji lub sk\u0142adania zam\u00f3wienia, potwierdza, \u017ce: a. podane przez niego informacje s\u0105 zgodne z prawd\u0105, b. zapozna\u0142 si\u0119 z Regulaminem i Polityk\u0105 Prywatno\u015bci, oraz \u017ce Zam\u00f3wienia sk\u0142adane w Sklepie s\u0105 odp\u0142atne.<\/li>\n\n<li>U\u017cytkownik zobowi\u0105zuje si\u0119 powstrzyma\u0107 od dzia\u0142a\u0144 maj\u0105cych na celu destabilizacj\u0119 dzia\u0142alno\u015bci Sklepu.<\/li>\n\n<li>U\u017cytkownik ponosi odpowiedzialno\u015b\u0107 za dane i inne tre\u015bci zamieszczane przez siebie w Sklepie.<\/li>\n\n<li>Korzystanie ze Sklepu odbywa si\u0119 przy u\u017cyciu systemu teleinformatycznego, zgodnie z ustaw\u0105 o \u015bwiadczeniu us\u0142ug drog\u0105 elektroniczn\u0105.<\/li><\/ol><p><\/p><h4 class=\"wp-block-heading\">4. KONTO U\u017bYTKOWNIKA<\/h4><ol class=\"wp-block-list\"><li>Sprzedawca umo\u017cliwia za\u0142o\u017cenie Konta U\u017cytkownika w Sklepie pod adresem: <a href=\"https:\/\/sklep.med4life.com.pl\/en\/\">https:\/\/sklep.med4life.com.pl<\/a>.<\/li>\n\n<li>Rejestracja Konta jest dobrowolna i bezp\u0142atna.<\/li>\n\n<li>U\u017cytkownik mo\u017ce sk\u0142ada\u0107 Zam\u00f3wienia bez Rejestracji, jednak\u017ce posiadanie Konta umo\u017cliwia \u015bledzenie historii Zam\u00f3wie\u0144 oraz statusu realizacji.<\/li>\n\n<li>Do zarejestrowania Konta wymaga si\u0119 podania imienia i nazwiska, adresu e-mail (login) oraz has\u0142a.<\/li>\n\n<li>Po za\u0142o\u017ceniu Konta U\u017cytkownik mo\u017ce zalogowa\u0107 si\u0119 do Sklepu, u\u017cywaj\u0105c wskazanych przy Rejestracji danych.<\/li><\/ol><p><\/p><h4 class=\"wp-block-heading\">5. ZAM\u00d3WIENIA<\/h4><ol class=\"wp-block-list\"><li>Umowy sprzeda\u017cy zawierane s\u0105 drog\u0105 elektroniczn\u0105. Zam\u00f3wienia mo\u017cna sk\u0142ada\u0107 24 godziny na dob\u0119, natomiast ich realizacja odbywa si\u0119 w dni robocze (od poniedzia\u0142ku do pi\u0105tku, w godzinach 8:00\u201316:00).<\/li>\n\n<li>Z\u0142o\u017cenie Zam\u00f3wienia wymaga akceptacji Regulaminu i Polityki Prywatno\u015bci.<\/li>\n\n<li>W trakcie sk\u0142adania Zam\u00f3wienia U\u017cytkownik powinien poda\u0107 swoje dane osobowe i wyrazi\u0107 zgod\u0119 na ich przetwarzanie w celu realizacji Zam\u00f3wienia.<\/li>\n\n<li>Z\u0142o\u017cenie Zam\u00f3wienia nast\u0119puje poprzez wyb\u00f3r Produktu i klikni\u0119cie przycisku \u201eKupuj\u0119\u201d. U\u017cytkownik wskazuje ilo\u015b\u0107 zamawianych Produkt\u00f3w, wybiera spos\u00f3b dostawy oraz p\u0142atno\u015bci, a nast\u0119pnie akceptuje Regulamin i Polityk\u0119 Prywatno\u015bci.<\/li>\n\n<li>Informacje o warto\u015bci Zam\u00f3wienia, obejmuj\u0105ce cen\u0119 Produktu oraz koszty dostawy, podawane s\u0105 na stronie internetowej Sklepu w trakcie sk\u0142adania zam\u00f3wienia.<\/li><\/ol><p><\/p><h4 class=\"wp-block-heading\">6. CENY PRODUKT\u00d3W<\/h4><ol class=\"wp-block-list\"><li>Ceny produkt\u00f3w s\u0105 podawane w z\u0142otych polskich i zawieraj\u0105 podatek VAT.<\/li>\n\n<li>Ceny produkt\u00f3w nie obejmuj\u0105 koszt\u00f3w dostawy, kt\u00f3re s\u0105 doliczane w trakcie sk\u0142adania Zam\u00f3wienia.<\/li>\n\n<li>Cen\u0105 wi\u0105\u017c\u0105c\u0105 dla U\u017cytkownika jest cena podana w momencie sk\u0142adania Zam\u00f3wienia.<\/li><\/ol><p><\/p><h4 class=\"wp-block-heading\">7. METODY P\u0141ATNO\u015aCI I DOSTAWA<\/h4><ol class=\"wp-block-list\"><li>U\u017cytkownik mo\u017ce wybra\u0107 nast\u0119puj\u0105ce metody p\u0142atno\u015bci: a. przelew tradycyjny, b. p\u0142atno\u015b\u0107 PayNow.<\/li>\n\n<li>Zam\u00f3wienia s\u0105 dostarczane za po\u015brednictwem kuriera lub Poczty Polskiej.<\/li><\/ol><p><\/p><h4 class=\"wp-block-heading\">8. REKLAMACJE I ZWROTY<\/h4><ol class=\"wp-block-list\"><li>Sprzedawca na podstawie art. 558 \u00a7 1 Kodeksu cywilnego wy\u0142\u0105cza odpowiedzialno\u015b\u0107 wobec U\u017cytkownik\u00f3w nie b\u0119d\u0105cych Konsumentami z tytu\u0142u wad fizycznych i prawnych (r\u0119kojmia).<\/li>\n\n<li>Sprzedawca ponosi wobec U\u017cytkownik\u00f3w b\u0119d\u0105cych Konsumentami odpowiedzialno\u015b\u0107 za wady Produkt\u00f3w na zasadach okre\u015blonych w przepisach ustawy z dnia 23 kwietnia 1964 r. Kodeks cywilny (t.j. Dz.U. z 2017 r. poz. 459 z p\u00f3\u017an. zm.), w szczeg\u00f3lno\u015bci w art. 556 i nast. Kodeksu cywilnego (r\u0119kojmia).<\/li>\n\n<li>W przypadku U\u017cytkownik\u00f3w b\u0119d\u0105cych Konsumentami, prawo zg\u0142oszenia reklamacji przys\u0142uguje im je\u017celi Produkty dostarczone w ramach Us\u0142ugi maj\u0105 wad\u0119 fizyczn\u0105 lub prawn\u0105 (r\u0119kojmia). Wada fizyczna polega na niezgodno\u015bci rzeczy sprzedanej (Produktu) z umow\u0105.<\/li>\n\n<li>Reklamacj\u0119 mo\u017cna wnie\u015b\u0107 w przypadku U\u017cytkownik\u00f3w b\u0119d\u0105cych Konsumentami \u2013 w terminach i na zasadach okre\u015blonych w tre\u015bci przepis\u00f3w art. 556-576 Kodeksu Cywilnego \u2013 w zakresie w jakim przepisy te dotycz\u0105 r\u0119kojmi przy sprzeda\u017cy na rzecz Konsument\u00f3w.<\/li>\n\n<li>Reklamacje mo\u017cna wnosi\u0107 w formie elektronicznej \u2013 e-mailem na adres: kontakt@med4life.com.pl lub w formie pisemnej, przesy\u0142aj\u0105c j\u0105 listem poleconym na adres: <strong>Med4life Wykr\u0119t Magiera Sp\u00f3\u0142ka Cywilna<\/strong> ul. Brzoskwiniowa 1, 43-354 Czaniec z dopiskiem \u201eReklamacja\u201d.<\/li>\n\n<li>Wskazane jest, aby zg\u0142oszenie reklamacji zawiera\u0142o w szczeg\u00f3lno\u015bci: imi\u0119 i nazwisko, adres do korespondencji, adres poczty elektronicznej (adres e-mail), na kt\u00f3ry ma zosta\u0107 wys\u0142ana odpowied\u017a na reklamacj\u0119 (je\u015bli Konsument \u017cyczy sobie otrzyma\u0107 odpowied\u017a na reklamacj\u0119 za po\u015brednictwem poczty elektronicznej), dat\u0119 nabycia Produktu, numer zam\u00f3wienia, rodzaj reklamowanego Produktu, nr partii produkcyjnej, dok\u0142adny opis wady oraz dat\u0119 jej stwierdzenia, \u017c\u0105danie Konsumenta, a tak\u017ce preferowany przez Konsumenta spos\u00f3b poinformowania o sposobie rozpatrzenia reklamacji. Wraz ze zg\u0142oszeniem reklamacji mo\u017ce dostarczy\u0107 Sprzedawcy dow\u00f3d zakupu Produktu. Powy\u017csza tre\u015b\u0107 dotycz\u0105ca zg\u0142oszenia reklamacji stanowi jedynie przyk\u0142ad, z kt\u00f3rego U\u017cytkownik b\u0119d\u0105cy Konsumentem nie musi korzysta\u0107, i nie wp\u0142ywa na skuteczno\u015b\u0107 reklamacji zg\u0142oszonych z pomini\u0119ciem zalecanego opisu reklamacji.<\/li>\n\n<li>Zaleca si\u0119 do\u0142\u0105czenie do sk\u0142adanej reklamacji zdj\u0119\u0107 Produkt\u00f3w podlegaj\u0105cych reklamacji, celem przyspieszenia jej rozpoznania. W przypadku, gdy oka\u017ce si\u0119 to konieczne dla prawid\u0142owego rozpatrzenia reklamacji, Konsument obowi\u0105zany jest do przes\u0142ania na adres Sprzedawcy wadliwego Produktu. W odniesieniu do U\u017cytkownik\u00f3w b\u0119d\u0105cych Konsumentami oraz w przypadku uznania reklamacji za zasadn\u0105, koszty odes\u0142ania wadliwych Produkt\u00f3w na adres Sprzedawcy oraz koszty dostarczenia Produkt\u00f3w wolnych od wad (w razie wymiany Produktu) ponosi Sprzedawca.<\/li>\n\n<li>Konsumentowi przys\u0142uguje prawo do \u017c\u0105dania:<br>a. usuni\u0119cia wady;<br>b. wymiany wadliwych Produkt\u00f3w na wolne od wad;<br>c. obni\u017cenia ceny albo odst\u0105pienia od umowy (z\u0142o\u017cenie o\u015bwiadczenia), chyba \u017ce Sprzedawca niezw\u0142ocznie i bez nadmiernych niedogodno\u015bci dla Konsumenta wymieni Produkt wadliwy na wolny od wad albo wad\u0119 usunie. Ograniczenie to nie ma zastosowania, je\u017celi rzecz by\u0142a ju\u017c wymieniona przez Sprzedawc\u0119 albo Sprzedawca nie uczyni\u0142 zado\u015b\u0107 obowi\u0105zkowi wymiany rzeczy na woln\u0105 od wad lub usuni\u0119cia wady. U\u017cytkownik b\u0119d\u0105cy Konsumentem mo\u017ce zamiast zaproponowanego przez Sprzedawc\u0119 usuni\u0119cia wady \u017c\u0105da\u0107 wymiany rzeczy na woln\u0105 od wad albo zamiast wymiany rzeczy \u017c\u0105da\u0107 usuni\u0119cia wady, chyba \u017ce doprowadzenie rzeczy do zgodno\u015bci z umow\u0105 w spos\u00f3b wybrany przez Konsumenta jest niemo\u017cliwe albo wymaga\u0142oby nadmiernych koszt\u00f3w w por\u00f3wnaniu ze sposobem proponowanym przez Sprzedawc\u0119. U\u017cytkownik b\u0119d\u0105cy Konsumentem nie mo\u017ce odst\u0105pi\u0107 od umowy, je\u017celi wada jest nieistotna;<\/li>\n\n<li>Sprzedawca rozpatrzy reklamacj\u0119 w najszybszym mo\u017cliwym terminie \u2013 nieprzekraczaj\u0105cym w ka\u017cdym razie 14 dni od momentu otrzymania \u017c\u0105dania. O rezultacie Sprzedawca niezw\u0142ocznie zawiadomi sk\u0142adaj\u0105cego reklamacj\u0119 za po\u015brednictwem poczty elektronicznej b\u0105d\u017a listu wys\u0142anego poczt\u0105.<\/li>\n\n<li>Sprzedawca nie udziela gwarancji jako\u015bci na Produkty. W odniesieniu jednak\u017ce do niekt\u00f3rych Produkt\u00f3w oferowanych w Sklepie producent Produktu udzieli\u0142 dodatkowo gwarancji jako\u015bci. Istnienie i tre\u015b\u0107 gwarancji wynika ka\u017cdorazowo z opisu Produktu na stronie Sklepu<\/li><\/ol><p><\/p><p><a href=\"https:\/\/sklep.med4life.com.pl\/wp-content\/uploads\/2024\/10\/OSWIADCZENIE-O-ODSTAPIENIU-OD-UMOWY.pdf\" target=\"_blank\" rel=\"noreferrer noopener\">POBIERZ <strong>&#8222;O\u015aWIADCZENIE O ODST\u0104PIENIU OD UMOWY<\/strong>&#8222;<\/a><\/p>","protected":false},"excerpt":{"rendered":"<p>REGULAMIN SKLEPU INTERNETOWEGO SKLEP.MED4LIFE.COM.PL W\u0142a\u015bcicielem sklepu internetowego sklep.med4life.com.pl jest Med4life Wykr\u0119t Magiera Sp\u00f3\u0142ka Cywilna z siedzib\u0105 w Cza\u0144cu, ul. Brzoskwiniowa 1, 43-354 Czaniec, NIP: 9372763986, REGON: 529364675, kt\u00f3ra prowadzi dzia\u0142alno\u015b\u0107 w zakresie sprzeda\u017cy sprz\u0119tu medycznego (dalej jako: \u201eSprzedawca\u201d). Sprzedawca prowadzi sklep internetowy med4life.com.pl oraz jest odpowiedzialny za prawid\u0142owe \u015bwiadczenie us\u0142ug elektronicznych dost\u0119pnych w Sklepie. 1. [&hellip;]<\/p>","protected":false},"author":1,"featured_media":0,"parent":0,"menu_order":0,"comment_status":"closed","ping_status":"closed","template":"","meta":{"content-type":"","om_disable_all_campaigns":false,"_monsterinsights_skip_tracking":false,"_monsterinsights_sitenote_active":false,"_monsterinsights_sitenote_note":"","_monsterinsights_sitenote_category":0,"footnotes":""},"class_list":["post-18","page","type-page","status-publish","hentry"],"yoast_head":"<!-- This site is optimized with the Yoast SEO plugin v23.8 - https:\/\/yoast.com\/wordpress\/plugins\/seo\/ -->\n<title>Regulamin - sklep.med4life.com.pl<\/title>\n<meta name=\"robots\" content=\"index, follow, max-snippet:-1, max-image-preview:large, max-video-preview:-1\" \/>\n<link rel=\"canonical\" href=\"https:\/\/sklep.med4life.com.pl\/en\/regulamin\/\" \/>\n<meta property=\"og:locale\" content=\"en_US\" \/>\n<meta property=\"og:type\" content=\"article\" \/>\n<meta property=\"og:title\" content=\"Regulamin - sklep.med4life.com.pl\" \/>\n<meta property=\"og:description\" content=\"REGULAMIN SKLEPU INTERNETOWEGO SKLEP.MED4LIFE.COM.PL W\u0142a\u015bcicielem sklepu internetowego sklep.med4life.com.pl jest Med4life Wykr\u0119t Magiera Sp\u00f3\u0142ka Cywilna z siedzib\u0105 w Cza\u0144cu, ul. Brzoskwiniowa 1, 43-354 Czaniec, NIP: 9372763986, REGON: 529364675, kt\u00f3ra prowadzi dzia\u0142alno\u015b\u0107 w zakresie sprzeda\u017cy sprz\u0119tu medycznego (dalej jako: \u201eSprzedawca\u201d). Sprzedawca prowadzi sklep internetowy med4life.com.pl oraz jest odpowiedzialny za prawid\u0142owe \u015bwiadczenie us\u0142ug elektronicznych dost\u0119pnych w Sklepie. 1. [&hellip;]\" \/>\n<meta property=\"og:url\" content=\"https:\/\/sklep.med4life.com.pl\/en\/regulamin\/\" \/>\n<meta property=\"og:site_name\" content=\"sklep.med4life.com.pl\" \/>\n<meta property=\"article:modified_time\" content=\"2024-10-09T16:36:14+00:00\" \/>\n<meta name=\"twitter:card\" content=\"summary_large_image\" \/>\n<meta name=\"twitter:label1\" content=\"Est. reading time\" \/>\n\t<meta name=\"twitter:data1\" content=\"8 minutes\" \/>\n<script type=\"application\/ld+json\" class=\"yoast-schema-graph\">{\"@context\":\"https:\/\/schema.org\",\"@graph\":[{\"@type\":\"WebPage\",\"@id\":\"https:\/\/sklep.med4life.com.pl\/regulamin\/\",\"url\":\"https:\/\/sklep.med4life.com.pl\/regulamin\/\",\"name\":\"Regulamin - sklep.med4life.com.pl\",\"isPartOf\":{\"@id\":\"https:\/\/sklep.med4life.com.pl\/#website\"},\"datePublished\":\"2024-09-25T13:08:06+00:00\",\"dateModified\":\"2024-10-09T16:36:14+00:00\",\"breadcrumb\":{\"@id\":\"https:\/\/sklep.med4life.com.pl\/regulamin\/#breadcrumb\"},\"inLanguage\":\"en-US\",\"potentialAction\":[{\"@type\":\"ReadAction\",\"target\":[\"https:\/\/sklep.med4life.com.pl\/regulamin\/\"]}]},{\"@type\":\"BreadcrumbList\",\"@id\":\"https:\/\/sklep.med4life.com.pl\/regulamin\/#breadcrumb\",\"itemListElement\":[{\"@type\":\"ListItem\",\"position\":1,\"name\":\"Strona g\u0142\u00f3wna\",\"item\":\"https:\/\/sklep.med4life.com.pl\/\"},{\"@type\":\"ListItem\",\"position\":2,\"name\":\"Regulamin\"}]},{\"@type\":\"WebSite\",\"@id\":\"https:\/\/sklep.med4life.com.pl\/#website\",\"url\":\"https:\/\/sklep.med4life.com.pl\/\",\"name\":\"sklep.med4life.com.pl\",\"description\":\"\",\"potentialAction\":[{\"@type\":\"SearchAction\",\"target\":{\"@type\":\"EntryPoint\",\"urlTemplate\":\"https:\/\/sklep.med4life.com.pl\/?s={search_term_string}\"},\"query-input\":{\"@type\":\"PropertyValueSpecification\",\"valueRequired\":true,\"valueName\":\"search_term_string\"}}],\"inLanguage\":\"en-US\"}]}<\/script>\n<!-- \/ Yoast SEO plugin. -->","yoast_head_json":{"title":"Regulamin - sklep.med4life.com.pl","robots":{"index":"index","follow":"follow","max-snippet":"max-snippet:-1","max-image-preview":"max-image-preview:large","max-video-preview":"max-video-preview:-1"},"canonical":"https:\/\/sklep.med4life.com.pl\/en\/regulamin\/","og_locale":"en_US","og_type":"article","og_title":"Regulamin - sklep.med4life.com.pl","og_description":"REGULAMIN SKLEPU INTERNETOWEGO SKLEP.MED4LIFE.COM.PL W\u0142a\u015bcicielem sklepu internetowego sklep.med4life.com.pl jest Med4life Wykr\u0119t Magiera Sp\u00f3\u0142ka Cywilna z siedzib\u0105 w Cza\u0144cu, ul. Brzoskwiniowa 1, 43-354 Czaniec, NIP: 9372763986, REGON: 529364675, kt\u00f3ra prowadzi dzia\u0142alno\u015b\u0107 w zakresie sprzeda\u017cy sprz\u0119tu medycznego (dalej jako: \u201eSprzedawca\u201d). Sprzedawca prowadzi sklep internetowy med4life.com.pl oraz jest odpowiedzialny za prawid\u0142owe \u015bwiadczenie us\u0142ug elektronicznych dost\u0119pnych w Sklepie. 1. [&hellip;]","og_url":"https:\/\/sklep.med4life.com.pl\/en\/regulamin\/","og_site_name":"sklep.med4life.com.pl","article_modified_time":"2024-10-09T16:36:14+00:00","twitter_card":"summary_large_image","twitter_misc":{"Est. reading time":"8 minutes"},"schema":{"@context":"https:\/\/schema.org","@graph":[{"@type":"WebPage","@id":"https:\/\/sklep.med4life.com.pl\/regulamin\/","url":"https:\/\/sklep.med4life.com.pl\/regulamin\/","name":"Regulamin - sklep.med4life.com.pl","isPartOf":{"@id":"https:\/\/sklep.med4life.com.pl\/#website"},"datePublished":"2024-09-25T13:08:06+00:00","dateModified":"2024-10-09T16:36:14+00:00","breadcrumb":{"@id":"https:\/\/sklep.med4life.com.pl\/regulamin\/#breadcrumb"},"inLanguage":"en-US","potentialAction":[{"@type":"ReadAction","target":["https:\/\/sklep.med4life.com.pl\/regulamin\/"]}]},{"@type":"BreadcrumbList","@id":"https:\/\/sklep.med4life.com.pl\/regulamin\/#breadcrumb","itemListElement":[{"@type":"ListItem","position":1,"name":"Strona g\u0142\u00f3wna","item":"https:\/\/sklep.med4life.com.pl\/"},{"@type":"ListItem","position":2,"name":"Regulamin"}]},{"@type":"WebSite","@id":"https:\/\/sklep.med4life.com.pl\/#website","url":"https:\/\/sklep.med4life.com.pl\/","name":"sklep.med4life.com.pl","description":"","potentialAction":[{"@type":"SearchAction","target":{"@type":"EntryPoint","urlTemplate":"https:\/\/sklep.med4life.com.pl\/?s={search_term_string}"},"query-input":{"@type":"PropertyValueSpecification","valueRequired":true,"valueName":"search_term_string"}}],"inLanguage":"en-US"}]}},"_links":{"self":[{"href":"https:\/\/sklep.med4life.com.pl\/en\/wp-json\/wp\/v2\/pages\/18","targetHints":{"allow":["GET"]}}],"collection":[{"href":"https:\/\/sklep.med4life.com.pl\/en\/wp-json\/wp\/v2\/pages"}],"about":[{"href":"https:\/\/sklep.med4life.com.pl\/en\/wp-json\/wp\/v2\/types\/page"}],"author":[{"embeddable":true,"href":"https:\/\/sklep.med4life.com.pl\/en\/wp-json\/wp\/v2\/users\/1"}],"replies":[{"embeddable":true,"href":"https:\/\/sklep.med4life.com.pl\/en\/wp-json\/wp\/v2\/comments?post=18"}],"version-history":[{"count":9,"href":"https:\/\/sklep.med4life.com.pl\/en\/wp-json\/wp\/v2\/pages\/18\/revisions"}],"predecessor-version":[{"id":6210,"href":"https:\/\/sklep.med4life.com.pl\/en\/wp-json\/wp\/v2\/pages\/18\/revisions\/6210"}],"wp:attachment":[{"href":"https:\/\/sklep.med4life.com.pl\/en\/wp-json\/wp\/v2\/media?parent=18"}],"curies":[{"name":"wp","href":"https:\/\/api.w.org\/{rel}","templated":true}]}}