{"id":848,"date":"2018-02-28T07:46:00","date_gmt":"2018-02-28T07:46:00","guid":{"rendered":"http:\/\/sw-themes.com\/porto_dummy\/?page_id=848"},"modified":"2024-11-21T10:23:11","modified_gmt":"2024-11-21T09:23:11","slug":"o-nas","status":"publish","type":"page","link":"https:\/\/sklep.med4life.com.pl\/en\/o-nas\/","title":{"rendered":"O nas"},"content":{"rendered":"<div data-elementor-type=\"wp-post\" data-elementor-id=\"848\" class=\"elementor elementor-848\" data-elementor-post-type=\"page\">\n\t\t\t\t\t\t<section class=\"elementor-section elementor-top-section elementor-element elementor-element-fe7de36 elementor-section-boxed elementor-section-height-default elementor-section-height-default\" data-id=\"fe7de36\" data-element_type=\"section\">\r\n\t\t\r\n\t\t\t\t\t\t\t<div class=\"elementor-container elementor-column-gap-default\">\r\n\t\t\t\t\t\t\t\t\t\t\t<div class=\"elementor-column elementor-col-100 elementor-top-column elementor-element elementor-element-c0df2c6\" data-id=\"c0df2c6\" data-element_type=\"column\">\r\n\t\t\t\t\t<div class=\"elementor-widget-wrap elementor-element-populated\">\r\n\t\t\t\t\t\t\t\t<div class=\"elementor-element elementor-element-0b56226 elementor-widget elementor-widget-heading\" data-id=\"0b56226\" data-element_type=\"widget\" data-widget_type=\"heading.default\">\n\t\t\t\t<div class=\"elementor-widget-container\">\n\t\t\t<h2 class=\"elementor-heading-title elementor-size-default\">Co\u015b o nas<\/h2>\t\t<\/div>\n\t\t\t\t<\/div>\n\t\t\t\t<div class=\"elementor-element elementor-element-08791d8 elementor-widget elementor-widget-text-editor\" data-id=\"08791d8\" data-element_type=\"widget\" data-widget_type=\"text-editor.default\">\n\t\t\t\t<div class=\"elementor-widget-container\">\n\t\t\t\t\t\t\t<div class=\"xdj266r x11i5rnm xat24cr x1mh8g0r x1vvkbs x126k92a\"><div dir=\"auto\">Nasza firma powsta\u0142a 8 sierpnia 2024 roku, po wielu latach zbierania do\u015bwiadcze\u0144 w ratownictwie medycznym oraz edukacji w zakresie pierwszej pomocy.<\/div><div dir=\"auto\">\u00a0<\/div><div dir=\"auto\">Teraz \u0142\u0105czymy si\u0142y, aby oferowa\u0107 Wam najwy\u017cszy standard us\u0142ug.<\/div><div dir=\"auto\">\u00a0<\/div><\/div><div class=\"x11i5rnm xat24cr x1mh8g0r x1vvkbs xtlvy1s x126k92a\"><div dir=\"auto\">W Med4Life stawiamy na kompleksowo\u015b\u0107 i profesjonalizm.<\/div><div dir=\"auto\">\u00a0<\/div><div dir=\"auto\"><strong>Nasza oferta obejmuje:<\/strong><\/div><\/div><div class=\"x11i5rnm xat24cr x1mh8g0r x1vvkbs xtlvy1s x126k92a\"><div dir=\"auto\"><span style=\"text-decoration: underline;\">Szkolenia z pierwszej pomocy<\/span>, kt\u00f3re przygotowuj\u0105 do skutecznego reagowania w sytuacjach kryzysowych. Nasi do\u015bwiadczeni instruktorzy prowadz\u0105 szkolenia dostosowane do r\u00f3\u017cnych bran\u017c i potrzeb, zapewniaj\u0105c wiedz\u0119, kt\u00f3ra naprawd\u0119 mo\u017ce uratowa\u0107 \u017cycie.<\/div><div dir=\"auto\">\u00a0<\/div><div dir=\"auto\"><span style=\"text-decoration: underline;\">Profesjonalne zabezpieczenia medyczne imprez<\/span> \u2013 wiemy, jak wa\u017cne jest bezpiecze\u0144stwo na du\u017cych wydarzeniach, dlatego oferujemy us\u0142ugi medyczne dostosowane do ka\u017cdego typu imprezy, od festiwali, przez zawody sportowe, a\u017c po kameralne eventy firmowe.<\/div><div dir=\"auto\">\u00a0<\/div><div dir=\"auto\"><span style=\"text-decoration: underline;\">Innowacyjne rozwi\u0105zania dla poprawy bezpiecze\u0144stwa<\/span> \u2013 jeste\u015bmy na bie\u017c\u0105co z najnowszymi technologiami i trendami, dzi\u0119ki czemu mo\u017cemy zaproponowa\u0107 Wam nowoczesne, skuteczne systemy i narz\u0119dzia, kt\u00f3re podnosz\u0105 poziom bezpiecze\u0144stwa w Waszym otoczeniu.<\/div><div dir=\"auto\">\u00a0<\/div><div dir=\"auto\">W Med4Life wierzymy, \u017ce ka\u017cda sytuacja kryzysowa wymaga odpowiedniej reakcji, a nasz\u0105 misj\u0105 jest dostarczenie Wam wiedzy i narz\u0119dzi, kt\u00f3re sprawi\u0105, \u017ce b\u0119dziecie gotowi na ka\u017cd\u0105 ewentualno\u015b\u0107. Jeste\u015bmy dumni, \u017ce mo\u017cemy by\u0107 cz\u0119\u015bci\u0105 Waszej drogi do bezpiecze\u0144stwa.<\/div><\/div><div class=\"x11i5rnm xat24cr x1mh8g0r x1vvkbs xtlvy1s x126k92a\"><div dir=\"auto\">\u00a0<\/div><div dir=\"auto\">Dzi\u0119kujemy za zaufanie i zapraszamy do wsp\u00f3\u0142pracy!<\/div><\/div>\t\t\t\t\t\t<\/div>\n\t\t\t\t<\/div>\n\t\t\t\t\t<\/div>\r\n\t\t\t\t<\/div>\r\n\t\t\t\t\t<\/div>\r\n\t\t\t\t<\/section>\r\n\t\t\t\t<section class=\"elementor-section elementor-top-section elementor-element elementor-element-37db519 elementor-section-boxed elementor-section-height-default elementor-section-height-default\" data-id=\"37db519\" data-element_type=\"section\" data-settings=\"{&quot;background_background&quot;:&quot;classic&quot;}\">\r\n\t\t\r\n\t\t\t\t\t\t\t<div class=\"elementor-container elementor-column-gap-default\">\r\n\t\t\t\t\t\t\t\t\t\t\t<div class=\"elementor-column elementor-col-100 elementor-top-column elementor-element elementor-element-6cb3975\" data-id=\"6cb3975\" data-element_type=\"column\">\r\n\t\t\t\t\t<div class=\"elementor-widget-wrap elementor-element-populated\">\r\n\t\t\t\t\t\t\t\t<div class=\"elementor-element elementor-element-d91d150 elementor-widget elementor-widget-heading\" data-id=\"d91d150\" data-element_type=\"widget\" data-widget_type=\"heading.default\">\n\t\t\t\t<div class=\"elementor-widget-container\">\n\t\t\t<h2 class=\"elementor-heading-title elementor-size-default\">DLACZEGO MY?<\/h2>\t\t<\/div>\n\t\t\t\t<\/div>\n\t\t\t\t<section class=\"elementor-section elementor-inner-section elementor-element elementor-element-889cca7 elementor-section-boxed elementor-section-height-default elementor-section-height-default\" data-id=\"889cca7\" data-element_type=\"section\">\r\n\t\t\r\n\t\t\t\t\t\t\t<div class=\"elementor-container elementor-column-gap-default\">\r\n\t\t\t\t\t\t\t\t\t\t\t<div class=\"elementor-column elementor-col-33 elementor-inner-column elementor-element elementor-element-e2c5a56\" data-id=\"e2c5a56\" data-element_type=\"column\">\r\n\t\t\t\t\t<div class=\"elementor-widget-wrap elementor-element-populated\">\r\n\t\t\t\t\t\t\t\t<div class=\"elementor-element elementor-element-3a852ca bg-white elementor-widget elementor-widget-porto_info_box\" data-id=\"3a852ca\" data-element_type=\"widget\" data-widget_type=\"porto_info_box.default\">\n\t\t\t\t<div class=\"elementor-widget-container\">\n\t\t\t<div class=\"porto-sicon-box style_1 top-icon text-left\"><div class=\"porto-sicon-top\"><div class=\"porto-just-icon-wrapper porto-icon none\" style=\"\"><i class=\"fas fa-hand-holding-medical\"><\/i><\/div><\/div><div class=\"porto-sicon-header\"><h3 class=\"porto-sicon-title\" style=\"\">BEZPIECZE\u0143STWO NA PIERWSZYM MIEJSCU<\/h3><\/div> <!-- header --><div class=\"porto-sicon-description\" style=\"\" ><p>Nasze produkty s\u0105 zaprojektowane z my\u015bl\u0105 o ratowaniu \u017cycia i zapewnieniu najwy\u017cszego poziomu bezpiecze\u0144stwa.<\/p><\/div> <!-- description --><\/div><!-- porto-sicon-box -->\t\t<\/div>\n\t\t\t\t<\/div>\n\t\t\t\t\t<\/div>\r\n\t\t\t\t<\/div>\r\n\t\t\t\t<div class=\"elementor-column elementor-col-33 elementor-inner-column elementor-element elementor-element-f31d9e5\" data-id=\"f31d9e5\" data-element_type=\"column\">\r\n\t\t\t\t\t<div class=\"elementor-widget-wrap elementor-element-populated\">\r\n\t\t\t\t\t\t\t\t<div class=\"elementor-element elementor-element-51e3293 bg-white elementor-widget elementor-widget-porto_info_box\" data-id=\"51e3293\" data-element_type=\"widget\" data-widget_type=\"porto_info_box.default\">\n\t\t\t\t<div class=\"elementor-widget-container\">\n\t\t\t<div class=\"porto-sicon-box style_1 top-icon text-left\"><div class=\"porto-sicon-top\"><div class=\"porto-just-icon-wrapper porto-icon none\" style=\"\"><i class=\"Simple-Line-Icons-wrench\"><\/i><\/div><\/div><div class=\"porto-sicon-header\"><h3 class=\"porto-sicon-title\" style=\"\">PROFESJONALNE WSPARCIE TECHNICZNE<\/h3><\/div> <!-- header --><div class=\"porto-sicon-description\" style=\"\" ><p>Oferujemy kompleksow\u0105 pomoc techniczn\u0105, aby\u015b m\u00f3g\u0142 w pe\u0142ni wykorzysta\u0107 mo\u017cliwo\u015bci naszych urz\u0105dze\u0144.<\/p><\/div> <!-- description --><\/div><!-- porto-sicon-box -->\t\t<\/div>\n\t\t\t\t<\/div>\n\t\t\t\t\t<\/div>\r\n\t\t\t\t<\/div>\r\n\t\t\t\t<div class=\"elementor-column elementor-col-33 elementor-inner-column elementor-element elementor-element-db8a04f\" data-id=\"db8a04f\" data-element_type=\"column\">\r\n\t\t\t\t\t<div class=\"elementor-widget-wrap elementor-element-populated\">\r\n\t\t\t\t\t\t\t\t<div class=\"elementor-element elementor-element-4803858 bg-white elementor-widget elementor-widget-porto_info_box\" data-id=\"4803858\" data-element_type=\"widget\" data-widget_type=\"porto_info_box.default\">\n\t\t\t\t<div class=\"elementor-widget-container\">\n\t\t\t<div class=\"porto-sicon-box style_1 top-icon text-left\"><div class=\"porto-sicon-top\"><div class=\"porto-just-icon-wrapper porto-icon none\" style=\"\"><i class=\"fas fa-certificate\"><\/i><\/div><\/div><div class=\"porto-sicon-header\"><h3 class=\"porto-sicon-title\" style=\"\">CERTYFIKOWANE PRODUKTY MEDYCZNE<\/h3><\/div> <!-- header --><div class=\"porto-sicon-description\" style=\"\" ><p>Wszystkie nasze produkty spe\u0142niaj\u0105 mi\u0119dzynarodowe normy jako\u015bci, gwarantuj\u0105c niezawodno\u015b\u0107 w najtrudniejszych sytuacjach.<\/p><\/div> <!-- description --><\/div><!-- porto-sicon-box -->\t\t<\/div>\n\t\t\t\t<\/div>\n\t\t\t\t\t<\/div>\r\n\t\t\t\t<\/div>\r\n\t\t\t\t\t<\/div>\r\n\t\t\t\t<\/section>\r\n\t\t\t\t\t<\/div>\r\n\t\t\t\t<\/div>\r\n\t\t\t\t\t<\/div>\r\n\t\t\t\t<\/section>\r\n\t\t\t\t<\/div>","protected":false},"excerpt":{"rendered":"<p>Co\u015b o nas Nasza firma powsta\u0142a 8 sierpnia 2024 roku, po wielu latach zbierania do\u015bwiadcze\u0144 w ratownictwie medycznym oraz edukacji w zakresie pierwszej pomocy.\u00a0Teraz \u0142\u0105czymy si\u0142y, aby oferowa\u0107 Wam najwy\u017cszy standard us\u0142ug.\u00a0W Med4Life stawiamy na kompleksowo\u015b\u0107 i profesjonalizm.\u00a0Nasza oferta obejmuje:Szkolenia z pierwszej pomocy, kt\u00f3re przygotowuj\u0105 do skutecznego reagowania w sytuacjach kryzysowych. Nasi do\u015bwiadczeni instruktorzy prowadz\u0105 [&hellip;]<\/p>","protected":false},"author":1,"featured_media":0,"parent":0,"menu_order":0,"comment_status":"closed","ping_status":"closed","template":"","meta":{"content-type":"","om_disable_all_campaigns":false,"_monsterinsights_skip_tracking":false,"_monsterinsights_sitenote_active":false,"_monsterinsights_sitenote_note":"","_monsterinsights_sitenote_category":0,"footnotes":""},"class_list":["post-848","page","type-page","status-publish","hentry"],"yoast_head":"<!-- This site is optimized with the Yoast SEO plugin v23.8 - https:\/\/yoast.com\/wordpress\/plugins\/seo\/ -->\n<title>O nas - sklep.med4life.com.pl<\/title>\n<meta name=\"robots\" content=\"index, follow, max-snippet:-1, max-image-preview:large, max-video-preview:-1\" \/>\n<link rel=\"canonical\" href=\"https:\/\/sklep.med4life.com.pl\/en\/o-nas\/\" \/>\n<meta property=\"og:locale\" content=\"en_US\" \/>\n<meta property=\"og:type\" content=\"article\" \/>\n<meta property=\"og:title\" content=\"O nas - sklep.med4life.com.pl\" \/>\n<meta property=\"og:description\" content=\"Co\u015b o nas Nasza firma powsta\u0142a 8 sierpnia 2024 roku, po wielu latach zbierania do\u015bwiadcze\u0144 w ratownictwie medycznym oraz edukacji w zakresie pierwszej pomocy.\u00a0Teraz \u0142\u0105czymy si\u0142y, aby oferowa\u0107 Wam najwy\u017cszy standard us\u0142ug.\u00a0W Med4Life stawiamy na kompleksowo\u015b\u0107 i profesjonalizm.\u00a0Nasza oferta obejmuje:Szkolenia z pierwszej pomocy, kt\u00f3re przygotowuj\u0105 do skutecznego reagowania w sytuacjach kryzysowych. Nasi do\u015bwiadczeni instruktorzy prowadz\u0105 [&hellip;]\" \/>\n<meta property=\"og:url\" content=\"https:\/\/sklep.med4life.com.pl\/en\/o-nas\/\" \/>\n<meta property=\"og:site_name\" content=\"sklep.med4life.com.pl\" \/>\n<meta property=\"article:modified_time\" content=\"2024-11-21T09:23:11+00:00\" \/>\n<meta name=\"twitter:card\" content=\"summary_large_image\" \/>\n<meta name=\"twitter:label1\" content=\"Est. reading time\" \/>\n\t<meta name=\"twitter:data1\" content=\"2 minutes\" \/>\n<script type=\"application\/ld+json\" class=\"yoast-schema-graph\">{\"@context\":\"https:\/\/schema.org\",\"@graph\":[{\"@type\":\"WebPage\",\"@id\":\"https:\/\/sklep.med4life.com.pl\/o-nas\/\",\"url\":\"https:\/\/sklep.med4life.com.pl\/o-nas\/\",\"name\":\"O nas - sklep.med4life.com.pl\",\"isPartOf\":{\"@id\":\"https:\/\/sklep.med4life.com.pl\/#website\"},\"datePublished\":\"2018-02-28T07:46:00+00:00\",\"dateModified\":\"2024-11-21T09:23:11+00:00\",\"breadcrumb\":{\"@id\":\"https:\/\/sklep.med4life.com.pl\/o-nas\/#breadcrumb\"},\"inLanguage\":\"en-US\",\"potentialAction\":[{\"@type\":\"ReadAction\",\"target\":[\"https:\/\/sklep.med4life.com.pl\/o-nas\/\"]}]},{\"@type\":\"BreadcrumbList\",\"@id\":\"https:\/\/sklep.med4life.com.pl\/o-nas\/#breadcrumb\",\"itemListElement\":[{\"@type\":\"ListItem\",\"position\":1,\"name\":\"Strona g\u0142\u00f3wna\",\"item\":\"https:\/\/sklep.med4life.com.pl\/\"},{\"@type\":\"ListItem\",\"position\":2,\"name\":\"O nas\"}]},{\"@type\":\"WebSite\",\"@id\":\"https:\/\/sklep.med4life.com.pl\/#website\",\"url\":\"https:\/\/sklep.med4life.com.pl\/\",\"name\":\"sklep.med4life.com.pl\",\"description\":\"\",\"potentialAction\":[{\"@type\":\"SearchAction\",\"target\":{\"@type\":\"EntryPoint\",\"urlTemplate\":\"https:\/\/sklep.med4life.com.pl\/?s={search_term_string}\"},\"query-input\":{\"@type\":\"PropertyValueSpecification\",\"valueRequired\":true,\"valueName\":\"search_term_string\"}}],\"inLanguage\":\"en-US\"}]}<\/script>\n<!-- \/ Yoast SEO plugin. -->","yoast_head_json":{"title":"O nas - sklep.med4life.com.pl","robots":{"index":"index","follow":"follow","max-snippet":"max-snippet:-1","max-image-preview":"max-image-preview:large","max-video-preview":"max-video-preview:-1"},"canonical":"https:\/\/sklep.med4life.com.pl\/en\/o-nas\/","og_locale":"en_US","og_type":"article","og_title":"O nas - sklep.med4life.com.pl","og_description":"Co\u015b o nas Nasza firma powsta\u0142a 8 sierpnia 2024 roku, po wielu latach zbierania do\u015bwiadcze\u0144 w ratownictwie medycznym oraz edukacji w zakresie pierwszej pomocy.\u00a0Teraz \u0142\u0105czymy si\u0142y, aby oferowa\u0107 Wam najwy\u017cszy standard us\u0142ug.\u00a0W Med4Life stawiamy na kompleksowo\u015b\u0107 i profesjonalizm.\u00a0Nasza oferta obejmuje:Szkolenia z pierwszej pomocy, kt\u00f3re przygotowuj\u0105 do skutecznego reagowania w sytuacjach kryzysowych. Nasi do\u015bwiadczeni instruktorzy prowadz\u0105 [&hellip;]","og_url":"https:\/\/sklep.med4life.com.pl\/en\/o-nas\/","og_site_name":"sklep.med4life.com.pl","article_modified_time":"2024-11-21T09:23:11+00:00","twitter_card":"summary_large_image","twitter_misc":{"Est. reading time":"2 minutes"},"schema":{"@context":"https:\/\/schema.org","@graph":[{"@type":"WebPage","@id":"https:\/\/sklep.med4life.com.pl\/o-nas\/","url":"https:\/\/sklep.med4life.com.pl\/o-nas\/","name":"O nas - sklep.med4life.com.pl","isPartOf":{"@id":"https:\/\/sklep.med4life.com.pl\/#website"},"datePublished":"2018-02-28T07:46:00+00:00","dateModified":"2024-11-21T09:23:11+00:00","breadcrumb":{"@id":"https:\/\/sklep.med4life.com.pl\/o-nas\/#breadcrumb"},"inLanguage":"en-US","potentialAction":[{"@type":"ReadAction","target":["https:\/\/sklep.med4life.com.pl\/o-nas\/"]}]},{"@type":"BreadcrumbList","@id":"https:\/\/sklep.med4life.com.pl\/o-nas\/#breadcrumb","itemListElement":[{"@type":"ListItem","position":1,"name":"Strona g\u0142\u00f3wna","item":"https:\/\/sklep.med4life.com.pl\/"},{"@type":"ListItem","position":2,"name":"O nas"}]},{"@type":"WebSite","@id":"https:\/\/sklep.med4life.com.pl\/#website","url":"https:\/\/sklep.med4life.com.pl\/","name":"sklep.med4life.com.pl","description":"","potentialAction":[{"@type":"SearchAction","target":{"@type":"EntryPoint","urlTemplate":"https:\/\/sklep.med4life.com.pl\/?s={search_term_string}"},"query-input":{"@type":"PropertyValueSpecification","valueRequired":true,"valueName":"search_term_string"}}],"inLanguage":"en-US"}]}},"_links":{"self":[{"href":"https:\/\/sklep.med4life.com.pl\/en\/wp-json\/wp\/v2\/pages\/848","targetHints":{"allow":["GET"]}}],"collection":[{"href":"https:\/\/sklep.med4life.com.pl\/en\/wp-json\/wp\/v2\/pages"}],"about":[{"href":"https:\/\/sklep.med4life.com.pl\/en\/wp-json\/wp\/v2\/types\/page"}],"author":[{"embeddable":true,"href":"https:\/\/sklep.med4life.com.pl\/en\/wp-json\/wp\/v2\/users\/1"}],"replies":[{"embeddable":true,"href":"https:\/\/sklep.med4life.com.pl\/en\/wp-json\/wp\/v2\/comments?post=848"}],"version-history":[{"count":7,"href":"https:\/\/sklep.med4life.com.pl\/en\/wp-json\/wp\/v2\/pages\/848\/revisions"}],"predecessor-version":[{"id":6335,"href":"https:\/\/sklep.med4life.com.pl\/en\/wp-json\/wp\/v2\/pages\/848\/revisions\/6335"}],"wp:attachment":[{"href":"https:\/\/sklep.med4life.com.pl\/en\/wp-json\/wp\/v2\/media?parent=848"}],"curies":[{"name":"wp","href":"https:\/\/api.w.org\/{rel}","templated":true}]}}