{"id":5822,"date":"2024-09-24T10:04:52","date_gmt":"2024-09-24T08:04:52","guid":{"rendered":"https:\/\/sklep.med4life.com.pl\/?post_type=product&#038;p=5822"},"modified":"2026-01-12T16:13:10","modified_gmt":"2026-01-12T15:13:10","slug":"defibrylator-samaritan-pad-350-p","status":"publish","type":"product","link":"https:\/\/sklep.med4life.com.pl\/en\/product\/defibrylator-samaritan-pad-350-p\/","title":{"rendered":"Defibrylator AED HeartSine Samaritan Pad 350 P"},"content":{"rendered":"<p>Samaritan PAD ratuje \u017cycie Twoimi r\u0119kami. To ma\u0142e, bezpieczne urz\u0105dzenie, kt\u00f3re<br \/>\nwymaga minimalnego zaanga\u017cowania osoby, kt\u00f3ra b\u0119dzie udziela\u0107 pierwszej<br \/>\npomocy. Jednocze\u015bnie wraz z ni\u0105 tworzy zesp\u00f3\u0142, kt\u00f3ry mo\u017ce wszystko.<\/p>","protected":false},"excerpt":{"rendered":"<p>Samaritan PAD ratuje \u017cycie Twoimi r\u0119kami. To ma\u0142e, bezpieczne urz\u0105dzenie, kt\u00f3re wymaga minimalnego zaanga\u017cowania osoby, kt\u00f3ra b\u0119dzie udziela\u0107 pierwszej pomocy. Jednocze\u015bnie wraz z ni\u0105 tworzy zesp\u00f3\u0142, kt\u00f3ry mo\u017ce wszystko.<\/p>","protected":false},"featured_media":6275,"comment_status":"open","ping_status":"closed","template":"","meta":{"content-type":"","om_disable_all_campaigns":false,"_monsterinsights_skip_tracking":false,"_monsterinsights_sitenote_active":false,"_monsterinsights_sitenote_note":"","_monsterinsights_sitenote_category":0},"product_cat":[91],"product_tag":[],"class_list":{"0":"post-5822","1":"product","2":"type-product","3":"status-publish","4":"has-post-thumbnail","6":"product_cat-defibrylatory-aed","8":"first","9":"instock","10":"shipping-taxable","11":"purchasable","12":"product-type-simple"},"yoast_head":"<!-- This site is optimized with the Yoast SEO plugin v23.8 - https:\/\/yoast.com\/wordpress\/plugins\/seo\/ -->\n<title>Defibrylator AED HeartSine Samaritan Pad 350 P - sklep.med4life.com.pl<\/title>\n<meta name=\"robots\" content=\"index, follow, max-snippet:-1, max-image-preview:large, max-video-preview:-1\" \/>\n<link rel=\"canonical\" href=\"https:\/\/sklep.med4life.com.pl\/en\/product\/defibrylator-samaritan-pad-350-p\/\" \/>\n<meta property=\"og:locale\" content=\"en_US\" \/>\n<meta property=\"og:type\" content=\"article\" \/>\n<meta property=\"og:title\" content=\"Defibrylator AED HeartSine Samaritan Pad 350 P - sklep.med4life.com.pl\" \/>\n<meta property=\"og:description\" content=\"Samaritan PAD ratuje \u017cycie Twoimi r\u0119kami. To ma\u0142e, bezpieczne urz\u0105dzenie, kt\u00f3re wymaga minimalnego zaanga\u017cowania osoby, kt\u00f3ra b\u0119dzie udziela\u0107 pierwszej pomocy. Jednocze\u015bnie wraz z ni\u0105 tworzy zesp\u00f3\u0142, kt\u00f3ry mo\u017ce wszystko.\" \/>\n<meta property=\"og:url\" content=\"https:\/\/sklep.med4life.com.pl\/en\/product\/defibrylator-samaritan-pad-350-p\/\" \/>\n<meta property=\"og:site_name\" content=\"sklep.med4life.com.pl\" \/>\n<meta property=\"article:modified_time\" content=\"2026-01-12T15:13:10+00:00\" \/>\n<meta property=\"og:image\" content=\"https:\/\/sklep.med4life.com.pl\/wp-content\/uploads\/2024\/09\/350_12.jpg\" \/>\n\t<meta property=\"og:image:width\" content=\"524\" \/>\n\t<meta property=\"og:image:height\" content=\"600\" \/>\n\t<meta property=\"og:image:type\" content=\"image\/jpeg\" \/>\n<meta name=\"twitter:card\" content=\"summary_large_image\" \/>\n<meta name=\"twitter:label1\" content=\"Est. reading time\" \/>\n\t<meta name=\"twitter:data1\" content=\"1 minute\" \/>\n<script type=\"application\/ld+json\" class=\"yoast-schema-graph\">{\"@context\":\"https:\/\/schema.org\",\"@graph\":[{\"@type\":\"WebPage\",\"@id\":\"https:\/\/sklep.med4life.com.pl\/product\/defibrylator-samaritan-pad-350-p\/\",\"url\":\"https:\/\/sklep.med4life.com.pl\/product\/defibrylator-samaritan-pad-350-p\/\",\"name\":\"Defibrylator AED HeartSine Samaritan Pad 350 P - sklep.med4life.com.pl\",\"isPartOf\":{\"@id\":\"https:\/\/sklep.med4life.com.pl\/#website\"},\"primaryImageOfPage\":{\"@id\":\"https:\/\/sklep.med4life.com.pl\/product\/defibrylator-samaritan-pad-350-p\/#primaryimage\"},\"image\":{\"@id\":\"https:\/\/sklep.med4life.com.pl\/product\/defibrylator-samaritan-pad-350-p\/#primaryimage\"},\"thumbnailUrl\":\"https:\/\/sklep.med4life.com.pl\/wp-content\/uploads\/2024\/09\/350_12.jpg\",\"datePublished\":\"2024-09-24T08:04:52+00:00\",\"dateModified\":\"2026-01-12T15:13:10+00:00\",\"breadcrumb\":{\"@id\":\"https:\/\/sklep.med4life.com.pl\/product\/defibrylator-samaritan-pad-350-p\/#breadcrumb\"},\"inLanguage\":\"en-US\",\"potentialAction\":[{\"@type\":\"ReadAction\",\"target\":[\"https:\/\/sklep.med4life.com.pl\/product\/defibrylator-samaritan-pad-350-p\/\"]}]},{\"@type\":\"ImageObject\",\"inLanguage\":\"en-US\",\"@id\":\"https:\/\/sklep.med4life.com.pl\/product\/defibrylator-samaritan-pad-350-p\/#primaryimage\",\"url\":\"https:\/\/sklep.med4life.com.pl\/wp-content\/uploads\/2024\/09\/350_12.jpg\",\"contentUrl\":\"https:\/\/sklep.med4life.com.pl\/wp-content\/uploads\/2024\/09\/350_12.jpg\",\"width\":524,\"height\":600},{\"@type\":\"BreadcrumbList\",\"@id\":\"https:\/\/sklep.med4life.com.pl\/product\/defibrylator-samaritan-pad-350-p\/#breadcrumb\",\"itemListElement\":[{\"@type\":\"ListItem\",\"position\":1,\"name\":\"Strona g\u0142\u00f3wna\",\"item\":\"https:\/\/sklep.med4life.com.pl\/\"},{\"@type\":\"ListItem\",\"position\":2,\"name\":\"Sklep\",\"item\":\"https:\/\/sklep.med4life.com.pl\/shop\/\"},{\"@type\":\"ListItem\",\"position\":3,\"name\":\"Defibrylator AED HeartSine Samaritan Pad 350 P\"}]},{\"@type\":\"WebSite\",\"@id\":\"https:\/\/sklep.med4life.com.pl\/#website\",\"url\":\"https:\/\/sklep.med4life.com.pl\/\",\"name\":\"sklep.med4life.com.pl\",\"description\":\"\",\"potentialAction\":[{\"@type\":\"SearchAction\",\"target\":{\"@type\":\"EntryPoint\",\"urlTemplate\":\"https:\/\/sklep.med4life.com.pl\/?s={search_term_string}\"},\"query-input\":{\"@type\":\"PropertyValueSpecification\",\"valueRequired\":true,\"valueName\":\"search_term_string\"}}],\"inLanguage\":\"en-US\"}]}<\/script>\n<!-- \/ Yoast SEO plugin. -->","yoast_head_json":{"title":"Defibrylator AED HeartSine Samaritan Pad 350 P - sklep.med4life.com.pl","robots":{"index":"index","follow":"follow","max-snippet":"max-snippet:-1","max-image-preview":"max-image-preview:large","max-video-preview":"max-video-preview:-1"},"canonical":"https:\/\/sklep.med4life.com.pl\/en\/product\/defibrylator-samaritan-pad-350-p\/","og_locale":"en_US","og_type":"article","og_title":"Defibrylator AED HeartSine Samaritan Pad 350 P - sklep.med4life.com.pl","og_description":"Samaritan PAD ratuje \u017cycie Twoimi r\u0119kami. To ma\u0142e, bezpieczne urz\u0105dzenie, kt\u00f3re wymaga minimalnego zaanga\u017cowania osoby, kt\u00f3ra b\u0119dzie udziela\u0107 pierwszej pomocy. Jednocze\u015bnie wraz z ni\u0105 tworzy zesp\u00f3\u0142, kt\u00f3ry mo\u017ce wszystko.","og_url":"https:\/\/sklep.med4life.com.pl\/en\/product\/defibrylator-samaritan-pad-350-p\/","og_site_name":"sklep.med4life.com.pl","article_modified_time":"2026-01-12T15:13:10+00:00","og_image":[{"width":524,"height":600,"url":"https:\/\/sklep.med4life.com.pl\/wp-content\/uploads\/2024\/09\/350_12.jpg","type":"image\/jpeg"}],"twitter_card":"summary_large_image","twitter_misc":{"Est. reading time":"1 minute"},"schema":{"@context":"https:\/\/schema.org","@graph":[{"@type":"WebPage","@id":"https:\/\/sklep.med4life.com.pl\/product\/defibrylator-samaritan-pad-350-p\/","url":"https:\/\/sklep.med4life.com.pl\/product\/defibrylator-samaritan-pad-350-p\/","name":"Defibrylator AED HeartSine Samaritan Pad 350 P - sklep.med4life.com.pl","isPartOf":{"@id":"https:\/\/sklep.med4life.com.pl\/#website"},"primaryImageOfPage":{"@id":"https:\/\/sklep.med4life.com.pl\/product\/defibrylator-samaritan-pad-350-p\/#primaryimage"},"image":{"@id":"https:\/\/sklep.med4life.com.pl\/product\/defibrylator-samaritan-pad-350-p\/#primaryimage"},"thumbnailUrl":"https:\/\/sklep.med4life.com.pl\/wp-content\/uploads\/2024\/09\/350_12.jpg","datePublished":"2024-09-24T08:04:52+00:00","dateModified":"2026-01-12T15:13:10+00:00","breadcrumb":{"@id":"https:\/\/sklep.med4life.com.pl\/product\/defibrylator-samaritan-pad-350-p\/#breadcrumb"},"inLanguage":"en-US","potentialAction":[{"@type":"ReadAction","target":["https:\/\/sklep.med4life.com.pl\/product\/defibrylator-samaritan-pad-350-p\/"]}]},{"@type":"ImageObject","inLanguage":"en-US","@id":"https:\/\/sklep.med4life.com.pl\/product\/defibrylator-samaritan-pad-350-p\/#primaryimage","url":"https:\/\/sklep.med4life.com.pl\/wp-content\/uploads\/2024\/09\/350_12.jpg","contentUrl":"https:\/\/sklep.med4life.com.pl\/wp-content\/uploads\/2024\/09\/350_12.jpg","width":524,"height":600},{"@type":"BreadcrumbList","@id":"https:\/\/sklep.med4life.com.pl\/product\/defibrylator-samaritan-pad-350-p\/#breadcrumb","itemListElement":[{"@type":"ListItem","position":1,"name":"Strona g\u0142\u00f3wna","item":"https:\/\/sklep.med4life.com.pl\/"},{"@type":"ListItem","position":2,"name":"Sklep","item":"https:\/\/sklep.med4life.com.pl\/shop\/"},{"@type":"ListItem","position":3,"name":"Defibrylator AED HeartSine Samaritan Pad 350 P"}]},{"@type":"WebSite","@id":"https:\/\/sklep.med4life.com.pl\/#website","url":"https:\/\/sklep.med4life.com.pl\/","name":"sklep.med4life.com.pl","description":"","potentialAction":[{"@type":"SearchAction","target":{"@type":"EntryPoint","urlTemplate":"https:\/\/sklep.med4life.com.pl\/?s={search_term_string}"},"query-input":{"@type":"PropertyValueSpecification","valueRequired":true,"valueName":"search_term_string"}}],"inLanguage":"en-US"}]}},"_links":{"self":[{"href":"https:\/\/sklep.med4life.com.pl\/en\/wp-json\/wp\/v2\/product\/5822","targetHints":{"allow":["GET"]}}],"collection":[{"href":"https:\/\/sklep.med4life.com.pl\/en\/wp-json\/wp\/v2\/product"}],"about":[{"href":"https:\/\/sklep.med4life.com.pl\/en\/wp-json\/wp\/v2\/types\/product"}],"replies":[{"embeddable":true,"href":"https:\/\/sklep.med4life.com.pl\/en\/wp-json\/wp\/v2\/comments?post=5822"}],"wp:featuredmedia":[{"embeddable":true,"href":"https:\/\/sklep.med4life.com.pl\/en\/wp-json\/wp\/v2\/media\/6275"}],"wp:attachment":[{"href":"https:\/\/sklep.med4life.com.pl\/en\/wp-json\/wp\/v2\/media?parent=5822"}],"wp:term":[{"taxonomy":"product_cat","embeddable":true,"href":"https:\/\/sklep.med4life.com.pl\/en\/wp-json\/wp\/v2\/product_cat?post=5822"},{"taxonomy":"product_tag","embeddable":true,"href":"https:\/\/sklep.med4life.com.pl\/en\/wp-json\/wp\/v2\/product_tag?post=5822"}],"curies":[{"name":"wp","href":"https:\/\/api.w.org\/{rel}","templated":true}]}}