{"id":5946,"date":"2024-09-24T15:40:49","date_gmt":"2024-09-24T13:40:49","guid":{"rendered":"https:\/\/sklep.med4life.com.pl\/?post_type=product&#038;p=5946"},"modified":"2024-09-24T15:52:38","modified_gmt":"2024-09-24T13:52:38","slug":"elektrody-treningowe-25-par","status":"publish","type":"product","link":"https:\/\/sklep.med4life.com.pl\/en\/product\/elektrody-treningowe-25-par\/","title":{"rendered":"Elektrody treningowe 25 par"},"content":{"rendered":"<p>Te uniwersalne elektrody treningowe pasuj\u0105 do r\u00f3\u017cnych modeli defibrylator\u00f3w Samaritan, umo\u017cliwiaj\u0105c realistyczne symulacje w sytuacjach awaryjnych bez ryzyka wywo\u0142ania rzeczywistego wstrz\u0105su elektrycznego. Dzi\u0119ki wyra\u017anym instrukcjom wizualnym umieszczonym na powierzchni elektrod, u\u017cytkownicy \u0142atwo naucz\u0105 si\u0119 prawid\u0142owego ich stosowania w praktyce. Przeznaczone do wielokrotnego u\u017cytku, idealne do szkole\u0144 zar\u00f3wno dla pocz\u0105tkuj\u0105cych, jak i do\u015bwiadczonych ratownik\u00f3w. Niezb\u0119dny element w ka\u017cdej sesji treningowej z pierwszej pomocy z wykorzystaniem defibrylator\u00f3w Samaritan.<\/p>","protected":false},"excerpt":{"rendered":"<p>Elektrody treningowe kompatybilne z r\u00f3\u017cnymi modelami defibrylator\u00f3w Samaritan, zaprojektowane, aby u\u0142atwi\u0107 nauk\u0119 pierwszej pomocy. Dzi\u0119ki czytelnym instrukcjom graficznym u\u017cytkownicy szybko opanuj\u0105 ich poprawne umieszczenie i obs\u0142ug\u0119.<\/p>","protected":false},"featured_media":5957,"comment_status":"open","ping_status":"closed","template":"","meta":{"content-type":"","om_disable_all_campaigns":false,"_monsterinsights_skip_tracking":false,"_monsterinsights_sitenote_active":false,"_monsterinsights_sitenote_note":"","_monsterinsights_sitenote_category":0},"product_cat":[98],"product_tag":[],"class_list":{"0":"post-5946","1":"product","2":"type-product","3":"status-publish","4":"has-post-thumbnail","6":"product_cat-akcesoria-do-defibrylatorow","8":"first","9":"instock","10":"shipping-taxable","11":"purchasable","12":"product-type-simple"},"yoast_head":"<!-- This site is optimized with the Yoast SEO plugin v23.8 - https:\/\/yoast.com\/wordpress\/plugins\/seo\/ -->\n<title>Elektrody treningowe 25 par - sklep.med4life.com.pl<\/title>\n<meta name=\"robots\" content=\"index, follow, max-snippet:-1, max-image-preview:large, max-video-preview:-1\" \/>\n<link rel=\"canonical\" href=\"https:\/\/sklep.med4life.com.pl\/en\/product\/elektrody-treningowe-25-par\/\" \/>\n<meta property=\"og:locale\" content=\"en_US\" \/>\n<meta property=\"og:type\" content=\"article\" \/>\n<meta property=\"og:title\" content=\"Elektrody treningowe 25 par - sklep.med4life.com.pl\" \/>\n<meta property=\"og:description\" content=\"Elektrody treningowe kompatybilne z r\u00f3\u017cnymi modelami defibrylator\u00f3w Samaritan, zaprojektowane, aby u\u0142atwi\u0107 nauk\u0119 pierwszej pomocy. Dzi\u0119ki czytelnym instrukcjom graficznym u\u017cytkownicy szybko opanuj\u0105 ich poprawne umieszczenie i obs\u0142ug\u0119.\" \/>\n<meta property=\"og:url\" content=\"https:\/\/sklep.med4life.com.pl\/en\/product\/elektrody-treningowe-25-par\/\" \/>\n<meta property=\"og:site_name\" content=\"sklep.med4life.com.pl\" \/>\n<meta property=\"article:modified_time\" content=\"2024-09-24T13:52:38+00:00\" \/>\n<meta property=\"og:image\" content=\"https:\/\/sklep.med4life.com.pl\/wp-content\/uploads\/2024\/09\/ET5_2.jpg\" \/>\n\t<meta property=\"og:image:width\" content=\"600\" \/>\n\t<meta property=\"og:image:height\" content=\"600\" \/>\n\t<meta property=\"og:image:type\" content=\"image\/jpeg\" \/>\n<meta name=\"twitter:card\" content=\"summary_large_image\" \/>\n<meta name=\"twitter:label1\" content=\"Est. reading time\" \/>\n\t<meta name=\"twitter:data1\" content=\"1 minute\" \/>\n<script type=\"application\/ld+json\" class=\"yoast-schema-graph\">{\"@context\":\"https:\/\/schema.org\",\"@graph\":[{\"@type\":\"WebPage\",\"@id\":\"https:\/\/sklep.med4life.com.pl\/product\/elektrody-treningowe-25-par\/\",\"url\":\"https:\/\/sklep.med4life.com.pl\/product\/elektrody-treningowe-25-par\/\",\"name\":\"Elektrody treningowe 25 par - sklep.med4life.com.pl\",\"isPartOf\":{\"@id\":\"https:\/\/sklep.med4life.com.pl\/#website\"},\"primaryImageOfPage\":{\"@id\":\"https:\/\/sklep.med4life.com.pl\/product\/elektrody-treningowe-25-par\/#primaryimage\"},\"image\":{\"@id\":\"https:\/\/sklep.med4life.com.pl\/product\/elektrody-treningowe-25-par\/#primaryimage\"},\"thumbnailUrl\":\"https:\/\/sklep.med4life.com.pl\/wp-content\/uploads\/2024\/09\/ET5_2.jpg\",\"datePublished\":\"2024-09-24T13:40:49+00:00\",\"dateModified\":\"2024-09-24T13:52:38+00:00\",\"breadcrumb\":{\"@id\":\"https:\/\/sklep.med4life.com.pl\/product\/elektrody-treningowe-25-par\/#breadcrumb\"},\"inLanguage\":\"en-US\",\"potentialAction\":[{\"@type\":\"ReadAction\",\"target\":[\"https:\/\/sklep.med4life.com.pl\/product\/elektrody-treningowe-25-par\/\"]}]},{\"@type\":\"ImageObject\",\"inLanguage\":\"en-US\",\"@id\":\"https:\/\/sklep.med4life.com.pl\/product\/elektrody-treningowe-25-par\/#primaryimage\",\"url\":\"https:\/\/sklep.med4life.com.pl\/wp-content\/uploads\/2024\/09\/ET5_2.jpg\",\"contentUrl\":\"https:\/\/sklep.med4life.com.pl\/wp-content\/uploads\/2024\/09\/ET5_2.jpg\",\"width\":600,\"height\":600},{\"@type\":\"BreadcrumbList\",\"@id\":\"https:\/\/sklep.med4life.com.pl\/product\/elektrody-treningowe-25-par\/#breadcrumb\",\"itemListElement\":[{\"@type\":\"ListItem\",\"position\":1,\"name\":\"Strona g\u0142\u00f3wna\",\"item\":\"https:\/\/sklep.med4life.com.pl\/\"},{\"@type\":\"ListItem\",\"position\":2,\"name\":\"Sklep\",\"item\":\"https:\/\/sklep.med4life.com.pl\/shop\/\"},{\"@type\":\"ListItem\",\"position\":3,\"name\":\"Elektrody treningowe 25 par\"}]},{\"@type\":\"WebSite\",\"@id\":\"https:\/\/sklep.med4life.com.pl\/#website\",\"url\":\"https:\/\/sklep.med4life.com.pl\/\",\"name\":\"sklep.med4life.com.pl\",\"description\":\"\",\"potentialAction\":[{\"@type\":\"SearchAction\",\"target\":{\"@type\":\"EntryPoint\",\"urlTemplate\":\"https:\/\/sklep.med4life.com.pl\/?s={search_term_string}\"},\"query-input\":{\"@type\":\"PropertyValueSpecification\",\"valueRequired\":true,\"valueName\":\"search_term_string\"}}],\"inLanguage\":\"en-US\"}]}<\/script>\n<!-- \/ Yoast SEO plugin. -->","yoast_head_json":{"title":"Elektrody treningowe 25 par - sklep.med4life.com.pl","robots":{"index":"index","follow":"follow","max-snippet":"max-snippet:-1","max-image-preview":"max-image-preview:large","max-video-preview":"max-video-preview:-1"},"canonical":"https:\/\/sklep.med4life.com.pl\/en\/product\/elektrody-treningowe-25-par\/","og_locale":"en_US","og_type":"article","og_title":"Elektrody treningowe 25 par - sklep.med4life.com.pl","og_description":"Elektrody treningowe kompatybilne z r\u00f3\u017cnymi modelami defibrylator\u00f3w Samaritan, zaprojektowane, aby u\u0142atwi\u0107 nauk\u0119 pierwszej pomocy. Dzi\u0119ki czytelnym instrukcjom graficznym u\u017cytkownicy szybko opanuj\u0105 ich poprawne umieszczenie i obs\u0142ug\u0119.","og_url":"https:\/\/sklep.med4life.com.pl\/en\/product\/elektrody-treningowe-25-par\/","og_site_name":"sklep.med4life.com.pl","article_modified_time":"2024-09-24T13:52:38+00:00","og_image":[{"width":600,"height":600,"url":"https:\/\/sklep.med4life.com.pl\/wp-content\/uploads\/2024\/09\/ET5_2.jpg","type":"image\/jpeg"}],"twitter_card":"summary_large_image","twitter_misc":{"Est. reading time":"1 minute"},"schema":{"@context":"https:\/\/schema.org","@graph":[{"@type":"WebPage","@id":"https:\/\/sklep.med4life.com.pl\/product\/elektrody-treningowe-25-par\/","url":"https:\/\/sklep.med4life.com.pl\/product\/elektrody-treningowe-25-par\/","name":"Elektrody treningowe 25 par - sklep.med4life.com.pl","isPartOf":{"@id":"https:\/\/sklep.med4life.com.pl\/#website"},"primaryImageOfPage":{"@id":"https:\/\/sklep.med4life.com.pl\/product\/elektrody-treningowe-25-par\/#primaryimage"},"image":{"@id":"https:\/\/sklep.med4life.com.pl\/product\/elektrody-treningowe-25-par\/#primaryimage"},"thumbnailUrl":"https:\/\/sklep.med4life.com.pl\/wp-content\/uploads\/2024\/09\/ET5_2.jpg","datePublished":"2024-09-24T13:40:49+00:00","dateModified":"2024-09-24T13:52:38+00:00","breadcrumb":{"@id":"https:\/\/sklep.med4life.com.pl\/product\/elektrody-treningowe-25-par\/#breadcrumb"},"inLanguage":"en-US","potentialAction":[{"@type":"ReadAction","target":["https:\/\/sklep.med4life.com.pl\/product\/elektrody-treningowe-25-par\/"]}]},{"@type":"ImageObject","inLanguage":"en-US","@id":"https:\/\/sklep.med4life.com.pl\/product\/elektrody-treningowe-25-par\/#primaryimage","url":"https:\/\/sklep.med4life.com.pl\/wp-content\/uploads\/2024\/09\/ET5_2.jpg","contentUrl":"https:\/\/sklep.med4life.com.pl\/wp-content\/uploads\/2024\/09\/ET5_2.jpg","width":600,"height":600},{"@type":"BreadcrumbList","@id":"https:\/\/sklep.med4life.com.pl\/product\/elektrody-treningowe-25-par\/#breadcrumb","itemListElement":[{"@type":"ListItem","position":1,"name":"Strona g\u0142\u00f3wna","item":"https:\/\/sklep.med4life.com.pl\/"},{"@type":"ListItem","position":2,"name":"Sklep","item":"https:\/\/sklep.med4life.com.pl\/shop\/"},{"@type":"ListItem","position":3,"name":"Elektrody treningowe 25 par"}]},{"@type":"WebSite","@id":"https:\/\/sklep.med4life.com.pl\/#website","url":"https:\/\/sklep.med4life.com.pl\/","name":"sklep.med4life.com.pl","description":"","potentialAction":[{"@type":"SearchAction","target":{"@type":"EntryPoint","urlTemplate":"https:\/\/sklep.med4life.com.pl\/?s={search_term_string}"},"query-input":{"@type":"PropertyValueSpecification","valueRequired":true,"valueName":"search_term_string"}}],"inLanguage":"en-US"}]}},"_links":{"self":[{"href":"https:\/\/sklep.med4life.com.pl\/en\/wp-json\/wp\/v2\/product\/5946","targetHints":{"allow":["GET"]}}],"collection":[{"href":"https:\/\/sklep.med4life.com.pl\/en\/wp-json\/wp\/v2\/product"}],"about":[{"href":"https:\/\/sklep.med4life.com.pl\/en\/wp-json\/wp\/v2\/types\/product"}],"replies":[{"embeddable":true,"href":"https:\/\/sklep.med4life.com.pl\/en\/wp-json\/wp\/v2\/comments?post=5946"}],"wp:featuredmedia":[{"embeddable":true,"href":"https:\/\/sklep.med4life.com.pl\/en\/wp-json\/wp\/v2\/media\/5957"}],"wp:attachment":[{"href":"https:\/\/sklep.med4life.com.pl\/en\/wp-json\/wp\/v2\/media?parent=5946"}],"wp:term":[{"taxonomy":"product_cat","embeddable":true,"href":"https:\/\/sklep.med4life.com.pl\/en\/wp-json\/wp\/v2\/product_cat?post=5946"},{"taxonomy":"product_tag","embeddable":true,"href":"https:\/\/sklep.med4life.com.pl\/en\/wp-json\/wp\/v2\/product_tag?post=5946"}],"curies":[{"name":"wp","href":"https:\/\/api.w.org\/{rel}","templated":true}]}}