{"id":5947,"date":"2024-09-24T15:44:50","date_gmt":"2024-09-24T13:44:50","guid":{"rendered":"https:\/\/sklep.med4life.com.pl\/?post_type=product&#038;p=5947"},"modified":"2024-09-24T16:16:26","modified_gmt":"2024-09-24T14:16:26","slug":"pilot-do-samaritan-trainer-350","status":"publish","type":"product","link":"https:\/\/sklep.med4life.com.pl\/en\/product\/pilot-do-samaritan-trainer-350\/","title":{"rendered":"Pilot do Samaritan Trainer 350"},"content":{"rendered":"<p>Pilot do obs\u0142ugi defibrylatora Samaritan Trainer 350, zasilany dwoma bateriami AAA, umo\u017cliwia kompleksow\u0105 kontrol\u0119 nad urz\u0105dzeniem szkoleniowym. Oferuje funkcje w\u0142\u0105czania, wy\u0142\u0105czania oraz pauzowania defibrylatora, a tak\u017ce regulacj\u0119 g\u0142o\u015bno\u015bci. U\u017cytkownik mo\u017ce \u0142atwo wybiera\u0107 spo\u015br\u00f3d r\u00f3\u017cnych program\u00f3w szkoleniowych i monitorowa\u0107 poprawno\u015b\u0107 przyklejania elektrod. Pilot posiada r\u00f3wnie\u017c funkcj\u0119 w\u0142\u0105czania i wy\u0142\u0105czania opcji defibrylacji, co pozwala na realistyczne symulacje ratunkowe. Przed u\u017cyciem nale\u017cy sparowa\u0107 pilot z defibrylatorem \u2013 szczeg\u00f3\u0142owa instrukcja parowania jest dost\u0119pna do pobrania poni\u017cej.<\/p>","protected":false},"excerpt":{"rendered":"<p>Pilot do defibrylatora Samaritan Trainer 350, zasilany bateriami AAA, oferuje pe\u0142n\u0105 kontrol\u0119 nad urz\u0105dzeniem treningowym. Umo\u017cliwia wyb\u00f3r program\u00f3w szkoleniowych, kontrol\u0119 g\u0142o\u015bno\u015bci i zarz\u0105dzanie opcj\u0105 defibrylacji.<\/p>","protected":false},"featured_media":5984,"comment_status":"open","ping_status":"closed","template":"","meta":{"content-type":"","om_disable_all_campaigns":false,"_monsterinsights_skip_tracking":false,"_monsterinsights_sitenote_active":false,"_monsterinsights_sitenote_note":"","_monsterinsights_sitenote_category":0},"product_cat":[98],"product_tag":[],"class_list":{"0":"post-5947","1":"product","2":"type-product","3":"status-publish","4":"has-post-thumbnail","6":"product_cat-akcesoria-do-defibrylatorow","8":"first","9":"instock","10":"shipping-taxable","11":"purchasable","12":"product-type-simple"},"yoast_head":"<!-- This site is optimized with the Yoast SEO plugin v23.8 - https:\/\/yoast.com\/wordpress\/plugins\/seo\/ -->\n<title>Pilot do Samaritan Trainer 350 - sklep.med4life.com.pl<\/title>\n<meta name=\"robots\" content=\"index, follow, max-snippet:-1, max-image-preview:large, max-video-preview:-1\" \/>\n<link rel=\"canonical\" href=\"https:\/\/sklep.med4life.com.pl\/en\/product\/pilot-do-samaritan-trainer-350\/\" \/>\n<meta property=\"og:locale\" content=\"en_US\" \/>\n<meta property=\"og:type\" content=\"article\" \/>\n<meta property=\"og:title\" content=\"Pilot do Samaritan Trainer 350 - sklep.med4life.com.pl\" \/>\n<meta property=\"og:description\" content=\"Pilot do defibrylatora Samaritan Trainer 350, zasilany bateriami AAA, oferuje pe\u0142n\u0105 kontrol\u0119 nad urz\u0105dzeniem treningowym. Umo\u017cliwia wyb\u00f3r program\u00f3w szkoleniowych, kontrol\u0119 g\u0142o\u015bno\u015bci i zarz\u0105dzanie opcj\u0105 defibrylacji.\" \/>\n<meta property=\"og:url\" content=\"https:\/\/sklep.med4life.com.pl\/en\/product\/pilot-do-samaritan-trainer-350\/\" \/>\n<meta property=\"og:site_name\" content=\"sklep.med4life.com.pl\" \/>\n<meta property=\"article:modified_time\" content=\"2024-09-24T14:16:26+00:00\" \/>\n<meta property=\"og:image\" content=\"https:\/\/sklep.med4life.com.pl\/wp-content\/uploads\/2024\/09\/350P_remote_0020_web.jpg\" \/>\n\t<meta property=\"og:image:width\" content=\"370\" \/>\n\t<meta property=\"og:image:height\" content=\"945\" \/>\n\t<meta property=\"og:image:type\" content=\"image\/jpeg\" \/>\n<meta name=\"twitter:card\" content=\"summary_large_image\" \/>\n<meta name=\"twitter:label1\" content=\"Est. reading time\" \/>\n\t<meta name=\"twitter:data1\" content=\"1 minute\" \/>\n<script type=\"application\/ld+json\" class=\"yoast-schema-graph\">{\"@context\":\"https:\/\/schema.org\",\"@graph\":[{\"@type\":\"WebPage\",\"@id\":\"https:\/\/sklep.med4life.com.pl\/product\/pilot-do-samaritan-trainer-350\/\",\"url\":\"https:\/\/sklep.med4life.com.pl\/product\/pilot-do-samaritan-trainer-350\/\",\"name\":\"Pilot do Samaritan Trainer 350 - sklep.med4life.com.pl\",\"isPartOf\":{\"@id\":\"https:\/\/sklep.med4life.com.pl\/#website\"},\"primaryImageOfPage\":{\"@id\":\"https:\/\/sklep.med4life.com.pl\/product\/pilot-do-samaritan-trainer-350\/#primaryimage\"},\"image\":{\"@id\":\"https:\/\/sklep.med4life.com.pl\/product\/pilot-do-samaritan-trainer-350\/#primaryimage\"},\"thumbnailUrl\":\"https:\/\/sklep.med4life.com.pl\/wp-content\/uploads\/2024\/09\/350P_remote_0020_web.jpg\",\"datePublished\":\"2024-09-24T13:44:50+00:00\",\"dateModified\":\"2024-09-24T14:16:26+00:00\",\"breadcrumb\":{\"@id\":\"https:\/\/sklep.med4life.com.pl\/product\/pilot-do-samaritan-trainer-350\/#breadcrumb\"},\"inLanguage\":\"en-US\",\"potentialAction\":[{\"@type\":\"ReadAction\",\"target\":[\"https:\/\/sklep.med4life.com.pl\/product\/pilot-do-samaritan-trainer-350\/\"]}]},{\"@type\":\"ImageObject\",\"inLanguage\":\"en-US\",\"@id\":\"https:\/\/sklep.med4life.com.pl\/product\/pilot-do-samaritan-trainer-350\/#primaryimage\",\"url\":\"https:\/\/sklep.med4life.com.pl\/wp-content\/uploads\/2024\/09\/350P_remote_0020_web.jpg\",\"contentUrl\":\"https:\/\/sklep.med4life.com.pl\/wp-content\/uploads\/2024\/09\/350P_remote_0020_web.jpg\",\"width\":370,\"height\":945},{\"@type\":\"BreadcrumbList\",\"@id\":\"https:\/\/sklep.med4life.com.pl\/product\/pilot-do-samaritan-trainer-350\/#breadcrumb\",\"itemListElement\":[{\"@type\":\"ListItem\",\"position\":1,\"name\":\"Strona g\u0142\u00f3wna\",\"item\":\"https:\/\/sklep.med4life.com.pl\/\"},{\"@type\":\"ListItem\",\"position\":2,\"name\":\"Sklep\",\"item\":\"https:\/\/sklep.med4life.com.pl\/shop\/\"},{\"@type\":\"ListItem\",\"position\":3,\"name\":\"Pilot do Samaritan Trainer 350\"}]},{\"@type\":\"WebSite\",\"@id\":\"https:\/\/sklep.med4life.com.pl\/#website\",\"url\":\"https:\/\/sklep.med4life.com.pl\/\",\"name\":\"sklep.med4life.com.pl\",\"description\":\"\",\"potentialAction\":[{\"@type\":\"SearchAction\",\"target\":{\"@type\":\"EntryPoint\",\"urlTemplate\":\"https:\/\/sklep.med4life.com.pl\/?s={search_term_string}\"},\"query-input\":{\"@type\":\"PropertyValueSpecification\",\"valueRequired\":true,\"valueName\":\"search_term_string\"}}],\"inLanguage\":\"en-US\"}]}<\/script>\n<!-- \/ Yoast SEO plugin. -->","yoast_head_json":{"title":"Pilot do Samaritan Trainer 350 - sklep.med4life.com.pl","robots":{"index":"index","follow":"follow","max-snippet":"max-snippet:-1","max-image-preview":"max-image-preview:large","max-video-preview":"max-video-preview:-1"},"canonical":"https:\/\/sklep.med4life.com.pl\/en\/product\/pilot-do-samaritan-trainer-350\/","og_locale":"en_US","og_type":"article","og_title":"Pilot do Samaritan Trainer 350 - sklep.med4life.com.pl","og_description":"Pilot do defibrylatora Samaritan Trainer 350, zasilany bateriami AAA, oferuje pe\u0142n\u0105 kontrol\u0119 nad urz\u0105dzeniem treningowym. Umo\u017cliwia wyb\u00f3r program\u00f3w szkoleniowych, kontrol\u0119 g\u0142o\u015bno\u015bci i zarz\u0105dzanie opcj\u0105 defibrylacji.","og_url":"https:\/\/sklep.med4life.com.pl\/en\/product\/pilot-do-samaritan-trainer-350\/","og_site_name":"sklep.med4life.com.pl","article_modified_time":"2024-09-24T14:16:26+00:00","og_image":[{"width":370,"height":945,"url":"https:\/\/sklep.med4life.com.pl\/wp-content\/uploads\/2024\/09\/350P_remote_0020_web.jpg","type":"image\/jpeg"}],"twitter_card":"summary_large_image","twitter_misc":{"Est. reading time":"1 minute"},"schema":{"@context":"https:\/\/schema.org","@graph":[{"@type":"WebPage","@id":"https:\/\/sklep.med4life.com.pl\/product\/pilot-do-samaritan-trainer-350\/","url":"https:\/\/sklep.med4life.com.pl\/product\/pilot-do-samaritan-trainer-350\/","name":"Pilot do Samaritan Trainer 350 - sklep.med4life.com.pl","isPartOf":{"@id":"https:\/\/sklep.med4life.com.pl\/#website"},"primaryImageOfPage":{"@id":"https:\/\/sklep.med4life.com.pl\/product\/pilot-do-samaritan-trainer-350\/#primaryimage"},"image":{"@id":"https:\/\/sklep.med4life.com.pl\/product\/pilot-do-samaritan-trainer-350\/#primaryimage"},"thumbnailUrl":"https:\/\/sklep.med4life.com.pl\/wp-content\/uploads\/2024\/09\/350P_remote_0020_web.jpg","datePublished":"2024-09-24T13:44:50+00:00","dateModified":"2024-09-24T14:16:26+00:00","breadcrumb":{"@id":"https:\/\/sklep.med4life.com.pl\/product\/pilot-do-samaritan-trainer-350\/#breadcrumb"},"inLanguage":"en-US","potentialAction":[{"@type":"ReadAction","target":["https:\/\/sklep.med4life.com.pl\/product\/pilot-do-samaritan-trainer-350\/"]}]},{"@type":"ImageObject","inLanguage":"en-US","@id":"https:\/\/sklep.med4life.com.pl\/product\/pilot-do-samaritan-trainer-350\/#primaryimage","url":"https:\/\/sklep.med4life.com.pl\/wp-content\/uploads\/2024\/09\/350P_remote_0020_web.jpg","contentUrl":"https:\/\/sklep.med4life.com.pl\/wp-content\/uploads\/2024\/09\/350P_remote_0020_web.jpg","width":370,"height":945},{"@type":"BreadcrumbList","@id":"https:\/\/sklep.med4life.com.pl\/product\/pilot-do-samaritan-trainer-350\/#breadcrumb","itemListElement":[{"@type":"ListItem","position":1,"name":"Strona g\u0142\u00f3wna","item":"https:\/\/sklep.med4life.com.pl\/"},{"@type":"ListItem","position":2,"name":"Sklep","item":"https:\/\/sklep.med4life.com.pl\/shop\/"},{"@type":"ListItem","position":3,"name":"Pilot do Samaritan Trainer 350"}]},{"@type":"WebSite","@id":"https:\/\/sklep.med4life.com.pl\/#website","url":"https:\/\/sklep.med4life.com.pl\/","name":"sklep.med4life.com.pl","description":"","potentialAction":[{"@type":"SearchAction","target":{"@type":"EntryPoint","urlTemplate":"https:\/\/sklep.med4life.com.pl\/?s={search_term_string}"},"query-input":{"@type":"PropertyValueSpecification","valueRequired":true,"valueName":"search_term_string"}}],"inLanguage":"en-US"}]}},"_links":{"self":[{"href":"https:\/\/sklep.med4life.com.pl\/en\/wp-json\/wp\/v2\/product\/5947","targetHints":{"allow":["GET"]}}],"collection":[{"href":"https:\/\/sklep.med4life.com.pl\/en\/wp-json\/wp\/v2\/product"}],"about":[{"href":"https:\/\/sklep.med4life.com.pl\/en\/wp-json\/wp\/v2\/types\/product"}],"replies":[{"embeddable":true,"href":"https:\/\/sklep.med4life.com.pl\/en\/wp-json\/wp\/v2\/comments?post=5947"}],"wp:featuredmedia":[{"embeddable":true,"href":"https:\/\/sklep.med4life.com.pl\/en\/wp-json\/wp\/v2\/media\/5984"}],"wp:attachment":[{"href":"https:\/\/sklep.med4life.com.pl\/en\/wp-json\/wp\/v2\/media?parent=5947"}],"wp:term":[{"taxonomy":"product_cat","embeddable":true,"href":"https:\/\/sklep.med4life.com.pl\/en\/wp-json\/wp\/v2\/product_cat?post=5947"},{"taxonomy":"product_tag","embeddable":true,"href":"https:\/\/sklep.med4life.com.pl\/en\/wp-json\/wp\/v2\/product_tag?post=5947"}],"curies":[{"name":"wp","href":"https:\/\/api.w.org\/{rel}","templated":true}]}}