{"id":5949,"date":"2024-09-24T15:45:36","date_gmt":"2024-09-24T13:45:36","guid":{"rendered":"https:\/\/sklep.med4life.com.pl\/?post_type=product&#038;p=5949"},"modified":"2024-11-20T16:31:06","modified_gmt":"2024-11-20T15:31:06","slug":"pilot-do-samaritan-trainer-360","status":"publish","type":"product","link":"https:\/\/sklep.med4life.com.pl\/en\/product\/pilot-do-samaritan-trainer-360\/","title":{"rendered":"Pilot do Samaritan Trainer 360"},"content":{"rendered":"<p>Pilot treningowy Samaritan 360 zosta\u0142 zaprojektowany, aby u\u0142atwi\u0107 prowadzenie szkole\u0144 z zakresu pierwszej pomocy przy u\u017cyciu defibrylator\u00f3w Samaritan. Dzi\u0119ki intuicyjnemu uk\u0142adowi przycisk\u00f3w, u\u017cytkownicy mog\u0105 z \u0142atwo\u015bci\u0105 wybiera\u0107 r\u00f3\u017cne scenariusze awaryjne, symuluj\u0105c realistyczne sytuacje ratunkowe. Pilot ten pozwala instruktorom na pe\u0142n\u0105 kontrol\u0119 nad procesem treningowym, umo\u017cliwiaj\u0105c wielokrotne \u0107wiczenia w bezpiecznym \u015brodowisku, bez ryzyka wstrz\u0105su. Niezb\u0119dny element ka\u017cdego profesjonalnego kursu pierwszej pomocy.<\/p>","protected":false},"excerpt":{"rendered":"<p>Pilot treningowy Samaritan Trainer 360, kompatybilny z defibrylatorami Samaritan, umo\u017cliwia wygodne zarz\u0105dzanie scenariuszami szkoleniowymi. Idealny do symulacji r\u00f3\u017cnych sytuacji awaryjnych podczas sesji treningowych.<\/p>","protected":false},"featured_media":5964,"comment_status":"open","ping_status":"closed","template":"","meta":{"content-type":"","om_disable_all_campaigns":false,"_monsterinsights_skip_tracking":false,"_monsterinsights_sitenote_active":false,"_monsterinsights_sitenote_note":"","_monsterinsights_sitenote_category":0},"product_cat":[98],"product_tag":[],"class_list":{"0":"post-5949","1":"product","2":"type-product","3":"status-publish","4":"has-post-thumbnail","6":"product_cat-akcesoria-do-defibrylatorow","8":"first","9":"instock","10":"shipping-taxable","11":"purchasable","12":"product-type-simple"},"yoast_head":"<!-- This site is optimized with the Yoast SEO plugin v23.8 - https:\/\/yoast.com\/wordpress\/plugins\/seo\/ -->\n<title>Pilot do Samaritan Trainer 360 - sklep.med4life.com.pl<\/title>\n<meta name=\"robots\" content=\"index, follow, max-snippet:-1, max-image-preview:large, max-video-preview:-1\" \/>\n<link rel=\"canonical\" href=\"https:\/\/sklep.med4life.com.pl\/en\/product\/pilot-do-samaritan-trainer-360\/\" \/>\n<meta property=\"og:locale\" content=\"en_US\" \/>\n<meta property=\"og:type\" content=\"article\" \/>\n<meta property=\"og:title\" content=\"Pilot do Samaritan Trainer 360 - sklep.med4life.com.pl\" \/>\n<meta property=\"og:description\" content=\"Pilot treningowy Samaritan Trainer 360, kompatybilny z defibrylatorami Samaritan, umo\u017cliwia wygodne zarz\u0105dzanie scenariuszami szkoleniowymi. Idealny do symulacji r\u00f3\u017cnych sytuacji awaryjnych podczas sesji treningowych.\" \/>\n<meta property=\"og:url\" content=\"https:\/\/sklep.med4life.com.pl\/en\/product\/pilot-do-samaritan-trainer-360\/\" \/>\n<meta property=\"og:site_name\" content=\"sklep.med4life.com.pl\" \/>\n<meta property=\"article:modified_time\" content=\"2024-11-20T15:31:06+00:00\" \/>\n<meta property=\"og:image\" content=\"https:\/\/sklep.med4life.com.pl\/wp-content\/uploads\/2024\/09\/PILOT_350.jpg\" \/>\n\t<meta property=\"og:image:width\" content=\"214\" \/>\n\t<meta property=\"og:image:height\" content=\"214\" \/>\n\t<meta property=\"og:image:type\" content=\"image\/jpeg\" \/>\n<meta name=\"twitter:card\" content=\"summary_large_image\" \/>\n<meta name=\"twitter:label1\" content=\"Est. reading time\" \/>\n\t<meta name=\"twitter:data1\" content=\"1 minute\" \/>\n<script type=\"application\/ld+json\" class=\"yoast-schema-graph\">{\"@context\":\"https:\/\/schema.org\",\"@graph\":[{\"@type\":\"WebPage\",\"@id\":\"https:\/\/sklep.med4life.com.pl\/product\/pilot-do-samaritan-trainer-360\/\",\"url\":\"https:\/\/sklep.med4life.com.pl\/product\/pilot-do-samaritan-trainer-360\/\",\"name\":\"Pilot do Samaritan Trainer 360 - sklep.med4life.com.pl\",\"isPartOf\":{\"@id\":\"https:\/\/sklep.med4life.com.pl\/#website\"},\"primaryImageOfPage\":{\"@id\":\"https:\/\/sklep.med4life.com.pl\/product\/pilot-do-samaritan-trainer-360\/#primaryimage\"},\"image\":{\"@id\":\"https:\/\/sklep.med4life.com.pl\/product\/pilot-do-samaritan-trainer-360\/#primaryimage\"},\"thumbnailUrl\":\"https:\/\/sklep.med4life.com.pl\/wp-content\/uploads\/2024\/09\/PILOT_350.jpg\",\"datePublished\":\"2024-09-24T13:45:36+00:00\",\"dateModified\":\"2024-11-20T15:31:06+00:00\",\"breadcrumb\":{\"@id\":\"https:\/\/sklep.med4life.com.pl\/product\/pilot-do-samaritan-trainer-360\/#breadcrumb\"},\"inLanguage\":\"en-US\",\"potentialAction\":[{\"@type\":\"ReadAction\",\"target\":[\"https:\/\/sklep.med4life.com.pl\/product\/pilot-do-samaritan-trainer-360\/\"]}]},{\"@type\":\"ImageObject\",\"inLanguage\":\"en-US\",\"@id\":\"https:\/\/sklep.med4life.com.pl\/product\/pilot-do-samaritan-trainer-360\/#primaryimage\",\"url\":\"https:\/\/sklep.med4life.com.pl\/wp-content\/uploads\/2024\/09\/PILOT_350.jpg\",\"contentUrl\":\"https:\/\/sklep.med4life.com.pl\/wp-content\/uploads\/2024\/09\/PILOT_350.jpg\",\"width\":214,\"height\":214},{\"@type\":\"BreadcrumbList\",\"@id\":\"https:\/\/sklep.med4life.com.pl\/product\/pilot-do-samaritan-trainer-360\/#breadcrumb\",\"itemListElement\":[{\"@type\":\"ListItem\",\"position\":1,\"name\":\"Strona g\u0142\u00f3wna\",\"item\":\"https:\/\/sklep.med4life.com.pl\/\"},{\"@type\":\"ListItem\",\"position\":2,\"name\":\"Sklep\",\"item\":\"https:\/\/sklep.med4life.com.pl\/shop\/\"},{\"@type\":\"ListItem\",\"position\":3,\"name\":\"Pilot do Samaritan Trainer 360\"}]},{\"@type\":\"WebSite\",\"@id\":\"https:\/\/sklep.med4life.com.pl\/#website\",\"url\":\"https:\/\/sklep.med4life.com.pl\/\",\"name\":\"sklep.med4life.com.pl\",\"description\":\"\",\"potentialAction\":[{\"@type\":\"SearchAction\",\"target\":{\"@type\":\"EntryPoint\",\"urlTemplate\":\"https:\/\/sklep.med4life.com.pl\/?s={search_term_string}\"},\"query-input\":{\"@type\":\"PropertyValueSpecification\",\"valueRequired\":true,\"valueName\":\"search_term_string\"}}],\"inLanguage\":\"en-US\"}]}<\/script>\n<!-- \/ Yoast SEO plugin. -->","yoast_head_json":{"title":"Pilot do Samaritan Trainer 360 - sklep.med4life.com.pl","robots":{"index":"index","follow":"follow","max-snippet":"max-snippet:-1","max-image-preview":"max-image-preview:large","max-video-preview":"max-video-preview:-1"},"canonical":"https:\/\/sklep.med4life.com.pl\/en\/product\/pilot-do-samaritan-trainer-360\/","og_locale":"en_US","og_type":"article","og_title":"Pilot do Samaritan Trainer 360 - sklep.med4life.com.pl","og_description":"Pilot treningowy Samaritan Trainer 360, kompatybilny z defibrylatorami Samaritan, umo\u017cliwia wygodne zarz\u0105dzanie scenariuszami szkoleniowymi. Idealny do symulacji r\u00f3\u017cnych sytuacji awaryjnych podczas sesji treningowych.","og_url":"https:\/\/sklep.med4life.com.pl\/en\/product\/pilot-do-samaritan-trainer-360\/","og_site_name":"sklep.med4life.com.pl","article_modified_time":"2024-11-20T15:31:06+00:00","og_image":[{"width":214,"height":214,"url":"https:\/\/sklep.med4life.com.pl\/wp-content\/uploads\/2024\/09\/PILOT_350.jpg","type":"image\/jpeg"}],"twitter_card":"summary_large_image","twitter_misc":{"Est. reading time":"1 minute"},"schema":{"@context":"https:\/\/schema.org","@graph":[{"@type":"WebPage","@id":"https:\/\/sklep.med4life.com.pl\/product\/pilot-do-samaritan-trainer-360\/","url":"https:\/\/sklep.med4life.com.pl\/product\/pilot-do-samaritan-trainer-360\/","name":"Pilot do Samaritan Trainer 360 - sklep.med4life.com.pl","isPartOf":{"@id":"https:\/\/sklep.med4life.com.pl\/#website"},"primaryImageOfPage":{"@id":"https:\/\/sklep.med4life.com.pl\/product\/pilot-do-samaritan-trainer-360\/#primaryimage"},"image":{"@id":"https:\/\/sklep.med4life.com.pl\/product\/pilot-do-samaritan-trainer-360\/#primaryimage"},"thumbnailUrl":"https:\/\/sklep.med4life.com.pl\/wp-content\/uploads\/2024\/09\/PILOT_350.jpg","datePublished":"2024-09-24T13:45:36+00:00","dateModified":"2024-11-20T15:31:06+00:00","breadcrumb":{"@id":"https:\/\/sklep.med4life.com.pl\/product\/pilot-do-samaritan-trainer-360\/#breadcrumb"},"inLanguage":"en-US","potentialAction":[{"@type":"ReadAction","target":["https:\/\/sklep.med4life.com.pl\/product\/pilot-do-samaritan-trainer-360\/"]}]},{"@type":"ImageObject","inLanguage":"en-US","@id":"https:\/\/sklep.med4life.com.pl\/product\/pilot-do-samaritan-trainer-360\/#primaryimage","url":"https:\/\/sklep.med4life.com.pl\/wp-content\/uploads\/2024\/09\/PILOT_350.jpg","contentUrl":"https:\/\/sklep.med4life.com.pl\/wp-content\/uploads\/2024\/09\/PILOT_350.jpg","width":214,"height":214},{"@type":"BreadcrumbList","@id":"https:\/\/sklep.med4life.com.pl\/product\/pilot-do-samaritan-trainer-360\/#breadcrumb","itemListElement":[{"@type":"ListItem","position":1,"name":"Strona g\u0142\u00f3wna","item":"https:\/\/sklep.med4life.com.pl\/"},{"@type":"ListItem","position":2,"name":"Sklep","item":"https:\/\/sklep.med4life.com.pl\/shop\/"},{"@type":"ListItem","position":3,"name":"Pilot do Samaritan Trainer 360"}]},{"@type":"WebSite","@id":"https:\/\/sklep.med4life.com.pl\/#website","url":"https:\/\/sklep.med4life.com.pl\/","name":"sklep.med4life.com.pl","description":"","potentialAction":[{"@type":"SearchAction","target":{"@type":"EntryPoint","urlTemplate":"https:\/\/sklep.med4life.com.pl\/?s={search_term_string}"},"query-input":{"@type":"PropertyValueSpecification","valueRequired":true,"valueName":"search_term_string"}}],"inLanguage":"en-US"}]}},"_links":{"self":[{"href":"https:\/\/sklep.med4life.com.pl\/en\/wp-json\/wp\/v2\/product\/5949","targetHints":{"allow":["GET"]}}],"collection":[{"href":"https:\/\/sklep.med4life.com.pl\/en\/wp-json\/wp\/v2\/product"}],"about":[{"href":"https:\/\/sklep.med4life.com.pl\/en\/wp-json\/wp\/v2\/types\/product"}],"replies":[{"embeddable":true,"href":"https:\/\/sklep.med4life.com.pl\/en\/wp-json\/wp\/v2\/comments?post=5949"}],"wp:featuredmedia":[{"embeddable":true,"href":"https:\/\/sklep.med4life.com.pl\/en\/wp-json\/wp\/v2\/media\/5964"}],"wp:attachment":[{"href":"https:\/\/sklep.med4life.com.pl\/en\/wp-json\/wp\/v2\/media?parent=5949"}],"wp:term":[{"taxonomy":"product_cat","embeddable":true,"href":"https:\/\/sklep.med4life.com.pl\/en\/wp-json\/wp\/v2\/product_cat?post=5949"},{"taxonomy":"product_tag","embeddable":true,"href":"https:\/\/sklep.med4life.com.pl\/en\/wp-json\/wp\/v2\/product_tag?post=5949"}],"curies":[{"name":"wp","href":"https:\/\/api.w.org\/{rel}","templated":true}]}}