{"id":5950,"date":"2024-09-24T15:46:33","date_gmt":"2024-09-24T13:46:33","guid":{"rendered":"https:\/\/sklep.med4life.com.pl\/?post_type=product&#038;p=5950"},"modified":"2024-09-24T16:16:05","modified_gmt":"2024-09-24T14:16:05","slug":"pilot-do-samaritan-trainer-500","status":"publish","type":"product","link":"https:\/\/sklep.med4life.com.pl\/en\/product\/pilot-do-samaritan-trainer-500\/","title":{"rendered":"Pilot do Samaritan Trainer 500"},"content":{"rendered":"<p>Pilot przeznaczony do obs\u0142ugi defibrylatora Samaritan Trainer 500, zasilany dwoma bateriami AAA, pozwala na \u0142atwe zarz\u0105dzanie wszystkimi funkcjami urz\u0105dzenia. Umo\u017cliwia sterowanie doradc\u0105 RKO, wyb\u00f3r program\u00f3w szkoleniowych, kontrol\u0119 g\u0142o\u015bno\u015bci, a tak\u017ce monitorowanie przyklejania elektrod. Pilot posiada r\u00f3wnie\u017c funkcj\u0119 w\u0142\u0105czania i wy\u0142\u0105czania opcji defibrylacji, co czyni go niezb\u0119dnym narz\u0119dziem podczas ka\u017cdego szkolenia. Przed uruchomieniem defibrylatora konieczne jest sparowanie pilota z urz\u0105dzeniem \u2013 instrukcja parowania dost\u0119pna jest do pobrania poni\u017cej.<\/p>","protected":false},"excerpt":{"rendered":"<p>Pilot do defibrylatora Samaritan Trainer 500, zasilany bateriami AAA, umo\u017cliwia pe\u0142n\u0105 kontrol\u0119 nad urz\u0105dzeniem treningowym. Obs\u0142uguje funkcje doradcy RKO, wyb\u00f3r program\u00f3w szkoleniowych oraz kontrol\u0119 g\u0142o\u015bno\u015bci i elektrod.<\/p>","protected":false},"featured_media":5986,"comment_status":"open","ping_status":"closed","template":"","meta":{"content-type":"","om_disable_all_campaigns":false,"_monsterinsights_skip_tracking":false,"_monsterinsights_sitenote_active":false,"_monsterinsights_sitenote_note":"","_monsterinsights_sitenote_category":0},"product_cat":[98],"product_tag":[],"class_list":{"0":"post-5950","1":"product","2":"type-product","3":"status-publish","4":"has-post-thumbnail","6":"product_cat-akcesoria-do-defibrylatorow","8":"first","9":"instock","10":"shipping-taxable","11":"purchasable","12":"product-type-simple"},"yoast_head":"<!-- This site is optimized with the Yoast SEO plugin v23.8 - https:\/\/yoast.com\/wordpress\/plugins\/seo\/ -->\n<title>Pilot do Samaritan Trainer 500 - sklep.med4life.com.pl<\/title>\n<meta name=\"robots\" content=\"index, follow, max-snippet:-1, max-image-preview:large, max-video-preview:-1\" \/>\n<link rel=\"canonical\" href=\"https:\/\/sklep.med4life.com.pl\/en\/product\/pilot-do-samaritan-trainer-500\/\" \/>\n<meta property=\"og:locale\" content=\"en_US\" \/>\n<meta property=\"og:type\" content=\"article\" \/>\n<meta property=\"og:title\" content=\"Pilot do Samaritan Trainer 500 - sklep.med4life.com.pl\" \/>\n<meta property=\"og:description\" content=\"Pilot do defibrylatora Samaritan Trainer 500, zasilany bateriami AAA, umo\u017cliwia pe\u0142n\u0105 kontrol\u0119 nad urz\u0105dzeniem treningowym. Obs\u0142uguje funkcje doradcy RKO, wyb\u00f3r program\u00f3w szkoleniowych oraz kontrol\u0119 g\u0142o\u015bno\u015bci i elektrod.\" \/>\n<meta property=\"og:url\" content=\"https:\/\/sklep.med4life.com.pl\/en\/product\/pilot-do-samaritan-trainer-500\/\" \/>\n<meta property=\"og:site_name\" content=\"sklep.med4life.com.pl\" \/>\n<meta property=\"article:modified_time\" content=\"2024-09-24T14:16:05+00:00\" \/>\n<meta property=\"og:image\" content=\"https:\/\/sklep.med4life.com.pl\/wp-content\/uploads\/2024\/09\/500P_remote_0021.gif\" \/>\n\t<meta property=\"og:image:width\" content=\"379\" \/>\n\t<meta property=\"og:image:height\" content=\"960\" \/>\n\t<meta property=\"og:image:type\" content=\"image\/gif\" \/>\n<meta name=\"twitter:card\" content=\"summary_large_image\" \/>\n<meta name=\"twitter:label1\" content=\"Est. reading time\" \/>\n\t<meta name=\"twitter:data1\" content=\"1 minute\" \/>\n<script type=\"application\/ld+json\" class=\"yoast-schema-graph\">{\"@context\":\"https:\/\/schema.org\",\"@graph\":[{\"@type\":\"WebPage\",\"@id\":\"https:\/\/sklep.med4life.com.pl\/product\/pilot-do-samaritan-trainer-500\/\",\"url\":\"https:\/\/sklep.med4life.com.pl\/product\/pilot-do-samaritan-trainer-500\/\",\"name\":\"Pilot do Samaritan Trainer 500 - sklep.med4life.com.pl\",\"isPartOf\":{\"@id\":\"https:\/\/sklep.med4life.com.pl\/#website\"},\"primaryImageOfPage\":{\"@id\":\"https:\/\/sklep.med4life.com.pl\/product\/pilot-do-samaritan-trainer-500\/#primaryimage\"},\"image\":{\"@id\":\"https:\/\/sklep.med4life.com.pl\/product\/pilot-do-samaritan-trainer-500\/#primaryimage\"},\"thumbnailUrl\":\"https:\/\/sklep.med4life.com.pl\/wp-content\/uploads\/2024\/09\/500P_remote_0021.gif\",\"datePublished\":\"2024-09-24T13:46:33+00:00\",\"dateModified\":\"2024-09-24T14:16:05+00:00\",\"breadcrumb\":{\"@id\":\"https:\/\/sklep.med4life.com.pl\/product\/pilot-do-samaritan-trainer-500\/#breadcrumb\"},\"inLanguage\":\"en-US\",\"potentialAction\":[{\"@type\":\"ReadAction\",\"target\":[\"https:\/\/sklep.med4life.com.pl\/product\/pilot-do-samaritan-trainer-500\/\"]}]},{\"@type\":\"ImageObject\",\"inLanguage\":\"en-US\",\"@id\":\"https:\/\/sklep.med4life.com.pl\/product\/pilot-do-samaritan-trainer-500\/#primaryimage\",\"url\":\"https:\/\/sklep.med4life.com.pl\/wp-content\/uploads\/2024\/09\/500P_remote_0021.gif\",\"contentUrl\":\"https:\/\/sklep.med4life.com.pl\/wp-content\/uploads\/2024\/09\/500P_remote_0021.gif\",\"width\":379,\"height\":960},{\"@type\":\"BreadcrumbList\",\"@id\":\"https:\/\/sklep.med4life.com.pl\/product\/pilot-do-samaritan-trainer-500\/#breadcrumb\",\"itemListElement\":[{\"@type\":\"ListItem\",\"position\":1,\"name\":\"Strona g\u0142\u00f3wna\",\"item\":\"https:\/\/sklep.med4life.com.pl\/\"},{\"@type\":\"ListItem\",\"position\":2,\"name\":\"Sklep\",\"item\":\"https:\/\/sklep.med4life.com.pl\/shop\/\"},{\"@type\":\"ListItem\",\"position\":3,\"name\":\"Pilot do Samaritan Trainer 500\"}]},{\"@type\":\"WebSite\",\"@id\":\"https:\/\/sklep.med4life.com.pl\/#website\",\"url\":\"https:\/\/sklep.med4life.com.pl\/\",\"name\":\"sklep.med4life.com.pl\",\"description\":\"\",\"potentialAction\":[{\"@type\":\"SearchAction\",\"target\":{\"@type\":\"EntryPoint\",\"urlTemplate\":\"https:\/\/sklep.med4life.com.pl\/?s={search_term_string}\"},\"query-input\":{\"@type\":\"PropertyValueSpecification\",\"valueRequired\":true,\"valueName\":\"search_term_string\"}}],\"inLanguage\":\"en-US\"}]}<\/script>\n<!-- \/ Yoast SEO plugin. -->","yoast_head_json":{"title":"Pilot do Samaritan Trainer 500 - sklep.med4life.com.pl","robots":{"index":"index","follow":"follow","max-snippet":"max-snippet:-1","max-image-preview":"max-image-preview:large","max-video-preview":"max-video-preview:-1"},"canonical":"https:\/\/sklep.med4life.com.pl\/en\/product\/pilot-do-samaritan-trainer-500\/","og_locale":"en_US","og_type":"article","og_title":"Pilot do Samaritan Trainer 500 - sklep.med4life.com.pl","og_description":"Pilot do defibrylatora Samaritan Trainer 500, zasilany bateriami AAA, umo\u017cliwia pe\u0142n\u0105 kontrol\u0119 nad urz\u0105dzeniem treningowym. Obs\u0142uguje funkcje doradcy RKO, wyb\u00f3r program\u00f3w szkoleniowych oraz kontrol\u0119 g\u0142o\u015bno\u015bci i elektrod.","og_url":"https:\/\/sklep.med4life.com.pl\/en\/product\/pilot-do-samaritan-trainer-500\/","og_site_name":"sklep.med4life.com.pl","article_modified_time":"2024-09-24T14:16:05+00:00","og_image":[{"width":379,"height":960,"url":"https:\/\/sklep.med4life.com.pl\/wp-content\/uploads\/2024\/09\/500P_remote_0021.gif","type":"image\/gif"}],"twitter_card":"summary_large_image","twitter_misc":{"Est. reading time":"1 minute"},"schema":{"@context":"https:\/\/schema.org","@graph":[{"@type":"WebPage","@id":"https:\/\/sklep.med4life.com.pl\/product\/pilot-do-samaritan-trainer-500\/","url":"https:\/\/sklep.med4life.com.pl\/product\/pilot-do-samaritan-trainer-500\/","name":"Pilot do Samaritan Trainer 500 - sklep.med4life.com.pl","isPartOf":{"@id":"https:\/\/sklep.med4life.com.pl\/#website"},"primaryImageOfPage":{"@id":"https:\/\/sklep.med4life.com.pl\/product\/pilot-do-samaritan-trainer-500\/#primaryimage"},"image":{"@id":"https:\/\/sklep.med4life.com.pl\/product\/pilot-do-samaritan-trainer-500\/#primaryimage"},"thumbnailUrl":"https:\/\/sklep.med4life.com.pl\/wp-content\/uploads\/2024\/09\/500P_remote_0021.gif","datePublished":"2024-09-24T13:46:33+00:00","dateModified":"2024-09-24T14:16:05+00:00","breadcrumb":{"@id":"https:\/\/sklep.med4life.com.pl\/product\/pilot-do-samaritan-trainer-500\/#breadcrumb"},"inLanguage":"en-US","potentialAction":[{"@type":"ReadAction","target":["https:\/\/sklep.med4life.com.pl\/product\/pilot-do-samaritan-trainer-500\/"]}]},{"@type":"ImageObject","inLanguage":"en-US","@id":"https:\/\/sklep.med4life.com.pl\/product\/pilot-do-samaritan-trainer-500\/#primaryimage","url":"https:\/\/sklep.med4life.com.pl\/wp-content\/uploads\/2024\/09\/500P_remote_0021.gif","contentUrl":"https:\/\/sklep.med4life.com.pl\/wp-content\/uploads\/2024\/09\/500P_remote_0021.gif","width":379,"height":960},{"@type":"BreadcrumbList","@id":"https:\/\/sklep.med4life.com.pl\/product\/pilot-do-samaritan-trainer-500\/#breadcrumb","itemListElement":[{"@type":"ListItem","position":1,"name":"Strona g\u0142\u00f3wna","item":"https:\/\/sklep.med4life.com.pl\/"},{"@type":"ListItem","position":2,"name":"Sklep","item":"https:\/\/sklep.med4life.com.pl\/shop\/"},{"@type":"ListItem","position":3,"name":"Pilot do Samaritan Trainer 500"}]},{"@type":"WebSite","@id":"https:\/\/sklep.med4life.com.pl\/#website","url":"https:\/\/sklep.med4life.com.pl\/","name":"sklep.med4life.com.pl","description":"","potentialAction":[{"@type":"SearchAction","target":{"@type":"EntryPoint","urlTemplate":"https:\/\/sklep.med4life.com.pl\/?s={search_term_string}"},"query-input":{"@type":"PropertyValueSpecification","valueRequired":true,"valueName":"search_term_string"}}],"inLanguage":"en-US"}]}},"_links":{"self":[{"href":"https:\/\/sklep.med4life.com.pl\/en\/wp-json\/wp\/v2\/product\/5950","targetHints":{"allow":["GET"]}}],"collection":[{"href":"https:\/\/sklep.med4life.com.pl\/en\/wp-json\/wp\/v2\/product"}],"about":[{"href":"https:\/\/sklep.med4life.com.pl\/en\/wp-json\/wp\/v2\/types\/product"}],"replies":[{"embeddable":true,"href":"https:\/\/sklep.med4life.com.pl\/en\/wp-json\/wp\/v2\/comments?post=5950"}],"wp:featuredmedia":[{"embeddable":true,"href":"https:\/\/sklep.med4life.com.pl\/en\/wp-json\/wp\/v2\/media\/5986"}],"wp:attachment":[{"href":"https:\/\/sklep.med4life.com.pl\/en\/wp-json\/wp\/v2\/media?parent=5950"}],"wp:term":[{"taxonomy":"product_cat","embeddable":true,"href":"https:\/\/sklep.med4life.com.pl\/en\/wp-json\/wp\/v2\/product_cat?post=5950"},{"taxonomy":"product_tag","embeddable":true,"href":"https:\/\/sklep.med4life.com.pl\/en\/wp-json\/wp\/v2\/product_tag?post=5950"}],"curies":[{"name":"wp","href":"https:\/\/api.w.org\/{rel}","templated":true}]}}