{"id":5954,"date":"2024-09-24T15:48:41","date_gmt":"2024-09-24T13:48:41","guid":{"rendered":"https:\/\/sklep.med4life.com.pl\/?post_type=product&#038;p=5954"},"modified":"2026-01-12T16:00:49","modified_gmt":"2026-01-12T15:00:49","slug":"defibrylator-treningowy-samaritan-trainer-350","status":"publish","type":"product","link":"https:\/\/sklep.med4life.com.pl\/en\/product\/defibrylator-treningowy-samaritan-trainer-350\/","title":{"rendered":"Defibrylator treningowy Samaritan Trainer 350"},"content":{"rendered":"<p>Samaritan Trainer 350 to p\u00f3\u0142automatyczny defibrylator szkoleniowy, kt\u00f3ry zapewnia realistyczne symulacje proces\u00f3w ratunkowych. Jego obs\u0142uga jest niezwykle prosta, co sprawia, \u017ce jest idealnym rozwi\u0105zaniem do szkole\u0144 dla ka\u017cdego, od profesjonalnych ratownik\u00f3w medycznych po osoby bez wcze\u015bniejszego do\u015bwiadczenia w ratownictwie. Zdalne sterowanie prowadzi u\u017cytkownik\u00f3w przez ca\u0142y symulowany proces, od analizy rytmu serca, poprzez symulacj\u0119 impulsu defibrylacyjnego, a\u017c po procedur\u0119 resuscytacji kr\u0105\u017ceniowo-oddechowej. Dodatkowo, urz\u0105dzenie wyposa\u017cono w tryb pediatryczny oraz mo\u017cliwo\u015b\u0107 symulacji sze\u015bciu scenariuszy awaryjnych, co pozwala na dostosowanie poziomu trudno\u015bci do umiej\u0119tno\u015bci uczestnik\u00f3w szkolenia. Samaritan Trainer 350 to niezast\u0105pione narz\u0119dzie w szkoleniach z zakresu pierwszej pomocy i obs\u0142ugi defibrylator\u00f3w AED.<\/p>","protected":false},"excerpt":{"rendered":"<p>Niezwykle prosty w obs\u0142udze defibrylator p\u00f3\u0142automatyczny Samaritan Trainer 350 to doskona\u0142e narz\u0119dzie szkoleniowe, wiernie odwzorowuj\u0105ce dzia\u0142anie klasycznego AED Samaritan PAD 350P. Wyposa\u017cony w tryb pediatryczny oraz mo\u017cliwo\u015b\u0107 symulacji sze\u015bciu r\u00f3\u017cnych scenariuszy, idealnie sprawdzi si\u0119 zar\u00f3wno dla profesjonalnych ratownik\u00f3w, jak i os\u00f3b bez wcze\u015bniejszego przygotowania.<\/p>","protected":false},"featured_media":5989,"comment_status":"open","ping_status":"closed","template":"","meta":{"content-type":"","om_disable_all_campaigns":false,"_monsterinsights_skip_tracking":false,"_monsterinsights_sitenote_active":false,"_monsterinsights_sitenote_note":"","_monsterinsights_sitenote_category":0},"product_cat":[92],"product_tag":[],"class_list":{"0":"post-5954","1":"product","2":"type-product","3":"status-publish","4":"has-post-thumbnail","6":"product_cat-defibrylatory-treningowe","8":"first","9":"instock","10":"shipping-taxable","11":"purchasable","12":"product-type-simple"},"yoast_head":"<!-- This site is optimized with the Yoast SEO plugin v23.8 - https:\/\/yoast.com\/wordpress\/plugins\/seo\/ -->\n<title>Defibrylator treningowy Samaritan Trainer 350 - sklep.med4life.com.pl<\/title>\n<meta name=\"robots\" content=\"index, follow, max-snippet:-1, max-image-preview:large, max-video-preview:-1\" \/>\n<link rel=\"canonical\" href=\"https:\/\/sklep.med4life.com.pl\/en\/product\/defibrylator-treningowy-samaritan-trainer-350\/\" \/>\n<meta property=\"og:locale\" content=\"en_US\" \/>\n<meta property=\"og:type\" content=\"article\" \/>\n<meta property=\"og:title\" content=\"Defibrylator treningowy Samaritan Trainer 350 - sklep.med4life.com.pl\" \/>\n<meta property=\"og:description\" content=\"Niezwykle prosty w obs\u0142udze defibrylator p\u00f3\u0142automatyczny Samaritan Trainer 350 to doskona\u0142e narz\u0119dzie szkoleniowe, wiernie odwzorowuj\u0105ce dzia\u0142anie klasycznego AED Samaritan PAD 350P. Wyposa\u017cony w tryb pediatryczny oraz mo\u017cliwo\u015b\u0107 symulacji sze\u015bciu r\u00f3\u017cnych scenariuszy, idealnie sprawdzi si\u0119 zar\u00f3wno dla profesjonalnych ratownik\u00f3w, jak i os\u00f3b bez wcze\u015bniejszego przygotowania.\" \/>\n<meta property=\"og:url\" content=\"https:\/\/sklep.med4life.com.pl\/en\/product\/defibrylator-treningowy-samaritan-trainer-350\/\" \/>\n<meta property=\"og:site_name\" content=\"sklep.med4life.com.pl\" \/>\n<meta property=\"article:modified_time\" content=\"2026-01-12T15:00:49+00:00\" \/>\n<meta property=\"og:image\" content=\"https:\/\/sklep.med4life.com.pl\/wp-content\/uploads\/2024\/09\/350P_trainer_on_web.jpg\" \/>\n\t<meta property=\"og:image:width\" content=\"960\" \/>\n\t<meta property=\"og:image:height\" content=\"990\" \/>\n\t<meta property=\"og:image:type\" content=\"image\/jpeg\" \/>\n<meta name=\"twitter:card\" content=\"summary_large_image\" \/>\n<meta name=\"twitter:label1\" content=\"Est. reading time\" \/>\n\t<meta name=\"twitter:data1\" content=\"1 minute\" \/>\n<script type=\"application\/ld+json\" class=\"yoast-schema-graph\">{\"@context\":\"https:\/\/schema.org\",\"@graph\":[{\"@type\":\"WebPage\",\"@id\":\"https:\/\/sklep.med4life.com.pl\/product\/defibrylator-treningowy-samaritan-trainer-350\/\",\"url\":\"https:\/\/sklep.med4life.com.pl\/product\/defibrylator-treningowy-samaritan-trainer-350\/\",\"name\":\"Defibrylator treningowy Samaritan Trainer 350 - sklep.med4life.com.pl\",\"isPartOf\":{\"@id\":\"https:\/\/sklep.med4life.com.pl\/#website\"},\"primaryImageOfPage\":{\"@id\":\"https:\/\/sklep.med4life.com.pl\/product\/defibrylator-treningowy-samaritan-trainer-350\/#primaryimage\"},\"image\":{\"@id\":\"https:\/\/sklep.med4life.com.pl\/product\/defibrylator-treningowy-samaritan-trainer-350\/#primaryimage\"},\"thumbnailUrl\":\"https:\/\/sklep.med4life.com.pl\/wp-content\/uploads\/2024\/09\/350P_trainer_on_web.jpg\",\"datePublished\":\"2024-09-24T13:48:41+00:00\",\"dateModified\":\"2026-01-12T15:00:49+00:00\",\"breadcrumb\":{\"@id\":\"https:\/\/sklep.med4life.com.pl\/product\/defibrylator-treningowy-samaritan-trainer-350\/#breadcrumb\"},\"inLanguage\":\"en-US\",\"potentialAction\":[{\"@type\":\"ReadAction\",\"target\":[\"https:\/\/sklep.med4life.com.pl\/product\/defibrylator-treningowy-samaritan-trainer-350\/\"]}]},{\"@type\":\"ImageObject\",\"inLanguage\":\"en-US\",\"@id\":\"https:\/\/sklep.med4life.com.pl\/product\/defibrylator-treningowy-samaritan-trainer-350\/#primaryimage\",\"url\":\"https:\/\/sklep.med4life.com.pl\/wp-content\/uploads\/2024\/09\/350P_trainer_on_web.jpg\",\"contentUrl\":\"https:\/\/sklep.med4life.com.pl\/wp-content\/uploads\/2024\/09\/350P_trainer_on_web.jpg\",\"width\":960,\"height\":990},{\"@type\":\"BreadcrumbList\",\"@id\":\"https:\/\/sklep.med4life.com.pl\/product\/defibrylator-treningowy-samaritan-trainer-350\/#breadcrumb\",\"itemListElement\":[{\"@type\":\"ListItem\",\"position\":1,\"name\":\"Strona g\u0142\u00f3wna\",\"item\":\"https:\/\/sklep.med4life.com.pl\/\"},{\"@type\":\"ListItem\",\"position\":2,\"name\":\"Sklep\",\"item\":\"https:\/\/sklep.med4life.com.pl\/shop\/\"},{\"@type\":\"ListItem\",\"position\":3,\"name\":\"Defibrylator treningowy Samaritan Trainer 350\"}]},{\"@type\":\"WebSite\",\"@id\":\"https:\/\/sklep.med4life.com.pl\/#website\",\"url\":\"https:\/\/sklep.med4life.com.pl\/\",\"name\":\"sklep.med4life.com.pl\",\"description\":\"\",\"potentialAction\":[{\"@type\":\"SearchAction\",\"target\":{\"@type\":\"EntryPoint\",\"urlTemplate\":\"https:\/\/sklep.med4life.com.pl\/?s={search_term_string}\"},\"query-input\":{\"@type\":\"PropertyValueSpecification\",\"valueRequired\":true,\"valueName\":\"search_term_string\"}}],\"inLanguage\":\"en-US\"}]}<\/script>\n<!-- \/ Yoast SEO plugin. -->","yoast_head_json":{"title":"Defibrylator treningowy Samaritan Trainer 350 - sklep.med4life.com.pl","robots":{"index":"index","follow":"follow","max-snippet":"max-snippet:-1","max-image-preview":"max-image-preview:large","max-video-preview":"max-video-preview:-1"},"canonical":"https:\/\/sklep.med4life.com.pl\/en\/product\/defibrylator-treningowy-samaritan-trainer-350\/","og_locale":"en_US","og_type":"article","og_title":"Defibrylator treningowy Samaritan Trainer 350 - sklep.med4life.com.pl","og_description":"Niezwykle prosty w obs\u0142udze defibrylator p\u00f3\u0142automatyczny Samaritan Trainer 350 to doskona\u0142e narz\u0119dzie szkoleniowe, wiernie odwzorowuj\u0105ce dzia\u0142anie klasycznego AED Samaritan PAD 350P. Wyposa\u017cony w tryb pediatryczny oraz mo\u017cliwo\u015b\u0107 symulacji sze\u015bciu r\u00f3\u017cnych scenariuszy, idealnie sprawdzi si\u0119 zar\u00f3wno dla profesjonalnych ratownik\u00f3w, jak i os\u00f3b bez wcze\u015bniejszego przygotowania.","og_url":"https:\/\/sklep.med4life.com.pl\/en\/product\/defibrylator-treningowy-samaritan-trainer-350\/","og_site_name":"sklep.med4life.com.pl","article_modified_time":"2026-01-12T15:00:49+00:00","og_image":[{"width":960,"height":990,"url":"https:\/\/sklep.med4life.com.pl\/wp-content\/uploads\/2024\/09\/350P_trainer_on_web.jpg","type":"image\/jpeg"}],"twitter_card":"summary_large_image","twitter_misc":{"Est. reading time":"1 minute"},"schema":{"@context":"https:\/\/schema.org","@graph":[{"@type":"WebPage","@id":"https:\/\/sklep.med4life.com.pl\/product\/defibrylator-treningowy-samaritan-trainer-350\/","url":"https:\/\/sklep.med4life.com.pl\/product\/defibrylator-treningowy-samaritan-trainer-350\/","name":"Defibrylator treningowy Samaritan Trainer 350 - sklep.med4life.com.pl","isPartOf":{"@id":"https:\/\/sklep.med4life.com.pl\/#website"},"primaryImageOfPage":{"@id":"https:\/\/sklep.med4life.com.pl\/product\/defibrylator-treningowy-samaritan-trainer-350\/#primaryimage"},"image":{"@id":"https:\/\/sklep.med4life.com.pl\/product\/defibrylator-treningowy-samaritan-trainer-350\/#primaryimage"},"thumbnailUrl":"https:\/\/sklep.med4life.com.pl\/wp-content\/uploads\/2024\/09\/350P_trainer_on_web.jpg","datePublished":"2024-09-24T13:48:41+00:00","dateModified":"2026-01-12T15:00:49+00:00","breadcrumb":{"@id":"https:\/\/sklep.med4life.com.pl\/product\/defibrylator-treningowy-samaritan-trainer-350\/#breadcrumb"},"inLanguage":"en-US","potentialAction":[{"@type":"ReadAction","target":["https:\/\/sklep.med4life.com.pl\/product\/defibrylator-treningowy-samaritan-trainer-350\/"]}]},{"@type":"ImageObject","inLanguage":"en-US","@id":"https:\/\/sklep.med4life.com.pl\/product\/defibrylator-treningowy-samaritan-trainer-350\/#primaryimage","url":"https:\/\/sklep.med4life.com.pl\/wp-content\/uploads\/2024\/09\/350P_trainer_on_web.jpg","contentUrl":"https:\/\/sklep.med4life.com.pl\/wp-content\/uploads\/2024\/09\/350P_trainer_on_web.jpg","width":960,"height":990},{"@type":"BreadcrumbList","@id":"https:\/\/sklep.med4life.com.pl\/product\/defibrylator-treningowy-samaritan-trainer-350\/#breadcrumb","itemListElement":[{"@type":"ListItem","position":1,"name":"Strona g\u0142\u00f3wna","item":"https:\/\/sklep.med4life.com.pl\/"},{"@type":"ListItem","position":2,"name":"Sklep","item":"https:\/\/sklep.med4life.com.pl\/shop\/"},{"@type":"ListItem","position":3,"name":"Defibrylator treningowy Samaritan Trainer 350"}]},{"@type":"WebSite","@id":"https:\/\/sklep.med4life.com.pl\/#website","url":"https:\/\/sklep.med4life.com.pl\/","name":"sklep.med4life.com.pl","description":"","potentialAction":[{"@type":"SearchAction","target":{"@type":"EntryPoint","urlTemplate":"https:\/\/sklep.med4life.com.pl\/?s={search_term_string}"},"query-input":{"@type":"PropertyValueSpecification","valueRequired":true,"valueName":"search_term_string"}}],"inLanguage":"en-US"}]}},"_links":{"self":[{"href":"https:\/\/sklep.med4life.com.pl\/en\/wp-json\/wp\/v2\/product\/5954","targetHints":{"allow":["GET"]}}],"collection":[{"href":"https:\/\/sklep.med4life.com.pl\/en\/wp-json\/wp\/v2\/product"}],"about":[{"href":"https:\/\/sklep.med4life.com.pl\/en\/wp-json\/wp\/v2\/types\/product"}],"replies":[{"embeddable":true,"href":"https:\/\/sklep.med4life.com.pl\/en\/wp-json\/wp\/v2\/comments?post=5954"}],"wp:featuredmedia":[{"embeddable":true,"href":"https:\/\/sklep.med4life.com.pl\/en\/wp-json\/wp\/v2\/media\/5989"}],"wp:attachment":[{"href":"https:\/\/sklep.med4life.com.pl\/en\/wp-json\/wp\/v2\/media?parent=5954"}],"wp:term":[{"taxonomy":"product_cat","embeddable":true,"href":"https:\/\/sklep.med4life.com.pl\/en\/wp-json\/wp\/v2\/product_cat?post=5954"},{"taxonomy":"product_tag","embeddable":true,"href":"https:\/\/sklep.med4life.com.pl\/en\/wp-json\/wp\/v2\/product_tag?post=5954"}],"curies":[{"name":"wp","href":"https:\/\/api.w.org\/{rel}","templated":true}]}}