{"id":5962,"date":"2024-09-24T15:54:36","date_gmt":"2024-09-24T13:54:36","guid":{"rendered":"https:\/\/sklep.med4life.com.pl\/?post_type=product&#038;p=5962"},"modified":"2026-01-12T15:48:53","modified_gmt":"2026-01-12T14:48:53","slug":"defibrylator-treningowy-samaritan-trainer-350-2","status":"publish","type":"product","link":"https:\/\/sklep.med4life.com.pl\/en\/product\/defibrylator-treningowy-samaritan-trainer-350-2\/","title":{"rendered":"Defibrylator treningowy Samaritan Trainer 360"},"content":{"rendered":"<p>Samaritan Trainer 360 to zdalnie sterowany defibrylator szkoleniowy, wiernie odwzorowuj\u0105cy dzia\u0142anie automatycznego AED Samaritan PAD 360P. Jest to idealne rozwi\u0105zanie do szkole\u0144 dla firm, ratownik\u00f3w medycznych oraz os\u00f3b bez do\u015bwiadczenia w ratownictwie. Urz\u0105dzenie oferuje sze\u015b\u0107 wbudowanych scenariuszy ratunkowych, zgodnych z protoko\u0142em AHA\/ERC 2010, obejmuj\u0105cych analiz\u0119 rytmu serca, symulowan\u0105 aplikacj\u0119 impulsu defibrylacyjnego oraz procedur\u0119 resuscytacji kr\u0105\u017ceniowo-oddechowej (RKO). Wbudowany metronom oraz migaj\u0105cy wska\u017anik pomagaj\u0105 w utrzymaniu prawid\u0142owego tempa ucisk\u00f3w klatki piersiowej.<\/p>\n<p>Trainer 360 nie posiada przycisku defibrylacji, a jedynie informuje o jej wykonaniu, co czyni go doskona\u0142ym narz\u0119dziem do treningu z u\u017cyciem w pe\u0142ni automatycznych AED. Jego prosta obs\u0142uga oraz mo\u017cliwo\u015b\u0107 wielokrotnego u\u017cycia elektrod sprawiaj\u0105, \u017ce jest on jednym z najcz\u0119\u015bciej wybieranych defibrylator\u00f3w treningowych. Urz\u0105dzenie zasilane jest akumulatorem wielokrotnego \u0142adowania, co czyni je praktycznym i trwa\u0142ym rozwi\u0105zaniem na lata. Doskonale sprawdza si\u0119 w szkoleniach, umo\u017cliwiaj\u0105c u\u017cytkownikom opanowanie procedur ratunkowych, co przek\u0142ada si\u0119 na pewniejsze i spokojniejsze dzia\u0142anie w rzeczywistych sytuacjach.<\/p>","protected":false},"excerpt":{"rendered":"<p>efibrylator treningowy Samaritan Trainer 360 to wierna kopia automatycznego urz\u0105dzenia AED Samaritan PAD 360P, idealny do szkole\u0144 z zakresu pierwszej pomocy. Zdalne sterowanie, sze\u015b\u0107 scenariuszy, tryb RKO i \u0142atwa obs\u0142uga czyni\u0105 go doskona\u0142ym narz\u0119dziem edukacyjnym dla firm, ratownik\u00f3w i os\u00f3b bez wiedzy medycznej.<\/p>","protected":false},"featured_media":6277,"comment_status":"open","ping_status":"closed","template":"","meta":{"content-type":"","om_disable_all_campaigns":false,"_monsterinsights_skip_tracking":false,"_monsterinsights_sitenote_active":false,"_monsterinsights_sitenote_note":"","_monsterinsights_sitenote_category":0},"product_cat":[92],"product_tag":[],"class_list":{"0":"post-5962","1":"product","2":"type-product","3":"status-publish","4":"has-post-thumbnail","6":"product_cat-defibrylatory-treningowe","8":"first","9":"instock","10":"shipping-taxable","11":"purchasable","12":"product-type-simple"},"yoast_head":"<!-- This site is optimized with the Yoast SEO plugin v23.8 - https:\/\/yoast.com\/wordpress\/plugins\/seo\/ -->\n<title>Defibrylator treningowy Samaritan Trainer 360 - sklep.med4life.com.pl<\/title>\n<meta name=\"robots\" content=\"index, follow, max-snippet:-1, max-image-preview:large, max-video-preview:-1\" \/>\n<link rel=\"canonical\" href=\"https:\/\/sklep.med4life.com.pl\/en\/product\/defibrylator-treningowy-samaritan-trainer-350-2\/\" \/>\n<meta property=\"og:locale\" content=\"en_US\" \/>\n<meta property=\"og:type\" content=\"article\" \/>\n<meta property=\"og:title\" content=\"Defibrylator treningowy Samaritan Trainer 360 - sklep.med4life.com.pl\" \/>\n<meta property=\"og:description\" content=\"efibrylator treningowy Samaritan Trainer 360 to wierna kopia automatycznego urz\u0105dzenia AED Samaritan PAD 360P, idealny do szkole\u0144 z zakresu pierwszej pomocy. Zdalne sterowanie, sze\u015b\u0107 scenariuszy, tryb RKO i \u0142atwa obs\u0142uga czyni\u0105 go doskona\u0142ym narz\u0119dziem edukacyjnym dla firm, ratownik\u00f3w i os\u00f3b bez wiedzy medycznej.\" \/>\n<meta property=\"og:url\" content=\"https:\/\/sklep.med4life.com.pl\/en\/product\/defibrylator-treningowy-samaritan-trainer-350-2\/\" \/>\n<meta property=\"og:site_name\" content=\"sklep.med4life.com.pl\" \/>\n<meta property=\"article:modified_time\" content=\"2026-01-12T14:48:53+00:00\" \/>\n<meta property=\"og:image\" content=\"https:\/\/sklep.med4life.com.pl\/wp-content\/uploads\/2024\/09\/360P_trainer_off_web.jpg\" \/>\n\t<meta property=\"og:image:width\" content=\"960\" \/>\n\t<meta property=\"og:image:height\" content=\"990\" \/>\n\t<meta property=\"og:image:type\" content=\"image\/jpeg\" \/>\n<meta name=\"twitter:card\" content=\"summary_large_image\" \/>\n<meta name=\"twitter:label1\" content=\"Est. reading time\" \/>\n\t<meta name=\"twitter:data1\" content=\"2 minutes\" \/>\n<script type=\"application\/ld+json\" class=\"yoast-schema-graph\">{\"@context\":\"https:\/\/schema.org\",\"@graph\":[{\"@type\":\"WebPage\",\"@id\":\"https:\/\/sklep.med4life.com.pl\/product\/defibrylator-treningowy-samaritan-trainer-350-2\/\",\"url\":\"https:\/\/sklep.med4life.com.pl\/product\/defibrylator-treningowy-samaritan-trainer-350-2\/\",\"name\":\"Defibrylator treningowy Samaritan Trainer 360 - sklep.med4life.com.pl\",\"isPartOf\":{\"@id\":\"https:\/\/sklep.med4life.com.pl\/#website\"},\"primaryImageOfPage\":{\"@id\":\"https:\/\/sklep.med4life.com.pl\/product\/defibrylator-treningowy-samaritan-trainer-350-2\/#primaryimage\"},\"image\":{\"@id\":\"https:\/\/sklep.med4life.com.pl\/product\/defibrylator-treningowy-samaritan-trainer-350-2\/#primaryimage\"},\"thumbnailUrl\":\"https:\/\/sklep.med4life.com.pl\/wp-content\/uploads\/2024\/09\/360P_trainer_off_web.jpg\",\"datePublished\":\"2024-09-24T13:54:36+00:00\",\"dateModified\":\"2026-01-12T14:48:53+00:00\",\"breadcrumb\":{\"@id\":\"https:\/\/sklep.med4life.com.pl\/product\/defibrylator-treningowy-samaritan-trainer-350-2\/#breadcrumb\"},\"inLanguage\":\"en-US\",\"potentialAction\":[{\"@type\":\"ReadAction\",\"target\":[\"https:\/\/sklep.med4life.com.pl\/product\/defibrylator-treningowy-samaritan-trainer-350-2\/\"]}]},{\"@type\":\"ImageObject\",\"inLanguage\":\"en-US\",\"@id\":\"https:\/\/sklep.med4life.com.pl\/product\/defibrylator-treningowy-samaritan-trainer-350-2\/#primaryimage\",\"url\":\"https:\/\/sklep.med4life.com.pl\/wp-content\/uploads\/2024\/09\/360P_trainer_off_web.jpg\",\"contentUrl\":\"https:\/\/sklep.med4life.com.pl\/wp-content\/uploads\/2024\/09\/360P_trainer_off_web.jpg\",\"width\":960,\"height\":990},{\"@type\":\"BreadcrumbList\",\"@id\":\"https:\/\/sklep.med4life.com.pl\/product\/defibrylator-treningowy-samaritan-trainer-350-2\/#breadcrumb\",\"itemListElement\":[{\"@type\":\"ListItem\",\"position\":1,\"name\":\"Strona g\u0142\u00f3wna\",\"item\":\"https:\/\/sklep.med4life.com.pl\/\"},{\"@type\":\"ListItem\",\"position\":2,\"name\":\"Sklep\",\"item\":\"https:\/\/sklep.med4life.com.pl\/shop\/\"},{\"@type\":\"ListItem\",\"position\":3,\"name\":\"Defibrylator treningowy Samaritan Trainer 360\"}]},{\"@type\":\"WebSite\",\"@id\":\"https:\/\/sklep.med4life.com.pl\/#website\",\"url\":\"https:\/\/sklep.med4life.com.pl\/\",\"name\":\"sklep.med4life.com.pl\",\"description\":\"\",\"potentialAction\":[{\"@type\":\"SearchAction\",\"target\":{\"@type\":\"EntryPoint\",\"urlTemplate\":\"https:\/\/sklep.med4life.com.pl\/?s={search_term_string}\"},\"query-input\":{\"@type\":\"PropertyValueSpecification\",\"valueRequired\":true,\"valueName\":\"search_term_string\"}}],\"inLanguage\":\"en-US\"}]}<\/script>\n<!-- \/ Yoast SEO plugin. -->","yoast_head_json":{"title":"Defibrylator treningowy Samaritan Trainer 360 - sklep.med4life.com.pl","robots":{"index":"index","follow":"follow","max-snippet":"max-snippet:-1","max-image-preview":"max-image-preview:large","max-video-preview":"max-video-preview:-1"},"canonical":"https:\/\/sklep.med4life.com.pl\/en\/product\/defibrylator-treningowy-samaritan-trainer-350-2\/","og_locale":"en_US","og_type":"article","og_title":"Defibrylator treningowy Samaritan Trainer 360 - sklep.med4life.com.pl","og_description":"efibrylator treningowy Samaritan Trainer 360 to wierna kopia automatycznego urz\u0105dzenia AED Samaritan PAD 360P, idealny do szkole\u0144 z zakresu pierwszej pomocy. Zdalne sterowanie, sze\u015b\u0107 scenariuszy, tryb RKO i \u0142atwa obs\u0142uga czyni\u0105 go doskona\u0142ym narz\u0119dziem edukacyjnym dla firm, ratownik\u00f3w i os\u00f3b bez wiedzy medycznej.","og_url":"https:\/\/sklep.med4life.com.pl\/en\/product\/defibrylator-treningowy-samaritan-trainer-350-2\/","og_site_name":"sklep.med4life.com.pl","article_modified_time":"2026-01-12T14:48:53+00:00","og_image":[{"width":960,"height":990,"url":"https:\/\/sklep.med4life.com.pl\/wp-content\/uploads\/2024\/09\/360P_trainer_off_web.jpg","type":"image\/jpeg"}],"twitter_card":"summary_large_image","twitter_misc":{"Est. reading time":"2 minutes"},"schema":{"@context":"https:\/\/schema.org","@graph":[{"@type":"WebPage","@id":"https:\/\/sklep.med4life.com.pl\/product\/defibrylator-treningowy-samaritan-trainer-350-2\/","url":"https:\/\/sklep.med4life.com.pl\/product\/defibrylator-treningowy-samaritan-trainer-350-2\/","name":"Defibrylator treningowy Samaritan Trainer 360 - sklep.med4life.com.pl","isPartOf":{"@id":"https:\/\/sklep.med4life.com.pl\/#website"},"primaryImageOfPage":{"@id":"https:\/\/sklep.med4life.com.pl\/product\/defibrylator-treningowy-samaritan-trainer-350-2\/#primaryimage"},"image":{"@id":"https:\/\/sklep.med4life.com.pl\/product\/defibrylator-treningowy-samaritan-trainer-350-2\/#primaryimage"},"thumbnailUrl":"https:\/\/sklep.med4life.com.pl\/wp-content\/uploads\/2024\/09\/360P_trainer_off_web.jpg","datePublished":"2024-09-24T13:54:36+00:00","dateModified":"2026-01-12T14:48:53+00:00","breadcrumb":{"@id":"https:\/\/sklep.med4life.com.pl\/product\/defibrylator-treningowy-samaritan-trainer-350-2\/#breadcrumb"},"inLanguage":"en-US","potentialAction":[{"@type":"ReadAction","target":["https:\/\/sklep.med4life.com.pl\/product\/defibrylator-treningowy-samaritan-trainer-350-2\/"]}]},{"@type":"ImageObject","inLanguage":"en-US","@id":"https:\/\/sklep.med4life.com.pl\/product\/defibrylator-treningowy-samaritan-trainer-350-2\/#primaryimage","url":"https:\/\/sklep.med4life.com.pl\/wp-content\/uploads\/2024\/09\/360P_trainer_off_web.jpg","contentUrl":"https:\/\/sklep.med4life.com.pl\/wp-content\/uploads\/2024\/09\/360P_trainer_off_web.jpg","width":960,"height":990},{"@type":"BreadcrumbList","@id":"https:\/\/sklep.med4life.com.pl\/product\/defibrylator-treningowy-samaritan-trainer-350-2\/#breadcrumb","itemListElement":[{"@type":"ListItem","position":1,"name":"Strona g\u0142\u00f3wna","item":"https:\/\/sklep.med4life.com.pl\/"},{"@type":"ListItem","position":2,"name":"Sklep","item":"https:\/\/sklep.med4life.com.pl\/shop\/"},{"@type":"ListItem","position":3,"name":"Defibrylator treningowy Samaritan Trainer 360"}]},{"@type":"WebSite","@id":"https:\/\/sklep.med4life.com.pl\/#website","url":"https:\/\/sklep.med4life.com.pl\/","name":"sklep.med4life.com.pl","description":"","potentialAction":[{"@type":"SearchAction","target":{"@type":"EntryPoint","urlTemplate":"https:\/\/sklep.med4life.com.pl\/?s={search_term_string}"},"query-input":{"@type":"PropertyValueSpecification","valueRequired":true,"valueName":"search_term_string"}}],"inLanguage":"en-US"}]}},"_links":{"self":[{"href":"https:\/\/sklep.med4life.com.pl\/en\/wp-json\/wp\/v2\/product\/5962","targetHints":{"allow":["GET"]}}],"collection":[{"href":"https:\/\/sklep.med4life.com.pl\/en\/wp-json\/wp\/v2\/product"}],"about":[{"href":"https:\/\/sklep.med4life.com.pl\/en\/wp-json\/wp\/v2\/types\/product"}],"replies":[{"embeddable":true,"href":"https:\/\/sklep.med4life.com.pl\/en\/wp-json\/wp\/v2\/comments?post=5962"}],"wp:featuredmedia":[{"embeddable":true,"href":"https:\/\/sklep.med4life.com.pl\/en\/wp-json\/wp\/v2\/media\/6277"}],"wp:attachment":[{"href":"https:\/\/sklep.med4life.com.pl\/en\/wp-json\/wp\/v2\/media?parent=5962"}],"wp:term":[{"taxonomy":"product_cat","embeddable":true,"href":"https:\/\/sklep.med4life.com.pl\/en\/wp-json\/wp\/v2\/product_cat?post=5962"},{"taxonomy":"product_tag","embeddable":true,"href":"https:\/\/sklep.med4life.com.pl\/en\/wp-json\/wp\/v2\/product_tag?post=5962"}],"curies":[{"name":"wp","href":"https:\/\/api.w.org\/{rel}","templated":true}]}}