{"id":5965,"date":"2024-09-24T15:56:06","date_gmt":"2024-09-24T13:56:06","guid":{"rendered":"https:\/\/sklep.med4life.com.pl\/?post_type=product&#038;p=5965"},"modified":"2026-01-12T15:45:08","modified_gmt":"2026-01-12T14:45:08","slug":"defibrylator-treningowy-samaritan-trainer-350trainer-500","status":"publish","type":"product","link":"https:\/\/sklep.med4life.com.pl\/en\/product\/defibrylator-treningowy-samaritan-trainer-350trainer-500\/","title":{"rendered":"Defibrylator treningowy Samaritan Trainer 500"},"content":{"rendered":"<p>Szkoleniowy defibrylator Samaritan Trainer 500 to zaawansowane, a jednocze\u015bnie proste w obs\u0142udze urz\u0105dzenie dedykowane zar\u00f3wno profesjonalnym ratownikom, jak i osobom bez wcze\u015bniejszego do\u015bwiadczenia w udzielaniu pierwszej pomocy. Dzi\u0119ki automatycznemu prowadzeniu u\u017cytkownika przez symulacje ratunkowe, takie jak analiza rytmu serca, dob\u00f3r i aplikacja impulsu defibrylacyjnego oraz procedura resuscytacji kr\u0105\u017ceniowo-oddechowej, u\u017cytkownik mo\u017ce bezpiecznie i skutecznie nauczy\u0107 si\u0119 korzystania z AED. Funkcja korekcji ucisk\u00f3w na fantomie podczas RKO umo\u017cliwia natychmiastow\u0105 analiz\u0119 i popraw\u0119 techniki.<\/p>\n<p>Dodatkowo, Samaritan Trainer 500 doskonale nadaje si\u0119 do treningu RKO, z mo\u017cliwo\u015bci\u0105 bie\u017c\u0105cej zmiany informacji zwrotnej za pomoc\u0105 pilota zdalnego sterowania, co pozwala na dostosowanie tempa i si\u0142y ucisk\u00f3w. Dzi\u0119ki temu u\u017cytkownicy mog\u0105 wy\u0107wiczy\u0107 optymalny spos\u00f3b przeprowadzania masa\u017cu serca, dowiedzie\u0107 si\u0119, jak wymagaj\u0105cy jest ten proces oraz jak zmieniaj\u0105 si\u0119 si\u0142y podczas reanimacji w zale\u017cno\u015bci od budowy poszkodowanego. Trening z u\u017cyciem tego urz\u0105dzenia sprawia, \u017ce u\u017cytkownicy czuj\u0105 si\u0119 pewniej w rzeczywistych sytuacjach ratunkowych, znaj\u0105c zar\u00f3wno procedury AED, jak i techniki RKO.<\/p>\n<p>Samaritan Trainer 500 jest niezast\u0105pionym narz\u0119dziem szkoleniowym, kt\u00f3re doskonale przygotowuje do pracy z ratunkowymi defibrylatorami Samaritan PAD 500P oraz zapewnia skuteczne szkolenia w zakresie pierwszej pomocy.<\/p>","protected":false},"excerpt":{"rendered":"<p>Samaritan Trainer 500 to intuicyjny defibrylator szkoleniowy, kt\u00f3ry idealnie nadaje si\u0119 do szkole\u0144 zar\u00f3wno dla profesjonalnych ratownik\u00f3w, jak i os\u00f3b bez do\u015bwiadczenia. Automatyczne prowadzenie przez analiz\u0119 pracy serca, aplikacj\u0119 impulsu defibrylacyjnego oraz resuscytacj\u0119 kr\u0105\u017ceniowo-oddechow\u0105 czyni go niezast\u0105pionym narz\u0119dziem edukacyjnym.<\/p>","protected":false},"featured_media":6278,"comment_status":"open","ping_status":"closed","template":"","meta":{"content-type":"","om_disable_all_campaigns":false,"_monsterinsights_skip_tracking":false,"_monsterinsights_sitenote_active":false,"_monsterinsights_sitenote_note":"","_monsterinsights_sitenote_category":0},"product_cat":[92],"product_tag":[],"class_list":{"0":"post-5965","1":"product","2":"type-product","3":"status-publish","4":"has-post-thumbnail","6":"product_cat-defibrylatory-treningowe","8":"first","9":"instock","10":"shipping-taxable","11":"purchasable","12":"product-type-simple"},"yoast_head":"<!-- This site is optimized with the Yoast SEO plugin v23.8 - https:\/\/yoast.com\/wordpress\/plugins\/seo\/ -->\n<title>Defibrylator treningowy Samaritan Trainer 500 - sklep.med4life.com.pl<\/title>\n<meta name=\"robots\" content=\"index, follow, max-snippet:-1, max-image-preview:large, max-video-preview:-1\" \/>\n<link rel=\"canonical\" href=\"https:\/\/sklep.med4life.com.pl\/en\/product\/defibrylator-treningowy-samaritan-trainer-350trainer-500\/\" \/>\n<meta property=\"og:locale\" content=\"en_US\" \/>\n<meta property=\"og:type\" content=\"article\" \/>\n<meta property=\"og:title\" content=\"Defibrylator treningowy Samaritan Trainer 500 - sklep.med4life.com.pl\" \/>\n<meta property=\"og:description\" content=\"Samaritan Trainer 500 to intuicyjny defibrylator szkoleniowy, kt\u00f3ry idealnie nadaje si\u0119 do szkole\u0144 zar\u00f3wno dla profesjonalnych ratownik\u00f3w, jak i os\u00f3b bez do\u015bwiadczenia. Automatyczne prowadzenie przez analiz\u0119 pracy serca, aplikacj\u0119 impulsu defibrylacyjnego oraz resuscytacj\u0119 kr\u0105\u017ceniowo-oddechow\u0105 czyni go niezast\u0105pionym narz\u0119dziem edukacyjnym.\" \/>\n<meta property=\"og:url\" content=\"https:\/\/sklep.med4life.com.pl\/en\/product\/defibrylator-treningowy-samaritan-trainer-350trainer-500\/\" \/>\n<meta property=\"og:site_name\" content=\"sklep.med4life.com.pl\" \/>\n<meta property=\"article:modified_time\" content=\"2026-01-12T14:45:08+00:00\" \/>\n<meta property=\"og:image\" content=\"https:\/\/sklep.med4life.com.pl\/wp-content\/uploads\/2024\/09\/500P_trainer_off_web.jpg\" \/>\n\t<meta property=\"og:image:width\" content=\"960\" \/>\n\t<meta property=\"og:image:height\" content=\"990\" \/>\n\t<meta property=\"og:image:type\" content=\"image\/jpeg\" \/>\n<meta name=\"twitter:card\" content=\"summary_large_image\" \/>\n<meta name=\"twitter:label1\" content=\"Est. reading time\" \/>\n\t<meta name=\"twitter:data1\" content=\"2 minutes\" \/>\n<script type=\"application\/ld+json\" class=\"yoast-schema-graph\">{\"@context\":\"https:\/\/schema.org\",\"@graph\":[{\"@type\":\"WebPage\",\"@id\":\"https:\/\/sklep.med4life.com.pl\/product\/defibrylator-treningowy-samaritan-trainer-350trainer-500\/\",\"url\":\"https:\/\/sklep.med4life.com.pl\/product\/defibrylator-treningowy-samaritan-trainer-350trainer-500\/\",\"name\":\"Defibrylator treningowy Samaritan Trainer 500 - sklep.med4life.com.pl\",\"isPartOf\":{\"@id\":\"https:\/\/sklep.med4life.com.pl\/#website\"},\"primaryImageOfPage\":{\"@id\":\"https:\/\/sklep.med4life.com.pl\/product\/defibrylator-treningowy-samaritan-trainer-350trainer-500\/#primaryimage\"},\"image\":{\"@id\":\"https:\/\/sklep.med4life.com.pl\/product\/defibrylator-treningowy-samaritan-trainer-350trainer-500\/#primaryimage\"},\"thumbnailUrl\":\"https:\/\/sklep.med4life.com.pl\/wp-content\/uploads\/2024\/09\/500P_trainer_off_web.jpg\",\"datePublished\":\"2024-09-24T13:56:06+00:00\",\"dateModified\":\"2026-01-12T14:45:08+00:00\",\"breadcrumb\":{\"@id\":\"https:\/\/sklep.med4life.com.pl\/product\/defibrylator-treningowy-samaritan-trainer-350trainer-500\/#breadcrumb\"},\"inLanguage\":\"en-US\",\"potentialAction\":[{\"@type\":\"ReadAction\",\"target\":[\"https:\/\/sklep.med4life.com.pl\/product\/defibrylator-treningowy-samaritan-trainer-350trainer-500\/\"]}]},{\"@type\":\"ImageObject\",\"inLanguage\":\"en-US\",\"@id\":\"https:\/\/sklep.med4life.com.pl\/product\/defibrylator-treningowy-samaritan-trainer-350trainer-500\/#primaryimage\",\"url\":\"https:\/\/sklep.med4life.com.pl\/wp-content\/uploads\/2024\/09\/500P_trainer_off_web.jpg\",\"contentUrl\":\"https:\/\/sklep.med4life.com.pl\/wp-content\/uploads\/2024\/09\/500P_trainer_off_web.jpg\",\"width\":960,\"height\":990},{\"@type\":\"BreadcrumbList\",\"@id\":\"https:\/\/sklep.med4life.com.pl\/product\/defibrylator-treningowy-samaritan-trainer-350trainer-500\/#breadcrumb\",\"itemListElement\":[{\"@type\":\"ListItem\",\"position\":1,\"name\":\"Strona g\u0142\u00f3wna\",\"item\":\"https:\/\/sklep.med4life.com.pl\/\"},{\"@type\":\"ListItem\",\"position\":2,\"name\":\"Sklep\",\"item\":\"https:\/\/sklep.med4life.com.pl\/shop\/\"},{\"@type\":\"ListItem\",\"position\":3,\"name\":\"Defibrylator treningowy Samaritan Trainer 500\"}]},{\"@type\":\"WebSite\",\"@id\":\"https:\/\/sklep.med4life.com.pl\/#website\",\"url\":\"https:\/\/sklep.med4life.com.pl\/\",\"name\":\"sklep.med4life.com.pl\",\"description\":\"\",\"potentialAction\":[{\"@type\":\"SearchAction\",\"target\":{\"@type\":\"EntryPoint\",\"urlTemplate\":\"https:\/\/sklep.med4life.com.pl\/?s={search_term_string}\"},\"query-input\":{\"@type\":\"PropertyValueSpecification\",\"valueRequired\":true,\"valueName\":\"search_term_string\"}}],\"inLanguage\":\"en-US\"}]}<\/script>\n<!-- \/ Yoast SEO plugin. -->","yoast_head_json":{"title":"Defibrylator treningowy Samaritan Trainer 500 - sklep.med4life.com.pl","robots":{"index":"index","follow":"follow","max-snippet":"max-snippet:-1","max-image-preview":"max-image-preview:large","max-video-preview":"max-video-preview:-1"},"canonical":"https:\/\/sklep.med4life.com.pl\/en\/product\/defibrylator-treningowy-samaritan-trainer-350trainer-500\/","og_locale":"en_US","og_type":"article","og_title":"Defibrylator treningowy Samaritan Trainer 500 - sklep.med4life.com.pl","og_description":"Samaritan Trainer 500 to intuicyjny defibrylator szkoleniowy, kt\u00f3ry idealnie nadaje si\u0119 do szkole\u0144 zar\u00f3wno dla profesjonalnych ratownik\u00f3w, jak i os\u00f3b bez do\u015bwiadczenia. Automatyczne prowadzenie przez analiz\u0119 pracy serca, aplikacj\u0119 impulsu defibrylacyjnego oraz resuscytacj\u0119 kr\u0105\u017ceniowo-oddechow\u0105 czyni go niezast\u0105pionym narz\u0119dziem edukacyjnym.","og_url":"https:\/\/sklep.med4life.com.pl\/en\/product\/defibrylator-treningowy-samaritan-trainer-350trainer-500\/","og_site_name":"sklep.med4life.com.pl","article_modified_time":"2026-01-12T14:45:08+00:00","og_image":[{"width":960,"height":990,"url":"https:\/\/sklep.med4life.com.pl\/wp-content\/uploads\/2024\/09\/500P_trainer_off_web.jpg","type":"image\/jpeg"}],"twitter_card":"summary_large_image","twitter_misc":{"Est. reading time":"2 minutes"},"schema":{"@context":"https:\/\/schema.org","@graph":[{"@type":"WebPage","@id":"https:\/\/sklep.med4life.com.pl\/product\/defibrylator-treningowy-samaritan-trainer-350trainer-500\/","url":"https:\/\/sklep.med4life.com.pl\/product\/defibrylator-treningowy-samaritan-trainer-350trainer-500\/","name":"Defibrylator treningowy Samaritan Trainer 500 - sklep.med4life.com.pl","isPartOf":{"@id":"https:\/\/sklep.med4life.com.pl\/#website"},"primaryImageOfPage":{"@id":"https:\/\/sklep.med4life.com.pl\/product\/defibrylator-treningowy-samaritan-trainer-350trainer-500\/#primaryimage"},"image":{"@id":"https:\/\/sklep.med4life.com.pl\/product\/defibrylator-treningowy-samaritan-trainer-350trainer-500\/#primaryimage"},"thumbnailUrl":"https:\/\/sklep.med4life.com.pl\/wp-content\/uploads\/2024\/09\/500P_trainer_off_web.jpg","datePublished":"2024-09-24T13:56:06+00:00","dateModified":"2026-01-12T14:45:08+00:00","breadcrumb":{"@id":"https:\/\/sklep.med4life.com.pl\/product\/defibrylator-treningowy-samaritan-trainer-350trainer-500\/#breadcrumb"},"inLanguage":"en-US","potentialAction":[{"@type":"ReadAction","target":["https:\/\/sklep.med4life.com.pl\/product\/defibrylator-treningowy-samaritan-trainer-350trainer-500\/"]}]},{"@type":"ImageObject","inLanguage":"en-US","@id":"https:\/\/sklep.med4life.com.pl\/product\/defibrylator-treningowy-samaritan-trainer-350trainer-500\/#primaryimage","url":"https:\/\/sklep.med4life.com.pl\/wp-content\/uploads\/2024\/09\/500P_trainer_off_web.jpg","contentUrl":"https:\/\/sklep.med4life.com.pl\/wp-content\/uploads\/2024\/09\/500P_trainer_off_web.jpg","width":960,"height":990},{"@type":"BreadcrumbList","@id":"https:\/\/sklep.med4life.com.pl\/product\/defibrylator-treningowy-samaritan-trainer-350trainer-500\/#breadcrumb","itemListElement":[{"@type":"ListItem","position":1,"name":"Strona g\u0142\u00f3wna","item":"https:\/\/sklep.med4life.com.pl\/"},{"@type":"ListItem","position":2,"name":"Sklep","item":"https:\/\/sklep.med4life.com.pl\/shop\/"},{"@type":"ListItem","position":3,"name":"Defibrylator treningowy Samaritan Trainer 500"}]},{"@type":"WebSite","@id":"https:\/\/sklep.med4life.com.pl\/#website","url":"https:\/\/sklep.med4life.com.pl\/","name":"sklep.med4life.com.pl","description":"","potentialAction":[{"@type":"SearchAction","target":{"@type":"EntryPoint","urlTemplate":"https:\/\/sklep.med4life.com.pl\/?s={search_term_string}"},"query-input":{"@type":"PropertyValueSpecification","valueRequired":true,"valueName":"search_term_string"}}],"inLanguage":"en-US"}]}},"_links":{"self":[{"href":"https:\/\/sklep.med4life.com.pl\/en\/wp-json\/wp\/v2\/product\/5965","targetHints":{"allow":["GET"]}}],"collection":[{"href":"https:\/\/sklep.med4life.com.pl\/en\/wp-json\/wp\/v2\/product"}],"about":[{"href":"https:\/\/sklep.med4life.com.pl\/en\/wp-json\/wp\/v2\/types\/product"}],"replies":[{"embeddable":true,"href":"https:\/\/sklep.med4life.com.pl\/en\/wp-json\/wp\/v2\/comments?post=5965"}],"wp:featuredmedia":[{"embeddable":true,"href":"https:\/\/sklep.med4life.com.pl\/en\/wp-json\/wp\/v2\/media\/6278"}],"wp:attachment":[{"href":"https:\/\/sklep.med4life.com.pl\/en\/wp-json\/wp\/v2\/media?parent=5965"}],"wp:term":[{"taxonomy":"product_cat","embeddable":true,"href":"https:\/\/sklep.med4life.com.pl\/en\/wp-json\/wp\/v2\/product_cat?post=5965"},{"taxonomy":"product_tag","embeddable":true,"href":"https:\/\/sklep.med4life.com.pl\/en\/wp-json\/wp\/v2\/product_tag?post=5965"}],"curies":[{"name":"wp","href":"https:\/\/api.w.org\/{rel}","templated":true}]}}