{"id":5973,"date":"2024-09-24T16:05:33","date_gmt":"2024-09-24T14:05:33","guid":{"rendered":"https:\/\/sklep.med4life.com.pl\/?post_type=product&#038;p=5973"},"modified":"2024-09-24T16:28:50","modified_gmt":"2024-09-24T14:28:50","slug":"pad-pak","status":"publish","type":"product","link":"https:\/\/sklep.med4life.com.pl\/en\/product\/pad-pak\/","title":{"rendered":"Pad Pak"},"content":{"rendered":"<p>Pad-Pak to kaseta integruj\u0105ca bateri\u0119 oraz elektrody, stanowi\u0105ca najbardziej optymalne i ekonomiczne rozwi\u0105zanie do defibrylator\u00f3w Samaritan PAD. Dzi\u0119ki tej innowacyjnej formie u\u017cytkownicy oszcz\u0119dzaj\u0105 na kosztach eksploatacji, maj\u0105c do wymiany tylko jeden element. Elektrody s\u0105 po\u0142\u0105czone z bateri\u0105, co redukuje konieczno\u015b\u0107 kontrolowania dw\u00f3ch dat wa\u017cno\u015bci \u2013 kaseta Pad-Pak ma jedn\u0105 dat\u0119 wa\u017cno\u015bci wynosz\u0105c\u0105 4 lata od daty sprzeda\u017cy. Kaseta dla os\u00f3b doros\u0142ych wyposa\u017cona jest w przew\u00f3d o d\u0142ugo\u015bci 1 metra, a elektrody s\u0105 \u0142atwe do przyklejenia, co dodatkowo u\u0142atwiaj\u0105 ikony wskazuj\u0105ce prawid\u0142owe u\u0142o\u017cenie na klatce piersiowej. System integracji, opatentowany przez firm\u0119 HeartSine, zapewnia wygod\u0119 i oszcz\u0119dno\u015b\u0107, eliminuj\u0105c konieczno\u015b\u0107 cz\u0119stej wymiany elektrod, jak to bywa w defibrylatorach z oddzielnymi komponentami.<\/p>","protected":false},"excerpt":{"rendered":"<p>Kaseta Pad-Pak, zawieraj\u0105ca bateri\u0119 i elektrody w jednym module, to innowacyjne rozwi\u0105zanie do defibrylator\u00f3w Samaritan PAD. Dzi\u0119ki integracji elektrod z bateri\u0105, u\u017cytkownicy oszcz\u0119dzaj\u0105 na kosztach eksploatacji, a przew\u00f3d o d\u0142ugo\u015bci 1 metra i czytelne oznaczenia u\u0142atwiaj\u0105 poprawne u\u017cycie.<\/p>","protected":false},"featured_media":6018,"comment_status":"open","ping_status":"closed","template":"","meta":{"content-type":"","om_disable_all_campaigns":false,"_monsterinsights_skip_tracking":false,"_monsterinsights_sitenote_active":false,"_monsterinsights_sitenote_note":"","_monsterinsights_sitenote_category":0},"product_cat":[93],"product_tag":[],"class_list":{"0":"post-5973","1":"product","2":"type-product","3":"status-publish","4":"has-post-thumbnail","6":"product_cat-baterie-i-akcesoria","8":"first","9":"instock","10":"shipping-taxable","11":"purchasable","12":"product-type-simple"},"yoast_head":"<!-- This site is optimized with the Yoast SEO plugin v23.8 - https:\/\/yoast.com\/wordpress\/plugins\/seo\/ -->\n<title>Pad Pak - sklep.med4life.com.pl<\/title>\n<meta name=\"robots\" content=\"index, follow, max-snippet:-1, max-image-preview:large, max-video-preview:-1\" \/>\n<link rel=\"canonical\" href=\"https:\/\/sklep.med4life.com.pl\/en\/product\/pad-pak\/\" \/>\n<meta property=\"og:locale\" content=\"en_US\" \/>\n<meta property=\"og:type\" content=\"article\" \/>\n<meta property=\"og:title\" content=\"Pad Pak - sklep.med4life.com.pl\" \/>\n<meta property=\"og:description\" content=\"Kaseta Pad-Pak, zawieraj\u0105ca bateri\u0119 i elektrody w jednym module, to innowacyjne rozwi\u0105zanie do defibrylator\u00f3w Samaritan PAD. Dzi\u0119ki integracji elektrod z bateri\u0105, u\u017cytkownicy oszcz\u0119dzaj\u0105 na kosztach eksploatacji, a przew\u00f3d o d\u0142ugo\u015bci 1 metra i czytelne oznaczenia u\u0142atwiaj\u0105 poprawne u\u017cycie.\" \/>\n<meta property=\"og:url\" content=\"https:\/\/sklep.med4life.com.pl\/en\/product\/pad-pak\/\" \/>\n<meta property=\"og:site_name\" content=\"sklep.med4life.com.pl\" \/>\n<meta property=\"article:modified_time\" content=\"2024-09-24T14:28:50+00:00\" \/>\n<meta property=\"og:image\" content=\"https:\/\/sklep.med4life.com.pl\/wp-content\/uploads\/2024\/09\/PADPAK_02.jpg\" \/>\n\t<meta property=\"og:image:width\" content=\"300\" \/>\n\t<meta property=\"og:image:height\" content=\"300\" \/>\n\t<meta property=\"og:image:type\" content=\"image\/jpeg\" \/>\n<meta name=\"twitter:card\" content=\"summary_large_image\" \/>\n<meta name=\"twitter:label1\" content=\"Est. reading time\" \/>\n\t<meta name=\"twitter:data1\" content=\"1 minute\" \/>\n<script type=\"application\/ld+json\" class=\"yoast-schema-graph\">{\"@context\":\"https:\/\/schema.org\",\"@graph\":[{\"@type\":\"WebPage\",\"@id\":\"https:\/\/sklep.med4life.com.pl\/product\/pad-pak\/\",\"url\":\"https:\/\/sklep.med4life.com.pl\/product\/pad-pak\/\",\"name\":\"Pad Pak - sklep.med4life.com.pl\",\"isPartOf\":{\"@id\":\"https:\/\/sklep.med4life.com.pl\/#website\"},\"primaryImageOfPage\":{\"@id\":\"https:\/\/sklep.med4life.com.pl\/product\/pad-pak\/#primaryimage\"},\"image\":{\"@id\":\"https:\/\/sklep.med4life.com.pl\/product\/pad-pak\/#primaryimage\"},\"thumbnailUrl\":\"https:\/\/sklep.med4life.com.pl\/wp-content\/uploads\/2024\/09\/PADPAK_02.jpg\",\"datePublished\":\"2024-09-24T14:05:33+00:00\",\"dateModified\":\"2024-09-24T14:28:50+00:00\",\"breadcrumb\":{\"@id\":\"https:\/\/sklep.med4life.com.pl\/product\/pad-pak\/#breadcrumb\"},\"inLanguage\":\"en-US\",\"potentialAction\":[{\"@type\":\"ReadAction\",\"target\":[\"https:\/\/sklep.med4life.com.pl\/product\/pad-pak\/\"]}]},{\"@type\":\"ImageObject\",\"inLanguage\":\"en-US\",\"@id\":\"https:\/\/sklep.med4life.com.pl\/product\/pad-pak\/#primaryimage\",\"url\":\"https:\/\/sklep.med4life.com.pl\/wp-content\/uploads\/2024\/09\/PADPAK_02.jpg\",\"contentUrl\":\"https:\/\/sklep.med4life.com.pl\/wp-content\/uploads\/2024\/09\/PADPAK_02.jpg\",\"width\":300,\"height\":300},{\"@type\":\"BreadcrumbList\",\"@id\":\"https:\/\/sklep.med4life.com.pl\/product\/pad-pak\/#breadcrumb\",\"itemListElement\":[{\"@type\":\"ListItem\",\"position\":1,\"name\":\"Strona g\u0142\u00f3wna\",\"item\":\"https:\/\/sklep.med4life.com.pl\/\"},{\"@type\":\"ListItem\",\"position\":2,\"name\":\"Sklep\",\"item\":\"https:\/\/sklep.med4life.com.pl\/shop\/\"},{\"@type\":\"ListItem\",\"position\":3,\"name\":\"Pad Pak\"}]},{\"@type\":\"WebSite\",\"@id\":\"https:\/\/sklep.med4life.com.pl\/#website\",\"url\":\"https:\/\/sklep.med4life.com.pl\/\",\"name\":\"sklep.med4life.com.pl\",\"description\":\"\",\"potentialAction\":[{\"@type\":\"SearchAction\",\"target\":{\"@type\":\"EntryPoint\",\"urlTemplate\":\"https:\/\/sklep.med4life.com.pl\/?s={search_term_string}\"},\"query-input\":{\"@type\":\"PropertyValueSpecification\",\"valueRequired\":true,\"valueName\":\"search_term_string\"}}],\"inLanguage\":\"en-US\"}]}<\/script>\n<!-- \/ Yoast SEO plugin. -->","yoast_head_json":{"title":"Pad Pak - sklep.med4life.com.pl","robots":{"index":"index","follow":"follow","max-snippet":"max-snippet:-1","max-image-preview":"max-image-preview:large","max-video-preview":"max-video-preview:-1"},"canonical":"https:\/\/sklep.med4life.com.pl\/en\/product\/pad-pak\/","og_locale":"en_US","og_type":"article","og_title":"Pad Pak - sklep.med4life.com.pl","og_description":"Kaseta Pad-Pak, zawieraj\u0105ca bateri\u0119 i elektrody w jednym module, to innowacyjne rozwi\u0105zanie do defibrylator\u00f3w Samaritan PAD. Dzi\u0119ki integracji elektrod z bateri\u0105, u\u017cytkownicy oszcz\u0119dzaj\u0105 na kosztach eksploatacji, a przew\u00f3d o d\u0142ugo\u015bci 1 metra i czytelne oznaczenia u\u0142atwiaj\u0105 poprawne u\u017cycie.","og_url":"https:\/\/sklep.med4life.com.pl\/en\/product\/pad-pak\/","og_site_name":"sklep.med4life.com.pl","article_modified_time":"2024-09-24T14:28:50+00:00","og_image":[{"width":300,"height":300,"url":"https:\/\/sklep.med4life.com.pl\/wp-content\/uploads\/2024\/09\/PADPAK_02.jpg","type":"image\/jpeg"}],"twitter_card":"summary_large_image","twitter_misc":{"Est. reading time":"1 minute"},"schema":{"@context":"https:\/\/schema.org","@graph":[{"@type":"WebPage","@id":"https:\/\/sklep.med4life.com.pl\/product\/pad-pak\/","url":"https:\/\/sklep.med4life.com.pl\/product\/pad-pak\/","name":"Pad Pak - sklep.med4life.com.pl","isPartOf":{"@id":"https:\/\/sklep.med4life.com.pl\/#website"},"primaryImageOfPage":{"@id":"https:\/\/sklep.med4life.com.pl\/product\/pad-pak\/#primaryimage"},"image":{"@id":"https:\/\/sklep.med4life.com.pl\/product\/pad-pak\/#primaryimage"},"thumbnailUrl":"https:\/\/sklep.med4life.com.pl\/wp-content\/uploads\/2024\/09\/PADPAK_02.jpg","datePublished":"2024-09-24T14:05:33+00:00","dateModified":"2024-09-24T14:28:50+00:00","breadcrumb":{"@id":"https:\/\/sklep.med4life.com.pl\/product\/pad-pak\/#breadcrumb"},"inLanguage":"en-US","potentialAction":[{"@type":"ReadAction","target":["https:\/\/sklep.med4life.com.pl\/product\/pad-pak\/"]}]},{"@type":"ImageObject","inLanguage":"en-US","@id":"https:\/\/sklep.med4life.com.pl\/product\/pad-pak\/#primaryimage","url":"https:\/\/sklep.med4life.com.pl\/wp-content\/uploads\/2024\/09\/PADPAK_02.jpg","contentUrl":"https:\/\/sklep.med4life.com.pl\/wp-content\/uploads\/2024\/09\/PADPAK_02.jpg","width":300,"height":300},{"@type":"BreadcrumbList","@id":"https:\/\/sklep.med4life.com.pl\/product\/pad-pak\/#breadcrumb","itemListElement":[{"@type":"ListItem","position":1,"name":"Strona g\u0142\u00f3wna","item":"https:\/\/sklep.med4life.com.pl\/"},{"@type":"ListItem","position":2,"name":"Sklep","item":"https:\/\/sklep.med4life.com.pl\/shop\/"},{"@type":"ListItem","position":3,"name":"Pad Pak"}]},{"@type":"WebSite","@id":"https:\/\/sklep.med4life.com.pl\/#website","url":"https:\/\/sklep.med4life.com.pl\/","name":"sklep.med4life.com.pl","description":"","potentialAction":[{"@type":"SearchAction","target":{"@type":"EntryPoint","urlTemplate":"https:\/\/sklep.med4life.com.pl\/?s={search_term_string}"},"query-input":{"@type":"PropertyValueSpecification","valueRequired":true,"valueName":"search_term_string"}}],"inLanguage":"en-US"}]}},"_links":{"self":[{"href":"https:\/\/sklep.med4life.com.pl\/en\/wp-json\/wp\/v2\/product\/5973","targetHints":{"allow":["GET"]}}],"collection":[{"href":"https:\/\/sklep.med4life.com.pl\/en\/wp-json\/wp\/v2\/product"}],"about":[{"href":"https:\/\/sklep.med4life.com.pl\/en\/wp-json\/wp\/v2\/types\/product"}],"replies":[{"embeddable":true,"href":"https:\/\/sklep.med4life.com.pl\/en\/wp-json\/wp\/v2\/comments?post=5973"}],"wp:featuredmedia":[{"embeddable":true,"href":"https:\/\/sklep.med4life.com.pl\/en\/wp-json\/wp\/v2\/media\/6018"}],"wp:attachment":[{"href":"https:\/\/sklep.med4life.com.pl\/en\/wp-json\/wp\/v2\/media?parent=5973"}],"wp:term":[{"taxonomy":"product_cat","embeddable":true,"href":"https:\/\/sklep.med4life.com.pl\/en\/wp-json\/wp\/v2\/product_cat?post=5973"},{"taxonomy":"product_tag","embeddable":true,"href":"https:\/\/sklep.med4life.com.pl\/en\/wp-json\/wp\/v2\/product_tag?post=5973"}],"curies":[{"name":"wp","href":"https:\/\/api.w.org\/{rel}","templated":true}]}}