{"id":5975,"date":"2024-09-24T16:10:19","date_gmt":"2024-09-24T14:10:19","guid":{"rendered":"https:\/\/sklep.med4life.com.pl\/?post_type=product&#038;p=5975"},"modified":"2024-09-24T16:31:58","modified_gmt":"2024-09-24T14:31:58","slug":"pedi-pak","status":"publish","type":"product","link":"https:\/\/sklep.med4life.com.pl\/en\/product\/pedi-pak\/","title":{"rendered":"Pedi Pak"},"content":{"rendered":"<p>Pedi-Pak to kaseta zaprojektowana z my\u015bl\u0105 o najm\u0142odszych pacjentach, zawieraj\u0105ca zar\u00f3wno bateri\u0119, jak i elektrody w jednym module. Przeznaczona do stosowania u dzieci od 1 do 8 roku \u017cycia lub o wadze poni\u017cej 25 kg. Dzi\u0119ki innowacyjnej integracji elektrod z bateri\u0105 u\u017cytkownicy oszcz\u0119dzaj\u0105 na kosztach eksploatacji, maj\u0105c do monitorowania tylko jedn\u0105 dat\u0119 wa\u017cno\u015bci, wynosz\u0105c\u0105 a\u017c 4 lata. Elektrody s\u0105 \u0142atwe do umieszczenia dzi\u0119ki jasnym ikonom, kt\u00f3re wskazuj\u0105 prawid\u0142owe u\u0142o\u017cenie \u2013 jedna elektroda na plecach dziecka, druga w \u015brodkowej cz\u0119\u015bci klatki piersiowej. Dodatkowo, jasnor\u00f3\u017cowy kolor kasety Pedi-Pak odr\u00f3\u017cnia j\u0105 od wersji dla doros\u0142ych, co zapewnia \u0142atw\u0105 identyfikacj\u0119 podczas akcji ratunkowej. To ekonomiczne i wygodne rozwi\u0105zanie dla ka\u017cdego u\u017cytkownika defibrylator\u00f3w Samaritan.<\/p>","protected":false},"excerpt":{"rendered":"<p>Kaseta Pedi-Pak, zawieraj\u0105ca bateri\u0119 i elektrody w jednym module, jest przeznaczona do u\u017cycia u dzieci w wieku od 1 do 8 lat lub o wadze poni\u017cej 25 kg. Zintegrowana konstrukcja zmniejsza koszty eksploatacji, a jasnor\u00f3\u017cowy kolor pozwala \u0142atwo odr\u00f3\u017cni\u0107 zestaw od wersji dla doros\u0142ych.<\/p>","protected":false},"featured_media":6025,"comment_status":"open","ping_status":"closed","template":"","meta":{"content-type":"","om_disable_all_campaigns":false,"_monsterinsights_skip_tracking":false,"_monsterinsights_sitenote_active":false,"_monsterinsights_sitenote_note":"","_monsterinsights_sitenote_category":0},"product_cat":[93],"product_tag":[],"class_list":{"0":"post-5975","1":"product","2":"type-product","3":"status-publish","4":"has-post-thumbnail","6":"product_cat-baterie-i-akcesoria","8":"first","9":"instock","10":"shipping-taxable","11":"purchasable","12":"product-type-simple"},"yoast_head":"<!-- This site is optimized with the Yoast SEO plugin v23.8 - https:\/\/yoast.com\/wordpress\/plugins\/seo\/ -->\n<title>Pedi Pak - sklep.med4life.com.pl<\/title>\n<meta name=\"robots\" content=\"index, follow, max-snippet:-1, max-image-preview:large, max-video-preview:-1\" \/>\n<link rel=\"canonical\" href=\"https:\/\/sklep.med4life.com.pl\/en\/product\/pedi-pak\/\" \/>\n<meta property=\"og:locale\" content=\"en_US\" \/>\n<meta property=\"og:type\" content=\"article\" \/>\n<meta property=\"og:title\" content=\"Pedi Pak - sklep.med4life.com.pl\" \/>\n<meta property=\"og:description\" content=\"Kaseta Pedi-Pak, zawieraj\u0105ca bateri\u0119 i elektrody w jednym module, jest przeznaczona do u\u017cycia u dzieci w wieku od 1 do 8 lat lub o wadze poni\u017cej 25 kg. Zintegrowana konstrukcja zmniejsza koszty eksploatacji, a jasnor\u00f3\u017cowy kolor pozwala \u0142atwo odr\u00f3\u017cni\u0107 zestaw od wersji dla doros\u0142ych.\" \/>\n<meta property=\"og:url\" content=\"https:\/\/sklep.med4life.com.pl\/en\/product\/pedi-pak\/\" \/>\n<meta property=\"og:site_name\" content=\"sklep.med4life.com.pl\" \/>\n<meta property=\"article:modified_time\" content=\"2024-09-24T14:31:58+00:00\" \/>\n<meta property=\"og:image\" content=\"https:\/\/sklep.med4life.com.pl\/wp-content\/uploads\/2024\/09\/PEDIPAK_02.jpg\" \/>\n\t<meta property=\"og:image:width\" content=\"214\" \/>\n\t<meta property=\"og:image:height\" content=\"214\" \/>\n\t<meta property=\"og:image:type\" content=\"image\/jpeg\" \/>\n<meta name=\"twitter:card\" content=\"summary_large_image\" \/>\n<meta name=\"twitter:label1\" content=\"Est. reading time\" \/>\n\t<meta name=\"twitter:data1\" content=\"1 minute\" \/>\n<script type=\"application\/ld+json\" class=\"yoast-schema-graph\">{\"@context\":\"https:\/\/schema.org\",\"@graph\":[{\"@type\":\"WebPage\",\"@id\":\"https:\/\/sklep.med4life.com.pl\/product\/pedi-pak\/\",\"url\":\"https:\/\/sklep.med4life.com.pl\/product\/pedi-pak\/\",\"name\":\"Pedi Pak - sklep.med4life.com.pl\",\"isPartOf\":{\"@id\":\"https:\/\/sklep.med4life.com.pl\/#website\"},\"primaryImageOfPage\":{\"@id\":\"https:\/\/sklep.med4life.com.pl\/product\/pedi-pak\/#primaryimage\"},\"image\":{\"@id\":\"https:\/\/sklep.med4life.com.pl\/product\/pedi-pak\/#primaryimage\"},\"thumbnailUrl\":\"https:\/\/sklep.med4life.com.pl\/wp-content\/uploads\/2024\/09\/PEDIPAK_02.jpg\",\"datePublished\":\"2024-09-24T14:10:19+00:00\",\"dateModified\":\"2024-09-24T14:31:58+00:00\",\"breadcrumb\":{\"@id\":\"https:\/\/sklep.med4life.com.pl\/product\/pedi-pak\/#breadcrumb\"},\"inLanguage\":\"en-US\",\"potentialAction\":[{\"@type\":\"ReadAction\",\"target\":[\"https:\/\/sklep.med4life.com.pl\/product\/pedi-pak\/\"]}]},{\"@type\":\"ImageObject\",\"inLanguage\":\"en-US\",\"@id\":\"https:\/\/sklep.med4life.com.pl\/product\/pedi-pak\/#primaryimage\",\"url\":\"https:\/\/sklep.med4life.com.pl\/wp-content\/uploads\/2024\/09\/PEDIPAK_02.jpg\",\"contentUrl\":\"https:\/\/sklep.med4life.com.pl\/wp-content\/uploads\/2024\/09\/PEDIPAK_02.jpg\",\"width\":214,\"height\":214},{\"@type\":\"BreadcrumbList\",\"@id\":\"https:\/\/sklep.med4life.com.pl\/product\/pedi-pak\/#breadcrumb\",\"itemListElement\":[{\"@type\":\"ListItem\",\"position\":1,\"name\":\"Strona g\u0142\u00f3wna\",\"item\":\"https:\/\/sklep.med4life.com.pl\/\"},{\"@type\":\"ListItem\",\"position\":2,\"name\":\"Sklep\",\"item\":\"https:\/\/sklep.med4life.com.pl\/shop\/\"},{\"@type\":\"ListItem\",\"position\":3,\"name\":\"Pedi Pak\"}]},{\"@type\":\"WebSite\",\"@id\":\"https:\/\/sklep.med4life.com.pl\/#website\",\"url\":\"https:\/\/sklep.med4life.com.pl\/\",\"name\":\"sklep.med4life.com.pl\",\"description\":\"\",\"potentialAction\":[{\"@type\":\"SearchAction\",\"target\":{\"@type\":\"EntryPoint\",\"urlTemplate\":\"https:\/\/sklep.med4life.com.pl\/?s={search_term_string}\"},\"query-input\":{\"@type\":\"PropertyValueSpecification\",\"valueRequired\":true,\"valueName\":\"search_term_string\"}}],\"inLanguage\":\"en-US\"}]}<\/script>\n<!-- \/ Yoast SEO plugin. -->","yoast_head_json":{"title":"Pedi Pak - sklep.med4life.com.pl","robots":{"index":"index","follow":"follow","max-snippet":"max-snippet:-1","max-image-preview":"max-image-preview:large","max-video-preview":"max-video-preview:-1"},"canonical":"https:\/\/sklep.med4life.com.pl\/en\/product\/pedi-pak\/","og_locale":"en_US","og_type":"article","og_title":"Pedi Pak - sklep.med4life.com.pl","og_description":"Kaseta Pedi-Pak, zawieraj\u0105ca bateri\u0119 i elektrody w jednym module, jest przeznaczona do u\u017cycia u dzieci w wieku od 1 do 8 lat lub o wadze poni\u017cej 25 kg. Zintegrowana konstrukcja zmniejsza koszty eksploatacji, a jasnor\u00f3\u017cowy kolor pozwala \u0142atwo odr\u00f3\u017cni\u0107 zestaw od wersji dla doros\u0142ych.","og_url":"https:\/\/sklep.med4life.com.pl\/en\/product\/pedi-pak\/","og_site_name":"sklep.med4life.com.pl","article_modified_time":"2024-09-24T14:31:58+00:00","og_image":[{"width":214,"height":214,"url":"https:\/\/sklep.med4life.com.pl\/wp-content\/uploads\/2024\/09\/PEDIPAK_02.jpg","type":"image\/jpeg"}],"twitter_card":"summary_large_image","twitter_misc":{"Est. reading time":"1 minute"},"schema":{"@context":"https:\/\/schema.org","@graph":[{"@type":"WebPage","@id":"https:\/\/sklep.med4life.com.pl\/product\/pedi-pak\/","url":"https:\/\/sklep.med4life.com.pl\/product\/pedi-pak\/","name":"Pedi Pak - sklep.med4life.com.pl","isPartOf":{"@id":"https:\/\/sklep.med4life.com.pl\/#website"},"primaryImageOfPage":{"@id":"https:\/\/sklep.med4life.com.pl\/product\/pedi-pak\/#primaryimage"},"image":{"@id":"https:\/\/sklep.med4life.com.pl\/product\/pedi-pak\/#primaryimage"},"thumbnailUrl":"https:\/\/sklep.med4life.com.pl\/wp-content\/uploads\/2024\/09\/PEDIPAK_02.jpg","datePublished":"2024-09-24T14:10:19+00:00","dateModified":"2024-09-24T14:31:58+00:00","breadcrumb":{"@id":"https:\/\/sklep.med4life.com.pl\/product\/pedi-pak\/#breadcrumb"},"inLanguage":"en-US","potentialAction":[{"@type":"ReadAction","target":["https:\/\/sklep.med4life.com.pl\/product\/pedi-pak\/"]}]},{"@type":"ImageObject","inLanguage":"en-US","@id":"https:\/\/sklep.med4life.com.pl\/product\/pedi-pak\/#primaryimage","url":"https:\/\/sklep.med4life.com.pl\/wp-content\/uploads\/2024\/09\/PEDIPAK_02.jpg","contentUrl":"https:\/\/sklep.med4life.com.pl\/wp-content\/uploads\/2024\/09\/PEDIPAK_02.jpg","width":214,"height":214},{"@type":"BreadcrumbList","@id":"https:\/\/sklep.med4life.com.pl\/product\/pedi-pak\/#breadcrumb","itemListElement":[{"@type":"ListItem","position":1,"name":"Strona g\u0142\u00f3wna","item":"https:\/\/sklep.med4life.com.pl\/"},{"@type":"ListItem","position":2,"name":"Sklep","item":"https:\/\/sklep.med4life.com.pl\/shop\/"},{"@type":"ListItem","position":3,"name":"Pedi Pak"}]},{"@type":"WebSite","@id":"https:\/\/sklep.med4life.com.pl\/#website","url":"https:\/\/sklep.med4life.com.pl\/","name":"sklep.med4life.com.pl","description":"","potentialAction":[{"@type":"SearchAction","target":{"@type":"EntryPoint","urlTemplate":"https:\/\/sklep.med4life.com.pl\/?s={search_term_string}"},"query-input":{"@type":"PropertyValueSpecification","valueRequired":true,"valueName":"search_term_string"}}],"inLanguage":"en-US"}]}},"_links":{"self":[{"href":"https:\/\/sklep.med4life.com.pl\/en\/wp-json\/wp\/v2\/product\/5975","targetHints":{"allow":["GET"]}}],"collection":[{"href":"https:\/\/sklep.med4life.com.pl\/en\/wp-json\/wp\/v2\/product"}],"about":[{"href":"https:\/\/sklep.med4life.com.pl\/en\/wp-json\/wp\/v2\/types\/product"}],"replies":[{"embeddable":true,"href":"https:\/\/sklep.med4life.com.pl\/en\/wp-json\/wp\/v2\/comments?post=5975"}],"wp:featuredmedia":[{"embeddable":true,"href":"https:\/\/sklep.med4life.com.pl\/en\/wp-json\/wp\/v2\/media\/6025"}],"wp:attachment":[{"href":"https:\/\/sklep.med4life.com.pl\/en\/wp-json\/wp\/v2\/media?parent=5975"}],"wp:term":[{"taxonomy":"product_cat","embeddable":true,"href":"https:\/\/sklep.med4life.com.pl\/en\/wp-json\/wp\/v2\/product_cat?post=5975"},{"taxonomy":"product_tag","embeddable":true,"href":"https:\/\/sklep.med4life.com.pl\/en\/wp-json\/wp\/v2\/product_tag?post=5975"}],"curies":[{"name":"wp","href":"https:\/\/api.w.org\/{rel}","templated":true}]}}