{"id":5983,"date":"2024-09-24T16:15:03","date_gmt":"2024-09-24T14:15:03","guid":{"rendered":"https:\/\/sklep.med4life.com.pl\/?post_type=product&#038;p=5983"},"modified":"2024-09-24T16:43:38","modified_gmt":"2024-09-24T14:43:38","slug":"dodatkowa-torba","status":"publish","type":"product","link":"https:\/\/sklep.med4life.com.pl\/en\/product\/dodatkowa-torba\/","title":{"rendered":"Dodatkowa Torba"},"content":{"rendered":"<p>Specjalnie zaprojektowana torba do defibrylator\u00f3w Samaritan PAD, zar\u00f3wno ratunkowych, jak i treningowych, zapewnia ochron\u0119 i wygod\u0119 u\u017cytkowania. Torba posiada dwie przegrody \u2013 przedni\u0105 z przezroczystym okienkiem na defibrylator oraz tyln\u0105, idealn\u0105 do przechowywania akcesori\u00f3w, takich jak elektrody, baterie czy dokumenty. Dzi\u0119ki wygodnej r\u0105czce torb\u0119 mo\u017cna \u0142atwo przenosi\u0107, a zielony uchwyt na spodzie umo\u017cliwia szybki dost\u0119p do elektrod, bez konieczno\u015bci wyjmowania urz\u0105dzenia na zewn\u0105trz. Przezroczyste okienko na g\u0142o\u015bnik zapewnia dobr\u0105 s\u0142yszalno\u015b\u0107 komunikat\u00f3w wydawanych przez defibrylator, nawet w trudnych warunkach, co zwi\u0119ksza efektywno\u015b\u0107 akcji ratunkowej.<\/p>","protected":false},"excerpt":{"rendered":"<p>Torba do defibrylator\u00f3w Samaritan PAD oraz wersji treningowych, wyposa\u017cona w przezroczyste okienko i dwie przegrody na akcesoria. Dzi\u0119ki wygodnej r\u0105czce oraz uchwytowi na elektrody, umo\u017cliwia szybki dost\u0119p do urz\u0105dzenia bez konieczno\u015bci jego wyjmowania.<\/p>","protected":false},"featured_media":6036,"comment_status":"open","ping_status":"closed","template":"","meta":{"content-type":"","om_disable_all_campaigns":false,"_monsterinsights_skip_tracking":false,"_monsterinsights_sitenote_active":false,"_monsterinsights_sitenote_note":"","_monsterinsights_sitenote_category":0},"product_cat":[93],"product_tag":[],"class_list":{"0":"post-5983","1":"product","2":"type-product","3":"status-publish","4":"has-post-thumbnail","6":"product_cat-baterie-i-akcesoria","8":"first","9":"instock","10":"shipping-taxable","11":"purchasable","12":"product-type-simple"},"yoast_head":"<!-- This site is optimized with the Yoast SEO plugin v23.8 - https:\/\/yoast.com\/wordpress\/plugins\/seo\/ -->\n<title>Dodatkowa Torba - sklep.med4life.com.pl<\/title>\n<meta name=\"robots\" content=\"index, follow, max-snippet:-1, max-image-preview:large, max-video-preview:-1\" \/>\n<link rel=\"canonical\" href=\"https:\/\/sklep.med4life.com.pl\/en\/product\/dodatkowa-torba\/\" \/>\n<meta property=\"og:locale\" content=\"en_US\" \/>\n<meta property=\"og:type\" content=\"article\" \/>\n<meta property=\"og:title\" content=\"Dodatkowa Torba - sklep.med4life.com.pl\" \/>\n<meta property=\"og:description\" content=\"Torba do defibrylator\u00f3w Samaritan PAD oraz wersji treningowych, wyposa\u017cona w przezroczyste okienko i dwie przegrody na akcesoria. Dzi\u0119ki wygodnej r\u0105czce oraz uchwytowi na elektrody, umo\u017cliwia szybki dost\u0119p do urz\u0105dzenia bez konieczno\u015bci jego wyjmowania.\" \/>\n<meta property=\"og:url\" content=\"https:\/\/sklep.med4life.com.pl\/en\/product\/dodatkowa-torba\/\" \/>\n<meta property=\"og:site_name\" content=\"sklep.med4life.com.pl\" \/>\n<meta property=\"article:modified_time\" content=\"2024-09-24T14:43:38+00:00\" \/>\n<meta property=\"og:image\" content=\"https:\/\/sklep.med4life.com.pl\/wp-content\/uploads\/2024\/09\/MG_0173.jpg\" \/>\n\t<meta property=\"og:image:width\" content=\"1500\" \/>\n\t<meta property=\"og:image:height\" content=\"1000\" \/>\n\t<meta property=\"og:image:type\" content=\"image\/jpeg\" \/>\n<meta name=\"twitter:card\" content=\"summary_large_image\" \/>\n<meta name=\"twitter:label1\" content=\"Est. reading time\" \/>\n\t<meta name=\"twitter:data1\" content=\"1 minute\" \/>\n<script type=\"application\/ld+json\" class=\"yoast-schema-graph\">{\"@context\":\"https:\/\/schema.org\",\"@graph\":[{\"@type\":\"WebPage\",\"@id\":\"https:\/\/sklep.med4life.com.pl\/product\/dodatkowa-torba\/\",\"url\":\"https:\/\/sklep.med4life.com.pl\/product\/dodatkowa-torba\/\",\"name\":\"Dodatkowa Torba - sklep.med4life.com.pl\",\"isPartOf\":{\"@id\":\"https:\/\/sklep.med4life.com.pl\/#website\"},\"primaryImageOfPage\":{\"@id\":\"https:\/\/sklep.med4life.com.pl\/product\/dodatkowa-torba\/#primaryimage\"},\"image\":{\"@id\":\"https:\/\/sklep.med4life.com.pl\/product\/dodatkowa-torba\/#primaryimage\"},\"thumbnailUrl\":\"https:\/\/sklep.med4life.com.pl\/wp-content\/uploads\/2024\/09\/MG_0173.jpg\",\"datePublished\":\"2024-09-24T14:15:03+00:00\",\"dateModified\":\"2024-09-24T14:43:38+00:00\",\"breadcrumb\":{\"@id\":\"https:\/\/sklep.med4life.com.pl\/product\/dodatkowa-torba\/#breadcrumb\"},\"inLanguage\":\"en-US\",\"potentialAction\":[{\"@type\":\"ReadAction\",\"target\":[\"https:\/\/sklep.med4life.com.pl\/product\/dodatkowa-torba\/\"]}]},{\"@type\":\"ImageObject\",\"inLanguage\":\"en-US\",\"@id\":\"https:\/\/sklep.med4life.com.pl\/product\/dodatkowa-torba\/#primaryimage\",\"url\":\"https:\/\/sklep.med4life.com.pl\/wp-content\/uploads\/2024\/09\/MG_0173.jpg\",\"contentUrl\":\"https:\/\/sklep.med4life.com.pl\/wp-content\/uploads\/2024\/09\/MG_0173.jpg\",\"width\":1500,\"height\":1000},{\"@type\":\"BreadcrumbList\",\"@id\":\"https:\/\/sklep.med4life.com.pl\/product\/dodatkowa-torba\/#breadcrumb\",\"itemListElement\":[{\"@type\":\"ListItem\",\"position\":1,\"name\":\"Strona g\u0142\u00f3wna\",\"item\":\"https:\/\/sklep.med4life.com.pl\/\"},{\"@type\":\"ListItem\",\"position\":2,\"name\":\"Sklep\",\"item\":\"https:\/\/sklep.med4life.com.pl\/shop\/\"},{\"@type\":\"ListItem\",\"position\":3,\"name\":\"Dodatkowa Torba\"}]},{\"@type\":\"WebSite\",\"@id\":\"https:\/\/sklep.med4life.com.pl\/#website\",\"url\":\"https:\/\/sklep.med4life.com.pl\/\",\"name\":\"sklep.med4life.com.pl\",\"description\":\"\",\"potentialAction\":[{\"@type\":\"SearchAction\",\"target\":{\"@type\":\"EntryPoint\",\"urlTemplate\":\"https:\/\/sklep.med4life.com.pl\/?s={search_term_string}\"},\"query-input\":{\"@type\":\"PropertyValueSpecification\",\"valueRequired\":true,\"valueName\":\"search_term_string\"}}],\"inLanguage\":\"en-US\"}]}<\/script>\n<!-- \/ Yoast SEO plugin. -->","yoast_head_json":{"title":"Dodatkowa Torba - sklep.med4life.com.pl","robots":{"index":"index","follow":"follow","max-snippet":"max-snippet:-1","max-image-preview":"max-image-preview:large","max-video-preview":"max-video-preview:-1"},"canonical":"https:\/\/sklep.med4life.com.pl\/en\/product\/dodatkowa-torba\/","og_locale":"en_US","og_type":"article","og_title":"Dodatkowa Torba - sklep.med4life.com.pl","og_description":"Torba do defibrylator\u00f3w Samaritan PAD oraz wersji treningowych, wyposa\u017cona w przezroczyste okienko i dwie przegrody na akcesoria. Dzi\u0119ki wygodnej r\u0105czce oraz uchwytowi na elektrody, umo\u017cliwia szybki dost\u0119p do urz\u0105dzenia bez konieczno\u015bci jego wyjmowania.","og_url":"https:\/\/sklep.med4life.com.pl\/en\/product\/dodatkowa-torba\/","og_site_name":"sklep.med4life.com.pl","article_modified_time":"2024-09-24T14:43:38+00:00","og_image":[{"width":1500,"height":1000,"url":"https:\/\/sklep.med4life.com.pl\/wp-content\/uploads\/2024\/09\/MG_0173.jpg","type":"image\/jpeg"}],"twitter_card":"summary_large_image","twitter_misc":{"Est. reading time":"1 minute"},"schema":{"@context":"https:\/\/schema.org","@graph":[{"@type":"WebPage","@id":"https:\/\/sklep.med4life.com.pl\/product\/dodatkowa-torba\/","url":"https:\/\/sklep.med4life.com.pl\/product\/dodatkowa-torba\/","name":"Dodatkowa Torba - sklep.med4life.com.pl","isPartOf":{"@id":"https:\/\/sklep.med4life.com.pl\/#website"},"primaryImageOfPage":{"@id":"https:\/\/sklep.med4life.com.pl\/product\/dodatkowa-torba\/#primaryimage"},"image":{"@id":"https:\/\/sklep.med4life.com.pl\/product\/dodatkowa-torba\/#primaryimage"},"thumbnailUrl":"https:\/\/sklep.med4life.com.pl\/wp-content\/uploads\/2024\/09\/MG_0173.jpg","datePublished":"2024-09-24T14:15:03+00:00","dateModified":"2024-09-24T14:43:38+00:00","breadcrumb":{"@id":"https:\/\/sklep.med4life.com.pl\/product\/dodatkowa-torba\/#breadcrumb"},"inLanguage":"en-US","potentialAction":[{"@type":"ReadAction","target":["https:\/\/sklep.med4life.com.pl\/product\/dodatkowa-torba\/"]}]},{"@type":"ImageObject","inLanguage":"en-US","@id":"https:\/\/sklep.med4life.com.pl\/product\/dodatkowa-torba\/#primaryimage","url":"https:\/\/sklep.med4life.com.pl\/wp-content\/uploads\/2024\/09\/MG_0173.jpg","contentUrl":"https:\/\/sklep.med4life.com.pl\/wp-content\/uploads\/2024\/09\/MG_0173.jpg","width":1500,"height":1000},{"@type":"BreadcrumbList","@id":"https:\/\/sklep.med4life.com.pl\/product\/dodatkowa-torba\/#breadcrumb","itemListElement":[{"@type":"ListItem","position":1,"name":"Strona g\u0142\u00f3wna","item":"https:\/\/sklep.med4life.com.pl\/"},{"@type":"ListItem","position":2,"name":"Sklep","item":"https:\/\/sklep.med4life.com.pl\/shop\/"},{"@type":"ListItem","position":3,"name":"Dodatkowa Torba"}]},{"@type":"WebSite","@id":"https:\/\/sklep.med4life.com.pl\/#website","url":"https:\/\/sklep.med4life.com.pl\/","name":"sklep.med4life.com.pl","description":"","potentialAction":[{"@type":"SearchAction","target":{"@type":"EntryPoint","urlTemplate":"https:\/\/sklep.med4life.com.pl\/?s={search_term_string}"},"query-input":{"@type":"PropertyValueSpecification","valueRequired":true,"valueName":"search_term_string"}}],"inLanguage":"en-US"}]}},"_links":{"self":[{"href":"https:\/\/sklep.med4life.com.pl\/en\/wp-json\/wp\/v2\/product\/5983","targetHints":{"allow":["GET"]}}],"collection":[{"href":"https:\/\/sklep.med4life.com.pl\/en\/wp-json\/wp\/v2\/product"}],"about":[{"href":"https:\/\/sklep.med4life.com.pl\/en\/wp-json\/wp\/v2\/types\/product"}],"replies":[{"embeddable":true,"href":"https:\/\/sklep.med4life.com.pl\/en\/wp-json\/wp\/v2\/comments?post=5983"}],"wp:featuredmedia":[{"embeddable":true,"href":"https:\/\/sklep.med4life.com.pl\/en\/wp-json\/wp\/v2\/media\/6036"}],"wp:attachment":[{"href":"https:\/\/sklep.med4life.com.pl\/en\/wp-json\/wp\/v2\/media?parent=5983"}],"wp:term":[{"taxonomy":"product_cat","embeddable":true,"href":"https:\/\/sklep.med4life.com.pl\/en\/wp-json\/wp\/v2\/product_cat?post=5983"},{"taxonomy":"product_tag","embeddable":true,"href":"https:\/\/sklep.med4life.com.pl\/en\/wp-json\/wp\/v2\/product_tag?post=5983"}],"curies":[{"name":"wp","href":"https:\/\/api.w.org\/{rel}","templated":true}]}}