{"id":5988,"date":"2024-09-24T16:18:46","date_gmt":"2024-09-24T14:18:46","guid":{"rendered":"https:\/\/sklep.med4life.com.pl\/?post_type=product&#038;p=5988"},"modified":"2024-09-25T11:32:36","modified_gmt":"2024-09-25T09:32:36","slug":"gablota-plexi-duza","status":"publish","type":"product","link":"https:\/\/sklep.med4life.com.pl\/en\/product\/gablota-plexi-duza\/","title":{"rendered":"Gablota Plexi Du\u017ca"},"content":{"rendered":"<p>Elegancka i funkcjonalna gablota wykonana z przezroczystego plexi, zaprojektowana do estetycznego przechowywania defibrylator\u00f3w AED w miejscach publicznych, takich jak biura, hotele czy recepcje. Dzi\u0119ki przezroczystym drzwiczkom, otwieranym z boku, zapewnia szybki dost\u0119p do urz\u0105dzenia w nag\u0142ych wypadkach. Na gablocie umieszczona jest ikona serca z impulsem elektrycznym, kt\u00f3ra wyra\u017anie wskazuje na zawarto\u015b\u0107, a dolna p\u00f3\u0142ka pozwala na dodatkowe wyposa\u017cenie, np. apteczk\u0119 pierwszej pomocy. Gablota dost\u0119pna jest r\u00f3wnie\u017c w mniejszej wersji, dedykowanej dla defibrylatora Samaritan PAD. Klasyczne wymiary sprawiaj\u0105, \u017ce pasuje do wi\u0119kszo\u015bci modeli AED dost\u0119pnych na rynku.<\/p>","protected":false},"excerpt":{"rendered":"<p>Nowoczesna i elegancka gablota wykonana z przezroczystego tworzywa plexi, idealna do przechowywania defibrylator\u00f3w AED. Doskonale nadaje si\u0119 do biur, hoteli i miejsc publicznych, zapewniaj\u0105c szybki dost\u0119p do urz\u0105dzenia oraz estetyczny wygl\u0105d.<\/p>","protected":false},"featured_media":6123,"comment_status":"open","ping_status":"closed","template":"","meta":{"content-type":"","om_disable_all_campaigns":false,"_monsterinsights_skip_tracking":false,"_monsterinsights_sitenote_active":false,"_monsterinsights_sitenote_note":"","_monsterinsights_sitenote_category":0},"product_cat":[94],"product_tag":[],"class_list":{"0":"post-5988","1":"product","2":"type-product","3":"status-publish","4":"has-post-thumbnail","6":"product_cat-gabloty-i-szafki","8":"first","9":"instock","10":"shipping-taxable","11":"purchasable","12":"product-type-simple"},"yoast_head":"<!-- This site is optimized with the Yoast SEO plugin v23.8 - https:\/\/yoast.com\/wordpress\/plugins\/seo\/ -->\n<title>Gablota Plexi Du\u017ca - sklep.med4life.com.pl<\/title>\n<meta name=\"robots\" content=\"index, follow, max-snippet:-1, max-image-preview:large, max-video-preview:-1\" \/>\n<link rel=\"canonical\" href=\"https:\/\/sklep.med4life.com.pl\/en\/product\/gablota-plexi-duza\/\" \/>\n<meta property=\"og:locale\" content=\"en_US\" \/>\n<meta property=\"og:type\" content=\"article\" \/>\n<meta property=\"og:title\" content=\"Gablota Plexi Du\u017ca - sklep.med4life.com.pl\" \/>\n<meta property=\"og:description\" content=\"Nowoczesna i elegancka gablota wykonana z przezroczystego tworzywa plexi, idealna do przechowywania defibrylator\u00f3w AED. Doskonale nadaje si\u0119 do biur, hoteli i miejsc publicznych, zapewniaj\u0105c szybki dost\u0119p do urz\u0105dzenia oraz estetyczny wygl\u0105d.\" \/>\n<meta property=\"og:url\" content=\"https:\/\/sklep.med4life.com.pl\/en\/product\/gablota-plexi-duza\/\" \/>\n<meta property=\"og:site_name\" content=\"sklep.med4life.com.pl\" \/>\n<meta property=\"article:modified_time\" content=\"2024-09-25T09:32:36+00:00\" \/>\n<meta property=\"og:image\" content=\"https:\/\/sklep.med4life.com.pl\/wp-content\/uploads\/2024\/09\/GABLOTA_D-1.jpg\" \/>\n\t<meta property=\"og:image:width\" content=\"494\" \/>\n\t<meta property=\"og:image:height\" content=\"600\" \/>\n\t<meta property=\"og:image:type\" content=\"image\/jpeg\" \/>\n<meta name=\"twitter:card\" content=\"summary_large_image\" \/>\n<meta name=\"twitter:label1\" content=\"Est. reading time\" \/>\n\t<meta name=\"twitter:data1\" content=\"1 minute\" \/>\n<script type=\"application\/ld+json\" class=\"yoast-schema-graph\">{\"@context\":\"https:\/\/schema.org\",\"@graph\":[{\"@type\":\"WebPage\",\"@id\":\"https:\/\/sklep.med4life.com.pl\/product\/gablota-plexi-duza\/\",\"url\":\"https:\/\/sklep.med4life.com.pl\/product\/gablota-plexi-duza\/\",\"name\":\"Gablota Plexi Du\u017ca - sklep.med4life.com.pl\",\"isPartOf\":{\"@id\":\"https:\/\/sklep.med4life.com.pl\/#website\"},\"primaryImageOfPage\":{\"@id\":\"https:\/\/sklep.med4life.com.pl\/product\/gablota-plexi-duza\/#primaryimage\"},\"image\":{\"@id\":\"https:\/\/sklep.med4life.com.pl\/product\/gablota-plexi-duza\/#primaryimage\"},\"thumbnailUrl\":\"https:\/\/sklep.med4life.com.pl\/wp-content\/uploads\/2024\/09\/GABLOTA_D-1.jpg\",\"datePublished\":\"2024-09-24T14:18:46+00:00\",\"dateModified\":\"2024-09-25T09:32:36+00:00\",\"breadcrumb\":{\"@id\":\"https:\/\/sklep.med4life.com.pl\/product\/gablota-plexi-duza\/#breadcrumb\"},\"inLanguage\":\"en-US\",\"potentialAction\":[{\"@type\":\"ReadAction\",\"target\":[\"https:\/\/sklep.med4life.com.pl\/product\/gablota-plexi-duza\/\"]}]},{\"@type\":\"ImageObject\",\"inLanguage\":\"en-US\",\"@id\":\"https:\/\/sklep.med4life.com.pl\/product\/gablota-plexi-duza\/#primaryimage\",\"url\":\"https:\/\/sklep.med4life.com.pl\/wp-content\/uploads\/2024\/09\/GABLOTA_D-1.jpg\",\"contentUrl\":\"https:\/\/sklep.med4life.com.pl\/wp-content\/uploads\/2024\/09\/GABLOTA_D-1.jpg\",\"width\":494,\"height\":600},{\"@type\":\"BreadcrumbList\",\"@id\":\"https:\/\/sklep.med4life.com.pl\/product\/gablota-plexi-duza\/#breadcrumb\",\"itemListElement\":[{\"@type\":\"ListItem\",\"position\":1,\"name\":\"Strona g\u0142\u00f3wna\",\"item\":\"https:\/\/sklep.med4life.com.pl\/\"},{\"@type\":\"ListItem\",\"position\":2,\"name\":\"Sklep\",\"item\":\"https:\/\/sklep.med4life.com.pl\/shop\/\"},{\"@type\":\"ListItem\",\"position\":3,\"name\":\"Gablota Plexi Du\u017ca\"}]},{\"@type\":\"WebSite\",\"@id\":\"https:\/\/sklep.med4life.com.pl\/#website\",\"url\":\"https:\/\/sklep.med4life.com.pl\/\",\"name\":\"sklep.med4life.com.pl\",\"description\":\"\",\"potentialAction\":[{\"@type\":\"SearchAction\",\"target\":{\"@type\":\"EntryPoint\",\"urlTemplate\":\"https:\/\/sklep.med4life.com.pl\/?s={search_term_string}\"},\"query-input\":{\"@type\":\"PropertyValueSpecification\",\"valueRequired\":true,\"valueName\":\"search_term_string\"}}],\"inLanguage\":\"en-US\"}]}<\/script>\n<!-- \/ Yoast SEO plugin. -->","yoast_head_json":{"title":"Gablota Plexi Du\u017ca - sklep.med4life.com.pl","robots":{"index":"index","follow":"follow","max-snippet":"max-snippet:-1","max-image-preview":"max-image-preview:large","max-video-preview":"max-video-preview:-1"},"canonical":"https:\/\/sklep.med4life.com.pl\/en\/product\/gablota-plexi-duza\/","og_locale":"en_US","og_type":"article","og_title":"Gablota Plexi Du\u017ca - sklep.med4life.com.pl","og_description":"Nowoczesna i elegancka gablota wykonana z przezroczystego tworzywa plexi, idealna do przechowywania defibrylator\u00f3w AED. Doskonale nadaje si\u0119 do biur, hoteli i miejsc publicznych, zapewniaj\u0105c szybki dost\u0119p do urz\u0105dzenia oraz estetyczny wygl\u0105d.","og_url":"https:\/\/sklep.med4life.com.pl\/en\/product\/gablota-plexi-duza\/","og_site_name":"sklep.med4life.com.pl","article_modified_time":"2024-09-25T09:32:36+00:00","og_image":[{"width":494,"height":600,"url":"https:\/\/sklep.med4life.com.pl\/wp-content\/uploads\/2024\/09\/GABLOTA_D-1.jpg","type":"image\/jpeg"}],"twitter_card":"summary_large_image","twitter_misc":{"Est. reading time":"1 minute"},"schema":{"@context":"https:\/\/schema.org","@graph":[{"@type":"WebPage","@id":"https:\/\/sklep.med4life.com.pl\/product\/gablota-plexi-duza\/","url":"https:\/\/sklep.med4life.com.pl\/product\/gablota-plexi-duza\/","name":"Gablota Plexi Du\u017ca - sklep.med4life.com.pl","isPartOf":{"@id":"https:\/\/sklep.med4life.com.pl\/#website"},"primaryImageOfPage":{"@id":"https:\/\/sklep.med4life.com.pl\/product\/gablota-plexi-duza\/#primaryimage"},"image":{"@id":"https:\/\/sklep.med4life.com.pl\/product\/gablota-plexi-duza\/#primaryimage"},"thumbnailUrl":"https:\/\/sklep.med4life.com.pl\/wp-content\/uploads\/2024\/09\/GABLOTA_D-1.jpg","datePublished":"2024-09-24T14:18:46+00:00","dateModified":"2024-09-25T09:32:36+00:00","breadcrumb":{"@id":"https:\/\/sklep.med4life.com.pl\/product\/gablota-plexi-duza\/#breadcrumb"},"inLanguage":"en-US","potentialAction":[{"@type":"ReadAction","target":["https:\/\/sklep.med4life.com.pl\/product\/gablota-plexi-duza\/"]}]},{"@type":"ImageObject","inLanguage":"en-US","@id":"https:\/\/sklep.med4life.com.pl\/product\/gablota-plexi-duza\/#primaryimage","url":"https:\/\/sklep.med4life.com.pl\/wp-content\/uploads\/2024\/09\/GABLOTA_D-1.jpg","contentUrl":"https:\/\/sklep.med4life.com.pl\/wp-content\/uploads\/2024\/09\/GABLOTA_D-1.jpg","width":494,"height":600},{"@type":"BreadcrumbList","@id":"https:\/\/sklep.med4life.com.pl\/product\/gablota-plexi-duza\/#breadcrumb","itemListElement":[{"@type":"ListItem","position":1,"name":"Strona g\u0142\u00f3wna","item":"https:\/\/sklep.med4life.com.pl\/"},{"@type":"ListItem","position":2,"name":"Sklep","item":"https:\/\/sklep.med4life.com.pl\/shop\/"},{"@type":"ListItem","position":3,"name":"Gablota Plexi Du\u017ca"}]},{"@type":"WebSite","@id":"https:\/\/sklep.med4life.com.pl\/#website","url":"https:\/\/sklep.med4life.com.pl\/","name":"sklep.med4life.com.pl","description":"","potentialAction":[{"@type":"SearchAction","target":{"@type":"EntryPoint","urlTemplate":"https:\/\/sklep.med4life.com.pl\/?s={search_term_string}"},"query-input":{"@type":"PropertyValueSpecification","valueRequired":true,"valueName":"search_term_string"}}],"inLanguage":"en-US"}]}},"_links":{"self":[{"href":"https:\/\/sklep.med4life.com.pl\/en\/wp-json\/wp\/v2\/product\/5988","targetHints":{"allow":["GET"]}}],"collection":[{"href":"https:\/\/sklep.med4life.com.pl\/en\/wp-json\/wp\/v2\/product"}],"about":[{"href":"https:\/\/sklep.med4life.com.pl\/en\/wp-json\/wp\/v2\/types\/product"}],"replies":[{"embeddable":true,"href":"https:\/\/sklep.med4life.com.pl\/en\/wp-json\/wp\/v2\/comments?post=5988"}],"wp:featuredmedia":[{"embeddable":true,"href":"https:\/\/sklep.med4life.com.pl\/en\/wp-json\/wp\/v2\/media\/6123"}],"wp:attachment":[{"href":"https:\/\/sklep.med4life.com.pl\/en\/wp-json\/wp\/v2\/media?parent=5988"}],"wp:term":[{"taxonomy":"product_cat","embeddable":true,"href":"https:\/\/sklep.med4life.com.pl\/en\/wp-json\/wp\/v2\/product_cat?post=5988"},{"taxonomy":"product_tag","embeddable":true,"href":"https:\/\/sklep.med4life.com.pl\/en\/wp-json\/wp\/v2\/product_tag?post=5988"}],"curies":[{"name":"wp","href":"https:\/\/api.w.org\/{rel}","templated":true}]}}