{"id":5995,"date":"2024-09-24T16:19:54","date_gmt":"2024-09-24T14:19:54","guid":{"rendered":"https:\/\/sklep.med4life.com.pl\/?post_type=product&#038;p=5995"},"modified":"2024-09-25T11:31:48","modified_gmt":"2024-09-25T09:31:48","slug":"gablota-plexi-mala","status":"publish","type":"product","link":"https:\/\/sklep.med4life.com.pl\/en\/product\/gablota-plexi-mala\/","title":{"rendered":"Gablota Plexi Ma\u0142a"},"content":{"rendered":"<p>Nowoczesna gablota z plexi, idealna do estetycznego przechowywania defibrylatora AED w biurach, recepcjach hoteli i innych miejscach publicznych. Przezroczyste drzwiczki otwierane od boku zapewniaj\u0105 szybki dost\u0119p do urz\u0105dzenia, gdy liczy si\u0119 ka\u017cda sekunda. Na gablocie znajduje si\u0119 ikona serca z impulsem elektrycznym, kt\u00f3ra jednoznacznie wskazuje na zawarto\u015b\u0107. Gablota jest dost\u0119pna tak\u017ce w wersji powi\u0119kszonej, wyposa\u017conej w dodatkow\u0105 doln\u0105 p\u00f3\u0142k\u0119 na akcesoria, co czyni j\u0105 praktycznym i eleganckim rozwi\u0105zaniem do ka\u017cdego wn\u0119trza.<\/p>","protected":false},"excerpt":{"rendered":"<p>Elegancka i nowoczesna gablota z przezroczystego tworzywa plexi, idealna do estetycznego i bezpiecznego przechowywania defibrylatora AED. Dzi\u0119ki bocznie otwieranym drzwiczkom, zapewnia szybki dost\u0119p do urz\u0105dzenia.<\/p>","protected":false},"featured_media":6119,"comment_status":"open","ping_status":"closed","template":"","meta":{"content-type":"","om_disable_all_campaigns":false,"_monsterinsights_skip_tracking":false,"_monsterinsights_sitenote_active":false,"_monsterinsights_sitenote_note":"","_monsterinsights_sitenote_category":0},"product_cat":[94],"product_tag":[],"class_list":{"0":"post-5995","1":"product","2":"type-product","3":"status-publish","4":"has-post-thumbnail","6":"product_cat-gabloty-i-szafki","8":"first","9":"instock","10":"shipping-taxable","11":"purchasable","12":"product-type-simple"},"yoast_head":"<!-- This site is optimized with the Yoast SEO plugin v23.8 - https:\/\/yoast.com\/wordpress\/plugins\/seo\/ -->\n<title>Gablota Plexi Ma\u0142a - sklep.med4life.com.pl<\/title>\n<meta name=\"robots\" content=\"index, follow, max-snippet:-1, max-image-preview:large, max-video-preview:-1\" \/>\n<link rel=\"canonical\" href=\"https:\/\/sklep.med4life.com.pl\/en\/product\/gablota-plexi-mala\/\" \/>\n<meta property=\"og:locale\" content=\"en_US\" \/>\n<meta property=\"og:type\" content=\"article\" \/>\n<meta property=\"og:title\" content=\"Gablota Plexi Ma\u0142a - sklep.med4life.com.pl\" \/>\n<meta property=\"og:description\" content=\"Elegancka i nowoczesna gablota z przezroczystego tworzywa plexi, idealna do estetycznego i bezpiecznego przechowywania defibrylatora AED. Dzi\u0119ki bocznie otwieranym drzwiczkom, zapewnia szybki dost\u0119p do urz\u0105dzenia.\" \/>\n<meta property=\"og:url\" content=\"https:\/\/sklep.med4life.com.pl\/en\/product\/gablota-plexi-mala\/\" \/>\n<meta property=\"og:site_name\" content=\"sklep.med4life.com.pl\" \/>\n<meta property=\"article:modified_time\" content=\"2024-09-25T09:31:48+00:00\" \/>\n<meta property=\"og:image\" content=\"https:\/\/sklep.med4life.com.pl\/wp-content\/uploads\/2024\/09\/MG_9991.jpg\" \/>\n\t<meta property=\"og:image:width\" content=\"1500\" \/>\n\t<meta property=\"og:image:height\" content=\"1000\" \/>\n\t<meta property=\"og:image:type\" content=\"image\/jpeg\" \/>\n<meta name=\"twitter:card\" content=\"summary_large_image\" \/>\n<meta name=\"twitter:label1\" content=\"Est. reading time\" \/>\n\t<meta name=\"twitter:data1\" content=\"1 minute\" \/>\n<script type=\"application\/ld+json\" class=\"yoast-schema-graph\">{\"@context\":\"https:\/\/schema.org\",\"@graph\":[{\"@type\":\"WebPage\",\"@id\":\"https:\/\/sklep.med4life.com.pl\/product\/gablota-plexi-mala\/\",\"url\":\"https:\/\/sklep.med4life.com.pl\/product\/gablota-plexi-mala\/\",\"name\":\"Gablota Plexi Ma\u0142a - sklep.med4life.com.pl\",\"isPartOf\":{\"@id\":\"https:\/\/sklep.med4life.com.pl\/#website\"},\"primaryImageOfPage\":{\"@id\":\"https:\/\/sklep.med4life.com.pl\/product\/gablota-plexi-mala\/#primaryimage\"},\"image\":{\"@id\":\"https:\/\/sklep.med4life.com.pl\/product\/gablota-plexi-mala\/#primaryimage\"},\"thumbnailUrl\":\"https:\/\/sklep.med4life.com.pl\/wp-content\/uploads\/2024\/09\/MG_9991.jpg\",\"datePublished\":\"2024-09-24T14:19:54+00:00\",\"dateModified\":\"2024-09-25T09:31:48+00:00\",\"breadcrumb\":{\"@id\":\"https:\/\/sklep.med4life.com.pl\/product\/gablota-plexi-mala\/#breadcrumb\"},\"inLanguage\":\"en-US\",\"potentialAction\":[{\"@type\":\"ReadAction\",\"target\":[\"https:\/\/sklep.med4life.com.pl\/product\/gablota-plexi-mala\/\"]}]},{\"@type\":\"ImageObject\",\"inLanguage\":\"en-US\",\"@id\":\"https:\/\/sklep.med4life.com.pl\/product\/gablota-plexi-mala\/#primaryimage\",\"url\":\"https:\/\/sklep.med4life.com.pl\/wp-content\/uploads\/2024\/09\/MG_9991.jpg\",\"contentUrl\":\"https:\/\/sklep.med4life.com.pl\/wp-content\/uploads\/2024\/09\/MG_9991.jpg\",\"width\":1500,\"height\":1000},{\"@type\":\"BreadcrumbList\",\"@id\":\"https:\/\/sklep.med4life.com.pl\/product\/gablota-plexi-mala\/#breadcrumb\",\"itemListElement\":[{\"@type\":\"ListItem\",\"position\":1,\"name\":\"Strona g\u0142\u00f3wna\",\"item\":\"https:\/\/sklep.med4life.com.pl\/\"},{\"@type\":\"ListItem\",\"position\":2,\"name\":\"Sklep\",\"item\":\"https:\/\/sklep.med4life.com.pl\/shop\/\"},{\"@type\":\"ListItem\",\"position\":3,\"name\":\"Gablota Plexi Ma\u0142a\"}]},{\"@type\":\"WebSite\",\"@id\":\"https:\/\/sklep.med4life.com.pl\/#website\",\"url\":\"https:\/\/sklep.med4life.com.pl\/\",\"name\":\"sklep.med4life.com.pl\",\"description\":\"\",\"potentialAction\":[{\"@type\":\"SearchAction\",\"target\":{\"@type\":\"EntryPoint\",\"urlTemplate\":\"https:\/\/sklep.med4life.com.pl\/?s={search_term_string}\"},\"query-input\":{\"@type\":\"PropertyValueSpecification\",\"valueRequired\":true,\"valueName\":\"search_term_string\"}}],\"inLanguage\":\"en-US\"}]}<\/script>\n<!-- \/ Yoast SEO plugin. -->","yoast_head_json":{"title":"Gablota Plexi Ma\u0142a - sklep.med4life.com.pl","robots":{"index":"index","follow":"follow","max-snippet":"max-snippet:-1","max-image-preview":"max-image-preview:large","max-video-preview":"max-video-preview:-1"},"canonical":"https:\/\/sklep.med4life.com.pl\/en\/product\/gablota-plexi-mala\/","og_locale":"en_US","og_type":"article","og_title":"Gablota Plexi Ma\u0142a - sklep.med4life.com.pl","og_description":"Elegancka i nowoczesna gablota z przezroczystego tworzywa plexi, idealna do estetycznego i bezpiecznego przechowywania defibrylatora AED. Dzi\u0119ki bocznie otwieranym drzwiczkom, zapewnia szybki dost\u0119p do urz\u0105dzenia.","og_url":"https:\/\/sklep.med4life.com.pl\/en\/product\/gablota-plexi-mala\/","og_site_name":"sklep.med4life.com.pl","article_modified_time":"2024-09-25T09:31:48+00:00","og_image":[{"width":1500,"height":1000,"url":"https:\/\/sklep.med4life.com.pl\/wp-content\/uploads\/2024\/09\/MG_9991.jpg","type":"image\/jpeg"}],"twitter_card":"summary_large_image","twitter_misc":{"Est. reading time":"1 minute"},"schema":{"@context":"https:\/\/schema.org","@graph":[{"@type":"WebPage","@id":"https:\/\/sklep.med4life.com.pl\/product\/gablota-plexi-mala\/","url":"https:\/\/sklep.med4life.com.pl\/product\/gablota-plexi-mala\/","name":"Gablota Plexi Ma\u0142a - sklep.med4life.com.pl","isPartOf":{"@id":"https:\/\/sklep.med4life.com.pl\/#website"},"primaryImageOfPage":{"@id":"https:\/\/sklep.med4life.com.pl\/product\/gablota-plexi-mala\/#primaryimage"},"image":{"@id":"https:\/\/sklep.med4life.com.pl\/product\/gablota-plexi-mala\/#primaryimage"},"thumbnailUrl":"https:\/\/sklep.med4life.com.pl\/wp-content\/uploads\/2024\/09\/MG_9991.jpg","datePublished":"2024-09-24T14:19:54+00:00","dateModified":"2024-09-25T09:31:48+00:00","breadcrumb":{"@id":"https:\/\/sklep.med4life.com.pl\/product\/gablota-plexi-mala\/#breadcrumb"},"inLanguage":"en-US","potentialAction":[{"@type":"ReadAction","target":["https:\/\/sklep.med4life.com.pl\/product\/gablota-plexi-mala\/"]}]},{"@type":"ImageObject","inLanguage":"en-US","@id":"https:\/\/sklep.med4life.com.pl\/product\/gablota-plexi-mala\/#primaryimage","url":"https:\/\/sklep.med4life.com.pl\/wp-content\/uploads\/2024\/09\/MG_9991.jpg","contentUrl":"https:\/\/sklep.med4life.com.pl\/wp-content\/uploads\/2024\/09\/MG_9991.jpg","width":1500,"height":1000},{"@type":"BreadcrumbList","@id":"https:\/\/sklep.med4life.com.pl\/product\/gablota-plexi-mala\/#breadcrumb","itemListElement":[{"@type":"ListItem","position":1,"name":"Strona g\u0142\u00f3wna","item":"https:\/\/sklep.med4life.com.pl\/"},{"@type":"ListItem","position":2,"name":"Sklep","item":"https:\/\/sklep.med4life.com.pl\/shop\/"},{"@type":"ListItem","position":3,"name":"Gablota Plexi Ma\u0142a"}]},{"@type":"WebSite","@id":"https:\/\/sklep.med4life.com.pl\/#website","url":"https:\/\/sklep.med4life.com.pl\/","name":"sklep.med4life.com.pl","description":"","potentialAction":[{"@type":"SearchAction","target":{"@type":"EntryPoint","urlTemplate":"https:\/\/sklep.med4life.com.pl\/?s={search_term_string}"},"query-input":{"@type":"PropertyValueSpecification","valueRequired":true,"valueName":"search_term_string"}}],"inLanguage":"en-US"}]}},"_links":{"self":[{"href":"https:\/\/sklep.med4life.com.pl\/en\/wp-json\/wp\/v2\/product\/5995","targetHints":{"allow":["GET"]}}],"collection":[{"href":"https:\/\/sklep.med4life.com.pl\/en\/wp-json\/wp\/v2\/product"}],"about":[{"href":"https:\/\/sklep.med4life.com.pl\/en\/wp-json\/wp\/v2\/types\/product"}],"replies":[{"embeddable":true,"href":"https:\/\/sklep.med4life.com.pl\/en\/wp-json\/wp\/v2\/comments?post=5995"}],"wp:featuredmedia":[{"embeddable":true,"href":"https:\/\/sklep.med4life.com.pl\/en\/wp-json\/wp\/v2\/media\/6119"}],"wp:attachment":[{"href":"https:\/\/sklep.med4life.com.pl\/en\/wp-json\/wp\/v2\/media?parent=5995"}],"wp:term":[{"taxonomy":"product_cat","embeddable":true,"href":"https:\/\/sklep.med4life.com.pl\/en\/wp-json\/wp\/v2\/product_cat?post=5995"},{"taxonomy":"product_tag","embeddable":true,"href":"https:\/\/sklep.med4life.com.pl\/en\/wp-json\/wp\/v2\/product_tag?post=5995"}],"curies":[{"name":"wp","href":"https:\/\/api.w.org\/{rel}","templated":true}]}}