{"id":5996,"date":"2024-09-24T16:21:43","date_gmt":"2024-09-24T14:21:43","guid":{"rendered":"https:\/\/sklep.med4life.com.pl\/?post_type=product&#038;p=5996"},"modified":"2024-09-25T11:23:43","modified_gmt":"2024-09-25T09:23:43","slug":"szafka-metalowa-biala","status":"publish","type":"product","link":"https:\/\/sklep.med4life.com.pl\/en\/product\/szafka-metalowa-biala\/","title":{"rendered":"Szafka Metalowa Bia\u0142a"},"content":{"rendered":"<p>Solidna, metalowa szafka na defibrylator AED, zaprojektowana specjalnie na wymiar modeli Samaritan Pad, to niezawodne rozwi\u0105zanie do przechowywania urz\u0105dzenia w biurach, zak\u0142adach pracy i halach produkcyjnych. Wykonana z wytrzyma\u0142ej blachy, szafka wyposa\u017cona jest w szklane okienko, kt\u00f3re umo\u017cliwia sta\u0142\u0105 obserwacj\u0119 kontrolki AED. Dzi\u0119ki kontrastowym napisom oraz oznaczeniu 'AED&#8217;, szafka jest \u0142atwo rozpoznawalna. Zamykanie na kluczyk, w po\u0142\u0105czeniu z systemem 'zbij szybk\u0119&#8217;, chroni urz\u0105dzenie przed nieupowa\u017cnionymi osobami, zapewniaj\u0105c jednocze\u015bnie szybki dost\u0119p w sytuacjach awaryjnych. Istnieje mo\u017cliwo\u015b\u0107 wzbogacenia szafki o alarm d\u017awi\u0119kowy, co zwi\u0119ksza poziom zabezpieczenia przed kradzie\u017c\u0105. Szafka dost\u0119pna jest w dw\u00f3ch kolorach: bia\u0142ym i zielonym.<\/p>","protected":false},"excerpt":{"rendered":"<p>Metalowa szafka zamykana na kluczyk, idealna do przechowywania defibrylatora AED w zak\u0142adach pracy, biurach i halach produkcyjnych. Wyposa\u017cona w szklane okienko do obserwacji kontrolki oraz system 'zbij szybk\u0119&#8217; zapewniaj\u0105cy szybki dost\u0119p w razie potrzeby.<\/p>","protected":false},"featured_media":6116,"comment_status":"open","ping_status":"closed","template":"","meta":{"content-type":"","om_disable_all_campaigns":false,"_monsterinsights_skip_tracking":false,"_monsterinsights_sitenote_active":false,"_monsterinsights_sitenote_note":"","_monsterinsights_sitenote_category":0},"product_cat":[94],"product_tag":[],"class_list":{"0":"post-5996","1":"product","2":"type-product","3":"status-publish","4":"has-post-thumbnail","6":"product_cat-gabloty-i-szafki","8":"first","9":"instock","10":"shipping-taxable","11":"purchasable","12":"product-type-simple"},"yoast_head":"<!-- This site is optimized with the Yoast SEO plugin v23.8 - https:\/\/yoast.com\/wordpress\/plugins\/seo\/ -->\n<title>Szafka Metalowa Bia\u0142a - sklep.med4life.com.pl<\/title>\n<meta name=\"robots\" content=\"index, follow, max-snippet:-1, max-image-preview:large, max-video-preview:-1\" \/>\n<link rel=\"canonical\" href=\"https:\/\/sklep.med4life.com.pl\/en\/product\/szafka-metalowa-biala\/\" \/>\n<meta property=\"og:locale\" content=\"en_US\" \/>\n<meta property=\"og:type\" content=\"article\" \/>\n<meta property=\"og:title\" content=\"Szafka Metalowa Bia\u0142a - sklep.med4life.com.pl\" \/>\n<meta property=\"og:description\" content=\"Metalowa szafka zamykana na kluczyk, idealna do przechowywania defibrylatora AED w zak\u0142adach pracy, biurach i halach produkcyjnych. Wyposa\u017cona w szklane okienko do obserwacji kontrolki oraz system &#039;zbij szybk\u0119&#039; zapewniaj\u0105cy szybki dost\u0119p w razie potrzeby.\" \/>\n<meta property=\"og:url\" content=\"https:\/\/sklep.med4life.com.pl\/en\/product\/szafka-metalowa-biala\/\" \/>\n<meta property=\"og:site_name\" content=\"sklep.med4life.com.pl\" \/>\n<meta property=\"article:modified_time\" content=\"2024-09-25T09:23:43+00:00\" \/>\n<meta property=\"og:image\" content=\"https:\/\/sklep.med4life.com.pl\/wp-content\/uploads\/2024\/09\/MG_9976-1.jpg\" \/>\n\t<meta property=\"og:image:width\" content=\"1500\" \/>\n\t<meta property=\"og:image:height\" content=\"1000\" \/>\n\t<meta property=\"og:image:type\" content=\"image\/jpeg\" \/>\n<meta name=\"twitter:card\" content=\"summary_large_image\" \/>\n<meta name=\"twitter:label1\" content=\"Est. reading time\" \/>\n\t<meta name=\"twitter:data1\" content=\"1 minute\" \/>\n<script type=\"application\/ld+json\" class=\"yoast-schema-graph\">{\"@context\":\"https:\/\/schema.org\",\"@graph\":[{\"@type\":\"WebPage\",\"@id\":\"https:\/\/sklep.med4life.com.pl\/product\/szafka-metalowa-biala\/\",\"url\":\"https:\/\/sklep.med4life.com.pl\/product\/szafka-metalowa-biala\/\",\"name\":\"Szafka Metalowa Bia\u0142a - sklep.med4life.com.pl\",\"isPartOf\":{\"@id\":\"https:\/\/sklep.med4life.com.pl\/#website\"},\"primaryImageOfPage\":{\"@id\":\"https:\/\/sklep.med4life.com.pl\/product\/szafka-metalowa-biala\/#primaryimage\"},\"image\":{\"@id\":\"https:\/\/sklep.med4life.com.pl\/product\/szafka-metalowa-biala\/#primaryimage\"},\"thumbnailUrl\":\"https:\/\/sklep.med4life.com.pl\/wp-content\/uploads\/2024\/09\/MG_9976-1.jpg\",\"datePublished\":\"2024-09-24T14:21:43+00:00\",\"dateModified\":\"2024-09-25T09:23:43+00:00\",\"breadcrumb\":{\"@id\":\"https:\/\/sklep.med4life.com.pl\/product\/szafka-metalowa-biala\/#breadcrumb\"},\"inLanguage\":\"en-US\",\"potentialAction\":[{\"@type\":\"ReadAction\",\"target\":[\"https:\/\/sklep.med4life.com.pl\/product\/szafka-metalowa-biala\/\"]}]},{\"@type\":\"ImageObject\",\"inLanguage\":\"en-US\",\"@id\":\"https:\/\/sklep.med4life.com.pl\/product\/szafka-metalowa-biala\/#primaryimage\",\"url\":\"https:\/\/sklep.med4life.com.pl\/wp-content\/uploads\/2024\/09\/MG_9976-1.jpg\",\"contentUrl\":\"https:\/\/sklep.med4life.com.pl\/wp-content\/uploads\/2024\/09\/MG_9976-1.jpg\",\"width\":1500,\"height\":1000},{\"@type\":\"BreadcrumbList\",\"@id\":\"https:\/\/sklep.med4life.com.pl\/product\/szafka-metalowa-biala\/#breadcrumb\",\"itemListElement\":[{\"@type\":\"ListItem\",\"position\":1,\"name\":\"Strona g\u0142\u00f3wna\",\"item\":\"https:\/\/sklep.med4life.com.pl\/\"},{\"@type\":\"ListItem\",\"position\":2,\"name\":\"Sklep\",\"item\":\"https:\/\/sklep.med4life.com.pl\/shop\/\"},{\"@type\":\"ListItem\",\"position\":3,\"name\":\"Szafka Metalowa Bia\u0142a\"}]},{\"@type\":\"WebSite\",\"@id\":\"https:\/\/sklep.med4life.com.pl\/#website\",\"url\":\"https:\/\/sklep.med4life.com.pl\/\",\"name\":\"sklep.med4life.com.pl\",\"description\":\"\",\"potentialAction\":[{\"@type\":\"SearchAction\",\"target\":{\"@type\":\"EntryPoint\",\"urlTemplate\":\"https:\/\/sklep.med4life.com.pl\/?s={search_term_string}\"},\"query-input\":{\"@type\":\"PropertyValueSpecification\",\"valueRequired\":true,\"valueName\":\"search_term_string\"}}],\"inLanguage\":\"en-US\"}]}<\/script>\n<!-- \/ Yoast SEO plugin. -->","yoast_head_json":{"title":"Szafka Metalowa Bia\u0142a - sklep.med4life.com.pl","robots":{"index":"index","follow":"follow","max-snippet":"max-snippet:-1","max-image-preview":"max-image-preview:large","max-video-preview":"max-video-preview:-1"},"canonical":"https:\/\/sklep.med4life.com.pl\/en\/product\/szafka-metalowa-biala\/","og_locale":"en_US","og_type":"article","og_title":"Szafka Metalowa Bia\u0142a - sklep.med4life.com.pl","og_description":"Metalowa szafka zamykana na kluczyk, idealna do przechowywania defibrylatora AED w zak\u0142adach pracy, biurach i halach produkcyjnych. Wyposa\u017cona w szklane okienko do obserwacji kontrolki oraz system 'zbij szybk\u0119' zapewniaj\u0105cy szybki dost\u0119p w razie potrzeby.","og_url":"https:\/\/sklep.med4life.com.pl\/en\/product\/szafka-metalowa-biala\/","og_site_name":"sklep.med4life.com.pl","article_modified_time":"2024-09-25T09:23:43+00:00","og_image":[{"width":1500,"height":1000,"url":"https:\/\/sklep.med4life.com.pl\/wp-content\/uploads\/2024\/09\/MG_9976-1.jpg","type":"image\/jpeg"}],"twitter_card":"summary_large_image","twitter_misc":{"Est. reading time":"1 minute"},"schema":{"@context":"https:\/\/schema.org","@graph":[{"@type":"WebPage","@id":"https:\/\/sklep.med4life.com.pl\/product\/szafka-metalowa-biala\/","url":"https:\/\/sklep.med4life.com.pl\/product\/szafka-metalowa-biala\/","name":"Szafka Metalowa Bia\u0142a - sklep.med4life.com.pl","isPartOf":{"@id":"https:\/\/sklep.med4life.com.pl\/#website"},"primaryImageOfPage":{"@id":"https:\/\/sklep.med4life.com.pl\/product\/szafka-metalowa-biala\/#primaryimage"},"image":{"@id":"https:\/\/sklep.med4life.com.pl\/product\/szafka-metalowa-biala\/#primaryimage"},"thumbnailUrl":"https:\/\/sklep.med4life.com.pl\/wp-content\/uploads\/2024\/09\/MG_9976-1.jpg","datePublished":"2024-09-24T14:21:43+00:00","dateModified":"2024-09-25T09:23:43+00:00","breadcrumb":{"@id":"https:\/\/sklep.med4life.com.pl\/product\/szafka-metalowa-biala\/#breadcrumb"},"inLanguage":"en-US","potentialAction":[{"@type":"ReadAction","target":["https:\/\/sklep.med4life.com.pl\/product\/szafka-metalowa-biala\/"]}]},{"@type":"ImageObject","inLanguage":"en-US","@id":"https:\/\/sklep.med4life.com.pl\/product\/szafka-metalowa-biala\/#primaryimage","url":"https:\/\/sklep.med4life.com.pl\/wp-content\/uploads\/2024\/09\/MG_9976-1.jpg","contentUrl":"https:\/\/sklep.med4life.com.pl\/wp-content\/uploads\/2024\/09\/MG_9976-1.jpg","width":1500,"height":1000},{"@type":"BreadcrumbList","@id":"https:\/\/sklep.med4life.com.pl\/product\/szafka-metalowa-biala\/#breadcrumb","itemListElement":[{"@type":"ListItem","position":1,"name":"Strona g\u0142\u00f3wna","item":"https:\/\/sklep.med4life.com.pl\/"},{"@type":"ListItem","position":2,"name":"Sklep","item":"https:\/\/sklep.med4life.com.pl\/shop\/"},{"@type":"ListItem","position":3,"name":"Szafka Metalowa Bia\u0142a"}]},{"@type":"WebSite","@id":"https:\/\/sklep.med4life.com.pl\/#website","url":"https:\/\/sklep.med4life.com.pl\/","name":"sklep.med4life.com.pl","description":"","potentialAction":[{"@type":"SearchAction","target":{"@type":"EntryPoint","urlTemplate":"https:\/\/sklep.med4life.com.pl\/?s={search_term_string}"},"query-input":{"@type":"PropertyValueSpecification","valueRequired":true,"valueName":"search_term_string"}}],"inLanguage":"en-US"}]}},"_links":{"self":[{"href":"https:\/\/sklep.med4life.com.pl\/en\/wp-json\/wp\/v2\/product\/5996","targetHints":{"allow":["GET"]}}],"collection":[{"href":"https:\/\/sklep.med4life.com.pl\/en\/wp-json\/wp\/v2\/product"}],"about":[{"href":"https:\/\/sklep.med4life.com.pl\/en\/wp-json\/wp\/v2\/types\/product"}],"replies":[{"embeddable":true,"href":"https:\/\/sklep.med4life.com.pl\/en\/wp-json\/wp\/v2\/comments?post=5996"}],"wp:featuredmedia":[{"embeddable":true,"href":"https:\/\/sklep.med4life.com.pl\/en\/wp-json\/wp\/v2\/media\/6116"}],"wp:attachment":[{"href":"https:\/\/sklep.med4life.com.pl\/en\/wp-json\/wp\/v2\/media?parent=5996"}],"wp:term":[{"taxonomy":"product_cat","embeddable":true,"href":"https:\/\/sklep.med4life.com.pl\/en\/wp-json\/wp\/v2\/product_cat?post=5996"},{"taxonomy":"product_tag","embeddable":true,"href":"https:\/\/sklep.med4life.com.pl\/en\/wp-json\/wp\/v2\/product_tag?post=5996"}],"curies":[{"name":"wp","href":"https:\/\/api.w.org\/{rel}","templated":true}]}}