{"id":6031,"date":"2024-09-24T16:36:34","date_gmt":"2024-09-24T14:36:34","guid":{"rendered":"https:\/\/sklep.med4life.com.pl\/?post_type=product&#038;p=6031"},"modified":"2024-09-25T11:16:22","modified_gmt":"2024-09-25T09:16:22","slug":"tablica-lokalizacji","status":"publish","type":"product","link":"https:\/\/sklep.med4life.com.pl\/en\/product\/tablica-lokalizacji\/","title":{"rendered":"Tablica Lokalizacji"},"content":{"rendered":"<p>Tablica lokalizacji AED, wykonana z trwa\u0142ego materia\u0142u PCV z matowym laminatem, doskonale sprawdza si\u0119 w r\u00f3\u017cnorodnych obiektach \u2013 od biur i magazyn\u00f3w, po o\u015brodki sportowe i galerie handlowe. Na bia\u0142ym tle wyra\u017anie zaznaczono informacj\u0119 o obecno\u015bci defibrylatora AED w obiekcie, a pusta przestrze\u0144 umo\u017cliwia wpisanie dok\u0142adnej lokalizacji urz\u0105dzenia. Tablica dost\u0119pna jest w dw\u00f3ch kolorach \u2013 zielonym i r\u00f3\u017cowym \u2013 co pozwala na dopasowanie do r\u00f3\u017cnych wn\u0119trz i styl\u00f3w aran\u017cacji. To praktyczne i estetyczne rozwi\u0105zanie zwi\u0119ksza \u015bwiadomo\u015b\u0107 obecno\u015bci AED oraz u\u0142atwia jego szybkie zlokalizowanie w sytuacjach awaryjnych.<\/p>","protected":false},"excerpt":{"rendered":"<p>Tablica lokalizacji AED wykonana z wysokiej jako\u015bci PCV z matowym laminatem, dost\u0119pna w kolorze zielonym lub r\u00f3\u017cowym. Wyra\u017ana informacja na bia\u0142ym tle oraz miejsce na wpisanie lokalizacji defibrylatora sprawiaj\u0105, \u017ce tablica idealnie nadaje si\u0119 do biur, magazyn\u00f3w, o\u015brodk\u00f3w sportowych i galerii handlowych.<\/p>","protected":false},"featured_media":6098,"comment_status":"open","ping_status":"closed","template":"","meta":{"content-type":"","om_disable_all_campaigns":false,"_monsterinsights_skip_tracking":false,"_monsterinsights_sitenote_active":false,"_monsterinsights_sitenote_note":"","_monsterinsights_sitenote_category":0},"product_cat":[96],"product_tag":[],"class_list":{"0":"post-6031","1":"product","2":"type-product","3":"status-publish","4":"has-post-thumbnail","6":"product_cat-tablice-i-tabliczki","8":"first","9":"instock","10":"shipping-taxable","11":"purchasable","12":"product-type-variable"},"yoast_head":"<!-- This site is optimized with the Yoast SEO plugin v23.8 - https:\/\/yoast.com\/wordpress\/plugins\/seo\/ -->\n<title>Tablica Lokalizacji - sklep.med4life.com.pl<\/title>\n<meta name=\"robots\" content=\"index, follow, max-snippet:-1, max-image-preview:large, max-video-preview:-1\" \/>\n<link rel=\"canonical\" href=\"https:\/\/sklep.med4life.com.pl\/en\/product\/tablica-lokalizacji\/\" \/>\n<meta property=\"og:locale\" content=\"en_US\" \/>\n<meta property=\"og:type\" content=\"article\" \/>\n<meta property=\"og:title\" content=\"Tablica Lokalizacji - sklep.med4life.com.pl\" \/>\n<meta property=\"og:description\" content=\"Tablica lokalizacji AED wykonana z wysokiej jako\u015bci PCV z matowym laminatem, dost\u0119pna w kolorze zielonym lub r\u00f3\u017cowym. Wyra\u017ana informacja na bia\u0142ym tle oraz miejsce na wpisanie lokalizacji defibrylatora sprawiaj\u0105, \u017ce tablica idealnie nadaje si\u0119 do biur, magazyn\u00f3w, o\u015brodk\u00f3w sportowych i galerii handlowych.\" \/>\n<meta property=\"og:url\" content=\"https:\/\/sklep.med4life.com.pl\/en\/product\/tablica-lokalizacji\/\" \/>\n<meta property=\"og:site_name\" content=\"sklep.med4life.com.pl\" \/>\n<meta property=\"article:modified_time\" content=\"2024-09-25T09:16:22+00:00\" \/>\n<meta property=\"og:image\" content=\"https:\/\/sklep.med4life.com.pl\/wp-content\/uploads\/2024\/09\/MG_0052.jpg\" \/>\n\t<meta property=\"og:image:width\" content=\"783\" \/>\n\t<meta property=\"og:image:height\" content=\"820\" \/>\n\t<meta property=\"og:image:type\" content=\"image\/jpeg\" \/>\n<meta name=\"twitter:card\" content=\"summary_large_image\" \/>\n<meta name=\"twitter:label1\" content=\"Est. reading time\" \/>\n\t<meta name=\"twitter:data1\" content=\"1 minute\" \/>\n<script type=\"application\/ld+json\" class=\"yoast-schema-graph\">{\"@context\":\"https:\/\/schema.org\",\"@graph\":[{\"@type\":\"WebPage\",\"@id\":\"https:\/\/sklep.med4life.com.pl\/product\/tablica-lokalizacji\/\",\"url\":\"https:\/\/sklep.med4life.com.pl\/product\/tablica-lokalizacji\/\",\"name\":\"Tablica Lokalizacji - sklep.med4life.com.pl\",\"isPartOf\":{\"@id\":\"https:\/\/sklep.med4life.com.pl\/#website\"},\"primaryImageOfPage\":{\"@id\":\"https:\/\/sklep.med4life.com.pl\/product\/tablica-lokalizacji\/#primaryimage\"},\"image\":{\"@id\":\"https:\/\/sklep.med4life.com.pl\/product\/tablica-lokalizacji\/#primaryimage\"},\"thumbnailUrl\":\"https:\/\/sklep.med4life.com.pl\/wp-content\/uploads\/2024\/09\/MG_0052.jpg\",\"datePublished\":\"2024-09-24T14:36:34+00:00\",\"dateModified\":\"2024-09-25T09:16:22+00:00\",\"breadcrumb\":{\"@id\":\"https:\/\/sklep.med4life.com.pl\/product\/tablica-lokalizacji\/#breadcrumb\"},\"inLanguage\":\"en-US\",\"potentialAction\":[{\"@type\":\"ReadAction\",\"target\":[\"https:\/\/sklep.med4life.com.pl\/product\/tablica-lokalizacji\/\"]}]},{\"@type\":\"ImageObject\",\"inLanguage\":\"en-US\",\"@id\":\"https:\/\/sklep.med4life.com.pl\/product\/tablica-lokalizacji\/#primaryimage\",\"url\":\"https:\/\/sklep.med4life.com.pl\/wp-content\/uploads\/2024\/09\/MG_0052.jpg\",\"contentUrl\":\"https:\/\/sklep.med4life.com.pl\/wp-content\/uploads\/2024\/09\/MG_0052.jpg\",\"width\":783,\"height\":820},{\"@type\":\"BreadcrumbList\",\"@id\":\"https:\/\/sklep.med4life.com.pl\/product\/tablica-lokalizacji\/#breadcrumb\",\"itemListElement\":[{\"@type\":\"ListItem\",\"position\":1,\"name\":\"Strona g\u0142\u00f3wna\",\"item\":\"https:\/\/sklep.med4life.com.pl\/\"},{\"@type\":\"ListItem\",\"position\":2,\"name\":\"Sklep\",\"item\":\"https:\/\/sklep.med4life.com.pl\/shop\/\"},{\"@type\":\"ListItem\",\"position\":3,\"name\":\"Tablica Lokalizacji\"}]},{\"@type\":\"WebSite\",\"@id\":\"https:\/\/sklep.med4life.com.pl\/#website\",\"url\":\"https:\/\/sklep.med4life.com.pl\/\",\"name\":\"sklep.med4life.com.pl\",\"description\":\"\",\"potentialAction\":[{\"@type\":\"SearchAction\",\"target\":{\"@type\":\"EntryPoint\",\"urlTemplate\":\"https:\/\/sklep.med4life.com.pl\/?s={search_term_string}\"},\"query-input\":{\"@type\":\"PropertyValueSpecification\",\"valueRequired\":true,\"valueName\":\"search_term_string\"}}],\"inLanguage\":\"en-US\"}]}<\/script>\n<!-- \/ Yoast SEO plugin. -->","yoast_head_json":{"title":"Tablica Lokalizacji - sklep.med4life.com.pl","robots":{"index":"index","follow":"follow","max-snippet":"max-snippet:-1","max-image-preview":"max-image-preview:large","max-video-preview":"max-video-preview:-1"},"canonical":"https:\/\/sklep.med4life.com.pl\/en\/product\/tablica-lokalizacji\/","og_locale":"en_US","og_type":"article","og_title":"Tablica Lokalizacji - sklep.med4life.com.pl","og_description":"Tablica lokalizacji AED wykonana z wysokiej jako\u015bci PCV z matowym laminatem, dost\u0119pna w kolorze zielonym lub r\u00f3\u017cowym. Wyra\u017ana informacja na bia\u0142ym tle oraz miejsce na wpisanie lokalizacji defibrylatora sprawiaj\u0105, \u017ce tablica idealnie nadaje si\u0119 do biur, magazyn\u00f3w, o\u015brodk\u00f3w sportowych i galerii handlowych.","og_url":"https:\/\/sklep.med4life.com.pl\/en\/product\/tablica-lokalizacji\/","og_site_name":"sklep.med4life.com.pl","article_modified_time":"2024-09-25T09:16:22+00:00","og_image":[{"width":783,"height":820,"url":"https:\/\/sklep.med4life.com.pl\/wp-content\/uploads\/2024\/09\/MG_0052.jpg","type":"image\/jpeg"}],"twitter_card":"summary_large_image","twitter_misc":{"Est. reading time":"1 minute"},"schema":{"@context":"https:\/\/schema.org","@graph":[{"@type":"WebPage","@id":"https:\/\/sklep.med4life.com.pl\/product\/tablica-lokalizacji\/","url":"https:\/\/sklep.med4life.com.pl\/product\/tablica-lokalizacji\/","name":"Tablica Lokalizacji - sklep.med4life.com.pl","isPartOf":{"@id":"https:\/\/sklep.med4life.com.pl\/#website"},"primaryImageOfPage":{"@id":"https:\/\/sklep.med4life.com.pl\/product\/tablica-lokalizacji\/#primaryimage"},"image":{"@id":"https:\/\/sklep.med4life.com.pl\/product\/tablica-lokalizacji\/#primaryimage"},"thumbnailUrl":"https:\/\/sklep.med4life.com.pl\/wp-content\/uploads\/2024\/09\/MG_0052.jpg","datePublished":"2024-09-24T14:36:34+00:00","dateModified":"2024-09-25T09:16:22+00:00","breadcrumb":{"@id":"https:\/\/sklep.med4life.com.pl\/product\/tablica-lokalizacji\/#breadcrumb"},"inLanguage":"en-US","potentialAction":[{"@type":"ReadAction","target":["https:\/\/sklep.med4life.com.pl\/product\/tablica-lokalizacji\/"]}]},{"@type":"ImageObject","inLanguage":"en-US","@id":"https:\/\/sklep.med4life.com.pl\/product\/tablica-lokalizacji\/#primaryimage","url":"https:\/\/sklep.med4life.com.pl\/wp-content\/uploads\/2024\/09\/MG_0052.jpg","contentUrl":"https:\/\/sklep.med4life.com.pl\/wp-content\/uploads\/2024\/09\/MG_0052.jpg","width":783,"height":820},{"@type":"BreadcrumbList","@id":"https:\/\/sklep.med4life.com.pl\/product\/tablica-lokalizacji\/#breadcrumb","itemListElement":[{"@type":"ListItem","position":1,"name":"Strona g\u0142\u00f3wna","item":"https:\/\/sklep.med4life.com.pl\/"},{"@type":"ListItem","position":2,"name":"Sklep","item":"https:\/\/sklep.med4life.com.pl\/shop\/"},{"@type":"ListItem","position":3,"name":"Tablica Lokalizacji"}]},{"@type":"WebSite","@id":"https:\/\/sklep.med4life.com.pl\/#website","url":"https:\/\/sklep.med4life.com.pl\/","name":"sklep.med4life.com.pl","description":"","potentialAction":[{"@type":"SearchAction","target":{"@type":"EntryPoint","urlTemplate":"https:\/\/sklep.med4life.com.pl\/?s={search_term_string}"},"query-input":{"@type":"PropertyValueSpecification","valueRequired":true,"valueName":"search_term_string"}}],"inLanguage":"en-US"}]}},"_links":{"self":[{"href":"https:\/\/sklep.med4life.com.pl\/en\/wp-json\/wp\/v2\/product\/6031","targetHints":{"allow":["GET"]}}],"collection":[{"href":"https:\/\/sklep.med4life.com.pl\/en\/wp-json\/wp\/v2\/product"}],"about":[{"href":"https:\/\/sklep.med4life.com.pl\/en\/wp-json\/wp\/v2\/types\/product"}],"replies":[{"embeddable":true,"href":"https:\/\/sklep.med4life.com.pl\/en\/wp-json\/wp\/v2\/comments?post=6031"}],"wp:featuredmedia":[{"embeddable":true,"href":"https:\/\/sklep.med4life.com.pl\/en\/wp-json\/wp\/v2\/media\/6098"}],"wp:attachment":[{"href":"https:\/\/sklep.med4life.com.pl\/en\/wp-json\/wp\/v2\/media?parent=6031"}],"wp:term":[{"taxonomy":"product_cat","embeddable":true,"href":"https:\/\/sklep.med4life.com.pl\/en\/wp-json\/wp\/v2\/product_cat?post=6031"},{"taxonomy":"product_tag","embeddable":true,"href":"https:\/\/sklep.med4life.com.pl\/en\/wp-json\/wp\/v2\/product_tag?post=6031"}],"curies":[{"name":"wp","href":"https:\/\/api.w.org\/{rel}","templated":true}]}}