{"id":6033,"date":"2024-09-24T16:42:22","date_gmt":"2024-09-24T14:42:22","guid":{"rendered":"https:\/\/sklep.med4life.com.pl\/?post_type=product&#038;p=6033"},"modified":"2024-09-25T11:13:04","modified_gmt":"2024-09-25T09:13:04","slug":"tabliczka-fluorescencyjna","status":"publish","type":"product","link":"https:\/\/sklep.med4life.com.pl\/en\/product\/tabliczka-fluorescencyjna\/","title":{"rendered":"Tabliczka Fluorescencyjna"},"content":{"rendered":"<p>Fluorescencyjna tablica AED, wyposa\u017cona w pow\u0142ok\u0119 umo\u017cliwiaj\u0105c\u0105 widoczno\u015b\u0107 w warunkach du\u017cego zaciemnienia, doskonale sprawdza si\u0119 w sytuacjach awaryjnych. Dzi\u0119ki swoim kompaktowym wymiarom 2D, tablica jest idealna do mniejszych pomieszcze\u0144, takich jak biura, pokoje oraz korytarze, a tak\u017ce do umieszczania na zewn\u0119trznych \u015bcianach budynk\u00f3w, parkingach i innych przestrzeniach zewn\u0119trznych. Tablica jest praktycznym i niezawodnym rozwi\u0105zaniem, kt\u00f3re pomaga szybko zlokalizowa\u0107 defibrylator AED w sytuacjach, gdy liczy si\u0119 ka\u017cda sekunda.<\/p>","protected":false},"excerpt":{"rendered":"<p>Fluorescencyjna tablica AED, kt\u00f3ra umo\u017cliwia \u0142atw\u0105 lokalizacj\u0119 defibrylatora w warunkach zaciemnienia. Idealna do ma\u0142ych pomieszcze\u0144 oraz do monta\u017cu na zewn\u0119trznych \u015bcianach budynk\u00f3w i parkingach.<\/p>","protected":false},"featured_media":6083,"comment_status":"open","ping_status":"closed","template":"","meta":{"content-type":"","om_disable_all_campaigns":false,"_monsterinsights_skip_tracking":false,"_monsterinsights_sitenote_active":false,"_monsterinsights_sitenote_note":"","_monsterinsights_sitenote_category":0},"product_cat":[96],"product_tag":[],"class_list":{"0":"post-6033","1":"product","2":"type-product","3":"status-publish","4":"has-post-thumbnail","6":"product_cat-tablice-i-tabliczki","8":"first","9":"instock","10":"shipping-taxable","11":"purchasable","12":"product-type-variable"},"yoast_head":"<!-- This site is optimized with the Yoast SEO plugin v23.8 - https:\/\/yoast.com\/wordpress\/plugins\/seo\/ -->\n<title>Tabliczka Fluorescencyjna - sklep.med4life.com.pl<\/title>\n<meta name=\"robots\" content=\"index, follow, max-snippet:-1, max-image-preview:large, max-video-preview:-1\" \/>\n<link rel=\"canonical\" href=\"https:\/\/sklep.med4life.com.pl\/en\/product\/tabliczka-fluorescencyjna\/\" \/>\n<meta property=\"og:locale\" content=\"en_US\" \/>\n<meta property=\"og:type\" content=\"article\" \/>\n<meta property=\"og:title\" content=\"Tabliczka Fluorescencyjna - sklep.med4life.com.pl\" \/>\n<meta property=\"og:description\" content=\"Fluorescencyjna tablica AED, kt\u00f3ra umo\u017cliwia \u0142atw\u0105 lokalizacj\u0119 defibrylatora w warunkach zaciemnienia. Idealna do ma\u0142ych pomieszcze\u0144 oraz do monta\u017cu na zewn\u0119trznych \u015bcianach budynk\u00f3w i parkingach.\" \/>\n<meta property=\"og:url\" content=\"https:\/\/sklep.med4life.com.pl\/en\/product\/tabliczka-fluorescencyjna\/\" \/>\n<meta property=\"og:site_name\" content=\"sklep.med4life.com.pl\" \/>\n<meta property=\"article:modified_time\" content=\"2024-09-25T09:13:04+00:00\" \/>\n<meta property=\"og:image\" content=\"https:\/\/sklep.med4life.com.pl\/wp-content\/uploads\/2024\/09\/tablica-fluo.png\" \/>\n\t<meta property=\"og:image:width\" content=\"261\" \/>\n\t<meta property=\"og:image:height\" content=\"315\" \/>\n\t<meta property=\"og:image:type\" content=\"image\/png\" \/>\n<meta name=\"twitter:card\" content=\"summary_large_image\" \/>\n<meta name=\"twitter:label1\" content=\"Est. reading time\" \/>\n\t<meta name=\"twitter:data1\" content=\"1 minute\" \/>\n<script type=\"application\/ld+json\" class=\"yoast-schema-graph\">{\"@context\":\"https:\/\/schema.org\",\"@graph\":[{\"@type\":\"WebPage\",\"@id\":\"https:\/\/sklep.med4life.com.pl\/product\/tabliczka-fluorescencyjna\/\",\"url\":\"https:\/\/sklep.med4life.com.pl\/product\/tabliczka-fluorescencyjna\/\",\"name\":\"Tabliczka Fluorescencyjna - sklep.med4life.com.pl\",\"isPartOf\":{\"@id\":\"https:\/\/sklep.med4life.com.pl\/#website\"},\"primaryImageOfPage\":{\"@id\":\"https:\/\/sklep.med4life.com.pl\/product\/tabliczka-fluorescencyjna\/#primaryimage\"},\"image\":{\"@id\":\"https:\/\/sklep.med4life.com.pl\/product\/tabliczka-fluorescencyjna\/#primaryimage\"},\"thumbnailUrl\":\"https:\/\/sklep.med4life.com.pl\/wp-content\/uploads\/2024\/09\/tablica-fluo.png\",\"datePublished\":\"2024-09-24T14:42:22+00:00\",\"dateModified\":\"2024-09-25T09:13:04+00:00\",\"breadcrumb\":{\"@id\":\"https:\/\/sklep.med4life.com.pl\/product\/tabliczka-fluorescencyjna\/#breadcrumb\"},\"inLanguage\":\"en-US\",\"potentialAction\":[{\"@type\":\"ReadAction\",\"target\":[\"https:\/\/sklep.med4life.com.pl\/product\/tabliczka-fluorescencyjna\/\"]}]},{\"@type\":\"ImageObject\",\"inLanguage\":\"en-US\",\"@id\":\"https:\/\/sklep.med4life.com.pl\/product\/tabliczka-fluorescencyjna\/#primaryimage\",\"url\":\"https:\/\/sklep.med4life.com.pl\/wp-content\/uploads\/2024\/09\/tablica-fluo.png\",\"contentUrl\":\"https:\/\/sklep.med4life.com.pl\/wp-content\/uploads\/2024\/09\/tablica-fluo.png\",\"width\":261,\"height\":315},{\"@type\":\"BreadcrumbList\",\"@id\":\"https:\/\/sklep.med4life.com.pl\/product\/tabliczka-fluorescencyjna\/#breadcrumb\",\"itemListElement\":[{\"@type\":\"ListItem\",\"position\":1,\"name\":\"Strona g\u0142\u00f3wna\",\"item\":\"https:\/\/sklep.med4life.com.pl\/\"},{\"@type\":\"ListItem\",\"position\":2,\"name\":\"Sklep\",\"item\":\"https:\/\/sklep.med4life.com.pl\/shop\/\"},{\"@type\":\"ListItem\",\"position\":3,\"name\":\"Tabliczka Fluorescencyjna\"}]},{\"@type\":\"WebSite\",\"@id\":\"https:\/\/sklep.med4life.com.pl\/#website\",\"url\":\"https:\/\/sklep.med4life.com.pl\/\",\"name\":\"sklep.med4life.com.pl\",\"description\":\"\",\"potentialAction\":[{\"@type\":\"SearchAction\",\"target\":{\"@type\":\"EntryPoint\",\"urlTemplate\":\"https:\/\/sklep.med4life.com.pl\/?s={search_term_string}\"},\"query-input\":{\"@type\":\"PropertyValueSpecification\",\"valueRequired\":true,\"valueName\":\"search_term_string\"}}],\"inLanguage\":\"en-US\"}]}<\/script>\n<!-- \/ Yoast SEO plugin. -->","yoast_head_json":{"title":"Tabliczka Fluorescencyjna - sklep.med4life.com.pl","robots":{"index":"index","follow":"follow","max-snippet":"max-snippet:-1","max-image-preview":"max-image-preview:large","max-video-preview":"max-video-preview:-1"},"canonical":"https:\/\/sklep.med4life.com.pl\/en\/product\/tabliczka-fluorescencyjna\/","og_locale":"en_US","og_type":"article","og_title":"Tabliczka Fluorescencyjna - sklep.med4life.com.pl","og_description":"Fluorescencyjna tablica AED, kt\u00f3ra umo\u017cliwia \u0142atw\u0105 lokalizacj\u0119 defibrylatora w warunkach zaciemnienia. Idealna do ma\u0142ych pomieszcze\u0144 oraz do monta\u017cu na zewn\u0119trznych \u015bcianach budynk\u00f3w i parkingach.","og_url":"https:\/\/sklep.med4life.com.pl\/en\/product\/tabliczka-fluorescencyjna\/","og_site_name":"sklep.med4life.com.pl","article_modified_time":"2024-09-25T09:13:04+00:00","og_image":[{"width":261,"height":315,"url":"https:\/\/sklep.med4life.com.pl\/wp-content\/uploads\/2024\/09\/tablica-fluo.png","type":"image\/png"}],"twitter_card":"summary_large_image","twitter_misc":{"Est. reading time":"1 minute"},"schema":{"@context":"https:\/\/schema.org","@graph":[{"@type":"WebPage","@id":"https:\/\/sklep.med4life.com.pl\/product\/tabliczka-fluorescencyjna\/","url":"https:\/\/sklep.med4life.com.pl\/product\/tabliczka-fluorescencyjna\/","name":"Tabliczka Fluorescencyjna - sklep.med4life.com.pl","isPartOf":{"@id":"https:\/\/sklep.med4life.com.pl\/#website"},"primaryImageOfPage":{"@id":"https:\/\/sklep.med4life.com.pl\/product\/tabliczka-fluorescencyjna\/#primaryimage"},"image":{"@id":"https:\/\/sklep.med4life.com.pl\/product\/tabliczka-fluorescencyjna\/#primaryimage"},"thumbnailUrl":"https:\/\/sklep.med4life.com.pl\/wp-content\/uploads\/2024\/09\/tablica-fluo.png","datePublished":"2024-09-24T14:42:22+00:00","dateModified":"2024-09-25T09:13:04+00:00","breadcrumb":{"@id":"https:\/\/sklep.med4life.com.pl\/product\/tabliczka-fluorescencyjna\/#breadcrumb"},"inLanguage":"en-US","potentialAction":[{"@type":"ReadAction","target":["https:\/\/sklep.med4life.com.pl\/product\/tabliczka-fluorescencyjna\/"]}]},{"@type":"ImageObject","inLanguage":"en-US","@id":"https:\/\/sklep.med4life.com.pl\/product\/tabliczka-fluorescencyjna\/#primaryimage","url":"https:\/\/sklep.med4life.com.pl\/wp-content\/uploads\/2024\/09\/tablica-fluo.png","contentUrl":"https:\/\/sklep.med4life.com.pl\/wp-content\/uploads\/2024\/09\/tablica-fluo.png","width":261,"height":315},{"@type":"BreadcrumbList","@id":"https:\/\/sklep.med4life.com.pl\/product\/tabliczka-fluorescencyjna\/#breadcrumb","itemListElement":[{"@type":"ListItem","position":1,"name":"Strona g\u0142\u00f3wna","item":"https:\/\/sklep.med4life.com.pl\/"},{"@type":"ListItem","position":2,"name":"Sklep","item":"https:\/\/sklep.med4life.com.pl\/shop\/"},{"@type":"ListItem","position":3,"name":"Tabliczka Fluorescencyjna"}]},{"@type":"WebSite","@id":"https:\/\/sklep.med4life.com.pl\/#website","url":"https:\/\/sklep.med4life.com.pl\/","name":"sklep.med4life.com.pl","description":"","potentialAction":[{"@type":"SearchAction","target":{"@type":"EntryPoint","urlTemplate":"https:\/\/sklep.med4life.com.pl\/?s={search_term_string}"},"query-input":{"@type":"PropertyValueSpecification","valueRequired":true,"valueName":"search_term_string"}}],"inLanguage":"en-US"}]}},"_links":{"self":[{"href":"https:\/\/sklep.med4life.com.pl\/en\/wp-json\/wp\/v2\/product\/6033","targetHints":{"allow":["GET"]}}],"collection":[{"href":"https:\/\/sklep.med4life.com.pl\/en\/wp-json\/wp\/v2\/product"}],"about":[{"href":"https:\/\/sklep.med4life.com.pl\/en\/wp-json\/wp\/v2\/types\/product"}],"replies":[{"embeddable":true,"href":"https:\/\/sklep.med4life.com.pl\/en\/wp-json\/wp\/v2\/comments?post=6033"}],"wp:featuredmedia":[{"embeddable":true,"href":"https:\/\/sklep.med4life.com.pl\/en\/wp-json\/wp\/v2\/media\/6083"}],"wp:attachment":[{"href":"https:\/\/sklep.med4life.com.pl\/en\/wp-json\/wp\/v2\/media?parent=6033"}],"wp:term":[{"taxonomy":"product_cat","embeddable":true,"href":"https:\/\/sklep.med4life.com.pl\/en\/wp-json\/wp\/v2\/product_cat?post=6033"},{"taxonomy":"product_tag","embeddable":true,"href":"https:\/\/sklep.med4life.com.pl\/en\/wp-json\/wp\/v2\/product_tag?post=6033"}],"curies":[{"name":"wp","href":"https:\/\/api.w.org\/{rel}","templated":true}]}}