{"id":6037,"date":"2024-09-24T16:47:46","date_gmt":"2024-09-24T14:47:46","guid":{"rendered":"https:\/\/sklep.med4life.com.pl\/?post_type=product&#038;p=6037"},"modified":"2024-09-25T11:08:53","modified_gmt":"2024-09-25T09:08:53","slug":"tabliczka-kierunkowa-w-prawo","status":"publish","type":"product","link":"https:\/\/sklep.med4life.com.pl\/en\/product\/tabliczka-kierunkowa-w-prawo\/","title":{"rendered":"Tabliczka Kierunkowa w Prawo"},"content":{"rendered":"<p>Kierunkowa tabliczka AED w wersji 'w prawo&#8217; pozwala na szybkie zlokalizowanie defibrylatora w wi\u0119kszych obiektach. Wykonana z trwa\u0142ego materia\u0142u, dost\u0119pna w dw\u00f3ch kolorach: zielonym i r\u00f3\u017cowym. Dzi\u0119ki czytelnym oznaczeniom i wyra\u017anej strza\u0142ce, tabliczka jest idealna do miejsc takich jak du\u017ce firmy, hale produkcyjne, galerie handlowe oraz magazyny. Sprawdzi si\u0119 r\u00f3wnie\u017c w budynkach z korytarzami i przej\u015bciami mi\u0119dzy pomieszczeniami, u\u0142atwiaj\u0105c sprawne i szybkie dotarcie do AED w sytuacjach awaryjnych.<\/p>","protected":false},"excerpt":{"rendered":"<p>Kierunkowa tabliczka AED wskazuj\u0105ca drog\u0119 do defibrylatora, dost\u0119pna w kolorze zielonym lub r\u00f3\u017cowym. Idealna do du\u017cych firm, hal produkcyjnych, galerii handlowych oraz budynk\u00f3w z korytarzami i przej\u015bciami. Wersja 'w prawo&#8217;.<\/p>","protected":false},"featured_media":6082,"comment_status":"open","ping_status":"closed","template":"","meta":{"content-type":"","om_disable_all_campaigns":false,"_monsterinsights_skip_tracking":false,"_monsterinsights_sitenote_active":false,"_monsterinsights_sitenote_note":"","_monsterinsights_sitenote_category":0},"product_cat":[96],"product_tag":[],"class_list":{"0":"post-6037","1":"product","2":"type-product","3":"status-publish","4":"has-post-thumbnail","6":"product_cat-tablice-i-tabliczki","8":"first","9":"instock","10":"shipping-taxable","11":"purchasable","12":"product-type-variable"},"yoast_head":"<!-- This site is optimized with the Yoast SEO plugin v23.8 - https:\/\/yoast.com\/wordpress\/plugins\/seo\/ -->\n<title>Tabliczka Kierunkowa w Prawo - sklep.med4life.com.pl<\/title>\n<meta name=\"robots\" content=\"index, follow, max-snippet:-1, max-image-preview:large, max-video-preview:-1\" \/>\n<link rel=\"canonical\" href=\"https:\/\/sklep.med4life.com.pl\/en\/product\/tabliczka-kierunkowa-w-prawo\/\" \/>\n<meta property=\"og:locale\" content=\"en_US\" \/>\n<meta property=\"og:type\" content=\"article\" \/>\n<meta property=\"og:title\" content=\"Tabliczka Kierunkowa w Prawo - sklep.med4life.com.pl\" \/>\n<meta property=\"og:description\" content=\"Kierunkowa tabliczka AED wskazuj\u0105ca drog\u0119 do defibrylatora, dost\u0119pna w kolorze zielonym lub r\u00f3\u017cowym. Idealna do du\u017cych firm, hal produkcyjnych, galerii handlowych oraz budynk\u00f3w z korytarzami i przej\u015bciami. Wersja &#039;w prawo&#039;.\" \/>\n<meta property=\"og:url\" content=\"https:\/\/sklep.med4life.com.pl\/en\/product\/tabliczka-kierunkowa-w-prawo\/\" \/>\n<meta property=\"og:site_name\" content=\"sklep.med4life.com.pl\" \/>\n<meta property=\"article:modified_time\" content=\"2024-09-25T09:08:53+00:00\" \/>\n<meta property=\"og:image\" content=\"https:\/\/sklep.med4life.com.pl\/wp-content\/uploads\/2024\/09\/MG_0078.jpg\" \/>\n\t<meta property=\"og:image:width\" content=\"547\" \/>\n\t<meta property=\"og:image:height\" content=\"583\" \/>\n\t<meta property=\"og:image:type\" content=\"image\/jpeg\" \/>\n<meta name=\"twitter:card\" content=\"summary_large_image\" \/>\n<meta name=\"twitter:label1\" content=\"Est. reading time\" \/>\n\t<meta name=\"twitter:data1\" content=\"1 minute\" \/>\n<script type=\"application\/ld+json\" class=\"yoast-schema-graph\">{\"@context\":\"https:\/\/schema.org\",\"@graph\":[{\"@type\":\"WebPage\",\"@id\":\"https:\/\/sklep.med4life.com.pl\/product\/tabliczka-kierunkowa-w-prawo\/\",\"url\":\"https:\/\/sklep.med4life.com.pl\/product\/tabliczka-kierunkowa-w-prawo\/\",\"name\":\"Tabliczka Kierunkowa w Prawo - sklep.med4life.com.pl\",\"isPartOf\":{\"@id\":\"https:\/\/sklep.med4life.com.pl\/#website\"},\"primaryImageOfPage\":{\"@id\":\"https:\/\/sklep.med4life.com.pl\/product\/tabliczka-kierunkowa-w-prawo\/#primaryimage\"},\"image\":{\"@id\":\"https:\/\/sklep.med4life.com.pl\/product\/tabliczka-kierunkowa-w-prawo\/#primaryimage\"},\"thumbnailUrl\":\"https:\/\/sklep.med4life.com.pl\/wp-content\/uploads\/2024\/09\/MG_0078.jpg\",\"datePublished\":\"2024-09-24T14:47:46+00:00\",\"dateModified\":\"2024-09-25T09:08:53+00:00\",\"breadcrumb\":{\"@id\":\"https:\/\/sklep.med4life.com.pl\/product\/tabliczka-kierunkowa-w-prawo\/#breadcrumb\"},\"inLanguage\":\"en-US\",\"potentialAction\":[{\"@type\":\"ReadAction\",\"target\":[\"https:\/\/sklep.med4life.com.pl\/product\/tabliczka-kierunkowa-w-prawo\/\"]}]},{\"@type\":\"ImageObject\",\"inLanguage\":\"en-US\",\"@id\":\"https:\/\/sklep.med4life.com.pl\/product\/tabliczka-kierunkowa-w-prawo\/#primaryimage\",\"url\":\"https:\/\/sklep.med4life.com.pl\/wp-content\/uploads\/2024\/09\/MG_0078.jpg\",\"contentUrl\":\"https:\/\/sklep.med4life.com.pl\/wp-content\/uploads\/2024\/09\/MG_0078.jpg\",\"width\":547,\"height\":583},{\"@type\":\"BreadcrumbList\",\"@id\":\"https:\/\/sklep.med4life.com.pl\/product\/tabliczka-kierunkowa-w-prawo\/#breadcrumb\",\"itemListElement\":[{\"@type\":\"ListItem\",\"position\":1,\"name\":\"Strona g\u0142\u00f3wna\",\"item\":\"https:\/\/sklep.med4life.com.pl\/\"},{\"@type\":\"ListItem\",\"position\":2,\"name\":\"Sklep\",\"item\":\"https:\/\/sklep.med4life.com.pl\/shop\/\"},{\"@type\":\"ListItem\",\"position\":3,\"name\":\"Tabliczka Kierunkowa w Prawo\"}]},{\"@type\":\"WebSite\",\"@id\":\"https:\/\/sklep.med4life.com.pl\/#website\",\"url\":\"https:\/\/sklep.med4life.com.pl\/\",\"name\":\"sklep.med4life.com.pl\",\"description\":\"\",\"potentialAction\":[{\"@type\":\"SearchAction\",\"target\":{\"@type\":\"EntryPoint\",\"urlTemplate\":\"https:\/\/sklep.med4life.com.pl\/?s={search_term_string}\"},\"query-input\":{\"@type\":\"PropertyValueSpecification\",\"valueRequired\":true,\"valueName\":\"search_term_string\"}}],\"inLanguage\":\"en-US\"}]}<\/script>\n<!-- \/ Yoast SEO plugin. -->","yoast_head_json":{"title":"Tabliczka Kierunkowa w Prawo - sklep.med4life.com.pl","robots":{"index":"index","follow":"follow","max-snippet":"max-snippet:-1","max-image-preview":"max-image-preview:large","max-video-preview":"max-video-preview:-1"},"canonical":"https:\/\/sklep.med4life.com.pl\/en\/product\/tabliczka-kierunkowa-w-prawo\/","og_locale":"en_US","og_type":"article","og_title":"Tabliczka Kierunkowa w Prawo - sklep.med4life.com.pl","og_description":"Kierunkowa tabliczka AED wskazuj\u0105ca drog\u0119 do defibrylatora, dost\u0119pna w kolorze zielonym lub r\u00f3\u017cowym. Idealna do du\u017cych firm, hal produkcyjnych, galerii handlowych oraz budynk\u00f3w z korytarzami i przej\u015bciami. Wersja 'w prawo'.","og_url":"https:\/\/sklep.med4life.com.pl\/en\/product\/tabliczka-kierunkowa-w-prawo\/","og_site_name":"sklep.med4life.com.pl","article_modified_time":"2024-09-25T09:08:53+00:00","og_image":[{"width":547,"height":583,"url":"https:\/\/sklep.med4life.com.pl\/wp-content\/uploads\/2024\/09\/MG_0078.jpg","type":"image\/jpeg"}],"twitter_card":"summary_large_image","twitter_misc":{"Est. reading time":"1 minute"},"schema":{"@context":"https:\/\/schema.org","@graph":[{"@type":"WebPage","@id":"https:\/\/sklep.med4life.com.pl\/product\/tabliczka-kierunkowa-w-prawo\/","url":"https:\/\/sklep.med4life.com.pl\/product\/tabliczka-kierunkowa-w-prawo\/","name":"Tabliczka Kierunkowa w Prawo - sklep.med4life.com.pl","isPartOf":{"@id":"https:\/\/sklep.med4life.com.pl\/#website"},"primaryImageOfPage":{"@id":"https:\/\/sklep.med4life.com.pl\/product\/tabliczka-kierunkowa-w-prawo\/#primaryimage"},"image":{"@id":"https:\/\/sklep.med4life.com.pl\/product\/tabliczka-kierunkowa-w-prawo\/#primaryimage"},"thumbnailUrl":"https:\/\/sklep.med4life.com.pl\/wp-content\/uploads\/2024\/09\/MG_0078.jpg","datePublished":"2024-09-24T14:47:46+00:00","dateModified":"2024-09-25T09:08:53+00:00","breadcrumb":{"@id":"https:\/\/sklep.med4life.com.pl\/product\/tabliczka-kierunkowa-w-prawo\/#breadcrumb"},"inLanguage":"en-US","potentialAction":[{"@type":"ReadAction","target":["https:\/\/sklep.med4life.com.pl\/product\/tabliczka-kierunkowa-w-prawo\/"]}]},{"@type":"ImageObject","inLanguage":"en-US","@id":"https:\/\/sklep.med4life.com.pl\/product\/tabliczka-kierunkowa-w-prawo\/#primaryimage","url":"https:\/\/sklep.med4life.com.pl\/wp-content\/uploads\/2024\/09\/MG_0078.jpg","contentUrl":"https:\/\/sklep.med4life.com.pl\/wp-content\/uploads\/2024\/09\/MG_0078.jpg","width":547,"height":583},{"@type":"BreadcrumbList","@id":"https:\/\/sklep.med4life.com.pl\/product\/tabliczka-kierunkowa-w-prawo\/#breadcrumb","itemListElement":[{"@type":"ListItem","position":1,"name":"Strona g\u0142\u00f3wna","item":"https:\/\/sklep.med4life.com.pl\/"},{"@type":"ListItem","position":2,"name":"Sklep","item":"https:\/\/sklep.med4life.com.pl\/shop\/"},{"@type":"ListItem","position":3,"name":"Tabliczka Kierunkowa w Prawo"}]},{"@type":"WebSite","@id":"https:\/\/sklep.med4life.com.pl\/#website","url":"https:\/\/sklep.med4life.com.pl\/","name":"sklep.med4life.com.pl","description":"","potentialAction":[{"@type":"SearchAction","target":{"@type":"EntryPoint","urlTemplate":"https:\/\/sklep.med4life.com.pl\/?s={search_term_string}"},"query-input":{"@type":"PropertyValueSpecification","valueRequired":true,"valueName":"search_term_string"}}],"inLanguage":"en-US"}]}},"_links":{"self":[{"href":"https:\/\/sklep.med4life.com.pl\/en\/wp-json\/wp\/v2\/product\/6037","targetHints":{"allow":["GET"]}}],"collection":[{"href":"https:\/\/sklep.med4life.com.pl\/en\/wp-json\/wp\/v2\/product"}],"about":[{"href":"https:\/\/sklep.med4life.com.pl\/en\/wp-json\/wp\/v2\/types\/product"}],"replies":[{"embeddable":true,"href":"https:\/\/sklep.med4life.com.pl\/en\/wp-json\/wp\/v2\/comments?post=6037"}],"wp:featuredmedia":[{"embeddable":true,"href":"https:\/\/sklep.med4life.com.pl\/en\/wp-json\/wp\/v2\/media\/6082"}],"wp:attachment":[{"href":"https:\/\/sklep.med4life.com.pl\/en\/wp-json\/wp\/v2\/media?parent=6037"}],"wp:term":[{"taxonomy":"product_cat","embeddable":true,"href":"https:\/\/sklep.med4life.com.pl\/en\/wp-json\/wp\/v2\/product_cat?post=6037"},{"taxonomy":"product_tag","embeddable":true,"href":"https:\/\/sklep.med4life.com.pl\/en\/wp-json\/wp\/v2\/product_tag?post=6037"}],"curies":[{"name":"wp","href":"https:\/\/api.w.org\/{rel}","templated":true}]}}