{"id":6047,"date":"2024-09-24T17:23:41","date_gmt":"2024-09-24T15:23:41","guid":{"rendered":"https:\/\/sklep.med4life.com.pl\/?post_type=product&#038;p=6047"},"modified":"2024-09-25T10:53:46","modified_gmt":"2024-09-25T08:53:46","slug":"tabliczka-kierunkowa-schody-w-dol-w-lewo","status":"publish","type":"product","link":"https:\/\/sklep.med4life.com.pl\/en\/product\/tabliczka-kierunkowa-schody-w-dol-w-lewo\/","title":{"rendered":"Tabliczka Kierunkowa &#8211; Schody w D\u00f3\u0142 w Lewo"},"content":{"rendered":"<p>Tabliczka kierunkowa AED 'schody w d\u00f3\u0142, w lewo&#8217; umo\u017cliwia szybkie zlokalizowanie defibrylatora na ni\u017cszym pi\u0119trze budynku. Wykonana z trwa\u0142ego materia\u0142u, dost\u0119pna w dw\u00f3ch kolorach: zielonym i r\u00f3\u017cowym. Idealna do obiekt\u00f3w z pi\u0119trami i schodami, takich jak biurowce, budynki mieszkalne czy galerie handlowe. Wyra\u017ane oznaczenia i strza\u0142ka wskazuj\u0105ca kierunek w lewo u\u0142atwiaj\u0105 szybkie dotarcie do AED w sytuacjach awaryjnych. Tabliczka przeznaczona do miejsc, gdzie defibrylator znajduje si\u0119 na ni\u017cszym poziomie.<\/p>","protected":false},"excerpt":{"rendered":"<p>Kierunkowa tabliczka AED wskazuj\u0105ca drog\u0119 do defibrylatora na ni\u017cszym pi\u0119trze, dost\u0119pna w kolorze zielonym lub r\u00f3\u017cowym. Idealna do budynk\u00f3w z pi\u0119trami, takich jak biurowce, budynki mieszkalne i galerie handlowe. Wersja 'w lewo&#8217;.<\/p>","protected":false},"featured_media":6071,"comment_status":"open","ping_status":"closed","template":"","meta":{"content-type":"","om_disable_all_campaigns":false,"_monsterinsights_skip_tracking":false,"_monsterinsights_sitenote_active":false,"_monsterinsights_sitenote_note":"","_monsterinsights_sitenote_category":0},"product_cat":[96],"product_tag":[],"class_list":{"0":"post-6047","1":"product","2":"type-product","3":"status-publish","4":"has-post-thumbnail","6":"product_cat-tablice-i-tabliczki","8":"first","9":"instock","10":"shipping-taxable","11":"purchasable","12":"product-type-variable"},"yoast_head":"<!-- This site is optimized with the Yoast SEO plugin v23.8 - https:\/\/yoast.com\/wordpress\/plugins\/seo\/ -->\n<title>Tabliczka Kierunkowa - Schody w D\u00f3\u0142 w Lewo - sklep.med4life.com.pl<\/title>\n<meta name=\"robots\" content=\"index, follow, max-snippet:-1, max-image-preview:large, max-video-preview:-1\" \/>\n<link rel=\"canonical\" href=\"https:\/\/sklep.med4life.com.pl\/en\/product\/tabliczka-kierunkowa-schody-w-dol-w-lewo\/\" \/>\n<meta property=\"og:locale\" content=\"en_US\" \/>\n<meta property=\"og:type\" content=\"article\" \/>\n<meta property=\"og:title\" content=\"Tabliczka Kierunkowa - Schody w D\u00f3\u0142 w Lewo - sklep.med4life.com.pl\" \/>\n<meta property=\"og:description\" content=\"Kierunkowa tabliczka AED wskazuj\u0105ca drog\u0119 do defibrylatora na ni\u017cszym pi\u0119trze, dost\u0119pna w kolorze zielonym lub r\u00f3\u017cowym. Idealna do budynk\u00f3w z pi\u0119trami, takich jak biurowce, budynki mieszkalne i galerie handlowe. Wersja &#039;w lewo&#039;.\" \/>\n<meta property=\"og:url\" content=\"https:\/\/sklep.med4life.com.pl\/en\/product\/tabliczka-kierunkowa-schody-w-dol-w-lewo\/\" \/>\n<meta property=\"og:site_name\" content=\"sklep.med4life.com.pl\" \/>\n<meta property=\"article:modified_time\" content=\"2024-09-25T08:53:46+00:00\" \/>\n<meta property=\"og:image\" content=\"https:\/\/sklep.med4life.com.pl\/wp-content\/uploads\/2024\/09\/Schody-w-dol-w-lewo-ziel.png\" \/>\n\t<meta property=\"og:image:width\" content=\"920\" \/>\n\t<meta property=\"og:image:height\" content=\"918\" \/>\n\t<meta property=\"og:image:type\" content=\"image\/png\" \/>\n<meta name=\"twitter:card\" content=\"summary_large_image\" \/>\n<meta name=\"twitter:label1\" content=\"Est. reading time\" \/>\n\t<meta name=\"twitter:data1\" content=\"1 minute\" \/>\n<script type=\"application\/ld+json\" class=\"yoast-schema-graph\">{\"@context\":\"https:\/\/schema.org\",\"@graph\":[{\"@type\":\"WebPage\",\"@id\":\"https:\/\/sklep.med4life.com.pl\/product\/tabliczka-kierunkowa-schody-w-dol-w-lewo\/\",\"url\":\"https:\/\/sklep.med4life.com.pl\/product\/tabliczka-kierunkowa-schody-w-dol-w-lewo\/\",\"name\":\"Tabliczka Kierunkowa - Schody w D\u00f3\u0142 w Lewo - sklep.med4life.com.pl\",\"isPartOf\":{\"@id\":\"https:\/\/sklep.med4life.com.pl\/#website\"},\"primaryImageOfPage\":{\"@id\":\"https:\/\/sklep.med4life.com.pl\/product\/tabliczka-kierunkowa-schody-w-dol-w-lewo\/#primaryimage\"},\"image\":{\"@id\":\"https:\/\/sklep.med4life.com.pl\/product\/tabliczka-kierunkowa-schody-w-dol-w-lewo\/#primaryimage\"},\"thumbnailUrl\":\"https:\/\/sklep.med4life.com.pl\/wp-content\/uploads\/2024\/09\/Schody-w-dol-w-lewo-ziel.png\",\"datePublished\":\"2024-09-24T15:23:41+00:00\",\"dateModified\":\"2024-09-25T08:53:46+00:00\",\"breadcrumb\":{\"@id\":\"https:\/\/sklep.med4life.com.pl\/product\/tabliczka-kierunkowa-schody-w-dol-w-lewo\/#breadcrumb\"},\"inLanguage\":\"en-US\",\"potentialAction\":[{\"@type\":\"ReadAction\",\"target\":[\"https:\/\/sklep.med4life.com.pl\/product\/tabliczka-kierunkowa-schody-w-dol-w-lewo\/\"]}]},{\"@type\":\"ImageObject\",\"inLanguage\":\"en-US\",\"@id\":\"https:\/\/sklep.med4life.com.pl\/product\/tabliczka-kierunkowa-schody-w-dol-w-lewo\/#primaryimage\",\"url\":\"https:\/\/sklep.med4life.com.pl\/wp-content\/uploads\/2024\/09\/Schody-w-dol-w-lewo-ziel.png\",\"contentUrl\":\"https:\/\/sklep.med4life.com.pl\/wp-content\/uploads\/2024\/09\/Schody-w-dol-w-lewo-ziel.png\",\"width\":920,\"height\":918},{\"@type\":\"BreadcrumbList\",\"@id\":\"https:\/\/sklep.med4life.com.pl\/product\/tabliczka-kierunkowa-schody-w-dol-w-lewo\/#breadcrumb\",\"itemListElement\":[{\"@type\":\"ListItem\",\"position\":1,\"name\":\"Strona g\u0142\u00f3wna\",\"item\":\"https:\/\/sklep.med4life.com.pl\/\"},{\"@type\":\"ListItem\",\"position\":2,\"name\":\"Sklep\",\"item\":\"https:\/\/sklep.med4life.com.pl\/shop\/\"},{\"@type\":\"ListItem\",\"position\":3,\"name\":\"Tabliczka Kierunkowa &#8211; Schody w D\u00f3\u0142 w Lewo\"}]},{\"@type\":\"WebSite\",\"@id\":\"https:\/\/sklep.med4life.com.pl\/#website\",\"url\":\"https:\/\/sklep.med4life.com.pl\/\",\"name\":\"sklep.med4life.com.pl\",\"description\":\"\",\"potentialAction\":[{\"@type\":\"SearchAction\",\"target\":{\"@type\":\"EntryPoint\",\"urlTemplate\":\"https:\/\/sklep.med4life.com.pl\/?s={search_term_string}\"},\"query-input\":{\"@type\":\"PropertyValueSpecification\",\"valueRequired\":true,\"valueName\":\"search_term_string\"}}],\"inLanguage\":\"en-US\"}]}<\/script>\n<!-- \/ Yoast SEO plugin. -->","yoast_head_json":{"title":"Tabliczka Kierunkowa - Schody w D\u00f3\u0142 w Lewo - sklep.med4life.com.pl","robots":{"index":"index","follow":"follow","max-snippet":"max-snippet:-1","max-image-preview":"max-image-preview:large","max-video-preview":"max-video-preview:-1"},"canonical":"https:\/\/sklep.med4life.com.pl\/en\/product\/tabliczka-kierunkowa-schody-w-dol-w-lewo\/","og_locale":"en_US","og_type":"article","og_title":"Tabliczka Kierunkowa - Schody w D\u00f3\u0142 w Lewo - sklep.med4life.com.pl","og_description":"Kierunkowa tabliczka AED wskazuj\u0105ca drog\u0119 do defibrylatora na ni\u017cszym pi\u0119trze, dost\u0119pna w kolorze zielonym lub r\u00f3\u017cowym. Idealna do budynk\u00f3w z pi\u0119trami, takich jak biurowce, budynki mieszkalne i galerie handlowe. Wersja 'w lewo'.","og_url":"https:\/\/sklep.med4life.com.pl\/en\/product\/tabliczka-kierunkowa-schody-w-dol-w-lewo\/","og_site_name":"sklep.med4life.com.pl","article_modified_time":"2024-09-25T08:53:46+00:00","og_image":[{"width":920,"height":918,"url":"https:\/\/sklep.med4life.com.pl\/wp-content\/uploads\/2024\/09\/Schody-w-dol-w-lewo-ziel.png","type":"image\/png"}],"twitter_card":"summary_large_image","twitter_misc":{"Est. reading time":"1 minute"},"schema":{"@context":"https:\/\/schema.org","@graph":[{"@type":"WebPage","@id":"https:\/\/sklep.med4life.com.pl\/product\/tabliczka-kierunkowa-schody-w-dol-w-lewo\/","url":"https:\/\/sklep.med4life.com.pl\/product\/tabliczka-kierunkowa-schody-w-dol-w-lewo\/","name":"Tabliczka Kierunkowa - Schody w D\u00f3\u0142 w Lewo - sklep.med4life.com.pl","isPartOf":{"@id":"https:\/\/sklep.med4life.com.pl\/#website"},"primaryImageOfPage":{"@id":"https:\/\/sklep.med4life.com.pl\/product\/tabliczka-kierunkowa-schody-w-dol-w-lewo\/#primaryimage"},"image":{"@id":"https:\/\/sklep.med4life.com.pl\/product\/tabliczka-kierunkowa-schody-w-dol-w-lewo\/#primaryimage"},"thumbnailUrl":"https:\/\/sklep.med4life.com.pl\/wp-content\/uploads\/2024\/09\/Schody-w-dol-w-lewo-ziel.png","datePublished":"2024-09-24T15:23:41+00:00","dateModified":"2024-09-25T08:53:46+00:00","breadcrumb":{"@id":"https:\/\/sklep.med4life.com.pl\/product\/tabliczka-kierunkowa-schody-w-dol-w-lewo\/#breadcrumb"},"inLanguage":"en-US","potentialAction":[{"@type":"ReadAction","target":["https:\/\/sklep.med4life.com.pl\/product\/tabliczka-kierunkowa-schody-w-dol-w-lewo\/"]}]},{"@type":"ImageObject","inLanguage":"en-US","@id":"https:\/\/sklep.med4life.com.pl\/product\/tabliczka-kierunkowa-schody-w-dol-w-lewo\/#primaryimage","url":"https:\/\/sklep.med4life.com.pl\/wp-content\/uploads\/2024\/09\/Schody-w-dol-w-lewo-ziel.png","contentUrl":"https:\/\/sklep.med4life.com.pl\/wp-content\/uploads\/2024\/09\/Schody-w-dol-w-lewo-ziel.png","width":920,"height":918},{"@type":"BreadcrumbList","@id":"https:\/\/sklep.med4life.com.pl\/product\/tabliczka-kierunkowa-schody-w-dol-w-lewo\/#breadcrumb","itemListElement":[{"@type":"ListItem","position":1,"name":"Strona g\u0142\u00f3wna","item":"https:\/\/sklep.med4life.com.pl\/"},{"@type":"ListItem","position":2,"name":"Sklep","item":"https:\/\/sklep.med4life.com.pl\/shop\/"},{"@type":"ListItem","position":3,"name":"Tabliczka Kierunkowa &#8211; Schody w D\u00f3\u0142 w Lewo"}]},{"@type":"WebSite","@id":"https:\/\/sklep.med4life.com.pl\/#website","url":"https:\/\/sklep.med4life.com.pl\/","name":"sklep.med4life.com.pl","description":"","potentialAction":[{"@type":"SearchAction","target":{"@type":"EntryPoint","urlTemplate":"https:\/\/sklep.med4life.com.pl\/?s={search_term_string}"},"query-input":{"@type":"PropertyValueSpecification","valueRequired":true,"valueName":"search_term_string"}}],"inLanguage":"en-US"}]}},"_links":{"self":[{"href":"https:\/\/sklep.med4life.com.pl\/en\/wp-json\/wp\/v2\/product\/6047","targetHints":{"allow":["GET"]}}],"collection":[{"href":"https:\/\/sklep.med4life.com.pl\/en\/wp-json\/wp\/v2\/product"}],"about":[{"href":"https:\/\/sklep.med4life.com.pl\/en\/wp-json\/wp\/v2\/types\/product"}],"replies":[{"embeddable":true,"href":"https:\/\/sklep.med4life.com.pl\/en\/wp-json\/wp\/v2\/comments?post=6047"}],"wp:featuredmedia":[{"embeddable":true,"href":"https:\/\/sklep.med4life.com.pl\/en\/wp-json\/wp\/v2\/media\/6071"}],"wp:attachment":[{"href":"https:\/\/sklep.med4life.com.pl\/en\/wp-json\/wp\/v2\/media?parent=6047"}],"wp:term":[{"taxonomy":"product_cat","embeddable":true,"href":"https:\/\/sklep.med4life.com.pl\/en\/wp-json\/wp\/v2\/product_cat?post=6047"},{"taxonomy":"product_tag","embeddable":true,"href":"https:\/\/sklep.med4life.com.pl\/en\/wp-json\/wp\/v2\/product_tag?post=6047"}],"curies":[{"name":"wp","href":"https:\/\/api.w.org\/{rel}","templated":true}]}}