{"id":6051,"date":"2024-09-24T17:29:00","date_gmt":"2024-09-24T15:29:00","guid":{"rendered":"https:\/\/sklep.med4life.com.pl\/?post_type=product&#038;p=6051"},"modified":"2024-09-25T11:35:29","modified_gmt":"2024-09-25T09:35:29","slug":"uchwyt-aed-smart","status":"publish","type":"product","link":"https:\/\/sklep.med4life.com.pl\/en\/product\/uchwyt-aed-smart\/","title":{"rendered":"Uchwyt AED Smart"},"content":{"rendered":"<p>&#8222;Uchwyt AED Smart to eleganckie i funkcjonalne rozwi\u0105zanie do przechowywania defibrylator\u00f3w Samaritan PAD. Wykonany z przezroczystego, wytrzyma\u0142ego plexi, uchwyt jest kompaktowy i estetycznie zaprojektowany, co sprawia, \u017ce idealnie wpasowuje si\u0119 w ka\u017cde wn\u0119trze, takie jak biura czy recepcje. Oznaczenie 'AED&#8217; jednoznacznie wskazuje zawarto\u015b\u0107 uchwytu, u\u0142atwiaj\u0105c szybki i \u0142atwy dost\u0119p do defibrylatora w razie potrzeby. Uchwyt Smart stanowi eleganck\u0105 alternatyw\u0119 dla wi\u0119kszych szafek i gablot, pozwalaj\u0105c na estetyczne wyeksponowanie AED w przestrzeniach, gdzie liczy si\u0119 zar\u00f3wno funkcjonalno\u015b\u0107, jak i wygl\u0105d.<\/p>","protected":false},"excerpt":{"rendered":"<p>Uchwyt AED Smart, wykonany z przezroczystego plexi, zaprojektowany specjalnie dla defibrylator\u00f3w Samaritan PAD. Jego kompaktowy rozmiar i estetyczny wygl\u0105d idealnie pasuj\u0105 do biur i recepcji, zapewniaj\u0105c szybki dost\u0119p do AED.<\/p>","protected":false},"featured_media":6130,"comment_status":"open","ping_status":"closed","template":"","meta":{"content-type":"","om_disable_all_campaigns":false,"_monsterinsights_skip_tracking":false,"_monsterinsights_sitenote_active":false,"_monsterinsights_sitenote_note":"","_monsterinsights_sitenote_category":0},"product_cat":[97],"product_tag":[],"class_list":{"0":"post-6051","1":"product","2":"type-product","3":"status-publish","4":"has-post-thumbnail","6":"product_cat-uchwyty","8":"first","9":"instock","10":"shipping-taxable","11":"purchasable","12":"product-type-simple"},"yoast_head":"<!-- This site is optimized with the Yoast SEO plugin v23.8 - https:\/\/yoast.com\/wordpress\/plugins\/seo\/ -->\n<title>Uchwyt AED Smart - sklep.med4life.com.pl<\/title>\n<meta name=\"robots\" content=\"index, follow, max-snippet:-1, max-image-preview:large, max-video-preview:-1\" \/>\n<link rel=\"canonical\" href=\"https:\/\/sklep.med4life.com.pl\/en\/product\/uchwyt-aed-smart\/\" \/>\n<meta property=\"og:locale\" content=\"en_US\" \/>\n<meta property=\"og:type\" content=\"article\" \/>\n<meta property=\"og:title\" content=\"Uchwyt AED Smart - sklep.med4life.com.pl\" \/>\n<meta property=\"og:description\" content=\"Uchwyt AED Smart, wykonany z przezroczystego plexi, zaprojektowany specjalnie dla defibrylator\u00f3w Samaritan PAD. Jego kompaktowy rozmiar i estetyczny wygl\u0105d idealnie pasuj\u0105 do biur i recepcji, zapewniaj\u0105c szybki dost\u0119p do AED.\" \/>\n<meta property=\"og:url\" content=\"https:\/\/sklep.med4life.com.pl\/en\/product\/uchwyt-aed-smart\/\" \/>\n<meta property=\"og:site_name\" content=\"sklep.med4life.com.pl\" \/>\n<meta property=\"article:modified_time\" content=\"2024-09-25T09:35:29+00:00\" \/>\n<meta property=\"og:image\" content=\"https:\/\/sklep.med4life.com.pl\/wp-content\/uploads\/2024\/09\/Uchwyt-AED-Smart-front-1.jpg\" \/>\n\t<meta property=\"og:image:width\" content=\"829\" \/>\n\t<meta property=\"og:image:height\" content=\"1179\" \/>\n\t<meta property=\"og:image:type\" content=\"image\/jpeg\" \/>\n<meta name=\"twitter:card\" content=\"summary_large_image\" \/>\n<meta name=\"twitter:label1\" content=\"Est. reading time\" \/>\n\t<meta name=\"twitter:data1\" content=\"1 minute\" \/>\n<script type=\"application\/ld+json\" class=\"yoast-schema-graph\">{\"@context\":\"https:\/\/schema.org\",\"@graph\":[{\"@type\":\"WebPage\",\"@id\":\"https:\/\/sklep.med4life.com.pl\/product\/uchwyt-aed-smart\/\",\"url\":\"https:\/\/sklep.med4life.com.pl\/product\/uchwyt-aed-smart\/\",\"name\":\"Uchwyt AED Smart - sklep.med4life.com.pl\",\"isPartOf\":{\"@id\":\"https:\/\/sklep.med4life.com.pl\/#website\"},\"primaryImageOfPage\":{\"@id\":\"https:\/\/sklep.med4life.com.pl\/product\/uchwyt-aed-smart\/#primaryimage\"},\"image\":{\"@id\":\"https:\/\/sklep.med4life.com.pl\/product\/uchwyt-aed-smart\/#primaryimage\"},\"thumbnailUrl\":\"https:\/\/sklep.med4life.com.pl\/wp-content\/uploads\/2024\/09\/Uchwyt-AED-Smart-front-1.jpg\",\"datePublished\":\"2024-09-24T15:29:00+00:00\",\"dateModified\":\"2024-09-25T09:35:29+00:00\",\"breadcrumb\":{\"@id\":\"https:\/\/sklep.med4life.com.pl\/product\/uchwyt-aed-smart\/#breadcrumb\"},\"inLanguage\":\"en-US\",\"potentialAction\":[{\"@type\":\"ReadAction\",\"target\":[\"https:\/\/sklep.med4life.com.pl\/product\/uchwyt-aed-smart\/\"]}]},{\"@type\":\"ImageObject\",\"inLanguage\":\"en-US\",\"@id\":\"https:\/\/sklep.med4life.com.pl\/product\/uchwyt-aed-smart\/#primaryimage\",\"url\":\"https:\/\/sklep.med4life.com.pl\/wp-content\/uploads\/2024\/09\/Uchwyt-AED-Smart-front-1.jpg\",\"contentUrl\":\"https:\/\/sklep.med4life.com.pl\/wp-content\/uploads\/2024\/09\/Uchwyt-AED-Smart-front-1.jpg\",\"width\":829,\"height\":1179},{\"@type\":\"BreadcrumbList\",\"@id\":\"https:\/\/sklep.med4life.com.pl\/product\/uchwyt-aed-smart\/#breadcrumb\",\"itemListElement\":[{\"@type\":\"ListItem\",\"position\":1,\"name\":\"Strona g\u0142\u00f3wna\",\"item\":\"https:\/\/sklep.med4life.com.pl\/\"},{\"@type\":\"ListItem\",\"position\":2,\"name\":\"Sklep\",\"item\":\"https:\/\/sklep.med4life.com.pl\/shop\/\"},{\"@type\":\"ListItem\",\"position\":3,\"name\":\"Uchwyt AED Smart\"}]},{\"@type\":\"WebSite\",\"@id\":\"https:\/\/sklep.med4life.com.pl\/#website\",\"url\":\"https:\/\/sklep.med4life.com.pl\/\",\"name\":\"sklep.med4life.com.pl\",\"description\":\"\",\"potentialAction\":[{\"@type\":\"SearchAction\",\"target\":{\"@type\":\"EntryPoint\",\"urlTemplate\":\"https:\/\/sklep.med4life.com.pl\/?s={search_term_string}\"},\"query-input\":{\"@type\":\"PropertyValueSpecification\",\"valueRequired\":true,\"valueName\":\"search_term_string\"}}],\"inLanguage\":\"en-US\"}]}<\/script>\n<!-- \/ Yoast SEO plugin. -->","yoast_head_json":{"title":"Uchwyt AED Smart - sklep.med4life.com.pl","robots":{"index":"index","follow":"follow","max-snippet":"max-snippet:-1","max-image-preview":"max-image-preview:large","max-video-preview":"max-video-preview:-1"},"canonical":"https:\/\/sklep.med4life.com.pl\/en\/product\/uchwyt-aed-smart\/","og_locale":"en_US","og_type":"article","og_title":"Uchwyt AED Smart - sklep.med4life.com.pl","og_description":"Uchwyt AED Smart, wykonany z przezroczystego plexi, zaprojektowany specjalnie dla defibrylator\u00f3w Samaritan PAD. Jego kompaktowy rozmiar i estetyczny wygl\u0105d idealnie pasuj\u0105 do biur i recepcji, zapewniaj\u0105c szybki dost\u0119p do AED.","og_url":"https:\/\/sklep.med4life.com.pl\/en\/product\/uchwyt-aed-smart\/","og_site_name":"sklep.med4life.com.pl","article_modified_time":"2024-09-25T09:35:29+00:00","og_image":[{"width":829,"height":1179,"url":"https:\/\/sklep.med4life.com.pl\/wp-content\/uploads\/2024\/09\/Uchwyt-AED-Smart-front-1.jpg","type":"image\/jpeg"}],"twitter_card":"summary_large_image","twitter_misc":{"Est. reading time":"1 minute"},"schema":{"@context":"https:\/\/schema.org","@graph":[{"@type":"WebPage","@id":"https:\/\/sklep.med4life.com.pl\/product\/uchwyt-aed-smart\/","url":"https:\/\/sklep.med4life.com.pl\/product\/uchwyt-aed-smart\/","name":"Uchwyt AED Smart - sklep.med4life.com.pl","isPartOf":{"@id":"https:\/\/sklep.med4life.com.pl\/#website"},"primaryImageOfPage":{"@id":"https:\/\/sklep.med4life.com.pl\/product\/uchwyt-aed-smart\/#primaryimage"},"image":{"@id":"https:\/\/sklep.med4life.com.pl\/product\/uchwyt-aed-smart\/#primaryimage"},"thumbnailUrl":"https:\/\/sklep.med4life.com.pl\/wp-content\/uploads\/2024\/09\/Uchwyt-AED-Smart-front-1.jpg","datePublished":"2024-09-24T15:29:00+00:00","dateModified":"2024-09-25T09:35:29+00:00","breadcrumb":{"@id":"https:\/\/sklep.med4life.com.pl\/product\/uchwyt-aed-smart\/#breadcrumb"},"inLanguage":"en-US","potentialAction":[{"@type":"ReadAction","target":["https:\/\/sklep.med4life.com.pl\/product\/uchwyt-aed-smart\/"]}]},{"@type":"ImageObject","inLanguage":"en-US","@id":"https:\/\/sklep.med4life.com.pl\/product\/uchwyt-aed-smart\/#primaryimage","url":"https:\/\/sklep.med4life.com.pl\/wp-content\/uploads\/2024\/09\/Uchwyt-AED-Smart-front-1.jpg","contentUrl":"https:\/\/sklep.med4life.com.pl\/wp-content\/uploads\/2024\/09\/Uchwyt-AED-Smart-front-1.jpg","width":829,"height":1179},{"@type":"BreadcrumbList","@id":"https:\/\/sklep.med4life.com.pl\/product\/uchwyt-aed-smart\/#breadcrumb","itemListElement":[{"@type":"ListItem","position":1,"name":"Strona g\u0142\u00f3wna","item":"https:\/\/sklep.med4life.com.pl\/"},{"@type":"ListItem","position":2,"name":"Sklep","item":"https:\/\/sklep.med4life.com.pl\/shop\/"},{"@type":"ListItem","position":3,"name":"Uchwyt AED Smart"}]},{"@type":"WebSite","@id":"https:\/\/sklep.med4life.com.pl\/#website","url":"https:\/\/sklep.med4life.com.pl\/","name":"sklep.med4life.com.pl","description":"","potentialAction":[{"@type":"SearchAction","target":{"@type":"EntryPoint","urlTemplate":"https:\/\/sklep.med4life.com.pl\/?s={search_term_string}"},"query-input":{"@type":"PropertyValueSpecification","valueRequired":true,"valueName":"search_term_string"}}],"inLanguage":"en-US"}]}},"_links":{"self":[{"href":"https:\/\/sklep.med4life.com.pl\/en\/wp-json\/wp\/v2\/product\/6051","targetHints":{"allow":["GET"]}}],"collection":[{"href":"https:\/\/sklep.med4life.com.pl\/en\/wp-json\/wp\/v2\/product"}],"about":[{"href":"https:\/\/sklep.med4life.com.pl\/en\/wp-json\/wp\/v2\/types\/product"}],"replies":[{"embeddable":true,"href":"https:\/\/sklep.med4life.com.pl\/en\/wp-json\/wp\/v2\/comments?post=6051"}],"wp:featuredmedia":[{"embeddable":true,"href":"https:\/\/sklep.med4life.com.pl\/en\/wp-json\/wp\/v2\/media\/6130"}],"wp:attachment":[{"href":"https:\/\/sklep.med4life.com.pl\/en\/wp-json\/wp\/v2\/media?parent=6051"}],"wp:term":[{"taxonomy":"product_cat","embeddable":true,"href":"https:\/\/sklep.med4life.com.pl\/en\/wp-json\/wp\/v2\/product_cat?post=6051"},{"taxonomy":"product_tag","embeddable":true,"href":"https:\/\/sklep.med4life.com.pl\/en\/wp-json\/wp\/v2\/product_tag?post=6051"}],"curies":[{"name":"wp","href":"https:\/\/api.w.org\/{rel}","templated":true}]}}