{"id":6410,"date":"2025-04-16T12:09:53","date_gmt":"2025-04-16T10:09:53","guid":{"rendered":"https:\/\/sklep.med4life.com.pl\/?post_type=product&#038;p=6410"},"modified":"2025-04-16T12:09:53","modified_gmt":"2025-04-16T10:09:53","slug":"szafka-na-defibrylator-aivia-in-alarm","status":"publish","type":"product","link":"https:\/\/sklep.med4life.com.pl\/en\/product\/szafka-na-defibrylator-aivia-in-alarm\/","title":{"rendered":"Szafka na defibrylator Aivia IN Alarm"},"content":{"rendered":"<p>Szafka na defibrylator Aivia IN Alarm<\/p>\n<p>Kod: X3AI00-XX100<\/p>\n<p>Szafki AIVIA s\u0105 opracowywane i produkowane we Francji zgodnie z najwy\u017cszymi standardami potwierdzonymi certyfikatem T\u00dcV ISO 14001. Dodatkowo poddawane s\u0105 rygorystycznej kontroli jako\u015bci, tak aby przechowywane w nich defibrylatory AED by\u0142y chronione w najlepszy mo\u017cliwy spos\u00f3b.<\/p>\n<p>Produkty AIVIA zaprojektowano z materia\u0142\u00f3w zapewniaj\u0105cych maksymaln\u0105 odporno\u015b\u0107 na uderzenia, a tak\u017ce szkodliwe czynniki \u015brodowiska przy zachowaniu niskiej wagi produktu.<\/p>\n<p>Szafki Aivia wykonane s\u0105 z dw\u00f3ch element\u00f3w: poliw\u0119glanowej pokrywy z filtrem UV (drzwiczki) i korpusu (podstawy) z tworzywa ABS V0. Oba te materia\u0142y wykorzystywane s\u0105 r\u00f3wnie\u017c w przemy\u015ble motoryzacyjnym dzi\u0119ki swej wyj\u0105tkowej odporno\u015bci na uderzenia i inne uszkodzenia mechaniczne. Poliw\u0119glan stosowany jest do produkcji reflektor\u00f3w w samochodach, a ABS w produkcji zderzak\u00f3w.<\/p>\n<p>Dzi\u0119ki warto\u015bci IK wynosz\u0105cej 10, najwy\u017cszemu stopniowi ochrony przed uderzeniami mechanicznymi, i certyfikacji TUV, obudowa szafki AIVIA gwarantuje trwa\u0142o\u015b\u0107 i jako\u015b\u0107.<\/p>\n<p>Z przodu szafka oznakowana jest symbolem AED, instrukcj\u0105 jak otworzy\u0107 szafk\u0119 i uproszczon\u0105 ikonografik\u0105 \u201e\u0142a\u0144cucha prze\u017cycia\u201d.<\/p>\n<p>Normy \/ standardy:<br \/>\n&#8211; standard bezpiecze\u0144stwa: RoHS 2 \/ FCC CFR cz\u0119\u015b\u0107 15: 2020<br \/>\n&#8211; odporno\u015b\u0107 na strumie\u0144 wody i py\u0142oszczelno\u015b\u0107 (IEC 60529): IP54<br \/>\n&#8211; odporno\u015b\u0107 na wstrz\u0105sy (NG EN 62262:2004 i EN 60068-2-75:1998): IK 10<\/p>\n<p>Wymiary: 20 x 34 x 41,5 cm<br \/>\nWaga: 2 kg<\/p>\n<p>Funkcje Aivia IN Alarm:<br \/>\n&#8211; alarm \u015bwietlny &#8211; migaj\u0105ce czerwone lampki wskazuj\u0105 kiedy drzwi urz\u0105dzenia s\u0105 otwarte<br \/>\n&#8211; alarm d\u017awi\u0119kowy &#8211; w przypadku otwartych drzwiczek, szafka b\u0119dzie wydawa\u0107 sygna\u0142 d\u017awi\u0119kowy przez 30 sekund (g\u0142o\u015bno\u015b\u0107: 95 decybeli)<br \/>\n&#8211; zasilanie: baterie (AA-LR6)<br \/>\n&#8211; do zastosowa\u0144 wewn\u0119trznych<\/p>\n<p>Zestaw zawiera:<br \/>\n&#8211; szafka na AED<br \/>\n&#8211; gumka do zamocowania AED w \u015brodku kabiny<br \/>\n&#8211; zestaw plomb w postaci papierowych naklejek<br \/>\n&#8211; 2 baterie<br \/>\n&#8211; modu\u0142 alarmu<\/p>","protected":false},"excerpt":{"rendered":"<p>Szafki Aivia wykonane s\u0105 z dw\u00f3ch element\u00f3w: poliw\u0119glanowej pokrywy z filtrem UV (drzwiczki) i korpusu (podstawy) z tworzywa ABS V0. Oba te materia\u0142y wykorzystywane s\u0105 r\u00f3wnie\u017c w przemy\u015ble motoryzacyjnym dzi\u0119ki swej wyj\u0105tkowej odporno\u015bci na uderzenia i inne uszkodzenia mechaniczne. Poliw\u0119glan stosowany jest do produkcji reflektor\u00f3w w samochodach, a ABS w produkcji zderzak\u00f3w.<\/p>\n<p>&nbsp;<\/p>","protected":false},"featured_media":6413,"comment_status":"open","ping_status":"closed","template":"","meta":{"content-type":"","om_disable_all_campaigns":false,"_monsterinsights_skip_tracking":false,"_monsterinsights_sitenote_active":false,"_monsterinsights_sitenote_note":"","_monsterinsights_sitenote_category":0},"product_cat":[94],"product_tag":[],"class_list":{"0":"post-6410","1":"product","2":"type-product","3":"status-publish","4":"has-post-thumbnail","6":"product_cat-gabloty-i-szafki","8":"first","9":"instock","10":"shipping-taxable","11":"product-type-simple"},"yoast_head":"<!-- This site is optimized with the Yoast SEO plugin v23.8 - https:\/\/yoast.com\/wordpress\/plugins\/seo\/ -->\n<title>Szafka na defibrylator Aivia IN Alarm - sklep.med4life.com.pl<\/title>\n<meta name=\"robots\" content=\"index, follow, max-snippet:-1, max-image-preview:large, max-video-preview:-1\" \/>\n<link rel=\"canonical\" href=\"https:\/\/sklep.med4life.com.pl\/en\/product\/szafka-na-defibrylator-aivia-in-alarm\/\" \/>\n<meta property=\"og:locale\" content=\"en_US\" \/>\n<meta property=\"og:type\" content=\"article\" \/>\n<meta property=\"og:title\" content=\"Szafka na defibrylator Aivia IN Alarm - sklep.med4life.com.pl\" \/>\n<meta property=\"og:description\" content=\"Szafki Aivia wykonane s\u0105 z dw\u00f3ch element\u00f3w: poliw\u0119glanowej pokrywy z filtrem UV (drzwiczki) i korpusu (podstawy) z tworzywa ABS V0. Oba te materia\u0142y wykorzystywane s\u0105 r\u00f3wnie\u017c w przemy\u015ble motoryzacyjnym dzi\u0119ki swej wyj\u0105tkowej odporno\u015bci na uderzenia i inne uszkodzenia mechaniczne. Poliw\u0119glan stosowany jest do produkcji reflektor\u00f3w w samochodach, a ABS w produkcji zderzak\u00f3w.  &nbsp;\" \/>\n<meta property=\"og:url\" content=\"https:\/\/sklep.med4life.com.pl\/en\/product\/szafka-na-defibrylator-aivia-in-alarm\/\" \/>\n<meta property=\"og:site_name\" content=\"sklep.med4life.com.pl\" \/>\n<meta property=\"og:image\" content=\"https:\/\/sklep.med4life.com.pl\/wp-content\/uploads\/2025\/04\/AIVIA_IN_kapsula_szafka_na_defibrylator_01-1.jpg\" \/>\n\t<meta property=\"og:image:width\" content=\"1200\" \/>\n\t<meta property=\"og:image:height\" content=\"1200\" \/>\n\t<meta property=\"og:image:type\" content=\"image\/jpeg\" \/>\n<meta name=\"twitter:card\" content=\"summary_large_image\" \/>\n<meta name=\"twitter:label1\" content=\"Est. reading time\" \/>\n\t<meta name=\"twitter:data1\" content=\"2 minutes\" \/>\n<script type=\"application\/ld+json\" class=\"yoast-schema-graph\">{\"@context\":\"https:\/\/schema.org\",\"@graph\":[{\"@type\":\"WebPage\",\"@id\":\"https:\/\/sklep.med4life.com.pl\/product\/szafka-na-defibrylator-aivia-in-alarm\/\",\"url\":\"https:\/\/sklep.med4life.com.pl\/product\/szafka-na-defibrylator-aivia-in-alarm\/\",\"name\":\"Szafka na defibrylator Aivia IN Alarm - sklep.med4life.com.pl\",\"isPartOf\":{\"@id\":\"https:\/\/sklep.med4life.com.pl\/#website\"},\"primaryImageOfPage\":{\"@id\":\"https:\/\/sklep.med4life.com.pl\/product\/szafka-na-defibrylator-aivia-in-alarm\/#primaryimage\"},\"image\":{\"@id\":\"https:\/\/sklep.med4life.com.pl\/product\/szafka-na-defibrylator-aivia-in-alarm\/#primaryimage\"},\"thumbnailUrl\":\"https:\/\/sklep.med4life.com.pl\/wp-content\/uploads\/2025\/04\/AIVIA_IN_kapsula_szafka_na_defibrylator_01-1.jpg\",\"datePublished\":\"2025-04-16T10:09:53+00:00\",\"dateModified\":\"2025-04-16T10:09:53+00:00\",\"breadcrumb\":{\"@id\":\"https:\/\/sklep.med4life.com.pl\/product\/szafka-na-defibrylator-aivia-in-alarm\/#breadcrumb\"},\"inLanguage\":\"en-US\",\"potentialAction\":[{\"@type\":\"ReadAction\",\"target\":[\"https:\/\/sklep.med4life.com.pl\/product\/szafka-na-defibrylator-aivia-in-alarm\/\"]}]},{\"@type\":\"ImageObject\",\"inLanguage\":\"en-US\",\"@id\":\"https:\/\/sklep.med4life.com.pl\/product\/szafka-na-defibrylator-aivia-in-alarm\/#primaryimage\",\"url\":\"https:\/\/sklep.med4life.com.pl\/wp-content\/uploads\/2025\/04\/AIVIA_IN_kapsula_szafka_na_defibrylator_01-1.jpg\",\"contentUrl\":\"https:\/\/sklep.med4life.com.pl\/wp-content\/uploads\/2025\/04\/AIVIA_IN_kapsula_szafka_na_defibrylator_01-1.jpg\",\"width\":1200,\"height\":1200},{\"@type\":\"BreadcrumbList\",\"@id\":\"https:\/\/sklep.med4life.com.pl\/product\/szafka-na-defibrylator-aivia-in-alarm\/#breadcrumb\",\"itemListElement\":[{\"@type\":\"ListItem\",\"position\":1,\"name\":\"Strona g\u0142\u00f3wna\",\"item\":\"https:\/\/sklep.med4life.com.pl\/\"},{\"@type\":\"ListItem\",\"position\":2,\"name\":\"Sklep\",\"item\":\"https:\/\/sklep.med4life.com.pl\/shop\/\"},{\"@type\":\"ListItem\",\"position\":3,\"name\":\"Szafka na defibrylator Aivia IN Alarm\"}]},{\"@type\":\"WebSite\",\"@id\":\"https:\/\/sklep.med4life.com.pl\/#website\",\"url\":\"https:\/\/sklep.med4life.com.pl\/\",\"name\":\"sklep.med4life.com.pl\",\"description\":\"\",\"potentialAction\":[{\"@type\":\"SearchAction\",\"target\":{\"@type\":\"EntryPoint\",\"urlTemplate\":\"https:\/\/sklep.med4life.com.pl\/?s={search_term_string}\"},\"query-input\":{\"@type\":\"PropertyValueSpecification\",\"valueRequired\":true,\"valueName\":\"search_term_string\"}}],\"inLanguage\":\"en-US\"}]}<\/script>\n<!-- \/ Yoast SEO plugin. -->","yoast_head_json":{"title":"Szafka na defibrylator Aivia IN Alarm - sklep.med4life.com.pl","robots":{"index":"index","follow":"follow","max-snippet":"max-snippet:-1","max-image-preview":"max-image-preview:large","max-video-preview":"max-video-preview:-1"},"canonical":"https:\/\/sklep.med4life.com.pl\/en\/product\/szafka-na-defibrylator-aivia-in-alarm\/","og_locale":"en_US","og_type":"article","og_title":"Szafka na defibrylator Aivia IN Alarm - sklep.med4life.com.pl","og_description":"Szafki Aivia wykonane s\u0105 z dw\u00f3ch element\u00f3w: poliw\u0119glanowej pokrywy z filtrem UV (drzwiczki) i korpusu (podstawy) z tworzywa ABS V0. Oba te materia\u0142y wykorzystywane s\u0105 r\u00f3wnie\u017c w przemy\u015ble motoryzacyjnym dzi\u0119ki swej wyj\u0105tkowej odporno\u015bci na uderzenia i inne uszkodzenia mechaniczne. Poliw\u0119glan stosowany jest do produkcji reflektor\u00f3w w samochodach, a ABS w produkcji zderzak\u00f3w.  &nbsp;","og_url":"https:\/\/sklep.med4life.com.pl\/en\/product\/szafka-na-defibrylator-aivia-in-alarm\/","og_site_name":"sklep.med4life.com.pl","og_image":[{"width":1200,"height":1200,"url":"https:\/\/sklep.med4life.com.pl\/wp-content\/uploads\/2025\/04\/AIVIA_IN_kapsula_szafka_na_defibrylator_01-1.jpg","type":"image\/jpeg"}],"twitter_card":"summary_large_image","twitter_misc":{"Est. reading time":"2 minutes"},"schema":{"@context":"https:\/\/schema.org","@graph":[{"@type":"WebPage","@id":"https:\/\/sklep.med4life.com.pl\/product\/szafka-na-defibrylator-aivia-in-alarm\/","url":"https:\/\/sklep.med4life.com.pl\/product\/szafka-na-defibrylator-aivia-in-alarm\/","name":"Szafka na defibrylator Aivia IN Alarm - sklep.med4life.com.pl","isPartOf":{"@id":"https:\/\/sklep.med4life.com.pl\/#website"},"primaryImageOfPage":{"@id":"https:\/\/sklep.med4life.com.pl\/product\/szafka-na-defibrylator-aivia-in-alarm\/#primaryimage"},"image":{"@id":"https:\/\/sklep.med4life.com.pl\/product\/szafka-na-defibrylator-aivia-in-alarm\/#primaryimage"},"thumbnailUrl":"https:\/\/sklep.med4life.com.pl\/wp-content\/uploads\/2025\/04\/AIVIA_IN_kapsula_szafka_na_defibrylator_01-1.jpg","datePublished":"2025-04-16T10:09:53+00:00","dateModified":"2025-04-16T10:09:53+00:00","breadcrumb":{"@id":"https:\/\/sklep.med4life.com.pl\/product\/szafka-na-defibrylator-aivia-in-alarm\/#breadcrumb"},"inLanguage":"en-US","potentialAction":[{"@type":"ReadAction","target":["https:\/\/sklep.med4life.com.pl\/product\/szafka-na-defibrylator-aivia-in-alarm\/"]}]},{"@type":"ImageObject","inLanguage":"en-US","@id":"https:\/\/sklep.med4life.com.pl\/product\/szafka-na-defibrylator-aivia-in-alarm\/#primaryimage","url":"https:\/\/sklep.med4life.com.pl\/wp-content\/uploads\/2025\/04\/AIVIA_IN_kapsula_szafka_na_defibrylator_01-1.jpg","contentUrl":"https:\/\/sklep.med4life.com.pl\/wp-content\/uploads\/2025\/04\/AIVIA_IN_kapsula_szafka_na_defibrylator_01-1.jpg","width":1200,"height":1200},{"@type":"BreadcrumbList","@id":"https:\/\/sklep.med4life.com.pl\/product\/szafka-na-defibrylator-aivia-in-alarm\/#breadcrumb","itemListElement":[{"@type":"ListItem","position":1,"name":"Strona g\u0142\u00f3wna","item":"https:\/\/sklep.med4life.com.pl\/"},{"@type":"ListItem","position":2,"name":"Sklep","item":"https:\/\/sklep.med4life.com.pl\/shop\/"},{"@type":"ListItem","position":3,"name":"Szafka na defibrylator Aivia IN Alarm"}]},{"@type":"WebSite","@id":"https:\/\/sklep.med4life.com.pl\/#website","url":"https:\/\/sklep.med4life.com.pl\/","name":"sklep.med4life.com.pl","description":"","potentialAction":[{"@type":"SearchAction","target":{"@type":"EntryPoint","urlTemplate":"https:\/\/sklep.med4life.com.pl\/?s={search_term_string}"},"query-input":{"@type":"PropertyValueSpecification","valueRequired":true,"valueName":"search_term_string"}}],"inLanguage":"en-US"}]}},"_links":{"self":[{"href":"https:\/\/sklep.med4life.com.pl\/en\/wp-json\/wp\/v2\/product\/6410","targetHints":{"allow":["GET"]}}],"collection":[{"href":"https:\/\/sklep.med4life.com.pl\/en\/wp-json\/wp\/v2\/product"}],"about":[{"href":"https:\/\/sklep.med4life.com.pl\/en\/wp-json\/wp\/v2\/types\/product"}],"replies":[{"embeddable":true,"href":"https:\/\/sklep.med4life.com.pl\/en\/wp-json\/wp\/v2\/comments?post=6410"}],"wp:featuredmedia":[{"embeddable":true,"href":"https:\/\/sklep.med4life.com.pl\/en\/wp-json\/wp\/v2\/media\/6413"}],"wp:attachment":[{"href":"https:\/\/sklep.med4life.com.pl\/en\/wp-json\/wp\/v2\/media?parent=6410"}],"wp:term":[{"taxonomy":"product_cat","embeddable":true,"href":"https:\/\/sklep.med4life.com.pl\/en\/wp-json\/wp\/v2\/product_cat?post=6410"},{"taxonomy":"product_tag","embeddable":true,"href":"https:\/\/sklep.med4life.com.pl\/en\/wp-json\/wp\/v2\/product_tag?post=6410"}],"curies":[{"name":"wp","href":"https:\/\/api.w.org\/{rel}","templated":true}]}}