{"id":6424,"date":"2025-04-16T14:20:57","date_gmt":"2025-04-16T12:20:57","guid":{"rendered":"https:\/\/sklep.med4life.com.pl\/?post_type=product&#038;p=6424"},"modified":"2025-04-16T14:24:39","modified_gmt":"2025-04-16T12:24:39","slug":"asb-magnet-white-red-asb1000","status":"publish","type":"product","link":"https:\/\/sklep.med4life.com.pl\/en\/product\/asb-magnet-white-red-asb1000\/","title":{"rendered":"ASB Audio Magnet White, Red (ASB1010)"},"content":{"rendered":"<p>Szafka ASB na defibrylator AED Audio Key-lock White, Red<\/p>\n<p>kod: ASB1011-W-AED-R<\/p>\n<p>Marka ASB to uniwersalne szafki do przechowywania defibrylator\u00f3w AED zaprojektowane i produkowane w Polsce.<br \/>\nSzafki ASB cechuje lekka i wytrzyma\u0142a konstrukcja szeroki wyb\u00f3r funkcjonalno\u015bci oraz znakomity stosunek ceny do jako\u015bci.<br \/>\nJest to najpopularniejsze rozwi\u0105zanie do zastosowa\u0144 wewn\u0119trznych.<\/p>\n<p>Wykonane s\u0105 z odpornej na korozj\u0119, proszkowo malowanej stali. Wyposa\u017cone s\u0105 w okno inspekcyjne z bezpiecznego tworzywa &#8211; pleksi. Po obu stronach nadrukowane jest logo AED dzi\u0119ki czemu mo\u017cna szybko zlokalizowa\u0107 defibrylator.<\/p>\n<p>Szafka Audio Key-lock White, Red to model z zamkiem na kluczyk z systemem &#8222;zbij szybk\u0119&#8221; i alarmem d\u017awi\u0119kowym.<\/p>\n<p>Najwa\u017cniejsze informacje:<br \/>\n&#8211; Do zastosowania wewn\u0105trz budynku<br \/>\n&#8211; Zintegrowany alarm d\u017awi\u0119kowy<br \/>\n&#8211; Du\u017ce okienko inspekcyjne do kontroli AED<br \/>\n&#8211; Zamykana na klucz \u2013 \u201ezbij szybk\u0119\u201d<br \/>\n&#8211; Czerwone logo AED na bokach szafki<br \/>\n&#8211; Produkowana w Polsce<br \/>\n&#8211; Gwarancja 2 lata<\/p>\n<p>Parametry techniczne<br \/>\n&#8211; wymiar: 37 x 37 x 17 cm<br \/>\n&#8211; materia\u0142 : blacha stalowa, malowana proszkowo<br \/>\n&#8211; okienko inspekcyjne: PLEX<br \/>\n&#8211; kolor: bia\u0142y<br \/>\n&#8211; zasilanie: 3 x bateria AAA<br \/>\n&#8211; w zestawie 2 szt. kluczy<\/p>","protected":false},"excerpt":{"rendered":"<p>Szafka ASB na defibrylator AED Audio Key-lock White, Red<\/p>\n<p>kod: ASB1011-W-AED-R<\/p>\n<p>Marka ASB to uniwersalne szafki do przechowywania defibrylator\u00f3w AED zaprojektowane i produkowane w Polsce.<br \/>\nSzafki ASB cechuje lekka i wytrzyma\u0142a konstrukcja szeroki wyb\u00f3r funkcjonalno\u015bci oraz znakomity stosunek ceny do jako\u015bci.<br \/>\nJest to najpopularniejsze rozwi\u0105zanie do zastosowa\u0144 wewn\u0119trznych.<\/p>\n<p>Wykonane s\u0105 z odpornej na korozj\u0119, proszkowo malowanej stali. Wyposa\u017cone s\u0105 w okno inspekcyjne z bezpiecznego tworzywa &#8211; pleksi. Po obu stronach nadrukowane jest logo AED dzi\u0119ki czemu mo\u017cna szybko zlokalizowa\u0107 defibrylator.<\/p>\n<p>Szafka Audio Key-lock White, Red to model z zamkiem na kluczyk z systemem &#8222;zbij szybk\u0119&#8221; i alarmem d\u017awi\u0119kowym.<\/p>","protected":false},"featured_media":6427,"comment_status":"open","ping_status":"closed","template":"","meta":{"content-type":"","om_disable_all_campaigns":false,"_monsterinsights_skip_tracking":false,"_monsterinsights_sitenote_active":false,"_monsterinsights_sitenote_note":"","_monsterinsights_sitenote_category":0},"product_cat":[94],"product_tag":[],"class_list":{"0":"post-6424","1":"product","2":"type-product","3":"status-publish","4":"has-post-thumbnail","6":"product_cat-gabloty-i-szafki","8":"first","9":"instock","10":"shipping-taxable","11":"product-type-simple"},"yoast_head":"<!-- This site is optimized with the Yoast SEO plugin v23.8 - https:\/\/yoast.com\/wordpress\/plugins\/seo\/ -->\n<title>ASB Audio Magnet White, Red (ASB1010) - sklep.med4life.com.pl<\/title>\n<meta name=\"robots\" content=\"index, follow, max-snippet:-1, max-image-preview:large, max-video-preview:-1\" \/>\n<link rel=\"canonical\" href=\"https:\/\/sklep.med4life.com.pl\/en\/product\/asb-magnet-white-red-asb1000\/\" \/>\n<meta property=\"og:locale\" content=\"en_US\" \/>\n<meta property=\"og:type\" content=\"article\" \/>\n<meta property=\"og:title\" content=\"ASB Audio Magnet White, Red (ASB1010) - sklep.med4life.com.pl\" \/>\n<meta property=\"og:description\" content=\"Szafka ASB na defibrylator AED Audio Key-lock White, Red  kod: ASB1011-W-AED-R  Marka ASB to uniwersalne szafki do przechowywania defibrylator\u00f3w AED zaprojektowane i produkowane w Polsce. Szafki ASB cechuje lekka i wytrzyma\u0142a konstrukcja szeroki wyb\u00f3r funkcjonalno\u015bci oraz znakomity stosunek ceny do jako\u015bci. Jest to najpopularniejsze rozwi\u0105zanie do zastosowa\u0144 wewn\u0119trznych.  Wykonane s\u0105 z odpornej na korozj\u0119, proszkowo malowanej stali. Wyposa\u017cone s\u0105 w okno inspekcyjne z bezpiecznego tworzywa - pleksi. Po obu stronach nadrukowane jest logo AED dzi\u0119ki czemu mo\u017cna szybko zlokalizowa\u0107 defibrylator.  Szafka Audio Key-lock White, Red to model z zamkiem na kluczyk z systemem &quot;zbij szybk\u0119&quot; i alarmem d\u017awi\u0119kowym.\" \/>\n<meta property=\"og:url\" content=\"https:\/\/sklep.med4life.com.pl\/en\/product\/asb-magnet-white-red-asb1000\/\" \/>\n<meta property=\"og:site_name\" content=\"sklep.med4life.com.pl\" \/>\n<meta property=\"article:modified_time\" content=\"2025-04-16T12:24:39+00:00\" \/>\n<meta property=\"og:image\" content=\"https:\/\/sklep.med4life.com.pl\/wp-content\/uploads\/2025\/04\/ASB_Szafka_na_defibrylator_AED_ASB1011_Audio_Key-lock_White_Red_03.jpg\" \/>\n\t<meta property=\"og:image:width\" content=\"1200\" \/>\n\t<meta property=\"og:image:height\" content=\"1200\" \/>\n\t<meta property=\"og:image:type\" content=\"image\/jpeg\" \/>\n<meta name=\"twitter:card\" content=\"summary_large_image\" \/>\n<meta name=\"twitter:label1\" content=\"Est. reading time\" \/>\n\t<meta name=\"twitter:data1\" content=\"2 minutes\" \/>\n<script type=\"application\/ld+json\" class=\"yoast-schema-graph\">{\"@context\":\"https:\/\/schema.org\",\"@graph\":[{\"@type\":\"WebPage\",\"@id\":\"https:\/\/sklep.med4life.com.pl\/product\/asb-magnet-white-red-asb1000\/\",\"url\":\"https:\/\/sklep.med4life.com.pl\/product\/asb-magnet-white-red-asb1000\/\",\"name\":\"ASB Audio Magnet White, Red (ASB1010) - sklep.med4life.com.pl\",\"isPartOf\":{\"@id\":\"https:\/\/sklep.med4life.com.pl\/#website\"},\"primaryImageOfPage\":{\"@id\":\"https:\/\/sklep.med4life.com.pl\/product\/asb-magnet-white-red-asb1000\/#primaryimage\"},\"image\":{\"@id\":\"https:\/\/sklep.med4life.com.pl\/product\/asb-magnet-white-red-asb1000\/#primaryimage\"},\"thumbnailUrl\":\"https:\/\/sklep.med4life.com.pl\/wp-content\/uploads\/2025\/04\/ASB_Szafka_na_defibrylator_AED_ASB1011_Audio_Key-lock_White_Red_03.jpg\",\"datePublished\":\"2025-04-16T12:20:57+00:00\",\"dateModified\":\"2025-04-16T12:24:39+00:00\",\"breadcrumb\":{\"@id\":\"https:\/\/sklep.med4life.com.pl\/product\/asb-magnet-white-red-asb1000\/#breadcrumb\"},\"inLanguage\":\"en-US\",\"potentialAction\":[{\"@type\":\"ReadAction\",\"target\":[\"https:\/\/sklep.med4life.com.pl\/product\/asb-magnet-white-red-asb1000\/\"]}]},{\"@type\":\"ImageObject\",\"inLanguage\":\"en-US\",\"@id\":\"https:\/\/sklep.med4life.com.pl\/product\/asb-magnet-white-red-asb1000\/#primaryimage\",\"url\":\"https:\/\/sklep.med4life.com.pl\/wp-content\/uploads\/2025\/04\/ASB_Szafka_na_defibrylator_AED_ASB1011_Audio_Key-lock_White_Red_03.jpg\",\"contentUrl\":\"https:\/\/sklep.med4life.com.pl\/wp-content\/uploads\/2025\/04\/ASB_Szafka_na_defibrylator_AED_ASB1011_Audio_Key-lock_White_Red_03.jpg\",\"width\":1200,\"height\":1200},{\"@type\":\"BreadcrumbList\",\"@id\":\"https:\/\/sklep.med4life.com.pl\/product\/asb-magnet-white-red-asb1000\/#breadcrumb\",\"itemListElement\":[{\"@type\":\"ListItem\",\"position\":1,\"name\":\"Strona g\u0142\u00f3wna\",\"item\":\"https:\/\/sklep.med4life.com.pl\/\"},{\"@type\":\"ListItem\",\"position\":2,\"name\":\"Sklep\",\"item\":\"https:\/\/sklep.med4life.com.pl\/shop\/\"},{\"@type\":\"ListItem\",\"position\":3,\"name\":\"ASB Audio Magnet White, Red (ASB1010)\"}]},{\"@type\":\"WebSite\",\"@id\":\"https:\/\/sklep.med4life.com.pl\/#website\",\"url\":\"https:\/\/sklep.med4life.com.pl\/\",\"name\":\"sklep.med4life.com.pl\",\"description\":\"\",\"potentialAction\":[{\"@type\":\"SearchAction\",\"target\":{\"@type\":\"EntryPoint\",\"urlTemplate\":\"https:\/\/sklep.med4life.com.pl\/?s={search_term_string}\"},\"query-input\":{\"@type\":\"PropertyValueSpecification\",\"valueRequired\":true,\"valueName\":\"search_term_string\"}}],\"inLanguage\":\"en-US\"}]}<\/script>\n<!-- \/ Yoast SEO plugin. -->","yoast_head_json":{"title":"ASB Audio Magnet White, Red (ASB1010) - sklep.med4life.com.pl","robots":{"index":"index","follow":"follow","max-snippet":"max-snippet:-1","max-image-preview":"max-image-preview:large","max-video-preview":"max-video-preview:-1"},"canonical":"https:\/\/sklep.med4life.com.pl\/en\/product\/asb-magnet-white-red-asb1000\/","og_locale":"en_US","og_type":"article","og_title":"ASB Audio Magnet White, Red (ASB1010) - sklep.med4life.com.pl","og_description":"Szafka ASB na defibrylator AED Audio Key-lock White, Red  kod: ASB1011-W-AED-R  Marka ASB to uniwersalne szafki do przechowywania defibrylator\u00f3w AED zaprojektowane i produkowane w Polsce. Szafki ASB cechuje lekka i wytrzyma\u0142a konstrukcja szeroki wyb\u00f3r funkcjonalno\u015bci oraz znakomity stosunek ceny do jako\u015bci. Jest to najpopularniejsze rozwi\u0105zanie do zastosowa\u0144 wewn\u0119trznych.  Wykonane s\u0105 z odpornej na korozj\u0119, proszkowo malowanej stali. Wyposa\u017cone s\u0105 w okno inspekcyjne z bezpiecznego tworzywa - pleksi. Po obu stronach nadrukowane jest logo AED dzi\u0119ki czemu mo\u017cna szybko zlokalizowa\u0107 defibrylator.  Szafka Audio Key-lock White, Red to model z zamkiem na kluczyk z systemem \"zbij szybk\u0119\" i alarmem d\u017awi\u0119kowym.","og_url":"https:\/\/sklep.med4life.com.pl\/en\/product\/asb-magnet-white-red-asb1000\/","og_site_name":"sklep.med4life.com.pl","article_modified_time":"2025-04-16T12:24:39+00:00","og_image":[{"width":1200,"height":1200,"url":"https:\/\/sklep.med4life.com.pl\/wp-content\/uploads\/2025\/04\/ASB_Szafka_na_defibrylator_AED_ASB1011_Audio_Key-lock_White_Red_03.jpg","type":"image\/jpeg"}],"twitter_card":"summary_large_image","twitter_misc":{"Est. reading time":"2 minutes"},"schema":{"@context":"https:\/\/schema.org","@graph":[{"@type":"WebPage","@id":"https:\/\/sklep.med4life.com.pl\/product\/asb-magnet-white-red-asb1000\/","url":"https:\/\/sklep.med4life.com.pl\/product\/asb-magnet-white-red-asb1000\/","name":"ASB Audio Magnet White, Red (ASB1010) - sklep.med4life.com.pl","isPartOf":{"@id":"https:\/\/sklep.med4life.com.pl\/#website"},"primaryImageOfPage":{"@id":"https:\/\/sklep.med4life.com.pl\/product\/asb-magnet-white-red-asb1000\/#primaryimage"},"image":{"@id":"https:\/\/sklep.med4life.com.pl\/product\/asb-magnet-white-red-asb1000\/#primaryimage"},"thumbnailUrl":"https:\/\/sklep.med4life.com.pl\/wp-content\/uploads\/2025\/04\/ASB_Szafka_na_defibrylator_AED_ASB1011_Audio_Key-lock_White_Red_03.jpg","datePublished":"2025-04-16T12:20:57+00:00","dateModified":"2025-04-16T12:24:39+00:00","breadcrumb":{"@id":"https:\/\/sklep.med4life.com.pl\/product\/asb-magnet-white-red-asb1000\/#breadcrumb"},"inLanguage":"en-US","potentialAction":[{"@type":"ReadAction","target":["https:\/\/sklep.med4life.com.pl\/product\/asb-magnet-white-red-asb1000\/"]}]},{"@type":"ImageObject","inLanguage":"en-US","@id":"https:\/\/sklep.med4life.com.pl\/product\/asb-magnet-white-red-asb1000\/#primaryimage","url":"https:\/\/sklep.med4life.com.pl\/wp-content\/uploads\/2025\/04\/ASB_Szafka_na_defibrylator_AED_ASB1011_Audio_Key-lock_White_Red_03.jpg","contentUrl":"https:\/\/sklep.med4life.com.pl\/wp-content\/uploads\/2025\/04\/ASB_Szafka_na_defibrylator_AED_ASB1011_Audio_Key-lock_White_Red_03.jpg","width":1200,"height":1200},{"@type":"BreadcrumbList","@id":"https:\/\/sklep.med4life.com.pl\/product\/asb-magnet-white-red-asb1000\/#breadcrumb","itemListElement":[{"@type":"ListItem","position":1,"name":"Strona g\u0142\u00f3wna","item":"https:\/\/sklep.med4life.com.pl\/"},{"@type":"ListItem","position":2,"name":"Sklep","item":"https:\/\/sklep.med4life.com.pl\/shop\/"},{"@type":"ListItem","position":3,"name":"ASB Audio Magnet White, Red (ASB1010)"}]},{"@type":"WebSite","@id":"https:\/\/sklep.med4life.com.pl\/#website","url":"https:\/\/sklep.med4life.com.pl\/","name":"sklep.med4life.com.pl","description":"","potentialAction":[{"@type":"SearchAction","target":{"@type":"EntryPoint","urlTemplate":"https:\/\/sklep.med4life.com.pl\/?s={search_term_string}"},"query-input":{"@type":"PropertyValueSpecification","valueRequired":true,"valueName":"search_term_string"}}],"inLanguage":"en-US"}]}},"_links":{"self":[{"href":"https:\/\/sklep.med4life.com.pl\/en\/wp-json\/wp\/v2\/product\/6424","targetHints":{"allow":["GET"]}}],"collection":[{"href":"https:\/\/sklep.med4life.com.pl\/en\/wp-json\/wp\/v2\/product"}],"about":[{"href":"https:\/\/sklep.med4life.com.pl\/en\/wp-json\/wp\/v2\/types\/product"}],"replies":[{"embeddable":true,"href":"https:\/\/sklep.med4life.com.pl\/en\/wp-json\/wp\/v2\/comments?post=6424"}],"wp:featuredmedia":[{"embeddable":true,"href":"https:\/\/sklep.med4life.com.pl\/en\/wp-json\/wp\/v2\/media\/6427"}],"wp:attachment":[{"href":"https:\/\/sklep.med4life.com.pl\/en\/wp-json\/wp\/v2\/media?parent=6424"}],"wp:term":[{"taxonomy":"product_cat","embeddable":true,"href":"https:\/\/sklep.med4life.com.pl\/en\/wp-json\/wp\/v2\/product_cat?post=6424"},{"taxonomy":"product_tag","embeddable":true,"href":"https:\/\/sklep.med4life.com.pl\/en\/wp-json\/wp\/v2\/product_tag?post=6424"}],"curies":[{"name":"wp","href":"https:\/\/api.w.org\/{rel}","templated":true}]}}