{"id":6471,"date":"2025-04-23T16:07:44","date_gmt":"2025-04-23T14:07:44","guid":{"rendered":"https:\/\/sklep.med4life.com.pl\/?post_type=product&#038;p=6471"},"modified":"2025-04-23T16:14:38","modified_gmt":"2025-04-23T14:14:38","slug":"skora-ciala-brayden-junior","status":"publish","type":"product","link":"https:\/\/sklep.med4life.com.pl\/en\/product\/skora-ciala-brayden-junior\/","title":{"rendered":"Sk\u00f3ra Cia\u0142a Brayden Junior"},"content":{"rendered":"<p>Sk\u00f3ra cia\u0142a Brayden Junior<\/p>\n<p>Kod: IM16-JA03<\/p>\n<p>Wymienna sk\u00f3ra torsu do manekin\u00f3w Brayden Basic i Baby LED.<\/p>\n<p>Sk\u00f3ra cia\u0142a Junior wraz ze sk\u00f3r\u0105 twarzy Jnior pozwala szybko przekszta\u0142ci\u0107 fantom Brayden osoby doros\u0142ej w fantom przedstawiaj\u0105cy dziecko w wieku ok. 10-12 lat.<\/p>\n<p>Sk\u00f3ra manekin\u00f3w Brayden jest wykonana z materia\u0142\u00f3w wolnych od lateksu dzi\u0119ki czemu \u0142atwo przykleja si\u0119 i usuwa z niej elektrody treningowe. Sk\u00f3ra w dotyku bardzo przypomina sk\u00f3r\u0119 cz\u0142owieka.<\/p>\n<p>\u0141atwa w czyszczeniu i bardzo trwa\u0142a.<\/p>","protected":false},"excerpt":{"rendered":"<p>Wymienna sk\u00f3ra torsu do manekin\u00f3w Brayden Basic i Baby LED.<\/p>\n<p>Sk\u00f3ra cia\u0142a Junior wraz ze sk\u00f3r\u0105 twarzy Jnior pozwala szybko przekszta\u0142ci\u0107 fantom Brayden osoby doros\u0142ej w fantom przedstawiaj\u0105cy dziecko w wieku ok. 10-12 lat.<\/p>\n<p>Sk\u00f3ra manekin\u00f3w Brayden jest wykonana z materia\u0142\u00f3w wolnych od lateksu dzi\u0119ki czemu \u0142atwo przykleja si\u0119 i usuwa z niej elektrody treningowe. Sk\u00f3ra w dotyku bardzo przypomina sk\u00f3r\u0119 cz\u0142owieka.<\/p>","protected":false},"featured_media":6474,"comment_status":"open","ping_status":"closed","template":"","meta":{"content-type":"","om_disable_all_campaigns":false,"_monsterinsights_skip_tracking":false,"_monsterinsights_sitenote_active":false,"_monsterinsights_sitenote_note":"","_monsterinsights_sitenote_category":0},"product_cat":[108],"product_tag":[],"class_list":{"0":"post-6471","1":"product","2":"type-product","3":"status-publish","4":"has-post-thumbnail","6":"product_cat-akcesoria-do-brayden","8":"first","9":"instock","10":"shipping-taxable","11":"product-type-simple"},"yoast_head":"<!-- This site is optimized with the Yoast SEO plugin v23.8 - https:\/\/yoast.com\/wordpress\/plugins\/seo\/ -->\n<title>Sk\u00f3ra Cia\u0142a Brayden Junior - sklep.med4life.com.pl<\/title>\n<meta name=\"robots\" content=\"index, follow, max-snippet:-1, max-image-preview:large, max-video-preview:-1\" \/>\n<link rel=\"canonical\" href=\"https:\/\/sklep.med4life.com.pl\/en\/product\/skora-ciala-brayden-junior\/\" \/>\n<meta property=\"og:locale\" content=\"en_US\" \/>\n<meta property=\"og:type\" content=\"article\" \/>\n<meta property=\"og:title\" content=\"Sk\u00f3ra Cia\u0142a Brayden Junior - sklep.med4life.com.pl\" \/>\n<meta property=\"og:description\" content=\"Wymienna sk\u00f3ra torsu do manekin\u00f3w Brayden Basic i Baby LED.  Sk\u00f3ra cia\u0142a Junior wraz ze sk\u00f3r\u0105 twarzy Jnior pozwala szybko przekszta\u0142ci\u0107 fantom Brayden osoby doros\u0142ej w fantom przedstawiaj\u0105cy dziecko w wieku ok. 10-12 lat.  Sk\u00f3ra manekin\u00f3w Brayden jest wykonana z materia\u0142\u00f3w wolnych od lateksu dzi\u0119ki czemu \u0142atwo przykleja si\u0119 i usuwa z niej elektrody treningowe. Sk\u00f3ra w dotyku bardzo przypomina sk\u00f3r\u0119 cz\u0142owieka.\" \/>\n<meta property=\"og:url\" content=\"https:\/\/sklep.med4life.com.pl\/en\/product\/skora-ciala-brayden-junior\/\" \/>\n<meta property=\"og:site_name\" content=\"sklep.med4life.com.pl\" \/>\n<meta property=\"article:modified_time\" content=\"2025-04-23T14:14:38+00:00\" \/>\n<meta property=\"og:image\" content=\"https:\/\/sklep.med4life.com.pl\/wp-content\/uploads\/2025\/04\/Brayden_Junior_skora_ciala_IM16-JA03_01.jpg\" \/>\n\t<meta property=\"og:image:width\" content=\"1200\" \/>\n\t<meta property=\"og:image:height\" content=\"1200\" \/>\n\t<meta property=\"og:image:type\" content=\"image\/jpeg\" \/>\n<meta name=\"twitter:card\" content=\"summary_large_image\" \/>\n<meta name=\"twitter:label1\" content=\"Est. reading time\" \/>\n\t<meta name=\"twitter:data1\" content=\"1 minute\" \/>\n<script type=\"application\/ld+json\" class=\"yoast-schema-graph\">{\"@context\":\"https:\/\/schema.org\",\"@graph\":[{\"@type\":\"WebPage\",\"@id\":\"https:\/\/sklep.med4life.com.pl\/product\/skora-ciala-brayden-junior\/\",\"url\":\"https:\/\/sklep.med4life.com.pl\/product\/skora-ciala-brayden-junior\/\",\"name\":\"Sk\u00f3ra Cia\u0142a Brayden Junior - sklep.med4life.com.pl\",\"isPartOf\":{\"@id\":\"https:\/\/sklep.med4life.com.pl\/#website\"},\"primaryImageOfPage\":{\"@id\":\"https:\/\/sklep.med4life.com.pl\/product\/skora-ciala-brayden-junior\/#primaryimage\"},\"image\":{\"@id\":\"https:\/\/sklep.med4life.com.pl\/product\/skora-ciala-brayden-junior\/#primaryimage\"},\"thumbnailUrl\":\"https:\/\/sklep.med4life.com.pl\/wp-content\/uploads\/2025\/04\/Brayden_Junior_skora_ciala_IM16-JA03_01.jpg\",\"datePublished\":\"2025-04-23T14:07:44+00:00\",\"dateModified\":\"2025-04-23T14:14:38+00:00\",\"breadcrumb\":{\"@id\":\"https:\/\/sklep.med4life.com.pl\/product\/skora-ciala-brayden-junior\/#breadcrumb\"},\"inLanguage\":\"en-US\",\"potentialAction\":[{\"@type\":\"ReadAction\",\"target\":[\"https:\/\/sklep.med4life.com.pl\/product\/skora-ciala-brayden-junior\/\"]}]},{\"@type\":\"ImageObject\",\"inLanguage\":\"en-US\",\"@id\":\"https:\/\/sklep.med4life.com.pl\/product\/skora-ciala-brayden-junior\/#primaryimage\",\"url\":\"https:\/\/sklep.med4life.com.pl\/wp-content\/uploads\/2025\/04\/Brayden_Junior_skora_ciala_IM16-JA03_01.jpg\",\"contentUrl\":\"https:\/\/sklep.med4life.com.pl\/wp-content\/uploads\/2025\/04\/Brayden_Junior_skora_ciala_IM16-JA03_01.jpg\",\"width\":1200,\"height\":1200},{\"@type\":\"BreadcrumbList\",\"@id\":\"https:\/\/sklep.med4life.com.pl\/product\/skora-ciala-brayden-junior\/#breadcrumb\",\"itemListElement\":[{\"@type\":\"ListItem\",\"position\":1,\"name\":\"Strona g\u0142\u00f3wna\",\"item\":\"https:\/\/sklep.med4life.com.pl\/\"},{\"@type\":\"ListItem\",\"position\":2,\"name\":\"Sklep\",\"item\":\"https:\/\/sklep.med4life.com.pl\/shop\/\"},{\"@type\":\"ListItem\",\"position\":3,\"name\":\"Sk\u00f3ra Cia\u0142a Brayden Junior\"}]},{\"@type\":\"WebSite\",\"@id\":\"https:\/\/sklep.med4life.com.pl\/#website\",\"url\":\"https:\/\/sklep.med4life.com.pl\/\",\"name\":\"sklep.med4life.com.pl\",\"description\":\"\",\"potentialAction\":[{\"@type\":\"SearchAction\",\"target\":{\"@type\":\"EntryPoint\",\"urlTemplate\":\"https:\/\/sklep.med4life.com.pl\/?s={search_term_string}\"},\"query-input\":{\"@type\":\"PropertyValueSpecification\",\"valueRequired\":true,\"valueName\":\"search_term_string\"}}],\"inLanguage\":\"en-US\"}]}<\/script>\n<!-- \/ Yoast SEO plugin. -->","yoast_head_json":{"title":"Sk\u00f3ra Cia\u0142a Brayden Junior - sklep.med4life.com.pl","robots":{"index":"index","follow":"follow","max-snippet":"max-snippet:-1","max-image-preview":"max-image-preview:large","max-video-preview":"max-video-preview:-1"},"canonical":"https:\/\/sklep.med4life.com.pl\/en\/product\/skora-ciala-brayden-junior\/","og_locale":"en_US","og_type":"article","og_title":"Sk\u00f3ra Cia\u0142a Brayden Junior - sklep.med4life.com.pl","og_description":"Wymienna sk\u00f3ra torsu do manekin\u00f3w Brayden Basic i Baby LED.  Sk\u00f3ra cia\u0142a Junior wraz ze sk\u00f3r\u0105 twarzy Jnior pozwala szybko przekszta\u0142ci\u0107 fantom Brayden osoby doros\u0142ej w fantom przedstawiaj\u0105cy dziecko w wieku ok. 10-12 lat.  Sk\u00f3ra manekin\u00f3w Brayden jest wykonana z materia\u0142\u00f3w wolnych od lateksu dzi\u0119ki czemu \u0142atwo przykleja si\u0119 i usuwa z niej elektrody treningowe. Sk\u00f3ra w dotyku bardzo przypomina sk\u00f3r\u0119 cz\u0142owieka.","og_url":"https:\/\/sklep.med4life.com.pl\/en\/product\/skora-ciala-brayden-junior\/","og_site_name":"sklep.med4life.com.pl","article_modified_time":"2025-04-23T14:14:38+00:00","og_image":[{"width":1200,"height":1200,"url":"https:\/\/sklep.med4life.com.pl\/wp-content\/uploads\/2025\/04\/Brayden_Junior_skora_ciala_IM16-JA03_01.jpg","type":"image\/jpeg"}],"twitter_card":"summary_large_image","twitter_misc":{"Est. reading time":"1 minute"},"schema":{"@context":"https:\/\/schema.org","@graph":[{"@type":"WebPage","@id":"https:\/\/sklep.med4life.com.pl\/product\/skora-ciala-brayden-junior\/","url":"https:\/\/sklep.med4life.com.pl\/product\/skora-ciala-brayden-junior\/","name":"Sk\u00f3ra Cia\u0142a Brayden Junior - sklep.med4life.com.pl","isPartOf":{"@id":"https:\/\/sklep.med4life.com.pl\/#website"},"primaryImageOfPage":{"@id":"https:\/\/sklep.med4life.com.pl\/product\/skora-ciala-brayden-junior\/#primaryimage"},"image":{"@id":"https:\/\/sklep.med4life.com.pl\/product\/skora-ciala-brayden-junior\/#primaryimage"},"thumbnailUrl":"https:\/\/sklep.med4life.com.pl\/wp-content\/uploads\/2025\/04\/Brayden_Junior_skora_ciala_IM16-JA03_01.jpg","datePublished":"2025-04-23T14:07:44+00:00","dateModified":"2025-04-23T14:14:38+00:00","breadcrumb":{"@id":"https:\/\/sklep.med4life.com.pl\/product\/skora-ciala-brayden-junior\/#breadcrumb"},"inLanguage":"en-US","potentialAction":[{"@type":"ReadAction","target":["https:\/\/sklep.med4life.com.pl\/product\/skora-ciala-brayden-junior\/"]}]},{"@type":"ImageObject","inLanguage":"en-US","@id":"https:\/\/sklep.med4life.com.pl\/product\/skora-ciala-brayden-junior\/#primaryimage","url":"https:\/\/sklep.med4life.com.pl\/wp-content\/uploads\/2025\/04\/Brayden_Junior_skora_ciala_IM16-JA03_01.jpg","contentUrl":"https:\/\/sklep.med4life.com.pl\/wp-content\/uploads\/2025\/04\/Brayden_Junior_skora_ciala_IM16-JA03_01.jpg","width":1200,"height":1200},{"@type":"BreadcrumbList","@id":"https:\/\/sklep.med4life.com.pl\/product\/skora-ciala-brayden-junior\/#breadcrumb","itemListElement":[{"@type":"ListItem","position":1,"name":"Strona g\u0142\u00f3wna","item":"https:\/\/sklep.med4life.com.pl\/"},{"@type":"ListItem","position":2,"name":"Sklep","item":"https:\/\/sklep.med4life.com.pl\/shop\/"},{"@type":"ListItem","position":3,"name":"Sk\u00f3ra Cia\u0142a Brayden Junior"}]},{"@type":"WebSite","@id":"https:\/\/sklep.med4life.com.pl\/#website","url":"https:\/\/sklep.med4life.com.pl\/","name":"sklep.med4life.com.pl","description":"","potentialAction":[{"@type":"SearchAction","target":{"@type":"EntryPoint","urlTemplate":"https:\/\/sklep.med4life.com.pl\/?s={search_term_string}"},"query-input":{"@type":"PropertyValueSpecification","valueRequired":true,"valueName":"search_term_string"}}],"inLanguage":"en-US"}]}},"_links":{"self":[{"href":"https:\/\/sklep.med4life.com.pl\/en\/wp-json\/wp\/v2\/product\/6471","targetHints":{"allow":["GET"]}}],"collection":[{"href":"https:\/\/sklep.med4life.com.pl\/en\/wp-json\/wp\/v2\/product"}],"about":[{"href":"https:\/\/sklep.med4life.com.pl\/en\/wp-json\/wp\/v2\/types\/product"}],"replies":[{"embeddable":true,"href":"https:\/\/sklep.med4life.com.pl\/en\/wp-json\/wp\/v2\/comments?post=6471"}],"wp:featuredmedia":[{"embeddable":true,"href":"https:\/\/sklep.med4life.com.pl\/en\/wp-json\/wp\/v2\/media\/6474"}],"wp:attachment":[{"href":"https:\/\/sklep.med4life.com.pl\/en\/wp-json\/wp\/v2\/media?parent=6471"}],"wp:term":[{"taxonomy":"product_cat","embeddable":true,"href":"https:\/\/sklep.med4life.com.pl\/en\/wp-json\/wp\/v2\/product_cat?post=6471"},{"taxonomy":"product_tag","embeddable":true,"href":"https:\/\/sklep.med4life.com.pl\/en\/wp-json\/wp\/v2\/product_tag?post=6471"}],"curies":[{"name":"wp","href":"https:\/\/api.w.org\/{rel}","templated":true}]}}