{"id":6483,"date":"2025-04-23T16:22:15","date_gmt":"2025-04-23T14:22:15","guid":{"rendered":"https:\/\/sklep.med4life.com.pl\/?post_type=product&#038;p=6483"},"modified":"2025-04-23T16:22:16","modified_gmt":"2025-04-23T14:22:16","slug":"torba-na-4-fantomy-brayden","status":"publish","type":"product","link":"https:\/\/sklep.med4life.com.pl\/en\/product\/torba-na-4-fantomy-brayden\/","title":{"rendered":"Torba na 4 fantomy Brayden"},"content":{"rendered":"<p>Walizka torba na 4 fantomy Brayden<\/p>\n<p>kod: IM13-OA13<\/p>\n<p>Torba transportowa na k\u00f3\u0142kach na fantomy Brayden Basic, PRO, LED, OBI.<\/p>\n<p>Torba na manekiny Brayden mie\u015bci 4 manekiny dla doros\u0142ych i miejsce na niekt\u00f3re akcesoria, takie jak worki p\u0142ucne i nakolanniki. Posiada k\u00f3\u0142ka i uchwyt, dzi\u0119ki czemu mo\u017cna \u0142atwo transportowa\u0107 manekiny Brayden mi\u0119dzy kursami resuscytacji kr\u0105\u017ceniowo-oddechowej.<\/p>\n<p>Zamykana na zamek. Dzi\u0119ki temu rozwi\u0105zaniu torba jest na tyle szczelna, \u017ce manekiny s\u0105 bardzo dobrze chronione przez zabrudzeniami.<\/p>\n<p>Specyfikacja:<\/p>\n<p>&#8211; Waga 5,28 kg<br \/>\n&#8211; Wymiary 84 \u00d7 38 \u00d7 15 cm<\/p>","protected":false},"excerpt":{"rendered":"<p>Walizka torba na 4 fantomy Brayden<\/p>\n<p>kod: IM13-OA13<\/p>\n<p>Torba transportowa na k\u00f3\u0142kach na fantomy Brayden Basic, PRO, LED, OBI.<\/p>\n<p>Torba na manekiny Brayden mie\u015bci 4 manekiny dla doros\u0142ych i miejsce na niekt\u00f3re akcesoria, takie jak worki p\u0142ucne i nakolanniki. Posiada k\u00f3\u0142ka i uchwyt, dzi\u0119ki czemu mo\u017cna \u0142atwo transportowa\u0107 manekiny Brayden mi\u0119dzy kursami resuscytacji kr\u0105\u017ceniowo-oddechowej.<\/p>\n<p>Zamykana na zamek. Dzi\u0119ki temu rozwi\u0105zaniu torba jest na tyle szczelna, \u017ce manekiny s\u0105 bardzo dobrze chronione przez zabrudzeniami.<\/p>\n<p>Specyfikacja:<\/p>\n<p>&#8211; Waga 5,28 kg<br \/>\n&#8211; Wymiary 84 \u00d7 38 \u00d7 15 cm<\/p>","protected":false},"featured_media":6484,"comment_status":"open","ping_status":"closed","template":"","meta":{"content-type":"","om_disable_all_campaigns":false,"_monsterinsights_skip_tracking":false,"_monsterinsights_sitenote_active":false,"_monsterinsights_sitenote_note":"","_monsterinsights_sitenote_category":0},"product_cat":[108],"product_tag":[],"class_list":{"0":"post-6483","1":"product","2":"type-product","3":"status-publish","4":"has-post-thumbnail","6":"product_cat-akcesoria-do-brayden","8":"first","9":"instock","10":"shipping-taxable","11":"product-type-simple"},"yoast_head":"<!-- This site is optimized with the Yoast SEO plugin v23.8 - https:\/\/yoast.com\/wordpress\/plugins\/seo\/ -->\n<title>Torba na 4 fantomy Brayden - sklep.med4life.com.pl<\/title>\n<meta name=\"robots\" content=\"index, follow, max-snippet:-1, max-image-preview:large, max-video-preview:-1\" \/>\n<link rel=\"canonical\" href=\"https:\/\/sklep.med4life.com.pl\/en\/product\/torba-na-4-fantomy-brayden\/\" \/>\n<meta property=\"og:locale\" content=\"en_US\" \/>\n<meta property=\"og:type\" content=\"article\" \/>\n<meta property=\"og:title\" content=\"Torba na 4 fantomy Brayden - sklep.med4life.com.pl\" \/>\n<meta property=\"og:description\" content=\"Walizka torba na 4 fantomy Brayden  kod: IM13-OA13  Torba transportowa na k\u00f3\u0142kach na fantomy Brayden Basic, PRO, LED, OBI.  Torba na manekiny Brayden mie\u015bci 4 manekiny dla doros\u0142ych i miejsce na niekt\u00f3re akcesoria, takie jak worki p\u0142ucne i nakolanniki. Posiada k\u00f3\u0142ka i uchwyt, dzi\u0119ki czemu mo\u017cna \u0142atwo transportowa\u0107 manekiny Brayden mi\u0119dzy kursami resuscytacji kr\u0105\u017ceniowo-oddechowej.  Zamykana na zamek. Dzi\u0119ki temu rozwi\u0105zaniu torba jest na tyle szczelna, \u017ce manekiny s\u0105 bardzo dobrze chronione przez zabrudzeniami.  Specyfikacja:  - Waga 5,28 kg - Wymiary 84 \u00d7 38 \u00d7 15 cm\" \/>\n<meta property=\"og:url\" content=\"https:\/\/sklep.med4life.com.pl\/en\/product\/torba-na-4-fantomy-brayden\/\" \/>\n<meta property=\"og:site_name\" content=\"sklep.med4life.com.pl\" \/>\n<meta property=\"article:modified_time\" content=\"2025-04-23T14:22:16+00:00\" \/>\n<meta property=\"og:image\" content=\"https:\/\/sklep.med4life.com.pl\/wp-content\/uploads\/2025\/04\/Brayden_Torba_na_4_fantomy_brazowa_IM13-OA02_01.jpg\" \/>\n\t<meta property=\"og:image:width\" content=\"1200\" \/>\n\t<meta property=\"og:image:height\" content=\"1200\" \/>\n\t<meta property=\"og:image:type\" content=\"image\/jpeg\" \/>\n<meta name=\"twitter:card\" content=\"summary_large_image\" \/>\n<meta name=\"twitter:label1\" content=\"Est. reading time\" \/>\n\t<meta name=\"twitter:data1\" content=\"1 minute\" \/>\n<script type=\"application\/ld+json\" class=\"yoast-schema-graph\">{\"@context\":\"https:\/\/schema.org\",\"@graph\":[{\"@type\":\"WebPage\",\"@id\":\"https:\/\/sklep.med4life.com.pl\/product\/torba-na-4-fantomy-brayden\/\",\"url\":\"https:\/\/sklep.med4life.com.pl\/product\/torba-na-4-fantomy-brayden\/\",\"name\":\"Torba na 4 fantomy Brayden - sklep.med4life.com.pl\",\"isPartOf\":{\"@id\":\"https:\/\/sklep.med4life.com.pl\/#website\"},\"primaryImageOfPage\":{\"@id\":\"https:\/\/sklep.med4life.com.pl\/product\/torba-na-4-fantomy-brayden\/#primaryimage\"},\"image\":{\"@id\":\"https:\/\/sklep.med4life.com.pl\/product\/torba-na-4-fantomy-brayden\/#primaryimage\"},\"thumbnailUrl\":\"https:\/\/sklep.med4life.com.pl\/wp-content\/uploads\/2025\/04\/Brayden_Torba_na_4_fantomy_brazowa_IM13-OA02_01.jpg\",\"datePublished\":\"2025-04-23T14:22:15+00:00\",\"dateModified\":\"2025-04-23T14:22:16+00:00\",\"breadcrumb\":{\"@id\":\"https:\/\/sklep.med4life.com.pl\/product\/torba-na-4-fantomy-brayden\/#breadcrumb\"},\"inLanguage\":\"en-US\",\"potentialAction\":[{\"@type\":\"ReadAction\",\"target\":[\"https:\/\/sklep.med4life.com.pl\/product\/torba-na-4-fantomy-brayden\/\"]}]},{\"@type\":\"ImageObject\",\"inLanguage\":\"en-US\",\"@id\":\"https:\/\/sklep.med4life.com.pl\/product\/torba-na-4-fantomy-brayden\/#primaryimage\",\"url\":\"https:\/\/sklep.med4life.com.pl\/wp-content\/uploads\/2025\/04\/Brayden_Torba_na_4_fantomy_brazowa_IM13-OA02_01.jpg\",\"contentUrl\":\"https:\/\/sklep.med4life.com.pl\/wp-content\/uploads\/2025\/04\/Brayden_Torba_na_4_fantomy_brazowa_IM13-OA02_01.jpg\",\"width\":1200,\"height\":1200},{\"@type\":\"BreadcrumbList\",\"@id\":\"https:\/\/sklep.med4life.com.pl\/product\/torba-na-4-fantomy-brayden\/#breadcrumb\",\"itemListElement\":[{\"@type\":\"ListItem\",\"position\":1,\"name\":\"Strona g\u0142\u00f3wna\",\"item\":\"https:\/\/sklep.med4life.com.pl\/\"},{\"@type\":\"ListItem\",\"position\":2,\"name\":\"Sklep\",\"item\":\"https:\/\/sklep.med4life.com.pl\/shop\/\"},{\"@type\":\"ListItem\",\"position\":3,\"name\":\"Torba na 4 fantomy Brayden\"}]},{\"@type\":\"WebSite\",\"@id\":\"https:\/\/sklep.med4life.com.pl\/#website\",\"url\":\"https:\/\/sklep.med4life.com.pl\/\",\"name\":\"sklep.med4life.com.pl\",\"description\":\"\",\"potentialAction\":[{\"@type\":\"SearchAction\",\"target\":{\"@type\":\"EntryPoint\",\"urlTemplate\":\"https:\/\/sklep.med4life.com.pl\/?s={search_term_string}\"},\"query-input\":{\"@type\":\"PropertyValueSpecification\",\"valueRequired\":true,\"valueName\":\"search_term_string\"}}],\"inLanguage\":\"en-US\"}]}<\/script>\n<!-- \/ Yoast SEO plugin. -->","yoast_head_json":{"title":"Torba na 4 fantomy Brayden - sklep.med4life.com.pl","robots":{"index":"index","follow":"follow","max-snippet":"max-snippet:-1","max-image-preview":"max-image-preview:large","max-video-preview":"max-video-preview:-1"},"canonical":"https:\/\/sklep.med4life.com.pl\/en\/product\/torba-na-4-fantomy-brayden\/","og_locale":"en_US","og_type":"article","og_title":"Torba na 4 fantomy Brayden - sklep.med4life.com.pl","og_description":"Walizka torba na 4 fantomy Brayden  kod: IM13-OA13  Torba transportowa na k\u00f3\u0142kach na fantomy Brayden Basic, PRO, LED, OBI.  Torba na manekiny Brayden mie\u015bci 4 manekiny dla doros\u0142ych i miejsce na niekt\u00f3re akcesoria, takie jak worki p\u0142ucne i nakolanniki. Posiada k\u00f3\u0142ka i uchwyt, dzi\u0119ki czemu mo\u017cna \u0142atwo transportowa\u0107 manekiny Brayden mi\u0119dzy kursami resuscytacji kr\u0105\u017ceniowo-oddechowej.  Zamykana na zamek. Dzi\u0119ki temu rozwi\u0105zaniu torba jest na tyle szczelna, \u017ce manekiny s\u0105 bardzo dobrze chronione przez zabrudzeniami.  Specyfikacja:  - Waga 5,28 kg - Wymiary 84 \u00d7 38 \u00d7 15 cm","og_url":"https:\/\/sklep.med4life.com.pl\/en\/product\/torba-na-4-fantomy-brayden\/","og_site_name":"sklep.med4life.com.pl","article_modified_time":"2025-04-23T14:22:16+00:00","og_image":[{"width":1200,"height":1200,"url":"https:\/\/sklep.med4life.com.pl\/wp-content\/uploads\/2025\/04\/Brayden_Torba_na_4_fantomy_brazowa_IM13-OA02_01.jpg","type":"image\/jpeg"}],"twitter_card":"summary_large_image","twitter_misc":{"Est. reading time":"1 minute"},"schema":{"@context":"https:\/\/schema.org","@graph":[{"@type":"WebPage","@id":"https:\/\/sklep.med4life.com.pl\/product\/torba-na-4-fantomy-brayden\/","url":"https:\/\/sklep.med4life.com.pl\/product\/torba-na-4-fantomy-brayden\/","name":"Torba na 4 fantomy Brayden - sklep.med4life.com.pl","isPartOf":{"@id":"https:\/\/sklep.med4life.com.pl\/#website"},"primaryImageOfPage":{"@id":"https:\/\/sklep.med4life.com.pl\/product\/torba-na-4-fantomy-brayden\/#primaryimage"},"image":{"@id":"https:\/\/sklep.med4life.com.pl\/product\/torba-na-4-fantomy-brayden\/#primaryimage"},"thumbnailUrl":"https:\/\/sklep.med4life.com.pl\/wp-content\/uploads\/2025\/04\/Brayden_Torba_na_4_fantomy_brazowa_IM13-OA02_01.jpg","datePublished":"2025-04-23T14:22:15+00:00","dateModified":"2025-04-23T14:22:16+00:00","breadcrumb":{"@id":"https:\/\/sklep.med4life.com.pl\/product\/torba-na-4-fantomy-brayden\/#breadcrumb"},"inLanguage":"en-US","potentialAction":[{"@type":"ReadAction","target":["https:\/\/sklep.med4life.com.pl\/product\/torba-na-4-fantomy-brayden\/"]}]},{"@type":"ImageObject","inLanguage":"en-US","@id":"https:\/\/sklep.med4life.com.pl\/product\/torba-na-4-fantomy-brayden\/#primaryimage","url":"https:\/\/sklep.med4life.com.pl\/wp-content\/uploads\/2025\/04\/Brayden_Torba_na_4_fantomy_brazowa_IM13-OA02_01.jpg","contentUrl":"https:\/\/sklep.med4life.com.pl\/wp-content\/uploads\/2025\/04\/Brayden_Torba_na_4_fantomy_brazowa_IM13-OA02_01.jpg","width":1200,"height":1200},{"@type":"BreadcrumbList","@id":"https:\/\/sklep.med4life.com.pl\/product\/torba-na-4-fantomy-brayden\/#breadcrumb","itemListElement":[{"@type":"ListItem","position":1,"name":"Strona g\u0142\u00f3wna","item":"https:\/\/sklep.med4life.com.pl\/"},{"@type":"ListItem","position":2,"name":"Sklep","item":"https:\/\/sklep.med4life.com.pl\/shop\/"},{"@type":"ListItem","position":3,"name":"Torba na 4 fantomy Brayden"}]},{"@type":"WebSite","@id":"https:\/\/sklep.med4life.com.pl\/#website","url":"https:\/\/sklep.med4life.com.pl\/","name":"sklep.med4life.com.pl","description":"","potentialAction":[{"@type":"SearchAction","target":{"@type":"EntryPoint","urlTemplate":"https:\/\/sklep.med4life.com.pl\/?s={search_term_string}"},"query-input":{"@type":"PropertyValueSpecification","valueRequired":true,"valueName":"search_term_string"}}],"inLanguage":"en-US"}]}},"_links":{"self":[{"href":"https:\/\/sklep.med4life.com.pl\/en\/wp-json\/wp\/v2\/product\/6483","targetHints":{"allow":["GET"]}}],"collection":[{"href":"https:\/\/sklep.med4life.com.pl\/en\/wp-json\/wp\/v2\/product"}],"about":[{"href":"https:\/\/sklep.med4life.com.pl\/en\/wp-json\/wp\/v2\/types\/product"}],"replies":[{"embeddable":true,"href":"https:\/\/sklep.med4life.com.pl\/en\/wp-json\/wp\/v2\/comments?post=6483"}],"wp:featuredmedia":[{"embeddable":true,"href":"https:\/\/sklep.med4life.com.pl\/en\/wp-json\/wp\/v2\/media\/6484"}],"wp:attachment":[{"href":"https:\/\/sklep.med4life.com.pl\/en\/wp-json\/wp\/v2\/media?parent=6483"}],"wp:term":[{"taxonomy":"product_cat","embeddable":true,"href":"https:\/\/sklep.med4life.com.pl\/en\/wp-json\/wp\/v2\/product_cat?post=6483"},{"taxonomy":"product_tag","embeddable":true,"href":"https:\/\/sklep.med4life.com.pl\/en\/wp-json\/wp\/v2\/product_tag?post=6483"}],"curies":[{"name":"wp","href":"https:\/\/api.w.org\/{rel}","templated":true}]}}