{"id":6493,"date":"2025-04-23T16:33:22","date_gmt":"2025-04-23T14:33:22","guid":{"rendered":"https:\/\/sklep.med4life.com.pl\/?post_type=product&#038;p=6493"},"modified":"2025-04-23T16:33:23","modified_gmt":"2025-04-23T14:33:23","slug":"brayden-obi-zestaw-do-konwersji","status":"publish","type":"product","link":"https:\/\/sklep.med4life.com.pl\/en\/product\/brayden-obi-zestaw-do-konwersji\/","title":{"rendered":"Brayden OBI (zestaw do konwersji)"},"content":{"rendered":"<p>Zestaw do konwersji Brayden OBI<\/p>\n<p>kod: IM13-OB<\/p>\n<p>Zestaw do konwersji pozwala szybko przekszta\u0142ci\u0107 podstawowy fantom Brayden Adult w fantom przedstawiaj\u0105cy czarnosk\u00f3rego doros\u0142ego m\u0119\u017cczyzn\u0119.<\/p>\n<p>Przekszta\u0142cony fantom w Brayden OBI to manekin osoby doros\u0142ej do nauki i\/lub treningu resuscytacji kr\u0105\u017ceniowo-oddechowej oferuj\u0105cy realistyczny wygl\u0105d i odpowiednie parametry fizyczne, takie jak anatomicznie dok\u0142adny nos i usta, charakterystyczne dla rasy negroidalnej, umo\u017cliwiaj\u0105c w ten spos\u00f3b realistyczny trening wentylacji.<\/p>\n<p>Zestaw jest \u0142atwy w transporcie \u2013 oszcz\u0119dza miejsce, zapewniaj\u0105c mo\u017cliwo\u015b\u0107 \u0107wiczenia na fantomach prezentuj\u0105cych dwie r\u00f3\u017cne grupy pod wzgl\u0119dem rasy bez konieczno\u015bci posiadania i wo\u017cenia dw\u00f3ch pe\u0142nych manekin\u00f3w.<\/p>\n<p>Produkt mo\u017ce by\u0107 instalowany zar\u00f3wno na fantomach ze \u015bwietlnymi wska\u017anikami prawid\u0142owo\u015bci wykonywanych \u0107wicze\u0144 Brayden LED (w\u00f3wczas zachowuje te same funkcje wykrywania i analizowania skuteczno\u015bci resuscytacji i sygnalizowania efektywno\u015bci \u0107wicze\u0144 poprzez wizualn\u0105 prezentacj\u0119 przep\u0142ywu krwi z serca do m\u00f3zgu) jak i na fantomach Brayden Basic.<\/p>\n<p>Przeznaczenie:<\/p>\n<p>&#8211; Szkolenia z resuscytacji kr\u0105\u017ceniowo oddechowej.<br \/>\n&#8211; Pokazy pierwszej pomocy.<\/p>\n<p>Zawarto\u015b\u0107 zestawu:<\/p>\n<p>&#8211; Sk\u00f3ra twarzy.<br \/>\n&#8211; Sk\u00f3ra torsu.<\/p>","protected":false},"excerpt":{"rendered":"<p>Zestaw do konwersji pozwala szybko przekszta\u0142ci\u0107 podstawowy fantom Brayden Adult w fantom przedstawiaj\u0105cy czarnosk\u00f3rego doros\u0142ego m\u0119\u017cczyzn\u0119.<\/p>\n<p>Przekszta\u0142cony fantom w Brayden OBI to manekin osoby doros\u0142ej do nauki i\/lub treningu resuscytacji kr\u0105\u017ceniowo-oddechowej oferuj\u0105cy realistyczny wygl\u0105d i odpowiednie parametry fizyczne, takie jak anatomicznie dok\u0142adny nos i usta, charakterystyczne dla rasy negroidalnej, umo\u017cliwiaj\u0105c w ten spos\u00f3b realistyczny trening wentylacji.<\/p>\n<p>Zestaw jest \u0142atwy w transporcie \u2013 oszcz\u0119dza miejsce, zapewniaj\u0105c mo\u017cliwo\u015b\u0107 \u0107wiczenia na fantomach prezentuj\u0105cych dwie r\u00f3\u017cne grupy pod wzgl\u0119dem rasy bez konieczno\u015bci posiadania i wo\u017cenia dw\u00f3ch pe\u0142nych manekin\u00f3w.<\/p>","protected":false},"featured_media":6494,"comment_status":"open","ping_status":"closed","template":"","meta":{"content-type":"","om_disable_all_campaigns":false,"_monsterinsights_skip_tracking":false,"_monsterinsights_sitenote_active":false,"_monsterinsights_sitenote_note":"","_monsterinsights_sitenote_category":0},"product_cat":[109],"product_tag":[],"class_list":{"0":"post-6493","1":"product","2":"type-product","3":"status-publish","4":"has-post-thumbnail","6":"product_cat-zestawy-brayden","8":"first","9":"instock","10":"shipping-taxable","11":"product-type-simple"},"yoast_head":"<!-- This site is optimized with the Yoast SEO plugin v23.8 - https:\/\/yoast.com\/wordpress\/plugins\/seo\/ -->\n<title>Brayden OBI (zestaw do konwersji) - sklep.med4life.com.pl<\/title>\n<meta name=\"robots\" content=\"index, follow, max-snippet:-1, max-image-preview:large, max-video-preview:-1\" \/>\n<link rel=\"canonical\" href=\"https:\/\/sklep.med4life.com.pl\/en\/product\/brayden-obi-zestaw-do-konwersji\/\" \/>\n<meta property=\"og:locale\" content=\"en_US\" \/>\n<meta property=\"og:type\" content=\"article\" \/>\n<meta property=\"og:title\" content=\"Brayden OBI (zestaw do konwersji) - sklep.med4life.com.pl\" \/>\n<meta property=\"og:description\" content=\"Zestaw do konwersji pozwala szybko przekszta\u0142ci\u0107 podstawowy fantom Brayden Adult w fantom przedstawiaj\u0105cy czarnosk\u00f3rego doros\u0142ego m\u0119\u017cczyzn\u0119.  Przekszta\u0142cony fantom w Brayden OBI to manekin osoby doros\u0142ej do nauki i\/lub treningu resuscytacji kr\u0105\u017ceniowo-oddechowej oferuj\u0105cy realistyczny wygl\u0105d i odpowiednie parametry fizyczne, takie jak anatomicznie dok\u0142adny nos i usta, charakterystyczne dla rasy negroidalnej, umo\u017cliwiaj\u0105c w ten spos\u00f3b realistyczny trening wentylacji.  Zestaw jest \u0142atwy w transporcie \u2013 oszcz\u0119dza miejsce, zapewniaj\u0105c mo\u017cliwo\u015b\u0107 \u0107wiczenia na fantomach prezentuj\u0105cych dwie r\u00f3\u017cne grupy pod wzgl\u0119dem rasy bez konieczno\u015bci posiadania i wo\u017cenia dw\u00f3ch pe\u0142nych manekin\u00f3w.\" \/>\n<meta property=\"og:url\" content=\"https:\/\/sklep.med4life.com.pl\/en\/product\/brayden-obi-zestaw-do-konwersji\/\" \/>\n<meta property=\"og:site_name\" content=\"sklep.med4life.com.pl\" \/>\n<meta property=\"article:modified_time\" content=\"2025-04-23T14:33:23+00:00\" \/>\n<meta property=\"og:image\" content=\"https:\/\/sklep.med4life.com.pl\/wp-content\/uploads\/2025\/04\/Brayden_OBI_zestaw_do_konwersji_01.jpg\" \/>\n\t<meta property=\"og:image:width\" content=\"1200\" \/>\n\t<meta property=\"og:image:height\" content=\"1200\" \/>\n\t<meta property=\"og:image:type\" content=\"image\/jpeg\" \/>\n<meta name=\"twitter:card\" content=\"summary_large_image\" \/>\n<meta name=\"twitter:label1\" content=\"Est. reading time\" \/>\n\t<meta name=\"twitter:data1\" content=\"2 minutes\" \/>\n<script type=\"application\/ld+json\" class=\"yoast-schema-graph\">{\"@context\":\"https:\/\/schema.org\",\"@graph\":[{\"@type\":\"WebPage\",\"@id\":\"https:\/\/sklep.med4life.com.pl\/product\/brayden-obi-zestaw-do-konwersji\/\",\"url\":\"https:\/\/sklep.med4life.com.pl\/product\/brayden-obi-zestaw-do-konwersji\/\",\"name\":\"Brayden OBI (zestaw do konwersji) - sklep.med4life.com.pl\",\"isPartOf\":{\"@id\":\"https:\/\/sklep.med4life.com.pl\/#website\"},\"primaryImageOfPage\":{\"@id\":\"https:\/\/sklep.med4life.com.pl\/product\/brayden-obi-zestaw-do-konwersji\/#primaryimage\"},\"image\":{\"@id\":\"https:\/\/sklep.med4life.com.pl\/product\/brayden-obi-zestaw-do-konwersji\/#primaryimage\"},\"thumbnailUrl\":\"https:\/\/sklep.med4life.com.pl\/wp-content\/uploads\/2025\/04\/Brayden_OBI_zestaw_do_konwersji_01.jpg\",\"datePublished\":\"2025-04-23T14:33:22+00:00\",\"dateModified\":\"2025-04-23T14:33:23+00:00\",\"breadcrumb\":{\"@id\":\"https:\/\/sklep.med4life.com.pl\/product\/brayden-obi-zestaw-do-konwersji\/#breadcrumb\"},\"inLanguage\":\"en-US\",\"potentialAction\":[{\"@type\":\"ReadAction\",\"target\":[\"https:\/\/sklep.med4life.com.pl\/product\/brayden-obi-zestaw-do-konwersji\/\"]}]},{\"@type\":\"ImageObject\",\"inLanguage\":\"en-US\",\"@id\":\"https:\/\/sklep.med4life.com.pl\/product\/brayden-obi-zestaw-do-konwersji\/#primaryimage\",\"url\":\"https:\/\/sklep.med4life.com.pl\/wp-content\/uploads\/2025\/04\/Brayden_OBI_zestaw_do_konwersji_01.jpg\",\"contentUrl\":\"https:\/\/sklep.med4life.com.pl\/wp-content\/uploads\/2025\/04\/Brayden_OBI_zestaw_do_konwersji_01.jpg\",\"width\":1200,\"height\":1200},{\"@type\":\"BreadcrumbList\",\"@id\":\"https:\/\/sklep.med4life.com.pl\/product\/brayden-obi-zestaw-do-konwersji\/#breadcrumb\",\"itemListElement\":[{\"@type\":\"ListItem\",\"position\":1,\"name\":\"Strona g\u0142\u00f3wna\",\"item\":\"https:\/\/sklep.med4life.com.pl\/\"},{\"@type\":\"ListItem\",\"position\":2,\"name\":\"Sklep\",\"item\":\"https:\/\/sklep.med4life.com.pl\/shop\/\"},{\"@type\":\"ListItem\",\"position\":3,\"name\":\"Brayden OBI (zestaw do konwersji)\"}]},{\"@type\":\"WebSite\",\"@id\":\"https:\/\/sklep.med4life.com.pl\/#website\",\"url\":\"https:\/\/sklep.med4life.com.pl\/\",\"name\":\"sklep.med4life.com.pl\",\"description\":\"\",\"potentialAction\":[{\"@type\":\"SearchAction\",\"target\":{\"@type\":\"EntryPoint\",\"urlTemplate\":\"https:\/\/sklep.med4life.com.pl\/?s={search_term_string}\"},\"query-input\":{\"@type\":\"PropertyValueSpecification\",\"valueRequired\":true,\"valueName\":\"search_term_string\"}}],\"inLanguage\":\"en-US\"}]}<\/script>\n<!-- \/ Yoast SEO plugin. -->","yoast_head_json":{"title":"Brayden OBI (zestaw do konwersji) - sklep.med4life.com.pl","robots":{"index":"index","follow":"follow","max-snippet":"max-snippet:-1","max-image-preview":"max-image-preview:large","max-video-preview":"max-video-preview:-1"},"canonical":"https:\/\/sklep.med4life.com.pl\/en\/product\/brayden-obi-zestaw-do-konwersji\/","og_locale":"en_US","og_type":"article","og_title":"Brayden OBI (zestaw do konwersji) - sklep.med4life.com.pl","og_description":"Zestaw do konwersji pozwala szybko przekszta\u0142ci\u0107 podstawowy fantom Brayden Adult w fantom przedstawiaj\u0105cy czarnosk\u00f3rego doros\u0142ego m\u0119\u017cczyzn\u0119.  Przekszta\u0142cony fantom w Brayden OBI to manekin osoby doros\u0142ej do nauki i\/lub treningu resuscytacji kr\u0105\u017ceniowo-oddechowej oferuj\u0105cy realistyczny wygl\u0105d i odpowiednie parametry fizyczne, takie jak anatomicznie dok\u0142adny nos i usta, charakterystyczne dla rasy negroidalnej, umo\u017cliwiaj\u0105c w ten spos\u00f3b realistyczny trening wentylacji.  Zestaw jest \u0142atwy w transporcie \u2013 oszcz\u0119dza miejsce, zapewniaj\u0105c mo\u017cliwo\u015b\u0107 \u0107wiczenia na fantomach prezentuj\u0105cych dwie r\u00f3\u017cne grupy pod wzgl\u0119dem rasy bez konieczno\u015bci posiadania i wo\u017cenia dw\u00f3ch pe\u0142nych manekin\u00f3w.","og_url":"https:\/\/sklep.med4life.com.pl\/en\/product\/brayden-obi-zestaw-do-konwersji\/","og_site_name":"sklep.med4life.com.pl","article_modified_time":"2025-04-23T14:33:23+00:00","og_image":[{"width":1200,"height":1200,"url":"https:\/\/sklep.med4life.com.pl\/wp-content\/uploads\/2025\/04\/Brayden_OBI_zestaw_do_konwersji_01.jpg","type":"image\/jpeg"}],"twitter_card":"summary_large_image","twitter_misc":{"Est. reading time":"2 minutes"},"schema":{"@context":"https:\/\/schema.org","@graph":[{"@type":"WebPage","@id":"https:\/\/sklep.med4life.com.pl\/product\/brayden-obi-zestaw-do-konwersji\/","url":"https:\/\/sklep.med4life.com.pl\/product\/brayden-obi-zestaw-do-konwersji\/","name":"Brayden OBI (zestaw do konwersji) - sklep.med4life.com.pl","isPartOf":{"@id":"https:\/\/sklep.med4life.com.pl\/#website"},"primaryImageOfPage":{"@id":"https:\/\/sklep.med4life.com.pl\/product\/brayden-obi-zestaw-do-konwersji\/#primaryimage"},"image":{"@id":"https:\/\/sklep.med4life.com.pl\/product\/brayden-obi-zestaw-do-konwersji\/#primaryimage"},"thumbnailUrl":"https:\/\/sklep.med4life.com.pl\/wp-content\/uploads\/2025\/04\/Brayden_OBI_zestaw_do_konwersji_01.jpg","datePublished":"2025-04-23T14:33:22+00:00","dateModified":"2025-04-23T14:33:23+00:00","breadcrumb":{"@id":"https:\/\/sklep.med4life.com.pl\/product\/brayden-obi-zestaw-do-konwersji\/#breadcrumb"},"inLanguage":"en-US","potentialAction":[{"@type":"ReadAction","target":["https:\/\/sklep.med4life.com.pl\/product\/brayden-obi-zestaw-do-konwersji\/"]}]},{"@type":"ImageObject","inLanguage":"en-US","@id":"https:\/\/sklep.med4life.com.pl\/product\/brayden-obi-zestaw-do-konwersji\/#primaryimage","url":"https:\/\/sklep.med4life.com.pl\/wp-content\/uploads\/2025\/04\/Brayden_OBI_zestaw_do_konwersji_01.jpg","contentUrl":"https:\/\/sklep.med4life.com.pl\/wp-content\/uploads\/2025\/04\/Brayden_OBI_zestaw_do_konwersji_01.jpg","width":1200,"height":1200},{"@type":"BreadcrumbList","@id":"https:\/\/sklep.med4life.com.pl\/product\/brayden-obi-zestaw-do-konwersji\/#breadcrumb","itemListElement":[{"@type":"ListItem","position":1,"name":"Strona g\u0142\u00f3wna","item":"https:\/\/sklep.med4life.com.pl\/"},{"@type":"ListItem","position":2,"name":"Sklep","item":"https:\/\/sklep.med4life.com.pl\/shop\/"},{"@type":"ListItem","position":3,"name":"Brayden OBI (zestaw do konwersji)"}]},{"@type":"WebSite","@id":"https:\/\/sklep.med4life.com.pl\/#website","url":"https:\/\/sklep.med4life.com.pl\/","name":"sklep.med4life.com.pl","description":"","potentialAction":[{"@type":"SearchAction","target":{"@type":"EntryPoint","urlTemplate":"https:\/\/sklep.med4life.com.pl\/?s={search_term_string}"},"query-input":{"@type":"PropertyValueSpecification","valueRequired":true,"valueName":"search_term_string"}}],"inLanguage":"en-US"}]}},"_links":{"self":[{"href":"https:\/\/sklep.med4life.com.pl\/en\/wp-json\/wp\/v2\/product\/6493","targetHints":{"allow":["GET"]}}],"collection":[{"href":"https:\/\/sklep.med4life.com.pl\/en\/wp-json\/wp\/v2\/product"}],"about":[{"href":"https:\/\/sklep.med4life.com.pl\/en\/wp-json\/wp\/v2\/types\/product"}],"replies":[{"embeddable":true,"href":"https:\/\/sklep.med4life.com.pl\/en\/wp-json\/wp\/v2\/comments?post=6493"}],"wp:featuredmedia":[{"embeddable":true,"href":"https:\/\/sklep.med4life.com.pl\/en\/wp-json\/wp\/v2\/media\/6494"}],"wp:attachment":[{"href":"https:\/\/sklep.med4life.com.pl\/en\/wp-json\/wp\/v2\/media?parent=6493"}],"wp:term":[{"taxonomy":"product_cat","embeddable":true,"href":"https:\/\/sklep.med4life.com.pl\/en\/wp-json\/wp\/v2\/product_cat?post=6493"},{"taxonomy":"product_tag","embeddable":true,"href":"https:\/\/sklep.med4life.com.pl\/en\/wp-json\/wp\/v2\/product_tag?post=6493"}],"curies":[{"name":"wp","href":"https:\/\/api.w.org\/{rel}","templated":true}]}}