{"id":6534,"date":"2025-04-24T13:49:43","date_gmt":"2025-04-24T11:49:43","guid":{"rendered":"https:\/\/sklep.med4life.com.pl\/?post_type=product&#038;p=6534"},"modified":"2025-04-24T13:49:43","modified_gmt":"2025-04-24T11:49:43","slug":"zastawka-drog-oddechowych-brayden-brayden-pro","status":"publish","type":"product","link":"https:\/\/sklep.med4life.com.pl\/en\/product\/zastawka-drog-oddechowych-brayden-brayden-pro\/","title":{"rendered":"Zastawka dr\u00f3g oddechowych Brayden \/ Brayden Pro"},"content":{"rendered":"<p>Zastawka g\u00f3rnych dr\u00f3g oddechowych Brayden<\/p>\n<p>kod: IM13-SA08<\/p>\n<p>Wymienny zaw\u00f3r oddechowy do wszystkich typ\u00f3w manekin\u00f3w Brayden z serii Adult.<\/p>\n<p>Zaw\u00f3r posiada miejsce na zamontowanie dw\u00f3ch filtr\u00f3w (oddechowy i gumow\u0105 zastawk\u0119) i pod\u0142\u0105czenie go do p\u0142uc.<\/p>\n<p>Zaw\u00f3r nie zawiera filtr\u00f3w.<\/p>\n<p>Waga: 0,0012 kg<br \/>\nWymiary: 6,1 \u00d7 5,2 \u00d7 5 cm<br \/>\nIlo\u015b\u0107: 1 szt.<\/p>","protected":false},"excerpt":{"rendered":"<p>Zastawka g\u00f3rnych dr\u00f3g oddechowych Brayden<\/p>\n<p>kod: IM13-SA08<\/p>\n<p>Wymienny zaw\u00f3r oddechowy do wszystkich typ\u00f3w manekin\u00f3w Brayden z serii Adult.<\/p>\n<p>Zaw\u00f3r posiada miejsce na zamontowanie dw\u00f3ch filtr\u00f3w (oddechowy i gumow\u0105 zastawk\u0119) i pod\u0142\u0105czenie go do p\u0142uc.<\/p>\n<p>Zaw\u00f3r nie zawiera filtr\u00f3w.<\/p>\n<p>Waga: 0,0012 kg<br \/>\nWymiary: 6,1 \u00d7 5,2 \u00d7 5 cm<br \/>\nIlo\u015b\u0107: 1 szt.<\/p>","protected":false},"featured_media":6535,"comment_status":"open","ping_status":"closed","template":"","meta":{"content-type":"","om_disable_all_campaigns":false,"_monsterinsights_skip_tracking":false,"_monsterinsights_sitenote_active":false,"_monsterinsights_sitenote_note":"","_monsterinsights_sitenote_category":0},"product_cat":[108],"product_tag":[],"class_list":{"0":"post-6534","1":"product","2":"type-product","3":"status-publish","4":"has-post-thumbnail","6":"product_cat-akcesoria-do-brayden","8":"first","9":"instock","10":"shipping-taxable","11":"product-type-simple"},"yoast_head":"<!-- This site is optimized with the Yoast SEO plugin v23.8 - https:\/\/yoast.com\/wordpress\/plugins\/seo\/ -->\n<title>Zastawka dr\u00f3g oddechowych Brayden \/ Brayden Pro - sklep.med4life.com.pl<\/title>\n<meta name=\"robots\" content=\"index, follow, max-snippet:-1, max-image-preview:large, max-video-preview:-1\" \/>\n<link rel=\"canonical\" href=\"https:\/\/sklep.med4life.com.pl\/en\/product\/zastawka-drog-oddechowych-brayden-brayden-pro\/\" \/>\n<meta property=\"og:locale\" content=\"en_US\" \/>\n<meta property=\"og:type\" content=\"article\" \/>\n<meta property=\"og:title\" content=\"Zastawka dr\u00f3g oddechowych Brayden \/ Brayden Pro - sklep.med4life.com.pl\" \/>\n<meta property=\"og:description\" content=\"Zastawka g\u00f3rnych dr\u00f3g oddechowych Brayden  kod: IM13-SA08  Wymienny zaw\u00f3r oddechowy do wszystkich typ\u00f3w manekin\u00f3w Brayden z serii Adult.  Zaw\u00f3r posiada miejsce na zamontowanie dw\u00f3ch filtr\u00f3w (oddechowy i gumow\u0105 zastawk\u0119) i pod\u0142\u0105czenie go do p\u0142uc.  Zaw\u00f3r nie zawiera filtr\u00f3w.  Waga: 0,0012 kg Wymiary: 6,1 \u00d7 5,2 \u00d7 5 cm Ilo\u015b\u0107: 1 szt.\" \/>\n<meta property=\"og:url\" content=\"https:\/\/sklep.med4life.com.pl\/en\/product\/zastawka-drog-oddechowych-brayden-brayden-pro\/\" \/>\n<meta property=\"og:site_name\" content=\"sklep.med4life.com.pl\" \/>\n<meta property=\"og:image\" content=\"https:\/\/sklep.med4life.com.pl\/wp-content\/uploads\/2025\/04\/Brayden_zastawka_drog_oddechowych_IM13-SA08_01.jpg\" \/>\n\t<meta property=\"og:image:width\" content=\"1200\" \/>\n\t<meta property=\"og:image:height\" content=\"1200\" \/>\n\t<meta property=\"og:image:type\" content=\"image\/jpeg\" \/>\n<meta name=\"twitter:card\" content=\"summary_large_image\" \/>\n<meta name=\"twitter:label1\" content=\"Est. reading time\" \/>\n\t<meta name=\"twitter:data1\" content=\"1 minute\" \/>\n<script type=\"application\/ld+json\" class=\"yoast-schema-graph\">{\"@context\":\"https:\/\/schema.org\",\"@graph\":[{\"@type\":\"WebPage\",\"@id\":\"https:\/\/sklep.med4life.com.pl\/product\/zastawka-drog-oddechowych-brayden-brayden-pro\/\",\"url\":\"https:\/\/sklep.med4life.com.pl\/product\/zastawka-drog-oddechowych-brayden-brayden-pro\/\",\"name\":\"Zastawka dr\u00f3g oddechowych Brayden \/ Brayden Pro - sklep.med4life.com.pl\",\"isPartOf\":{\"@id\":\"https:\/\/sklep.med4life.com.pl\/#website\"},\"primaryImageOfPage\":{\"@id\":\"https:\/\/sklep.med4life.com.pl\/product\/zastawka-drog-oddechowych-brayden-brayden-pro\/#primaryimage\"},\"image\":{\"@id\":\"https:\/\/sklep.med4life.com.pl\/product\/zastawka-drog-oddechowych-brayden-brayden-pro\/#primaryimage\"},\"thumbnailUrl\":\"https:\/\/sklep.med4life.com.pl\/wp-content\/uploads\/2025\/04\/Brayden_zastawka_drog_oddechowych_IM13-SA08_01.jpg\",\"datePublished\":\"2025-04-24T11:49:43+00:00\",\"dateModified\":\"2025-04-24T11:49:43+00:00\",\"breadcrumb\":{\"@id\":\"https:\/\/sklep.med4life.com.pl\/product\/zastawka-drog-oddechowych-brayden-brayden-pro\/#breadcrumb\"},\"inLanguage\":\"en-US\",\"potentialAction\":[{\"@type\":\"ReadAction\",\"target\":[\"https:\/\/sklep.med4life.com.pl\/product\/zastawka-drog-oddechowych-brayden-brayden-pro\/\"]}]},{\"@type\":\"ImageObject\",\"inLanguage\":\"en-US\",\"@id\":\"https:\/\/sklep.med4life.com.pl\/product\/zastawka-drog-oddechowych-brayden-brayden-pro\/#primaryimage\",\"url\":\"https:\/\/sklep.med4life.com.pl\/wp-content\/uploads\/2025\/04\/Brayden_zastawka_drog_oddechowych_IM13-SA08_01.jpg\",\"contentUrl\":\"https:\/\/sklep.med4life.com.pl\/wp-content\/uploads\/2025\/04\/Brayden_zastawka_drog_oddechowych_IM13-SA08_01.jpg\",\"width\":1200,\"height\":1200},{\"@type\":\"BreadcrumbList\",\"@id\":\"https:\/\/sklep.med4life.com.pl\/product\/zastawka-drog-oddechowych-brayden-brayden-pro\/#breadcrumb\",\"itemListElement\":[{\"@type\":\"ListItem\",\"position\":1,\"name\":\"Strona g\u0142\u00f3wna\",\"item\":\"https:\/\/sklep.med4life.com.pl\/\"},{\"@type\":\"ListItem\",\"position\":2,\"name\":\"Sklep\",\"item\":\"https:\/\/sklep.med4life.com.pl\/shop\/\"},{\"@type\":\"ListItem\",\"position\":3,\"name\":\"Zastawka dr\u00f3g oddechowych Brayden \/ Brayden Pro\"}]},{\"@type\":\"WebSite\",\"@id\":\"https:\/\/sklep.med4life.com.pl\/#website\",\"url\":\"https:\/\/sklep.med4life.com.pl\/\",\"name\":\"sklep.med4life.com.pl\",\"description\":\"\",\"potentialAction\":[{\"@type\":\"SearchAction\",\"target\":{\"@type\":\"EntryPoint\",\"urlTemplate\":\"https:\/\/sklep.med4life.com.pl\/?s={search_term_string}\"},\"query-input\":{\"@type\":\"PropertyValueSpecification\",\"valueRequired\":true,\"valueName\":\"search_term_string\"}}],\"inLanguage\":\"en-US\"}]}<\/script>\n<!-- \/ Yoast SEO plugin. -->","yoast_head_json":{"title":"Zastawka dr\u00f3g oddechowych Brayden \/ Brayden Pro - sklep.med4life.com.pl","robots":{"index":"index","follow":"follow","max-snippet":"max-snippet:-1","max-image-preview":"max-image-preview:large","max-video-preview":"max-video-preview:-1"},"canonical":"https:\/\/sklep.med4life.com.pl\/en\/product\/zastawka-drog-oddechowych-brayden-brayden-pro\/","og_locale":"en_US","og_type":"article","og_title":"Zastawka dr\u00f3g oddechowych Brayden \/ Brayden Pro - sklep.med4life.com.pl","og_description":"Zastawka g\u00f3rnych dr\u00f3g oddechowych Brayden  kod: IM13-SA08  Wymienny zaw\u00f3r oddechowy do wszystkich typ\u00f3w manekin\u00f3w Brayden z serii Adult.  Zaw\u00f3r posiada miejsce na zamontowanie dw\u00f3ch filtr\u00f3w (oddechowy i gumow\u0105 zastawk\u0119) i pod\u0142\u0105czenie go do p\u0142uc.  Zaw\u00f3r nie zawiera filtr\u00f3w.  Waga: 0,0012 kg Wymiary: 6,1 \u00d7 5,2 \u00d7 5 cm Ilo\u015b\u0107: 1 szt.","og_url":"https:\/\/sklep.med4life.com.pl\/en\/product\/zastawka-drog-oddechowych-brayden-brayden-pro\/","og_site_name":"sklep.med4life.com.pl","og_image":[{"width":1200,"height":1200,"url":"https:\/\/sklep.med4life.com.pl\/wp-content\/uploads\/2025\/04\/Brayden_zastawka_drog_oddechowych_IM13-SA08_01.jpg","type":"image\/jpeg"}],"twitter_card":"summary_large_image","twitter_misc":{"Est. reading time":"1 minute"},"schema":{"@context":"https:\/\/schema.org","@graph":[{"@type":"WebPage","@id":"https:\/\/sklep.med4life.com.pl\/product\/zastawka-drog-oddechowych-brayden-brayden-pro\/","url":"https:\/\/sklep.med4life.com.pl\/product\/zastawka-drog-oddechowych-brayden-brayden-pro\/","name":"Zastawka dr\u00f3g oddechowych Brayden \/ Brayden Pro - sklep.med4life.com.pl","isPartOf":{"@id":"https:\/\/sklep.med4life.com.pl\/#website"},"primaryImageOfPage":{"@id":"https:\/\/sklep.med4life.com.pl\/product\/zastawka-drog-oddechowych-brayden-brayden-pro\/#primaryimage"},"image":{"@id":"https:\/\/sklep.med4life.com.pl\/product\/zastawka-drog-oddechowych-brayden-brayden-pro\/#primaryimage"},"thumbnailUrl":"https:\/\/sklep.med4life.com.pl\/wp-content\/uploads\/2025\/04\/Brayden_zastawka_drog_oddechowych_IM13-SA08_01.jpg","datePublished":"2025-04-24T11:49:43+00:00","dateModified":"2025-04-24T11:49:43+00:00","breadcrumb":{"@id":"https:\/\/sklep.med4life.com.pl\/product\/zastawka-drog-oddechowych-brayden-brayden-pro\/#breadcrumb"},"inLanguage":"en-US","potentialAction":[{"@type":"ReadAction","target":["https:\/\/sklep.med4life.com.pl\/product\/zastawka-drog-oddechowych-brayden-brayden-pro\/"]}]},{"@type":"ImageObject","inLanguage":"en-US","@id":"https:\/\/sklep.med4life.com.pl\/product\/zastawka-drog-oddechowych-brayden-brayden-pro\/#primaryimage","url":"https:\/\/sklep.med4life.com.pl\/wp-content\/uploads\/2025\/04\/Brayden_zastawka_drog_oddechowych_IM13-SA08_01.jpg","contentUrl":"https:\/\/sklep.med4life.com.pl\/wp-content\/uploads\/2025\/04\/Brayden_zastawka_drog_oddechowych_IM13-SA08_01.jpg","width":1200,"height":1200},{"@type":"BreadcrumbList","@id":"https:\/\/sklep.med4life.com.pl\/product\/zastawka-drog-oddechowych-brayden-brayden-pro\/#breadcrumb","itemListElement":[{"@type":"ListItem","position":1,"name":"Strona g\u0142\u00f3wna","item":"https:\/\/sklep.med4life.com.pl\/"},{"@type":"ListItem","position":2,"name":"Sklep","item":"https:\/\/sklep.med4life.com.pl\/shop\/"},{"@type":"ListItem","position":3,"name":"Zastawka dr\u00f3g oddechowych Brayden \/ Brayden Pro"}]},{"@type":"WebSite","@id":"https:\/\/sklep.med4life.com.pl\/#website","url":"https:\/\/sklep.med4life.com.pl\/","name":"sklep.med4life.com.pl","description":"","potentialAction":[{"@type":"SearchAction","target":{"@type":"EntryPoint","urlTemplate":"https:\/\/sklep.med4life.com.pl\/?s={search_term_string}"},"query-input":{"@type":"PropertyValueSpecification","valueRequired":true,"valueName":"search_term_string"}}],"inLanguage":"en-US"}]}},"_links":{"self":[{"href":"https:\/\/sklep.med4life.com.pl\/en\/wp-json\/wp\/v2\/product\/6534","targetHints":{"allow":["GET"]}}],"collection":[{"href":"https:\/\/sklep.med4life.com.pl\/en\/wp-json\/wp\/v2\/product"}],"about":[{"href":"https:\/\/sklep.med4life.com.pl\/en\/wp-json\/wp\/v2\/types\/product"}],"replies":[{"embeddable":true,"href":"https:\/\/sklep.med4life.com.pl\/en\/wp-json\/wp\/v2\/comments?post=6534"}],"wp:featuredmedia":[{"embeddable":true,"href":"https:\/\/sklep.med4life.com.pl\/en\/wp-json\/wp\/v2\/media\/6535"}],"wp:attachment":[{"href":"https:\/\/sklep.med4life.com.pl\/en\/wp-json\/wp\/v2\/media?parent=6534"}],"wp:term":[{"taxonomy":"product_cat","embeddable":true,"href":"https:\/\/sklep.med4life.com.pl\/en\/wp-json\/wp\/v2\/product_cat?post=6534"},{"taxonomy":"product_tag","embeddable":true,"href":"https:\/\/sklep.med4life.com.pl\/en\/wp-json\/wp\/v2\/product_tag?post=6534"}],"curies":[{"name":"wp","href":"https:\/\/api.w.org\/{rel}","templated":true}]}}