{"id":6537,"date":"2025-04-24T13:52:40","date_gmt":"2025-04-24T11:52:40","guid":{"rendered":"https:\/\/sklep.med4life.com.pl\/?post_type=product&#038;p=6537"},"modified":"2025-04-24T13:58:24","modified_gmt":"2025-04-24T11:58:24","slug":"sprezyna-brayden-brayden-pro","status":"publish","type":"product","link":"https:\/\/sklep.med4life.com.pl\/en\/product\/sprezyna-brayden-brayden-pro\/","title":{"rendered":"Spr\u0119\u017cyna Brayden \/ Brayden Pro"},"content":{"rendered":"<p>Sp\u0119\u017cyna Brayden do Basic PRO Led<\/p>\n<p>Kod: IM13-SA12<\/p>\n<p>Spr\u0119\u017cyna imituj\u0105ca si\u0142\u0119 oporu klatki piersiowej oraz jej relaksacj\u0119 u osoby doros\u0142ej to element eksploatacyjny manekina, kt\u00f3ry z czasem si\u0119 z\u017cuwa i wymaga wymiany.<\/p>\n<p>Spr\u0119\u017cyna IM13-SA12 dedykowana jest do doros\u0142ych manekina Brayden.<\/p>","protected":false},"excerpt":{"rendered":"<p>Sp\u0119\u017cyna Brayden do Basic PRO Led<\/p>\n<p>Kod: IM13-SA12<\/p>\n<p>Spr\u0119\u017cyna imituj\u0105ca si\u0142\u0119 oporu klatki piersiowej oraz jej relaksacj\u0119 u osoby doros\u0142ej to element eksploatacyjny manekina, kt\u00f3ry z czasem si\u0119 z\u017cuwa i wymaga wymiany.<\/p>\n<p>Spr\u0119\u017cyna IM13-SA12 dedykowana jest do doros\u0142ych manekina Brayden.<\/p>","protected":false},"featured_media":6538,"comment_status":"open","ping_status":"closed","template":"","meta":{"content-type":"","om_disable_all_campaigns":false,"_monsterinsights_skip_tracking":false,"_monsterinsights_sitenote_active":false,"_monsterinsights_sitenote_note":"","_monsterinsights_sitenote_category":0},"product_cat":[108],"product_tag":[],"class_list":{"0":"post-6537","1":"product","2":"type-product","3":"status-publish","4":"has-post-thumbnail","6":"product_cat-akcesoria-do-brayden","8":"first","9":"instock","10":"shipping-taxable","11":"product-type-simple"},"yoast_head":"<!-- This site is optimized with the Yoast SEO plugin v23.8 - https:\/\/yoast.com\/wordpress\/plugins\/seo\/ -->\n<title>Spr\u0119\u017cyna Brayden \/ Brayden Pro - sklep.med4life.com.pl<\/title>\n<meta name=\"robots\" content=\"index, follow, max-snippet:-1, max-image-preview:large, max-video-preview:-1\" \/>\n<link rel=\"canonical\" href=\"https:\/\/sklep.med4life.com.pl\/en\/product\/sprezyna-brayden-brayden-pro\/\" \/>\n<meta property=\"og:locale\" content=\"en_US\" \/>\n<meta property=\"og:type\" content=\"article\" \/>\n<meta property=\"og:title\" content=\"Spr\u0119\u017cyna Brayden \/ Brayden Pro - sklep.med4life.com.pl\" \/>\n<meta property=\"og:description\" content=\"Sp\u0119\u017cyna Brayden do Basic PRO Led  Kod: IM13-SA12  Spr\u0119\u017cyna imituj\u0105ca si\u0142\u0119 oporu klatki piersiowej oraz jej relaksacj\u0119 u osoby doros\u0142ej to element eksploatacyjny manekina, kt\u00f3ry z czasem si\u0119 z\u017cuwa i wymaga wymiany.  Spr\u0119\u017cyna IM13-SA12 dedykowana jest do doros\u0142ych manekina Brayden.\" \/>\n<meta property=\"og:url\" content=\"https:\/\/sklep.med4life.com.pl\/en\/product\/sprezyna-brayden-brayden-pro\/\" \/>\n<meta property=\"og:site_name\" content=\"sklep.med4life.com.pl\" \/>\n<meta property=\"article:modified_time\" content=\"2025-04-24T11:58:24+00:00\" \/>\n<meta property=\"og:image\" content=\"https:\/\/sklep.med4life.com.pl\/wp-content\/uploads\/2025\/04\/Brayden_Adult_sprezyna_do_fantoma_IM13-SA12_01.jpg\" \/>\n\t<meta property=\"og:image:width\" content=\"1200\" \/>\n\t<meta property=\"og:image:height\" content=\"1200\" \/>\n\t<meta property=\"og:image:type\" content=\"image\/jpeg\" \/>\n<meta name=\"twitter:card\" content=\"summary_large_image\" \/>\n<meta name=\"twitter:label1\" content=\"Est. reading time\" \/>\n\t<meta name=\"twitter:data1\" content=\"1 minute\" \/>\n<script type=\"application\/ld+json\" class=\"yoast-schema-graph\">{\"@context\":\"https:\/\/schema.org\",\"@graph\":[{\"@type\":\"WebPage\",\"@id\":\"https:\/\/sklep.med4life.com.pl\/product\/sprezyna-brayden-brayden-pro\/\",\"url\":\"https:\/\/sklep.med4life.com.pl\/product\/sprezyna-brayden-brayden-pro\/\",\"name\":\"Spr\u0119\u017cyna Brayden \/ Brayden Pro - sklep.med4life.com.pl\",\"isPartOf\":{\"@id\":\"https:\/\/sklep.med4life.com.pl\/#website\"},\"primaryImageOfPage\":{\"@id\":\"https:\/\/sklep.med4life.com.pl\/product\/sprezyna-brayden-brayden-pro\/#primaryimage\"},\"image\":{\"@id\":\"https:\/\/sklep.med4life.com.pl\/product\/sprezyna-brayden-brayden-pro\/#primaryimage\"},\"thumbnailUrl\":\"https:\/\/sklep.med4life.com.pl\/wp-content\/uploads\/2025\/04\/Brayden_Adult_sprezyna_do_fantoma_IM13-SA12_01.jpg\",\"datePublished\":\"2025-04-24T11:52:40+00:00\",\"dateModified\":\"2025-04-24T11:58:24+00:00\",\"breadcrumb\":{\"@id\":\"https:\/\/sklep.med4life.com.pl\/product\/sprezyna-brayden-brayden-pro\/#breadcrumb\"},\"inLanguage\":\"en-US\",\"potentialAction\":[{\"@type\":\"ReadAction\",\"target\":[\"https:\/\/sklep.med4life.com.pl\/product\/sprezyna-brayden-brayden-pro\/\"]}]},{\"@type\":\"ImageObject\",\"inLanguage\":\"en-US\",\"@id\":\"https:\/\/sklep.med4life.com.pl\/product\/sprezyna-brayden-brayden-pro\/#primaryimage\",\"url\":\"https:\/\/sklep.med4life.com.pl\/wp-content\/uploads\/2025\/04\/Brayden_Adult_sprezyna_do_fantoma_IM13-SA12_01.jpg\",\"contentUrl\":\"https:\/\/sklep.med4life.com.pl\/wp-content\/uploads\/2025\/04\/Brayden_Adult_sprezyna_do_fantoma_IM13-SA12_01.jpg\",\"width\":1200,\"height\":1200},{\"@type\":\"BreadcrumbList\",\"@id\":\"https:\/\/sklep.med4life.com.pl\/product\/sprezyna-brayden-brayden-pro\/#breadcrumb\",\"itemListElement\":[{\"@type\":\"ListItem\",\"position\":1,\"name\":\"Strona g\u0142\u00f3wna\",\"item\":\"https:\/\/sklep.med4life.com.pl\/\"},{\"@type\":\"ListItem\",\"position\":2,\"name\":\"Sklep\",\"item\":\"https:\/\/sklep.med4life.com.pl\/shop\/\"},{\"@type\":\"ListItem\",\"position\":3,\"name\":\"Spr\u0119\u017cyna Brayden \/ Brayden Pro\"}]},{\"@type\":\"WebSite\",\"@id\":\"https:\/\/sklep.med4life.com.pl\/#website\",\"url\":\"https:\/\/sklep.med4life.com.pl\/\",\"name\":\"sklep.med4life.com.pl\",\"description\":\"\",\"potentialAction\":[{\"@type\":\"SearchAction\",\"target\":{\"@type\":\"EntryPoint\",\"urlTemplate\":\"https:\/\/sklep.med4life.com.pl\/?s={search_term_string}\"},\"query-input\":{\"@type\":\"PropertyValueSpecification\",\"valueRequired\":true,\"valueName\":\"search_term_string\"}}],\"inLanguage\":\"en-US\"}]}<\/script>\n<!-- \/ Yoast SEO plugin. -->","yoast_head_json":{"title":"Spr\u0119\u017cyna Brayden \/ Brayden Pro - sklep.med4life.com.pl","robots":{"index":"index","follow":"follow","max-snippet":"max-snippet:-1","max-image-preview":"max-image-preview:large","max-video-preview":"max-video-preview:-1"},"canonical":"https:\/\/sklep.med4life.com.pl\/en\/product\/sprezyna-brayden-brayden-pro\/","og_locale":"en_US","og_type":"article","og_title":"Spr\u0119\u017cyna Brayden \/ Brayden Pro - sklep.med4life.com.pl","og_description":"Sp\u0119\u017cyna Brayden do Basic PRO Led  Kod: IM13-SA12  Spr\u0119\u017cyna imituj\u0105ca si\u0142\u0119 oporu klatki piersiowej oraz jej relaksacj\u0119 u osoby doros\u0142ej to element eksploatacyjny manekina, kt\u00f3ry z czasem si\u0119 z\u017cuwa i wymaga wymiany.  Spr\u0119\u017cyna IM13-SA12 dedykowana jest do doros\u0142ych manekina Brayden.","og_url":"https:\/\/sklep.med4life.com.pl\/en\/product\/sprezyna-brayden-brayden-pro\/","og_site_name":"sklep.med4life.com.pl","article_modified_time":"2025-04-24T11:58:24+00:00","og_image":[{"width":1200,"height":1200,"url":"https:\/\/sklep.med4life.com.pl\/wp-content\/uploads\/2025\/04\/Brayden_Adult_sprezyna_do_fantoma_IM13-SA12_01.jpg","type":"image\/jpeg"}],"twitter_card":"summary_large_image","twitter_misc":{"Est. reading time":"1 minute"},"schema":{"@context":"https:\/\/schema.org","@graph":[{"@type":"WebPage","@id":"https:\/\/sklep.med4life.com.pl\/product\/sprezyna-brayden-brayden-pro\/","url":"https:\/\/sklep.med4life.com.pl\/product\/sprezyna-brayden-brayden-pro\/","name":"Spr\u0119\u017cyna Brayden \/ Brayden Pro - sklep.med4life.com.pl","isPartOf":{"@id":"https:\/\/sklep.med4life.com.pl\/#website"},"primaryImageOfPage":{"@id":"https:\/\/sklep.med4life.com.pl\/product\/sprezyna-brayden-brayden-pro\/#primaryimage"},"image":{"@id":"https:\/\/sklep.med4life.com.pl\/product\/sprezyna-brayden-brayden-pro\/#primaryimage"},"thumbnailUrl":"https:\/\/sklep.med4life.com.pl\/wp-content\/uploads\/2025\/04\/Brayden_Adult_sprezyna_do_fantoma_IM13-SA12_01.jpg","datePublished":"2025-04-24T11:52:40+00:00","dateModified":"2025-04-24T11:58:24+00:00","breadcrumb":{"@id":"https:\/\/sklep.med4life.com.pl\/product\/sprezyna-brayden-brayden-pro\/#breadcrumb"},"inLanguage":"en-US","potentialAction":[{"@type":"ReadAction","target":["https:\/\/sklep.med4life.com.pl\/product\/sprezyna-brayden-brayden-pro\/"]}]},{"@type":"ImageObject","inLanguage":"en-US","@id":"https:\/\/sklep.med4life.com.pl\/product\/sprezyna-brayden-brayden-pro\/#primaryimage","url":"https:\/\/sklep.med4life.com.pl\/wp-content\/uploads\/2025\/04\/Brayden_Adult_sprezyna_do_fantoma_IM13-SA12_01.jpg","contentUrl":"https:\/\/sklep.med4life.com.pl\/wp-content\/uploads\/2025\/04\/Brayden_Adult_sprezyna_do_fantoma_IM13-SA12_01.jpg","width":1200,"height":1200},{"@type":"BreadcrumbList","@id":"https:\/\/sklep.med4life.com.pl\/product\/sprezyna-brayden-brayden-pro\/#breadcrumb","itemListElement":[{"@type":"ListItem","position":1,"name":"Strona g\u0142\u00f3wna","item":"https:\/\/sklep.med4life.com.pl\/"},{"@type":"ListItem","position":2,"name":"Sklep","item":"https:\/\/sklep.med4life.com.pl\/shop\/"},{"@type":"ListItem","position":3,"name":"Spr\u0119\u017cyna Brayden \/ Brayden Pro"}]},{"@type":"WebSite","@id":"https:\/\/sklep.med4life.com.pl\/#website","url":"https:\/\/sklep.med4life.com.pl\/","name":"sklep.med4life.com.pl","description":"","potentialAction":[{"@type":"SearchAction","target":{"@type":"EntryPoint","urlTemplate":"https:\/\/sklep.med4life.com.pl\/?s={search_term_string}"},"query-input":{"@type":"PropertyValueSpecification","valueRequired":true,"valueName":"search_term_string"}}],"inLanguage":"en-US"}]}},"_links":{"self":[{"href":"https:\/\/sklep.med4life.com.pl\/en\/wp-json\/wp\/v2\/product\/6537","targetHints":{"allow":["GET"]}}],"collection":[{"href":"https:\/\/sklep.med4life.com.pl\/en\/wp-json\/wp\/v2\/product"}],"about":[{"href":"https:\/\/sklep.med4life.com.pl\/en\/wp-json\/wp\/v2\/types\/product"}],"replies":[{"embeddable":true,"href":"https:\/\/sklep.med4life.com.pl\/en\/wp-json\/wp\/v2\/comments?post=6537"}],"wp:featuredmedia":[{"embeddable":true,"href":"https:\/\/sklep.med4life.com.pl\/en\/wp-json\/wp\/v2\/media\/6538"}],"wp:attachment":[{"href":"https:\/\/sklep.med4life.com.pl\/en\/wp-json\/wp\/v2\/media?parent=6537"}],"wp:term":[{"taxonomy":"product_cat","embeddable":true,"href":"https:\/\/sklep.med4life.com.pl\/en\/wp-json\/wp\/v2\/product_cat?post=6537"},{"taxonomy":"product_tag","embeddable":true,"href":"https:\/\/sklep.med4life.com.pl\/en\/wp-json\/wp\/v2\/product_tag?post=6537"}],"curies":[{"name":"wp","href":"https:\/\/api.w.org\/{rel}","templated":true}]}}