{"id":6552,"date":"2025-04-24T14:04:26","date_gmt":"2025-04-24T12:04:26","guid":{"rendered":"https:\/\/sklep.med4life.com.pl\/?post_type=product&#038;p=6552"},"modified":"2025-04-24T14:05:06","modified_gmt":"2025-04-24T12:05:06","slug":"6552","status":"publish","type":"product","link":"https:\/\/sklep.med4life.com.pl\/en\/product\/6552\/","title":{"rendered":"Filtr dr\u00f3g oddechowych Brayden \/ Brayden Pro (24 szt.)"},"content":{"rendered":"<p>Filtr dr\u00f3g oddechowych Brayden (IM13-SA17)<\/p>\n<p>kod: IM13-SA17<\/p>\n<p>Zestaw filtr\u00f3w dr\u00f3g oddechowych do manekin\u00f3w Brayden Basic, LED, PRO.<\/p>\n<p>Filtry oddechowy jest niezwykle wa\u017cnym elementem podczas \u0107wicze\u0144 oddech\u00f3w ratowniczych metod\u0105 usta-usta. Filtr znajduj\u0105cy si\u0119 zaworze oddechowym manekina zatrzymuje zanieczyszczenia z wdychanego podczas oddech\u00f3w ratowniczych powietrza. Dzi\u0119ki temu zapewnia jest ochron\u0119 i higiena podczas wykonywanie \u0107wicze\u0144 oddechowych w warunkach szkoleniowych.<\/p>\n<p>Po ka\u017cdej sesji wdech\u00f3w nale\u017cy wymieni\u0107 filtr, aby zagwarantowa\u0107 najwy\u017cszy poziom higieny i bezpiecze\u0144stwa.<\/p>\n<p>Regularna wymiana filtr\u00f3w zapobiega konieczno\u015bci cz\u0119stych wymian dro\u017cszych cz\u0119\u015bci manekina, takich jak p\u0142uca fantom\u00f3w.<\/p>","protected":false},"excerpt":{"rendered":"<p>Zestaw filtr\u00f3w dr\u00f3g oddechowych do manekin\u00f3w Brayden Basic, LED, PRO.<\/p>\n<p>Filtry oddechowy jest niezwykle wa\u017cnym elementem podczas \u0107wicze\u0144 oddech\u00f3w ratowniczych metod\u0105 usta-usta. Filtr znajduj\u0105cy si\u0119 zaworze oddechowym manekina zatrzymuje zanieczyszczenia z wdychanego podczas oddech\u00f3w ratowniczych powietrza. Dzi\u0119ki temu zapewnia jest ochron\u0119 i higiena podczas wykonywanie \u0107wicze\u0144 oddechowych w warunkach szkoleniowych.<\/p>\n<p>Po ka\u017cdej sesji wdech\u00f3w nale\u017cy wymieni\u0107 filtr, aby zagwarantowa\u0107 najwy\u017cszy poziom higieny i bezpiecze\u0144stwa.<\/p>\n<p>Regularna wymiana filtr\u00f3w zapobiega konieczno\u015bci cz\u0119stych wymian dro\u017cszych cz\u0119\u015bci manekina, takich jak p\u0142uca fantom\u00f3w.<\/p>","protected":false},"featured_media":6553,"comment_status":"open","ping_status":"closed","template":"","meta":{"content-type":"","om_disable_all_campaigns":false,"_monsterinsights_skip_tracking":false,"_monsterinsights_sitenote_active":false,"_monsterinsights_sitenote_note":"","_monsterinsights_sitenote_category":0},"product_cat":[108],"product_tag":[],"class_list":{"0":"post-6552","1":"product","2":"type-product","3":"status-publish","4":"has-post-thumbnail","6":"product_cat-akcesoria-do-brayden","8":"first","9":"instock","10":"shipping-taxable","11":"product-type-simple"},"yoast_head":"<!-- This site is optimized with the Yoast SEO plugin v23.8 - https:\/\/yoast.com\/wordpress\/plugins\/seo\/ -->\n<title>Filtr dr\u00f3g oddechowych Brayden \/ Brayden Pro (24 szt.) - sklep.med4life.com.pl<\/title>\n<meta name=\"robots\" content=\"index, follow, max-snippet:-1, max-image-preview:large, max-video-preview:-1\" \/>\n<link rel=\"canonical\" href=\"https:\/\/sklep.med4life.com.pl\/en\/product\/6552\/\" \/>\n<meta property=\"og:locale\" content=\"en_US\" \/>\n<meta property=\"og:type\" content=\"article\" \/>\n<meta property=\"og:title\" content=\"Filtr dr\u00f3g oddechowych Brayden \/ Brayden Pro (24 szt.) - sklep.med4life.com.pl\" \/>\n<meta property=\"og:description\" content=\"Zestaw filtr\u00f3w dr\u00f3g oddechowych do manekin\u00f3w Brayden Basic, LED, PRO.  Filtry oddechowy jest niezwykle wa\u017cnym elementem podczas \u0107wicze\u0144 oddech\u00f3w ratowniczych metod\u0105 usta-usta. Filtr znajduj\u0105cy si\u0119 zaworze oddechowym manekina zatrzymuje zanieczyszczenia z wdychanego podczas oddech\u00f3w ratowniczych powietrza. Dzi\u0119ki temu zapewnia jest ochron\u0119 i higiena podczas wykonywanie \u0107wicze\u0144 oddechowych w warunkach szkoleniowych.  Po ka\u017cdej sesji wdech\u00f3w nale\u017cy wymieni\u0107 filtr, aby zagwarantowa\u0107 najwy\u017cszy poziom higieny i bezpiecze\u0144stwa.  Regularna wymiana filtr\u00f3w zapobiega konieczno\u015bci cz\u0119stych wymian dro\u017cszych cz\u0119\u015bci manekina, takich jak p\u0142uca fantom\u00f3w.\" \/>\n<meta property=\"og:url\" content=\"https:\/\/sklep.med4life.com.pl\/en\/product\/6552\/\" \/>\n<meta property=\"og:site_name\" content=\"sklep.med4life.com.pl\" \/>\n<meta property=\"article:modified_time\" content=\"2025-04-24T12:05:06+00:00\" \/>\n<meta property=\"og:image\" content=\"https:\/\/sklep.med4life.com.pl\/wp-content\/uploads\/2025\/04\/Brayden_filtr_drog_oddechowych_M13-SA17_01-1.jpg\" \/>\n\t<meta property=\"og:image:width\" content=\"1200\" \/>\n\t<meta property=\"og:image:height\" content=\"1200\" \/>\n\t<meta property=\"og:image:type\" content=\"image\/jpeg\" \/>\n<meta name=\"twitter:card\" content=\"summary_large_image\" \/>\n<meta name=\"twitter:label1\" content=\"Est. reading time\" \/>\n\t<meta name=\"twitter:data1\" content=\"1 minute\" \/>\n<script type=\"application\/ld+json\" class=\"yoast-schema-graph\">{\"@context\":\"https:\/\/schema.org\",\"@graph\":[{\"@type\":\"WebPage\",\"@id\":\"https:\/\/sklep.med4life.com.pl\/product\/6552\/\",\"url\":\"https:\/\/sklep.med4life.com.pl\/product\/6552\/\",\"name\":\"Filtr dr\u00f3g oddechowych Brayden \/ Brayden Pro (24 szt.) - sklep.med4life.com.pl\",\"isPartOf\":{\"@id\":\"https:\/\/sklep.med4life.com.pl\/#website\"},\"primaryImageOfPage\":{\"@id\":\"https:\/\/sklep.med4life.com.pl\/product\/6552\/#primaryimage\"},\"image\":{\"@id\":\"https:\/\/sklep.med4life.com.pl\/product\/6552\/#primaryimage\"},\"thumbnailUrl\":\"https:\/\/sklep.med4life.com.pl\/wp-content\/uploads\/2025\/04\/Brayden_filtr_drog_oddechowych_M13-SA17_01-1.jpg\",\"datePublished\":\"2025-04-24T12:04:26+00:00\",\"dateModified\":\"2025-04-24T12:05:06+00:00\",\"breadcrumb\":{\"@id\":\"https:\/\/sklep.med4life.com.pl\/product\/6552\/#breadcrumb\"},\"inLanguage\":\"en-US\",\"potentialAction\":[{\"@type\":\"ReadAction\",\"target\":[\"https:\/\/sklep.med4life.com.pl\/product\/6552\/\"]}]},{\"@type\":\"ImageObject\",\"inLanguage\":\"en-US\",\"@id\":\"https:\/\/sklep.med4life.com.pl\/product\/6552\/#primaryimage\",\"url\":\"https:\/\/sklep.med4life.com.pl\/wp-content\/uploads\/2025\/04\/Brayden_filtr_drog_oddechowych_M13-SA17_01-1.jpg\",\"contentUrl\":\"https:\/\/sklep.med4life.com.pl\/wp-content\/uploads\/2025\/04\/Brayden_filtr_drog_oddechowych_M13-SA17_01-1.jpg\",\"width\":1200,\"height\":1200},{\"@type\":\"BreadcrumbList\",\"@id\":\"https:\/\/sklep.med4life.com.pl\/product\/6552\/#breadcrumb\",\"itemListElement\":[{\"@type\":\"ListItem\",\"position\":1,\"name\":\"Strona g\u0142\u00f3wna\",\"item\":\"https:\/\/sklep.med4life.com.pl\/\"},{\"@type\":\"ListItem\",\"position\":2,\"name\":\"Sklep\",\"item\":\"https:\/\/sklep.med4life.com.pl\/shop\/\"},{\"@type\":\"ListItem\",\"position\":3,\"name\":\"Filtr dr\u00f3g oddechowych Brayden \/ Brayden Pro (24 szt.)\"}]},{\"@type\":\"WebSite\",\"@id\":\"https:\/\/sklep.med4life.com.pl\/#website\",\"url\":\"https:\/\/sklep.med4life.com.pl\/\",\"name\":\"sklep.med4life.com.pl\",\"description\":\"\",\"potentialAction\":[{\"@type\":\"SearchAction\",\"target\":{\"@type\":\"EntryPoint\",\"urlTemplate\":\"https:\/\/sklep.med4life.com.pl\/?s={search_term_string}\"},\"query-input\":{\"@type\":\"PropertyValueSpecification\",\"valueRequired\":true,\"valueName\":\"search_term_string\"}}],\"inLanguage\":\"en-US\"}]}<\/script>\n<!-- \/ Yoast SEO plugin. -->","yoast_head_json":{"title":"Filtr dr\u00f3g oddechowych Brayden \/ Brayden Pro (24 szt.) - sklep.med4life.com.pl","robots":{"index":"index","follow":"follow","max-snippet":"max-snippet:-1","max-image-preview":"max-image-preview:large","max-video-preview":"max-video-preview:-1"},"canonical":"https:\/\/sklep.med4life.com.pl\/en\/product\/6552\/","og_locale":"en_US","og_type":"article","og_title":"Filtr dr\u00f3g oddechowych Brayden \/ Brayden Pro (24 szt.) - sklep.med4life.com.pl","og_description":"Zestaw filtr\u00f3w dr\u00f3g oddechowych do manekin\u00f3w Brayden Basic, LED, PRO.  Filtry oddechowy jest niezwykle wa\u017cnym elementem podczas \u0107wicze\u0144 oddech\u00f3w ratowniczych metod\u0105 usta-usta. Filtr znajduj\u0105cy si\u0119 zaworze oddechowym manekina zatrzymuje zanieczyszczenia z wdychanego podczas oddech\u00f3w ratowniczych powietrza. Dzi\u0119ki temu zapewnia jest ochron\u0119 i higiena podczas wykonywanie \u0107wicze\u0144 oddechowych w warunkach szkoleniowych.  Po ka\u017cdej sesji wdech\u00f3w nale\u017cy wymieni\u0107 filtr, aby zagwarantowa\u0107 najwy\u017cszy poziom higieny i bezpiecze\u0144stwa.  Regularna wymiana filtr\u00f3w zapobiega konieczno\u015bci cz\u0119stych wymian dro\u017cszych cz\u0119\u015bci manekina, takich jak p\u0142uca fantom\u00f3w.","og_url":"https:\/\/sklep.med4life.com.pl\/en\/product\/6552\/","og_site_name":"sklep.med4life.com.pl","article_modified_time":"2025-04-24T12:05:06+00:00","og_image":[{"width":1200,"height":1200,"url":"https:\/\/sklep.med4life.com.pl\/wp-content\/uploads\/2025\/04\/Brayden_filtr_drog_oddechowych_M13-SA17_01-1.jpg","type":"image\/jpeg"}],"twitter_card":"summary_large_image","twitter_misc":{"Est. reading time":"1 minute"},"schema":{"@context":"https:\/\/schema.org","@graph":[{"@type":"WebPage","@id":"https:\/\/sklep.med4life.com.pl\/product\/6552\/","url":"https:\/\/sklep.med4life.com.pl\/product\/6552\/","name":"Filtr dr\u00f3g oddechowych Brayden \/ Brayden Pro (24 szt.) - sklep.med4life.com.pl","isPartOf":{"@id":"https:\/\/sklep.med4life.com.pl\/#website"},"primaryImageOfPage":{"@id":"https:\/\/sklep.med4life.com.pl\/product\/6552\/#primaryimage"},"image":{"@id":"https:\/\/sklep.med4life.com.pl\/product\/6552\/#primaryimage"},"thumbnailUrl":"https:\/\/sklep.med4life.com.pl\/wp-content\/uploads\/2025\/04\/Brayden_filtr_drog_oddechowych_M13-SA17_01-1.jpg","datePublished":"2025-04-24T12:04:26+00:00","dateModified":"2025-04-24T12:05:06+00:00","breadcrumb":{"@id":"https:\/\/sklep.med4life.com.pl\/product\/6552\/#breadcrumb"},"inLanguage":"en-US","potentialAction":[{"@type":"ReadAction","target":["https:\/\/sklep.med4life.com.pl\/product\/6552\/"]}]},{"@type":"ImageObject","inLanguage":"en-US","@id":"https:\/\/sklep.med4life.com.pl\/product\/6552\/#primaryimage","url":"https:\/\/sklep.med4life.com.pl\/wp-content\/uploads\/2025\/04\/Brayden_filtr_drog_oddechowych_M13-SA17_01-1.jpg","contentUrl":"https:\/\/sklep.med4life.com.pl\/wp-content\/uploads\/2025\/04\/Brayden_filtr_drog_oddechowych_M13-SA17_01-1.jpg","width":1200,"height":1200},{"@type":"BreadcrumbList","@id":"https:\/\/sklep.med4life.com.pl\/product\/6552\/#breadcrumb","itemListElement":[{"@type":"ListItem","position":1,"name":"Strona g\u0142\u00f3wna","item":"https:\/\/sklep.med4life.com.pl\/"},{"@type":"ListItem","position":2,"name":"Sklep","item":"https:\/\/sklep.med4life.com.pl\/shop\/"},{"@type":"ListItem","position":3,"name":"Filtr dr\u00f3g oddechowych Brayden \/ Brayden Pro (24 szt.)"}]},{"@type":"WebSite","@id":"https:\/\/sklep.med4life.com.pl\/#website","url":"https:\/\/sklep.med4life.com.pl\/","name":"sklep.med4life.com.pl","description":"","potentialAction":[{"@type":"SearchAction","target":{"@type":"EntryPoint","urlTemplate":"https:\/\/sklep.med4life.com.pl\/?s={search_term_string}"},"query-input":{"@type":"PropertyValueSpecification","valueRequired":true,"valueName":"search_term_string"}}],"inLanguage":"en-US"}]}},"_links":{"self":[{"href":"https:\/\/sklep.med4life.com.pl\/en\/wp-json\/wp\/v2\/product\/6552","targetHints":{"allow":["GET"]}}],"collection":[{"href":"https:\/\/sklep.med4life.com.pl\/en\/wp-json\/wp\/v2\/product"}],"about":[{"href":"https:\/\/sklep.med4life.com.pl\/en\/wp-json\/wp\/v2\/types\/product"}],"replies":[{"embeddable":true,"href":"https:\/\/sklep.med4life.com.pl\/en\/wp-json\/wp\/v2\/comments?post=6552"}],"wp:featuredmedia":[{"embeddable":true,"href":"https:\/\/sklep.med4life.com.pl\/en\/wp-json\/wp\/v2\/media\/6553"}],"wp:attachment":[{"href":"https:\/\/sklep.med4life.com.pl\/en\/wp-json\/wp\/v2\/media?parent=6552"}],"wp:term":[{"taxonomy":"product_cat","embeddable":true,"href":"https:\/\/sklep.med4life.com.pl\/en\/wp-json\/wp\/v2\/product_cat?post=6552"},{"taxonomy":"product_tag","embeddable":true,"href":"https:\/\/sklep.med4life.com.pl\/en\/wp-json\/wp\/v2\/product_tag?post=6552"}],"curies":[{"name":"wp","href":"https:\/\/api.w.org\/{rel}","templated":true}]}}