{"id":6565,"date":"2025-04-24T15:00:16","date_gmt":"2025-04-24T13:00:16","guid":{"rendered":"https:\/\/sklep.med4life.com.pl\/?post_type=product&#038;p=6565"},"modified":"2025-04-24T15:00:17","modified_gmt":"2025-04-24T13:00:17","slug":"fantom-brayden-obi-pro-red","status":"publish","type":"product","link":"https:\/\/sklep.med4life.com.pl\/en\/product\/fantom-brayden-obi-pro-red\/","title":{"rendered":"Fantom Brayden OBI PRO red"},"content":{"rendered":"<p>Fantom Brayden OBI LED red<\/p>\n<p>kod: IM16-RO)<\/p>\n<p>Brayden OBI to najnowszy dodatek do rodziny manekin\u00f3w Brayden CPR.<\/p>\n<p>Dost\u0119pny jako kompletny manekin lub zestaw do konwersji do u\u017cytku z obecnymi manekinami dla doros\u0142ych, Brayden OBI pozwala na r\u00f3\u017cnorodno\u015b\u0107 w programach szkoleniowych.<\/p>\n<p>Fantom Brayden OBI to manekin osoby doros\u0142ej do nauki i\/lub treningu resuscytacji kr\u0105\u017ceniowo-oddechowej oferuj\u0105cy realistyczny wygl\u0105d i odpowiednie parametry fizyczne. Anatomicznie dok\u0142adny nos i usta manekina s\u0105 reprezentatywne dla czarnosk\u00f3rego doros\u0142ego m\u0119\u017cczyzny, umo\u017cliwiaj\u0105c realistyczny trening wentylacji.<\/p>\n<p>Sk\u00f3ra manekin\u00f3w Brayden jest wykonana z materia\u0142\u00f3w wolnych od lateksu dzi\u0119ki czemu \u0142atwo przykleja si\u0119 i usuwa z niej elektrody treningowe. Sk\u00f3ra w dotyku bardzo przypomina sk\u00f3r\u0119 cz\u0142owieka.<\/p>\n<p>Op\u00f3r klatki piersiowej jest reprezentatywny dla przeci\u0119tnej osoby doros\u0142ej. Korpus z wyra\u017anie okre\u015blonymi anatomicznymi punktami orientacyjnymi (\u017cebra, wyrostek mieczykowaty) u\u0142atwia prawid\u0142owe wykonanie RKO. Ruchomy kark daje mo\u017cliwo\u015b\u0107 przechylenie g\u0142owy i uniesienie podbr\u00f3dka w celu otwarcia dr\u00f3g oddechowych. Kana\u0142y ustne i nosowe umo\u017cliwiaj\u0105ce realistyczne uchwycenie (zatkanie) nosa przy wdechu.<\/p>\n<p>Fantomy Brayden mog\u0105 by\u0107 wentylowane metod\u0105 usta-usta, ale tak\u017ce za pomoc\u0105 maski twarzowej RKO (Pocket Mask) lub resuscytatora i charakteryzuje si\u0119 realistycznym uniesieniem klatki piersiowej i odpowiedni\u0105 pojemno\u015bci\u0105 p\u0142uc w\u0142a\u015bciw\u0105 dla doros\u0142ego cz\u0142owieka.<\/p>\n<p>Konstrukcja manekina zapewnia wydychanie powietrza z jednorazowych p\u0142uc przez ty\u0142 g\u0142owy, z dala od osoby szkolonej, zmniejszaj\u0105c w ten spos\u00f3b ryzyko zaka\u017cenia krzy\u017cowego.<\/p>\n<p>Manekin Brayden PRO, tak samo jak wersja LED posiada wizualn\u0105 prezentacj\u0119 przep\u0142ywu krwi. Przep\u0142yw krwi w fantomie Brayden LED red wy\u015bwietla si\u0119 na blador\u00f3\u017cowo.<\/p>\n<p>Brayden PRO zapewnia informacje zwrotne w czasie rzeczywistym na temat wynik\u00f3w resuscytacji, umo\u017cliwiaj\u0105c u\u017cytkownikom wizualizacj\u0119 wp\u0142ywu resuscytacji na przep\u0142yw krwi wie\u0144cowej i m\u00f3zgowej. Kontrolki manekina Brayden odpowiadaj\u0105 wydajno\u015bci resuscytacji kr\u0105\u017ceniowo-oddechowej, co pozwala na natychmiastow\u0105 korekt\u0119 i \u0107wiczenie prawid\u0142owych technik resuscytacji.<\/p>\n<p>Dodatkowo Brayden PRO po pod\u0142\u0105czeniu do aplikacji Brayden Online podaje informacje zwrotne na temat kluczowych parametr\u00f3w RKO w czasie rzeczywistym zapewniaj\u0105c interesuj\u0105ce i skuteczne \u0107wiczenia.<\/p>\n<p>Brayden wykorzystuje zaawansowane wbudowane czujniki do wykrywania i analizowania skuteczno\u015bci resuscytacji. Czujniki te s\u0105 ustawione na warto\u015b\u0107 domy\u015bln\u0105, aby monitorowa\u0107 efektywno\u015b\u0107 uci\u015bni\u0119\u0107 zgodne z aktualnymi wytycznymi RKO.<\/p>\n<p>W celu usprawnienia jako\u015bci przeprowadzanego RKO na poziomie indywidualnym, jak i w grupie szkoleniowej, mo\u017cliwe jest przegl\u0105danie i analizowanie informacji wynik\u00f3w ju\u017c po wykonaniu \u0107wicze\u0144 resustacyjnych. Aplikacja podaje wyniki og\u00f3lne, a tak\u017ce szczeg\u00f3\u0142owe takie jak analiza ilo\u015bciowa i jako\u015bciowa wszystkich parametr\u00f3w:<\/p>\n<p>&#8211; g\u0142\u0119boko\u015b\u0107 uci\u015bni\u0119\u0107, tempo uci\u015bni\u0119\u0107 &#8211; og\u00f3\u0142em i w czasie<br \/>\n&#8211; wydajno\u015bci wentylacji w odniesieniu do prawid\u0142owej obj\u0119to\u015bci dostarczanego powietrza<br \/>\n&#8211; u\u0142o\u017cenie r\u0105k<\/p>\n<p>Aplikacja Brayden Online jest bezp\u0142atna i mo\u017ce by\u0107 u\u017cywana na dowolnym telefonie kom\u00f3rkowym, tablecie lub komputerze PC. Jednocze\u015bnie do aplikacji podpi\u0105\u0107 6 r\u00f3\u017cnych rodzaj\u00f3w fantom\u00f3w z opcj\u0105 PRO.<\/p>\n<p>Specyfikacja:<\/p>\n<p>&#8211; D\u0142ugo\u015b\u0107: 60 x 30 x 20 cm<br \/>\n&#8211; Waga: 3,2 kg<br \/>\n&#8211; Temperatura u\u017cytkowania: od 15\u00b0C do 30\u00b0C<br \/>\n&#8211; Temperatura przechowywania: od -10\u00b0C do 50\u00b0C<br \/>\n&#8211; Wilgotno\u015b\u0107 wzgl\u0119dna od 5% do 95%<br \/>\n&#8211; Gwarancja: 2 lata (materia\u0142y eksploatacyjne nie s\u0105 obj\u0119te gwarancj\u0105)<br \/>\n&#8211; Zasilanie: Baterie LR14 (typ C) 1.5V (6 baterii) \/ opcjonalnie do nabycia osobno: Zasilacz AC (IM13-OA01)<\/p>\n<p>Elementy zestawu:<\/p>\n<p>&#8211; 1 kompletny manekin Brayden OBI Basic,<br \/>\n&#8211; 10 maseczek do sztucznego oddychania,<br \/>\n&#8211; 1 zapasowa sk\u00f3ra twarzy,<br \/>\n&#8211; 1 zapasowe p\u0142uca,<br \/>\n&#8211; 1 torba z funkcj\u0105 maty,<br \/>\n&#8211; 6 szt. baterii LR14,<br \/>\n&#8211; instrukcja obs\u0142ugi<\/p>","protected":false},"excerpt":{"rendered":"<p>Brayden OBI to najnowszy dodatek do rodziny manekin\u00f3w Brayden CPR.<\/p>\n<p>Dost\u0119pny jako kompletny manekin lub zestaw do konwersji do u\u017cytku z obecnymi manekinami dla doros\u0142ych, Brayden OBI pozwala na r\u00f3\u017cnorodno\u015b\u0107 w programach szkoleniowych.<\/p>\n<p>Fantom Brayden OBI to manekin osoby doros\u0142ej do nauki i\/lub treningu resuscytacji kr\u0105\u017ceniowo-oddechowej oferuj\u0105cy realistyczny wygl\u0105d i odpowiednie parametry fizyczne. Anatomicznie dok\u0142adny nos i usta manekina s\u0105 reprezentatywne dla czarnosk\u00f3rego doros\u0142ego m\u0119\u017cczyzny, umo\u017cliwiaj\u0105c realistyczny trening wentylacji.<\/p>\n<p>Sk\u00f3ra manekin\u00f3w Brayden jest wykonana z materia\u0142\u00f3w wolnych od lateksu dzi\u0119ki czemu \u0142atwo przykleja si\u0119 i usuwa z niej elektrody treningowe. Sk\u00f3ra w dotyku bardzo przypomina sk\u00f3r\u0119 cz\u0142owieka.<\/p>\n<p>Op\u00f3r klatki piersiowej jest reprezentatywny dla przeci\u0119tnej osoby doros\u0142ej. Korpus z wyra\u017anie okre\u015blonymi anatomicznymi punktami orientacyjnymi (\u017cebra, wyrostek mieczykowaty) u\u0142atwia prawid\u0142owe wykonanie RKO. Ruchomy kark daje mo\u017cliwo\u015b\u0107 przechylenie g\u0142owy i uniesienie podbr\u00f3dka w celu otwarcia dr\u00f3g oddechowych. Kana\u0142y ustne i nosowe umo\u017cliwiaj\u0105ce realistyczne uchwycenie (zatkanie) nosa przy wdechu.<\/p>\n<p>Fantomy Brayden mog\u0105 by\u0107 wentylowane metod\u0105 usta-usta, ale tak\u017ce za pomoc\u0105 maski twarzowej RKO (Pocket Mask) lub resuscytatora i charakteryzuje si\u0119 realistycznym uniesieniem klatki piersiowej i odpowiedni\u0105 pojemno\u015bci\u0105 p\u0142uc w\u0142a\u015bciw\u0105 dla doros\u0142ego cz\u0142owieka.<\/p>","protected":false},"featured_media":6566,"comment_status":"open","ping_status":"closed","template":"","meta":{"content-type":"","om_disable_all_campaigns":false,"_monsterinsights_skip_tracking":false,"_monsterinsights_sitenote_active":false,"_monsterinsights_sitenote_note":"","_monsterinsights_sitenote_category":0},"product_cat":[108],"product_tag":[],"class_list":{"0":"post-6565","1":"product","2":"type-product","3":"status-publish","4":"has-post-thumbnail","6":"product_cat-akcesoria-do-brayden","8":"first","9":"instock","10":"shipping-taxable","11":"product-type-simple"},"yoast_head":"<!-- This site is optimized with the Yoast SEO plugin v23.8 - https:\/\/yoast.com\/wordpress\/plugins\/seo\/ -->\n<title>Fantom Brayden OBI PRO red - sklep.med4life.com.pl<\/title>\n<meta name=\"robots\" content=\"index, follow, max-snippet:-1, max-image-preview:large, max-video-preview:-1\" \/>\n<link rel=\"canonical\" href=\"https:\/\/sklep.med4life.com.pl\/en\/product\/fantom-brayden-obi-pro-red\/\" \/>\n<meta property=\"og:locale\" content=\"en_US\" \/>\n<meta property=\"og:type\" content=\"article\" \/>\n<meta property=\"og:title\" content=\"Fantom Brayden OBI PRO red - sklep.med4life.com.pl\" \/>\n<meta property=\"og:description\" content=\"Brayden OBI to najnowszy dodatek do rodziny manekin\u00f3w Brayden CPR.  Dost\u0119pny jako kompletny manekin lub zestaw do konwersji do u\u017cytku z obecnymi manekinami dla doros\u0142ych, Brayden OBI pozwala na r\u00f3\u017cnorodno\u015b\u0107 w programach szkoleniowych.  Fantom Brayden OBI to manekin osoby doros\u0142ej do nauki i\/lub treningu resuscytacji kr\u0105\u017ceniowo-oddechowej oferuj\u0105cy realistyczny wygl\u0105d i odpowiednie parametry fizyczne. Anatomicznie dok\u0142adny nos i usta manekina s\u0105 reprezentatywne dla czarnosk\u00f3rego doros\u0142ego m\u0119\u017cczyzny, umo\u017cliwiaj\u0105c realistyczny trening wentylacji.  Sk\u00f3ra manekin\u00f3w Brayden jest wykonana z materia\u0142\u00f3w wolnych od lateksu dzi\u0119ki czemu \u0142atwo przykleja si\u0119 i usuwa z niej elektrody treningowe. Sk\u00f3ra w dotyku bardzo przypomina sk\u00f3r\u0119 cz\u0142owieka.  Op\u00f3r klatki piersiowej jest reprezentatywny dla przeci\u0119tnej osoby doros\u0142ej. Korpus z wyra\u017anie okre\u015blonymi anatomicznymi punktami orientacyjnymi (\u017cebra, wyrostek mieczykowaty) u\u0142atwia prawid\u0142owe wykonanie RKO. Ruchomy kark daje mo\u017cliwo\u015b\u0107 przechylenie g\u0142owy i uniesienie podbr\u00f3dka w celu otwarcia dr\u00f3g oddechowych. Kana\u0142y ustne i nosowe umo\u017cliwiaj\u0105ce realistyczne uchwycenie (zatkanie) nosa przy wdechu.  Fantomy Brayden mog\u0105 by\u0107 wentylowane metod\u0105 usta-usta, ale tak\u017ce za pomoc\u0105 maski twarzowej RKO (Pocket Mask) lub resuscytatora i charakteryzuje si\u0119 realistycznym uniesieniem klatki piersiowej i odpowiedni\u0105 pojemno\u015bci\u0105 p\u0142uc w\u0142a\u015bciw\u0105 dla doros\u0142ego cz\u0142owieka.\" \/>\n<meta property=\"og:url\" content=\"https:\/\/sklep.med4life.com.pl\/en\/product\/fantom-brayden-obi-pro-red\/\" \/>\n<meta property=\"og:site_name\" content=\"sklep.med4life.com.pl\" \/>\n<meta property=\"article:modified_time\" content=\"2025-04-24T13:00:17+00:00\" \/>\n<meta property=\"og:image\" content=\"https:\/\/sklep.med4life.com.pl\/wp-content\/uploads\/2025\/04\/Brayden_OBI_fantom_do_nauki_RKO_01-1.jpg\" \/>\n\t<meta property=\"og:image:width\" content=\"1200\" \/>\n\t<meta property=\"og:image:height\" content=\"1200\" \/>\n\t<meta property=\"og:image:type\" content=\"image\/jpeg\" \/>\n<meta name=\"twitter:card\" content=\"summary_large_image\" \/>\n<meta name=\"twitter:label1\" content=\"Est. reading time\" \/>\n\t<meta name=\"twitter:data1\" content=\"4 minutes\" \/>\n<script type=\"application\/ld+json\" class=\"yoast-schema-graph\">{\"@context\":\"https:\/\/schema.org\",\"@graph\":[{\"@type\":\"WebPage\",\"@id\":\"https:\/\/sklep.med4life.com.pl\/product\/fantom-brayden-obi-pro-red\/\",\"url\":\"https:\/\/sklep.med4life.com.pl\/product\/fantom-brayden-obi-pro-red\/\",\"name\":\"Fantom Brayden OBI PRO red - sklep.med4life.com.pl\",\"isPartOf\":{\"@id\":\"https:\/\/sklep.med4life.com.pl\/#website\"},\"primaryImageOfPage\":{\"@id\":\"https:\/\/sklep.med4life.com.pl\/product\/fantom-brayden-obi-pro-red\/#primaryimage\"},\"image\":{\"@id\":\"https:\/\/sklep.med4life.com.pl\/product\/fantom-brayden-obi-pro-red\/#primaryimage\"},\"thumbnailUrl\":\"https:\/\/sklep.med4life.com.pl\/wp-content\/uploads\/2025\/04\/Brayden_OBI_fantom_do_nauki_RKO_01-1.jpg\",\"datePublished\":\"2025-04-24T13:00:16+00:00\",\"dateModified\":\"2025-04-24T13:00:17+00:00\",\"breadcrumb\":{\"@id\":\"https:\/\/sklep.med4life.com.pl\/product\/fantom-brayden-obi-pro-red\/#breadcrumb\"},\"inLanguage\":\"en-US\",\"potentialAction\":[{\"@type\":\"ReadAction\",\"target\":[\"https:\/\/sklep.med4life.com.pl\/product\/fantom-brayden-obi-pro-red\/\"]}]},{\"@type\":\"ImageObject\",\"inLanguage\":\"en-US\",\"@id\":\"https:\/\/sklep.med4life.com.pl\/product\/fantom-brayden-obi-pro-red\/#primaryimage\",\"url\":\"https:\/\/sklep.med4life.com.pl\/wp-content\/uploads\/2025\/04\/Brayden_OBI_fantom_do_nauki_RKO_01-1.jpg\",\"contentUrl\":\"https:\/\/sklep.med4life.com.pl\/wp-content\/uploads\/2025\/04\/Brayden_OBI_fantom_do_nauki_RKO_01-1.jpg\",\"width\":1200,\"height\":1200},{\"@type\":\"BreadcrumbList\",\"@id\":\"https:\/\/sklep.med4life.com.pl\/product\/fantom-brayden-obi-pro-red\/#breadcrumb\",\"itemListElement\":[{\"@type\":\"ListItem\",\"position\":1,\"name\":\"Strona g\u0142\u00f3wna\",\"item\":\"https:\/\/sklep.med4life.com.pl\/\"},{\"@type\":\"ListItem\",\"position\":2,\"name\":\"Sklep\",\"item\":\"https:\/\/sklep.med4life.com.pl\/shop\/\"},{\"@type\":\"ListItem\",\"position\":3,\"name\":\"Fantom Brayden OBI PRO red\"}]},{\"@type\":\"WebSite\",\"@id\":\"https:\/\/sklep.med4life.com.pl\/#website\",\"url\":\"https:\/\/sklep.med4life.com.pl\/\",\"name\":\"sklep.med4life.com.pl\",\"description\":\"\",\"potentialAction\":[{\"@type\":\"SearchAction\",\"target\":{\"@type\":\"EntryPoint\",\"urlTemplate\":\"https:\/\/sklep.med4life.com.pl\/?s={search_term_string}\"},\"query-input\":{\"@type\":\"PropertyValueSpecification\",\"valueRequired\":true,\"valueName\":\"search_term_string\"}}],\"inLanguage\":\"en-US\"}]}<\/script>\n<!-- \/ Yoast SEO plugin. -->","yoast_head_json":{"title":"Fantom Brayden OBI PRO red - sklep.med4life.com.pl","robots":{"index":"index","follow":"follow","max-snippet":"max-snippet:-1","max-image-preview":"max-image-preview:large","max-video-preview":"max-video-preview:-1"},"canonical":"https:\/\/sklep.med4life.com.pl\/en\/product\/fantom-brayden-obi-pro-red\/","og_locale":"en_US","og_type":"article","og_title":"Fantom Brayden OBI PRO red - sklep.med4life.com.pl","og_description":"Brayden OBI to najnowszy dodatek do rodziny manekin\u00f3w Brayden CPR.  Dost\u0119pny jako kompletny manekin lub zestaw do konwersji do u\u017cytku z obecnymi manekinami dla doros\u0142ych, Brayden OBI pozwala na r\u00f3\u017cnorodno\u015b\u0107 w programach szkoleniowych.  Fantom Brayden OBI to manekin osoby doros\u0142ej do nauki i\/lub treningu resuscytacji kr\u0105\u017ceniowo-oddechowej oferuj\u0105cy realistyczny wygl\u0105d i odpowiednie parametry fizyczne. Anatomicznie dok\u0142adny nos i usta manekina s\u0105 reprezentatywne dla czarnosk\u00f3rego doros\u0142ego m\u0119\u017cczyzny, umo\u017cliwiaj\u0105c realistyczny trening wentylacji.  Sk\u00f3ra manekin\u00f3w Brayden jest wykonana z materia\u0142\u00f3w wolnych od lateksu dzi\u0119ki czemu \u0142atwo przykleja si\u0119 i usuwa z niej elektrody treningowe. Sk\u00f3ra w dotyku bardzo przypomina sk\u00f3r\u0119 cz\u0142owieka.  Op\u00f3r klatki piersiowej jest reprezentatywny dla przeci\u0119tnej osoby doros\u0142ej. Korpus z wyra\u017anie okre\u015blonymi anatomicznymi punktami orientacyjnymi (\u017cebra, wyrostek mieczykowaty) u\u0142atwia prawid\u0142owe wykonanie RKO. Ruchomy kark daje mo\u017cliwo\u015b\u0107 przechylenie g\u0142owy i uniesienie podbr\u00f3dka w celu otwarcia dr\u00f3g oddechowych. Kana\u0142y ustne i nosowe umo\u017cliwiaj\u0105ce realistyczne uchwycenie (zatkanie) nosa przy wdechu.  Fantomy Brayden mog\u0105 by\u0107 wentylowane metod\u0105 usta-usta, ale tak\u017ce za pomoc\u0105 maski twarzowej RKO (Pocket Mask) lub resuscytatora i charakteryzuje si\u0119 realistycznym uniesieniem klatki piersiowej i odpowiedni\u0105 pojemno\u015bci\u0105 p\u0142uc w\u0142a\u015bciw\u0105 dla doros\u0142ego cz\u0142owieka.","og_url":"https:\/\/sklep.med4life.com.pl\/en\/product\/fantom-brayden-obi-pro-red\/","og_site_name":"sklep.med4life.com.pl","article_modified_time":"2025-04-24T13:00:17+00:00","og_image":[{"width":1200,"height":1200,"url":"https:\/\/sklep.med4life.com.pl\/wp-content\/uploads\/2025\/04\/Brayden_OBI_fantom_do_nauki_RKO_01-1.jpg","type":"image\/jpeg"}],"twitter_card":"summary_large_image","twitter_misc":{"Est. reading time":"4 minutes"},"schema":{"@context":"https:\/\/schema.org","@graph":[{"@type":"WebPage","@id":"https:\/\/sklep.med4life.com.pl\/product\/fantom-brayden-obi-pro-red\/","url":"https:\/\/sklep.med4life.com.pl\/product\/fantom-brayden-obi-pro-red\/","name":"Fantom Brayden OBI PRO red - sklep.med4life.com.pl","isPartOf":{"@id":"https:\/\/sklep.med4life.com.pl\/#website"},"primaryImageOfPage":{"@id":"https:\/\/sklep.med4life.com.pl\/product\/fantom-brayden-obi-pro-red\/#primaryimage"},"image":{"@id":"https:\/\/sklep.med4life.com.pl\/product\/fantom-brayden-obi-pro-red\/#primaryimage"},"thumbnailUrl":"https:\/\/sklep.med4life.com.pl\/wp-content\/uploads\/2025\/04\/Brayden_OBI_fantom_do_nauki_RKO_01-1.jpg","datePublished":"2025-04-24T13:00:16+00:00","dateModified":"2025-04-24T13:00:17+00:00","breadcrumb":{"@id":"https:\/\/sklep.med4life.com.pl\/product\/fantom-brayden-obi-pro-red\/#breadcrumb"},"inLanguage":"en-US","potentialAction":[{"@type":"ReadAction","target":["https:\/\/sklep.med4life.com.pl\/product\/fantom-brayden-obi-pro-red\/"]}]},{"@type":"ImageObject","inLanguage":"en-US","@id":"https:\/\/sklep.med4life.com.pl\/product\/fantom-brayden-obi-pro-red\/#primaryimage","url":"https:\/\/sklep.med4life.com.pl\/wp-content\/uploads\/2025\/04\/Brayden_OBI_fantom_do_nauki_RKO_01-1.jpg","contentUrl":"https:\/\/sklep.med4life.com.pl\/wp-content\/uploads\/2025\/04\/Brayden_OBI_fantom_do_nauki_RKO_01-1.jpg","width":1200,"height":1200},{"@type":"BreadcrumbList","@id":"https:\/\/sklep.med4life.com.pl\/product\/fantom-brayden-obi-pro-red\/#breadcrumb","itemListElement":[{"@type":"ListItem","position":1,"name":"Strona g\u0142\u00f3wna","item":"https:\/\/sklep.med4life.com.pl\/"},{"@type":"ListItem","position":2,"name":"Sklep","item":"https:\/\/sklep.med4life.com.pl\/shop\/"},{"@type":"ListItem","position":3,"name":"Fantom Brayden OBI PRO red"}]},{"@type":"WebSite","@id":"https:\/\/sklep.med4life.com.pl\/#website","url":"https:\/\/sklep.med4life.com.pl\/","name":"sklep.med4life.com.pl","description":"","potentialAction":[{"@type":"SearchAction","target":{"@type":"EntryPoint","urlTemplate":"https:\/\/sklep.med4life.com.pl\/?s={search_term_string}"},"query-input":{"@type":"PropertyValueSpecification","valueRequired":true,"valueName":"search_term_string"}}],"inLanguage":"en-US"}]}},"_links":{"self":[{"href":"https:\/\/sklep.med4life.com.pl\/en\/wp-json\/wp\/v2\/product\/6565","targetHints":{"allow":["GET"]}}],"collection":[{"href":"https:\/\/sklep.med4life.com.pl\/en\/wp-json\/wp\/v2\/product"}],"about":[{"href":"https:\/\/sklep.med4life.com.pl\/en\/wp-json\/wp\/v2\/types\/product"}],"replies":[{"embeddable":true,"href":"https:\/\/sklep.med4life.com.pl\/en\/wp-json\/wp\/v2\/comments?post=6565"}],"wp:featuredmedia":[{"embeddable":true,"href":"https:\/\/sklep.med4life.com.pl\/en\/wp-json\/wp\/v2\/media\/6566"}],"wp:attachment":[{"href":"https:\/\/sklep.med4life.com.pl\/en\/wp-json\/wp\/v2\/media?parent=6565"}],"wp:term":[{"taxonomy":"product_cat","embeddable":true,"href":"https:\/\/sklep.med4life.com.pl\/en\/wp-json\/wp\/v2\/product_cat?post=6565"},{"taxonomy":"product_tag","embeddable":true,"href":"https:\/\/sklep.med4life.com.pl\/en\/wp-json\/wp\/v2\/product_tag?post=6565"}],"curies":[{"name":"wp","href":"https:\/\/api.w.org\/{rel}","templated":true}]}}