{"id":6585,"date":"2025-04-24T15:33:22","date_gmt":"2025-04-24T13:33:22","guid":{"rendered":"https:\/\/sklep.med4life.com.pl\/?post_type=product&#038;p=6585"},"modified":"2025-04-24T15:33:23","modified_gmt":"2025-04-24T13:33:23","slug":"torba-mata-brayden-pro","status":"publish","type":"product","link":"https:\/\/sklep.med4life.com.pl\/en\/product\/torba-mata-brayden-pro\/","title":{"rendered":"Torba\/mata Brayden Pro"},"content":{"rendered":"<p>Torba mata Brayden PRO bordowa<\/p>\n<p>kod: IM16-SA13<\/p>\n<p>Torba transportowa na jednego fantoma Brayden PRO i Brayden OBI PRO.<\/p>\n<p>Po roz\u0142o\u017ceniu spe\u0142nia funkcj\u0119 wygodnej maty s\u0142u\u017c\u0105cej do \u0107wicze\u0144 RKO.<\/p>\n<p>Zamykana na zamek. Dzi\u0119ki temu rozwi\u0105zaniu torba jest na tyle szczelna, \u017ce manekin jest bardzo dobrze chronione przez zabrudzeniami.<\/p>\n<p>kolor: bordowy<\/p>","protected":false},"excerpt":{"rendered":"<p>Torba transportowa na jednego fantoma Brayden PRO i Brayden OBI PRO.<\/p>\n<p>Po roz\u0142o\u017ceniu spe\u0142nia funkcj\u0119 wygodnej maty s\u0142u\u017c\u0105cej do \u0107wicze\u0144 RKO.<\/p>\n<p>Zamykana na zamek. Dzi\u0119ki temu rozwi\u0105zaniu torba jest na tyle szczelna, \u017ce manekin jest bardzo dobrze chronione przez zabrudzeniami.<\/p>\n<p>kolor: bordowy<\/p>","protected":false},"featured_media":6586,"comment_status":"open","ping_status":"closed","template":"","meta":{"content-type":"","om_disable_all_campaigns":false,"_monsterinsights_skip_tracking":false,"_monsterinsights_sitenote_active":false,"_monsterinsights_sitenote_note":"","_monsterinsights_sitenote_category":0},"product_cat":[108],"product_tag":[],"class_list":{"0":"post-6585","1":"product","2":"type-product","3":"status-publish","4":"has-post-thumbnail","6":"product_cat-akcesoria-do-brayden","8":"first","9":"instock","10":"shipping-taxable","11":"product-type-simple"},"yoast_head":"<!-- This site is optimized with the Yoast SEO plugin v23.8 - https:\/\/yoast.com\/wordpress\/plugins\/seo\/ -->\n<title>Torba\/mata Brayden Pro - sklep.med4life.com.pl<\/title>\n<meta name=\"robots\" content=\"index, follow, max-snippet:-1, max-image-preview:large, max-video-preview:-1\" \/>\n<link rel=\"canonical\" href=\"https:\/\/sklep.med4life.com.pl\/en\/product\/torba-mata-brayden-pro\/\" \/>\n<meta property=\"og:locale\" content=\"en_US\" \/>\n<meta property=\"og:type\" content=\"article\" \/>\n<meta property=\"og:title\" content=\"Torba\/mata Brayden Pro - sklep.med4life.com.pl\" \/>\n<meta property=\"og:description\" content=\"Torba transportowa na jednego fantoma Brayden PRO i Brayden OBI PRO.  Po roz\u0142o\u017ceniu spe\u0142nia funkcj\u0119 wygodnej maty s\u0142u\u017c\u0105cej do \u0107wicze\u0144 RKO.  Zamykana na zamek. Dzi\u0119ki temu rozwi\u0105zaniu torba jest na tyle szczelna, \u017ce manekin jest bardzo dobrze chronione przez zabrudzeniami.  kolor: bordowy\" \/>\n<meta property=\"og:url\" content=\"https:\/\/sklep.med4life.com.pl\/en\/product\/torba-mata-brayden-pro\/\" \/>\n<meta property=\"og:site_name\" content=\"sklep.med4life.com.pl\" \/>\n<meta property=\"article:modified_time\" content=\"2025-04-24T13:33:23+00:00\" \/>\n<meta property=\"og:image\" content=\"https:\/\/sklep.med4life.com.pl\/wp-content\/uploads\/2025\/04\/Brayden_Mata_Torba_na_1_fantoma_bordowa_IM16-SA13.jpg\" \/>\n\t<meta property=\"og:image:width\" content=\"1200\" \/>\n\t<meta property=\"og:image:height\" content=\"1200\" \/>\n\t<meta property=\"og:image:type\" content=\"image\/jpeg\" \/>\n<meta name=\"twitter:card\" content=\"summary_large_image\" \/>\n<meta name=\"twitter:label1\" content=\"Est. reading time\" \/>\n\t<meta name=\"twitter:data1\" content=\"1 minute\" \/>\n<script type=\"application\/ld+json\" class=\"yoast-schema-graph\">{\"@context\":\"https:\/\/schema.org\",\"@graph\":[{\"@type\":\"WebPage\",\"@id\":\"https:\/\/sklep.med4life.com.pl\/product\/torba-mata-brayden-pro\/\",\"url\":\"https:\/\/sklep.med4life.com.pl\/product\/torba-mata-brayden-pro\/\",\"name\":\"Torba\/mata Brayden Pro - sklep.med4life.com.pl\",\"isPartOf\":{\"@id\":\"https:\/\/sklep.med4life.com.pl\/#website\"},\"primaryImageOfPage\":{\"@id\":\"https:\/\/sklep.med4life.com.pl\/product\/torba-mata-brayden-pro\/#primaryimage\"},\"image\":{\"@id\":\"https:\/\/sklep.med4life.com.pl\/product\/torba-mata-brayden-pro\/#primaryimage\"},\"thumbnailUrl\":\"https:\/\/sklep.med4life.com.pl\/wp-content\/uploads\/2025\/04\/Brayden_Mata_Torba_na_1_fantoma_bordowa_IM16-SA13.jpg\",\"datePublished\":\"2025-04-24T13:33:22+00:00\",\"dateModified\":\"2025-04-24T13:33:23+00:00\",\"breadcrumb\":{\"@id\":\"https:\/\/sklep.med4life.com.pl\/product\/torba-mata-brayden-pro\/#breadcrumb\"},\"inLanguage\":\"en-US\",\"potentialAction\":[{\"@type\":\"ReadAction\",\"target\":[\"https:\/\/sklep.med4life.com.pl\/product\/torba-mata-brayden-pro\/\"]}]},{\"@type\":\"ImageObject\",\"inLanguage\":\"en-US\",\"@id\":\"https:\/\/sklep.med4life.com.pl\/product\/torba-mata-brayden-pro\/#primaryimage\",\"url\":\"https:\/\/sklep.med4life.com.pl\/wp-content\/uploads\/2025\/04\/Brayden_Mata_Torba_na_1_fantoma_bordowa_IM16-SA13.jpg\",\"contentUrl\":\"https:\/\/sklep.med4life.com.pl\/wp-content\/uploads\/2025\/04\/Brayden_Mata_Torba_na_1_fantoma_bordowa_IM16-SA13.jpg\",\"width\":1200,\"height\":1200},{\"@type\":\"BreadcrumbList\",\"@id\":\"https:\/\/sklep.med4life.com.pl\/product\/torba-mata-brayden-pro\/#breadcrumb\",\"itemListElement\":[{\"@type\":\"ListItem\",\"position\":1,\"name\":\"Strona g\u0142\u00f3wna\",\"item\":\"https:\/\/sklep.med4life.com.pl\/\"},{\"@type\":\"ListItem\",\"position\":2,\"name\":\"Sklep\",\"item\":\"https:\/\/sklep.med4life.com.pl\/shop\/\"},{\"@type\":\"ListItem\",\"position\":3,\"name\":\"Torba\/mata Brayden Pro\"}]},{\"@type\":\"WebSite\",\"@id\":\"https:\/\/sklep.med4life.com.pl\/#website\",\"url\":\"https:\/\/sklep.med4life.com.pl\/\",\"name\":\"sklep.med4life.com.pl\",\"description\":\"\",\"potentialAction\":[{\"@type\":\"SearchAction\",\"target\":{\"@type\":\"EntryPoint\",\"urlTemplate\":\"https:\/\/sklep.med4life.com.pl\/?s={search_term_string}\"},\"query-input\":{\"@type\":\"PropertyValueSpecification\",\"valueRequired\":true,\"valueName\":\"search_term_string\"}}],\"inLanguage\":\"en-US\"}]}<\/script>\n<!-- \/ Yoast SEO plugin. -->","yoast_head_json":{"title":"Torba\/mata Brayden Pro - sklep.med4life.com.pl","robots":{"index":"index","follow":"follow","max-snippet":"max-snippet:-1","max-image-preview":"max-image-preview:large","max-video-preview":"max-video-preview:-1"},"canonical":"https:\/\/sklep.med4life.com.pl\/en\/product\/torba-mata-brayden-pro\/","og_locale":"en_US","og_type":"article","og_title":"Torba\/mata Brayden Pro - sklep.med4life.com.pl","og_description":"Torba transportowa na jednego fantoma Brayden PRO i Brayden OBI PRO.  Po roz\u0142o\u017ceniu spe\u0142nia funkcj\u0119 wygodnej maty s\u0142u\u017c\u0105cej do \u0107wicze\u0144 RKO.  Zamykana na zamek. Dzi\u0119ki temu rozwi\u0105zaniu torba jest na tyle szczelna, \u017ce manekin jest bardzo dobrze chronione przez zabrudzeniami.  kolor: bordowy","og_url":"https:\/\/sklep.med4life.com.pl\/en\/product\/torba-mata-brayden-pro\/","og_site_name":"sklep.med4life.com.pl","article_modified_time":"2025-04-24T13:33:23+00:00","og_image":[{"width":1200,"height":1200,"url":"https:\/\/sklep.med4life.com.pl\/wp-content\/uploads\/2025\/04\/Brayden_Mata_Torba_na_1_fantoma_bordowa_IM16-SA13.jpg","type":"image\/jpeg"}],"twitter_card":"summary_large_image","twitter_misc":{"Est. reading time":"1 minute"},"schema":{"@context":"https:\/\/schema.org","@graph":[{"@type":"WebPage","@id":"https:\/\/sklep.med4life.com.pl\/product\/torba-mata-brayden-pro\/","url":"https:\/\/sklep.med4life.com.pl\/product\/torba-mata-brayden-pro\/","name":"Torba\/mata Brayden Pro - sklep.med4life.com.pl","isPartOf":{"@id":"https:\/\/sklep.med4life.com.pl\/#website"},"primaryImageOfPage":{"@id":"https:\/\/sklep.med4life.com.pl\/product\/torba-mata-brayden-pro\/#primaryimage"},"image":{"@id":"https:\/\/sklep.med4life.com.pl\/product\/torba-mata-brayden-pro\/#primaryimage"},"thumbnailUrl":"https:\/\/sklep.med4life.com.pl\/wp-content\/uploads\/2025\/04\/Brayden_Mata_Torba_na_1_fantoma_bordowa_IM16-SA13.jpg","datePublished":"2025-04-24T13:33:22+00:00","dateModified":"2025-04-24T13:33:23+00:00","breadcrumb":{"@id":"https:\/\/sklep.med4life.com.pl\/product\/torba-mata-brayden-pro\/#breadcrumb"},"inLanguage":"en-US","potentialAction":[{"@type":"ReadAction","target":["https:\/\/sklep.med4life.com.pl\/product\/torba-mata-brayden-pro\/"]}]},{"@type":"ImageObject","inLanguage":"en-US","@id":"https:\/\/sklep.med4life.com.pl\/product\/torba-mata-brayden-pro\/#primaryimage","url":"https:\/\/sklep.med4life.com.pl\/wp-content\/uploads\/2025\/04\/Brayden_Mata_Torba_na_1_fantoma_bordowa_IM16-SA13.jpg","contentUrl":"https:\/\/sklep.med4life.com.pl\/wp-content\/uploads\/2025\/04\/Brayden_Mata_Torba_na_1_fantoma_bordowa_IM16-SA13.jpg","width":1200,"height":1200},{"@type":"BreadcrumbList","@id":"https:\/\/sklep.med4life.com.pl\/product\/torba-mata-brayden-pro\/#breadcrumb","itemListElement":[{"@type":"ListItem","position":1,"name":"Strona g\u0142\u00f3wna","item":"https:\/\/sklep.med4life.com.pl\/"},{"@type":"ListItem","position":2,"name":"Sklep","item":"https:\/\/sklep.med4life.com.pl\/shop\/"},{"@type":"ListItem","position":3,"name":"Torba\/mata Brayden Pro"}]},{"@type":"WebSite","@id":"https:\/\/sklep.med4life.com.pl\/#website","url":"https:\/\/sklep.med4life.com.pl\/","name":"sklep.med4life.com.pl","description":"","potentialAction":[{"@type":"SearchAction","target":{"@type":"EntryPoint","urlTemplate":"https:\/\/sklep.med4life.com.pl\/?s={search_term_string}"},"query-input":{"@type":"PropertyValueSpecification","valueRequired":true,"valueName":"search_term_string"}}],"inLanguage":"en-US"}]}},"_links":{"self":[{"href":"https:\/\/sklep.med4life.com.pl\/en\/wp-json\/wp\/v2\/product\/6585","targetHints":{"allow":["GET"]}}],"collection":[{"href":"https:\/\/sklep.med4life.com.pl\/en\/wp-json\/wp\/v2\/product"}],"about":[{"href":"https:\/\/sklep.med4life.com.pl\/en\/wp-json\/wp\/v2\/types\/product"}],"replies":[{"embeddable":true,"href":"https:\/\/sklep.med4life.com.pl\/en\/wp-json\/wp\/v2\/comments?post=6585"}],"wp:featuredmedia":[{"embeddable":true,"href":"https:\/\/sklep.med4life.com.pl\/en\/wp-json\/wp\/v2\/media\/6586"}],"wp:attachment":[{"href":"https:\/\/sklep.med4life.com.pl\/en\/wp-json\/wp\/v2\/media?parent=6585"}],"wp:term":[{"taxonomy":"product_cat","embeddable":true,"href":"https:\/\/sklep.med4life.com.pl\/en\/wp-json\/wp\/v2\/product_cat?post=6585"},{"taxonomy":"product_tag","embeddable":true,"href":"https:\/\/sklep.med4life.com.pl\/en\/wp-json\/wp\/v2\/product_tag?post=6585"}],"curies":[{"name":"wp","href":"https:\/\/api.w.org\/{rel}","templated":true}]}}