{"id":6589,"date":"2025-04-24T15:40:26","date_gmt":"2025-04-24T13:40:26","guid":{"rendered":"https:\/\/sklep.med4life.com.pl\/?post_type=product&#038;p=6589"},"modified":"2025-04-24T15:40:26","modified_gmt":"2025-04-24T13:40:26","slug":"fantom-dziecka-brayden-baby-advanced","status":"publish","type":"product","link":"https:\/\/sklep.med4life.com.pl\/en\/product\/fantom-dziecka-brayden-baby-advanced\/","title":{"rendered":"Fantom dziecka Brayden Baby Advanced"},"content":{"rendered":"<p>Fantom Brayden Baby Advanced<\/p>\n<p>kod: IM17<\/p>\n<p>Brayden Baby to pierwszy fantom RKO niemowl\u0119cia, kt\u00f3ry posiada wizualn\u0105 prezentacj\u0119 przep\u0142ywu krwi, aby umo\u017cliwi\u0107 idealne wykonanie wentylacji i ucisk\u00f3w klatki piersiowej.<\/p>\n<p>Resuscytacja kr\u0105\u017ceniowo-oddechowa niemowl\u0119cia r\u00f3\u017cni si\u0119 od RKO starszego dziecka lub osoby doros\u0142ej. Niemowl\u0119ta maj\u0105 ma\u0142e usta i drogi oddechowe, ma\u0142e cia\u0142o ze stosunkowo du\u017cym j\u0119zykiem i potylic\u0105, delikatne p\u0142uca i bardziej kruche, ale elastyczne \u017cebra w por\u00f3wnaniu do osoby doros\u0142ej. Resuscytacja niemowl\u0119cia wymaga szczeg\u00f3lnych umiej\u0119tno\u015bci w zakresie RKO. Brayden Baby zosta\u0142 zaprojektowany<br \/>\nspecjalnie do \u0107wiczenia tych umiej\u0119tno\u015bci.<\/p>\n<p>Brayden Baby bardzo dok\u0142adnie i realistycznie oddaje wygl\u0105d fizyczny i anatomiczny niemowl\u0119cia.<\/p>\n<p>Brayden Baby umo\u017cliwia kursantom \u0107wiczenie \u201ewysuwania\/podnoszenia \u017cuchwy\u201d, co mo\u017ce by\u0107 przydatne, gdy u niemowl\u0119cia trudno jest zapewni\u0107 udro\u017cnienie dr\u00f3g oddechowych w normalny spos\u00f3b (z powodu urazu itp.). Podczas wentylacji niemowl\u0119cia nieodpowiednie jest zbyt mocne odchylenie g\u0142owy zar\u00f3wno do ty\u0142u, jak i do przodu. W\u0142a\u015bciwym u\u0142o\u017ceniem g\u0142owy umo\u017cliwiaj\u0105cym prawid\u0142ow\u0105 wentylacj\u0119 niemowl\u0105t jest pozycja neutralna (g\u0142owa prosto).<\/p>\n<p>Odpowiednia obj\u0119to\u015b\u0107 wentylacji u niemowl\u0105t o wielko\u015bci podobnej do Brayden Baby wynosi od 30 ml do 50 ml, znacznie mniej ni\u017c w przypadku starszego dziecka\/osoby doros\u0142ej. Wa\u017cne jest, aby ka\u017cdy oddech podawany niemowl\u0119ciu by\u0142 wykonywany delikatnie bez nadmiernej si\u0142y, poniewa\u017c jego p\u0142uca s\u0105 delikatniejsze ni\u017c u doros\u0142ych. Dzi\u0119ki zastosowaniu &#8222;wska\u017aniki LED wentylacji\u201d informacje zwrotne o prawid\u0142owo\u015bci wdech\u00f3w podawane s\u0105 w czasie rzeczywistym w postaci \u015bwiec\u0105cego obszaru w kszta\u0142cie p\u0142uc umieszczonego na klatce piersiowej fantomu.<\/p>\n<p>Tak samo jak w przypadku fantoma Brayden Adult LED, fantom Brayden Baby zapewnia informacje zwrotne w czasie rzeczywistym na temat wynik\u00f3w RKO, umo\u017cliwiaj\u0105c u\u017cytkownikom wizualizacj\u0119 wp\u0142ywu resuscytacji na przep\u0142yw krwi wie\u0144cowej i m\u00f3zgowej. Kontrolki \u015bwietlne manekina Brayden odpowiadaj\u0105 wydajno\u015bci resuscytacji kr\u0105\u017ceniowo-oddechowej, co pozwala na natychmiastow\u0105 korekt\u0119 i \u0107wiczenie prawid\u0142owych technik resuscytacji.<\/p>\n<p>Specyfikacja:<\/p>\n<p>&#8211; Wymiary: 22,4 x 55 x 11,5 cm (szer x wys x g\u0142)<br \/>\n&#8211; Waga: 1,72 kg (bez baterii)<br \/>\n&#8211; Temperatura u\u017cytkowania: od 15\u00b0C do 30\u00b0C<br \/>\n&#8211; Temperatura przechowywania: od -10\u00b0C do 50\u00b0C<br \/>\n&#8211; Wilgotno\u015b\u0107 wzgl\u0119dna od 5% do 95%<br \/>\n&#8211; Gwarancja: 2 lata (materia\u0142y eksploatacyjne nie s\u0105 obj\u0119te gwarancj\u0105)<br \/>\n&#8211; Zasilanie: Baterie AA 1,5V (4 baterie) \/ opcjonalnie do nabycia osobno: zasilacz AC (IM13-OA01)<\/p>\n<p>Elementy zestawu:<\/p>\n<p>&#8211; 1 kompletny manekin Brayden Baby Advanced z diodami LED (czerwone)<br \/>\n&#8211; 1 torba do przenoszenia Brayden Baby model IM17-SA12<br \/>\n&#8211; 1 sztuczne p\u0142uco Brayden Baby<br \/>\n&#8211; 1 podw\u00f3jny filtr wentylacyjny<br \/>\n&#8211; 10 maseczek do sztucznego oddychania w wersji Baby<br \/>\n&#8211; 1 koc dla niemowl\u0105t Brayden Baby<br \/>\n&#8211; 1 pieluchomajtki Brayden Baby<br \/>\n&#8211; 4 baterie AA 1,5V<br \/>\n&#8211; instrukcja obs\u0142ugi<\/p>","protected":false},"excerpt":{"rendered":"<p>Brayden Baby to pierwszy fantom RKO niemowl\u0119cia, kt\u00f3ry posiada wizualn\u0105 prezentacj\u0119 przep\u0142ywu krwi, aby umo\u017cliwi\u0107 idealne wykonanie wentylacji i ucisk\u00f3w klatki piersiowej.<\/p>\n<p>Resuscytacja kr\u0105\u017ceniowo-oddechowa niemowl\u0119cia r\u00f3\u017cni si\u0119 od RKO starszego dziecka lub osoby doros\u0142ej. Niemowl\u0119ta maj\u0105 ma\u0142e usta i drogi oddechowe, ma\u0142e cia\u0142o ze stosunkowo du\u017cym j\u0119zykiem i potylic\u0105, delikatne p\u0142uca i bardziej kruche, ale elastyczne \u017cebra w por\u00f3wnaniu do osoby doros\u0142ej. Resuscytacja niemowl\u0119cia wymaga szczeg\u00f3lnych umiej\u0119tno\u015bci w zakresie RKO. Brayden Baby zosta\u0142 zaprojektowany<br \/>\nspecjalnie do \u0107wiczenia tych umiej\u0119tno\u015bci.<\/p>\n<p>Brayden Baby bardzo dok\u0142adnie i realistycznie oddaje wygl\u0105d fizyczny i anatomiczny niemowl\u0119cia.<\/p>\n<p>Brayden Baby umo\u017cliwia kursantom \u0107wiczenie \u201ewysuwania\/podnoszenia \u017cuchwy\u201d, co mo\u017ce by\u0107 przydatne, gdy u niemowl\u0119cia trudno jest zapewni\u0107 udro\u017cnienie dr\u00f3g oddechowych w normalny spos\u00f3b (z powodu urazu itp.). Podczas wentylacji niemowl\u0119cia nieodpowiednie jest zbyt mocne odchylenie g\u0142owy zar\u00f3wno do ty\u0142u, jak i do przodu. W\u0142a\u015bciwym u\u0142o\u017ceniem g\u0142owy umo\u017cliwiaj\u0105cym prawid\u0142ow\u0105 wentylacj\u0119 niemowl\u0105t jest pozycja neutralna (g\u0142owa prosto).<\/p>\n<p>Odpowiednia obj\u0119to\u015b\u0107 wentylacji u niemowl\u0105t o wielko\u015bci podobnej do Brayden Baby wynosi od 30 ml do 50 ml, znacznie mniej ni\u017c w przypadku starszego dziecka\/osoby doros\u0142ej. Wa\u017cne jest, aby ka\u017cdy oddech podawany niemowl\u0119ciu by\u0142 wykonywany delikatnie bez nadmiernej si\u0142y, poniewa\u017c jego p\u0142uca s\u0105 delikatniejsze ni\u017c u doros\u0142ych. Dzi\u0119ki zastosowaniu &#8222;wska\u017aniki LED wentylacji\u201d informacje zwrotne o prawid\u0142owo\u015bci wdech\u00f3w podawane s\u0105 w czasie rzeczywistym w postaci \u015bwiec\u0105cego obszaru w kszta\u0142cie p\u0142uc umieszczonego na klatce piersiowej fantomu.<\/p>","protected":false},"featured_media":6590,"comment_status":"open","ping_status":"closed","template":"","meta":{"content-type":"","om_disable_all_campaigns":false,"_monsterinsights_skip_tracking":false,"_monsterinsights_sitenote_active":false,"_monsterinsights_sitenote_note":"","_monsterinsights_sitenote_category":0},"product_cat":[107],"product_tag":[],"class_list":{"0":"post-6589","1":"product","2":"type-product","3":"status-publish","4":"has-post-thumbnail","6":"product_cat-fantomy","8":"first","9":"instock","10":"shipping-taxable","11":"product-type-simple"},"yoast_head":"<!-- This site is optimized with the Yoast SEO plugin v23.8 - https:\/\/yoast.com\/wordpress\/plugins\/seo\/ -->\n<title>Fantom dziecka Brayden Baby Advanced - sklep.med4life.com.pl<\/title>\n<meta name=\"robots\" content=\"index, follow, max-snippet:-1, max-image-preview:large, max-video-preview:-1\" \/>\n<link rel=\"canonical\" href=\"https:\/\/sklep.med4life.com.pl\/en\/product\/fantom-dziecka-brayden-baby-advanced\/\" \/>\n<meta property=\"og:locale\" content=\"en_US\" \/>\n<meta property=\"og:type\" content=\"article\" \/>\n<meta property=\"og:title\" content=\"Fantom dziecka Brayden Baby Advanced - sklep.med4life.com.pl\" \/>\n<meta property=\"og:description\" content=\"Brayden Baby to pierwszy fantom RKO niemowl\u0119cia, kt\u00f3ry posiada wizualn\u0105 prezentacj\u0119 przep\u0142ywu krwi, aby umo\u017cliwi\u0107 idealne wykonanie wentylacji i ucisk\u00f3w klatki piersiowej.  Resuscytacja kr\u0105\u017ceniowo-oddechowa niemowl\u0119cia r\u00f3\u017cni si\u0119 od RKO starszego dziecka lub osoby doros\u0142ej. Niemowl\u0119ta maj\u0105 ma\u0142e usta i drogi oddechowe, ma\u0142e cia\u0142o ze stosunkowo du\u017cym j\u0119zykiem i potylic\u0105, delikatne p\u0142uca i bardziej kruche, ale elastyczne \u017cebra w por\u00f3wnaniu do osoby doros\u0142ej. Resuscytacja niemowl\u0119cia wymaga szczeg\u00f3lnych umiej\u0119tno\u015bci w zakresie RKO. Brayden Baby zosta\u0142 zaprojektowany specjalnie do \u0107wiczenia tych umiej\u0119tno\u015bci.  Brayden Baby bardzo dok\u0142adnie i realistycznie oddaje wygl\u0105d fizyczny i anatomiczny niemowl\u0119cia.  Brayden Baby umo\u017cliwia kursantom \u0107wiczenie \u201ewysuwania\/podnoszenia \u017cuchwy\u201d, co mo\u017ce by\u0107 przydatne, gdy u niemowl\u0119cia trudno jest zapewni\u0107 udro\u017cnienie dr\u00f3g oddechowych w normalny spos\u00f3b (z powodu urazu itp.). Podczas wentylacji niemowl\u0119cia nieodpowiednie jest zbyt mocne odchylenie g\u0142owy zar\u00f3wno do ty\u0142u, jak i do przodu. W\u0142a\u015bciwym u\u0142o\u017ceniem g\u0142owy umo\u017cliwiaj\u0105cym prawid\u0142ow\u0105 wentylacj\u0119 niemowl\u0105t jest pozycja neutralna (g\u0142owa prosto).  Odpowiednia obj\u0119to\u015b\u0107 wentylacji u niemowl\u0105t o wielko\u015bci podobnej do Brayden Baby wynosi od 30 ml do 50 ml, znacznie mniej ni\u017c w przypadku starszego dziecka\/osoby doros\u0142ej. Wa\u017cne jest, aby ka\u017cdy oddech podawany niemowl\u0119ciu by\u0142 wykonywany delikatnie bez nadmiernej si\u0142y, poniewa\u017c jego p\u0142uca s\u0105 delikatniejsze ni\u017c u doros\u0142ych. Dzi\u0119ki zastosowaniu &quot;wska\u017aniki LED wentylacji\u201d informacje zwrotne o prawid\u0142owo\u015bci wdech\u00f3w podawane s\u0105 w czasie rzeczywistym w postaci \u015bwiec\u0105cego obszaru w kszta\u0142cie p\u0142uc umieszczonego na klatce piersiowej fantomu.\" \/>\n<meta property=\"og:url\" content=\"https:\/\/sklep.med4life.com.pl\/en\/product\/fantom-dziecka-brayden-baby-advanced\/\" \/>\n<meta property=\"og:site_name\" content=\"sklep.med4life.com.pl\" \/>\n<meta property=\"og:image\" content=\"https:\/\/sklep.med4life.com.pl\/wp-content\/uploads\/2025\/04\/Brayden_Baby_Advanced_fantom_dziecka_RKO_01.jpg\" \/>\n\t<meta property=\"og:image:width\" content=\"1200\" \/>\n\t<meta property=\"og:image:height\" content=\"1200\" \/>\n\t<meta property=\"og:image:type\" content=\"image\/jpeg\" \/>\n<meta name=\"twitter:card\" content=\"summary_large_image\" \/>\n<meta name=\"twitter:label1\" content=\"Est. reading time\" \/>\n\t<meta name=\"twitter:data1\" content=\"3 minutes\" \/>\n<script type=\"application\/ld+json\" class=\"yoast-schema-graph\">{\"@context\":\"https:\/\/schema.org\",\"@graph\":[{\"@type\":\"WebPage\",\"@id\":\"https:\/\/sklep.med4life.com.pl\/product\/fantom-dziecka-brayden-baby-advanced\/\",\"url\":\"https:\/\/sklep.med4life.com.pl\/product\/fantom-dziecka-brayden-baby-advanced\/\",\"name\":\"Fantom dziecka Brayden Baby Advanced - sklep.med4life.com.pl\",\"isPartOf\":{\"@id\":\"https:\/\/sklep.med4life.com.pl\/#website\"},\"primaryImageOfPage\":{\"@id\":\"https:\/\/sklep.med4life.com.pl\/product\/fantom-dziecka-brayden-baby-advanced\/#primaryimage\"},\"image\":{\"@id\":\"https:\/\/sklep.med4life.com.pl\/product\/fantom-dziecka-brayden-baby-advanced\/#primaryimage\"},\"thumbnailUrl\":\"https:\/\/sklep.med4life.com.pl\/wp-content\/uploads\/2025\/04\/Brayden_Baby_Advanced_fantom_dziecka_RKO_01.jpg\",\"datePublished\":\"2025-04-24T13:40:26+00:00\",\"dateModified\":\"2025-04-24T13:40:26+00:00\",\"breadcrumb\":{\"@id\":\"https:\/\/sklep.med4life.com.pl\/product\/fantom-dziecka-brayden-baby-advanced\/#breadcrumb\"},\"inLanguage\":\"en-US\",\"potentialAction\":[{\"@type\":\"ReadAction\",\"target\":[\"https:\/\/sklep.med4life.com.pl\/product\/fantom-dziecka-brayden-baby-advanced\/\"]}]},{\"@type\":\"ImageObject\",\"inLanguage\":\"en-US\",\"@id\":\"https:\/\/sklep.med4life.com.pl\/product\/fantom-dziecka-brayden-baby-advanced\/#primaryimage\",\"url\":\"https:\/\/sklep.med4life.com.pl\/wp-content\/uploads\/2025\/04\/Brayden_Baby_Advanced_fantom_dziecka_RKO_01.jpg\",\"contentUrl\":\"https:\/\/sklep.med4life.com.pl\/wp-content\/uploads\/2025\/04\/Brayden_Baby_Advanced_fantom_dziecka_RKO_01.jpg\",\"width\":1200,\"height\":1200},{\"@type\":\"BreadcrumbList\",\"@id\":\"https:\/\/sklep.med4life.com.pl\/product\/fantom-dziecka-brayden-baby-advanced\/#breadcrumb\",\"itemListElement\":[{\"@type\":\"ListItem\",\"position\":1,\"name\":\"Strona g\u0142\u00f3wna\",\"item\":\"https:\/\/sklep.med4life.com.pl\/\"},{\"@type\":\"ListItem\",\"position\":2,\"name\":\"Sklep\",\"item\":\"https:\/\/sklep.med4life.com.pl\/shop\/\"},{\"@type\":\"ListItem\",\"position\":3,\"name\":\"Fantom dziecka Brayden Baby Advanced\"}]},{\"@type\":\"WebSite\",\"@id\":\"https:\/\/sklep.med4life.com.pl\/#website\",\"url\":\"https:\/\/sklep.med4life.com.pl\/\",\"name\":\"sklep.med4life.com.pl\",\"description\":\"\",\"potentialAction\":[{\"@type\":\"SearchAction\",\"target\":{\"@type\":\"EntryPoint\",\"urlTemplate\":\"https:\/\/sklep.med4life.com.pl\/?s={search_term_string}\"},\"query-input\":{\"@type\":\"PropertyValueSpecification\",\"valueRequired\":true,\"valueName\":\"search_term_string\"}}],\"inLanguage\":\"en-US\"}]}<\/script>\n<!-- \/ Yoast SEO plugin. -->","yoast_head_json":{"title":"Fantom dziecka Brayden Baby Advanced - sklep.med4life.com.pl","robots":{"index":"index","follow":"follow","max-snippet":"max-snippet:-1","max-image-preview":"max-image-preview:large","max-video-preview":"max-video-preview:-1"},"canonical":"https:\/\/sklep.med4life.com.pl\/en\/product\/fantom-dziecka-brayden-baby-advanced\/","og_locale":"en_US","og_type":"article","og_title":"Fantom dziecka Brayden Baby Advanced - sklep.med4life.com.pl","og_description":"Brayden Baby to pierwszy fantom RKO niemowl\u0119cia, kt\u00f3ry posiada wizualn\u0105 prezentacj\u0119 przep\u0142ywu krwi, aby umo\u017cliwi\u0107 idealne wykonanie wentylacji i ucisk\u00f3w klatki piersiowej.  Resuscytacja kr\u0105\u017ceniowo-oddechowa niemowl\u0119cia r\u00f3\u017cni si\u0119 od RKO starszego dziecka lub osoby doros\u0142ej. Niemowl\u0119ta maj\u0105 ma\u0142e usta i drogi oddechowe, ma\u0142e cia\u0142o ze stosunkowo du\u017cym j\u0119zykiem i potylic\u0105, delikatne p\u0142uca i bardziej kruche, ale elastyczne \u017cebra w por\u00f3wnaniu do osoby doros\u0142ej. Resuscytacja niemowl\u0119cia wymaga szczeg\u00f3lnych umiej\u0119tno\u015bci w zakresie RKO. Brayden Baby zosta\u0142 zaprojektowany specjalnie do \u0107wiczenia tych umiej\u0119tno\u015bci.  Brayden Baby bardzo dok\u0142adnie i realistycznie oddaje wygl\u0105d fizyczny i anatomiczny niemowl\u0119cia.  Brayden Baby umo\u017cliwia kursantom \u0107wiczenie \u201ewysuwania\/podnoszenia \u017cuchwy\u201d, co mo\u017ce by\u0107 przydatne, gdy u niemowl\u0119cia trudno jest zapewni\u0107 udro\u017cnienie dr\u00f3g oddechowych w normalny spos\u00f3b (z powodu urazu itp.). Podczas wentylacji niemowl\u0119cia nieodpowiednie jest zbyt mocne odchylenie g\u0142owy zar\u00f3wno do ty\u0142u, jak i do przodu. W\u0142a\u015bciwym u\u0142o\u017ceniem g\u0142owy umo\u017cliwiaj\u0105cym prawid\u0142ow\u0105 wentylacj\u0119 niemowl\u0105t jest pozycja neutralna (g\u0142owa prosto).  Odpowiednia obj\u0119to\u015b\u0107 wentylacji u niemowl\u0105t o wielko\u015bci podobnej do Brayden Baby wynosi od 30 ml do 50 ml, znacznie mniej ni\u017c w przypadku starszego dziecka\/osoby doros\u0142ej. Wa\u017cne jest, aby ka\u017cdy oddech podawany niemowl\u0119ciu by\u0142 wykonywany delikatnie bez nadmiernej si\u0142y, poniewa\u017c jego p\u0142uca s\u0105 delikatniejsze ni\u017c u doros\u0142ych. Dzi\u0119ki zastosowaniu \"wska\u017aniki LED wentylacji\u201d informacje zwrotne o prawid\u0142owo\u015bci wdech\u00f3w podawane s\u0105 w czasie rzeczywistym w postaci \u015bwiec\u0105cego obszaru w kszta\u0142cie p\u0142uc umieszczonego na klatce piersiowej fantomu.","og_url":"https:\/\/sklep.med4life.com.pl\/en\/product\/fantom-dziecka-brayden-baby-advanced\/","og_site_name":"sklep.med4life.com.pl","og_image":[{"width":1200,"height":1200,"url":"https:\/\/sklep.med4life.com.pl\/wp-content\/uploads\/2025\/04\/Brayden_Baby_Advanced_fantom_dziecka_RKO_01.jpg","type":"image\/jpeg"}],"twitter_card":"summary_large_image","twitter_misc":{"Est. reading time":"3 minutes"},"schema":{"@context":"https:\/\/schema.org","@graph":[{"@type":"WebPage","@id":"https:\/\/sklep.med4life.com.pl\/product\/fantom-dziecka-brayden-baby-advanced\/","url":"https:\/\/sklep.med4life.com.pl\/product\/fantom-dziecka-brayden-baby-advanced\/","name":"Fantom dziecka Brayden Baby Advanced - sklep.med4life.com.pl","isPartOf":{"@id":"https:\/\/sklep.med4life.com.pl\/#website"},"primaryImageOfPage":{"@id":"https:\/\/sklep.med4life.com.pl\/product\/fantom-dziecka-brayden-baby-advanced\/#primaryimage"},"image":{"@id":"https:\/\/sklep.med4life.com.pl\/product\/fantom-dziecka-brayden-baby-advanced\/#primaryimage"},"thumbnailUrl":"https:\/\/sklep.med4life.com.pl\/wp-content\/uploads\/2025\/04\/Brayden_Baby_Advanced_fantom_dziecka_RKO_01.jpg","datePublished":"2025-04-24T13:40:26+00:00","dateModified":"2025-04-24T13:40:26+00:00","breadcrumb":{"@id":"https:\/\/sklep.med4life.com.pl\/product\/fantom-dziecka-brayden-baby-advanced\/#breadcrumb"},"inLanguage":"en-US","potentialAction":[{"@type":"ReadAction","target":["https:\/\/sklep.med4life.com.pl\/product\/fantom-dziecka-brayden-baby-advanced\/"]}]},{"@type":"ImageObject","inLanguage":"en-US","@id":"https:\/\/sklep.med4life.com.pl\/product\/fantom-dziecka-brayden-baby-advanced\/#primaryimage","url":"https:\/\/sklep.med4life.com.pl\/wp-content\/uploads\/2025\/04\/Brayden_Baby_Advanced_fantom_dziecka_RKO_01.jpg","contentUrl":"https:\/\/sklep.med4life.com.pl\/wp-content\/uploads\/2025\/04\/Brayden_Baby_Advanced_fantom_dziecka_RKO_01.jpg","width":1200,"height":1200},{"@type":"BreadcrumbList","@id":"https:\/\/sklep.med4life.com.pl\/product\/fantom-dziecka-brayden-baby-advanced\/#breadcrumb","itemListElement":[{"@type":"ListItem","position":1,"name":"Strona g\u0142\u00f3wna","item":"https:\/\/sklep.med4life.com.pl\/"},{"@type":"ListItem","position":2,"name":"Sklep","item":"https:\/\/sklep.med4life.com.pl\/shop\/"},{"@type":"ListItem","position":3,"name":"Fantom dziecka Brayden Baby Advanced"}]},{"@type":"WebSite","@id":"https:\/\/sklep.med4life.com.pl\/#website","url":"https:\/\/sklep.med4life.com.pl\/","name":"sklep.med4life.com.pl","description":"","potentialAction":[{"@type":"SearchAction","target":{"@type":"EntryPoint","urlTemplate":"https:\/\/sklep.med4life.com.pl\/?s={search_term_string}"},"query-input":{"@type":"PropertyValueSpecification","valueRequired":true,"valueName":"search_term_string"}}],"inLanguage":"en-US"}]}},"_links":{"self":[{"href":"https:\/\/sklep.med4life.com.pl\/en\/wp-json\/wp\/v2\/product\/6589","targetHints":{"allow":["GET"]}}],"collection":[{"href":"https:\/\/sklep.med4life.com.pl\/en\/wp-json\/wp\/v2\/product"}],"about":[{"href":"https:\/\/sklep.med4life.com.pl\/en\/wp-json\/wp\/v2\/types\/product"}],"replies":[{"embeddable":true,"href":"https:\/\/sklep.med4life.com.pl\/en\/wp-json\/wp\/v2\/comments?post=6589"}],"wp:featuredmedia":[{"embeddable":true,"href":"https:\/\/sklep.med4life.com.pl\/en\/wp-json\/wp\/v2\/media\/6590"}],"wp:attachment":[{"href":"https:\/\/sklep.med4life.com.pl\/en\/wp-json\/wp\/v2\/media?parent=6589"}],"wp:term":[{"taxonomy":"product_cat","embeddable":true,"href":"https:\/\/sklep.med4life.com.pl\/en\/wp-json\/wp\/v2\/product_cat?post=6589"},{"taxonomy":"product_tag","embeddable":true,"href":"https:\/\/sklep.med4life.com.pl\/en\/wp-json\/wp\/v2\/product_tag?post=6589"}],"curies":[{"name":"wp","href":"https:\/\/api.w.org\/{rel}","templated":true}]}}