{"id":6600,"date":"2025-04-24T15:54:06","date_gmt":"2025-04-24T13:54:06","guid":{"rendered":"https:\/\/sklep.med4life.com.pl\/?post_type=product&#038;p=6600"},"modified":"2025-04-24T15:54:06","modified_gmt":"2025-04-24T13:54:06","slug":"lewe-ramie-dziecka-brayden-baby-pro","status":"publish","type":"product","link":"https:\/\/sklep.med4life.com.pl\/en\/product\/lewe-ramie-dziecka-brayden-baby-pro\/","title":{"rendered":"Lewe Rami\u0119 Dziecka Brayden Baby Pro"},"content":{"rendered":"<p>Lewe rami\u0119 dziecka Brayden Baby i Baby PRO<\/p>\n<p>kod: IM17P-SA08<\/p>\n<p>Cz\u0119\u015b\u0107 zamienna fantoma Baby w postaci lewego ramienia.<\/p>\n<p>Lewa r\u0119ka manekina Baby posiada kabelki w celu pod\u0142\u0105czenia jej do jednostki korpusu, lewe rami\u0119 ma funkcjonalno\u015b\u0107 w postaci pulsu, symuluj\u0105cego sytuacj\u0119 bradykardii u niemowl\u0119cia.<\/p>\n<p>Pasuje do fantom\u00f3w Baby i Baby PRO<\/p>","protected":false},"excerpt":{"rendered":"<p>Cz\u0119\u015b\u0107 zamienna fantoma Baby w postaci lewego ramienia.<\/p>\n<p>Lewa r\u0119ka manekina Baby posiada kabelki w celu pod\u0142\u0105czenia jej do jednostki korpusu, lewe rami\u0119 ma funkcjonalno\u015b\u0107 w postaci pulsu, symuluj\u0105cego sytuacj\u0119 bradykardii u niemowl\u0119cia.<\/p>\n<p>Pasuje do fantom\u00f3w Baby i Baby PRO<\/p>","protected":false},"featured_media":0,"comment_status":"open","ping_status":"closed","template":"","meta":{"content-type":"","om_disable_all_campaigns":false,"_monsterinsights_skip_tracking":false,"_monsterinsights_sitenote_active":false,"_monsterinsights_sitenote_note":"","_monsterinsights_sitenote_category":0},"product_cat":[108],"product_tag":[],"class_list":{"0":"post-6600","1":"product","2":"type-product","3":"status-publish","5":"product_cat-akcesoria-do-brayden","7":"first","8":"instock","9":"shipping-taxable","10":"product-type-simple"},"yoast_head":"<!-- This site is optimized with the Yoast SEO plugin v23.8 - https:\/\/yoast.com\/wordpress\/plugins\/seo\/ -->\n<title>Lewe Rami\u0119 Dziecka Brayden Baby Pro - sklep.med4life.com.pl<\/title>\n<meta name=\"robots\" content=\"index, follow, max-snippet:-1, max-image-preview:large, max-video-preview:-1\" \/>\n<link rel=\"canonical\" href=\"https:\/\/sklep.med4life.com.pl\/en\/product\/lewe-ramie-dziecka-brayden-baby-pro\/\" \/>\n<meta property=\"og:locale\" content=\"en_US\" \/>\n<meta property=\"og:type\" content=\"article\" \/>\n<meta property=\"og:title\" content=\"Lewe Rami\u0119 Dziecka Brayden Baby Pro - sklep.med4life.com.pl\" \/>\n<meta property=\"og:description\" content=\"Cz\u0119\u015b\u0107 zamienna fantoma Baby w postaci lewego ramienia.  Lewa r\u0119ka manekina Baby posiada kabelki w celu pod\u0142\u0105czenia jej do jednostki korpusu, lewe rami\u0119 ma funkcjonalno\u015b\u0107 w postaci pulsu, symuluj\u0105cego sytuacj\u0119 bradykardii u niemowl\u0119cia.  Pasuje do fantom\u00f3w Baby i Baby PRO\" \/>\n<meta property=\"og:url\" content=\"https:\/\/sklep.med4life.com.pl\/en\/product\/lewe-ramie-dziecka-brayden-baby-pro\/\" \/>\n<meta property=\"og:site_name\" content=\"sklep.med4life.com.pl\" \/>\n<meta name=\"twitter:card\" content=\"summary_large_image\" \/>\n<meta name=\"twitter:label1\" content=\"Est. reading time\" \/>\n\t<meta name=\"twitter:data1\" content=\"1 minute\" \/>\n<script type=\"application\/ld+json\" class=\"yoast-schema-graph\">{\"@context\":\"https:\/\/schema.org\",\"@graph\":[{\"@type\":\"WebPage\",\"@id\":\"https:\/\/sklep.med4life.com.pl\/product\/lewe-ramie-dziecka-brayden-baby-pro\/\",\"url\":\"https:\/\/sklep.med4life.com.pl\/product\/lewe-ramie-dziecka-brayden-baby-pro\/\",\"name\":\"Lewe Rami\u0119 Dziecka Brayden Baby Pro - sklep.med4life.com.pl\",\"isPartOf\":{\"@id\":\"https:\/\/sklep.med4life.com.pl\/#website\"},\"datePublished\":\"2025-04-24T13:54:06+00:00\",\"dateModified\":\"2025-04-24T13:54:06+00:00\",\"breadcrumb\":{\"@id\":\"https:\/\/sklep.med4life.com.pl\/product\/lewe-ramie-dziecka-brayden-baby-pro\/#breadcrumb\"},\"inLanguage\":\"en-US\",\"potentialAction\":[{\"@type\":\"ReadAction\",\"target\":[\"https:\/\/sklep.med4life.com.pl\/product\/lewe-ramie-dziecka-brayden-baby-pro\/\"]}]},{\"@type\":\"BreadcrumbList\",\"@id\":\"https:\/\/sklep.med4life.com.pl\/product\/lewe-ramie-dziecka-brayden-baby-pro\/#breadcrumb\",\"itemListElement\":[{\"@type\":\"ListItem\",\"position\":1,\"name\":\"Strona g\u0142\u00f3wna\",\"item\":\"https:\/\/sklep.med4life.com.pl\/\"},{\"@type\":\"ListItem\",\"position\":2,\"name\":\"Sklep\",\"item\":\"https:\/\/sklep.med4life.com.pl\/shop\/\"},{\"@type\":\"ListItem\",\"position\":3,\"name\":\"Lewe Rami\u0119 Dziecka Brayden Baby Pro\"}]},{\"@type\":\"WebSite\",\"@id\":\"https:\/\/sklep.med4life.com.pl\/#website\",\"url\":\"https:\/\/sklep.med4life.com.pl\/\",\"name\":\"sklep.med4life.com.pl\",\"description\":\"\",\"potentialAction\":[{\"@type\":\"SearchAction\",\"target\":{\"@type\":\"EntryPoint\",\"urlTemplate\":\"https:\/\/sklep.med4life.com.pl\/?s={search_term_string}\"},\"query-input\":{\"@type\":\"PropertyValueSpecification\",\"valueRequired\":true,\"valueName\":\"search_term_string\"}}],\"inLanguage\":\"en-US\"}]}<\/script>\n<!-- \/ Yoast SEO plugin. -->","yoast_head_json":{"title":"Lewe Rami\u0119 Dziecka Brayden Baby Pro - sklep.med4life.com.pl","robots":{"index":"index","follow":"follow","max-snippet":"max-snippet:-1","max-image-preview":"max-image-preview:large","max-video-preview":"max-video-preview:-1"},"canonical":"https:\/\/sklep.med4life.com.pl\/en\/product\/lewe-ramie-dziecka-brayden-baby-pro\/","og_locale":"en_US","og_type":"article","og_title":"Lewe Rami\u0119 Dziecka Brayden Baby Pro - sklep.med4life.com.pl","og_description":"Cz\u0119\u015b\u0107 zamienna fantoma Baby w postaci lewego ramienia.  Lewa r\u0119ka manekina Baby posiada kabelki w celu pod\u0142\u0105czenia jej do jednostki korpusu, lewe rami\u0119 ma funkcjonalno\u015b\u0107 w postaci pulsu, symuluj\u0105cego sytuacj\u0119 bradykardii u niemowl\u0119cia.  Pasuje do fantom\u00f3w Baby i Baby PRO","og_url":"https:\/\/sklep.med4life.com.pl\/en\/product\/lewe-ramie-dziecka-brayden-baby-pro\/","og_site_name":"sklep.med4life.com.pl","twitter_card":"summary_large_image","twitter_misc":{"Est. reading time":"1 minute"},"schema":{"@context":"https:\/\/schema.org","@graph":[{"@type":"WebPage","@id":"https:\/\/sklep.med4life.com.pl\/product\/lewe-ramie-dziecka-brayden-baby-pro\/","url":"https:\/\/sklep.med4life.com.pl\/product\/lewe-ramie-dziecka-brayden-baby-pro\/","name":"Lewe Rami\u0119 Dziecka Brayden Baby Pro - sklep.med4life.com.pl","isPartOf":{"@id":"https:\/\/sklep.med4life.com.pl\/#website"},"datePublished":"2025-04-24T13:54:06+00:00","dateModified":"2025-04-24T13:54:06+00:00","breadcrumb":{"@id":"https:\/\/sklep.med4life.com.pl\/product\/lewe-ramie-dziecka-brayden-baby-pro\/#breadcrumb"},"inLanguage":"en-US","potentialAction":[{"@type":"ReadAction","target":["https:\/\/sklep.med4life.com.pl\/product\/lewe-ramie-dziecka-brayden-baby-pro\/"]}]},{"@type":"BreadcrumbList","@id":"https:\/\/sklep.med4life.com.pl\/product\/lewe-ramie-dziecka-brayden-baby-pro\/#breadcrumb","itemListElement":[{"@type":"ListItem","position":1,"name":"Strona g\u0142\u00f3wna","item":"https:\/\/sklep.med4life.com.pl\/"},{"@type":"ListItem","position":2,"name":"Sklep","item":"https:\/\/sklep.med4life.com.pl\/shop\/"},{"@type":"ListItem","position":3,"name":"Lewe Rami\u0119 Dziecka Brayden Baby Pro"}]},{"@type":"WebSite","@id":"https:\/\/sklep.med4life.com.pl\/#website","url":"https:\/\/sklep.med4life.com.pl\/","name":"sklep.med4life.com.pl","description":"","potentialAction":[{"@type":"SearchAction","target":{"@type":"EntryPoint","urlTemplate":"https:\/\/sklep.med4life.com.pl\/?s={search_term_string}"},"query-input":{"@type":"PropertyValueSpecification","valueRequired":true,"valueName":"search_term_string"}}],"inLanguage":"en-US"}]}},"_links":{"self":[{"href":"https:\/\/sklep.med4life.com.pl\/en\/wp-json\/wp\/v2\/product\/6600","targetHints":{"allow":["GET"]}}],"collection":[{"href":"https:\/\/sklep.med4life.com.pl\/en\/wp-json\/wp\/v2\/product"}],"about":[{"href":"https:\/\/sklep.med4life.com.pl\/en\/wp-json\/wp\/v2\/types\/product"}],"replies":[{"embeddable":true,"href":"https:\/\/sklep.med4life.com.pl\/en\/wp-json\/wp\/v2\/comments?post=6600"}],"wp:attachment":[{"href":"https:\/\/sklep.med4life.com.pl\/en\/wp-json\/wp\/v2\/media?parent=6600"}],"wp:term":[{"taxonomy":"product_cat","embeddable":true,"href":"https:\/\/sklep.med4life.com.pl\/en\/wp-json\/wp\/v2\/product_cat?post=6600"},{"taxonomy":"product_tag","embeddable":true,"href":"https:\/\/sklep.med4life.com.pl\/en\/wp-json\/wp\/v2\/product_tag?post=6600"}],"curies":[{"name":"wp","href":"https:\/\/api.w.org\/{rel}","templated":true}]}}