{"id":6623,"date":"2025-04-24T16:22:15","date_gmt":"2025-04-24T14:22:15","guid":{"rendered":"https:\/\/sklep.med4life.com.pl\/?post_type=product&#038;p=6623"},"modified":"2025-04-24T16:22:25","modified_gmt":"2025-04-24T14:22:25","slug":"torba-brayden-baby-niebieska","status":"publish","type":"product","link":"https:\/\/sklep.med4life.com.pl\/en\/product\/torba-brayden-baby-niebieska\/","title":{"rendered":"Torba Brayden Baby &#8211; niebieska"},"content":{"rendered":"<p>Torba na fantoma Baby niebieska<\/p>\n<p>kod: IM17-SA12<\/p>\n<p>Torba transportowa, usztywniana na fantoma Brayden Baby PRO i akcesoria.<br \/>\nWewn\u0105trz znajduj\u0105 si\u0119 4 kieszonki. Posiada pasek do wygodnego noszenia na ramieniu.<\/p>\n<p>Torba na Braydena Baby jest bardzo przydatka w przechowywaniu i transportowaniu manekina Baby, wszystkie akcesoria do fontoma Baby mo\u017cna trzyma\u0107 w jednym miejscu i s\u0105 zabezpieczone przed uszkodzeniami w trakcie transportu.<\/p>\n<p>Zamykana na zamek. Dzi\u0119ki temu rozwi\u0105zaniu torba jest na tyle szczelna, \u017ce manekin Baby jest bardzo dobrze chroniony przez zabrudzeniami.<\/p>\n<p>kolor: niebieski<\/p>","protected":false},"excerpt":{"rendered":"<p>Torba transportowa, usztywniana na fantoma Brayden Baby PRO i akcesoria.<br \/>\nWewn\u0105trz znajduj\u0105 si\u0119 4 kieszonki. Posiada pasek do wygodnego noszenia na ramieniu.<\/p>\n<p>Torba na Braydena Baby jest bardzo przydatka w przechowywaniu i transportowaniu manekina Baby, wszystkie akcesoria do fontoma Baby mo\u017cna trzyma\u0107 w jednym miejscu i s\u0105 zabezpieczone przed uszkodzeniami w trakcie transportu.<\/p>\n<p>Zamykana na zamek. Dzi\u0119ki temu rozwi\u0105zaniu torba jest na tyle szczelna, \u017ce manekin Baby jest bardzo dobrze chroniony przez zabrudzeniami.<\/p>\n<p>kolor: niebieski<\/p>","protected":false},"featured_media":6624,"comment_status":"open","ping_status":"closed","template":"","meta":{"content-type":"","om_disable_all_campaigns":false,"_monsterinsights_skip_tracking":false,"_monsterinsights_sitenote_active":false,"_monsterinsights_sitenote_note":"","_monsterinsights_sitenote_category":0},"product_cat":[108],"product_tag":[],"class_list":{"0":"post-6623","1":"product","2":"type-product","3":"status-publish","4":"has-post-thumbnail","6":"product_cat-akcesoria-do-brayden","8":"first","9":"instock","10":"shipping-taxable","11":"product-type-simple"},"yoast_head":"<!-- This site is optimized with the Yoast SEO plugin v23.8 - https:\/\/yoast.com\/wordpress\/plugins\/seo\/ -->\n<title>Torba Brayden Baby - niebieska - sklep.med4life.com.pl<\/title>\n<meta name=\"robots\" content=\"index, follow, max-snippet:-1, max-image-preview:large, max-video-preview:-1\" \/>\n<link rel=\"canonical\" href=\"https:\/\/sklep.med4life.com.pl\/en\/product\/torba-brayden-baby-niebieska\/\" \/>\n<meta property=\"og:locale\" content=\"en_US\" \/>\n<meta property=\"og:type\" content=\"article\" \/>\n<meta property=\"og:title\" content=\"Torba Brayden Baby - niebieska - sklep.med4life.com.pl\" \/>\n<meta property=\"og:description\" content=\"Torba transportowa, usztywniana na fantoma Brayden Baby PRO i akcesoria. Wewn\u0105trz znajduj\u0105 si\u0119 4 kieszonki. Posiada pasek do wygodnego noszenia na ramieniu.  Torba na Braydena Baby jest bardzo przydatka w przechowywaniu i transportowaniu manekina Baby, wszystkie akcesoria do fontoma Baby mo\u017cna trzyma\u0107 w jednym miejscu i s\u0105 zabezpieczone przed uszkodzeniami w trakcie transportu.  Zamykana na zamek. Dzi\u0119ki temu rozwi\u0105zaniu torba jest na tyle szczelna, \u017ce manekin Baby jest bardzo dobrze chroniony przez zabrudzeniami.  kolor: niebieski\" \/>\n<meta property=\"og:url\" content=\"https:\/\/sklep.med4life.com.pl\/en\/product\/torba-brayden-baby-niebieska\/\" \/>\n<meta property=\"og:site_name\" content=\"sklep.med4life.com.pl\" \/>\n<meta property=\"article:modified_time\" content=\"2025-04-24T14:22:25+00:00\" \/>\n<meta property=\"og:image\" content=\"https:\/\/sklep.med4life.com.pl\/wp-content\/uploads\/2025\/04\/Brayden_Baby_torba_na_fantom_dziecka_IM17-SA12_01.jpg\" \/>\n\t<meta property=\"og:image:width\" content=\"1200\" \/>\n\t<meta property=\"og:image:height\" content=\"1200\" \/>\n\t<meta property=\"og:image:type\" content=\"image\/jpeg\" \/>\n<meta name=\"twitter:card\" content=\"summary_large_image\" \/>\n<meta name=\"twitter:label1\" content=\"Est. reading time\" \/>\n\t<meta name=\"twitter:data1\" content=\"1 minute\" \/>\n<script type=\"application\/ld+json\" class=\"yoast-schema-graph\">{\"@context\":\"https:\/\/schema.org\",\"@graph\":[{\"@type\":\"WebPage\",\"@id\":\"https:\/\/sklep.med4life.com.pl\/product\/torba-brayden-baby-niebieska\/\",\"url\":\"https:\/\/sklep.med4life.com.pl\/product\/torba-brayden-baby-niebieska\/\",\"name\":\"Torba Brayden Baby - niebieska - sklep.med4life.com.pl\",\"isPartOf\":{\"@id\":\"https:\/\/sklep.med4life.com.pl\/#website\"},\"primaryImageOfPage\":{\"@id\":\"https:\/\/sklep.med4life.com.pl\/product\/torba-brayden-baby-niebieska\/#primaryimage\"},\"image\":{\"@id\":\"https:\/\/sklep.med4life.com.pl\/product\/torba-brayden-baby-niebieska\/#primaryimage\"},\"thumbnailUrl\":\"https:\/\/sklep.med4life.com.pl\/wp-content\/uploads\/2025\/04\/Brayden_Baby_torba_na_fantom_dziecka_IM17-SA12_01.jpg\",\"datePublished\":\"2025-04-24T14:22:15+00:00\",\"dateModified\":\"2025-04-24T14:22:25+00:00\",\"breadcrumb\":{\"@id\":\"https:\/\/sklep.med4life.com.pl\/product\/torba-brayden-baby-niebieska\/#breadcrumb\"},\"inLanguage\":\"en-US\",\"potentialAction\":[{\"@type\":\"ReadAction\",\"target\":[\"https:\/\/sklep.med4life.com.pl\/product\/torba-brayden-baby-niebieska\/\"]}]},{\"@type\":\"ImageObject\",\"inLanguage\":\"en-US\",\"@id\":\"https:\/\/sklep.med4life.com.pl\/product\/torba-brayden-baby-niebieska\/#primaryimage\",\"url\":\"https:\/\/sklep.med4life.com.pl\/wp-content\/uploads\/2025\/04\/Brayden_Baby_torba_na_fantom_dziecka_IM17-SA12_01.jpg\",\"contentUrl\":\"https:\/\/sklep.med4life.com.pl\/wp-content\/uploads\/2025\/04\/Brayden_Baby_torba_na_fantom_dziecka_IM17-SA12_01.jpg\",\"width\":1200,\"height\":1200},{\"@type\":\"BreadcrumbList\",\"@id\":\"https:\/\/sklep.med4life.com.pl\/product\/torba-brayden-baby-niebieska\/#breadcrumb\",\"itemListElement\":[{\"@type\":\"ListItem\",\"position\":1,\"name\":\"Strona g\u0142\u00f3wna\",\"item\":\"https:\/\/sklep.med4life.com.pl\/\"},{\"@type\":\"ListItem\",\"position\":2,\"name\":\"Sklep\",\"item\":\"https:\/\/sklep.med4life.com.pl\/shop\/\"},{\"@type\":\"ListItem\",\"position\":3,\"name\":\"Torba Brayden Baby &#8211; niebieska\"}]},{\"@type\":\"WebSite\",\"@id\":\"https:\/\/sklep.med4life.com.pl\/#website\",\"url\":\"https:\/\/sklep.med4life.com.pl\/\",\"name\":\"sklep.med4life.com.pl\",\"description\":\"\",\"potentialAction\":[{\"@type\":\"SearchAction\",\"target\":{\"@type\":\"EntryPoint\",\"urlTemplate\":\"https:\/\/sklep.med4life.com.pl\/?s={search_term_string}\"},\"query-input\":{\"@type\":\"PropertyValueSpecification\",\"valueRequired\":true,\"valueName\":\"search_term_string\"}}],\"inLanguage\":\"en-US\"}]}<\/script>\n<!-- \/ Yoast SEO plugin. -->","yoast_head_json":{"title":"Torba Brayden Baby - niebieska - sklep.med4life.com.pl","robots":{"index":"index","follow":"follow","max-snippet":"max-snippet:-1","max-image-preview":"max-image-preview:large","max-video-preview":"max-video-preview:-1"},"canonical":"https:\/\/sklep.med4life.com.pl\/en\/product\/torba-brayden-baby-niebieska\/","og_locale":"en_US","og_type":"article","og_title":"Torba Brayden Baby - niebieska - sklep.med4life.com.pl","og_description":"Torba transportowa, usztywniana na fantoma Brayden Baby PRO i akcesoria. Wewn\u0105trz znajduj\u0105 si\u0119 4 kieszonki. Posiada pasek do wygodnego noszenia na ramieniu.  Torba na Braydena Baby jest bardzo przydatka w przechowywaniu i transportowaniu manekina Baby, wszystkie akcesoria do fontoma Baby mo\u017cna trzyma\u0107 w jednym miejscu i s\u0105 zabezpieczone przed uszkodzeniami w trakcie transportu.  Zamykana na zamek. Dzi\u0119ki temu rozwi\u0105zaniu torba jest na tyle szczelna, \u017ce manekin Baby jest bardzo dobrze chroniony przez zabrudzeniami.  kolor: niebieski","og_url":"https:\/\/sklep.med4life.com.pl\/en\/product\/torba-brayden-baby-niebieska\/","og_site_name":"sklep.med4life.com.pl","article_modified_time":"2025-04-24T14:22:25+00:00","og_image":[{"width":1200,"height":1200,"url":"https:\/\/sklep.med4life.com.pl\/wp-content\/uploads\/2025\/04\/Brayden_Baby_torba_na_fantom_dziecka_IM17-SA12_01.jpg","type":"image\/jpeg"}],"twitter_card":"summary_large_image","twitter_misc":{"Est. reading time":"1 minute"},"schema":{"@context":"https:\/\/schema.org","@graph":[{"@type":"WebPage","@id":"https:\/\/sklep.med4life.com.pl\/product\/torba-brayden-baby-niebieska\/","url":"https:\/\/sklep.med4life.com.pl\/product\/torba-brayden-baby-niebieska\/","name":"Torba Brayden Baby - niebieska - sklep.med4life.com.pl","isPartOf":{"@id":"https:\/\/sklep.med4life.com.pl\/#website"},"primaryImageOfPage":{"@id":"https:\/\/sklep.med4life.com.pl\/product\/torba-brayden-baby-niebieska\/#primaryimage"},"image":{"@id":"https:\/\/sklep.med4life.com.pl\/product\/torba-brayden-baby-niebieska\/#primaryimage"},"thumbnailUrl":"https:\/\/sklep.med4life.com.pl\/wp-content\/uploads\/2025\/04\/Brayden_Baby_torba_na_fantom_dziecka_IM17-SA12_01.jpg","datePublished":"2025-04-24T14:22:15+00:00","dateModified":"2025-04-24T14:22:25+00:00","breadcrumb":{"@id":"https:\/\/sklep.med4life.com.pl\/product\/torba-brayden-baby-niebieska\/#breadcrumb"},"inLanguage":"en-US","potentialAction":[{"@type":"ReadAction","target":["https:\/\/sklep.med4life.com.pl\/product\/torba-brayden-baby-niebieska\/"]}]},{"@type":"ImageObject","inLanguage":"en-US","@id":"https:\/\/sklep.med4life.com.pl\/product\/torba-brayden-baby-niebieska\/#primaryimage","url":"https:\/\/sklep.med4life.com.pl\/wp-content\/uploads\/2025\/04\/Brayden_Baby_torba_na_fantom_dziecka_IM17-SA12_01.jpg","contentUrl":"https:\/\/sklep.med4life.com.pl\/wp-content\/uploads\/2025\/04\/Brayden_Baby_torba_na_fantom_dziecka_IM17-SA12_01.jpg","width":1200,"height":1200},{"@type":"BreadcrumbList","@id":"https:\/\/sklep.med4life.com.pl\/product\/torba-brayden-baby-niebieska\/#breadcrumb","itemListElement":[{"@type":"ListItem","position":1,"name":"Strona g\u0142\u00f3wna","item":"https:\/\/sklep.med4life.com.pl\/"},{"@type":"ListItem","position":2,"name":"Sklep","item":"https:\/\/sklep.med4life.com.pl\/shop\/"},{"@type":"ListItem","position":3,"name":"Torba Brayden Baby &#8211; niebieska"}]},{"@type":"WebSite","@id":"https:\/\/sklep.med4life.com.pl\/#website","url":"https:\/\/sklep.med4life.com.pl\/","name":"sklep.med4life.com.pl","description":"","potentialAction":[{"@type":"SearchAction","target":{"@type":"EntryPoint","urlTemplate":"https:\/\/sklep.med4life.com.pl\/?s={search_term_string}"},"query-input":{"@type":"PropertyValueSpecification","valueRequired":true,"valueName":"search_term_string"}}],"inLanguage":"en-US"}]}},"_links":{"self":[{"href":"https:\/\/sklep.med4life.com.pl\/en\/wp-json\/wp\/v2\/product\/6623","targetHints":{"allow":["GET"]}}],"collection":[{"href":"https:\/\/sklep.med4life.com.pl\/en\/wp-json\/wp\/v2\/product"}],"about":[{"href":"https:\/\/sklep.med4life.com.pl\/en\/wp-json\/wp\/v2\/types\/product"}],"replies":[{"embeddable":true,"href":"https:\/\/sklep.med4life.com.pl\/en\/wp-json\/wp\/v2\/comments?post=6623"}],"wp:featuredmedia":[{"embeddable":true,"href":"https:\/\/sklep.med4life.com.pl\/en\/wp-json\/wp\/v2\/media\/6624"}],"wp:attachment":[{"href":"https:\/\/sklep.med4life.com.pl\/en\/wp-json\/wp\/v2\/media?parent=6623"}],"wp:term":[{"taxonomy":"product_cat","embeddable":true,"href":"https:\/\/sklep.med4life.com.pl\/en\/wp-json\/wp\/v2\/product_cat?post=6623"},{"taxonomy":"product_tag","embeddable":true,"href":"https:\/\/sklep.med4life.com.pl\/en\/wp-json\/wp\/v2\/product_tag?post=6623"}],"curies":[{"name":"wp","href":"https:\/\/api.w.org\/{rel}","templated":true}]}}