{"id":6631,"date":"2025-04-24T16:29:44","date_gmt":"2025-04-24T14:29:44","guid":{"rendered":"https:\/\/sklep.med4life.com.pl\/?post_type=product&#038;p=6631"},"modified":"2025-04-24T16:29:44","modified_gmt":"2025-04-24T14:29:44","slug":"sonda-przelykowo-rektalna-do-termometru-hopetherm","status":"publish","type":"product","link":"https:\/\/sklep.med4life.com.pl\/en\/product\/sonda-przelykowo-rektalna-do-termometru-hopetherm\/","title":{"rendered":"Sonda prze\u0142ykowo rektalna do termometru HOPETHERM"},"content":{"rendered":"<p>Sonda prze\u0142ykowo-rektalna do termometru HOPETHERM<\/p>\n<p>kod: HT-SPR-1<\/p>\n<p>Jedn\u0105 z najdok\u0142adniejszych metod pomiaru temperatury g\u0142\u0119bokiej cia\u0142a jest pomiar temperatury w prze\u0142yku lub w odbytnicy.<\/p>\n<p>Sonda prze\u0142ykowo-rektalna z czujnikiem temperatury jest przeznaczona do rutynowego monitorowania temperatury g\u0142\u0119bokiej pacjenta w celu diagnostyki hipotermii. Sonda zosta\u0142a zaprojektowana w taki spos\u00f3b aby mog\u0142a by\u0107 wprowadzona przez prze\u0142yk, nosogardziel lub odbyt.<\/p>\n<p>Sond\u0119 prze\u0142ykowo-rektaln\u0105 stosuje si\u0119 w warunkach klinicznych, m.in. na salach operacyjnych, w oddzia\u0142ach ratunkowych, na oddzia\u0142ach intensywnej terapii, na oddzia\u0142ach opieki pooperacyjnej oraz na oddziale opieki og\u00f3lnej.<\/p>\n<p>Mo\u017cliwo\u015bci zastosowania:<\/p>\n<p>&#8211; sonda w 1\/3 dolnej prze\u0142yku &#8211; pomiar inwazyjny &#8211; tylko gdy chory nieprzytomny, zaintubowany,<br \/>\n&#8211; pomiar w odbytnicy &#8211; pomiar inwazyjny, cz\u0119sto kr\u0119puj\u0105cy u chorych przytomnych.<\/p>\n<p>Cechy produktu &#8211; sonda Covidien:<\/p>\n<p>&#8211; Wyko\u0144czenie Satin Slip\u2122 gwarantuje \u0142atwe i bezurazowe umieszczenie sondy.<br \/>\n&#8211; Ca\u0142kowicie zamkni\u0119ty (odizolowany) czujnik pomiaru zapewnia wi\u0119ksze bezpiecze\u0144stwo pacjenta.<br \/>\n&#8211; Posiada d\u0142ugi, mocny przew\u00f3d (wzmocniony materia\u0142em Kevlar\u00ae), kt\u00f3ry utrzymuje z\u0142\u0105cze z dala od pacjenta.<br \/>\n&#8211; Szybko i dok\u0142adnie odzwierciedla zmiany temperatury wewn\u0119trznej cia\u0142a.<br \/>\n&#8211; Z\u0142\u0105cze jest kompatybilne z wi\u0119kszo\u015bci\u0105 sprz\u0119t\u00f3w pomiarowych.<br \/>\n&#8211; Sonda jest produktem jednorazowym.<br \/>\n&#8211; Sonda przeznaczona do zastosowania u os\u00f3b doros\u0142ych.<br \/>\n&#8211; Wymiary: d\u0142ugo\u015b\u0107: ca\u0142kowita ok. 77cm (sonda: 47 cm; kabel ze z\u0142\u0105czem 30 cm); \u015brednica sondy: 4 mm.<\/p>\n<p>Cechy produktu &#8211; sonda Smiths Medical:<\/p>\n<p>&#8211; Wyko\u0144czenie PVC gwarantuje \u0142atwe i bezurazowe umieszczenie sondy.<br \/>\n&#8211; Ca\u0142kowicie zamkni\u0119ty (odizolowany) czujnik pomiaru zapewnia wi\u0119ksze bezpiecze\u0144stwo pacjenta.<br \/>\n&#8211; Posiada d\u0142ugi, zintegrowany z wtyczk\u0105 przew\u00f3d, kt\u00f3ry utrzymuje z\u0142\u0105cze z dala od pacjenta.<br \/>\n&#8211; Szybko i dok\u0142adnie odzwierciedla zmiany temperatury wewn\u0119trznej cia\u0142a.<br \/>\n&#8211; Z\u0142\u0105cze jest kompatybilne z wi\u0119kszo\u015bci\u0105 sprz\u0119t\u00f3w pomiarowych.<br \/>\n&#8211; Sonda jest produktem jednorazowym.<br \/>\n&#8211; Sonda przeznaczona do zastosowania u os\u00f3b doros\u0142ych.<br \/>\n&#8211; Wymiary: d\u0142ugo\u015b\u0107 ca\u0142kowita 78 cm; \u015brednica sondy: ok. 5 mm.<br \/>\n&#8211; Nie zawiera lateksu.<\/p>","protected":false},"excerpt":{"rendered":"<p>Jedn\u0105 z najdok\u0142adniejszych metod pomiaru temperatury g\u0142\u0119bokiej cia\u0142a jest pomiar temperatury w prze\u0142yku lub w odbytnicy.<\/p>\n<p>Sonda prze\u0142ykowo-rektalna z czujnikiem temperatury jest przeznaczona do rutynowego monitorowania temperatury g\u0142\u0119bokiej pacjenta w celu diagnostyki hipotermii. Sonda zosta\u0142a zaprojektowana w taki spos\u00f3b aby mog\u0142a by\u0107 wprowadzona przez prze\u0142yk, nosogardziel lub odbyt.<\/p>\n<p>Sond\u0119 prze\u0142ykowo-rektaln\u0105 stosuje si\u0119 w warunkach klinicznych, m.in. na salach operacyjnych, w oddzia\u0142ach ratunkowych, na oddzia\u0142ach intensywnej terapii, na oddzia\u0142ach opieki pooperacyjnej oraz na oddziale opieki og\u00f3lnej.<\/p>","protected":false},"featured_media":6632,"comment_status":"open","ping_status":"closed","template":"","meta":{"content-type":"","om_disable_all_campaigns":false,"_monsterinsights_skip_tracking":false,"_monsterinsights_sitenote_active":false,"_monsterinsights_sitenote_note":"","_monsterinsights_sitenote_category":0},"product_cat":[111],"product_tag":[],"class_list":{"0":"post-6631","1":"product","2":"type-product","3":"status-publish","4":"has-post-thumbnail","6":"product_cat-sondy","8":"first","9":"instock","10":"shipping-taxable","11":"product-type-simple"},"yoast_head":"<!-- This site is optimized with the Yoast SEO plugin v23.8 - https:\/\/yoast.com\/wordpress\/plugins\/seo\/ -->\n<title>Sonda prze\u0142ykowo rektalna do termometru HOPETHERM - sklep.med4life.com.pl<\/title>\n<meta name=\"robots\" content=\"index, follow, max-snippet:-1, max-image-preview:large, max-video-preview:-1\" \/>\n<link rel=\"canonical\" href=\"https:\/\/sklep.med4life.com.pl\/en\/product\/sonda-przelykowo-rektalna-do-termometru-hopetherm\/\" \/>\n<meta property=\"og:locale\" content=\"en_US\" \/>\n<meta property=\"og:type\" content=\"article\" \/>\n<meta property=\"og:title\" content=\"Sonda prze\u0142ykowo rektalna do termometru HOPETHERM - sklep.med4life.com.pl\" \/>\n<meta property=\"og:description\" content=\"Jedn\u0105 z najdok\u0142adniejszych metod pomiaru temperatury g\u0142\u0119bokiej cia\u0142a jest pomiar temperatury w prze\u0142yku lub w odbytnicy.  Sonda prze\u0142ykowo-rektalna z czujnikiem temperatury jest przeznaczona do rutynowego monitorowania temperatury g\u0142\u0119bokiej pacjenta w celu diagnostyki hipotermii. Sonda zosta\u0142a zaprojektowana w taki spos\u00f3b aby mog\u0142a by\u0107 wprowadzona przez prze\u0142yk, nosogardziel lub odbyt.  Sond\u0119 prze\u0142ykowo-rektaln\u0105 stosuje si\u0119 w warunkach klinicznych, m.in. na salach operacyjnych, w oddzia\u0142ach ratunkowych, na oddzia\u0142ach intensywnej terapii, na oddzia\u0142ach opieki pooperacyjnej oraz na oddziale opieki og\u00f3lnej.\" \/>\n<meta property=\"og:url\" content=\"https:\/\/sklep.med4life.com.pl\/en\/product\/sonda-przelykowo-rektalna-do-termometru-hopetherm\/\" \/>\n<meta property=\"og:site_name\" content=\"sklep.med4life.com.pl\" \/>\n<meta property=\"og:image\" content=\"https:\/\/sklep.med4life.com.pl\/wp-content\/uploads\/2025\/04\/HOPETHERM_Covidien_sonda_przelykowo-rektalna_HT-SCF-1_01.jpg\" \/>\n\t<meta property=\"og:image:width\" content=\"1200\" \/>\n\t<meta property=\"og:image:height\" content=\"1200\" \/>\n\t<meta property=\"og:image:type\" content=\"image\/jpeg\" \/>\n<meta name=\"twitter:card\" content=\"summary_large_image\" \/>\n<meta name=\"twitter:label1\" content=\"Est. reading time\" \/>\n\t<meta name=\"twitter:data1\" content=\"2 minutes\" \/>\n<script type=\"application\/ld+json\" class=\"yoast-schema-graph\">{\"@context\":\"https:\/\/schema.org\",\"@graph\":[{\"@type\":\"WebPage\",\"@id\":\"https:\/\/sklep.med4life.com.pl\/product\/sonda-przelykowo-rektalna-do-termometru-hopetherm\/\",\"url\":\"https:\/\/sklep.med4life.com.pl\/product\/sonda-przelykowo-rektalna-do-termometru-hopetherm\/\",\"name\":\"Sonda prze\u0142ykowo rektalna do termometru HOPETHERM - sklep.med4life.com.pl\",\"isPartOf\":{\"@id\":\"https:\/\/sklep.med4life.com.pl\/#website\"},\"primaryImageOfPage\":{\"@id\":\"https:\/\/sklep.med4life.com.pl\/product\/sonda-przelykowo-rektalna-do-termometru-hopetherm\/#primaryimage\"},\"image\":{\"@id\":\"https:\/\/sklep.med4life.com.pl\/product\/sonda-przelykowo-rektalna-do-termometru-hopetherm\/#primaryimage\"},\"thumbnailUrl\":\"https:\/\/sklep.med4life.com.pl\/wp-content\/uploads\/2025\/04\/HOPETHERM_Covidien_sonda_przelykowo-rektalna_HT-SCF-1_01.jpg\",\"datePublished\":\"2025-04-24T14:29:44+00:00\",\"dateModified\":\"2025-04-24T14:29:44+00:00\",\"breadcrumb\":{\"@id\":\"https:\/\/sklep.med4life.com.pl\/product\/sonda-przelykowo-rektalna-do-termometru-hopetherm\/#breadcrumb\"},\"inLanguage\":\"en-US\",\"potentialAction\":[{\"@type\":\"ReadAction\",\"target\":[\"https:\/\/sklep.med4life.com.pl\/product\/sonda-przelykowo-rektalna-do-termometru-hopetherm\/\"]}]},{\"@type\":\"ImageObject\",\"inLanguage\":\"en-US\",\"@id\":\"https:\/\/sklep.med4life.com.pl\/product\/sonda-przelykowo-rektalna-do-termometru-hopetherm\/#primaryimage\",\"url\":\"https:\/\/sklep.med4life.com.pl\/wp-content\/uploads\/2025\/04\/HOPETHERM_Covidien_sonda_przelykowo-rektalna_HT-SCF-1_01.jpg\",\"contentUrl\":\"https:\/\/sklep.med4life.com.pl\/wp-content\/uploads\/2025\/04\/HOPETHERM_Covidien_sonda_przelykowo-rektalna_HT-SCF-1_01.jpg\",\"width\":1200,\"height\":1200},{\"@type\":\"BreadcrumbList\",\"@id\":\"https:\/\/sklep.med4life.com.pl\/product\/sonda-przelykowo-rektalna-do-termometru-hopetherm\/#breadcrumb\",\"itemListElement\":[{\"@type\":\"ListItem\",\"position\":1,\"name\":\"Strona g\u0142\u00f3wna\",\"item\":\"https:\/\/sklep.med4life.com.pl\/\"},{\"@type\":\"ListItem\",\"position\":2,\"name\":\"Sklep\",\"item\":\"https:\/\/sklep.med4life.com.pl\/shop\/\"},{\"@type\":\"ListItem\",\"position\":3,\"name\":\"Sonda prze\u0142ykowo rektalna do termometru HOPETHERM\"}]},{\"@type\":\"WebSite\",\"@id\":\"https:\/\/sklep.med4life.com.pl\/#website\",\"url\":\"https:\/\/sklep.med4life.com.pl\/\",\"name\":\"sklep.med4life.com.pl\",\"description\":\"\",\"potentialAction\":[{\"@type\":\"SearchAction\",\"target\":{\"@type\":\"EntryPoint\",\"urlTemplate\":\"https:\/\/sklep.med4life.com.pl\/?s={search_term_string}\"},\"query-input\":{\"@type\":\"PropertyValueSpecification\",\"valueRequired\":true,\"valueName\":\"search_term_string\"}}],\"inLanguage\":\"en-US\"}]}<\/script>\n<!-- \/ Yoast SEO plugin. -->","yoast_head_json":{"title":"Sonda prze\u0142ykowo rektalna do termometru HOPETHERM - sklep.med4life.com.pl","robots":{"index":"index","follow":"follow","max-snippet":"max-snippet:-1","max-image-preview":"max-image-preview:large","max-video-preview":"max-video-preview:-1"},"canonical":"https:\/\/sklep.med4life.com.pl\/en\/product\/sonda-przelykowo-rektalna-do-termometru-hopetherm\/","og_locale":"en_US","og_type":"article","og_title":"Sonda prze\u0142ykowo rektalna do termometru HOPETHERM - sklep.med4life.com.pl","og_description":"Jedn\u0105 z najdok\u0142adniejszych metod pomiaru temperatury g\u0142\u0119bokiej cia\u0142a jest pomiar temperatury w prze\u0142yku lub w odbytnicy.  Sonda prze\u0142ykowo-rektalna z czujnikiem temperatury jest przeznaczona do rutynowego monitorowania temperatury g\u0142\u0119bokiej pacjenta w celu diagnostyki hipotermii. Sonda zosta\u0142a zaprojektowana w taki spos\u00f3b aby mog\u0142a by\u0107 wprowadzona przez prze\u0142yk, nosogardziel lub odbyt.  Sond\u0119 prze\u0142ykowo-rektaln\u0105 stosuje si\u0119 w warunkach klinicznych, m.in. na salach operacyjnych, w oddzia\u0142ach ratunkowych, na oddzia\u0142ach intensywnej terapii, na oddzia\u0142ach opieki pooperacyjnej oraz na oddziale opieki og\u00f3lnej.","og_url":"https:\/\/sklep.med4life.com.pl\/en\/product\/sonda-przelykowo-rektalna-do-termometru-hopetherm\/","og_site_name":"sklep.med4life.com.pl","og_image":[{"width":1200,"height":1200,"url":"https:\/\/sklep.med4life.com.pl\/wp-content\/uploads\/2025\/04\/HOPETHERM_Covidien_sonda_przelykowo-rektalna_HT-SCF-1_01.jpg","type":"image\/jpeg"}],"twitter_card":"summary_large_image","twitter_misc":{"Est. reading time":"2 minutes"},"schema":{"@context":"https:\/\/schema.org","@graph":[{"@type":"WebPage","@id":"https:\/\/sklep.med4life.com.pl\/product\/sonda-przelykowo-rektalna-do-termometru-hopetherm\/","url":"https:\/\/sklep.med4life.com.pl\/product\/sonda-przelykowo-rektalna-do-termometru-hopetherm\/","name":"Sonda prze\u0142ykowo rektalna do termometru HOPETHERM - sklep.med4life.com.pl","isPartOf":{"@id":"https:\/\/sklep.med4life.com.pl\/#website"},"primaryImageOfPage":{"@id":"https:\/\/sklep.med4life.com.pl\/product\/sonda-przelykowo-rektalna-do-termometru-hopetherm\/#primaryimage"},"image":{"@id":"https:\/\/sklep.med4life.com.pl\/product\/sonda-przelykowo-rektalna-do-termometru-hopetherm\/#primaryimage"},"thumbnailUrl":"https:\/\/sklep.med4life.com.pl\/wp-content\/uploads\/2025\/04\/HOPETHERM_Covidien_sonda_przelykowo-rektalna_HT-SCF-1_01.jpg","datePublished":"2025-04-24T14:29:44+00:00","dateModified":"2025-04-24T14:29:44+00:00","breadcrumb":{"@id":"https:\/\/sklep.med4life.com.pl\/product\/sonda-przelykowo-rektalna-do-termometru-hopetherm\/#breadcrumb"},"inLanguage":"en-US","potentialAction":[{"@type":"ReadAction","target":["https:\/\/sklep.med4life.com.pl\/product\/sonda-przelykowo-rektalna-do-termometru-hopetherm\/"]}]},{"@type":"ImageObject","inLanguage":"en-US","@id":"https:\/\/sklep.med4life.com.pl\/product\/sonda-przelykowo-rektalna-do-termometru-hopetherm\/#primaryimage","url":"https:\/\/sklep.med4life.com.pl\/wp-content\/uploads\/2025\/04\/HOPETHERM_Covidien_sonda_przelykowo-rektalna_HT-SCF-1_01.jpg","contentUrl":"https:\/\/sklep.med4life.com.pl\/wp-content\/uploads\/2025\/04\/HOPETHERM_Covidien_sonda_przelykowo-rektalna_HT-SCF-1_01.jpg","width":1200,"height":1200},{"@type":"BreadcrumbList","@id":"https:\/\/sklep.med4life.com.pl\/product\/sonda-przelykowo-rektalna-do-termometru-hopetherm\/#breadcrumb","itemListElement":[{"@type":"ListItem","position":1,"name":"Strona g\u0142\u00f3wna","item":"https:\/\/sklep.med4life.com.pl\/"},{"@type":"ListItem","position":2,"name":"Sklep","item":"https:\/\/sklep.med4life.com.pl\/shop\/"},{"@type":"ListItem","position":3,"name":"Sonda prze\u0142ykowo rektalna do termometru HOPETHERM"}]},{"@type":"WebSite","@id":"https:\/\/sklep.med4life.com.pl\/#website","url":"https:\/\/sklep.med4life.com.pl\/","name":"sklep.med4life.com.pl","description":"","potentialAction":[{"@type":"SearchAction","target":{"@type":"EntryPoint","urlTemplate":"https:\/\/sklep.med4life.com.pl\/?s={search_term_string}"},"query-input":{"@type":"PropertyValueSpecification","valueRequired":true,"valueName":"search_term_string"}}],"inLanguage":"en-US"}]}},"_links":{"self":[{"href":"https:\/\/sklep.med4life.com.pl\/en\/wp-json\/wp\/v2\/product\/6631","targetHints":{"allow":["GET"]}}],"collection":[{"href":"https:\/\/sklep.med4life.com.pl\/en\/wp-json\/wp\/v2\/product"}],"about":[{"href":"https:\/\/sklep.med4life.com.pl\/en\/wp-json\/wp\/v2\/types\/product"}],"replies":[{"embeddable":true,"href":"https:\/\/sklep.med4life.com.pl\/en\/wp-json\/wp\/v2\/comments?post=6631"}],"wp:featuredmedia":[{"embeddable":true,"href":"https:\/\/sklep.med4life.com.pl\/en\/wp-json\/wp\/v2\/media\/6632"}],"wp:attachment":[{"href":"https:\/\/sklep.med4life.com.pl\/en\/wp-json\/wp\/v2\/media?parent=6631"}],"wp:term":[{"taxonomy":"product_cat","embeddable":true,"href":"https:\/\/sklep.med4life.com.pl\/en\/wp-json\/wp\/v2\/product_cat?post=6631"},{"taxonomy":"product_tag","embeddable":true,"href":"https:\/\/sklep.med4life.com.pl\/en\/wp-json\/wp\/v2\/product_tag?post=6631"}],"curies":[{"name":"wp","href":"https:\/\/api.w.org\/{rel}","templated":true}]}}