{"id":6634,"date":"2025-04-24T16:31:56","date_gmt":"2025-04-24T14:31:56","guid":{"rendered":"https:\/\/sklep.med4life.com.pl\/?post_type=product&#038;p=6634"},"modified":"2025-04-24T16:31:56","modified_gmt":"2025-04-24T14:31:56","slug":"cewnik-foley-z-czujnikiem-temperatury-do-termometru-hopetherm","status":"publish","type":"product","link":"https:\/\/sklep.med4life.com.pl\/en\/product\/cewnik-foley-z-czujnikiem-temperatury-do-termometru-hopetherm\/","title":{"rendered":"Cewnik Foley z czujnikiem temperatury do termometru HOPETHERM"},"content":{"rendered":"<p>Cewnik Foleya z czujnikiem temperatury do termometru HOPETHERM<\/p>\n<p>kod: HT-SCF-1<\/p>\n<p>Jedn\u0105 z najdok\u0142adniejszych metod pomiaru temperatury g\u0142\u0119bokiej cia\u0142a jest pomiar temperatury przez cewnik z p\u0119cherza moczowego.<\/p>\n<p>W tym celu stosuje si\u0119 cewnik Foleya z czujnikiem wykrywaj\u0105cym temperatur\u0119. Cewnik wyposa\u017cony w czujnik pomaga w pomiarze temperatury moczu znajduj\u0105cej si\u0119 wewn\u0105trz p\u0119cherza, co dodatkowo okre\u015bla temperatur\u0119 g\u0142\u0119bok\u0105 cia\u0142a.<\/p>\n<p>Cewnik Foleya z czujnikiem temperatury HT-SCF-1 jest przeznaczona do rutynowego monitorowania temperatury g\u0142\u0119bokiej pacjenta z u\u017cyciem np. termometru HOPETHERM w celu diagnostyki hipotermii.<\/p>\n<p>Cewnik Foleya stosuje si\u0119 w warunkach klinicznych, m.in. na salach operacyjnych, w oddzia\u0142ach ratunkowych, na oddzia\u0142ach intensywnej terapii, na oddzia\u0142ach opieki pooperacyjnej oraz na oddziale opieki og\u00f3lnej.<\/p>\n<p>Cewnik przeznaczony do zastosowania u os\u00f3b doros\u0142ych.<\/p>\n<p>Cechy produktu:<\/p>\n<p>&#8211; Wykonany w 100% z silikonu dzi\u0119ki czemu nie przyczynia si\u0119 do zaka\u017ce\u0144 dr\u00f3g moczowych, nie powoduje uraz\u00f3w przy zak\u0142adaniu i wyci\u0105ganiu cewnika, a tak\u017ce nie uczula. Silikon zmniejsza r\u00f3wnie\u017c ryzyko osadzania si\u0119 sk\u0142adnik\u00f3w mineralnych moczu na powierzchni stentu (inkrustacja).<br \/>\n&#8211; D\u0142ugi, mocny przew\u00f3d utrzymuje z\u0142\u0105cze z dala od pacjenta.<br \/>\n&#8211; Unikalna konstrukcja ramienia bocznego pe\u0142ni funkcj\u0119 ekranuj\u0105c\u0105, chroni\u0105c przewody doprowadzaj\u0105ce i z\u0142\u0105cza przed wilgoci\u0105, co zwi\u0119ksza wytrzyma\u0142o\u015b\u0107 i wyd\u0142u\u017ca \u017cywotno\u015b\u0107 cewnika.<br \/>\n&#8211; Cewnik Foleya z czujnikiem temperatury zapewnia wi\u0119kszy komfort pacjentowi przy jednoczesnym zachowaniu bezpiecze\u0144stwa i dok\u0142adno\u015bci monitorowania.<br \/>\n&#8211; Mo\u017ce by\u0107 stosowany przed, w trakcie i po operacji.<br \/>\n&#8211; Z\u0142\u0105cze jest kompatybilne z wi\u0119kszo\u015bci\u0105 sprzet\u00f3w pomiarowych.<br \/>\n&#8211; Cewnik jest produktem jednorazowym.<\/p>\n<p>Utrzymanie normotermii przy zastosowaniu cewnik\u00f3w z czujnikiem temperatury mo\u017ce pom\u00f3c unikn\u0105\u0107 zaka\u017ce\u0144 wewn\u0105trzszpitalnych, incydent\u00f3w sercowych, krwawie\u0144, d\u0142u\u017cszego czasu rekonwalescencji oraz d\u0142u\u017cszego czasu podawania lek\u00f3w.<\/p>","protected":false},"excerpt":{"rendered":"<p>Jedn\u0105 z najdok\u0142adniejszych metod pomiaru temperatury g\u0142\u0119bokiej cia\u0142a jest pomiar temperatury przez cewnik z p\u0119cherza moczowego.<\/p>\n<p>W tym celu stosuje si\u0119 cewnik Foleya z czujnikiem wykrywaj\u0105cym temperatur\u0119. Cewnik wyposa\u017cony w czujnik pomaga w pomiarze temperatury moczu znajduj\u0105cej si\u0119 wewn\u0105trz p\u0119cherza, co dodatkowo okre\u015bla temperatur\u0119 g\u0142\u0119bok\u0105 cia\u0142a.<\/p>\n<p>Cewnik Foleya z czujnikiem temperatury HT-SCF-1 jest przeznaczona do rutynowego monitorowania temperatury g\u0142\u0119bokiej pacjenta z u\u017cyciem np. termometru HOPETHERM w celu diagnostyki hipotermii.<\/p>\n<p>Cewnik Foleya stosuje si\u0119 w warunkach klinicznych, m.in. na salach operacyjnych, w oddzia\u0142ach ratunkowych, na oddzia\u0142ach intensywnej terapii, na oddzia\u0142ach opieki pooperacyjnej oraz na oddziale opieki og\u00f3lnej.<\/p>\n<p>Cewnik przeznaczony do zastosowania u os\u00f3b doros\u0142ych.<\/p>","protected":false},"featured_media":0,"comment_status":"open","ping_status":"closed","template":"","meta":{"content-type":"","om_disable_all_campaigns":false,"_monsterinsights_skip_tracking":false,"_monsterinsights_sitenote_active":false,"_monsterinsights_sitenote_note":"","_monsterinsights_sitenote_category":0},"product_cat":[18],"product_tag":[],"class_list":{"0":"post-6634","1":"product","2":"type-product","3":"status-publish","5":"product_cat-uncategorized","7":"first","8":"instock","9":"shipping-taxable","10":"product-type-simple"},"yoast_head":"<!-- This site is optimized with the Yoast SEO plugin v23.8 - https:\/\/yoast.com\/wordpress\/plugins\/seo\/ -->\n<title>Cewnik Foley z czujnikiem temperatury do termometru HOPETHERM - sklep.med4life.com.pl<\/title>\n<meta name=\"robots\" content=\"index, follow, max-snippet:-1, max-image-preview:large, max-video-preview:-1\" \/>\n<link rel=\"canonical\" href=\"https:\/\/sklep.med4life.com.pl\/en\/product\/cewnik-foley-z-czujnikiem-temperatury-do-termometru-hopetherm\/\" \/>\n<meta property=\"og:locale\" content=\"en_US\" \/>\n<meta property=\"og:type\" content=\"article\" \/>\n<meta property=\"og:title\" content=\"Cewnik Foley z czujnikiem temperatury do termometru HOPETHERM - sklep.med4life.com.pl\" \/>\n<meta property=\"og:description\" content=\"Jedn\u0105 z najdok\u0142adniejszych metod pomiaru temperatury g\u0142\u0119bokiej cia\u0142a jest pomiar temperatury przez cewnik z p\u0119cherza moczowego.  W tym celu stosuje si\u0119 cewnik Foleya z czujnikiem wykrywaj\u0105cym temperatur\u0119. Cewnik wyposa\u017cony w czujnik pomaga w pomiarze temperatury moczu znajduj\u0105cej si\u0119 wewn\u0105trz p\u0119cherza, co dodatkowo okre\u015bla temperatur\u0119 g\u0142\u0119bok\u0105 cia\u0142a.  Cewnik Foleya z czujnikiem temperatury HT-SCF-1 jest przeznaczona do rutynowego monitorowania temperatury g\u0142\u0119bokiej pacjenta z u\u017cyciem np. termometru HOPETHERM w celu diagnostyki hipotermii.  Cewnik Foleya stosuje si\u0119 w warunkach klinicznych, m.in. na salach operacyjnych, w oddzia\u0142ach ratunkowych, na oddzia\u0142ach intensywnej terapii, na oddzia\u0142ach opieki pooperacyjnej oraz na oddziale opieki og\u00f3lnej.  Cewnik przeznaczony do zastosowania u os\u00f3b doros\u0142ych.\" \/>\n<meta property=\"og:url\" content=\"https:\/\/sklep.med4life.com.pl\/en\/product\/cewnik-foley-z-czujnikiem-temperatury-do-termometru-hopetherm\/\" \/>\n<meta property=\"og:site_name\" content=\"sklep.med4life.com.pl\" \/>\n<meta name=\"twitter:card\" content=\"summary_large_image\" \/>\n<meta name=\"twitter:label1\" content=\"Est. reading time\" \/>\n\t<meta name=\"twitter:data1\" content=\"2 minutes\" \/>\n<script type=\"application\/ld+json\" class=\"yoast-schema-graph\">{\"@context\":\"https:\/\/schema.org\",\"@graph\":[{\"@type\":\"WebPage\",\"@id\":\"https:\/\/sklep.med4life.com.pl\/product\/cewnik-foley-z-czujnikiem-temperatury-do-termometru-hopetherm\/\",\"url\":\"https:\/\/sklep.med4life.com.pl\/product\/cewnik-foley-z-czujnikiem-temperatury-do-termometru-hopetherm\/\",\"name\":\"Cewnik Foley z czujnikiem temperatury do termometru HOPETHERM - sklep.med4life.com.pl\",\"isPartOf\":{\"@id\":\"https:\/\/sklep.med4life.com.pl\/#website\"},\"datePublished\":\"2025-04-24T14:31:56+00:00\",\"dateModified\":\"2025-04-24T14:31:56+00:00\",\"breadcrumb\":{\"@id\":\"https:\/\/sklep.med4life.com.pl\/product\/cewnik-foley-z-czujnikiem-temperatury-do-termometru-hopetherm\/#breadcrumb\"},\"inLanguage\":\"en-US\",\"potentialAction\":[{\"@type\":\"ReadAction\",\"target\":[\"https:\/\/sklep.med4life.com.pl\/product\/cewnik-foley-z-czujnikiem-temperatury-do-termometru-hopetherm\/\"]}]},{\"@type\":\"BreadcrumbList\",\"@id\":\"https:\/\/sklep.med4life.com.pl\/product\/cewnik-foley-z-czujnikiem-temperatury-do-termometru-hopetherm\/#breadcrumb\",\"itemListElement\":[{\"@type\":\"ListItem\",\"position\":1,\"name\":\"Strona g\u0142\u00f3wna\",\"item\":\"https:\/\/sklep.med4life.com.pl\/\"},{\"@type\":\"ListItem\",\"position\":2,\"name\":\"Sklep\",\"item\":\"https:\/\/sklep.med4life.com.pl\/shop\/\"},{\"@type\":\"ListItem\",\"position\":3,\"name\":\"Cewnik Foley z czujnikiem temperatury do termometru HOPETHERM\"}]},{\"@type\":\"WebSite\",\"@id\":\"https:\/\/sklep.med4life.com.pl\/#website\",\"url\":\"https:\/\/sklep.med4life.com.pl\/\",\"name\":\"sklep.med4life.com.pl\",\"description\":\"\",\"potentialAction\":[{\"@type\":\"SearchAction\",\"target\":{\"@type\":\"EntryPoint\",\"urlTemplate\":\"https:\/\/sklep.med4life.com.pl\/?s={search_term_string}\"},\"query-input\":{\"@type\":\"PropertyValueSpecification\",\"valueRequired\":true,\"valueName\":\"search_term_string\"}}],\"inLanguage\":\"en-US\"}]}<\/script>\n<!-- \/ Yoast SEO plugin. -->","yoast_head_json":{"title":"Cewnik Foley z czujnikiem temperatury do termometru HOPETHERM - sklep.med4life.com.pl","robots":{"index":"index","follow":"follow","max-snippet":"max-snippet:-1","max-image-preview":"max-image-preview:large","max-video-preview":"max-video-preview:-1"},"canonical":"https:\/\/sklep.med4life.com.pl\/en\/product\/cewnik-foley-z-czujnikiem-temperatury-do-termometru-hopetherm\/","og_locale":"en_US","og_type":"article","og_title":"Cewnik Foley z czujnikiem temperatury do termometru HOPETHERM - sklep.med4life.com.pl","og_description":"Jedn\u0105 z najdok\u0142adniejszych metod pomiaru temperatury g\u0142\u0119bokiej cia\u0142a jest pomiar temperatury przez cewnik z p\u0119cherza moczowego.  W tym celu stosuje si\u0119 cewnik Foleya z czujnikiem wykrywaj\u0105cym temperatur\u0119. Cewnik wyposa\u017cony w czujnik pomaga w pomiarze temperatury moczu znajduj\u0105cej si\u0119 wewn\u0105trz p\u0119cherza, co dodatkowo okre\u015bla temperatur\u0119 g\u0142\u0119bok\u0105 cia\u0142a.  Cewnik Foleya z czujnikiem temperatury HT-SCF-1 jest przeznaczona do rutynowego monitorowania temperatury g\u0142\u0119bokiej pacjenta z u\u017cyciem np. termometru HOPETHERM w celu diagnostyki hipotermii.  Cewnik Foleya stosuje si\u0119 w warunkach klinicznych, m.in. na salach operacyjnych, w oddzia\u0142ach ratunkowych, na oddzia\u0142ach intensywnej terapii, na oddzia\u0142ach opieki pooperacyjnej oraz na oddziale opieki og\u00f3lnej.  Cewnik przeznaczony do zastosowania u os\u00f3b doros\u0142ych.","og_url":"https:\/\/sklep.med4life.com.pl\/en\/product\/cewnik-foley-z-czujnikiem-temperatury-do-termometru-hopetherm\/","og_site_name":"sklep.med4life.com.pl","twitter_card":"summary_large_image","twitter_misc":{"Est. reading time":"2 minutes"},"schema":{"@context":"https:\/\/schema.org","@graph":[{"@type":"WebPage","@id":"https:\/\/sklep.med4life.com.pl\/product\/cewnik-foley-z-czujnikiem-temperatury-do-termometru-hopetherm\/","url":"https:\/\/sklep.med4life.com.pl\/product\/cewnik-foley-z-czujnikiem-temperatury-do-termometru-hopetherm\/","name":"Cewnik Foley z czujnikiem temperatury do termometru HOPETHERM - sklep.med4life.com.pl","isPartOf":{"@id":"https:\/\/sklep.med4life.com.pl\/#website"},"datePublished":"2025-04-24T14:31:56+00:00","dateModified":"2025-04-24T14:31:56+00:00","breadcrumb":{"@id":"https:\/\/sklep.med4life.com.pl\/product\/cewnik-foley-z-czujnikiem-temperatury-do-termometru-hopetherm\/#breadcrumb"},"inLanguage":"en-US","potentialAction":[{"@type":"ReadAction","target":["https:\/\/sklep.med4life.com.pl\/product\/cewnik-foley-z-czujnikiem-temperatury-do-termometru-hopetherm\/"]}]},{"@type":"BreadcrumbList","@id":"https:\/\/sklep.med4life.com.pl\/product\/cewnik-foley-z-czujnikiem-temperatury-do-termometru-hopetherm\/#breadcrumb","itemListElement":[{"@type":"ListItem","position":1,"name":"Strona g\u0142\u00f3wna","item":"https:\/\/sklep.med4life.com.pl\/"},{"@type":"ListItem","position":2,"name":"Sklep","item":"https:\/\/sklep.med4life.com.pl\/shop\/"},{"@type":"ListItem","position":3,"name":"Cewnik Foley z czujnikiem temperatury do termometru HOPETHERM"}]},{"@type":"WebSite","@id":"https:\/\/sklep.med4life.com.pl\/#website","url":"https:\/\/sklep.med4life.com.pl\/","name":"sklep.med4life.com.pl","description":"","potentialAction":[{"@type":"SearchAction","target":{"@type":"EntryPoint","urlTemplate":"https:\/\/sklep.med4life.com.pl\/?s={search_term_string}"},"query-input":{"@type":"PropertyValueSpecification","valueRequired":true,"valueName":"search_term_string"}}],"inLanguage":"en-US"}]}},"_links":{"self":[{"href":"https:\/\/sklep.med4life.com.pl\/en\/wp-json\/wp\/v2\/product\/6634","targetHints":{"allow":["GET"]}}],"collection":[{"href":"https:\/\/sklep.med4life.com.pl\/en\/wp-json\/wp\/v2\/product"}],"about":[{"href":"https:\/\/sklep.med4life.com.pl\/en\/wp-json\/wp\/v2\/types\/product"}],"replies":[{"embeddable":true,"href":"https:\/\/sklep.med4life.com.pl\/en\/wp-json\/wp\/v2\/comments?post=6634"}],"wp:attachment":[{"href":"https:\/\/sklep.med4life.com.pl\/en\/wp-json\/wp\/v2\/media?parent=6634"}],"wp:term":[{"taxonomy":"product_cat","embeddable":true,"href":"https:\/\/sklep.med4life.com.pl\/en\/wp-json\/wp\/v2\/product_cat?post=6634"},{"taxonomy":"product_tag","embeddable":true,"href":"https:\/\/sklep.med4life.com.pl\/en\/wp-json\/wp\/v2\/product_tag?post=6634"}],"curies":[{"name":"wp","href":"https:\/\/api.w.org\/{rel}","templated":true}]}}