{"id":6635,"date":"2025-04-24T16:33:11","date_gmt":"2025-04-24T14:33:11","guid":{"rendered":"https:\/\/sklep.med4life.com.pl\/?post_type=product&#038;p=6635"},"modified":"2025-04-24T16:33:11","modified_gmt":"2025-04-24T14:33:11","slug":"sonda-temperaturowa-bebenkowa-dla-doroslych-do-termometru-hopetherm","status":"publish","type":"product","link":"https:\/\/sklep.med4life.com.pl\/en\/product\/sonda-temperaturowa-bebenkowa-dla-doroslych-do-termometru-hopetherm\/","title":{"rendered":"Sonda temperaturowa b\u0119benkowa dla doros\u0142ych do termometru HOPETHERM"},"content":{"rendered":"<p>Sonda do pomiaru temperatury na b\u0142onie b\u0119benkowej do termometru HOPETHERM<\/p>\n<p>kod: HT-SB-1<\/p>\n<p>B\u0119benkowa sonda jest przeznaczona do rutynowego monitorowania temperatury g\u0142\u0119bokiej pacjenta z u\u017cyciem termometru HOPETHERM w celu diagnostyki hipotermii na wczesnym etapie akcji ratowniczej w fazie przedszpitalnej.<\/p>\n<p>Sonda sk\u0142ada si\u0119 z zestawu przewod\u00f3w wykrywaj\u0105cych temperatur\u0119, do kt\u00f3rego na dystalnym ko\u0144cu przymocowana jest ko\u0144c\u00f3wka douszna do aplikacji do kana\u0142u s\u0142uchowego. Element douszny mo\u017ce sk\u0142ada\u0107 si\u0119 z piankowej zatyczki do uszu i wacika lub samego wacika (w przypadku sond DeRoyal), lub dwucz\u0119\u015bciowej g\u0105bkowej ko\u0144c\u00f3wki (w przypadku sondy Smiths Medical).<\/p>\n<p>Stosowanie sond do pomiaru temperatury na b\u0142onie b\u0119benkowej jest przeciwwskazane w przypadku, w kt\u00f3rym wyst\u0119puj\u0105 stany patologiczne uszu, takie jak infekcje, stany zapalne, guzy, perforacja b\u0142ony b\u0119benkowej lub polipy. Poza tym sondy b\u0119benkowe s\u0105 przeciwwskazane u noworodk\u00f3w i pacjent\u00f3w, kt\u00f3rych ucho jest zbyt ma\u0142e lub ma anatomiczny kszta\u0142t i rozmiar nieodpowiedni do wprowadzenia sondy.<\/p>\n<p>Cechy produktu:<\/p>\n<p>&#8211; Mi\u0119kka pianka pami\u0119ciowa lub g\u0105bka dopasowuje si\u0119 do kana\u0142u s\u0142uchowego, minimalizuj\u0105c ryzyko uszkodzenia b\u0142ony b\u0119benkowej, dodatkowo dzia\u0142a jako bariera uszczelniaj\u0105ca dost\u0119p powietrza z otoczenia.<br \/>\n&#8211; Rurka wzmacniaj\u0105ca przew\u00f3d u\u0142atwia umieszczenie sondy w kanale s\u0142uchowym i dzia\u0142a jako odci\u0105\u017cenie przewodu.<br \/>\n&#8211; Cienki 36-\u017cy\u0142owy przew\u00f3d zapewnia dok\u0142adne monitorowanie temperatury poprzez zmniejszenie wp\u0142ywu temperatury otoczenia.<br \/>\n&#8211; Typ czujnika: termistor YSI 400 (precyzja pomiaru z dok\u0142adno\u015bci\u0105 0,2\u00b0C w zakresie temperatur od 5\u00b0C do 45\u00b0C).<br \/>\n&#8211; Wytrzyma\u0142e z\u0142\u0105cze zapewnia niezawodno\u015b\u0107, a d\u0142ugi przew\u00f3d eliminuj\u0105cy napr\u0119\u017cenia.<br \/>\n&#8211; Nie zawiera lateksu.<br \/>\n&#8211; Sonda jest produktem jednorazowym.<\/p>\n<p>NIE NALE\u017bY WK\u0141ADA\u0106 SONDY ZBYT G\u0141\u0118BOKO. Ko\u0144c\u00f3wka sondy nie musi dotyka\u0107 b\u0142ony b\u0119benkowej, aby dzia\u0142a\u0142a prawid\u0142owo. Gdy jest wyczuwalny op\u00f3r nale\u017cy zaprzesta\u0107 dalszego wsuwania sondy i lekko j\u0105 wycofa\u0107. U przytomnego pacjenta sonda powinna zosta\u0107 cz\u0119\u015bciowo lub ca\u0142kowicie wycofana, gdy pacjent zg\u0142asza dyskomfort.<\/p>\n<p>&nbsp;<\/p>","protected":false},"excerpt":{"rendered":"<p>B\u0119benkowa sonda jest przeznaczona do rutynowego monitorowania temperatury g\u0142\u0119bokiej pacjenta z u\u017cyciem termometru HOPETHERM w celu diagnostyki hipotermii na wczesnym etapie akcji ratowniczej w fazie przedszpitalnej.<\/p>\n<p>Sonda sk\u0142ada si\u0119 z zestawu przewod\u00f3w wykrywaj\u0105cych temperatur\u0119, do kt\u00f3rego na dystalnym ko\u0144cu przymocowana jest ko\u0144c\u00f3wka douszna do aplikacji do kana\u0142u s\u0142uchowego. Element douszny mo\u017ce sk\u0142ada\u0107 si\u0119 z piankowej zatyczki do uszu i wacika lub samego wacika (w przypadku sond DeRoyal), lub dwucz\u0119\u015bciowej g\u0105bkowej ko\u0144c\u00f3wki (w przypadku sondy Smiths Medical).<\/p>\n<p>Stosowanie sond do pomiaru temperatury na b\u0142onie b\u0119benkowej jest przeciwwskazane w przypadku, w kt\u00f3rym wyst\u0119puj\u0105 stany patologiczne uszu, takie jak infekcje, stany zapalne, guzy, perforacja b\u0142ony b\u0119benkowej lub polipy. Poza tym sondy b\u0119benkowe s\u0105 przeciwwskazane u noworodk\u00f3w i pacjent\u00f3w, kt\u00f3rych ucho jest zbyt ma\u0142e lub ma anatomiczny kszta\u0142t i rozmiar nieodpowiedni do wprowadzenia sondy.<\/p>","protected":false},"featured_media":6636,"comment_status":"open","ping_status":"closed","template":"","meta":{"content-type":"","om_disable_all_campaigns":false,"_monsterinsights_skip_tracking":false,"_monsterinsights_sitenote_active":false,"_monsterinsights_sitenote_note":"","_monsterinsights_sitenote_category":0},"product_cat":[111],"product_tag":[],"class_list":{"0":"post-6635","1":"product","2":"type-product","3":"status-publish","4":"has-post-thumbnail","6":"product_cat-sondy","8":"first","9":"instock","10":"shipping-taxable","11":"product-type-simple"},"yoast_head":"<!-- This site is optimized with the Yoast SEO plugin v23.8 - https:\/\/yoast.com\/wordpress\/plugins\/seo\/ -->\n<title>Sonda temperaturowa b\u0119benkowa dla doros\u0142ych do termometru HOPETHERM - sklep.med4life.com.pl<\/title>\n<meta name=\"robots\" content=\"index, follow, max-snippet:-1, max-image-preview:large, max-video-preview:-1\" \/>\n<link rel=\"canonical\" href=\"https:\/\/sklep.med4life.com.pl\/en\/product\/sonda-temperaturowa-bebenkowa-dla-doroslych-do-termometru-hopetherm\/\" \/>\n<meta property=\"og:locale\" content=\"en_US\" \/>\n<meta property=\"og:type\" content=\"article\" \/>\n<meta property=\"og:title\" content=\"Sonda temperaturowa b\u0119benkowa dla doros\u0142ych do termometru HOPETHERM - sklep.med4life.com.pl\" \/>\n<meta property=\"og:description\" content=\"B\u0119benkowa sonda jest przeznaczona do rutynowego monitorowania temperatury g\u0142\u0119bokiej pacjenta z u\u017cyciem termometru HOPETHERM w celu diagnostyki hipotermii na wczesnym etapie akcji ratowniczej w fazie przedszpitalnej.  Sonda sk\u0142ada si\u0119 z zestawu przewod\u00f3w wykrywaj\u0105cych temperatur\u0119, do kt\u00f3rego na dystalnym ko\u0144cu przymocowana jest ko\u0144c\u00f3wka douszna do aplikacji do kana\u0142u s\u0142uchowego. Element douszny mo\u017ce sk\u0142ada\u0107 si\u0119 z piankowej zatyczki do uszu i wacika lub samego wacika (w przypadku sond DeRoyal), lub dwucz\u0119\u015bciowej g\u0105bkowej ko\u0144c\u00f3wki (w przypadku sondy Smiths Medical).  Stosowanie sond do pomiaru temperatury na b\u0142onie b\u0119benkowej jest przeciwwskazane w przypadku, w kt\u00f3rym wyst\u0119puj\u0105 stany patologiczne uszu, takie jak infekcje, stany zapalne, guzy, perforacja b\u0142ony b\u0119benkowej lub polipy. Poza tym sondy b\u0119benkowe s\u0105 przeciwwskazane u noworodk\u00f3w i pacjent\u00f3w, kt\u00f3rych ucho jest zbyt ma\u0142e lub ma anatomiczny kszta\u0142t i rozmiar nieodpowiedni do wprowadzenia sondy.\" \/>\n<meta property=\"og:url\" content=\"https:\/\/sklep.med4life.com.pl\/en\/product\/sonda-temperaturowa-bebenkowa-dla-doroslych-do-termometru-hopetherm\/\" \/>\n<meta property=\"og:site_name\" content=\"sklep.med4life.com.pl\" \/>\n<meta property=\"og:image\" content=\"https:\/\/sklep.med4life.com.pl\/wp-content\/uploads\/2025\/04\/HOPETHERM_DeRoyal_sonda_bebenkowa_HT-SB-1_01.jpg\" \/>\n\t<meta property=\"og:image:width\" content=\"1200\" \/>\n\t<meta property=\"og:image:height\" content=\"1200\" \/>\n\t<meta property=\"og:image:type\" content=\"image\/jpeg\" \/>\n<meta name=\"twitter:card\" content=\"summary_large_image\" \/>\n<meta name=\"twitter:label1\" content=\"Est. reading time\" \/>\n\t<meta name=\"twitter:data1\" content=\"2 minutes\" \/>\n<script type=\"application\/ld+json\" class=\"yoast-schema-graph\">{\"@context\":\"https:\/\/schema.org\",\"@graph\":[{\"@type\":\"WebPage\",\"@id\":\"https:\/\/sklep.med4life.com.pl\/product\/sonda-temperaturowa-bebenkowa-dla-doroslych-do-termometru-hopetherm\/\",\"url\":\"https:\/\/sklep.med4life.com.pl\/product\/sonda-temperaturowa-bebenkowa-dla-doroslych-do-termometru-hopetherm\/\",\"name\":\"Sonda temperaturowa b\u0119benkowa dla doros\u0142ych do termometru HOPETHERM - sklep.med4life.com.pl\",\"isPartOf\":{\"@id\":\"https:\/\/sklep.med4life.com.pl\/#website\"},\"primaryImageOfPage\":{\"@id\":\"https:\/\/sklep.med4life.com.pl\/product\/sonda-temperaturowa-bebenkowa-dla-doroslych-do-termometru-hopetherm\/#primaryimage\"},\"image\":{\"@id\":\"https:\/\/sklep.med4life.com.pl\/product\/sonda-temperaturowa-bebenkowa-dla-doroslych-do-termometru-hopetherm\/#primaryimage\"},\"thumbnailUrl\":\"https:\/\/sklep.med4life.com.pl\/wp-content\/uploads\/2025\/04\/HOPETHERM_DeRoyal_sonda_bebenkowa_HT-SB-1_01.jpg\",\"datePublished\":\"2025-04-24T14:33:11+00:00\",\"dateModified\":\"2025-04-24T14:33:11+00:00\",\"breadcrumb\":{\"@id\":\"https:\/\/sklep.med4life.com.pl\/product\/sonda-temperaturowa-bebenkowa-dla-doroslych-do-termometru-hopetherm\/#breadcrumb\"},\"inLanguage\":\"en-US\",\"potentialAction\":[{\"@type\":\"ReadAction\",\"target\":[\"https:\/\/sklep.med4life.com.pl\/product\/sonda-temperaturowa-bebenkowa-dla-doroslych-do-termometru-hopetherm\/\"]}]},{\"@type\":\"ImageObject\",\"inLanguage\":\"en-US\",\"@id\":\"https:\/\/sklep.med4life.com.pl\/product\/sonda-temperaturowa-bebenkowa-dla-doroslych-do-termometru-hopetherm\/#primaryimage\",\"url\":\"https:\/\/sklep.med4life.com.pl\/wp-content\/uploads\/2025\/04\/HOPETHERM_DeRoyal_sonda_bebenkowa_HT-SB-1_01.jpg\",\"contentUrl\":\"https:\/\/sklep.med4life.com.pl\/wp-content\/uploads\/2025\/04\/HOPETHERM_DeRoyal_sonda_bebenkowa_HT-SB-1_01.jpg\",\"width\":1200,\"height\":1200},{\"@type\":\"BreadcrumbList\",\"@id\":\"https:\/\/sklep.med4life.com.pl\/product\/sonda-temperaturowa-bebenkowa-dla-doroslych-do-termometru-hopetherm\/#breadcrumb\",\"itemListElement\":[{\"@type\":\"ListItem\",\"position\":1,\"name\":\"Strona g\u0142\u00f3wna\",\"item\":\"https:\/\/sklep.med4life.com.pl\/\"},{\"@type\":\"ListItem\",\"position\":2,\"name\":\"Sklep\",\"item\":\"https:\/\/sklep.med4life.com.pl\/shop\/\"},{\"@type\":\"ListItem\",\"position\":3,\"name\":\"Sonda temperaturowa b\u0119benkowa dla doros\u0142ych do termometru HOPETHERM\"}]},{\"@type\":\"WebSite\",\"@id\":\"https:\/\/sklep.med4life.com.pl\/#website\",\"url\":\"https:\/\/sklep.med4life.com.pl\/\",\"name\":\"sklep.med4life.com.pl\",\"description\":\"\",\"potentialAction\":[{\"@type\":\"SearchAction\",\"target\":{\"@type\":\"EntryPoint\",\"urlTemplate\":\"https:\/\/sklep.med4life.com.pl\/?s={search_term_string}\"},\"query-input\":{\"@type\":\"PropertyValueSpecification\",\"valueRequired\":true,\"valueName\":\"search_term_string\"}}],\"inLanguage\":\"en-US\"}]}<\/script>\n<!-- \/ Yoast SEO plugin. -->","yoast_head_json":{"title":"Sonda temperaturowa b\u0119benkowa dla doros\u0142ych do termometru HOPETHERM - sklep.med4life.com.pl","robots":{"index":"index","follow":"follow","max-snippet":"max-snippet:-1","max-image-preview":"max-image-preview:large","max-video-preview":"max-video-preview:-1"},"canonical":"https:\/\/sklep.med4life.com.pl\/en\/product\/sonda-temperaturowa-bebenkowa-dla-doroslych-do-termometru-hopetherm\/","og_locale":"en_US","og_type":"article","og_title":"Sonda temperaturowa b\u0119benkowa dla doros\u0142ych do termometru HOPETHERM - sklep.med4life.com.pl","og_description":"B\u0119benkowa sonda jest przeznaczona do rutynowego monitorowania temperatury g\u0142\u0119bokiej pacjenta z u\u017cyciem termometru HOPETHERM w celu diagnostyki hipotermii na wczesnym etapie akcji ratowniczej w fazie przedszpitalnej.  Sonda sk\u0142ada si\u0119 z zestawu przewod\u00f3w wykrywaj\u0105cych temperatur\u0119, do kt\u00f3rego na dystalnym ko\u0144cu przymocowana jest ko\u0144c\u00f3wka douszna do aplikacji do kana\u0142u s\u0142uchowego. Element douszny mo\u017ce sk\u0142ada\u0107 si\u0119 z piankowej zatyczki do uszu i wacika lub samego wacika (w przypadku sond DeRoyal), lub dwucz\u0119\u015bciowej g\u0105bkowej ko\u0144c\u00f3wki (w przypadku sondy Smiths Medical).  Stosowanie sond do pomiaru temperatury na b\u0142onie b\u0119benkowej jest przeciwwskazane w przypadku, w kt\u00f3rym wyst\u0119puj\u0105 stany patologiczne uszu, takie jak infekcje, stany zapalne, guzy, perforacja b\u0142ony b\u0119benkowej lub polipy. Poza tym sondy b\u0119benkowe s\u0105 przeciwwskazane u noworodk\u00f3w i pacjent\u00f3w, kt\u00f3rych ucho jest zbyt ma\u0142e lub ma anatomiczny kszta\u0142t i rozmiar nieodpowiedni do wprowadzenia sondy.","og_url":"https:\/\/sklep.med4life.com.pl\/en\/product\/sonda-temperaturowa-bebenkowa-dla-doroslych-do-termometru-hopetherm\/","og_site_name":"sklep.med4life.com.pl","og_image":[{"width":1200,"height":1200,"url":"https:\/\/sklep.med4life.com.pl\/wp-content\/uploads\/2025\/04\/HOPETHERM_DeRoyal_sonda_bebenkowa_HT-SB-1_01.jpg","type":"image\/jpeg"}],"twitter_card":"summary_large_image","twitter_misc":{"Est. reading time":"2 minutes"},"schema":{"@context":"https:\/\/schema.org","@graph":[{"@type":"WebPage","@id":"https:\/\/sklep.med4life.com.pl\/product\/sonda-temperaturowa-bebenkowa-dla-doroslych-do-termometru-hopetherm\/","url":"https:\/\/sklep.med4life.com.pl\/product\/sonda-temperaturowa-bebenkowa-dla-doroslych-do-termometru-hopetherm\/","name":"Sonda temperaturowa b\u0119benkowa dla doros\u0142ych do termometru HOPETHERM - sklep.med4life.com.pl","isPartOf":{"@id":"https:\/\/sklep.med4life.com.pl\/#website"},"primaryImageOfPage":{"@id":"https:\/\/sklep.med4life.com.pl\/product\/sonda-temperaturowa-bebenkowa-dla-doroslych-do-termometru-hopetherm\/#primaryimage"},"image":{"@id":"https:\/\/sklep.med4life.com.pl\/product\/sonda-temperaturowa-bebenkowa-dla-doroslych-do-termometru-hopetherm\/#primaryimage"},"thumbnailUrl":"https:\/\/sklep.med4life.com.pl\/wp-content\/uploads\/2025\/04\/HOPETHERM_DeRoyal_sonda_bebenkowa_HT-SB-1_01.jpg","datePublished":"2025-04-24T14:33:11+00:00","dateModified":"2025-04-24T14:33:11+00:00","breadcrumb":{"@id":"https:\/\/sklep.med4life.com.pl\/product\/sonda-temperaturowa-bebenkowa-dla-doroslych-do-termometru-hopetherm\/#breadcrumb"},"inLanguage":"en-US","potentialAction":[{"@type":"ReadAction","target":["https:\/\/sklep.med4life.com.pl\/product\/sonda-temperaturowa-bebenkowa-dla-doroslych-do-termometru-hopetherm\/"]}]},{"@type":"ImageObject","inLanguage":"en-US","@id":"https:\/\/sklep.med4life.com.pl\/product\/sonda-temperaturowa-bebenkowa-dla-doroslych-do-termometru-hopetherm\/#primaryimage","url":"https:\/\/sklep.med4life.com.pl\/wp-content\/uploads\/2025\/04\/HOPETHERM_DeRoyal_sonda_bebenkowa_HT-SB-1_01.jpg","contentUrl":"https:\/\/sklep.med4life.com.pl\/wp-content\/uploads\/2025\/04\/HOPETHERM_DeRoyal_sonda_bebenkowa_HT-SB-1_01.jpg","width":1200,"height":1200},{"@type":"BreadcrumbList","@id":"https:\/\/sklep.med4life.com.pl\/product\/sonda-temperaturowa-bebenkowa-dla-doroslych-do-termometru-hopetherm\/#breadcrumb","itemListElement":[{"@type":"ListItem","position":1,"name":"Strona g\u0142\u00f3wna","item":"https:\/\/sklep.med4life.com.pl\/"},{"@type":"ListItem","position":2,"name":"Sklep","item":"https:\/\/sklep.med4life.com.pl\/shop\/"},{"@type":"ListItem","position":3,"name":"Sonda temperaturowa b\u0119benkowa dla doros\u0142ych do termometru HOPETHERM"}]},{"@type":"WebSite","@id":"https:\/\/sklep.med4life.com.pl\/#website","url":"https:\/\/sklep.med4life.com.pl\/","name":"sklep.med4life.com.pl","description":"","potentialAction":[{"@type":"SearchAction","target":{"@type":"EntryPoint","urlTemplate":"https:\/\/sklep.med4life.com.pl\/?s={search_term_string}"},"query-input":{"@type":"PropertyValueSpecification","valueRequired":true,"valueName":"search_term_string"}}],"inLanguage":"en-US"}]}},"_links":{"self":[{"href":"https:\/\/sklep.med4life.com.pl\/en\/wp-json\/wp\/v2\/product\/6635","targetHints":{"allow":["GET"]}}],"collection":[{"href":"https:\/\/sklep.med4life.com.pl\/en\/wp-json\/wp\/v2\/product"}],"about":[{"href":"https:\/\/sklep.med4life.com.pl\/en\/wp-json\/wp\/v2\/types\/product"}],"replies":[{"embeddable":true,"href":"https:\/\/sklep.med4life.com.pl\/en\/wp-json\/wp\/v2\/comments?post=6635"}],"wp:featuredmedia":[{"embeddable":true,"href":"https:\/\/sklep.med4life.com.pl\/en\/wp-json\/wp\/v2\/media\/6636"}],"wp:attachment":[{"href":"https:\/\/sklep.med4life.com.pl\/en\/wp-json\/wp\/v2\/media?parent=6635"}],"wp:term":[{"taxonomy":"product_cat","embeddable":true,"href":"https:\/\/sklep.med4life.com.pl\/en\/wp-json\/wp\/v2\/product_cat?post=6635"},{"taxonomy":"product_tag","embeddable":true,"href":"https:\/\/sklep.med4life.com.pl\/en\/wp-json\/wp\/v2\/product_tag?post=6635"}],"curies":[{"name":"wp","href":"https:\/\/api.w.org\/{rel}","templated":true}]}}