{"id":6643,"date":"2025-04-24T16:37:14","date_gmt":"2025-04-24T14:37:14","guid":{"rendered":"https:\/\/sklep.med4life.com.pl\/?post_type=product&#038;p=6643"},"modified":"2026-01-12T15:30:30","modified_gmt":"2026-01-12T14:30:30","slug":"defibrylator-cu-medical-ipad-sp1-auto","status":"publish","type":"product","link":"https:\/\/sklep.med4life.com.pl\/en\/product\/defibrylator-cu-medical-ipad-sp1-auto\/","title":{"rendered":"Defibrylator CU Medical iPAD SP1 AUTO"},"content":{"rendered":"<p>Defibrylator CU Medical iPAD SP1 AUTO<\/p>\n<p>kod: SP1-SP-FA<\/p>\n<p>Prosta konstrukcja, intuicyjne dzia\u0142anie wspomagane przez komunikaty \u015bwietlne i g\u0142osowe, a tak\u017ce wysokiej jako\u015bci materia\u0142y u\u017cyte do produkcji iPad SP1 sprawiaj\u0105, \u017ce jest urz\u0105dzenie niezawodne i \u015bwietnie si\u0119 sprawdzi do u\u017cytku w miejscach publicznych jak r\u00f3wnie\u017c w zak\u0142adach pracy.<\/p>\n<p>Defibrylatory z serii iPad charakteryzuj\u0105 si\u0119 wysok\u0105 odporno\u015bci\u0105 na wod\u0119, py\u0142 i uszkodzenia mechaniczne dlatego s\u0105 idealnym wyborem wsz\u0119dzie tam, gdzie panuj\u0105 trudne warunki pracy. AED iPAD z powodzeniem spe\u0142ni\u0105 oczekiwania wykwalifikowanych jednostek ratowniczych i s\u0142u\u017cb mundurowych.<\/p>\n<p>Dzi\u0119ki czytelnym pod\u015bwietlanym ilustracjom, kt\u00f3re podkre\u015blaj\u0105 kluczowe komendy, AED inteligentnie prowadzi u\u017cytkownika przez ca\u0142y proces udzielania pomocy. \u0141agodny, uspokajaj\u0105cy ton komunikat\u00f3w g\u0142osowych, kt\u00f3rych g\u0142o\u015bno\u015b\u0107 dopasowywana jest automatycznie do poziomu ha\u0142asu sprawia, \u017ce skuteczno\u015b\u0107 dzia\u0142a\u0144 osoby ratuj\u0105cej jest znacznie wy\u017csza ni\u017c w przypadku innych AED.<\/p>\n<p>Ekran LCD pozwala na szybkie skontrolowanie stanu baterii i elektrod.<\/p>\n<p>Bardzo dobrze rozwi\u0105zany tryb pediatryczny w postaci przesuwanego przycisku, eliminuje przypadkowe w\u0142\u0105czenie trybu &#8222;dziecko&#8221;.<\/p>\n<p>CU Medical iPAD SP1 AUTO to automatyczny defibrylator zewn\u0119trzny.<\/p>\n<p>Cechy urz\u0105dzenia:<\/p>\n<p>&#8211; dzia\u0142anie automatyczne &#8211; wstrz\u0105s defibrylacyjny, je\u015bli defibrylator stwierdzi, \u017ce jest zalecany, zostaje wyzwolony automatycznie przez urz\u0105dzenie, bez konieczno\u015bci dalszych dzia\u0142a\u0144 ze strony osoby ratuj\u0105cej,<br \/>\n&#8211; uniwersalne elektrody: do defibrylacji doros\u0142ych i dzieci,<br \/>\n&#8211; tryb pediatryczny: zmiana pracy urz\u0105dzenia w tryb dzieci\u0119cy po przesuni\u0119ciu prze\u0142\u0105cznika,<br \/>\n&#8211; adaptacyjna g\u0142o\u015bno\u015b\u0107 komunikat\u00f3w: w przypadku ha\u0142asu defibrylator automatycznie dopasowuje g\u0142o\u015bno\u015b\u0107 komunikat\u00f3w g\u0142osowych,<br \/>\n&#8211; j\u0119zyk komunikat\u00f3w: polski,<br \/>\n&#8211; autotesty: mo\u017cliwo\u015b\u0107 wyboru codziennych, cotygodniowych lub comiesi\u0119cznych autotest\u00f3w, dzi\u0119ki kt\u00f3rym sprawdzany jest regularnie stan techniczny urz\u0105dzenia, pojemno\u015b\u0107 baterii i trwa\u0142o\u015b\u0107 elektrod,<br \/>\n&#8211; zapis danych: dzi\u0119ki karcie pami\u0119ci defibrylator ma mo\u017cliwo\u015b\u0107 zapisu parametr\u00f3w pacjenta lub pe\u0142ny zapis 5 akcji ratunkowych (maksymalny czas trwania wynosi 3 godziny),<br \/>\n&#8211; trwa\u0142a bateria: zapewnia 5 lat okresu czuwania lub pozwala wykona\u0107 do 200 wy\u0142adowa\u0144,<br \/>\n&#8211; IP55: odporno\u015b\u0107 na wod\u0119, py\u0142 i uszkodzenia mechaniczne.<\/p>\n<p>Parametry defibrylacji:<\/p>\n<p>&#8211; energia wyj\u015bciowa: w przypadku pacjent\u00f3w doros\u0142ych wynosi 150 J przy 50 \u03a9, w przypadku pacjent\u00f3w pediatrycznych wynosi 50 J przy 50 \u03a9,<br \/>\n&#8211; czas \u0142adowania wstrz\u0105su: ok. 6 sekund,<br \/>\n&#8211; czas \u0142adowania po zako\u0144czeniu RKO: ok. 6 sekund,<br \/>\n&#8211; fala ma kszta\u0142t e-cube dwufazowa, kt\u00f3ra jest \u015bci\u0119ta wyk\u0142adniczo.<\/p>\n<p>EKG:<\/p>\n<p>&#8211; odprowadzenie EKG na poziomie II,<br \/>\n&#8211; reakcja na cz\u0119stotliwo\u015b\u0107 od 1 Hz do 30 Hz,<br \/>\n&#8211; zakres impedancji pacjenta 25 \u03a9 do 175 \u03a9,<br \/>\n&#8211; spe\u0142nia wymogi ANSI\/AAMI DF80.<\/p>\n<p>Wskaz\u00f3wki operacyjne:<\/p>\n<p>&#8211; Urz\u0105dzenia kontrolne: przycisk zasilania (w\u0142\u0105czania\/wy\u0142\u0105czania), przycisk &#8222;i&#8217; (informacyjny), przesuwny prze\u0142\u0105cznik trybu defibrylacji (doros\u0142y\/dziecko),<br \/>\n&#8211; Wy\u015bwietlacz LCD: Wy\u015bwietla status urz\u0105dzenia, poziom na\u0142adowania baterii oraz status elektrod,<br \/>\n&#8211; G\u0142o\u015bnik: Wydaje komendy g\u0142osowe. Urz\u0105dzenie analizuje poziom odg\u0142os\u00f3w otoczenia i automatyczne dostosowanie g\u0142o\u015bno\u015bci komend by by\u0142y wyra\u017anie s\u0142yszalne.<\/p>\n<p>Testy:<\/p>\n<p>&#8211; Automatyczny: test autodiagnostyczny dotycz\u0105cy w\u0142\u0105czania\/wy\u0142\u0105czania, czasu pracy. Testy dzienne, tygodniowe i miesi\u0119czne.<br \/>\n&#8211; Manulany: test dotycz\u0105cy zamontowania baterii (wykonywany gdy u\u017cytkownik w\u0142o\u017cy bateri\u0119 do odpowiedniego miejsca w urz\u0105dzeniu).<\/p>\n<p>Elektrody:<\/p>\n<p>&#8211; CUA1007S elektrody uniwersalne (doros\u0142y\/dziecko): Obszar elektrod: 85 cm2, ca\u0142kowita d\u0142ugo\u015b\u0107 kabla: 120 cm (wewn\u0105trz opakowania: 95 cm, na zewn\u0105trz: 25 cm), okres przydatno\u015bci: do 36 miesi\u0119cy.<br \/>\n&#8211; CUA1102S elektrody dla dzieci (opcjonalnie do dokupienia): Obszar elektrod: 85 cm2, ca\u0142kowita d\u0142ugo\u015b\u0107 kabla: 120 cm (wewn\u0105trz opakowania: 80 cm, na zewn\u0105trz: 40 cm), okres przydatno\u015bci: do 30 miesi\u0119cy.<\/p>\n<p>Przechowywanie i transfer danych:<\/p>\n<p>&#8211; wewn\u0119trzna pami\u0119\u0107: 5 osobnych operacji trwaj\u0105cych do 3 godzin ka\u017cda,<br \/>\n&#8211; karta SD: Pami\u0119\u0107 zewn\u0119trzna, dane mo\u017cna kopiowa\u0107 z pami\u0119ci wewn\u0119trznej na kart\u0119 SD,<br \/>\n&#8211; IrDA: dla cel\u00f3w komunikacji z komputerem.<\/p>\n<p>W sk\u0142ad zestawu wchodzi:<\/p>\n<p>&#8211; defibrylator AED iPAD SP1 AUTO,<br \/>\n&#8211; 5-letnia bateria,<br \/>\n&#8211; elektrody uniwersalne,<br \/>\n&#8211; torba transportowa,<br \/>\n&#8211; miniapteczka,<br \/>\n&#8211; instrukcja obs\u0142ugi.<\/p>","protected":false},"excerpt":{"rendered":"<p>Prosta konstrukcja, intuicyjne dzia\u0142anie wspomagane przez komunikaty \u015bwietlne i g\u0142osowe, a tak\u017ce wysokiej jako\u015bci materia\u0142y u\u017cyte do produkcji iPad SP1 sprawiaj\u0105, \u017ce jest urz\u0105dzenie niezawodne i \u015bwietnie si\u0119 sprawdzi do u\u017cytku w miejscach publicznych jak r\u00f3wnie\u017c w zak\u0142adach pracy.<\/p>\n<p>Defibrylatory z serii iPad charakteryzuj\u0105 si\u0119 wysok\u0105 odporno\u015bci\u0105 na wod\u0119, py\u0142 i uszkodzenia mechaniczne dlatego s\u0105 idealnym wyborem wsz\u0119dzie tam, gdzie panuj\u0105 trudne warunki pracy. AED iPAD z powodzeniem spe\u0142ni\u0105 oczekiwania wykwalifikowanych jednostek ratowniczych i s\u0142u\u017cb mundurowych.<\/p>\n<p>Dzi\u0119ki czytelnym pod\u015bwietlanym ilustracjom, kt\u00f3re podkre\u015blaj\u0105 kluczowe komendy, AED inteligentnie prowadzi u\u017cytkownika przez ca\u0142y proces udzielania pomocy. \u0141agodny, uspokajaj\u0105cy ton komunikat\u00f3w g\u0142osowych, kt\u00f3rych g\u0142o\u015bno\u015b\u0107 dopasowywana jest automatycznie do poziomu ha\u0142asu sprawia, \u017ce skuteczno\u015b\u0107 dzia\u0142a\u0144 osoby ratuj\u0105cej jest znacznie wy\u017csza ni\u017c w przypadku innych AED.<\/p>\n<p>Ekran LCD pozwala na szybkie skontrolowanie stanu baterii i elektrod.<\/p>\n<p>Bardzo dobrze rozwi\u0105zany tryb pediatryczny w postaci przesuwanego przycisku, eliminuje przypadkowe w\u0142\u0105czenie trybu &#8222;dziecko&#8221;.<\/p>\n<p>CU Medical iPAD SP1 AUTO to automatyczny defibrylator zewn\u0119trzny.<\/p>","protected":false},"featured_media":6644,"comment_status":"open","ping_status":"closed","template":"","meta":{"content-type":"","om_disable_all_campaigns":false,"_monsterinsights_skip_tracking":false,"_monsterinsights_sitenote_active":false,"_monsterinsights_sitenote_note":"","_monsterinsights_sitenote_category":0},"product_cat":[95],"product_tag":[],"class_list":{"0":"post-6643","1":"product","2":"type-product","3":"status-publish","4":"has-post-thumbnail","6":"product_cat-defibrylatory","8":"first","9":"instock","10":"shipping-taxable","11":"product-type-simple"},"yoast_head":"<!-- This site is optimized with the Yoast SEO plugin v23.8 - https:\/\/yoast.com\/wordpress\/plugins\/seo\/ -->\n<title>Defibrylator CU Medical iPAD SP1 AUTO - sklep.med4life.com.pl<\/title>\n<meta name=\"robots\" content=\"index, follow, max-snippet:-1, max-image-preview:large, max-video-preview:-1\" \/>\n<link rel=\"canonical\" href=\"https:\/\/sklep.med4life.com.pl\/en\/product\/defibrylator-cu-medical-ipad-sp1-auto\/\" \/>\n<meta property=\"og:locale\" content=\"en_US\" \/>\n<meta property=\"og:type\" content=\"article\" \/>\n<meta property=\"og:title\" content=\"Defibrylator CU Medical iPAD SP1 AUTO - sklep.med4life.com.pl\" \/>\n<meta property=\"og:description\" content=\"Prosta konstrukcja, intuicyjne dzia\u0142anie wspomagane przez komunikaty \u015bwietlne i g\u0142osowe, a tak\u017ce wysokiej jako\u015bci materia\u0142y u\u017cyte do produkcji iPad SP1 sprawiaj\u0105, \u017ce jest urz\u0105dzenie niezawodne i \u015bwietnie si\u0119 sprawdzi do u\u017cytku w miejscach publicznych jak r\u00f3wnie\u017c w zak\u0142adach pracy.  Defibrylatory z serii iPad charakteryzuj\u0105 si\u0119 wysok\u0105 odporno\u015bci\u0105 na wod\u0119, py\u0142 i uszkodzenia mechaniczne dlatego s\u0105 idealnym wyborem wsz\u0119dzie tam, gdzie panuj\u0105 trudne warunki pracy. AED iPAD z powodzeniem spe\u0142ni\u0105 oczekiwania wykwalifikowanych jednostek ratowniczych i s\u0142u\u017cb mundurowych.  Dzi\u0119ki czytelnym pod\u015bwietlanym ilustracjom, kt\u00f3re podkre\u015blaj\u0105 kluczowe komendy, AED inteligentnie prowadzi u\u017cytkownika przez ca\u0142y proces udzielania pomocy. \u0141agodny, uspokajaj\u0105cy ton komunikat\u00f3w g\u0142osowych, kt\u00f3rych g\u0142o\u015bno\u015b\u0107 dopasowywana jest automatycznie do poziomu ha\u0142asu sprawia, \u017ce skuteczno\u015b\u0107 dzia\u0142a\u0144 osoby ratuj\u0105cej jest znacznie wy\u017csza ni\u017c w przypadku innych AED.  Ekran LCD pozwala na szybkie skontrolowanie stanu baterii i elektrod.  Bardzo dobrze rozwi\u0105zany tryb pediatryczny w postaci przesuwanego przycisku, eliminuje przypadkowe w\u0142\u0105czenie trybu &quot;dziecko&quot;.  CU Medical iPAD SP1 AUTO to automatyczny defibrylator zewn\u0119trzny.\" \/>\n<meta property=\"og:url\" content=\"https:\/\/sklep.med4life.com.pl\/en\/product\/defibrylator-cu-medical-ipad-sp1-auto\/\" \/>\n<meta property=\"og:site_name\" content=\"sklep.med4life.com.pl\" \/>\n<meta property=\"article:modified_time\" content=\"2026-01-12T14:30:30+00:00\" \/>\n<meta property=\"og:image\" content=\"https:\/\/sklep.med4life.com.pl\/wp-content\/uploads\/2025\/04\/CU_Medical_ADE_iPAD_SP1_autoelektordy.jpg\" \/>\n\t<meta property=\"og:image:width\" content=\"1200\" \/>\n\t<meta property=\"og:image:height\" content=\"1200\" \/>\n\t<meta property=\"og:image:type\" content=\"image\/jpeg\" \/>\n<meta name=\"twitter:card\" content=\"summary_large_image\" \/>\n<meta name=\"twitter:label1\" content=\"Est. reading time\" \/>\n\t<meta name=\"twitter:data1\" content=\"4 minutes\" \/>\n<script type=\"application\/ld+json\" class=\"yoast-schema-graph\">{\"@context\":\"https:\/\/schema.org\",\"@graph\":[{\"@type\":\"WebPage\",\"@id\":\"https:\/\/sklep.med4life.com.pl\/product\/defibrylator-cu-medical-ipad-sp1-auto\/\",\"url\":\"https:\/\/sklep.med4life.com.pl\/product\/defibrylator-cu-medical-ipad-sp1-auto\/\",\"name\":\"Defibrylator CU Medical iPAD SP1 AUTO - sklep.med4life.com.pl\",\"isPartOf\":{\"@id\":\"https:\/\/sklep.med4life.com.pl\/#website\"},\"primaryImageOfPage\":{\"@id\":\"https:\/\/sklep.med4life.com.pl\/product\/defibrylator-cu-medical-ipad-sp1-auto\/#primaryimage\"},\"image\":{\"@id\":\"https:\/\/sklep.med4life.com.pl\/product\/defibrylator-cu-medical-ipad-sp1-auto\/#primaryimage\"},\"thumbnailUrl\":\"https:\/\/sklep.med4life.com.pl\/wp-content\/uploads\/2025\/04\/CU_Medical_ADE_iPAD_SP1_autoelektordy.jpg\",\"datePublished\":\"2025-04-24T14:37:14+00:00\",\"dateModified\":\"2026-01-12T14:30:30+00:00\",\"breadcrumb\":{\"@id\":\"https:\/\/sklep.med4life.com.pl\/product\/defibrylator-cu-medical-ipad-sp1-auto\/#breadcrumb\"},\"inLanguage\":\"en-US\",\"potentialAction\":[{\"@type\":\"ReadAction\",\"target\":[\"https:\/\/sklep.med4life.com.pl\/product\/defibrylator-cu-medical-ipad-sp1-auto\/\"]}]},{\"@type\":\"ImageObject\",\"inLanguage\":\"en-US\",\"@id\":\"https:\/\/sklep.med4life.com.pl\/product\/defibrylator-cu-medical-ipad-sp1-auto\/#primaryimage\",\"url\":\"https:\/\/sklep.med4life.com.pl\/wp-content\/uploads\/2025\/04\/CU_Medical_ADE_iPAD_SP1_autoelektordy.jpg\",\"contentUrl\":\"https:\/\/sklep.med4life.com.pl\/wp-content\/uploads\/2025\/04\/CU_Medical_ADE_iPAD_SP1_autoelektordy.jpg\",\"width\":1200,\"height\":1200},{\"@type\":\"BreadcrumbList\",\"@id\":\"https:\/\/sklep.med4life.com.pl\/product\/defibrylator-cu-medical-ipad-sp1-auto\/#breadcrumb\",\"itemListElement\":[{\"@type\":\"ListItem\",\"position\":1,\"name\":\"Strona g\u0142\u00f3wna\",\"item\":\"https:\/\/sklep.med4life.com.pl\/\"},{\"@type\":\"ListItem\",\"position\":2,\"name\":\"Sklep\",\"item\":\"https:\/\/sklep.med4life.com.pl\/shop\/\"},{\"@type\":\"ListItem\",\"position\":3,\"name\":\"Defibrylator CU Medical iPAD SP1 AUTO\"}]},{\"@type\":\"WebSite\",\"@id\":\"https:\/\/sklep.med4life.com.pl\/#website\",\"url\":\"https:\/\/sklep.med4life.com.pl\/\",\"name\":\"sklep.med4life.com.pl\",\"description\":\"\",\"potentialAction\":[{\"@type\":\"SearchAction\",\"target\":{\"@type\":\"EntryPoint\",\"urlTemplate\":\"https:\/\/sklep.med4life.com.pl\/?s={search_term_string}\"},\"query-input\":{\"@type\":\"PropertyValueSpecification\",\"valueRequired\":true,\"valueName\":\"search_term_string\"}}],\"inLanguage\":\"en-US\"}]}<\/script>\n<!-- \/ Yoast SEO plugin. -->","yoast_head_json":{"title":"Defibrylator CU Medical iPAD SP1 AUTO - sklep.med4life.com.pl","robots":{"index":"index","follow":"follow","max-snippet":"max-snippet:-1","max-image-preview":"max-image-preview:large","max-video-preview":"max-video-preview:-1"},"canonical":"https:\/\/sklep.med4life.com.pl\/en\/product\/defibrylator-cu-medical-ipad-sp1-auto\/","og_locale":"en_US","og_type":"article","og_title":"Defibrylator CU Medical iPAD SP1 AUTO - sklep.med4life.com.pl","og_description":"Prosta konstrukcja, intuicyjne dzia\u0142anie wspomagane przez komunikaty \u015bwietlne i g\u0142osowe, a tak\u017ce wysokiej jako\u015bci materia\u0142y u\u017cyte do produkcji iPad SP1 sprawiaj\u0105, \u017ce jest urz\u0105dzenie niezawodne i \u015bwietnie si\u0119 sprawdzi do u\u017cytku w miejscach publicznych jak r\u00f3wnie\u017c w zak\u0142adach pracy.  Defibrylatory z serii iPad charakteryzuj\u0105 si\u0119 wysok\u0105 odporno\u015bci\u0105 na wod\u0119, py\u0142 i uszkodzenia mechaniczne dlatego s\u0105 idealnym wyborem wsz\u0119dzie tam, gdzie panuj\u0105 trudne warunki pracy. AED iPAD z powodzeniem spe\u0142ni\u0105 oczekiwania wykwalifikowanych jednostek ratowniczych i s\u0142u\u017cb mundurowych.  Dzi\u0119ki czytelnym pod\u015bwietlanym ilustracjom, kt\u00f3re podkre\u015blaj\u0105 kluczowe komendy, AED inteligentnie prowadzi u\u017cytkownika przez ca\u0142y proces udzielania pomocy. \u0141agodny, uspokajaj\u0105cy ton komunikat\u00f3w g\u0142osowych, kt\u00f3rych g\u0142o\u015bno\u015b\u0107 dopasowywana jest automatycznie do poziomu ha\u0142asu sprawia, \u017ce skuteczno\u015b\u0107 dzia\u0142a\u0144 osoby ratuj\u0105cej jest znacznie wy\u017csza ni\u017c w przypadku innych AED.  Ekran LCD pozwala na szybkie skontrolowanie stanu baterii i elektrod.  Bardzo dobrze rozwi\u0105zany tryb pediatryczny w postaci przesuwanego przycisku, eliminuje przypadkowe w\u0142\u0105czenie trybu \"dziecko\".  CU Medical iPAD SP1 AUTO to automatyczny defibrylator zewn\u0119trzny.","og_url":"https:\/\/sklep.med4life.com.pl\/en\/product\/defibrylator-cu-medical-ipad-sp1-auto\/","og_site_name":"sklep.med4life.com.pl","article_modified_time":"2026-01-12T14:30:30+00:00","og_image":[{"width":1200,"height":1200,"url":"https:\/\/sklep.med4life.com.pl\/wp-content\/uploads\/2025\/04\/CU_Medical_ADE_iPAD_SP1_autoelektordy.jpg","type":"image\/jpeg"}],"twitter_card":"summary_large_image","twitter_misc":{"Est. reading time":"4 minutes"},"schema":{"@context":"https:\/\/schema.org","@graph":[{"@type":"WebPage","@id":"https:\/\/sklep.med4life.com.pl\/product\/defibrylator-cu-medical-ipad-sp1-auto\/","url":"https:\/\/sklep.med4life.com.pl\/product\/defibrylator-cu-medical-ipad-sp1-auto\/","name":"Defibrylator CU Medical iPAD SP1 AUTO - sklep.med4life.com.pl","isPartOf":{"@id":"https:\/\/sklep.med4life.com.pl\/#website"},"primaryImageOfPage":{"@id":"https:\/\/sklep.med4life.com.pl\/product\/defibrylator-cu-medical-ipad-sp1-auto\/#primaryimage"},"image":{"@id":"https:\/\/sklep.med4life.com.pl\/product\/defibrylator-cu-medical-ipad-sp1-auto\/#primaryimage"},"thumbnailUrl":"https:\/\/sklep.med4life.com.pl\/wp-content\/uploads\/2025\/04\/CU_Medical_ADE_iPAD_SP1_autoelektordy.jpg","datePublished":"2025-04-24T14:37:14+00:00","dateModified":"2026-01-12T14:30:30+00:00","breadcrumb":{"@id":"https:\/\/sklep.med4life.com.pl\/product\/defibrylator-cu-medical-ipad-sp1-auto\/#breadcrumb"},"inLanguage":"en-US","potentialAction":[{"@type":"ReadAction","target":["https:\/\/sklep.med4life.com.pl\/product\/defibrylator-cu-medical-ipad-sp1-auto\/"]}]},{"@type":"ImageObject","inLanguage":"en-US","@id":"https:\/\/sklep.med4life.com.pl\/product\/defibrylator-cu-medical-ipad-sp1-auto\/#primaryimage","url":"https:\/\/sklep.med4life.com.pl\/wp-content\/uploads\/2025\/04\/CU_Medical_ADE_iPAD_SP1_autoelektordy.jpg","contentUrl":"https:\/\/sklep.med4life.com.pl\/wp-content\/uploads\/2025\/04\/CU_Medical_ADE_iPAD_SP1_autoelektordy.jpg","width":1200,"height":1200},{"@type":"BreadcrumbList","@id":"https:\/\/sklep.med4life.com.pl\/product\/defibrylator-cu-medical-ipad-sp1-auto\/#breadcrumb","itemListElement":[{"@type":"ListItem","position":1,"name":"Strona g\u0142\u00f3wna","item":"https:\/\/sklep.med4life.com.pl\/"},{"@type":"ListItem","position":2,"name":"Sklep","item":"https:\/\/sklep.med4life.com.pl\/shop\/"},{"@type":"ListItem","position":3,"name":"Defibrylator CU Medical iPAD SP1 AUTO"}]},{"@type":"WebSite","@id":"https:\/\/sklep.med4life.com.pl\/#website","url":"https:\/\/sklep.med4life.com.pl\/","name":"sklep.med4life.com.pl","description":"","potentialAction":[{"@type":"SearchAction","target":{"@type":"EntryPoint","urlTemplate":"https:\/\/sklep.med4life.com.pl\/?s={search_term_string}"},"query-input":{"@type":"PropertyValueSpecification","valueRequired":true,"valueName":"search_term_string"}}],"inLanguage":"en-US"}]}},"_links":{"self":[{"href":"https:\/\/sklep.med4life.com.pl\/en\/wp-json\/wp\/v2\/product\/6643","targetHints":{"allow":["GET"]}}],"collection":[{"href":"https:\/\/sklep.med4life.com.pl\/en\/wp-json\/wp\/v2\/product"}],"about":[{"href":"https:\/\/sklep.med4life.com.pl\/en\/wp-json\/wp\/v2\/types\/product"}],"replies":[{"embeddable":true,"href":"https:\/\/sklep.med4life.com.pl\/en\/wp-json\/wp\/v2\/comments?post=6643"}],"wp:featuredmedia":[{"embeddable":true,"href":"https:\/\/sklep.med4life.com.pl\/en\/wp-json\/wp\/v2\/media\/6644"}],"wp:attachment":[{"href":"https:\/\/sklep.med4life.com.pl\/en\/wp-json\/wp\/v2\/media?parent=6643"}],"wp:term":[{"taxonomy":"product_cat","embeddable":true,"href":"https:\/\/sklep.med4life.com.pl\/en\/wp-json\/wp\/v2\/product_cat?post=6643"},{"taxonomy":"product_tag","embeddable":true,"href":"https:\/\/sklep.med4life.com.pl\/en\/wp-json\/wp\/v2\/product_tag?post=6643"}],"curies":[{"name":"wp","href":"https:\/\/api.w.org\/{rel}","templated":true}]}}