{"id":6649,"date":"2025-04-24T16:42:46","date_gmt":"2025-04-24T14:42:46","guid":{"rendered":"https:\/\/sklep.med4life.com.pl\/?post_type=product&#038;p=6649"},"modified":"2025-04-24T16:42:46","modified_gmt":"2025-04-24T14:42:46","slug":"elektrody-pediatryczne-cu-medical-do-sp1-sp2-spr","status":"publish","type":"product","link":"https:\/\/sklep.med4life.com.pl\/en\/product\/elektrody-pediatryczne-cu-medical-do-sp1-sp2-spr\/","title":{"rendered":"Elektrody pediatryczne CU Medical do SP1\/SP2\/SPR"},"content":{"rendered":"<p>Elektrody pediatryczne CU Medical do SP1-SP2<\/p>\n<p>kod: CUA1102S<\/p>\n<p>Elektrody pediatryczne do defibrylator\u00f3w CU Medical iPAD SP1 i iPAD SP1 AUTO.<\/p>\n<p>Elektrody CUA1102S s\u0105 przeznaczone do stosowania u dzieci w wieku od 1 do 8 lat lub o masie cia\u0142a poni\u017cej 25 kg. Nale\u017cy pami\u0119ta\u0107, \u017ce elektrod pediatrycznych nie nale\u017c stosowa\u0107 u os\u00f3b doros\u0142ych, poniewa\u017c nie dostarcz\u0105 one odpowiedniej energii zalecanej dla doros\u0142ych.<\/p>\n<p>W przypadku u\u017cywania elektrod pediatrycznych prze\u0142\u0105cznik nie musi by\u0107 ustawiony na tryb pediatryczny, urz\u0105dzenie samo rozpozna rodzaj elektrod i prze\u0142\u0105czy si\u0119 w tryb dzieci\u0119cy, energia defibrylacji zostaje automatycznie ustawiona na 50 J i wydawana b\u0119dzie pediatryczna wersja instrukcji RKO.<\/p>\n<p>Informacje og\u00f3lne:<\/p>\n<p>\u2013 elektrody do defibrylacji,<br \/>\n\u2013 uniwersalne (rozmiar dla doros\u0142ych, ale mog\u0105 by\u0107 r\u00f3wnie\u017c u\u017cyte jako elektrody pediatryczne),<br \/>\n\u2013 jednorazowe, samoprzylepne,<br \/>\n&#8211; nie u\u017cywa\u0107 elektrod, kt\u00f3rych termin wa\u017cno\u015bci up\u0142yn\u0105\u0142,<br \/>\n\u2013 elektrody dostarczane s\u0105 z kablem przy\u0142\u0105czeniowym \u2013 wystaj\u0105cy poza opakowanie fragment kabla z wtyczk\u0105, mo\u017ce by\u0107 pod\u0142\u0105czony do AED od razu po zakupie urz\u0105dzenia, dzi\u0119ki czemu czas dzia\u0142ania w razie zagro\u017cenie \u017cycia jest kr\u00f3tszy,<br \/>\n&#8211; nale\u017cy codziennie sprawdza\u0107 stan elektrod na wy\u015bwietlaczu LCD i diodach LED stanu,<br \/>\n\u2013 elektrody opakowane s\u0105 w grub\u0105 foli\u0119 chroni\u0105c\u0105 przed uszkodzeniem. Zaleca si\u0119 sprawdza\u0107 opakowanie elektrod przed ich u\u017cyciem pod k\u0105tem uszkodze\u0144 i je\u015bli opakowanie jest uszkodzone, nie powinno si\u0119 ich u\u017cy\u0107.<\/p>\n<p>UWAGA! Klej\u0105ca substancja pokrywaj\u0105ca elektrody zapewnia optymalne<br \/>\nprzyleganie powierzchni elektrod do sk\u00f3ry pacjenta. Dlatego te\u017c<br \/>\nnie nale\u017cy otwiera\u0107 opakowania elektrod, je\u015bli ich zastosowanie<br \/>\nnie jest wymagane. Nale\u017cy te\u017c okresowo kontrolowa\u0107 termin<br \/>\nwa\u017cno\u015bci elektrod.<\/p>\n<p>Specyfikacja:<\/p>\n<p>&#8211; powierzchnia elektrod: 85 cm2,<br \/>\n&#8211; ca\u0142kowita d\u0142ugo\u015b\u0107 kabla: 120 cm (wewn\u0105trz opakowania: 95 cm, na zewn\u0105trz: 25 cm),<br \/>\n&#8211; okres przydatno\u015bci: do 30 miesi\u0119cy.<\/p>\n<p>WA\u017bNE! Je\u015bli defibrylator b\u0119dzie u\u017cywany tylko z elektrodami pediatrycznymi powinny one, od razu po zakupie, by\u0107 pod\u0142\u0105czone do AED, tak aby urz\u0105dzenie mog\u0142o sprawdzi\u0107 elektrody podczas autotestu. Wst\u0119pne pod\u0142\u0105czenie elektrod do defibrylatora, a tak\u017ce prze\u0142\u0105czenie trybu na dzieci\u0119cy sprawi, \u017ce czas dzia\u0142ania w razie zagro\u017cenie \u017cycia b\u0119dzie kr\u00f3tszy.<\/p>\n<p>&nbsp;<\/p>","protected":false},"excerpt":{"rendered":"<p>Elektrody pediatryczne do defibrylator\u00f3w CU Medical iPAD SP1 i iPAD SP1 AUTO.<\/p>\n<p>Elektrody CUA1102S s\u0105 przeznaczone do stosowania u dzieci w wieku od 1 do 8 lat lub o masie cia\u0142a poni\u017cej 25 kg. Nale\u017cy pami\u0119ta\u0107, \u017ce elektrod pediatrycznych nie nale\u017c stosowa\u0107 u os\u00f3b doros\u0142ych, poniewa\u017c nie dostarcz\u0105 one odpowiedniej energii zalecanej dla doros\u0142ych.<\/p>\n<p>W przypadku u\u017cywania elektrod pediatrycznych prze\u0142\u0105cznik nie musi by\u0107 ustawiony na tryb pediatryczny, urz\u0105dzenie samo rozpozna rodzaj elektrod i prze\u0142\u0105czy si\u0119 w tryb dzieci\u0119cy, energia defibrylacji zostaje automatycznie ustawiona na 50 J i wydawana b\u0119dzie pediatryczna wersja instrukcji RKO.<\/p>","protected":false},"featured_media":6650,"comment_status":"open","ping_status":"closed","template":"","meta":{"content-type":"","om_disable_all_campaigns":false,"_monsterinsights_skip_tracking":false,"_monsterinsights_sitenote_active":false,"_monsterinsights_sitenote_note":"","_monsterinsights_sitenote_category":0},"product_cat":[93],"product_tag":[],"class_list":{"0":"post-6649","1":"product","2":"type-product","3":"status-publish","4":"has-post-thumbnail","6":"product_cat-baterie-i-akcesoria","8":"first","9":"instock","10":"shipping-taxable","11":"product-type-simple"},"yoast_head":"<!-- This site is optimized with the Yoast SEO plugin v23.8 - https:\/\/yoast.com\/wordpress\/plugins\/seo\/ -->\n<title>Elektrody pediatryczne CU Medical do SP1\/SP2\/SPR - sklep.med4life.com.pl<\/title>\n<meta name=\"robots\" content=\"index, follow, max-snippet:-1, max-image-preview:large, max-video-preview:-1\" \/>\n<link rel=\"canonical\" href=\"https:\/\/sklep.med4life.com.pl\/en\/product\/elektrody-pediatryczne-cu-medical-do-sp1-sp2-spr\/\" \/>\n<meta property=\"og:locale\" content=\"en_US\" \/>\n<meta property=\"og:type\" content=\"article\" \/>\n<meta property=\"og:title\" content=\"Elektrody pediatryczne CU Medical do SP1\/SP2\/SPR - sklep.med4life.com.pl\" \/>\n<meta property=\"og:description\" content=\"Elektrody pediatryczne do defibrylator\u00f3w CU Medical iPAD SP1 i iPAD SP1 AUTO.  Elektrody CUA1102S s\u0105 przeznaczone do stosowania u dzieci w wieku od 1 do 8 lat lub o masie cia\u0142a poni\u017cej 25 kg. Nale\u017cy pami\u0119ta\u0107, \u017ce elektrod pediatrycznych nie nale\u017c stosowa\u0107 u os\u00f3b doros\u0142ych, poniewa\u017c nie dostarcz\u0105 one odpowiedniej energii zalecanej dla doros\u0142ych.  W przypadku u\u017cywania elektrod pediatrycznych prze\u0142\u0105cznik nie musi by\u0107 ustawiony na tryb pediatryczny, urz\u0105dzenie samo rozpozna rodzaj elektrod i prze\u0142\u0105czy si\u0119 w tryb dzieci\u0119cy, energia defibrylacji zostaje automatycznie ustawiona na 50 J i wydawana b\u0119dzie pediatryczna wersja instrukcji RKO.\" \/>\n<meta property=\"og:url\" content=\"https:\/\/sklep.med4life.com.pl\/en\/product\/elektrody-pediatryczne-cu-medical-do-sp1-sp2-spr\/\" \/>\n<meta property=\"og:site_name\" content=\"sklep.med4life.com.pl\" \/>\n<meta property=\"og:image\" content=\"https:\/\/sklep.med4life.com.pl\/wp-content\/uploads\/2025\/04\/CU_Medical_elektrody_pediatryczne_do_iPAD_SP1_CUA1102S_01.jpg\" \/>\n\t<meta property=\"og:image:width\" content=\"1200\" \/>\n\t<meta property=\"og:image:height\" content=\"1200\" \/>\n\t<meta property=\"og:image:type\" content=\"image\/jpeg\" \/>\n<meta name=\"twitter:card\" content=\"summary_large_image\" \/>\n<meta name=\"twitter:label1\" content=\"Est. reading time\" \/>\n\t<meta name=\"twitter:data1\" content=\"2 minutes\" \/>\n<script type=\"application\/ld+json\" class=\"yoast-schema-graph\">{\"@context\":\"https:\/\/schema.org\",\"@graph\":[{\"@type\":\"WebPage\",\"@id\":\"https:\/\/sklep.med4life.com.pl\/product\/elektrody-pediatryczne-cu-medical-do-sp1-sp2-spr\/\",\"url\":\"https:\/\/sklep.med4life.com.pl\/product\/elektrody-pediatryczne-cu-medical-do-sp1-sp2-spr\/\",\"name\":\"Elektrody pediatryczne CU Medical do SP1\/SP2\/SPR - sklep.med4life.com.pl\",\"isPartOf\":{\"@id\":\"https:\/\/sklep.med4life.com.pl\/#website\"},\"primaryImageOfPage\":{\"@id\":\"https:\/\/sklep.med4life.com.pl\/product\/elektrody-pediatryczne-cu-medical-do-sp1-sp2-spr\/#primaryimage\"},\"image\":{\"@id\":\"https:\/\/sklep.med4life.com.pl\/product\/elektrody-pediatryczne-cu-medical-do-sp1-sp2-spr\/#primaryimage\"},\"thumbnailUrl\":\"https:\/\/sklep.med4life.com.pl\/wp-content\/uploads\/2025\/04\/CU_Medical_elektrody_pediatryczne_do_iPAD_SP1_CUA1102S_01.jpg\",\"datePublished\":\"2025-04-24T14:42:46+00:00\",\"dateModified\":\"2025-04-24T14:42:46+00:00\",\"breadcrumb\":{\"@id\":\"https:\/\/sklep.med4life.com.pl\/product\/elektrody-pediatryczne-cu-medical-do-sp1-sp2-spr\/#breadcrumb\"},\"inLanguage\":\"en-US\",\"potentialAction\":[{\"@type\":\"ReadAction\",\"target\":[\"https:\/\/sklep.med4life.com.pl\/product\/elektrody-pediatryczne-cu-medical-do-sp1-sp2-spr\/\"]}]},{\"@type\":\"ImageObject\",\"inLanguage\":\"en-US\",\"@id\":\"https:\/\/sklep.med4life.com.pl\/product\/elektrody-pediatryczne-cu-medical-do-sp1-sp2-spr\/#primaryimage\",\"url\":\"https:\/\/sklep.med4life.com.pl\/wp-content\/uploads\/2025\/04\/CU_Medical_elektrody_pediatryczne_do_iPAD_SP1_CUA1102S_01.jpg\",\"contentUrl\":\"https:\/\/sklep.med4life.com.pl\/wp-content\/uploads\/2025\/04\/CU_Medical_elektrody_pediatryczne_do_iPAD_SP1_CUA1102S_01.jpg\",\"width\":1200,\"height\":1200},{\"@type\":\"BreadcrumbList\",\"@id\":\"https:\/\/sklep.med4life.com.pl\/product\/elektrody-pediatryczne-cu-medical-do-sp1-sp2-spr\/#breadcrumb\",\"itemListElement\":[{\"@type\":\"ListItem\",\"position\":1,\"name\":\"Strona g\u0142\u00f3wna\",\"item\":\"https:\/\/sklep.med4life.com.pl\/\"},{\"@type\":\"ListItem\",\"position\":2,\"name\":\"Sklep\",\"item\":\"https:\/\/sklep.med4life.com.pl\/shop\/\"},{\"@type\":\"ListItem\",\"position\":3,\"name\":\"Elektrody pediatryczne CU Medical do SP1\/SP2\/SPR\"}]},{\"@type\":\"WebSite\",\"@id\":\"https:\/\/sklep.med4life.com.pl\/#website\",\"url\":\"https:\/\/sklep.med4life.com.pl\/\",\"name\":\"sklep.med4life.com.pl\",\"description\":\"\",\"potentialAction\":[{\"@type\":\"SearchAction\",\"target\":{\"@type\":\"EntryPoint\",\"urlTemplate\":\"https:\/\/sklep.med4life.com.pl\/?s={search_term_string}\"},\"query-input\":{\"@type\":\"PropertyValueSpecification\",\"valueRequired\":true,\"valueName\":\"search_term_string\"}}],\"inLanguage\":\"en-US\"}]}<\/script>\n<!-- \/ Yoast SEO plugin. -->","yoast_head_json":{"title":"Elektrody pediatryczne CU Medical do SP1\/SP2\/SPR - sklep.med4life.com.pl","robots":{"index":"index","follow":"follow","max-snippet":"max-snippet:-1","max-image-preview":"max-image-preview:large","max-video-preview":"max-video-preview:-1"},"canonical":"https:\/\/sklep.med4life.com.pl\/en\/product\/elektrody-pediatryczne-cu-medical-do-sp1-sp2-spr\/","og_locale":"en_US","og_type":"article","og_title":"Elektrody pediatryczne CU Medical do SP1\/SP2\/SPR - sklep.med4life.com.pl","og_description":"Elektrody pediatryczne do defibrylator\u00f3w CU Medical iPAD SP1 i iPAD SP1 AUTO.  Elektrody CUA1102S s\u0105 przeznaczone do stosowania u dzieci w wieku od 1 do 8 lat lub o masie cia\u0142a poni\u017cej 25 kg. Nale\u017cy pami\u0119ta\u0107, \u017ce elektrod pediatrycznych nie nale\u017c stosowa\u0107 u os\u00f3b doros\u0142ych, poniewa\u017c nie dostarcz\u0105 one odpowiedniej energii zalecanej dla doros\u0142ych.  W przypadku u\u017cywania elektrod pediatrycznych prze\u0142\u0105cznik nie musi by\u0107 ustawiony na tryb pediatryczny, urz\u0105dzenie samo rozpozna rodzaj elektrod i prze\u0142\u0105czy si\u0119 w tryb dzieci\u0119cy, energia defibrylacji zostaje automatycznie ustawiona na 50 J i wydawana b\u0119dzie pediatryczna wersja instrukcji RKO.","og_url":"https:\/\/sklep.med4life.com.pl\/en\/product\/elektrody-pediatryczne-cu-medical-do-sp1-sp2-spr\/","og_site_name":"sklep.med4life.com.pl","og_image":[{"width":1200,"height":1200,"url":"https:\/\/sklep.med4life.com.pl\/wp-content\/uploads\/2025\/04\/CU_Medical_elektrody_pediatryczne_do_iPAD_SP1_CUA1102S_01.jpg","type":"image\/jpeg"}],"twitter_card":"summary_large_image","twitter_misc":{"Est. reading time":"2 minutes"},"schema":{"@context":"https:\/\/schema.org","@graph":[{"@type":"WebPage","@id":"https:\/\/sklep.med4life.com.pl\/product\/elektrody-pediatryczne-cu-medical-do-sp1-sp2-spr\/","url":"https:\/\/sklep.med4life.com.pl\/product\/elektrody-pediatryczne-cu-medical-do-sp1-sp2-spr\/","name":"Elektrody pediatryczne CU Medical do SP1\/SP2\/SPR - sklep.med4life.com.pl","isPartOf":{"@id":"https:\/\/sklep.med4life.com.pl\/#website"},"primaryImageOfPage":{"@id":"https:\/\/sklep.med4life.com.pl\/product\/elektrody-pediatryczne-cu-medical-do-sp1-sp2-spr\/#primaryimage"},"image":{"@id":"https:\/\/sklep.med4life.com.pl\/product\/elektrody-pediatryczne-cu-medical-do-sp1-sp2-spr\/#primaryimage"},"thumbnailUrl":"https:\/\/sklep.med4life.com.pl\/wp-content\/uploads\/2025\/04\/CU_Medical_elektrody_pediatryczne_do_iPAD_SP1_CUA1102S_01.jpg","datePublished":"2025-04-24T14:42:46+00:00","dateModified":"2025-04-24T14:42:46+00:00","breadcrumb":{"@id":"https:\/\/sklep.med4life.com.pl\/product\/elektrody-pediatryczne-cu-medical-do-sp1-sp2-spr\/#breadcrumb"},"inLanguage":"en-US","potentialAction":[{"@type":"ReadAction","target":["https:\/\/sklep.med4life.com.pl\/product\/elektrody-pediatryczne-cu-medical-do-sp1-sp2-spr\/"]}]},{"@type":"ImageObject","inLanguage":"en-US","@id":"https:\/\/sklep.med4life.com.pl\/product\/elektrody-pediatryczne-cu-medical-do-sp1-sp2-spr\/#primaryimage","url":"https:\/\/sklep.med4life.com.pl\/wp-content\/uploads\/2025\/04\/CU_Medical_elektrody_pediatryczne_do_iPAD_SP1_CUA1102S_01.jpg","contentUrl":"https:\/\/sklep.med4life.com.pl\/wp-content\/uploads\/2025\/04\/CU_Medical_elektrody_pediatryczne_do_iPAD_SP1_CUA1102S_01.jpg","width":1200,"height":1200},{"@type":"BreadcrumbList","@id":"https:\/\/sklep.med4life.com.pl\/product\/elektrody-pediatryczne-cu-medical-do-sp1-sp2-spr\/#breadcrumb","itemListElement":[{"@type":"ListItem","position":1,"name":"Strona g\u0142\u00f3wna","item":"https:\/\/sklep.med4life.com.pl\/"},{"@type":"ListItem","position":2,"name":"Sklep","item":"https:\/\/sklep.med4life.com.pl\/shop\/"},{"@type":"ListItem","position":3,"name":"Elektrody pediatryczne CU Medical do SP1\/SP2\/SPR"}]},{"@type":"WebSite","@id":"https:\/\/sklep.med4life.com.pl\/#website","url":"https:\/\/sklep.med4life.com.pl\/","name":"sklep.med4life.com.pl","description":"","potentialAction":[{"@type":"SearchAction","target":{"@type":"EntryPoint","urlTemplate":"https:\/\/sklep.med4life.com.pl\/?s={search_term_string}"},"query-input":{"@type":"PropertyValueSpecification","valueRequired":true,"valueName":"search_term_string"}}],"inLanguage":"en-US"}]}},"_links":{"self":[{"href":"https:\/\/sklep.med4life.com.pl\/en\/wp-json\/wp\/v2\/product\/6649","targetHints":{"allow":["GET"]}}],"collection":[{"href":"https:\/\/sklep.med4life.com.pl\/en\/wp-json\/wp\/v2\/product"}],"about":[{"href":"https:\/\/sklep.med4life.com.pl\/en\/wp-json\/wp\/v2\/types\/product"}],"replies":[{"embeddable":true,"href":"https:\/\/sklep.med4life.com.pl\/en\/wp-json\/wp\/v2\/comments?post=6649"}],"wp:featuredmedia":[{"embeddable":true,"href":"https:\/\/sklep.med4life.com.pl\/en\/wp-json\/wp\/v2\/media\/6650"}],"wp:attachment":[{"href":"https:\/\/sklep.med4life.com.pl\/en\/wp-json\/wp\/v2\/media?parent=6649"}],"wp:term":[{"taxonomy":"product_cat","embeddable":true,"href":"https:\/\/sklep.med4life.com.pl\/en\/wp-json\/wp\/v2\/product_cat?post=6649"},{"taxonomy":"product_tag","embeddable":true,"href":"https:\/\/sklep.med4life.com.pl\/en\/wp-json\/wp\/v2\/product_tag?post=6649"}],"curies":[{"name":"wp","href":"https:\/\/api.w.org\/{rel}","templated":true}]}}