{"id":6651,"date":"2025-04-24T17:22:50","date_gmt":"2025-04-24T15:22:50","guid":{"rendered":"https:\/\/sklep.med4life.com.pl\/?post_type=product&#038;p=6651"},"modified":"2025-04-24T17:22:50","modified_gmt":"2025-04-24T15:22:50","slug":"bateria-cu-medical-long-life-do-defibrylatora-sp1","status":"publish","type":"product","link":"https:\/\/sklep.med4life.com.pl\/en\/product\/bateria-cu-medical-long-life-do-defibrylatora-sp1\/","title":{"rendered":"Bateria CU Medical Long Life do defibrylatora SP1"},"content":{"rendered":"<p>Bateria CU Medical Long Life do SP1<\/p>\n<p>kod: CUSA1103BB<\/p>\n<p>Bateria Long life CUSA1103BB to jednorazowa bateria o d\u0142ugiej \u017cywotno\u015bci do defibrylator\u00f3w iPAD SP1 i iPAD SP1 AUTO producenta CU Medical.<\/p>\n<p>Bateria Long life jest bateri\u0105 litowo-manganow\u0105, a tego typu baterie charakteryzuj\u0105 si\u0119 niskim wsp\u00f3\u0142czynnikiem samoroz\u0142adowania, co oznacza, \u017ce mo\u017cna je przechowywa\u0107 kilka lat bez utraty energii.<\/p>\n<p>Bateria zosta\u0142a opracowana do ci\u0105g\u0142ej pracy w urz\u0105dzeniach AED i dlatego jest gotowa do u\u017cycia przez co najmniej 5 lat b\u0119d\u0105c w trybie w trybie &#8222;standby&#8221;. B\u0119d\u0105c w trybie gotowo\u015bci bateria zasila wszystkie elementy elektroniczne defibrylatora, umo\u017cliwia regularne i automatyczne autotesty oraz zapewnia natychmiastow\u0105 gotowo\u015b\u0107 defibrylatora do defibrylacji w nag\u0142ych wypadkach bez konieczno\u015bci \u0142adowania.<\/p>\n<p>Specyfikacja:<br \/>\n&#8211; Materia\u0142: litowo-manganowa (LiMnO2).<br \/>\n&#8211; Napi\u0119cie: 12 V DC.<br \/>\n&#8211; \u0141adowanie: 4,2 Ah.<br \/>\n&#8211; Pojemno\u015b\u0107: co najmniej 200 defibrylacji przy 150J lub 8 godzin pracy.<br \/>\n&#8211; Temperatura przechowywania: -20\u00b0C do 60\u00b0C.<br \/>\n&#8211; Temperatura pracy: od 0\u00b0C do 43\u00b0C.<br \/>\n&#8211; \u017bywotno\u015b\u0107: co najmniej 5 lat od daty produkcji w przypadku prawid\u0142owego przechowywania i konserwacji zgodnie z instrukcjami podanymi w instrukcji obs\u0142ugi.<br \/>\n&#8211; Bateria nie\u0142adowalna, jednorazowa.<br \/>\n&#8211; Wymiary: 16,6 x 6 x 3,5 cm<br \/>\n&#8211; Waga: 320 g<\/p>","protected":false},"excerpt":{"rendered":"<p>Bateria Long life CUSA1103BB to jednorazowa bateria o d\u0142ugiej \u017cywotno\u015bci do defibrylator\u00f3w iPAD SP1 i iPAD SP1 AUTO producenta CU Medical.<\/p>\n<p>Bateria Long life jest bateri\u0105 litowo-manganow\u0105, a tego typu baterie charakteryzuj\u0105 si\u0119 niskim wsp\u00f3\u0142czynnikiem samoroz\u0142adowania, co oznacza, \u017ce mo\u017cna je przechowywa\u0107 kilka lat bez utraty energii.<\/p>\n<p>Bateria zosta\u0142a opracowana do ci\u0105g\u0142ej pracy w urz\u0105dzeniach AED i dlatego jest gotowa do u\u017cycia przez co najmniej 5 lat b\u0119d\u0105c w trybie w trybie &#8222;standby&#8221;. B\u0119d\u0105c w trybie gotowo\u015bci bateria zasila wszystkie elementy elektroniczne defibrylatora, umo\u017cliwia regularne i automatyczne autotesty oraz zapewnia natychmiastow\u0105 gotowo\u015b\u0107 defibrylatora do defibrylacji w nag\u0142ych wypadkach bez konieczno\u015bci \u0142adowania.<\/p>","protected":false},"featured_media":6652,"comment_status":"open","ping_status":"closed","template":"","meta":{"content-type":"","om_disable_all_campaigns":false,"_monsterinsights_skip_tracking":false,"_monsterinsights_sitenote_active":false,"_monsterinsights_sitenote_note":"","_monsterinsights_sitenote_category":0},"product_cat":[93],"product_tag":[],"class_list":{"0":"post-6651","1":"product","2":"type-product","3":"status-publish","4":"has-post-thumbnail","6":"product_cat-baterie-i-akcesoria","8":"first","9":"instock","10":"shipping-taxable","11":"product-type-simple"},"yoast_head":"<!-- This site is optimized with the Yoast SEO plugin v23.8 - https:\/\/yoast.com\/wordpress\/plugins\/seo\/ -->\n<title>Bateria CU Medical Long Life do defibrylatora SP1 - sklep.med4life.com.pl<\/title>\n<meta name=\"robots\" content=\"index, follow, max-snippet:-1, max-image-preview:large, max-video-preview:-1\" \/>\n<link rel=\"canonical\" href=\"https:\/\/sklep.med4life.com.pl\/en\/product\/bateria-cu-medical-long-life-do-defibrylatora-sp1\/\" \/>\n<meta property=\"og:locale\" content=\"en_US\" \/>\n<meta property=\"og:type\" content=\"article\" \/>\n<meta property=\"og:title\" content=\"Bateria CU Medical Long Life do defibrylatora SP1 - sklep.med4life.com.pl\" \/>\n<meta property=\"og:description\" content=\"Bateria Long life CUSA1103BB to jednorazowa bateria o d\u0142ugiej \u017cywotno\u015bci do defibrylator\u00f3w iPAD SP1 i iPAD SP1 AUTO producenta CU Medical.  Bateria Long life jest bateri\u0105 litowo-manganow\u0105, a tego typu baterie charakteryzuj\u0105 si\u0119 niskim wsp\u00f3\u0142czynnikiem samoroz\u0142adowania, co oznacza, \u017ce mo\u017cna je przechowywa\u0107 kilka lat bez utraty energii.  Bateria zosta\u0142a opracowana do ci\u0105g\u0142ej pracy w urz\u0105dzeniach AED i dlatego jest gotowa do u\u017cycia przez co najmniej 5 lat b\u0119d\u0105c w trybie w trybie &quot;standby&quot;. B\u0119d\u0105c w trybie gotowo\u015bci bateria zasila wszystkie elementy elektroniczne defibrylatora, umo\u017cliwia regularne i automatyczne autotesty oraz zapewnia natychmiastow\u0105 gotowo\u015b\u0107 defibrylatora do defibrylacji w nag\u0142ych wypadkach bez konieczno\u015bci \u0142adowania.\" \/>\n<meta property=\"og:url\" content=\"https:\/\/sklep.med4life.com.pl\/en\/product\/bateria-cu-medical-long-life-do-defibrylatora-sp1\/\" \/>\n<meta property=\"og:site_name\" content=\"sklep.med4life.com.pl\" \/>\n<meta property=\"og:image\" content=\"https:\/\/sklep.med4life.com.pl\/wp-content\/uploads\/2025\/04\/CU_Medical_bateria_Long_Life_CUSA1103BB_01.jpg\" \/>\n\t<meta property=\"og:image:width\" content=\"1200\" \/>\n\t<meta property=\"og:image:height\" content=\"1200\" \/>\n\t<meta property=\"og:image:type\" content=\"image\/jpeg\" \/>\n<meta name=\"twitter:card\" content=\"summary_large_image\" \/>\n<meta name=\"twitter:label1\" content=\"Est. reading time\" \/>\n\t<meta name=\"twitter:data1\" content=\"2 minutes\" \/>\n<script type=\"application\/ld+json\" class=\"yoast-schema-graph\">{\"@context\":\"https:\/\/schema.org\",\"@graph\":[{\"@type\":\"WebPage\",\"@id\":\"https:\/\/sklep.med4life.com.pl\/product\/bateria-cu-medical-long-life-do-defibrylatora-sp1\/\",\"url\":\"https:\/\/sklep.med4life.com.pl\/product\/bateria-cu-medical-long-life-do-defibrylatora-sp1\/\",\"name\":\"Bateria CU Medical Long Life do defibrylatora SP1 - sklep.med4life.com.pl\",\"isPartOf\":{\"@id\":\"https:\/\/sklep.med4life.com.pl\/#website\"},\"primaryImageOfPage\":{\"@id\":\"https:\/\/sklep.med4life.com.pl\/product\/bateria-cu-medical-long-life-do-defibrylatora-sp1\/#primaryimage\"},\"image\":{\"@id\":\"https:\/\/sklep.med4life.com.pl\/product\/bateria-cu-medical-long-life-do-defibrylatora-sp1\/#primaryimage\"},\"thumbnailUrl\":\"https:\/\/sklep.med4life.com.pl\/wp-content\/uploads\/2025\/04\/CU_Medical_bateria_Long_Life_CUSA1103BB_01.jpg\",\"datePublished\":\"2025-04-24T15:22:50+00:00\",\"dateModified\":\"2025-04-24T15:22:50+00:00\",\"breadcrumb\":{\"@id\":\"https:\/\/sklep.med4life.com.pl\/product\/bateria-cu-medical-long-life-do-defibrylatora-sp1\/#breadcrumb\"},\"inLanguage\":\"en-US\",\"potentialAction\":[{\"@type\":\"ReadAction\",\"target\":[\"https:\/\/sklep.med4life.com.pl\/product\/bateria-cu-medical-long-life-do-defibrylatora-sp1\/\"]}]},{\"@type\":\"ImageObject\",\"inLanguage\":\"en-US\",\"@id\":\"https:\/\/sklep.med4life.com.pl\/product\/bateria-cu-medical-long-life-do-defibrylatora-sp1\/#primaryimage\",\"url\":\"https:\/\/sklep.med4life.com.pl\/wp-content\/uploads\/2025\/04\/CU_Medical_bateria_Long_Life_CUSA1103BB_01.jpg\",\"contentUrl\":\"https:\/\/sklep.med4life.com.pl\/wp-content\/uploads\/2025\/04\/CU_Medical_bateria_Long_Life_CUSA1103BB_01.jpg\",\"width\":1200,\"height\":1200},{\"@type\":\"BreadcrumbList\",\"@id\":\"https:\/\/sklep.med4life.com.pl\/product\/bateria-cu-medical-long-life-do-defibrylatora-sp1\/#breadcrumb\",\"itemListElement\":[{\"@type\":\"ListItem\",\"position\":1,\"name\":\"Strona g\u0142\u00f3wna\",\"item\":\"https:\/\/sklep.med4life.com.pl\/\"},{\"@type\":\"ListItem\",\"position\":2,\"name\":\"Sklep\",\"item\":\"https:\/\/sklep.med4life.com.pl\/shop\/\"},{\"@type\":\"ListItem\",\"position\":3,\"name\":\"Bateria CU Medical Long Life do defibrylatora SP1\"}]},{\"@type\":\"WebSite\",\"@id\":\"https:\/\/sklep.med4life.com.pl\/#website\",\"url\":\"https:\/\/sklep.med4life.com.pl\/\",\"name\":\"sklep.med4life.com.pl\",\"description\":\"\",\"potentialAction\":[{\"@type\":\"SearchAction\",\"target\":{\"@type\":\"EntryPoint\",\"urlTemplate\":\"https:\/\/sklep.med4life.com.pl\/?s={search_term_string}\"},\"query-input\":{\"@type\":\"PropertyValueSpecification\",\"valueRequired\":true,\"valueName\":\"search_term_string\"}}],\"inLanguage\":\"en-US\"}]}<\/script>\n<!-- \/ Yoast SEO plugin. -->","yoast_head_json":{"title":"Bateria CU Medical Long Life do defibrylatora SP1 - sklep.med4life.com.pl","robots":{"index":"index","follow":"follow","max-snippet":"max-snippet:-1","max-image-preview":"max-image-preview:large","max-video-preview":"max-video-preview:-1"},"canonical":"https:\/\/sklep.med4life.com.pl\/en\/product\/bateria-cu-medical-long-life-do-defibrylatora-sp1\/","og_locale":"en_US","og_type":"article","og_title":"Bateria CU Medical Long Life do defibrylatora SP1 - sklep.med4life.com.pl","og_description":"Bateria Long life CUSA1103BB to jednorazowa bateria o d\u0142ugiej \u017cywotno\u015bci do defibrylator\u00f3w iPAD SP1 i iPAD SP1 AUTO producenta CU Medical.  Bateria Long life jest bateri\u0105 litowo-manganow\u0105, a tego typu baterie charakteryzuj\u0105 si\u0119 niskim wsp\u00f3\u0142czynnikiem samoroz\u0142adowania, co oznacza, \u017ce mo\u017cna je przechowywa\u0107 kilka lat bez utraty energii.  Bateria zosta\u0142a opracowana do ci\u0105g\u0142ej pracy w urz\u0105dzeniach AED i dlatego jest gotowa do u\u017cycia przez co najmniej 5 lat b\u0119d\u0105c w trybie w trybie \"standby\". B\u0119d\u0105c w trybie gotowo\u015bci bateria zasila wszystkie elementy elektroniczne defibrylatora, umo\u017cliwia regularne i automatyczne autotesty oraz zapewnia natychmiastow\u0105 gotowo\u015b\u0107 defibrylatora do defibrylacji w nag\u0142ych wypadkach bez konieczno\u015bci \u0142adowania.","og_url":"https:\/\/sklep.med4life.com.pl\/en\/product\/bateria-cu-medical-long-life-do-defibrylatora-sp1\/","og_site_name":"sklep.med4life.com.pl","og_image":[{"width":1200,"height":1200,"url":"https:\/\/sklep.med4life.com.pl\/wp-content\/uploads\/2025\/04\/CU_Medical_bateria_Long_Life_CUSA1103BB_01.jpg","type":"image\/jpeg"}],"twitter_card":"summary_large_image","twitter_misc":{"Est. reading time":"2 minutes"},"schema":{"@context":"https:\/\/schema.org","@graph":[{"@type":"WebPage","@id":"https:\/\/sklep.med4life.com.pl\/product\/bateria-cu-medical-long-life-do-defibrylatora-sp1\/","url":"https:\/\/sklep.med4life.com.pl\/product\/bateria-cu-medical-long-life-do-defibrylatora-sp1\/","name":"Bateria CU Medical Long Life do defibrylatora SP1 - sklep.med4life.com.pl","isPartOf":{"@id":"https:\/\/sklep.med4life.com.pl\/#website"},"primaryImageOfPage":{"@id":"https:\/\/sklep.med4life.com.pl\/product\/bateria-cu-medical-long-life-do-defibrylatora-sp1\/#primaryimage"},"image":{"@id":"https:\/\/sklep.med4life.com.pl\/product\/bateria-cu-medical-long-life-do-defibrylatora-sp1\/#primaryimage"},"thumbnailUrl":"https:\/\/sklep.med4life.com.pl\/wp-content\/uploads\/2025\/04\/CU_Medical_bateria_Long_Life_CUSA1103BB_01.jpg","datePublished":"2025-04-24T15:22:50+00:00","dateModified":"2025-04-24T15:22:50+00:00","breadcrumb":{"@id":"https:\/\/sklep.med4life.com.pl\/product\/bateria-cu-medical-long-life-do-defibrylatora-sp1\/#breadcrumb"},"inLanguage":"en-US","potentialAction":[{"@type":"ReadAction","target":["https:\/\/sklep.med4life.com.pl\/product\/bateria-cu-medical-long-life-do-defibrylatora-sp1\/"]}]},{"@type":"ImageObject","inLanguage":"en-US","@id":"https:\/\/sklep.med4life.com.pl\/product\/bateria-cu-medical-long-life-do-defibrylatora-sp1\/#primaryimage","url":"https:\/\/sklep.med4life.com.pl\/wp-content\/uploads\/2025\/04\/CU_Medical_bateria_Long_Life_CUSA1103BB_01.jpg","contentUrl":"https:\/\/sklep.med4life.com.pl\/wp-content\/uploads\/2025\/04\/CU_Medical_bateria_Long_Life_CUSA1103BB_01.jpg","width":1200,"height":1200},{"@type":"BreadcrumbList","@id":"https:\/\/sklep.med4life.com.pl\/product\/bateria-cu-medical-long-life-do-defibrylatora-sp1\/#breadcrumb","itemListElement":[{"@type":"ListItem","position":1,"name":"Strona g\u0142\u00f3wna","item":"https:\/\/sklep.med4life.com.pl\/"},{"@type":"ListItem","position":2,"name":"Sklep","item":"https:\/\/sklep.med4life.com.pl\/shop\/"},{"@type":"ListItem","position":3,"name":"Bateria CU Medical Long Life do defibrylatora SP1"}]},{"@type":"WebSite","@id":"https:\/\/sklep.med4life.com.pl\/#website","url":"https:\/\/sklep.med4life.com.pl\/","name":"sklep.med4life.com.pl","description":"","potentialAction":[{"@type":"SearchAction","target":{"@type":"EntryPoint","urlTemplate":"https:\/\/sklep.med4life.com.pl\/?s={search_term_string}"},"query-input":{"@type":"PropertyValueSpecification","valueRequired":true,"valueName":"search_term_string"}}],"inLanguage":"en-US"}]}},"_links":{"self":[{"href":"https:\/\/sklep.med4life.com.pl\/en\/wp-json\/wp\/v2\/product\/6651","targetHints":{"allow":["GET"]}}],"collection":[{"href":"https:\/\/sklep.med4life.com.pl\/en\/wp-json\/wp\/v2\/product"}],"about":[{"href":"https:\/\/sklep.med4life.com.pl\/en\/wp-json\/wp\/v2\/types\/product"}],"replies":[{"embeddable":true,"href":"https:\/\/sklep.med4life.com.pl\/en\/wp-json\/wp\/v2\/comments?post=6651"}],"wp:featuredmedia":[{"embeddable":true,"href":"https:\/\/sklep.med4life.com.pl\/en\/wp-json\/wp\/v2\/media\/6652"}],"wp:attachment":[{"href":"https:\/\/sklep.med4life.com.pl\/en\/wp-json\/wp\/v2\/media?parent=6651"}],"wp:term":[{"taxonomy":"product_cat","embeddable":true,"href":"https:\/\/sklep.med4life.com.pl\/en\/wp-json\/wp\/v2\/product_cat?post=6651"},{"taxonomy":"product_tag","embeddable":true,"href":"https:\/\/sklep.med4life.com.pl\/en\/wp-json\/wp\/v2\/product_tag?post=6651"}],"curies":[{"name":"wp","href":"https:\/\/api.w.org\/{rel}","templated":true}]}}