{"id":6654,"date":"2025-04-24T17:24:34","date_gmt":"2025-04-24T15:24:34","guid":{"rendered":"https:\/\/sklep.med4life.com.pl\/?post_type=product&#038;p=6654"},"modified":"2025-04-24T17:24:34","modified_gmt":"2025-04-24T15:24:34","slug":"torba-transportowa-cu-medical-do-defibrylatora-sp1","status":"publish","type":"product","link":"https:\/\/sklep.med4life.com.pl\/en\/product\/torba-transportowa-cu-medical-do-defibrylatora-sp1\/","title":{"rendered":"Torba transportowa CU Medical do defibrylatora SP1"},"content":{"rendered":"<p>Torba transportowa CU Medical na defibrylator SP1<\/p>\n<p>kod: SP1-A-BAG-3010<br \/>\nkod EAN: 8809435481321<\/p>\n<p>Torba SP1-A-BAG-3010 zosta\u0142a specjalnie zaprojektowana pod defibrylator iPAD SP1, zapewnia nie tylko ochron\u0119 urz\u0105dzenia przed uszkodzeniami mechanicznymi, trudnymi warunkami i szkodliwym dzia\u0142aniem kurzu i wody, ale r\u00f3wnie\u017c u\u0142atwia transportowanie i przechowywanie defibrylatora AED.<\/p>\n<p>Etui wykonane jest ze sztywnego, lekkiego i trwa\u0142ego materia\u0142u, o wyr\u00f3\u017cniaj\u0105cym si\u0119 kolorze, kt\u00f3ry pomaga szybko znale\u017a\u0107 AED w nag\u0142ych wypadkach.<\/p>\n<p>Torba jest wyposa\u017cona w uchwyt z gumow\u0105 os\u0142onk\u0105 i regulowany pasek na rami\u0119 u\u0142atwiaj\u0105cy przenoszenie. Zamykana na zamek b\u0142yskawiczny umo\u017cliwia szybki dost\u0119p do AED. Wewn\u0105trz etui znajduje si\u0119 przegr\u00f3dka na instrukcj\u0119 obs\u0142ugi oraz inne dodatkowe akcesoria. Torba posiada okienko rewizyjne umo\u017cliwiaj\u0105ce sprawdzenie kontrolek stanu defibrylatora, elektrod oraz baterii.<\/p>\n<p>W przypadku nag\u0142ej sytuacji wymagaj\u0105cej u\u017cycia AED nie ma konieczno\u015bci wyci\u0105gania w ca\u0142o\u015bci defibrylatora z etui, poniewa\u017c konstrukcja torby umo\u017cliwia wyj\u0119cie elektrod, nawet gdy torba jest ca\u0142kowicie zamkni\u0119ta.<\/p>\n<p>Kolor: pomara\u0144czowy.<\/p>","protected":false},"excerpt":{"rendered":"<p>Torba SP1-A-BAG-3010 zosta\u0142a specjalnie zaprojektowana pod defibrylator iPAD SP1, zapewnia nie tylko ochron\u0119 urz\u0105dzenia przed uszkodzeniami mechanicznymi, trudnymi warunkami i szkodliwym dzia\u0142aniem kurzu i wody, ale r\u00f3wnie\u017c u\u0142atwia transportowanie i przechowywanie defibrylatora AED.<\/p>\n<p>Etui wykonane jest ze sztywnego, lekkiego i trwa\u0142ego materia\u0142u, o wyr\u00f3\u017cniaj\u0105cym si\u0119 kolorze, kt\u00f3ry pomaga szybko znale\u017a\u0107 AED w nag\u0142ych wypadkach.<\/p>\n<p>Torba jest wyposa\u017cona w uchwyt z gumow\u0105 os\u0142onk\u0105 i regulowany pasek na rami\u0119 u\u0142atwiaj\u0105cy przenoszenie. Zamykana na zamek b\u0142yskawiczny umo\u017cliwia szybki dost\u0119p do AED. Wewn\u0105trz etui znajduje si\u0119 przegr\u00f3dka na instrukcj\u0119 obs\u0142ugi oraz inne dodatkowe akcesoria. Torba posiada okienko rewizyjne umo\u017cliwiaj\u0105ce sprawdzenie kontrolek stanu defibrylatora, elektrod oraz baterii.<\/p>","protected":false},"featured_media":6655,"comment_status":"open","ping_status":"closed","template":"","meta":{"content-type":"","om_disable_all_campaigns":false,"_monsterinsights_skip_tracking":false,"_monsterinsights_sitenote_active":false,"_monsterinsights_sitenote_note":"","_monsterinsights_sitenote_category":0},"product_cat":[93],"product_tag":[],"class_list":{"0":"post-6654","1":"product","2":"type-product","3":"status-publish","4":"has-post-thumbnail","6":"product_cat-baterie-i-akcesoria","8":"first","9":"instock","10":"shipping-taxable","11":"product-type-simple"},"yoast_head":"<!-- This site is optimized with the Yoast SEO plugin v23.8 - https:\/\/yoast.com\/wordpress\/plugins\/seo\/ -->\n<title>Torba transportowa CU Medical do defibrylatora SP1 - sklep.med4life.com.pl<\/title>\n<meta name=\"robots\" content=\"index, follow, max-snippet:-1, max-image-preview:large, max-video-preview:-1\" \/>\n<link rel=\"canonical\" href=\"https:\/\/sklep.med4life.com.pl\/en\/product\/torba-transportowa-cu-medical-do-defibrylatora-sp1\/\" \/>\n<meta property=\"og:locale\" content=\"en_US\" \/>\n<meta property=\"og:type\" content=\"article\" \/>\n<meta property=\"og:title\" content=\"Torba transportowa CU Medical do defibrylatora SP1 - sklep.med4life.com.pl\" \/>\n<meta property=\"og:description\" content=\"Torba SP1-A-BAG-3010 zosta\u0142a specjalnie zaprojektowana pod defibrylator iPAD SP1, zapewnia nie tylko ochron\u0119 urz\u0105dzenia przed uszkodzeniami mechanicznymi, trudnymi warunkami i szkodliwym dzia\u0142aniem kurzu i wody, ale r\u00f3wnie\u017c u\u0142atwia transportowanie i przechowywanie defibrylatora AED.  Etui wykonane jest ze sztywnego, lekkiego i trwa\u0142ego materia\u0142u, o wyr\u00f3\u017cniaj\u0105cym si\u0119 kolorze, kt\u00f3ry pomaga szybko znale\u017a\u0107 AED w nag\u0142ych wypadkach.  Torba jest wyposa\u017cona w uchwyt z gumow\u0105 os\u0142onk\u0105 i regulowany pasek na rami\u0119 u\u0142atwiaj\u0105cy przenoszenie. Zamykana na zamek b\u0142yskawiczny umo\u017cliwia szybki dost\u0119p do AED. Wewn\u0105trz etui znajduje si\u0119 przegr\u00f3dka na instrukcj\u0119 obs\u0142ugi oraz inne dodatkowe akcesoria. Torba posiada okienko rewizyjne umo\u017cliwiaj\u0105ce sprawdzenie kontrolek stanu defibrylatora, elektrod oraz baterii.\" \/>\n<meta property=\"og:url\" content=\"https:\/\/sklep.med4life.com.pl\/en\/product\/torba-transportowa-cu-medical-do-defibrylatora-sp1\/\" \/>\n<meta property=\"og:site_name\" content=\"sklep.med4life.com.pl\" \/>\n<meta property=\"og:image\" content=\"https:\/\/sklep.med4life.com.pl\/wp-content\/uploads\/2025\/04\/CU_Medical_BAG_3010_Torba_do_iPAD_SP1_01.jpg\" \/>\n\t<meta property=\"og:image:width\" content=\"1200\" \/>\n\t<meta property=\"og:image:height\" content=\"1200\" \/>\n\t<meta property=\"og:image:type\" content=\"image\/jpeg\" \/>\n<meta name=\"twitter:card\" content=\"summary_large_image\" \/>\n<meta name=\"twitter:label1\" content=\"Est. reading time\" \/>\n\t<meta name=\"twitter:data1\" content=\"2 minutes\" \/>\n<script type=\"application\/ld+json\" class=\"yoast-schema-graph\">{\"@context\":\"https:\/\/schema.org\",\"@graph\":[{\"@type\":\"WebPage\",\"@id\":\"https:\/\/sklep.med4life.com.pl\/product\/torba-transportowa-cu-medical-do-defibrylatora-sp1\/\",\"url\":\"https:\/\/sklep.med4life.com.pl\/product\/torba-transportowa-cu-medical-do-defibrylatora-sp1\/\",\"name\":\"Torba transportowa CU Medical do defibrylatora SP1 - sklep.med4life.com.pl\",\"isPartOf\":{\"@id\":\"https:\/\/sklep.med4life.com.pl\/#website\"},\"primaryImageOfPage\":{\"@id\":\"https:\/\/sklep.med4life.com.pl\/product\/torba-transportowa-cu-medical-do-defibrylatora-sp1\/#primaryimage\"},\"image\":{\"@id\":\"https:\/\/sklep.med4life.com.pl\/product\/torba-transportowa-cu-medical-do-defibrylatora-sp1\/#primaryimage\"},\"thumbnailUrl\":\"https:\/\/sklep.med4life.com.pl\/wp-content\/uploads\/2025\/04\/CU_Medical_BAG_3010_Torba_do_iPAD_SP1_01.jpg\",\"datePublished\":\"2025-04-24T15:24:34+00:00\",\"dateModified\":\"2025-04-24T15:24:34+00:00\",\"breadcrumb\":{\"@id\":\"https:\/\/sklep.med4life.com.pl\/product\/torba-transportowa-cu-medical-do-defibrylatora-sp1\/#breadcrumb\"},\"inLanguage\":\"en-US\",\"potentialAction\":[{\"@type\":\"ReadAction\",\"target\":[\"https:\/\/sklep.med4life.com.pl\/product\/torba-transportowa-cu-medical-do-defibrylatora-sp1\/\"]}]},{\"@type\":\"ImageObject\",\"inLanguage\":\"en-US\",\"@id\":\"https:\/\/sklep.med4life.com.pl\/product\/torba-transportowa-cu-medical-do-defibrylatora-sp1\/#primaryimage\",\"url\":\"https:\/\/sklep.med4life.com.pl\/wp-content\/uploads\/2025\/04\/CU_Medical_BAG_3010_Torba_do_iPAD_SP1_01.jpg\",\"contentUrl\":\"https:\/\/sklep.med4life.com.pl\/wp-content\/uploads\/2025\/04\/CU_Medical_BAG_3010_Torba_do_iPAD_SP1_01.jpg\",\"width\":1200,\"height\":1200},{\"@type\":\"BreadcrumbList\",\"@id\":\"https:\/\/sklep.med4life.com.pl\/product\/torba-transportowa-cu-medical-do-defibrylatora-sp1\/#breadcrumb\",\"itemListElement\":[{\"@type\":\"ListItem\",\"position\":1,\"name\":\"Strona g\u0142\u00f3wna\",\"item\":\"https:\/\/sklep.med4life.com.pl\/\"},{\"@type\":\"ListItem\",\"position\":2,\"name\":\"Sklep\",\"item\":\"https:\/\/sklep.med4life.com.pl\/shop\/\"},{\"@type\":\"ListItem\",\"position\":3,\"name\":\"Torba transportowa CU Medical do defibrylatora SP1\"}]},{\"@type\":\"WebSite\",\"@id\":\"https:\/\/sklep.med4life.com.pl\/#website\",\"url\":\"https:\/\/sklep.med4life.com.pl\/\",\"name\":\"sklep.med4life.com.pl\",\"description\":\"\",\"potentialAction\":[{\"@type\":\"SearchAction\",\"target\":{\"@type\":\"EntryPoint\",\"urlTemplate\":\"https:\/\/sklep.med4life.com.pl\/?s={search_term_string}\"},\"query-input\":{\"@type\":\"PropertyValueSpecification\",\"valueRequired\":true,\"valueName\":\"search_term_string\"}}],\"inLanguage\":\"en-US\"}]}<\/script>\n<!-- \/ Yoast SEO plugin. -->","yoast_head_json":{"title":"Torba transportowa CU Medical do defibrylatora SP1 - sklep.med4life.com.pl","robots":{"index":"index","follow":"follow","max-snippet":"max-snippet:-1","max-image-preview":"max-image-preview:large","max-video-preview":"max-video-preview:-1"},"canonical":"https:\/\/sklep.med4life.com.pl\/en\/product\/torba-transportowa-cu-medical-do-defibrylatora-sp1\/","og_locale":"en_US","og_type":"article","og_title":"Torba transportowa CU Medical do defibrylatora SP1 - sklep.med4life.com.pl","og_description":"Torba SP1-A-BAG-3010 zosta\u0142a specjalnie zaprojektowana pod defibrylator iPAD SP1, zapewnia nie tylko ochron\u0119 urz\u0105dzenia przed uszkodzeniami mechanicznymi, trudnymi warunkami i szkodliwym dzia\u0142aniem kurzu i wody, ale r\u00f3wnie\u017c u\u0142atwia transportowanie i przechowywanie defibrylatora AED.  Etui wykonane jest ze sztywnego, lekkiego i trwa\u0142ego materia\u0142u, o wyr\u00f3\u017cniaj\u0105cym si\u0119 kolorze, kt\u00f3ry pomaga szybko znale\u017a\u0107 AED w nag\u0142ych wypadkach.  Torba jest wyposa\u017cona w uchwyt z gumow\u0105 os\u0142onk\u0105 i regulowany pasek na rami\u0119 u\u0142atwiaj\u0105cy przenoszenie. Zamykana na zamek b\u0142yskawiczny umo\u017cliwia szybki dost\u0119p do AED. Wewn\u0105trz etui znajduje si\u0119 przegr\u00f3dka na instrukcj\u0119 obs\u0142ugi oraz inne dodatkowe akcesoria. Torba posiada okienko rewizyjne umo\u017cliwiaj\u0105ce sprawdzenie kontrolek stanu defibrylatora, elektrod oraz baterii.","og_url":"https:\/\/sklep.med4life.com.pl\/en\/product\/torba-transportowa-cu-medical-do-defibrylatora-sp1\/","og_site_name":"sklep.med4life.com.pl","og_image":[{"width":1200,"height":1200,"url":"https:\/\/sklep.med4life.com.pl\/wp-content\/uploads\/2025\/04\/CU_Medical_BAG_3010_Torba_do_iPAD_SP1_01.jpg","type":"image\/jpeg"}],"twitter_card":"summary_large_image","twitter_misc":{"Est. reading time":"2 minutes"},"schema":{"@context":"https:\/\/schema.org","@graph":[{"@type":"WebPage","@id":"https:\/\/sklep.med4life.com.pl\/product\/torba-transportowa-cu-medical-do-defibrylatora-sp1\/","url":"https:\/\/sklep.med4life.com.pl\/product\/torba-transportowa-cu-medical-do-defibrylatora-sp1\/","name":"Torba transportowa CU Medical do defibrylatora SP1 - sklep.med4life.com.pl","isPartOf":{"@id":"https:\/\/sklep.med4life.com.pl\/#website"},"primaryImageOfPage":{"@id":"https:\/\/sklep.med4life.com.pl\/product\/torba-transportowa-cu-medical-do-defibrylatora-sp1\/#primaryimage"},"image":{"@id":"https:\/\/sklep.med4life.com.pl\/product\/torba-transportowa-cu-medical-do-defibrylatora-sp1\/#primaryimage"},"thumbnailUrl":"https:\/\/sklep.med4life.com.pl\/wp-content\/uploads\/2025\/04\/CU_Medical_BAG_3010_Torba_do_iPAD_SP1_01.jpg","datePublished":"2025-04-24T15:24:34+00:00","dateModified":"2025-04-24T15:24:34+00:00","breadcrumb":{"@id":"https:\/\/sklep.med4life.com.pl\/product\/torba-transportowa-cu-medical-do-defibrylatora-sp1\/#breadcrumb"},"inLanguage":"en-US","potentialAction":[{"@type":"ReadAction","target":["https:\/\/sklep.med4life.com.pl\/product\/torba-transportowa-cu-medical-do-defibrylatora-sp1\/"]}]},{"@type":"ImageObject","inLanguage":"en-US","@id":"https:\/\/sklep.med4life.com.pl\/product\/torba-transportowa-cu-medical-do-defibrylatora-sp1\/#primaryimage","url":"https:\/\/sklep.med4life.com.pl\/wp-content\/uploads\/2025\/04\/CU_Medical_BAG_3010_Torba_do_iPAD_SP1_01.jpg","contentUrl":"https:\/\/sklep.med4life.com.pl\/wp-content\/uploads\/2025\/04\/CU_Medical_BAG_3010_Torba_do_iPAD_SP1_01.jpg","width":1200,"height":1200},{"@type":"BreadcrumbList","@id":"https:\/\/sklep.med4life.com.pl\/product\/torba-transportowa-cu-medical-do-defibrylatora-sp1\/#breadcrumb","itemListElement":[{"@type":"ListItem","position":1,"name":"Strona g\u0142\u00f3wna","item":"https:\/\/sklep.med4life.com.pl\/"},{"@type":"ListItem","position":2,"name":"Sklep","item":"https:\/\/sklep.med4life.com.pl\/shop\/"},{"@type":"ListItem","position":3,"name":"Torba transportowa CU Medical do defibrylatora SP1"}]},{"@type":"WebSite","@id":"https:\/\/sklep.med4life.com.pl\/#website","url":"https:\/\/sklep.med4life.com.pl\/","name":"sklep.med4life.com.pl","description":"","potentialAction":[{"@type":"SearchAction","target":{"@type":"EntryPoint","urlTemplate":"https:\/\/sklep.med4life.com.pl\/?s={search_term_string}"},"query-input":{"@type":"PropertyValueSpecification","valueRequired":true,"valueName":"search_term_string"}}],"inLanguage":"en-US"}]}},"_links":{"self":[{"href":"https:\/\/sklep.med4life.com.pl\/en\/wp-json\/wp\/v2\/product\/6654","targetHints":{"allow":["GET"]}}],"collection":[{"href":"https:\/\/sklep.med4life.com.pl\/en\/wp-json\/wp\/v2\/product"}],"about":[{"href":"https:\/\/sklep.med4life.com.pl\/en\/wp-json\/wp\/v2\/types\/product"}],"replies":[{"embeddable":true,"href":"https:\/\/sklep.med4life.com.pl\/en\/wp-json\/wp\/v2\/comments?post=6654"}],"wp:featuredmedia":[{"embeddable":true,"href":"https:\/\/sklep.med4life.com.pl\/en\/wp-json\/wp\/v2\/media\/6655"}],"wp:attachment":[{"href":"https:\/\/sklep.med4life.com.pl\/en\/wp-json\/wp\/v2\/media?parent=6654"}],"wp:term":[{"taxonomy":"product_cat","embeddable":true,"href":"https:\/\/sklep.med4life.com.pl\/en\/wp-json\/wp\/v2\/product_cat?post=6654"},{"taxonomy":"product_tag","embeddable":true,"href":"https:\/\/sklep.med4life.com.pl\/en\/wp-json\/wp\/v2\/product_tag?post=6654"}],"curies":[{"name":"wp","href":"https:\/\/api.w.org\/{rel}","templated":true}]}}