{"id":6658,"date":"2025-04-24T17:26:10","date_gmt":"2025-04-24T15:26:10","guid":{"rendered":"https:\/\/sklep.med4life.com.pl\/?post_type=product&#038;p=6658"},"modified":"2026-01-12T15:28:48","modified_gmt":"2026-01-12T14:28:48","slug":"defibrylator-treningowy-cu-medical-spt-odpowiednik-sp1","status":"publish","type":"product","link":"https:\/\/sklep.med4life.com.pl\/en\/product\/defibrylator-treningowy-cu-medical-spt-odpowiednik-sp1\/","title":{"rendered":"Defibrylator treningowy CU Medical SPT (odpowiednik SP1)"},"content":{"rendered":"<p>Defibrylator treningowy CU Medical SPT<\/p>\n<p>kod: SPT-SP<\/p>\n<p>Defibrylator treningowy CU-SPT Trainer to odpowiednik urz\u0105dzenia medycznego AED iPAD CU-SP1, zosta\u0142 zaprojektowany tak, aby na\u015bladowa\u0107 dzia\u0142anie defibrylatora medycznego iPAD SP1, ale nie uwalnia prawdziwego wstrz\u0105su defibrylacyjnego! Po w\u0142\u0105czeniu trena\u017cer symuluje funkcje iPAD SP1, takie jak komunikaty g\u0142osowe prowadz\u0105ce u\u017cytkownika przez proces ratunkowy, a tak\u017ce \u0142adowanie i dostarczanie wstrz\u0105su.<\/p>\n<p>Funkcje:<\/p>\n<p>&#8211; Posiada 8 scenariuszy, pozwalaj\u0105cych na zapoznanie si\u0119 z og\u00f3lnymi zasadami dzia\u0142ania AED oraz ucz\u0105cymi jak post\u0119powa\u0107 z AED w sytuacji Nag\u0142ego Zatrzymania Kr\u0105\u017cenia (NZK).<br \/>\n&#8211; Tryb pediatryczny &#8211; prze\u0142\u0105cznik doros\u0142y\/dziecko.<br \/>\n&#8211; Pod\u015bwietlane prowadnice rozmieszczenia pad\u00f3w.<br \/>\n&#8211; Przycisk w\u0142\u0105czania\/wy\u0142\u0105czania.<br \/>\n&#8211; Przycisk wstrz\u0105su.<br \/>\n&#8211; Wyra\u017ane komunikaty g\u0142osowe.<br \/>\n&#8211; i-przycisk do pomocy w resuscytacji kr\u0105\u017ceniowo-oddechowej.<\/p>\n<p>Trena\u017cer iPAD SPT jest przeznaczony do u\u017cytku podczas szkole\u0144 z pierwszej pomocy i pomaga u\u017cytkownikom nabra\u0107 wprawy w korzystaniu z p\u00f3\u0142automatycznego lub automatycznego defibrylatora zewn\u0119trznego.<\/p>\n<p>W zestawie:<\/p>\n<p>&#8211; iPAD SPT (w komplecie z bateriami)<br \/>\n&#8211; elektrody szkoleniowe iPAD SPT<br \/>\n&#8211; pilot na podczerwie\u0144 (w komplecie z bateriami)<br \/>\n&#8211; torba dedykowana do urz\u0105dzenia treningowego SPT<br \/>\n&#8211; instrukcja obs\u0142ugi<\/p>","protected":false},"excerpt":{"rendered":"<p>Defibrylator treningowy CU-SPT Trainer to odpowiednik urz\u0105dzenia medycznego AED iPAD CU-SP1, zosta\u0142 zaprojektowany tak, aby na\u015bladowa\u0107 dzia\u0142anie defibrylatora medycznego iPAD SP1, ale nie uwalnia prawdziwego wstrz\u0105su defibrylacyjnego! Po w\u0142\u0105czeniu trena\u017cer symuluje funkcje iPAD SP1, takie jak komunikaty g\u0142osowe prowadz\u0105ce u\u017cytkownika przez proces ratunkowy, a tak\u017ce \u0142adowanie i dostarczanie wstrz\u0105su.<\/p>\n<p>Funkcje:<\/p>\n<p>&#8211; Posiada 8 scenariuszy, pozwalaj\u0105cych na zapoznanie si\u0119 z og\u00f3lnymi zasadami dzia\u0142ania AED oraz ucz\u0105cymi jak post\u0119powa\u0107 z AED w sytuacji Nag\u0142ego Zatrzymania Kr\u0105\u017cenia (NZK).<br \/>\n&#8211; Tryb pediatryczny &#8211; prze\u0142\u0105cznik doros\u0142y\/dziecko.<br \/>\n&#8211; Pod\u015bwietlane prowadnice rozmieszczenia pad\u00f3w.<br \/>\n&#8211; Przycisk w\u0142\u0105czania\/wy\u0142\u0105czania.<br \/>\n&#8211; Przycisk wstrz\u0105su.<br \/>\n&#8211; Wyra\u017ane komunikaty g\u0142osowe.<br \/>\n&#8211; i-przycisk do pomocy w resuscytacji kr\u0105\u017ceniowo-oddechowej.<\/p>\n<p>Trena\u017cer iPAD SPT jest przeznaczony do u\u017cytku podczas szkole\u0144 z pierwszej pomocy i pomaga u\u017cytkownikom nabra\u0107 wprawy w korzystaniu z p\u00f3\u0142automatycznego lub automatycznego defibrylatora zewn\u0119trznego.<\/p>","protected":false},"featured_media":6659,"comment_status":"open","ping_status":"closed","template":"","meta":{"content-type":"","om_disable_all_campaigns":false,"_monsterinsights_skip_tracking":false,"_monsterinsights_sitenote_active":false,"_monsterinsights_sitenote_note":"","_monsterinsights_sitenote_category":0},"product_cat":[95],"product_tag":[],"class_list":{"0":"post-6658","1":"product","2":"type-product","3":"status-publish","4":"has-post-thumbnail","6":"product_cat-defibrylatory","8":"first","9":"instock","10":"shipping-taxable","11":"product-type-simple"},"yoast_head":"<!-- This site is optimized with the Yoast SEO plugin v23.8 - https:\/\/yoast.com\/wordpress\/plugins\/seo\/ -->\n<title>Defibrylator treningowy CU Medical SPT (odpowiednik SP1) - sklep.med4life.com.pl<\/title>\n<meta name=\"robots\" content=\"index, follow, max-snippet:-1, max-image-preview:large, max-video-preview:-1\" \/>\n<link rel=\"canonical\" href=\"https:\/\/sklep.med4life.com.pl\/en\/product\/defibrylator-treningowy-cu-medical-spt-odpowiednik-sp1\/\" \/>\n<meta property=\"og:locale\" content=\"en_US\" \/>\n<meta property=\"og:type\" content=\"article\" \/>\n<meta property=\"og:title\" content=\"Defibrylator treningowy CU Medical SPT (odpowiednik SP1) - sklep.med4life.com.pl\" \/>\n<meta property=\"og:description\" content=\"Defibrylator treningowy CU-SPT Trainer to odpowiednik urz\u0105dzenia medycznego AED iPAD CU-SP1, zosta\u0142 zaprojektowany tak, aby na\u015bladowa\u0107 dzia\u0142anie defibrylatora medycznego iPAD SP1, ale nie uwalnia prawdziwego wstrz\u0105su defibrylacyjnego! Po w\u0142\u0105czeniu trena\u017cer symuluje funkcje iPAD SP1, takie jak komunikaty g\u0142osowe prowadz\u0105ce u\u017cytkownika przez proces ratunkowy, a tak\u017ce \u0142adowanie i dostarczanie wstrz\u0105su.  Funkcje:  - Posiada 8 scenariuszy, pozwalaj\u0105cych na zapoznanie si\u0119 z og\u00f3lnymi zasadami dzia\u0142ania AED oraz ucz\u0105cymi jak post\u0119powa\u0107 z AED w sytuacji Nag\u0142ego Zatrzymania Kr\u0105\u017cenia (NZK). - Tryb pediatryczny - prze\u0142\u0105cznik doros\u0142y\/dziecko. - Pod\u015bwietlane prowadnice rozmieszczenia pad\u00f3w. - Przycisk w\u0142\u0105czania\/wy\u0142\u0105czania. - Przycisk wstrz\u0105su. - Wyra\u017ane komunikaty g\u0142osowe. - i-przycisk do pomocy w resuscytacji kr\u0105\u017ceniowo-oddechowej.  Trena\u017cer iPAD SPT jest przeznaczony do u\u017cytku podczas szkole\u0144 z pierwszej pomocy i pomaga u\u017cytkownikom nabra\u0107 wprawy w korzystaniu z p\u00f3\u0142automatycznego lub automatycznego defibrylatora zewn\u0119trznego.\" \/>\n<meta property=\"og:url\" content=\"https:\/\/sklep.med4life.com.pl\/en\/product\/defibrylator-treningowy-cu-medical-spt-odpowiednik-sp1\/\" \/>\n<meta property=\"og:site_name\" content=\"sklep.med4life.com.pl\" \/>\n<meta property=\"article:modified_time\" content=\"2026-01-12T14:28:48+00:00\" \/>\n<meta property=\"og:image\" content=\"https:\/\/sklep.med4life.com.pl\/wp-content\/uploads\/2025\/04\/CU_Medical_defibrylator_treningowy_iPAD_SPT_02.jpg\" \/>\n\t<meta property=\"og:image:width\" content=\"1200\" \/>\n\t<meta property=\"og:image:height\" content=\"1200\" \/>\n\t<meta property=\"og:image:type\" content=\"image\/jpeg\" \/>\n<meta name=\"twitter:card\" content=\"summary_large_image\" \/>\n<meta name=\"twitter:label1\" content=\"Est. reading time\" \/>\n\t<meta name=\"twitter:data1\" content=\"2 minutes\" \/>\n<script type=\"application\/ld+json\" class=\"yoast-schema-graph\">{\"@context\":\"https:\/\/schema.org\",\"@graph\":[{\"@type\":\"WebPage\",\"@id\":\"https:\/\/sklep.med4life.com.pl\/product\/defibrylator-treningowy-cu-medical-spt-odpowiednik-sp1\/\",\"url\":\"https:\/\/sklep.med4life.com.pl\/product\/defibrylator-treningowy-cu-medical-spt-odpowiednik-sp1\/\",\"name\":\"Defibrylator treningowy CU Medical SPT (odpowiednik SP1) - sklep.med4life.com.pl\",\"isPartOf\":{\"@id\":\"https:\/\/sklep.med4life.com.pl\/#website\"},\"primaryImageOfPage\":{\"@id\":\"https:\/\/sklep.med4life.com.pl\/product\/defibrylator-treningowy-cu-medical-spt-odpowiednik-sp1\/#primaryimage\"},\"image\":{\"@id\":\"https:\/\/sklep.med4life.com.pl\/product\/defibrylator-treningowy-cu-medical-spt-odpowiednik-sp1\/#primaryimage\"},\"thumbnailUrl\":\"https:\/\/sklep.med4life.com.pl\/wp-content\/uploads\/2025\/04\/CU_Medical_defibrylator_treningowy_iPAD_SPT_02.jpg\",\"datePublished\":\"2025-04-24T15:26:10+00:00\",\"dateModified\":\"2026-01-12T14:28:48+00:00\",\"breadcrumb\":{\"@id\":\"https:\/\/sklep.med4life.com.pl\/product\/defibrylator-treningowy-cu-medical-spt-odpowiednik-sp1\/#breadcrumb\"},\"inLanguage\":\"en-US\",\"potentialAction\":[{\"@type\":\"ReadAction\",\"target\":[\"https:\/\/sklep.med4life.com.pl\/product\/defibrylator-treningowy-cu-medical-spt-odpowiednik-sp1\/\"]}]},{\"@type\":\"ImageObject\",\"inLanguage\":\"en-US\",\"@id\":\"https:\/\/sklep.med4life.com.pl\/product\/defibrylator-treningowy-cu-medical-spt-odpowiednik-sp1\/#primaryimage\",\"url\":\"https:\/\/sklep.med4life.com.pl\/wp-content\/uploads\/2025\/04\/CU_Medical_defibrylator_treningowy_iPAD_SPT_02.jpg\",\"contentUrl\":\"https:\/\/sklep.med4life.com.pl\/wp-content\/uploads\/2025\/04\/CU_Medical_defibrylator_treningowy_iPAD_SPT_02.jpg\",\"width\":1200,\"height\":1200},{\"@type\":\"BreadcrumbList\",\"@id\":\"https:\/\/sklep.med4life.com.pl\/product\/defibrylator-treningowy-cu-medical-spt-odpowiednik-sp1\/#breadcrumb\",\"itemListElement\":[{\"@type\":\"ListItem\",\"position\":1,\"name\":\"Strona g\u0142\u00f3wna\",\"item\":\"https:\/\/sklep.med4life.com.pl\/\"},{\"@type\":\"ListItem\",\"position\":2,\"name\":\"Sklep\",\"item\":\"https:\/\/sklep.med4life.com.pl\/shop\/\"},{\"@type\":\"ListItem\",\"position\":3,\"name\":\"Defibrylator treningowy CU Medical SPT (odpowiednik SP1)\"}]},{\"@type\":\"WebSite\",\"@id\":\"https:\/\/sklep.med4life.com.pl\/#website\",\"url\":\"https:\/\/sklep.med4life.com.pl\/\",\"name\":\"sklep.med4life.com.pl\",\"description\":\"\",\"potentialAction\":[{\"@type\":\"SearchAction\",\"target\":{\"@type\":\"EntryPoint\",\"urlTemplate\":\"https:\/\/sklep.med4life.com.pl\/?s={search_term_string}\"},\"query-input\":{\"@type\":\"PropertyValueSpecification\",\"valueRequired\":true,\"valueName\":\"search_term_string\"}}],\"inLanguage\":\"en-US\"}]}<\/script>\n<!-- \/ Yoast SEO plugin. -->","yoast_head_json":{"title":"Defibrylator treningowy CU Medical SPT (odpowiednik SP1) - sklep.med4life.com.pl","robots":{"index":"index","follow":"follow","max-snippet":"max-snippet:-1","max-image-preview":"max-image-preview:large","max-video-preview":"max-video-preview:-1"},"canonical":"https:\/\/sklep.med4life.com.pl\/en\/product\/defibrylator-treningowy-cu-medical-spt-odpowiednik-sp1\/","og_locale":"en_US","og_type":"article","og_title":"Defibrylator treningowy CU Medical SPT (odpowiednik SP1) - sklep.med4life.com.pl","og_description":"Defibrylator treningowy CU-SPT Trainer to odpowiednik urz\u0105dzenia medycznego AED iPAD CU-SP1, zosta\u0142 zaprojektowany tak, aby na\u015bladowa\u0107 dzia\u0142anie defibrylatora medycznego iPAD SP1, ale nie uwalnia prawdziwego wstrz\u0105su defibrylacyjnego! Po w\u0142\u0105czeniu trena\u017cer symuluje funkcje iPAD SP1, takie jak komunikaty g\u0142osowe prowadz\u0105ce u\u017cytkownika przez proces ratunkowy, a tak\u017ce \u0142adowanie i dostarczanie wstrz\u0105su.  Funkcje:  - Posiada 8 scenariuszy, pozwalaj\u0105cych na zapoznanie si\u0119 z og\u00f3lnymi zasadami dzia\u0142ania AED oraz ucz\u0105cymi jak post\u0119powa\u0107 z AED w sytuacji Nag\u0142ego Zatrzymania Kr\u0105\u017cenia (NZK). - Tryb pediatryczny - prze\u0142\u0105cznik doros\u0142y\/dziecko. - Pod\u015bwietlane prowadnice rozmieszczenia pad\u00f3w. - Przycisk w\u0142\u0105czania\/wy\u0142\u0105czania. - Przycisk wstrz\u0105su. - Wyra\u017ane komunikaty g\u0142osowe. - i-przycisk do pomocy w resuscytacji kr\u0105\u017ceniowo-oddechowej.  Trena\u017cer iPAD SPT jest przeznaczony do u\u017cytku podczas szkole\u0144 z pierwszej pomocy i pomaga u\u017cytkownikom nabra\u0107 wprawy w korzystaniu z p\u00f3\u0142automatycznego lub automatycznego defibrylatora zewn\u0119trznego.","og_url":"https:\/\/sklep.med4life.com.pl\/en\/product\/defibrylator-treningowy-cu-medical-spt-odpowiednik-sp1\/","og_site_name":"sklep.med4life.com.pl","article_modified_time":"2026-01-12T14:28:48+00:00","og_image":[{"width":1200,"height":1200,"url":"https:\/\/sklep.med4life.com.pl\/wp-content\/uploads\/2025\/04\/CU_Medical_defibrylator_treningowy_iPAD_SPT_02.jpg","type":"image\/jpeg"}],"twitter_card":"summary_large_image","twitter_misc":{"Est. reading time":"2 minutes"},"schema":{"@context":"https:\/\/schema.org","@graph":[{"@type":"WebPage","@id":"https:\/\/sklep.med4life.com.pl\/product\/defibrylator-treningowy-cu-medical-spt-odpowiednik-sp1\/","url":"https:\/\/sklep.med4life.com.pl\/product\/defibrylator-treningowy-cu-medical-spt-odpowiednik-sp1\/","name":"Defibrylator treningowy CU Medical SPT (odpowiednik SP1) - sklep.med4life.com.pl","isPartOf":{"@id":"https:\/\/sklep.med4life.com.pl\/#website"},"primaryImageOfPage":{"@id":"https:\/\/sklep.med4life.com.pl\/product\/defibrylator-treningowy-cu-medical-spt-odpowiednik-sp1\/#primaryimage"},"image":{"@id":"https:\/\/sklep.med4life.com.pl\/product\/defibrylator-treningowy-cu-medical-spt-odpowiednik-sp1\/#primaryimage"},"thumbnailUrl":"https:\/\/sklep.med4life.com.pl\/wp-content\/uploads\/2025\/04\/CU_Medical_defibrylator_treningowy_iPAD_SPT_02.jpg","datePublished":"2025-04-24T15:26:10+00:00","dateModified":"2026-01-12T14:28:48+00:00","breadcrumb":{"@id":"https:\/\/sklep.med4life.com.pl\/product\/defibrylator-treningowy-cu-medical-spt-odpowiednik-sp1\/#breadcrumb"},"inLanguage":"en-US","potentialAction":[{"@type":"ReadAction","target":["https:\/\/sklep.med4life.com.pl\/product\/defibrylator-treningowy-cu-medical-spt-odpowiednik-sp1\/"]}]},{"@type":"ImageObject","inLanguage":"en-US","@id":"https:\/\/sklep.med4life.com.pl\/product\/defibrylator-treningowy-cu-medical-spt-odpowiednik-sp1\/#primaryimage","url":"https:\/\/sklep.med4life.com.pl\/wp-content\/uploads\/2025\/04\/CU_Medical_defibrylator_treningowy_iPAD_SPT_02.jpg","contentUrl":"https:\/\/sklep.med4life.com.pl\/wp-content\/uploads\/2025\/04\/CU_Medical_defibrylator_treningowy_iPAD_SPT_02.jpg","width":1200,"height":1200},{"@type":"BreadcrumbList","@id":"https:\/\/sklep.med4life.com.pl\/product\/defibrylator-treningowy-cu-medical-spt-odpowiednik-sp1\/#breadcrumb","itemListElement":[{"@type":"ListItem","position":1,"name":"Strona g\u0142\u00f3wna","item":"https:\/\/sklep.med4life.com.pl\/"},{"@type":"ListItem","position":2,"name":"Sklep","item":"https:\/\/sklep.med4life.com.pl\/shop\/"},{"@type":"ListItem","position":3,"name":"Defibrylator treningowy CU Medical SPT (odpowiednik SP1)"}]},{"@type":"WebSite","@id":"https:\/\/sklep.med4life.com.pl\/#website","url":"https:\/\/sklep.med4life.com.pl\/","name":"sklep.med4life.com.pl","description":"","potentialAction":[{"@type":"SearchAction","target":{"@type":"EntryPoint","urlTemplate":"https:\/\/sklep.med4life.com.pl\/?s={search_term_string}"},"query-input":{"@type":"PropertyValueSpecification","valueRequired":true,"valueName":"search_term_string"}}],"inLanguage":"en-US"}]}},"_links":{"self":[{"href":"https:\/\/sklep.med4life.com.pl\/en\/wp-json\/wp\/v2\/product\/6658","targetHints":{"allow":["GET"]}}],"collection":[{"href":"https:\/\/sklep.med4life.com.pl\/en\/wp-json\/wp\/v2\/product"}],"about":[{"href":"https:\/\/sklep.med4life.com.pl\/en\/wp-json\/wp\/v2\/types\/product"}],"replies":[{"embeddable":true,"href":"https:\/\/sklep.med4life.com.pl\/en\/wp-json\/wp\/v2\/comments?post=6658"}],"wp:featuredmedia":[{"embeddable":true,"href":"https:\/\/sklep.med4life.com.pl\/en\/wp-json\/wp\/v2\/media\/6659"}],"wp:attachment":[{"href":"https:\/\/sklep.med4life.com.pl\/en\/wp-json\/wp\/v2\/media?parent=6658"}],"wp:term":[{"taxonomy":"product_cat","embeddable":true,"href":"https:\/\/sklep.med4life.com.pl\/en\/wp-json\/wp\/v2\/product_cat?post=6658"},{"taxonomy":"product_tag","embeddable":true,"href":"https:\/\/sklep.med4life.com.pl\/en\/wp-json\/wp\/v2\/product_tag?post=6658"}],"curies":[{"name":"wp","href":"https:\/\/api.w.org\/{rel}","templated":true}]}}