{"id":6661,"date":"2025-04-24T17:27:17","date_gmt":"2025-04-24T15:27:17","guid":{"rendered":"https:\/\/sklep.med4life.com.pl\/?post_type=product&#038;p=6661"},"modified":"2025-04-24T17:27:18","modified_gmt":"2025-04-24T15:27:18","slug":"elektrody-treningowe-cu-medical-do-spt","status":"publish","type":"product","link":"https:\/\/sklep.med4life.com.pl\/en\/product\/elektrody-treningowe-cu-medical-do-spt\/","title":{"rendered":"Elektrody treningowe CU Medical do SPT"},"content":{"rendered":"<p>Elektrody treningowe CU Medical do SPT<\/p>\n<p>kod: CUA1109TP<\/p>\n<p>Elektrody szkoleniowe CU Medical do trena\u017cera iPAD SPT.<\/p>\n<p>Elektrody treningowe wraz z defibrylatorem treningowym SPT zapewniaj\u0105 uczniom najbardziej realistyczne szkolenie, pozwalaj\u0105c im \u0107wiczy\u0107 wszystkie etapy procesu ratunkowego. Elektrody mog\u0105 by\u0107 u\u017cywane wielokrotnie, dzi\u0119ki czemu nie trzeba ich wymienia\u0107 po ka\u017cdym kursie, co znacznie zmniejsza koszty szkole\u0144 z Pierwszej Pomocy.<\/p>\n<p>Elektrod do urz\u0105dzenia treningowego iPAD SPT nie nale\u017cy stosowa\u0107 z defibrylatorem medycznym, poniewa\u017c elektrody szkoleniowe nie s\u0105 w stanie poda\u0107 wstrz\u0105su elektrycznego.<\/p>\n<p>Informacje og\u00f3lne:<\/p>\n<p>\u2013 zastosowanie: w celach szkoleniowych,<br \/>\n\u2013 uniwersalne (rozmiar dla doros\u0142ych, mog\u0105 by\u0107 r\u00f3wnie\u017c u\u017cyte jako elektrody pediatryczne),<br \/>\n\u2013 wielorazowe, samoprzylepne,<br \/>\n\u2013 z kablem przy\u0142\u0105czeniowym,<br \/>\n\u2013 opakowane s\u0105 w grub\u0105 foli\u0119 chroni\u0105c\u0105 przed uszkodzeniem.<\/p>","protected":false},"excerpt":{"rendered":"<p>Elektrody szkoleniowe CU Medical do trena\u017cera iPAD SPT.<\/p>\n<p>Elektrody treningowe wraz z defibrylatorem treningowym SPT zapewniaj\u0105 uczniom najbardziej realistyczne szkolenie, pozwalaj\u0105c im \u0107wiczy\u0107 wszystkie etapy procesu ratunkowego. Elektrody mog\u0105 by\u0107 u\u017cywane wielokrotnie, dzi\u0119ki czemu nie trzeba ich wymienia\u0107 po ka\u017cdym kursie, co znacznie zmniejsza koszty szkole\u0144 z Pierwszej Pomocy.<\/p>\n<p>Elektrod do urz\u0105dzenia treningowego iPAD SPT nie nale\u017cy stosowa\u0107 z defibrylatorem medycznym, poniewa\u017c elektrody szkoleniowe nie s\u0105 w stanie poda\u0107 wstrz\u0105su elektrycznego.<\/p>","protected":false},"featured_media":6662,"comment_status":"open","ping_status":"closed","template":"","meta":{"content-type":"","om_disable_all_campaigns":false,"_monsterinsights_skip_tracking":false,"_monsterinsights_sitenote_active":false,"_monsterinsights_sitenote_note":"","_monsterinsights_sitenote_category":0},"product_cat":[93],"product_tag":[],"class_list":{"0":"post-6661","1":"product","2":"type-product","3":"status-publish","4":"has-post-thumbnail","6":"product_cat-baterie-i-akcesoria","8":"first","9":"instock","10":"shipping-taxable","11":"product-type-simple"},"yoast_head":"<!-- This site is optimized with the Yoast SEO plugin v23.8 - https:\/\/yoast.com\/wordpress\/plugins\/seo\/ -->\n<title>Elektrody treningowe CU Medical do SPT - sklep.med4life.com.pl<\/title>\n<meta name=\"robots\" content=\"index, follow, max-snippet:-1, max-image-preview:large, max-video-preview:-1\" \/>\n<link rel=\"canonical\" href=\"https:\/\/sklep.med4life.com.pl\/en\/product\/elektrody-treningowe-cu-medical-do-spt\/\" \/>\n<meta property=\"og:locale\" content=\"en_US\" \/>\n<meta property=\"og:type\" content=\"article\" \/>\n<meta property=\"og:title\" content=\"Elektrody treningowe CU Medical do SPT - sklep.med4life.com.pl\" \/>\n<meta property=\"og:description\" content=\"Elektrody szkoleniowe CU Medical do trena\u017cera iPAD SPT.  Elektrody treningowe wraz z defibrylatorem treningowym SPT zapewniaj\u0105 uczniom najbardziej realistyczne szkolenie, pozwalaj\u0105c im \u0107wiczy\u0107 wszystkie etapy procesu ratunkowego. Elektrody mog\u0105 by\u0107 u\u017cywane wielokrotnie, dzi\u0119ki czemu nie trzeba ich wymienia\u0107 po ka\u017cdym kursie, co znacznie zmniejsza koszty szkole\u0144 z Pierwszej Pomocy.  Elektrod do urz\u0105dzenia treningowego iPAD SPT nie nale\u017cy stosowa\u0107 z defibrylatorem medycznym, poniewa\u017c elektrody szkoleniowe nie s\u0105 w stanie poda\u0107 wstrz\u0105su elektrycznego.\" \/>\n<meta property=\"og:url\" content=\"https:\/\/sklep.med4life.com.pl\/en\/product\/elektrody-treningowe-cu-medical-do-spt\/\" \/>\n<meta property=\"og:site_name\" content=\"sklep.med4life.com.pl\" \/>\n<meta property=\"article:modified_time\" content=\"2025-04-24T15:27:18+00:00\" \/>\n<meta property=\"og:image\" content=\"https:\/\/sklep.med4life.com.pl\/wp-content\/uploads\/2025\/04\/CU_Medical_elektrody_treningowe_do_iPAD_SPT_CUA1109TP_01.jpg\" \/>\n\t<meta property=\"og:image:width\" content=\"1200\" \/>\n\t<meta property=\"og:image:height\" content=\"1200\" \/>\n\t<meta property=\"og:image:type\" content=\"image\/jpeg\" \/>\n<meta name=\"twitter:card\" content=\"summary_large_image\" \/>\n<meta name=\"twitter:label1\" content=\"Est. reading time\" \/>\n\t<meta name=\"twitter:data1\" content=\"1 minute\" \/>\n<script type=\"application\/ld+json\" class=\"yoast-schema-graph\">{\"@context\":\"https:\/\/schema.org\",\"@graph\":[{\"@type\":\"WebPage\",\"@id\":\"https:\/\/sklep.med4life.com.pl\/product\/elektrody-treningowe-cu-medical-do-spt\/\",\"url\":\"https:\/\/sklep.med4life.com.pl\/product\/elektrody-treningowe-cu-medical-do-spt\/\",\"name\":\"Elektrody treningowe CU Medical do SPT - sklep.med4life.com.pl\",\"isPartOf\":{\"@id\":\"https:\/\/sklep.med4life.com.pl\/#website\"},\"primaryImageOfPage\":{\"@id\":\"https:\/\/sklep.med4life.com.pl\/product\/elektrody-treningowe-cu-medical-do-spt\/#primaryimage\"},\"image\":{\"@id\":\"https:\/\/sklep.med4life.com.pl\/product\/elektrody-treningowe-cu-medical-do-spt\/#primaryimage\"},\"thumbnailUrl\":\"https:\/\/sklep.med4life.com.pl\/wp-content\/uploads\/2025\/04\/CU_Medical_elektrody_treningowe_do_iPAD_SPT_CUA1109TP_01.jpg\",\"datePublished\":\"2025-04-24T15:27:17+00:00\",\"dateModified\":\"2025-04-24T15:27:18+00:00\",\"breadcrumb\":{\"@id\":\"https:\/\/sklep.med4life.com.pl\/product\/elektrody-treningowe-cu-medical-do-spt\/#breadcrumb\"},\"inLanguage\":\"en-US\",\"potentialAction\":[{\"@type\":\"ReadAction\",\"target\":[\"https:\/\/sklep.med4life.com.pl\/product\/elektrody-treningowe-cu-medical-do-spt\/\"]}]},{\"@type\":\"ImageObject\",\"inLanguage\":\"en-US\",\"@id\":\"https:\/\/sklep.med4life.com.pl\/product\/elektrody-treningowe-cu-medical-do-spt\/#primaryimage\",\"url\":\"https:\/\/sklep.med4life.com.pl\/wp-content\/uploads\/2025\/04\/CU_Medical_elektrody_treningowe_do_iPAD_SPT_CUA1109TP_01.jpg\",\"contentUrl\":\"https:\/\/sklep.med4life.com.pl\/wp-content\/uploads\/2025\/04\/CU_Medical_elektrody_treningowe_do_iPAD_SPT_CUA1109TP_01.jpg\",\"width\":1200,\"height\":1200},{\"@type\":\"BreadcrumbList\",\"@id\":\"https:\/\/sklep.med4life.com.pl\/product\/elektrody-treningowe-cu-medical-do-spt\/#breadcrumb\",\"itemListElement\":[{\"@type\":\"ListItem\",\"position\":1,\"name\":\"Strona g\u0142\u00f3wna\",\"item\":\"https:\/\/sklep.med4life.com.pl\/\"},{\"@type\":\"ListItem\",\"position\":2,\"name\":\"Sklep\",\"item\":\"https:\/\/sklep.med4life.com.pl\/shop\/\"},{\"@type\":\"ListItem\",\"position\":3,\"name\":\"Elektrody treningowe CU Medical do SPT\"}]},{\"@type\":\"WebSite\",\"@id\":\"https:\/\/sklep.med4life.com.pl\/#website\",\"url\":\"https:\/\/sklep.med4life.com.pl\/\",\"name\":\"sklep.med4life.com.pl\",\"description\":\"\",\"potentialAction\":[{\"@type\":\"SearchAction\",\"target\":{\"@type\":\"EntryPoint\",\"urlTemplate\":\"https:\/\/sklep.med4life.com.pl\/?s={search_term_string}\"},\"query-input\":{\"@type\":\"PropertyValueSpecification\",\"valueRequired\":true,\"valueName\":\"search_term_string\"}}],\"inLanguage\":\"en-US\"}]}<\/script>\n<!-- \/ Yoast SEO plugin. -->","yoast_head_json":{"title":"Elektrody treningowe CU Medical do SPT - sklep.med4life.com.pl","robots":{"index":"index","follow":"follow","max-snippet":"max-snippet:-1","max-image-preview":"max-image-preview:large","max-video-preview":"max-video-preview:-1"},"canonical":"https:\/\/sklep.med4life.com.pl\/en\/product\/elektrody-treningowe-cu-medical-do-spt\/","og_locale":"en_US","og_type":"article","og_title":"Elektrody treningowe CU Medical do SPT - sklep.med4life.com.pl","og_description":"Elektrody szkoleniowe CU Medical do trena\u017cera iPAD SPT.  Elektrody treningowe wraz z defibrylatorem treningowym SPT zapewniaj\u0105 uczniom najbardziej realistyczne szkolenie, pozwalaj\u0105c im \u0107wiczy\u0107 wszystkie etapy procesu ratunkowego. Elektrody mog\u0105 by\u0107 u\u017cywane wielokrotnie, dzi\u0119ki czemu nie trzeba ich wymienia\u0107 po ka\u017cdym kursie, co znacznie zmniejsza koszty szkole\u0144 z Pierwszej Pomocy.  Elektrod do urz\u0105dzenia treningowego iPAD SPT nie nale\u017cy stosowa\u0107 z defibrylatorem medycznym, poniewa\u017c elektrody szkoleniowe nie s\u0105 w stanie poda\u0107 wstrz\u0105su elektrycznego.","og_url":"https:\/\/sklep.med4life.com.pl\/en\/product\/elektrody-treningowe-cu-medical-do-spt\/","og_site_name":"sklep.med4life.com.pl","article_modified_time":"2025-04-24T15:27:18+00:00","og_image":[{"width":1200,"height":1200,"url":"https:\/\/sklep.med4life.com.pl\/wp-content\/uploads\/2025\/04\/CU_Medical_elektrody_treningowe_do_iPAD_SPT_CUA1109TP_01.jpg","type":"image\/jpeg"}],"twitter_card":"summary_large_image","twitter_misc":{"Est. reading time":"1 minute"},"schema":{"@context":"https:\/\/schema.org","@graph":[{"@type":"WebPage","@id":"https:\/\/sklep.med4life.com.pl\/product\/elektrody-treningowe-cu-medical-do-spt\/","url":"https:\/\/sklep.med4life.com.pl\/product\/elektrody-treningowe-cu-medical-do-spt\/","name":"Elektrody treningowe CU Medical do SPT - sklep.med4life.com.pl","isPartOf":{"@id":"https:\/\/sklep.med4life.com.pl\/#website"},"primaryImageOfPage":{"@id":"https:\/\/sklep.med4life.com.pl\/product\/elektrody-treningowe-cu-medical-do-spt\/#primaryimage"},"image":{"@id":"https:\/\/sklep.med4life.com.pl\/product\/elektrody-treningowe-cu-medical-do-spt\/#primaryimage"},"thumbnailUrl":"https:\/\/sklep.med4life.com.pl\/wp-content\/uploads\/2025\/04\/CU_Medical_elektrody_treningowe_do_iPAD_SPT_CUA1109TP_01.jpg","datePublished":"2025-04-24T15:27:17+00:00","dateModified":"2025-04-24T15:27:18+00:00","breadcrumb":{"@id":"https:\/\/sklep.med4life.com.pl\/product\/elektrody-treningowe-cu-medical-do-spt\/#breadcrumb"},"inLanguage":"en-US","potentialAction":[{"@type":"ReadAction","target":["https:\/\/sklep.med4life.com.pl\/product\/elektrody-treningowe-cu-medical-do-spt\/"]}]},{"@type":"ImageObject","inLanguage":"en-US","@id":"https:\/\/sklep.med4life.com.pl\/product\/elektrody-treningowe-cu-medical-do-spt\/#primaryimage","url":"https:\/\/sklep.med4life.com.pl\/wp-content\/uploads\/2025\/04\/CU_Medical_elektrody_treningowe_do_iPAD_SPT_CUA1109TP_01.jpg","contentUrl":"https:\/\/sklep.med4life.com.pl\/wp-content\/uploads\/2025\/04\/CU_Medical_elektrody_treningowe_do_iPAD_SPT_CUA1109TP_01.jpg","width":1200,"height":1200},{"@type":"BreadcrumbList","@id":"https:\/\/sklep.med4life.com.pl\/product\/elektrody-treningowe-cu-medical-do-spt\/#breadcrumb","itemListElement":[{"@type":"ListItem","position":1,"name":"Strona g\u0142\u00f3wna","item":"https:\/\/sklep.med4life.com.pl\/"},{"@type":"ListItem","position":2,"name":"Sklep","item":"https:\/\/sklep.med4life.com.pl\/shop\/"},{"@type":"ListItem","position":3,"name":"Elektrody treningowe CU Medical do SPT"}]},{"@type":"WebSite","@id":"https:\/\/sklep.med4life.com.pl\/#website","url":"https:\/\/sklep.med4life.com.pl\/","name":"sklep.med4life.com.pl","description":"","potentialAction":[{"@type":"SearchAction","target":{"@type":"EntryPoint","urlTemplate":"https:\/\/sklep.med4life.com.pl\/?s={search_term_string}"},"query-input":{"@type":"PropertyValueSpecification","valueRequired":true,"valueName":"search_term_string"}}],"inLanguage":"en-US"}]}},"_links":{"self":[{"href":"https:\/\/sklep.med4life.com.pl\/en\/wp-json\/wp\/v2\/product\/6661","targetHints":{"allow":["GET"]}}],"collection":[{"href":"https:\/\/sklep.med4life.com.pl\/en\/wp-json\/wp\/v2\/product"}],"about":[{"href":"https:\/\/sklep.med4life.com.pl\/en\/wp-json\/wp\/v2\/types\/product"}],"replies":[{"embeddable":true,"href":"https:\/\/sklep.med4life.com.pl\/en\/wp-json\/wp\/v2\/comments?post=6661"}],"wp:featuredmedia":[{"embeddable":true,"href":"https:\/\/sklep.med4life.com.pl\/en\/wp-json\/wp\/v2\/media\/6662"}],"wp:attachment":[{"href":"https:\/\/sklep.med4life.com.pl\/en\/wp-json\/wp\/v2\/media?parent=6661"}],"wp:term":[{"taxonomy":"product_cat","embeddable":true,"href":"https:\/\/sklep.med4life.com.pl\/en\/wp-json\/wp\/v2\/product_cat?post=6661"},{"taxonomy":"product_tag","embeddable":true,"href":"https:\/\/sklep.med4life.com.pl\/en\/wp-json\/wp\/v2\/product_tag?post=6661"}],"curies":[{"name":"wp","href":"https:\/\/api.w.org\/{rel}","templated":true}]}}