{"id":6663,"date":"2025-04-24T17:28:14","date_gmt":"2025-04-24T15:28:14","guid":{"rendered":"https:\/\/sklep.med4life.com.pl\/?post_type=product&#038;p=6663"},"modified":"2025-04-24T17:28:14","modified_gmt":"2025-04-24T15:28:14","slug":"pilot-cu-medical-do-defibrylatora-treningowego-spt","status":"publish","type":"product","link":"https:\/\/sklep.med4life.com.pl\/en\/product\/pilot-cu-medical-do-defibrylatora-treningowego-spt\/","title":{"rendered":"Pilot CU Medical do defibrylatora treningowego SPT"},"content":{"rendered":"<p>Pilot CU Medical do defibrylatora treningowego SPT<\/p>\n<p>kod: AY-NFT-REMOTE<br \/>\nkod EAN: 8809435481291<\/p>\n<p>Pilot do trena\u017cera Cu Medical iPAD SPT, s\u0142u\u017cy do sterowania urz\u0105dzeniem treningowym i realizowania poszczeg\u00f3lnych scenariuszy szkoleniowych.<\/p>\n<p>Pilot dzia\u0142a na podczerwie\u0144 dlatego nie powinien znajdowa\u0107 si\u0119 w odleg\u0142o\u015bci wi\u0119kszej ni\u017c 5 m od urz\u0105dzenia treningowego, poza tym nale\u017cy zadba\u0107 aby mi\u0119dzy trena\u017cerem a pilotem nie znajdowa\u0142y si\u0119 \u017cadne przedmioty t\u0142umi\u0105ce \u015bwiat\u0142o podczerwone.<\/p>\n<p>Za pomoc\u0105 pilota mo\u017cna odtwarza\u0107 symulacje r\u00f3\u017cnych zdarze\u0144 wyst\u0119puj\u0105cych podczas akcji<br \/>\nratowniczych, takich jak wy\u0142\u0105czenie zasilania (Power OFF), pod\u0142\u0105czenie i od\u0142\u0105czenie elektrod<br \/>\n(PADS ON\/OFF), roz\u0142adowanie baterii i inne.<\/p>\n<p>Pilot s\u0142u\u017cy tak\u017ce do regulowania g\u0142o\u015bno\u015bci komunikat\u00f3w.<\/p>\n<p>Za pomoc\u0105 pilota mo\u017ce sterowa\u0107 wszystkimi operacjami urz\u0105dzenia SPT.<\/p>\n<p>Dane techniczne:<br \/>\n&#8211; na podczerwie\u0144,<br \/>\n&#8211; zasilany bateriami: 2 x AAA,<br \/>\n&#8211; waga:<br \/>\n&#8211; wymiary:<\/p>\n<p>&nbsp;<\/p>","protected":false},"excerpt":{"rendered":"<p>Pilot do trena\u017cera Cu Medical iPAD SPT, s\u0142u\u017cy do sterowania urz\u0105dzeniem treningowym i realizowania poszczeg\u00f3lnych scenariuszy szkoleniowych.<\/p>\n<p>Pilot dzia\u0142a na podczerwie\u0144 dlatego nie powinien znajdowa\u0107 si\u0119 w odleg\u0142o\u015bci wi\u0119kszej ni\u017c 5 m od urz\u0105dzenia treningowego, poza tym nale\u017cy zadba\u0107 aby mi\u0119dzy trena\u017cerem a pilotem nie znajdowa\u0142y si\u0119 \u017cadne przedmioty t\u0142umi\u0105ce \u015bwiat\u0142o podczerwone.<\/p>\n<p>Za pomoc\u0105 pilota mo\u017cna odtwarza\u0107 symulacje r\u00f3\u017cnych zdarze\u0144 wyst\u0119puj\u0105cych podczas akcji<br \/>\nratowniczych, takich jak wy\u0142\u0105czenie zasilania (Power OFF), pod\u0142\u0105czenie i od\u0142\u0105czenie elektrod<br \/>\n(PADS ON\/OFF), roz\u0142adowanie baterii i inne.<\/p>","protected":false},"featured_media":6664,"comment_status":"open","ping_status":"closed","template":"","meta":{"content-type":"","om_disable_all_campaigns":false,"_monsterinsights_skip_tracking":false,"_monsterinsights_sitenote_active":false,"_monsterinsights_sitenote_note":"","_monsterinsights_sitenote_category":0},"product_cat":[93],"product_tag":[],"class_list":{"0":"post-6663","1":"product","2":"type-product","3":"status-publish","4":"has-post-thumbnail","6":"product_cat-baterie-i-akcesoria","8":"first","9":"instock","10":"shipping-taxable","11":"product-type-simple"},"yoast_head":"<!-- This site is optimized with the Yoast SEO plugin v23.8 - https:\/\/yoast.com\/wordpress\/plugins\/seo\/ -->\n<title>Pilot CU Medical do defibrylatora treningowego SPT - sklep.med4life.com.pl<\/title>\n<meta name=\"robots\" content=\"index, follow, max-snippet:-1, max-image-preview:large, max-video-preview:-1\" \/>\n<link rel=\"canonical\" href=\"https:\/\/sklep.med4life.com.pl\/en\/product\/pilot-cu-medical-do-defibrylatora-treningowego-spt\/\" \/>\n<meta property=\"og:locale\" content=\"en_US\" \/>\n<meta property=\"og:type\" content=\"article\" \/>\n<meta property=\"og:title\" content=\"Pilot CU Medical do defibrylatora treningowego SPT - sklep.med4life.com.pl\" \/>\n<meta property=\"og:description\" content=\"Pilot do trena\u017cera Cu Medical iPAD SPT, s\u0142u\u017cy do sterowania urz\u0105dzeniem treningowym i realizowania poszczeg\u00f3lnych scenariuszy szkoleniowych.  Pilot dzia\u0142a na podczerwie\u0144 dlatego nie powinien znajdowa\u0107 si\u0119 w odleg\u0142o\u015bci wi\u0119kszej ni\u017c 5 m od urz\u0105dzenia treningowego, poza tym nale\u017cy zadba\u0107 aby mi\u0119dzy trena\u017cerem a pilotem nie znajdowa\u0142y si\u0119 \u017cadne przedmioty t\u0142umi\u0105ce \u015bwiat\u0142o podczerwone.  Za pomoc\u0105 pilota mo\u017cna odtwarza\u0107 symulacje r\u00f3\u017cnych zdarze\u0144 wyst\u0119puj\u0105cych podczas akcji ratowniczych, takich jak wy\u0142\u0105czenie zasilania (Power OFF), pod\u0142\u0105czenie i od\u0142\u0105czenie elektrod (PADS ON\/OFF), roz\u0142adowanie baterii i inne.\" \/>\n<meta property=\"og:url\" content=\"https:\/\/sklep.med4life.com.pl\/en\/product\/pilot-cu-medical-do-defibrylatora-treningowego-spt\/\" \/>\n<meta property=\"og:site_name\" content=\"sklep.med4life.com.pl\" \/>\n<meta property=\"og:image\" content=\"https:\/\/sklep.med4life.com.pl\/wp-content\/uploads\/2025\/04\/CU_Medical_pilot_do_trenazera_SPT-01.jpg\" \/>\n\t<meta property=\"og:image:width\" content=\"1200\" \/>\n\t<meta property=\"og:image:height\" content=\"1200\" \/>\n\t<meta property=\"og:image:type\" content=\"image\/jpeg\" \/>\n<meta name=\"twitter:card\" content=\"summary_large_image\" \/>\n<meta name=\"twitter:label1\" content=\"Est. reading time\" \/>\n\t<meta name=\"twitter:data1\" content=\"1 minute\" \/>\n<script type=\"application\/ld+json\" class=\"yoast-schema-graph\">{\"@context\":\"https:\/\/schema.org\",\"@graph\":[{\"@type\":\"WebPage\",\"@id\":\"https:\/\/sklep.med4life.com.pl\/product\/pilot-cu-medical-do-defibrylatora-treningowego-spt\/\",\"url\":\"https:\/\/sklep.med4life.com.pl\/product\/pilot-cu-medical-do-defibrylatora-treningowego-spt\/\",\"name\":\"Pilot CU Medical do defibrylatora treningowego SPT - sklep.med4life.com.pl\",\"isPartOf\":{\"@id\":\"https:\/\/sklep.med4life.com.pl\/#website\"},\"primaryImageOfPage\":{\"@id\":\"https:\/\/sklep.med4life.com.pl\/product\/pilot-cu-medical-do-defibrylatora-treningowego-spt\/#primaryimage\"},\"image\":{\"@id\":\"https:\/\/sklep.med4life.com.pl\/product\/pilot-cu-medical-do-defibrylatora-treningowego-spt\/#primaryimage\"},\"thumbnailUrl\":\"https:\/\/sklep.med4life.com.pl\/wp-content\/uploads\/2025\/04\/CU_Medical_pilot_do_trenazera_SPT-01.jpg\",\"datePublished\":\"2025-04-24T15:28:14+00:00\",\"dateModified\":\"2025-04-24T15:28:14+00:00\",\"breadcrumb\":{\"@id\":\"https:\/\/sklep.med4life.com.pl\/product\/pilot-cu-medical-do-defibrylatora-treningowego-spt\/#breadcrumb\"},\"inLanguage\":\"en-US\",\"potentialAction\":[{\"@type\":\"ReadAction\",\"target\":[\"https:\/\/sklep.med4life.com.pl\/product\/pilot-cu-medical-do-defibrylatora-treningowego-spt\/\"]}]},{\"@type\":\"ImageObject\",\"inLanguage\":\"en-US\",\"@id\":\"https:\/\/sklep.med4life.com.pl\/product\/pilot-cu-medical-do-defibrylatora-treningowego-spt\/#primaryimage\",\"url\":\"https:\/\/sklep.med4life.com.pl\/wp-content\/uploads\/2025\/04\/CU_Medical_pilot_do_trenazera_SPT-01.jpg\",\"contentUrl\":\"https:\/\/sklep.med4life.com.pl\/wp-content\/uploads\/2025\/04\/CU_Medical_pilot_do_trenazera_SPT-01.jpg\",\"width\":1200,\"height\":1200},{\"@type\":\"BreadcrumbList\",\"@id\":\"https:\/\/sklep.med4life.com.pl\/product\/pilot-cu-medical-do-defibrylatora-treningowego-spt\/#breadcrumb\",\"itemListElement\":[{\"@type\":\"ListItem\",\"position\":1,\"name\":\"Strona g\u0142\u00f3wna\",\"item\":\"https:\/\/sklep.med4life.com.pl\/\"},{\"@type\":\"ListItem\",\"position\":2,\"name\":\"Sklep\",\"item\":\"https:\/\/sklep.med4life.com.pl\/shop\/\"},{\"@type\":\"ListItem\",\"position\":3,\"name\":\"Pilot CU Medical do defibrylatora treningowego SPT\"}]},{\"@type\":\"WebSite\",\"@id\":\"https:\/\/sklep.med4life.com.pl\/#website\",\"url\":\"https:\/\/sklep.med4life.com.pl\/\",\"name\":\"sklep.med4life.com.pl\",\"description\":\"\",\"potentialAction\":[{\"@type\":\"SearchAction\",\"target\":{\"@type\":\"EntryPoint\",\"urlTemplate\":\"https:\/\/sklep.med4life.com.pl\/?s={search_term_string}\"},\"query-input\":{\"@type\":\"PropertyValueSpecification\",\"valueRequired\":true,\"valueName\":\"search_term_string\"}}],\"inLanguage\":\"en-US\"}]}<\/script>\n<!-- \/ Yoast SEO plugin. -->","yoast_head_json":{"title":"Pilot CU Medical do defibrylatora treningowego SPT - sklep.med4life.com.pl","robots":{"index":"index","follow":"follow","max-snippet":"max-snippet:-1","max-image-preview":"max-image-preview:large","max-video-preview":"max-video-preview:-1"},"canonical":"https:\/\/sklep.med4life.com.pl\/en\/product\/pilot-cu-medical-do-defibrylatora-treningowego-spt\/","og_locale":"en_US","og_type":"article","og_title":"Pilot CU Medical do defibrylatora treningowego SPT - sklep.med4life.com.pl","og_description":"Pilot do trena\u017cera Cu Medical iPAD SPT, s\u0142u\u017cy do sterowania urz\u0105dzeniem treningowym i realizowania poszczeg\u00f3lnych scenariuszy szkoleniowych.  Pilot dzia\u0142a na podczerwie\u0144 dlatego nie powinien znajdowa\u0107 si\u0119 w odleg\u0142o\u015bci wi\u0119kszej ni\u017c 5 m od urz\u0105dzenia treningowego, poza tym nale\u017cy zadba\u0107 aby mi\u0119dzy trena\u017cerem a pilotem nie znajdowa\u0142y si\u0119 \u017cadne przedmioty t\u0142umi\u0105ce \u015bwiat\u0142o podczerwone.  Za pomoc\u0105 pilota mo\u017cna odtwarza\u0107 symulacje r\u00f3\u017cnych zdarze\u0144 wyst\u0119puj\u0105cych podczas akcji ratowniczych, takich jak wy\u0142\u0105czenie zasilania (Power OFF), pod\u0142\u0105czenie i od\u0142\u0105czenie elektrod (PADS ON\/OFF), roz\u0142adowanie baterii i inne.","og_url":"https:\/\/sklep.med4life.com.pl\/en\/product\/pilot-cu-medical-do-defibrylatora-treningowego-spt\/","og_site_name":"sklep.med4life.com.pl","og_image":[{"width":1200,"height":1200,"url":"https:\/\/sklep.med4life.com.pl\/wp-content\/uploads\/2025\/04\/CU_Medical_pilot_do_trenazera_SPT-01.jpg","type":"image\/jpeg"}],"twitter_card":"summary_large_image","twitter_misc":{"Est. reading time":"1 minute"},"schema":{"@context":"https:\/\/schema.org","@graph":[{"@type":"WebPage","@id":"https:\/\/sklep.med4life.com.pl\/product\/pilot-cu-medical-do-defibrylatora-treningowego-spt\/","url":"https:\/\/sklep.med4life.com.pl\/product\/pilot-cu-medical-do-defibrylatora-treningowego-spt\/","name":"Pilot CU Medical do defibrylatora treningowego SPT - sklep.med4life.com.pl","isPartOf":{"@id":"https:\/\/sklep.med4life.com.pl\/#website"},"primaryImageOfPage":{"@id":"https:\/\/sklep.med4life.com.pl\/product\/pilot-cu-medical-do-defibrylatora-treningowego-spt\/#primaryimage"},"image":{"@id":"https:\/\/sklep.med4life.com.pl\/product\/pilot-cu-medical-do-defibrylatora-treningowego-spt\/#primaryimage"},"thumbnailUrl":"https:\/\/sklep.med4life.com.pl\/wp-content\/uploads\/2025\/04\/CU_Medical_pilot_do_trenazera_SPT-01.jpg","datePublished":"2025-04-24T15:28:14+00:00","dateModified":"2025-04-24T15:28:14+00:00","breadcrumb":{"@id":"https:\/\/sklep.med4life.com.pl\/product\/pilot-cu-medical-do-defibrylatora-treningowego-spt\/#breadcrumb"},"inLanguage":"en-US","potentialAction":[{"@type":"ReadAction","target":["https:\/\/sklep.med4life.com.pl\/product\/pilot-cu-medical-do-defibrylatora-treningowego-spt\/"]}]},{"@type":"ImageObject","inLanguage":"en-US","@id":"https:\/\/sklep.med4life.com.pl\/product\/pilot-cu-medical-do-defibrylatora-treningowego-spt\/#primaryimage","url":"https:\/\/sklep.med4life.com.pl\/wp-content\/uploads\/2025\/04\/CU_Medical_pilot_do_trenazera_SPT-01.jpg","contentUrl":"https:\/\/sklep.med4life.com.pl\/wp-content\/uploads\/2025\/04\/CU_Medical_pilot_do_trenazera_SPT-01.jpg","width":1200,"height":1200},{"@type":"BreadcrumbList","@id":"https:\/\/sklep.med4life.com.pl\/product\/pilot-cu-medical-do-defibrylatora-treningowego-spt\/#breadcrumb","itemListElement":[{"@type":"ListItem","position":1,"name":"Strona g\u0142\u00f3wna","item":"https:\/\/sklep.med4life.com.pl\/"},{"@type":"ListItem","position":2,"name":"Sklep","item":"https:\/\/sklep.med4life.com.pl\/shop\/"},{"@type":"ListItem","position":3,"name":"Pilot CU Medical do defibrylatora treningowego SPT"}]},{"@type":"WebSite","@id":"https:\/\/sklep.med4life.com.pl\/#website","url":"https:\/\/sklep.med4life.com.pl\/","name":"sklep.med4life.com.pl","description":"","potentialAction":[{"@type":"SearchAction","target":{"@type":"EntryPoint","urlTemplate":"https:\/\/sklep.med4life.com.pl\/?s={search_term_string}"},"query-input":{"@type":"PropertyValueSpecification","valueRequired":true,"valueName":"search_term_string"}}],"inLanguage":"en-US"}]}},"_links":{"self":[{"href":"https:\/\/sklep.med4life.com.pl\/en\/wp-json\/wp\/v2\/product\/6663","targetHints":{"allow":["GET"]}}],"collection":[{"href":"https:\/\/sklep.med4life.com.pl\/en\/wp-json\/wp\/v2\/product"}],"about":[{"href":"https:\/\/sklep.med4life.com.pl\/en\/wp-json\/wp\/v2\/types\/product"}],"replies":[{"embeddable":true,"href":"https:\/\/sklep.med4life.com.pl\/en\/wp-json\/wp\/v2\/comments?post=6663"}],"wp:featuredmedia":[{"embeddable":true,"href":"https:\/\/sklep.med4life.com.pl\/en\/wp-json\/wp\/v2\/media\/6664"}],"wp:attachment":[{"href":"https:\/\/sklep.med4life.com.pl\/en\/wp-json\/wp\/v2\/media?parent=6663"}],"wp:term":[{"taxonomy":"product_cat","embeddable":true,"href":"https:\/\/sklep.med4life.com.pl\/en\/wp-json\/wp\/v2\/product_cat?post=6663"},{"taxonomy":"product_tag","embeddable":true,"href":"https:\/\/sklep.med4life.com.pl\/en\/wp-json\/wp\/v2\/product_tag?post=6663"}],"curies":[{"name":"wp","href":"https:\/\/api.w.org\/{rel}","templated":true}]}}