{"id":6666,"date":"2025-04-24T17:31:07","date_gmt":"2025-04-24T15:31:07","guid":{"rendered":"https:\/\/sklep.med4life.com.pl\/?post_type=product&#038;p=6666"},"modified":"2025-04-24T17:31:07","modified_gmt":"2025-04-24T15:31:07","slug":"uchwyt-karetkowy-en1789-do-sp1","status":"publish","type":"product","link":"https:\/\/sklep.med4life.com.pl\/en\/product\/uchwyt-karetkowy-en1789-do-sp1\/","title":{"rendered":"Uchwyt karetkowy EN1789 do SP1"},"content":{"rendered":"<p>Uchwyt karetkowy EN1789 do defibrylator\u00f3w iPAD<\/p>\n<p>kod: CU-EN1789<br \/>\nkod EAN: 5906792430566<\/p>\n<p>Uchwyt samochodowy na defibrylator to solidne i niezawodne rozwi\u0105zanie do transportu defibrylator\u00f3w AED min. w pojazdach ratunkowych.<\/p>\n<p>Wykonany jest z grubego aluminium, dzi\u0119ki czemu zapewnia wysok\u0105 stabilno\u015b\u0107 i trwa\u0142o\u015b\u0107, i utrzymuje defibrylator bezpieczny i gotowy do u\u017cycia. Niewielkie wymiary sprawiaj\u0105, \u017ce pasuje do wi\u0119kszo\u015bci pojazd\u00f3w ratunkowych, a prosta forma umo\u017cliwia \u0142atwy i b\u0142yskawiczny dost\u0119p do AED.<\/p>\n<p>Uchwyt jest certyfikowany zgodnie z norm\u0105 EN 1789, kt\u00f3ra okre\u015bla wymagania dotycz\u0105ce projektowania, testowania, dzia\u0142ania i wyposa\u017cenia ambulans\u00f3w drogowych wykorzystywanych do transportu i opieki nad pacjentami.<\/p>\n<p>Cechy produktu:<br \/>\n&#8211; Przeznaczony do monta\u017cu w karetce pogotowia, wozie stra\u017cackim, samochodzie policyjnym, taks\u00f3wce, ci\u0119\u017car\u00f3wce, autobusie itp.<br \/>\n&#8211; Kompatybilny z urz\u0105dzeniami iPAD.<br \/>\n&#8211; \u0141atwe umieszczanie i \u015bci\u0105gnie defibrylatora zapewnienia natychmiastowy dost\u0119pu do AED.<br \/>\n&#8211; Prosty monta\u017c.<br \/>\n&#8211; Wykonany z aluminium o grubo\u015bci 3 mm.<br \/>\n&#8211; Wymiary: (wys. x szer. x g\u0142.): 30 x 35 x 15 cm.<\/p>","protected":false},"excerpt":{"rendered":"<p>Uchwyt samochodowy na defibrylator to solidne i niezawodne rozwi\u0105zanie do transportu defibrylator\u00f3w AED min. w pojazdach ratunkowych.<\/p>\n<p>Wykonany jest z grubego aluminium, dzi\u0119ki czemu zapewnia wysok\u0105 stabilno\u015b\u0107 i trwa\u0142o\u015b\u0107, i utrzymuje defibrylator bezpieczny i gotowy do u\u017cycia. Niewielkie wymiary sprawiaj\u0105, \u017ce pasuje do wi\u0119kszo\u015bci pojazd\u00f3w ratunkowych, a prosta forma umo\u017cliwia \u0142atwy i b\u0142yskawiczny dost\u0119p do AED.<\/p>\n<p>Uchwyt jest certyfikowany zgodnie z norm\u0105 EN 1789, kt\u00f3ra okre\u015bla wymagania dotycz\u0105ce projektowania, testowania, dzia\u0142ania i wyposa\u017cenia ambulans\u00f3w drogowych wykorzystywanych do transportu i opieki nad pacjentami.<\/p>","protected":false},"featured_media":6667,"comment_status":"open","ping_status":"closed","template":"","meta":{"content-type":"","om_disable_all_campaigns":false,"_monsterinsights_skip_tracking":false,"_monsterinsights_sitenote_active":false,"_monsterinsights_sitenote_note":"","_monsterinsights_sitenote_category":0},"product_cat":[93],"product_tag":[],"class_list":{"0":"post-6666","1":"product","2":"type-product","3":"status-publish","4":"has-post-thumbnail","6":"product_cat-baterie-i-akcesoria","8":"first","9":"instock","10":"shipping-taxable","11":"product-type-simple"},"yoast_head":"<!-- This site is optimized with the Yoast SEO plugin v23.8 - https:\/\/yoast.com\/wordpress\/plugins\/seo\/ -->\n<title>Uchwyt karetkowy EN1789 do SP1 - sklep.med4life.com.pl<\/title>\n<meta name=\"robots\" content=\"index, follow, max-snippet:-1, max-image-preview:large, max-video-preview:-1\" \/>\n<link rel=\"canonical\" href=\"https:\/\/sklep.med4life.com.pl\/en\/product\/uchwyt-karetkowy-en1789-do-sp1\/\" \/>\n<meta property=\"og:locale\" content=\"en_US\" \/>\n<meta property=\"og:type\" content=\"article\" \/>\n<meta property=\"og:title\" content=\"Uchwyt karetkowy EN1789 do SP1 - sklep.med4life.com.pl\" \/>\n<meta property=\"og:description\" content=\"Uchwyt samochodowy na defibrylator to solidne i niezawodne rozwi\u0105zanie do transportu defibrylator\u00f3w AED min. w pojazdach ratunkowych.  Wykonany jest z grubego aluminium, dzi\u0119ki czemu zapewnia wysok\u0105 stabilno\u015b\u0107 i trwa\u0142o\u015b\u0107, i utrzymuje defibrylator bezpieczny i gotowy do u\u017cycia. Niewielkie wymiary sprawiaj\u0105, \u017ce pasuje do wi\u0119kszo\u015bci pojazd\u00f3w ratunkowych, a prosta forma umo\u017cliwia \u0142atwy i b\u0142yskawiczny dost\u0119p do AED.  Uchwyt jest certyfikowany zgodnie z norm\u0105 EN 1789, kt\u00f3ra okre\u015bla wymagania dotycz\u0105ce projektowania, testowania, dzia\u0142ania i wyposa\u017cenia ambulans\u00f3w drogowych wykorzystywanych do transportu i opieki nad pacjentami.\" \/>\n<meta property=\"og:url\" content=\"https:\/\/sklep.med4life.com.pl\/en\/product\/uchwyt-karetkowy-en1789-do-sp1\/\" \/>\n<meta property=\"og:site_name\" content=\"sklep.med4life.com.pl\" \/>\n<meta property=\"og:image\" content=\"https:\/\/sklep.med4life.com.pl\/wp-content\/uploads\/2025\/04\/Uchwyt_karetkowy_EN1789_do_iPAD-01.jpg\" \/>\n\t<meta property=\"og:image:width\" content=\"1200\" \/>\n\t<meta property=\"og:image:height\" content=\"1200\" \/>\n\t<meta property=\"og:image:type\" content=\"image\/jpeg\" \/>\n<meta name=\"twitter:card\" content=\"summary_large_image\" \/>\n<meta name=\"twitter:label1\" content=\"Est. reading time\" \/>\n\t<meta name=\"twitter:data1\" content=\"2 minutes\" \/>\n<script type=\"application\/ld+json\" class=\"yoast-schema-graph\">{\"@context\":\"https:\/\/schema.org\",\"@graph\":[{\"@type\":\"WebPage\",\"@id\":\"https:\/\/sklep.med4life.com.pl\/product\/uchwyt-karetkowy-en1789-do-sp1\/\",\"url\":\"https:\/\/sklep.med4life.com.pl\/product\/uchwyt-karetkowy-en1789-do-sp1\/\",\"name\":\"Uchwyt karetkowy EN1789 do SP1 - sklep.med4life.com.pl\",\"isPartOf\":{\"@id\":\"https:\/\/sklep.med4life.com.pl\/#website\"},\"primaryImageOfPage\":{\"@id\":\"https:\/\/sklep.med4life.com.pl\/product\/uchwyt-karetkowy-en1789-do-sp1\/#primaryimage\"},\"image\":{\"@id\":\"https:\/\/sklep.med4life.com.pl\/product\/uchwyt-karetkowy-en1789-do-sp1\/#primaryimage\"},\"thumbnailUrl\":\"https:\/\/sklep.med4life.com.pl\/wp-content\/uploads\/2025\/04\/Uchwyt_karetkowy_EN1789_do_iPAD-01.jpg\",\"datePublished\":\"2025-04-24T15:31:07+00:00\",\"dateModified\":\"2025-04-24T15:31:07+00:00\",\"breadcrumb\":{\"@id\":\"https:\/\/sklep.med4life.com.pl\/product\/uchwyt-karetkowy-en1789-do-sp1\/#breadcrumb\"},\"inLanguage\":\"en-US\",\"potentialAction\":[{\"@type\":\"ReadAction\",\"target\":[\"https:\/\/sklep.med4life.com.pl\/product\/uchwyt-karetkowy-en1789-do-sp1\/\"]}]},{\"@type\":\"ImageObject\",\"inLanguage\":\"en-US\",\"@id\":\"https:\/\/sklep.med4life.com.pl\/product\/uchwyt-karetkowy-en1789-do-sp1\/#primaryimage\",\"url\":\"https:\/\/sklep.med4life.com.pl\/wp-content\/uploads\/2025\/04\/Uchwyt_karetkowy_EN1789_do_iPAD-01.jpg\",\"contentUrl\":\"https:\/\/sklep.med4life.com.pl\/wp-content\/uploads\/2025\/04\/Uchwyt_karetkowy_EN1789_do_iPAD-01.jpg\",\"width\":1200,\"height\":1200},{\"@type\":\"BreadcrumbList\",\"@id\":\"https:\/\/sklep.med4life.com.pl\/product\/uchwyt-karetkowy-en1789-do-sp1\/#breadcrumb\",\"itemListElement\":[{\"@type\":\"ListItem\",\"position\":1,\"name\":\"Strona g\u0142\u00f3wna\",\"item\":\"https:\/\/sklep.med4life.com.pl\/\"},{\"@type\":\"ListItem\",\"position\":2,\"name\":\"Sklep\",\"item\":\"https:\/\/sklep.med4life.com.pl\/shop\/\"},{\"@type\":\"ListItem\",\"position\":3,\"name\":\"Uchwyt karetkowy EN1789 do SP1\"}]},{\"@type\":\"WebSite\",\"@id\":\"https:\/\/sklep.med4life.com.pl\/#website\",\"url\":\"https:\/\/sklep.med4life.com.pl\/\",\"name\":\"sklep.med4life.com.pl\",\"description\":\"\",\"potentialAction\":[{\"@type\":\"SearchAction\",\"target\":{\"@type\":\"EntryPoint\",\"urlTemplate\":\"https:\/\/sklep.med4life.com.pl\/?s={search_term_string}\"},\"query-input\":{\"@type\":\"PropertyValueSpecification\",\"valueRequired\":true,\"valueName\":\"search_term_string\"}}],\"inLanguage\":\"en-US\"}]}<\/script>\n<!-- \/ Yoast SEO plugin. -->","yoast_head_json":{"title":"Uchwyt karetkowy EN1789 do SP1 - sklep.med4life.com.pl","robots":{"index":"index","follow":"follow","max-snippet":"max-snippet:-1","max-image-preview":"max-image-preview:large","max-video-preview":"max-video-preview:-1"},"canonical":"https:\/\/sklep.med4life.com.pl\/en\/product\/uchwyt-karetkowy-en1789-do-sp1\/","og_locale":"en_US","og_type":"article","og_title":"Uchwyt karetkowy EN1789 do SP1 - sklep.med4life.com.pl","og_description":"Uchwyt samochodowy na defibrylator to solidne i niezawodne rozwi\u0105zanie do transportu defibrylator\u00f3w AED min. w pojazdach ratunkowych.  Wykonany jest z grubego aluminium, dzi\u0119ki czemu zapewnia wysok\u0105 stabilno\u015b\u0107 i trwa\u0142o\u015b\u0107, i utrzymuje defibrylator bezpieczny i gotowy do u\u017cycia. Niewielkie wymiary sprawiaj\u0105, \u017ce pasuje do wi\u0119kszo\u015bci pojazd\u00f3w ratunkowych, a prosta forma umo\u017cliwia \u0142atwy i b\u0142yskawiczny dost\u0119p do AED.  Uchwyt jest certyfikowany zgodnie z norm\u0105 EN 1789, kt\u00f3ra okre\u015bla wymagania dotycz\u0105ce projektowania, testowania, dzia\u0142ania i wyposa\u017cenia ambulans\u00f3w drogowych wykorzystywanych do transportu i opieki nad pacjentami.","og_url":"https:\/\/sklep.med4life.com.pl\/en\/product\/uchwyt-karetkowy-en1789-do-sp1\/","og_site_name":"sklep.med4life.com.pl","og_image":[{"width":1200,"height":1200,"url":"https:\/\/sklep.med4life.com.pl\/wp-content\/uploads\/2025\/04\/Uchwyt_karetkowy_EN1789_do_iPAD-01.jpg","type":"image\/jpeg"}],"twitter_card":"summary_large_image","twitter_misc":{"Est. reading time":"2 minutes"},"schema":{"@context":"https:\/\/schema.org","@graph":[{"@type":"WebPage","@id":"https:\/\/sklep.med4life.com.pl\/product\/uchwyt-karetkowy-en1789-do-sp1\/","url":"https:\/\/sklep.med4life.com.pl\/product\/uchwyt-karetkowy-en1789-do-sp1\/","name":"Uchwyt karetkowy EN1789 do SP1 - sklep.med4life.com.pl","isPartOf":{"@id":"https:\/\/sklep.med4life.com.pl\/#website"},"primaryImageOfPage":{"@id":"https:\/\/sklep.med4life.com.pl\/product\/uchwyt-karetkowy-en1789-do-sp1\/#primaryimage"},"image":{"@id":"https:\/\/sklep.med4life.com.pl\/product\/uchwyt-karetkowy-en1789-do-sp1\/#primaryimage"},"thumbnailUrl":"https:\/\/sklep.med4life.com.pl\/wp-content\/uploads\/2025\/04\/Uchwyt_karetkowy_EN1789_do_iPAD-01.jpg","datePublished":"2025-04-24T15:31:07+00:00","dateModified":"2025-04-24T15:31:07+00:00","breadcrumb":{"@id":"https:\/\/sklep.med4life.com.pl\/product\/uchwyt-karetkowy-en1789-do-sp1\/#breadcrumb"},"inLanguage":"en-US","potentialAction":[{"@type":"ReadAction","target":["https:\/\/sklep.med4life.com.pl\/product\/uchwyt-karetkowy-en1789-do-sp1\/"]}]},{"@type":"ImageObject","inLanguage":"en-US","@id":"https:\/\/sklep.med4life.com.pl\/product\/uchwyt-karetkowy-en1789-do-sp1\/#primaryimage","url":"https:\/\/sklep.med4life.com.pl\/wp-content\/uploads\/2025\/04\/Uchwyt_karetkowy_EN1789_do_iPAD-01.jpg","contentUrl":"https:\/\/sklep.med4life.com.pl\/wp-content\/uploads\/2025\/04\/Uchwyt_karetkowy_EN1789_do_iPAD-01.jpg","width":1200,"height":1200},{"@type":"BreadcrumbList","@id":"https:\/\/sklep.med4life.com.pl\/product\/uchwyt-karetkowy-en1789-do-sp1\/#breadcrumb","itemListElement":[{"@type":"ListItem","position":1,"name":"Strona g\u0142\u00f3wna","item":"https:\/\/sklep.med4life.com.pl\/"},{"@type":"ListItem","position":2,"name":"Sklep","item":"https:\/\/sklep.med4life.com.pl\/shop\/"},{"@type":"ListItem","position":3,"name":"Uchwyt karetkowy EN1789 do SP1"}]},{"@type":"WebSite","@id":"https:\/\/sklep.med4life.com.pl\/#website","url":"https:\/\/sklep.med4life.com.pl\/","name":"sklep.med4life.com.pl","description":"","potentialAction":[{"@type":"SearchAction","target":{"@type":"EntryPoint","urlTemplate":"https:\/\/sklep.med4life.com.pl\/?s={search_term_string}"},"query-input":{"@type":"PropertyValueSpecification","valueRequired":true,"valueName":"search_term_string"}}],"inLanguage":"en-US"}]}},"_links":{"self":[{"href":"https:\/\/sklep.med4life.com.pl\/en\/wp-json\/wp\/v2\/product\/6666","targetHints":{"allow":["GET"]}}],"collection":[{"href":"https:\/\/sklep.med4life.com.pl\/en\/wp-json\/wp\/v2\/product"}],"about":[{"href":"https:\/\/sklep.med4life.com.pl\/en\/wp-json\/wp\/v2\/types\/product"}],"replies":[{"embeddable":true,"href":"https:\/\/sklep.med4life.com.pl\/en\/wp-json\/wp\/v2\/comments?post=6666"}],"wp:featuredmedia":[{"embeddable":true,"href":"https:\/\/sklep.med4life.com.pl\/en\/wp-json\/wp\/v2\/media\/6667"}],"wp:attachment":[{"href":"https:\/\/sklep.med4life.com.pl\/en\/wp-json\/wp\/v2\/media?parent=6666"}],"wp:term":[{"taxonomy":"product_cat","embeddable":true,"href":"https:\/\/sklep.med4life.com.pl\/en\/wp-json\/wp\/v2\/product_cat?post=6666"},{"taxonomy":"product_tag","embeddable":true,"href":"https:\/\/sklep.med4life.com.pl\/en\/wp-json\/wp\/v2\/product_tag?post=6666"}],"curies":[{"name":"wp","href":"https:\/\/api.w.org\/{rel}","templated":true}]}}