{"id":6669,"date":"2025-04-24T17:32:19","date_gmt":"2025-04-24T15:32:19","guid":{"rendered":"https:\/\/sklep.med4life.com.pl\/?post_type=product&#038;p=6669"},"modified":"2025-04-24T17:32:20","modified_gmt":"2025-04-24T15:32:20","slug":"szafka-defibsafe-3","status":"publish","type":"product","link":"https:\/\/sklep.med4life.com.pl\/en\/product\/szafka-defibsafe-3\/","title":{"rendered":"Szafka DefibSafe 3"},"content":{"rendered":"<p>Szafka na defibrylator DefibSafe 3 (DS3)<\/p>\n<p>Kod produktu: 95001<\/p>\n<p>Szafki na defibrylatory odgrywaj\u0105 kluczow\u0105 rol\u0119 w ochronie umieszczonych w nich AED przed r\u00f3\u017cnymi czynnikami zewn\u0119trznymi. Defibrylatory AED, cho\u0107 wytrzyma\u0142e, nie s\u0105 odporne na potencjalnie szkodliwe dzia\u0142anie ekstremalnych temperatur lub d\u0142ugotrwa\u0142ej wilgoci. Ekspozycja na bardzo wysokie lub niskie temperatury przez d\u0142u\u017cszy czas mo\u017ce zagrozi\u0107 skuteczno\u015bci urz\u0105dzenia, a w szczeg\u00f3lno\u015bci pogorszy\u0107 stan \u017celu na elektrodach lub zmniejszy\u0107 \u017cywotno\u015b\u0107 baterii, natomiast wilgo\u0107 przedostaj\u0105ca si\u0119 \u015brodka do obudowy defibrylatora mo\u017ce uszkodzi\u0107 elektronik\u0119 i spowodowa\u0107 awari\u0119, co mo\u017ce doprowadzi\u0107 do braku skuteczno\u015bci defibrylatora w sytuacji zagro\u017cenia \u017cycia i potrzeby jego u\u017cycia.<\/p>\n<p>Szafki DefibSafe 3 to idealne rozwi\u0105zanie do przechowywania defibrylator\u00f3w AED nawet w ekstremalnych warunkach atmosferycznych dzi\u0119ki najwy\u017cszej, dost\u0119pnej na rynku, klasie szczelno\u015bci IP66!<\/p>\n<p>Wykonana z niezwykle trwa\u0142ych materia\u0142\u00f3w obudowa (wytrzyma\u0142e tworzywo ABS i poliw\u0119glan PC) chroni umieszczony w niej defibrylator przed niekorzystnymi warunkami pogodowymi i korozj\u0105. Kapsu\u0142a posiada r\u00f3wnie\u017c uszczelnienie, dzi\u0119ki czemu jest wodoodporna, a tak\u017ce przyciemnienie pokrywy i zastosowana pow\u0142oka przeciw promieniowaniu UV chroni umieszczony w mniej defibrylator przed d\u0142ugotrwa\u0142\u0105 ekspozycj\u0105 na s\u0142o\u0144ce.<\/p>\n<p>Szafka wyposa\u017cona jest w system zarz\u0105dzania temperatur\u0105 w celu utrzymania optymalnej wydajno\u015bci defibrylatora.<\/p>\n<p>Zewn\u0119trzne o\u015bwietlenie LED wok\u00f3\u0142 kapsu\u0142y zapewnia dobr\u0105 widoczno\u015b\u0107 szafki zar\u00f3wno w dzie\u0144 jak i w nocy, ale tak\u017ce daje szybk\u0105 informacj\u0119 zwrotn\u0105 na temat jej stanu operacyjnego. Gdy LED \u015bwieci si\u0119 na zielono, oznacza to, \u017ce defibrylator w niej umieszczony jest gotowy do u\u017cycia. Gdy \u015bwieci na czerwono, oznacza to, \u017ce szafka jest otwarta i defibrylator mo\u017ce ju\u017c by\u0107 w u\u017cyciu! Dodatkowo nocne o\u015bwietlenie wn\u0119trza dyskretnie pod\u015bwietla \u015brodek kapsu\u0142y pokazuj\u0105c umieszczony w niej defibrylator.<\/p>\n<p>Elegancki i minimalistyczny design jest nie tylko estetyczny, ale r\u00f3wnie\u017c bardzo funkcjonalny i kompatybilny z wi\u0119kszo\u015bci\u0105 dost\u0119pnych na rynku defibrylator\u00f3w AED.<\/p>\n<p>Normy \/ standardy:<\/p>\n<p>&#8211; standard bezpiecze\u0144stwa: RoHS II (Directive Compliance 2011\/65\/EU)<br \/>\n&#8211; kompatybilno\u015b\u0107 elektromagnetyczna (EMC): EN 55011:2016+A1:2017, EN 55011:2016+A1:2017+A2:2021, EN IEC 61000-3-2:2019, EN IEC 61000-6-1:2019, EN 61000-3-3:2013\/A1:2019<br \/>\n&#8211; odporno\u015b\u0107 na strumie\u0144 wody i py\u0142oszczelno\u015b\u0107 (IEC 60529): IP66<\/p>\n<p>Funkcje szafki DefibSafe 3:<\/p>\n<p>&#8211; o\u015bwietlenie zewn\u0119trzne: dzi\u0119ki pier\u015bcieniowi kolorowego \u015bwiat\u0142a LED wok\u00f3\u0142 szafki jest ona \u0142atwa do zidentyfikowania w dzie\u0144 i w nocy (gdy kapsu\u0142a jest zamkni\u0119ta LEDy \u015bwiec\u0105 si\u0119 na zielono, gdy zostanie otwarta LEDy \u015bwiec\u0105 si\u0119 na czerwono)<br \/>\n&#8211; o\u015bwietlenie wn\u0119trza (nocne): automatyczne w\u0142\u0105czanie\/wy\u0142\u0105czanie za pomoc\u0105 czujnika o\u015bwietlenia<br \/>\n&#8211; alarm d\u017awi\u0119kowy &#8211; w przypadku otwartych drzwiczek, szafka b\u0119dzi\u0119 wydawa\u0107 sygna\u0142 d\u017awi\u0119kowy<br \/>\n&#8211; ogrzewanie: dzia\u0142a, gdy temperatura wewn\u0119trzna spadnie poni\u017cej 5\u00b0C<br \/>\n&#8211; ch\u0142odzenie\/wentylacja: dzia\u0142a, gdy temperatura wewn\u0119trzna przekroczy 30\u00b0C<br \/>\n&#8211; wy\u015bwietlacz: pokazuje wewn\u0119trzn\u0105 temperatur\u0119, wilgotno\u015b\u0107, stan zamkni\u0119cia\/otwarcia szafki,<br \/>\n&#8211; zasilanie: energia wej\u015bciowa: 100 &#8211; 240V 50\/60Hz 1,5A; wyj\u015bciowa: 12V &#8211; 5,0A (zasilacz w zestawie),<br \/>\n&#8211; do zastosowa\u0144 wewn\u0119trznych i zewn\u0119trznych.<\/p>\n<p>Szafka sprzedawana w zestawie z tablic\u0105 informacyjn\u0105.<\/p>\n<p>Wymiary:<\/p>\n<p>&#8211; zewn\u0119trzne kapsu\u0142y: \u015br. 52 cm x g\u0142. 22 cm<br \/>\n&#8211; wewn\u0119trzne kapsu\u0142y:<br \/>\n&#8211; tablicy:<\/p>\n<p>Waga:<\/p>\n<p>&#8211; samej kapsu\u0142y: 5,5 kg<br \/>\n&#8211; wspornika: 1,5 kg<\/p>\n<p>&nbsp;<\/p>\n<p>&nbsp;<\/p>","protected":false},"excerpt":{"rendered":"<p>Szafki na defibrylatory odgrywaj\u0105 kluczow\u0105 rol\u0119 w ochronie umieszczonych w nich AED przed r\u00f3\u017cnymi czynnikami zewn\u0119trznymi. Defibrylatory AED, cho\u0107 wytrzyma\u0142e, nie s\u0105 odporne na potencjalnie szkodliwe dzia\u0142anie ekstremalnych temperatur lub d\u0142ugotrwa\u0142ej wilgoci. Ekspozycja na bardzo wysokie lub niskie temperatury przez d\u0142u\u017cszy czas mo\u017ce zagrozi\u0107 skuteczno\u015bci urz\u0105dzenia, a w szczeg\u00f3lno\u015bci pogorszy\u0107 stan \u017celu na elektrodach lub zmniejszy\u0107 \u017cywotno\u015b\u0107 baterii, natomiast wilgo\u0107 przedostaj\u0105ca si\u0119 \u015brodka do obudowy defibrylatora mo\u017ce uszkodzi\u0107 elektronik\u0119 i spowodowa\u0107 awari\u0119, co mo\u017ce doprowadzi\u0107 do braku skuteczno\u015bci defibrylatora w sytuacji zagro\u017cenia \u017cycia i potrzeby jego u\u017cycia.<\/p>\n<p>Szafki DefibSafe 3 to idealne rozwi\u0105zanie do przechowywania defibrylator\u00f3w AED nawet w ekstremalnych warunkach atmosferycznych dzi\u0119ki najwy\u017cszej, dost\u0119pnej na rynku, klasie szczelno\u015bci IP66!<\/p>\n<p>Wykonana z niezwykle trwa\u0142ych materia\u0142\u00f3w obudowa (wytrzyma\u0142e tworzywo ABS i poliw\u0119glan PC) chroni umieszczony w niej defibrylator przed niekorzystnymi warunkami pogodowymi i korozj\u0105. Kapsu\u0142a posiada r\u00f3wnie\u017c uszczelnienie, dzi\u0119ki czemu jest wodoodporna, a tak\u017ce przyciemnienie pokrywy i zastosowana pow\u0142oka przeciw promieniowaniu UV chroni umieszczony w mniej defibrylator przed d\u0142ugotrwa\u0142\u0105 ekspozycj\u0105 na s\u0142o\u0144ce.<\/p>\n<p>Szafka wyposa\u017cona jest w system zarz\u0105dzania temperatur\u0105 w celu utrzymania optymalnej wydajno\u015bci defibrylatora.<\/p>","protected":false},"featured_media":6670,"comment_status":"open","ping_status":"closed","template":"","meta":{"content-type":"","om_disable_all_campaigns":false,"_monsterinsights_skip_tracking":false,"_monsterinsights_sitenote_active":false,"_monsterinsights_sitenote_note":"","_monsterinsights_sitenote_category":0},"product_cat":[94],"product_tag":[],"class_list":{"0":"post-6669","1":"product","2":"type-product","3":"status-publish","4":"has-post-thumbnail","6":"product_cat-gabloty-i-szafki","8":"first","9":"instock","10":"shipping-taxable","11":"product-type-simple"},"yoast_head":"<!-- This site is optimized with the Yoast SEO plugin v23.8 - https:\/\/yoast.com\/wordpress\/plugins\/seo\/ -->\n<title>Szafka DefibSafe 3 - sklep.med4life.com.pl<\/title>\n<meta name=\"robots\" content=\"index, follow, max-snippet:-1, max-image-preview:large, max-video-preview:-1\" \/>\n<link rel=\"canonical\" href=\"https:\/\/sklep.med4life.com.pl\/en\/product\/szafka-defibsafe-3\/\" \/>\n<meta property=\"og:locale\" content=\"en_US\" \/>\n<meta property=\"og:type\" content=\"article\" \/>\n<meta property=\"og:title\" content=\"Szafka DefibSafe 3 - sklep.med4life.com.pl\" \/>\n<meta property=\"og:description\" content=\"Szafki na defibrylatory odgrywaj\u0105 kluczow\u0105 rol\u0119 w ochronie umieszczonych w nich AED przed r\u00f3\u017cnymi czynnikami zewn\u0119trznymi. Defibrylatory AED, cho\u0107 wytrzyma\u0142e, nie s\u0105 odporne na potencjalnie szkodliwe dzia\u0142anie ekstremalnych temperatur lub d\u0142ugotrwa\u0142ej wilgoci. Ekspozycja na bardzo wysokie lub niskie temperatury przez d\u0142u\u017cszy czas mo\u017ce zagrozi\u0107 skuteczno\u015bci urz\u0105dzenia, a w szczeg\u00f3lno\u015bci pogorszy\u0107 stan \u017celu na elektrodach lub zmniejszy\u0107 \u017cywotno\u015b\u0107 baterii, natomiast wilgo\u0107 przedostaj\u0105ca si\u0119 \u015brodka do obudowy defibrylatora mo\u017ce uszkodzi\u0107 elektronik\u0119 i spowodowa\u0107 awari\u0119, co mo\u017ce doprowadzi\u0107 do braku skuteczno\u015bci defibrylatora w sytuacji zagro\u017cenia \u017cycia i potrzeby jego u\u017cycia.  Szafki DefibSafe 3 to idealne rozwi\u0105zanie do przechowywania defibrylator\u00f3w AED nawet w ekstremalnych warunkach atmosferycznych dzi\u0119ki najwy\u017cszej, dost\u0119pnej na rynku, klasie szczelno\u015bci IP66!  Wykonana z niezwykle trwa\u0142ych materia\u0142\u00f3w obudowa (wytrzyma\u0142e tworzywo ABS i poliw\u0119glan PC) chroni umieszczony w niej defibrylator przed niekorzystnymi warunkami pogodowymi i korozj\u0105. Kapsu\u0142a posiada r\u00f3wnie\u017c uszczelnienie, dzi\u0119ki czemu jest wodoodporna, a tak\u017ce przyciemnienie pokrywy i zastosowana pow\u0142oka przeciw promieniowaniu UV chroni umieszczony w mniej defibrylator przed d\u0142ugotrwa\u0142\u0105 ekspozycj\u0105 na s\u0142o\u0144ce.  Szafka wyposa\u017cona jest w system zarz\u0105dzania temperatur\u0105 w celu utrzymania optymalnej wydajno\u015bci defibrylatora.\" \/>\n<meta property=\"og:url\" content=\"https:\/\/sklep.med4life.com.pl\/en\/product\/szafka-defibsafe-3\/\" \/>\n<meta property=\"og:site_name\" content=\"sklep.med4life.com.pl\" \/>\n<meta property=\"article:modified_time\" content=\"2025-04-24T15:32:20+00:00\" \/>\n<meta property=\"og:image\" content=\"https:\/\/sklep.med4life.com.pl\/wp-content\/uploads\/2025\/04\/DefibSafe3_External_Cabinet_kapsula_szafka_na_defibrylator_01.jpg\" \/>\n\t<meta property=\"og:image:width\" content=\"1200\" \/>\n\t<meta property=\"og:image:height\" content=\"1200\" \/>\n\t<meta property=\"og:image:type\" content=\"image\/jpeg\" \/>\n<meta name=\"twitter:card\" content=\"summary_large_image\" \/>\n<meta name=\"twitter:label1\" content=\"Est. reading time\" \/>\n\t<meta name=\"twitter:data1\" content=\"3 minutes\" \/>\n<script type=\"application\/ld+json\" class=\"yoast-schema-graph\">{\"@context\":\"https:\/\/schema.org\",\"@graph\":[{\"@type\":\"WebPage\",\"@id\":\"https:\/\/sklep.med4life.com.pl\/product\/szafka-defibsafe-3\/\",\"url\":\"https:\/\/sklep.med4life.com.pl\/product\/szafka-defibsafe-3\/\",\"name\":\"Szafka DefibSafe 3 - sklep.med4life.com.pl\",\"isPartOf\":{\"@id\":\"https:\/\/sklep.med4life.com.pl\/#website\"},\"primaryImageOfPage\":{\"@id\":\"https:\/\/sklep.med4life.com.pl\/product\/szafka-defibsafe-3\/#primaryimage\"},\"image\":{\"@id\":\"https:\/\/sklep.med4life.com.pl\/product\/szafka-defibsafe-3\/#primaryimage\"},\"thumbnailUrl\":\"https:\/\/sklep.med4life.com.pl\/wp-content\/uploads\/2025\/04\/DefibSafe3_External_Cabinet_kapsula_szafka_na_defibrylator_01.jpg\",\"datePublished\":\"2025-04-24T15:32:19+00:00\",\"dateModified\":\"2025-04-24T15:32:20+00:00\",\"breadcrumb\":{\"@id\":\"https:\/\/sklep.med4life.com.pl\/product\/szafka-defibsafe-3\/#breadcrumb\"},\"inLanguage\":\"en-US\",\"potentialAction\":[{\"@type\":\"ReadAction\",\"target\":[\"https:\/\/sklep.med4life.com.pl\/product\/szafka-defibsafe-3\/\"]}]},{\"@type\":\"ImageObject\",\"inLanguage\":\"en-US\",\"@id\":\"https:\/\/sklep.med4life.com.pl\/product\/szafka-defibsafe-3\/#primaryimage\",\"url\":\"https:\/\/sklep.med4life.com.pl\/wp-content\/uploads\/2025\/04\/DefibSafe3_External_Cabinet_kapsula_szafka_na_defibrylator_01.jpg\",\"contentUrl\":\"https:\/\/sklep.med4life.com.pl\/wp-content\/uploads\/2025\/04\/DefibSafe3_External_Cabinet_kapsula_szafka_na_defibrylator_01.jpg\",\"width\":1200,\"height\":1200},{\"@type\":\"BreadcrumbList\",\"@id\":\"https:\/\/sklep.med4life.com.pl\/product\/szafka-defibsafe-3\/#breadcrumb\",\"itemListElement\":[{\"@type\":\"ListItem\",\"position\":1,\"name\":\"Strona g\u0142\u00f3wna\",\"item\":\"https:\/\/sklep.med4life.com.pl\/\"},{\"@type\":\"ListItem\",\"position\":2,\"name\":\"Sklep\",\"item\":\"https:\/\/sklep.med4life.com.pl\/shop\/\"},{\"@type\":\"ListItem\",\"position\":3,\"name\":\"Szafka DefibSafe 3\"}]},{\"@type\":\"WebSite\",\"@id\":\"https:\/\/sklep.med4life.com.pl\/#website\",\"url\":\"https:\/\/sklep.med4life.com.pl\/\",\"name\":\"sklep.med4life.com.pl\",\"description\":\"\",\"potentialAction\":[{\"@type\":\"SearchAction\",\"target\":{\"@type\":\"EntryPoint\",\"urlTemplate\":\"https:\/\/sklep.med4life.com.pl\/?s={search_term_string}\"},\"query-input\":{\"@type\":\"PropertyValueSpecification\",\"valueRequired\":true,\"valueName\":\"search_term_string\"}}],\"inLanguage\":\"en-US\"}]}<\/script>\n<!-- \/ Yoast SEO plugin. -->","yoast_head_json":{"title":"Szafka DefibSafe 3 - sklep.med4life.com.pl","robots":{"index":"index","follow":"follow","max-snippet":"max-snippet:-1","max-image-preview":"max-image-preview:large","max-video-preview":"max-video-preview:-1"},"canonical":"https:\/\/sklep.med4life.com.pl\/en\/product\/szafka-defibsafe-3\/","og_locale":"en_US","og_type":"article","og_title":"Szafka DefibSafe 3 - sklep.med4life.com.pl","og_description":"Szafki na defibrylatory odgrywaj\u0105 kluczow\u0105 rol\u0119 w ochronie umieszczonych w nich AED przed r\u00f3\u017cnymi czynnikami zewn\u0119trznymi. Defibrylatory AED, cho\u0107 wytrzyma\u0142e, nie s\u0105 odporne na potencjalnie szkodliwe dzia\u0142anie ekstremalnych temperatur lub d\u0142ugotrwa\u0142ej wilgoci. Ekspozycja na bardzo wysokie lub niskie temperatury przez d\u0142u\u017cszy czas mo\u017ce zagrozi\u0107 skuteczno\u015bci urz\u0105dzenia, a w szczeg\u00f3lno\u015bci pogorszy\u0107 stan \u017celu na elektrodach lub zmniejszy\u0107 \u017cywotno\u015b\u0107 baterii, natomiast wilgo\u0107 przedostaj\u0105ca si\u0119 \u015brodka do obudowy defibrylatora mo\u017ce uszkodzi\u0107 elektronik\u0119 i spowodowa\u0107 awari\u0119, co mo\u017ce doprowadzi\u0107 do braku skuteczno\u015bci defibrylatora w sytuacji zagro\u017cenia \u017cycia i potrzeby jego u\u017cycia.  Szafki DefibSafe 3 to idealne rozwi\u0105zanie do przechowywania defibrylator\u00f3w AED nawet w ekstremalnych warunkach atmosferycznych dzi\u0119ki najwy\u017cszej, dost\u0119pnej na rynku, klasie szczelno\u015bci IP66!  Wykonana z niezwykle trwa\u0142ych materia\u0142\u00f3w obudowa (wytrzyma\u0142e tworzywo ABS i poliw\u0119glan PC) chroni umieszczony w niej defibrylator przed niekorzystnymi warunkami pogodowymi i korozj\u0105. Kapsu\u0142a posiada r\u00f3wnie\u017c uszczelnienie, dzi\u0119ki czemu jest wodoodporna, a tak\u017ce przyciemnienie pokrywy i zastosowana pow\u0142oka przeciw promieniowaniu UV chroni umieszczony w mniej defibrylator przed d\u0142ugotrwa\u0142\u0105 ekspozycj\u0105 na s\u0142o\u0144ce.  Szafka wyposa\u017cona jest w system zarz\u0105dzania temperatur\u0105 w celu utrzymania optymalnej wydajno\u015bci defibrylatora.","og_url":"https:\/\/sklep.med4life.com.pl\/en\/product\/szafka-defibsafe-3\/","og_site_name":"sklep.med4life.com.pl","article_modified_time":"2025-04-24T15:32:20+00:00","og_image":[{"width":1200,"height":1200,"url":"https:\/\/sklep.med4life.com.pl\/wp-content\/uploads\/2025\/04\/DefibSafe3_External_Cabinet_kapsula_szafka_na_defibrylator_01.jpg","type":"image\/jpeg"}],"twitter_card":"summary_large_image","twitter_misc":{"Est. reading time":"3 minutes"},"schema":{"@context":"https:\/\/schema.org","@graph":[{"@type":"WebPage","@id":"https:\/\/sklep.med4life.com.pl\/product\/szafka-defibsafe-3\/","url":"https:\/\/sklep.med4life.com.pl\/product\/szafka-defibsafe-3\/","name":"Szafka DefibSafe 3 - sklep.med4life.com.pl","isPartOf":{"@id":"https:\/\/sklep.med4life.com.pl\/#website"},"primaryImageOfPage":{"@id":"https:\/\/sklep.med4life.com.pl\/product\/szafka-defibsafe-3\/#primaryimage"},"image":{"@id":"https:\/\/sklep.med4life.com.pl\/product\/szafka-defibsafe-3\/#primaryimage"},"thumbnailUrl":"https:\/\/sklep.med4life.com.pl\/wp-content\/uploads\/2025\/04\/DefibSafe3_External_Cabinet_kapsula_szafka_na_defibrylator_01.jpg","datePublished":"2025-04-24T15:32:19+00:00","dateModified":"2025-04-24T15:32:20+00:00","breadcrumb":{"@id":"https:\/\/sklep.med4life.com.pl\/product\/szafka-defibsafe-3\/#breadcrumb"},"inLanguage":"en-US","potentialAction":[{"@type":"ReadAction","target":["https:\/\/sklep.med4life.com.pl\/product\/szafka-defibsafe-3\/"]}]},{"@type":"ImageObject","inLanguage":"en-US","@id":"https:\/\/sklep.med4life.com.pl\/product\/szafka-defibsafe-3\/#primaryimage","url":"https:\/\/sklep.med4life.com.pl\/wp-content\/uploads\/2025\/04\/DefibSafe3_External_Cabinet_kapsula_szafka_na_defibrylator_01.jpg","contentUrl":"https:\/\/sklep.med4life.com.pl\/wp-content\/uploads\/2025\/04\/DefibSafe3_External_Cabinet_kapsula_szafka_na_defibrylator_01.jpg","width":1200,"height":1200},{"@type":"BreadcrumbList","@id":"https:\/\/sklep.med4life.com.pl\/product\/szafka-defibsafe-3\/#breadcrumb","itemListElement":[{"@type":"ListItem","position":1,"name":"Strona g\u0142\u00f3wna","item":"https:\/\/sklep.med4life.com.pl\/"},{"@type":"ListItem","position":2,"name":"Sklep","item":"https:\/\/sklep.med4life.com.pl\/shop\/"},{"@type":"ListItem","position":3,"name":"Szafka DefibSafe 3"}]},{"@type":"WebSite","@id":"https:\/\/sklep.med4life.com.pl\/#website","url":"https:\/\/sklep.med4life.com.pl\/","name":"sklep.med4life.com.pl","description":"","potentialAction":[{"@type":"SearchAction","target":{"@type":"EntryPoint","urlTemplate":"https:\/\/sklep.med4life.com.pl\/?s={search_term_string}"},"query-input":{"@type":"PropertyValueSpecification","valueRequired":true,"valueName":"search_term_string"}}],"inLanguage":"en-US"}]}},"_links":{"self":[{"href":"https:\/\/sklep.med4life.com.pl\/en\/wp-json\/wp\/v2\/product\/6669","targetHints":{"allow":["GET"]}}],"collection":[{"href":"https:\/\/sklep.med4life.com.pl\/en\/wp-json\/wp\/v2\/product"}],"about":[{"href":"https:\/\/sklep.med4life.com.pl\/en\/wp-json\/wp\/v2\/types\/product"}],"replies":[{"embeddable":true,"href":"https:\/\/sklep.med4life.com.pl\/en\/wp-json\/wp\/v2\/comments?post=6669"}],"wp:featuredmedia":[{"embeddable":true,"href":"https:\/\/sklep.med4life.com.pl\/en\/wp-json\/wp\/v2\/media\/6670"}],"wp:attachment":[{"href":"https:\/\/sklep.med4life.com.pl\/en\/wp-json\/wp\/v2\/media?parent=6669"}],"wp:term":[{"taxonomy":"product_cat","embeddable":true,"href":"https:\/\/sklep.med4life.com.pl\/en\/wp-json\/wp\/v2\/product_cat?post=6669"},{"taxonomy":"product_tag","embeddable":true,"href":"https:\/\/sklep.med4life.com.pl\/en\/wp-json\/wp\/v2\/product_tag?post=6669"}],"curies":[{"name":"wp","href":"https:\/\/api.w.org\/{rel}","templated":true}]}}