{"id":6677,"date":"2025-04-24T17:36:48","date_gmt":"2025-04-24T15:36:48","guid":{"rendered":"https:\/\/sklep.med4life.com.pl\/?post_type=product&#038;p=6677"},"modified":"2026-01-12T15:09:27","modified_gmt":"2026-01-12T14:09:27","slug":"defibrylator-primedic-heartsave-y","status":"publish","type":"product","link":"https:\/\/sklep.med4life.com.pl\/en\/product\/defibrylator-primedic-heartsave-y\/","title":{"rendered":"Defibrylator Primedic HeartSave Y"},"content":{"rendered":"<p>Defibrylator Primedic HeartSave Y<\/p>\n<p>kod: 97843<\/p>\n<p>Cechy urz\u0105dzenia:<\/p>\n<p>&#8211; HeartSave Y to p\u00f3\u0142automatyczny defibrylator zewn\u0119trzny &#8211; impuls elektryczny zostaje wyzwolony za pomoc\u0105 przycisku, gdy przycisk wstrz\u0105su miga to urz\u0105dzenie jest gotowe do wykonania wstrz\u0105su.<br \/>\n&#8211; Odpowiedni zar\u00f3wno dla profesjonalist\u00f3w jak i dla laik\u00f3w \u2013 pozwala na szybk\u0105 i zdecydowan\u0105 reakcj\u0119 w sytuacji zagro\u017cenia \u017cycia. Kr\u00f3tkie i zwi\u0119z\u0142e instrukcje g\u0142osowe wspomagane przez metronom zapewniaj\u0105 bezpieczne wsparcie podczas resuscytacji kr\u0105\u017ceniowo-oddechowej. Urz\u0105dzenie ca\u0142kowicie samodzielnie decyduje, czy wstrz\u0105s jest zalecany i informuje o tym u\u017cytkownika komunikatem g\u0142osowym. Wy\u0142adowanie nast\u0105pi tylko w tedy, gdy osoba udzielaj\u0105ca pierwszej pomocy naci\u015bnie przycisk wstrz\u0105su.<br \/>\n&#8211; Wygodny i solidny \u2013 ergonomiczny, w obudowie odpornej na wstrz\u0105sy i zabrudzenia.<br \/>\n&#8211; Zintegrowana miniapteczka &#8211; posiada wbudowan\u0105 miniapteczk\u0119 z ty\u0142u urz\u0105dzenia.<br \/>\n&#8211; Tryb\/przycisk pediatryczny \u2013 w nag\u0142ych wypadkach z udzia\u0142em dzieci nie s\u0105 potrzebne specjalne elektrody pediatryczne, poniewa\u017c HeartSave Y prze\u0142\u0105cza si\u0119 w tryb dzieci\u0119cy po naci\u015bni\u0119ciu jednego przycisku.<br \/>\n&#8211; Prosty wyb\u00f3r j\u0119zyka za pomoc\u0105 przycisku zmiany j\u0119zyka &#8211; instrukcje j\u0119zykowe mo\u017cna prze\u0142\u0105cza\u0107 mi\u0119dzy dwoma j\u0119zykami: polskim i angielskim (opcjonalnie mo\u017cna zainstalowa\u0107 do czterech j\u0119zyk\u00f3w) podczas obs\u0142ugi urz\u0105dzenia. W obszarach, w kt\u00f3rych u\u017cytkownicy s\u0105 r\u00f3\u017cnych narodowo\u015bci &#8211; w przemy\u015ble, na lotniskach, w instytucjach publicznych &#8211; istnieje szansa, \u017ce HeartSave Y mo\u017ce by\u0107 bezpiecznie zrozumiany i zastosowany.<br \/>\n&#8211; Skuteczna defibrylacja \u2013 rozbudowany codzienny autotest sprawdza stan techniczny urz\u0105dzenia, pozosta\u0142\u0105 pojemno\u015b\u0107 baterii i trwa\u0142o\u015b\u0107 elektrod (gotowo\u015b\u0107 jest sygnalizowana przez wyra\u017anie widoczny i intuicyjnie zrozumia\u0142y komunikat &#8222;OK&#8221; wy\u015bwietlany na urz\u0105dzeniu). Mo\u017cesz zawsze polega\u0107 na zdolno\u015bci HeartSave Y do szybkiego i skutecznego dzia\u0142ania w nag\u0142ych wypadkach.<br \/>\n&#8211; Idealny w miejscach publicznych \u2013 ze wzgl\u0119du na zastosowanie baterii i elektrod o d\u0142ugiej \u017cywotno\u015bci oraz niskim kosztom eksploatacji sprz\u0119tu.<br \/>\n&#8211; Adaptacyjna g\u0142o\u015bno\u015b\u0107 komunikat\u00f3w &#8211; automatyczne dostosowanie g\u0142o\u015bno\u015bci do otaczaj\u0105cych d\u017awi\u0119k\u00f3w.<br \/>\n&#8211; Defibrylator uaktywnia si\u0119 automatycznie przy zdj\u0119ciu pokrywy urz\u0105dzenia.<br \/>\n&#8211; Wst\u0119pnie pod\u0142\u0105czone elektrody dla jak najszybszej opieki nad poszkodowanym.<\/p>\n<p>Wskaz\u00f3wki operacyjne:<br \/>\n&#8211; Urz\u0105dzenia kontrolne: przycisk w\u0142\u0105cz\/wy\u0142\u0105cz, przycisk wy\u0142adowania, przycisk zmiany j\u0119zyka (polski\/angielski), przycisk trybu defibrylacji (doros\u0142y\/dziecko),<br \/>\n&#8211; Wy\u015bwietlacz LCD: wy\u015bwietla status urz\u0105dzenia (OK \/ X)<br \/>\n&#8211; G\u0142o\u015bnik: Wydaje komendy g\u0142osowe. Urz\u0105dzenie analizuje poziom odg\u0142os\u00f3w otoczenia i automatyczne dostosowuje g\u0142o\u015bno\u015bci komend by by\u0142y wyra\u017anie s\u0142yszalne. Procedura RKO wspomagana poprzez metronom.<\/p>\n<p>Testy:<br \/>\n&#8211; Automatyczny: test autodiagnostyczny dotycz\u0105cy w\u0142\u0105czania\/wy\u0142\u0105czania, czasu pracy. Testy dzienne, tygodniowe i miesi\u0119czne.<br \/>\n&#8211; Manulany: test dotycz\u0105cy zamontowania baterii (wykonywany gdy u\u017cytkownik w\u0142o\u017cy bateri\u0119 do odpowiedniego miejsca w urz\u0105dzeniu).<\/p>\n<p>Przechowywanie i transfer danych:<br \/>\n&#8211; pami\u0119\u0107: wewn\u0119trzna<br \/>\n&#8211; zapis danych: EKG (10h), komunikaty g\u0142osowe (2h), wstrz\u0105sy lub do 2000 wydarze\u0144, 3650 raport\u00f3w,<br \/>\n&#8211; do transferu danych port USB 2.0.<\/p>\n<p>W sk\u0142ad zestawu wchodzi:<br \/>\n&#8211; defibrylator AED,<br \/>\n&#8211; 5-letnia bateria,<br \/>\n&#8211; elektrody uniwersalne,<br \/>\n&#8211; miniapteczka,<br \/>\n&#8211; instrukcja obs\u0142ugi.<\/p>\n<p>Miniapteczka (resuscitation-kit) zawiera:<br \/>\n&#8211; maszynka do golenia,<br \/>\n&#8211; maseczka do sztucznego oddychania,<br \/>\n&#8211; r\u0119kawiczki,<br \/>\n&#8211; no\u017cyczki.<\/p>","protected":false},"excerpt":{"rendered":"<p>Cechy urz\u0105dzenia:<\/p>\n<p>&#8211; HeartSave Y to p\u00f3\u0142automatyczny defibrylator zewn\u0119trzny &#8211; impuls elektryczny zostaje wyzwolony za pomoc\u0105 przycisku, gdy przycisk wstrz\u0105su miga to urz\u0105dzenie jest gotowe do wykonania wstrz\u0105su.<br \/>\n&#8211; Odpowiedni zar\u00f3wno dla profesjonalist\u00f3w jak i dla laik\u00f3w \u2013 pozwala na szybk\u0105 i zdecydowan\u0105 reakcj\u0119 w sytuacji zagro\u017cenia \u017cycia. Kr\u00f3tkie i zwi\u0119z\u0142e instrukcje g\u0142osowe wspomagane przez metronom zapewniaj\u0105 bezpieczne wsparcie podczas resuscytacji kr\u0105\u017ceniowo-oddechowej. Urz\u0105dzenie ca\u0142kowicie samodzielnie decyduje, czy wstrz\u0105s jest zalecany i informuje o tym u\u017cytkownika komunikatem g\u0142osowym. Wy\u0142adowanie nast\u0105pi tylko w tedy, gdy osoba udzielaj\u0105ca pierwszej pomocy naci\u015bnie przycisk wstrz\u0105su.<br \/>\n&#8211; Wygodny i solidny \u2013 ergonomiczny, w obudowie odpornej na wstrz\u0105sy i zabrudzenia.<br \/>\n&#8211; Zintegrowana miniapteczka &#8211; posiada wbudowan\u0105 miniapteczk\u0119 z ty\u0142u urz\u0105dzenia.<br \/>\n&#8211; Tryb\/przycisk pediatryczny \u2013 w nag\u0142ych wypadkach z udzia\u0142em dzieci nie s\u0105 potrzebne specjalne elektrody pediatryczne, poniewa\u017c HeartSave Y prze\u0142\u0105cza si\u0119 w tryb dzieci\u0119cy po naci\u015bni\u0119ciu jednego przycisku.<br \/>\n&#8211; Prosty wyb\u00f3r j\u0119zyka za pomoc\u0105 przycisku zmiany j\u0119zyka &#8211; instrukcje j\u0119zykowe mo\u017cna prze\u0142\u0105cza\u0107 mi\u0119dzy dwoma j\u0119zykami: polskim i angielskim (opcjonalnie mo\u017cna zainstalowa\u0107 do czterech j\u0119zyk\u00f3w) podczas obs\u0142ugi urz\u0105dzenia. W obszarach, w kt\u00f3rych u\u017cytkownicy s\u0105 r\u00f3\u017cnych narodowo\u015bci &#8211; w przemy\u015ble, na lotniskach, w instytucjach publicznych &#8211; istnieje szansa, \u017ce HeartSave Y mo\u017ce by\u0107 bezpiecznie zrozumiany i zastosowany.<br \/>\n&#8211; Skuteczna defibrylacja \u2013 rozbudowany codzienny autotest sprawdza stan techniczny urz\u0105dzenia, pozosta\u0142\u0105 pojemno\u015b\u0107 baterii i trwa\u0142o\u015b\u0107 elektrod (gotowo\u015b\u0107 jest sygnalizowana przez wyra\u017anie widoczny i intuicyjnie zrozumia\u0142y komunikat &#8222;OK&#8221; wy\u015bwietlany na urz\u0105dzeniu). Mo\u017cesz zawsze polega\u0107 na zdolno\u015bci HeartSave Y do szybkiego i skutecznego dzia\u0142ania w nag\u0142ych wypadkach.<br \/>\n&#8211; Idealny w miejscach publicznych \u2013 ze wzgl\u0119du na zastosowanie baterii i elektrod o d\u0142ugiej \u017cywotno\u015bci oraz niskim kosztom eksploatacji sprz\u0119tu.<br \/>\n&#8211; Adaptacyjna g\u0142o\u015bno\u015b\u0107 komunikat\u00f3w &#8211; automatyczne dostosowanie g\u0142o\u015bno\u015bci do otaczaj\u0105cych d\u017awi\u0119k\u00f3w.<br \/>\n&#8211; Defibrylator uaktywnia si\u0119 automatycznie przy zdj\u0119ciu pokrywy urz\u0105dzenia.<br \/>\n&#8211; Wst\u0119pnie pod\u0142\u0105czone elektrody dla jak najszybszej opieki nad poszkodowanym.<\/p>","protected":false},"featured_media":6678,"comment_status":"open","ping_status":"closed","template":"","meta":{"content-type":"","om_disable_all_campaigns":false,"_monsterinsights_skip_tracking":false,"_monsterinsights_sitenote_active":false,"_monsterinsights_sitenote_note":"","_monsterinsights_sitenote_category":0},"product_cat":[95],"product_tag":[],"class_list":{"0":"post-6677","1":"product","2":"type-product","3":"status-publish","4":"has-post-thumbnail","6":"product_cat-defibrylatory","8":"first","9":"instock","10":"shipping-taxable","11":"product-type-simple"},"yoast_head":"<!-- This site is optimized with the Yoast SEO plugin v23.8 - https:\/\/yoast.com\/wordpress\/plugins\/seo\/ -->\n<title>Defibrylator Primedic HeartSave Y - sklep.med4life.com.pl<\/title>\n<meta name=\"robots\" content=\"index, follow, max-snippet:-1, max-image-preview:large, max-video-preview:-1\" \/>\n<link rel=\"canonical\" href=\"https:\/\/sklep.med4life.com.pl\/en\/product\/defibrylator-primedic-heartsave-y\/\" \/>\n<meta property=\"og:locale\" content=\"en_US\" \/>\n<meta property=\"og:type\" content=\"article\" \/>\n<meta property=\"og:title\" content=\"Defibrylator Primedic HeartSave Y - sklep.med4life.com.pl\" \/>\n<meta property=\"og:description\" content=\"Cechy urz\u0105dzenia:  - HeartSave Y to p\u00f3\u0142automatyczny defibrylator zewn\u0119trzny - impuls elektryczny zostaje wyzwolony za pomoc\u0105 przycisku, gdy przycisk wstrz\u0105su miga to urz\u0105dzenie jest gotowe do wykonania wstrz\u0105su. - Odpowiedni zar\u00f3wno dla profesjonalist\u00f3w jak i dla laik\u00f3w \u2013 pozwala na szybk\u0105 i zdecydowan\u0105 reakcj\u0119 w sytuacji zagro\u017cenia \u017cycia. Kr\u00f3tkie i zwi\u0119z\u0142e instrukcje g\u0142osowe wspomagane przez metronom zapewniaj\u0105 bezpieczne wsparcie podczas resuscytacji kr\u0105\u017ceniowo-oddechowej. Urz\u0105dzenie ca\u0142kowicie samodzielnie decyduje, czy wstrz\u0105s jest zalecany i informuje o tym u\u017cytkownika komunikatem g\u0142osowym. Wy\u0142adowanie nast\u0105pi tylko w tedy, gdy osoba udzielaj\u0105ca pierwszej pomocy naci\u015bnie przycisk wstrz\u0105su. - Wygodny i solidny \u2013 ergonomiczny, w obudowie odpornej na wstrz\u0105sy i zabrudzenia. - Zintegrowana miniapteczka - posiada wbudowan\u0105 miniapteczk\u0119 z ty\u0142u urz\u0105dzenia. - Tryb\/przycisk pediatryczny \u2013 w nag\u0142ych wypadkach z udzia\u0142em dzieci nie s\u0105 potrzebne specjalne elektrody pediatryczne, poniewa\u017c HeartSave Y prze\u0142\u0105cza si\u0119 w tryb dzieci\u0119cy po naci\u015bni\u0119ciu jednego przycisku. - Prosty wyb\u00f3r j\u0119zyka za pomoc\u0105 przycisku zmiany j\u0119zyka - instrukcje j\u0119zykowe mo\u017cna prze\u0142\u0105cza\u0107 mi\u0119dzy dwoma j\u0119zykami: polskim i angielskim (opcjonalnie mo\u017cna zainstalowa\u0107 do czterech j\u0119zyk\u00f3w) podczas obs\u0142ugi urz\u0105dzenia. W obszarach, w kt\u00f3rych u\u017cytkownicy s\u0105 r\u00f3\u017cnych narodowo\u015bci - w przemy\u015ble, na lotniskach, w instytucjach publicznych - istnieje szansa, \u017ce HeartSave Y mo\u017ce by\u0107 bezpiecznie zrozumiany i zastosowany. - Skuteczna defibrylacja \u2013 rozbudowany codzienny autotest sprawdza stan techniczny urz\u0105dzenia, pozosta\u0142\u0105 pojemno\u015b\u0107 baterii i trwa\u0142o\u015b\u0107 elektrod (gotowo\u015b\u0107 jest sygnalizowana przez wyra\u017anie widoczny i intuicyjnie zrozumia\u0142y komunikat &quot;OK&quot; wy\u015bwietlany na urz\u0105dzeniu). Mo\u017cesz zawsze polega\u0107 na zdolno\u015bci HeartSave Y do szybkiego i skutecznego dzia\u0142ania w nag\u0142ych wypadkach. - Idealny w miejscach publicznych \u2013 ze wzgl\u0119du na zastosowanie baterii i elektrod o d\u0142ugiej \u017cywotno\u015bci oraz niskim kosztom eksploatacji sprz\u0119tu. - Adaptacyjna g\u0142o\u015bno\u015b\u0107 komunikat\u00f3w - automatyczne dostosowanie g\u0142o\u015bno\u015bci do otaczaj\u0105cych d\u017awi\u0119k\u00f3w. - Defibrylator uaktywnia si\u0119 automatycznie przy zdj\u0119ciu pokrywy urz\u0105dzenia. - Wst\u0119pnie pod\u0142\u0105czone elektrody dla jak najszybszej opieki nad poszkodowanym.\" \/>\n<meta property=\"og:url\" content=\"https:\/\/sklep.med4life.com.pl\/en\/product\/defibrylator-primedic-heartsave-y\/\" \/>\n<meta property=\"og:site_name\" content=\"sklep.med4life.com.pl\" \/>\n<meta property=\"article:modified_time\" content=\"2026-01-12T14:09:27+00:00\" \/>\n<meta property=\"og:image\" content=\"https:\/\/sklep.med4life.com.pl\/wp-content\/uploads\/2025\/04\/Primedic_AED_HeartSave_Y_YA_otwarty.jpg\" \/>\n\t<meta property=\"og:image:width\" content=\"1200\" \/>\n\t<meta property=\"og:image:height\" content=\"1200\" \/>\n\t<meta property=\"og:image:type\" content=\"image\/jpeg\" \/>\n<meta name=\"twitter:card\" content=\"summary_large_image\" \/>\n<meta name=\"twitter:label1\" content=\"Est. reading time\" \/>\n\t<meta name=\"twitter:data1\" content=\"3 minutes\" \/>\n<script type=\"application\/ld+json\" class=\"yoast-schema-graph\">{\"@context\":\"https:\/\/schema.org\",\"@graph\":[{\"@type\":\"WebPage\",\"@id\":\"https:\/\/sklep.med4life.com.pl\/product\/defibrylator-primedic-heartsave-y\/\",\"url\":\"https:\/\/sklep.med4life.com.pl\/product\/defibrylator-primedic-heartsave-y\/\",\"name\":\"Defibrylator Primedic HeartSave Y - sklep.med4life.com.pl\",\"isPartOf\":{\"@id\":\"https:\/\/sklep.med4life.com.pl\/#website\"},\"primaryImageOfPage\":{\"@id\":\"https:\/\/sklep.med4life.com.pl\/product\/defibrylator-primedic-heartsave-y\/#primaryimage\"},\"image\":{\"@id\":\"https:\/\/sklep.med4life.com.pl\/product\/defibrylator-primedic-heartsave-y\/#primaryimage\"},\"thumbnailUrl\":\"https:\/\/sklep.med4life.com.pl\/wp-content\/uploads\/2025\/04\/Primedic_AED_HeartSave_Y_YA_otwarty.jpg\",\"datePublished\":\"2025-04-24T15:36:48+00:00\",\"dateModified\":\"2026-01-12T14:09:27+00:00\",\"breadcrumb\":{\"@id\":\"https:\/\/sklep.med4life.com.pl\/product\/defibrylator-primedic-heartsave-y\/#breadcrumb\"},\"inLanguage\":\"en-US\",\"potentialAction\":[{\"@type\":\"ReadAction\",\"target\":[\"https:\/\/sklep.med4life.com.pl\/product\/defibrylator-primedic-heartsave-y\/\"]}]},{\"@type\":\"ImageObject\",\"inLanguage\":\"en-US\",\"@id\":\"https:\/\/sklep.med4life.com.pl\/product\/defibrylator-primedic-heartsave-y\/#primaryimage\",\"url\":\"https:\/\/sklep.med4life.com.pl\/wp-content\/uploads\/2025\/04\/Primedic_AED_HeartSave_Y_YA_otwarty.jpg\",\"contentUrl\":\"https:\/\/sklep.med4life.com.pl\/wp-content\/uploads\/2025\/04\/Primedic_AED_HeartSave_Y_YA_otwarty.jpg\",\"width\":1200,\"height\":1200},{\"@type\":\"BreadcrumbList\",\"@id\":\"https:\/\/sklep.med4life.com.pl\/product\/defibrylator-primedic-heartsave-y\/#breadcrumb\",\"itemListElement\":[{\"@type\":\"ListItem\",\"position\":1,\"name\":\"Strona g\u0142\u00f3wna\",\"item\":\"https:\/\/sklep.med4life.com.pl\/\"},{\"@type\":\"ListItem\",\"position\":2,\"name\":\"Sklep\",\"item\":\"https:\/\/sklep.med4life.com.pl\/shop\/\"},{\"@type\":\"ListItem\",\"position\":3,\"name\":\"Defibrylator Primedic HeartSave Y\"}]},{\"@type\":\"WebSite\",\"@id\":\"https:\/\/sklep.med4life.com.pl\/#website\",\"url\":\"https:\/\/sklep.med4life.com.pl\/\",\"name\":\"sklep.med4life.com.pl\",\"description\":\"\",\"potentialAction\":[{\"@type\":\"SearchAction\",\"target\":{\"@type\":\"EntryPoint\",\"urlTemplate\":\"https:\/\/sklep.med4life.com.pl\/?s={search_term_string}\"},\"query-input\":{\"@type\":\"PropertyValueSpecification\",\"valueRequired\":true,\"valueName\":\"search_term_string\"}}],\"inLanguage\":\"en-US\"}]}<\/script>\n<!-- \/ Yoast SEO plugin. -->","yoast_head_json":{"title":"Defibrylator Primedic HeartSave Y - sklep.med4life.com.pl","robots":{"index":"index","follow":"follow","max-snippet":"max-snippet:-1","max-image-preview":"max-image-preview:large","max-video-preview":"max-video-preview:-1"},"canonical":"https:\/\/sklep.med4life.com.pl\/en\/product\/defibrylator-primedic-heartsave-y\/","og_locale":"en_US","og_type":"article","og_title":"Defibrylator Primedic HeartSave Y - sklep.med4life.com.pl","og_description":"Cechy urz\u0105dzenia:  - HeartSave Y to p\u00f3\u0142automatyczny defibrylator zewn\u0119trzny - impuls elektryczny zostaje wyzwolony za pomoc\u0105 przycisku, gdy przycisk wstrz\u0105su miga to urz\u0105dzenie jest gotowe do wykonania wstrz\u0105su. - Odpowiedni zar\u00f3wno dla profesjonalist\u00f3w jak i dla laik\u00f3w \u2013 pozwala na szybk\u0105 i zdecydowan\u0105 reakcj\u0119 w sytuacji zagro\u017cenia \u017cycia. Kr\u00f3tkie i zwi\u0119z\u0142e instrukcje g\u0142osowe wspomagane przez metronom zapewniaj\u0105 bezpieczne wsparcie podczas resuscytacji kr\u0105\u017ceniowo-oddechowej. Urz\u0105dzenie ca\u0142kowicie samodzielnie decyduje, czy wstrz\u0105s jest zalecany i informuje o tym u\u017cytkownika komunikatem g\u0142osowym. Wy\u0142adowanie nast\u0105pi tylko w tedy, gdy osoba udzielaj\u0105ca pierwszej pomocy naci\u015bnie przycisk wstrz\u0105su. - Wygodny i solidny \u2013 ergonomiczny, w obudowie odpornej na wstrz\u0105sy i zabrudzenia. - Zintegrowana miniapteczka - posiada wbudowan\u0105 miniapteczk\u0119 z ty\u0142u urz\u0105dzenia. - Tryb\/przycisk pediatryczny \u2013 w nag\u0142ych wypadkach z udzia\u0142em dzieci nie s\u0105 potrzebne specjalne elektrody pediatryczne, poniewa\u017c HeartSave Y prze\u0142\u0105cza si\u0119 w tryb dzieci\u0119cy po naci\u015bni\u0119ciu jednego przycisku. - Prosty wyb\u00f3r j\u0119zyka za pomoc\u0105 przycisku zmiany j\u0119zyka - instrukcje j\u0119zykowe mo\u017cna prze\u0142\u0105cza\u0107 mi\u0119dzy dwoma j\u0119zykami: polskim i angielskim (opcjonalnie mo\u017cna zainstalowa\u0107 do czterech j\u0119zyk\u00f3w) podczas obs\u0142ugi urz\u0105dzenia. W obszarach, w kt\u00f3rych u\u017cytkownicy s\u0105 r\u00f3\u017cnych narodowo\u015bci - w przemy\u015ble, na lotniskach, w instytucjach publicznych - istnieje szansa, \u017ce HeartSave Y mo\u017ce by\u0107 bezpiecznie zrozumiany i zastosowany. - Skuteczna defibrylacja \u2013 rozbudowany codzienny autotest sprawdza stan techniczny urz\u0105dzenia, pozosta\u0142\u0105 pojemno\u015b\u0107 baterii i trwa\u0142o\u015b\u0107 elektrod (gotowo\u015b\u0107 jest sygnalizowana przez wyra\u017anie widoczny i intuicyjnie zrozumia\u0142y komunikat \"OK\" wy\u015bwietlany na urz\u0105dzeniu). Mo\u017cesz zawsze polega\u0107 na zdolno\u015bci HeartSave Y do szybkiego i skutecznego dzia\u0142ania w nag\u0142ych wypadkach. - Idealny w miejscach publicznych \u2013 ze wzgl\u0119du na zastosowanie baterii i elektrod o d\u0142ugiej \u017cywotno\u015bci oraz niskim kosztom eksploatacji sprz\u0119tu. - Adaptacyjna g\u0142o\u015bno\u015b\u0107 komunikat\u00f3w - automatyczne dostosowanie g\u0142o\u015bno\u015bci do otaczaj\u0105cych d\u017awi\u0119k\u00f3w. - Defibrylator uaktywnia si\u0119 automatycznie przy zdj\u0119ciu pokrywy urz\u0105dzenia. - Wst\u0119pnie pod\u0142\u0105czone elektrody dla jak najszybszej opieki nad poszkodowanym.","og_url":"https:\/\/sklep.med4life.com.pl\/en\/product\/defibrylator-primedic-heartsave-y\/","og_site_name":"sklep.med4life.com.pl","article_modified_time":"2026-01-12T14:09:27+00:00","og_image":[{"width":1200,"height":1200,"url":"https:\/\/sklep.med4life.com.pl\/wp-content\/uploads\/2025\/04\/Primedic_AED_HeartSave_Y_YA_otwarty.jpg","type":"image\/jpeg"}],"twitter_card":"summary_large_image","twitter_misc":{"Est. reading time":"3 minutes"},"schema":{"@context":"https:\/\/schema.org","@graph":[{"@type":"WebPage","@id":"https:\/\/sklep.med4life.com.pl\/product\/defibrylator-primedic-heartsave-y\/","url":"https:\/\/sklep.med4life.com.pl\/product\/defibrylator-primedic-heartsave-y\/","name":"Defibrylator Primedic HeartSave Y - sklep.med4life.com.pl","isPartOf":{"@id":"https:\/\/sklep.med4life.com.pl\/#website"},"primaryImageOfPage":{"@id":"https:\/\/sklep.med4life.com.pl\/product\/defibrylator-primedic-heartsave-y\/#primaryimage"},"image":{"@id":"https:\/\/sklep.med4life.com.pl\/product\/defibrylator-primedic-heartsave-y\/#primaryimage"},"thumbnailUrl":"https:\/\/sklep.med4life.com.pl\/wp-content\/uploads\/2025\/04\/Primedic_AED_HeartSave_Y_YA_otwarty.jpg","datePublished":"2025-04-24T15:36:48+00:00","dateModified":"2026-01-12T14:09:27+00:00","breadcrumb":{"@id":"https:\/\/sklep.med4life.com.pl\/product\/defibrylator-primedic-heartsave-y\/#breadcrumb"},"inLanguage":"en-US","potentialAction":[{"@type":"ReadAction","target":["https:\/\/sklep.med4life.com.pl\/product\/defibrylator-primedic-heartsave-y\/"]}]},{"@type":"ImageObject","inLanguage":"en-US","@id":"https:\/\/sklep.med4life.com.pl\/product\/defibrylator-primedic-heartsave-y\/#primaryimage","url":"https:\/\/sklep.med4life.com.pl\/wp-content\/uploads\/2025\/04\/Primedic_AED_HeartSave_Y_YA_otwarty.jpg","contentUrl":"https:\/\/sklep.med4life.com.pl\/wp-content\/uploads\/2025\/04\/Primedic_AED_HeartSave_Y_YA_otwarty.jpg","width":1200,"height":1200},{"@type":"BreadcrumbList","@id":"https:\/\/sklep.med4life.com.pl\/product\/defibrylator-primedic-heartsave-y\/#breadcrumb","itemListElement":[{"@type":"ListItem","position":1,"name":"Strona g\u0142\u00f3wna","item":"https:\/\/sklep.med4life.com.pl\/"},{"@type":"ListItem","position":2,"name":"Sklep","item":"https:\/\/sklep.med4life.com.pl\/shop\/"},{"@type":"ListItem","position":3,"name":"Defibrylator Primedic HeartSave Y"}]},{"@type":"WebSite","@id":"https:\/\/sklep.med4life.com.pl\/#website","url":"https:\/\/sklep.med4life.com.pl\/","name":"sklep.med4life.com.pl","description":"","potentialAction":[{"@type":"SearchAction","target":{"@type":"EntryPoint","urlTemplate":"https:\/\/sklep.med4life.com.pl\/?s={search_term_string}"},"query-input":{"@type":"PropertyValueSpecification","valueRequired":true,"valueName":"search_term_string"}}],"inLanguage":"en-US"}]}},"_links":{"self":[{"href":"https:\/\/sklep.med4life.com.pl\/en\/wp-json\/wp\/v2\/product\/6677","targetHints":{"allow":["GET"]}}],"collection":[{"href":"https:\/\/sklep.med4life.com.pl\/en\/wp-json\/wp\/v2\/product"}],"about":[{"href":"https:\/\/sklep.med4life.com.pl\/en\/wp-json\/wp\/v2\/types\/product"}],"replies":[{"embeddable":true,"href":"https:\/\/sklep.med4life.com.pl\/en\/wp-json\/wp\/v2\/comments?post=6677"}],"wp:featuredmedia":[{"embeddable":true,"href":"https:\/\/sklep.med4life.com.pl\/en\/wp-json\/wp\/v2\/media\/6678"}],"wp:attachment":[{"href":"https:\/\/sklep.med4life.com.pl\/en\/wp-json\/wp\/v2\/media?parent=6677"}],"wp:term":[{"taxonomy":"product_cat","embeddable":true,"href":"https:\/\/sklep.med4life.com.pl\/en\/wp-json\/wp\/v2\/product_cat?post=6677"},{"taxonomy":"product_tag","embeddable":true,"href":"https:\/\/sklep.med4life.com.pl\/en\/wp-json\/wp\/v2\/product_tag?post=6677"}],"curies":[{"name":"wp","href":"https:\/\/api.w.org\/{rel}","templated":true}]}}