{"id":6689,"date":"2025-04-24T17:46:51","date_gmt":"2025-04-24T15:46:51","guid":{"rendered":"https:\/\/sklep.med4life.com.pl\/?post_type=product&#038;p=6689"},"modified":"2026-01-12T14:29:09","modified_gmt":"2026-01-12T13:29:09","slug":"defibrylator-primedic-heartsave-aed-m","status":"publish","type":"product","link":"https:\/\/sklep.med4life.com.pl\/en\/product\/defibrylator-primedic-heartsave-aed-m\/","title":{"rendered":"Defibrylator Primedic HeartSave AED-M"},"content":{"rendered":"<p>Defibrylator Primedic HeartSave AED-M<\/p>\n<p>kod: 97392<\/p>\n<p>Cechy urz\u0105dzenia:<br \/>\n&#8211; HeartSave AED-M to p\u00f3\u0142automatyczny defibrylator zewn\u0119trzny &#8211; impuls elektryczny zostaje wyzwolony za pomoc\u0105 przycisku &#8211; gdy zielony przycisk wstrz\u0105su jest pod\u015bwietlony i urz\u0105dzenie wydaje ci\u0105g\u0142y sygna\u0142 d\u017awi\u0119kowy to urz\u0105dzenie jest gotowe do wykonania wstrz\u0105su.<br \/>\n&#8211; Odpowiedni zar\u00f3wno dla profesjonalist\u00f3w jak i dla laik\u00f3w \u2013 pozwala na szybk\u0105 i zdecydowan\u0105 reakcj\u0119 w sytuacji zagro\u017cenia \u017cycia. Kr\u00f3tkie i zwi\u0119z\u0142e instrukcje g\u0142osowe wspomagane przez metronom zapewniaj\u0105 bezpieczne wsparcie podczas resuscytacji kr\u0105\u017ceniowo-oddechowej. Urz\u0105dzenie ca\u0142kowicie samodzielnie decyduje, czy wstrz\u0105s jest zalecany i informuje o tym u\u017cytkownika komunikatem g\u0142osowym. Wy\u0142adowanie nast\u0105pi tylko w tedy, gdy osoba udzielaj\u0105ca pierwszej pomocy naci\u015bnie przycisk wstrz\u0105su.<br \/>\n&#8211; Bardzo solidna konstrukcja, odporna na wstrz\u0105sy. Dzi\u0119ki zastosowaniu klapki przykrywaj\u0105cej przyciski, z\u0142\u0105cze i elektrody urz\u0105dzenie jest odporne na uszkodzenia i zabrudzenia.<br \/>\n&#8211; Wygodny pakiet akcesori\u00f3w &#8211; elektrody uniwersalne w zestawie z miniapteczk\u0105.<br \/>\n&#8211; Tryb\/przycisk pediatryczny \u2013 dzi\u0119ki zastosowaniu uniwersalnych elektrod i prze\u0142\u0105czeniu AED trybu &#8222;dziecko&#8221; za pomoc\u0105 przycisku pediatrycznego, w nag\u0142ych wypadkach z udzia\u0142em dzieci HeartSave AED-M mo\u017ce by\u0107 u\u017cyte od razu i nie s\u0105 potrzebne specjalne elektrody pediatryczne.<br \/>\n&#8211; Wieloj\u0119zyczny &#8211; instrukcje j\u0119zykowe mo\u017cna prze\u0142\u0105cza\u0107 mi\u0119dzy czterema j\u0119zykami: polskim, angielskim, niemieckim i rumu\u0144skim w opcjach menu na ekranie urz\u0105dzenia.<br \/>\n&#8211; Skuteczna defibrylacja \u2013 HeartSave AED-M prowadzi autotest (codzienne, miesi\u0119czne i roczne) sprawdzaj\u0105c stan techniczny urz\u0105dzenia: oprogramowanie, przyciski, kalibracj\u0119 EKG, zegar, wewn\u0119trzne zasilanie, modu\u0142 \u0142adowania i pozosta\u0142\u0105 pojemno\u015b\u0107 baterii.<br \/>\n&#8211; Idealny w miejscach publicznych \u2013 ze wzgl\u0119du na zastosowanie baterii o d\u0142ugiej \u017cywotno\u015bci i elektrod z trzyletnim okresem wa\u017cno\u015bci, oraz niskim kosztom eksploatacji sprz\u0119tu.<br \/>\n&#8211; Defibrylator HeartSave AED w\u0142\u0105cza si\u0119 automatycznie po zdj\u0119ciu pokrywy urz\u0105dzenia. Je\u017celi<br \/>\nurz\u0105dzenie nie w\u0142\u0105cza si\u0119 automatycznie, mo\u017cna je w\u0142\u0105czy\u0107 r\u0119cznie naciskaj\u0105c przycisk w\u0142.\/wy\u0142.<br \/>\n&#8211; Wst\u0119pnie pod\u0142\u0105czone elektrody dla jak najszybszej opieki nad poszkodowanym.<\/p>\n<p>Wskaz\u00f3wki operacyjne:<br \/>\n&#8211; Przyciski: przycisk wy\u0142adowania, przycisk zmiany j\u0119zyka, przycisk trybu defibrylacji (doros\u0142y\/dziecko), przycisk w\u0142\u0105czania i wy\u0142\u0105czania,<br \/>\n&#8211; G\u0142o\u015bnik: wydaje komendy g\u0142osowe i d\u017awi\u0119k metronomu.<\/p>\n<p>Testy:<br \/>\n&#8211; Automatyczny: test autodiagnostyczny dotycz\u0105cy w\u0142\u0105czania\/wy\u0142\u0105czania, czasu pracy. Testy dzienne, tygodniowe i miesi\u0119czne.<br \/>\n&#8211; Manulany: test dotycz\u0105cy zamontowania baterii (wykonywany gdy u\u017cytkownik w\u0142o\u017cy bateri\u0119 do odpowiedniego miejsca w urz\u0105dzeniu).<\/p>\n<p>Elektrody:<br \/>\n&#8211; elektrody jednorazowe, uniwersalne: doros\u0142y\/dziecko,<br \/>\n&#8211; maks. 50 uderze\u0144 z energi\u0105 360 J,<br \/>\n&#8211; maks. 24-godzinny monitoring,<br \/>\n&#8211; obszar elektrod: 148 cm2,<br \/>\n&#8211; okres przydatno\u015bci: do 36 miesi\u0119cy.<\/p>\n<p>W sk\u0142ad zestawu wchodzi:<br \/>\n&#8211; defibrylator AED,<br \/>\n&#8211; 6-letnia bateria,<br \/>\n&#8211; elektrody uniwersalne z miniapteczk\u0105,<br \/>\n&#8211; instrukcja obs\u0142ugi.<\/p>\n<p>Miniapteczka (resuscitation-kit) zawiera:<br \/>\n&#8211; maszynka do golenia,<br \/>\n&#8211; maseczka do sztucznego oddychania,<br \/>\n&#8211; r\u0119kawiczki,<br \/>\n&#8211; no\u017cyczki.<\/p>","protected":false},"excerpt":{"rendered":"<p>Cechy urz\u0105dzenia:<br \/>\n&#8211; HeartSave AED-M to p\u00f3\u0142automatyczny defibrylator zewn\u0119trzny &#8211; impuls elektryczny zostaje wyzwolony za pomoc\u0105 przycisku &#8211; gdy zielony przycisk wstrz\u0105su jest pod\u015bwietlony i urz\u0105dzenie wydaje ci\u0105g\u0142y sygna\u0142 d\u017awi\u0119kowy to urz\u0105dzenie jest gotowe do wykonania wstrz\u0105su.<br \/>\n&#8211; Odpowiedni zar\u00f3wno dla profesjonalist\u00f3w jak i dla laik\u00f3w \u2013 pozwala na szybk\u0105 i zdecydowan\u0105 reakcj\u0119 w sytuacji zagro\u017cenia \u017cycia. Kr\u00f3tkie i zwi\u0119z\u0142e instrukcje g\u0142osowe wspomagane przez metronom zapewniaj\u0105 bezpieczne wsparcie podczas resuscytacji kr\u0105\u017ceniowo-oddechowej. Urz\u0105dzenie ca\u0142kowicie samodzielnie decyduje, czy wstrz\u0105s jest zalecany i informuje o tym u\u017cytkownika komunikatem g\u0142osowym. Wy\u0142adowanie nast\u0105pi tylko w tedy, gdy osoba udzielaj\u0105ca pierwszej pomocy naci\u015bnie przycisk wstrz\u0105su.<br \/>\n&#8211; Bardzo solidna konstrukcja, odporna na wstrz\u0105sy. Dzi\u0119ki zastosowaniu klapki przykrywaj\u0105cej przyciski, z\u0142\u0105cze i elektrody urz\u0105dzenie jest odporne na uszkodzenia i zabrudzenia.<br \/>\n&#8211; Wygodny pakiet akcesori\u00f3w &#8211; elektrody uniwersalne w zestawie z miniapteczk\u0105.<br \/>\n&#8211; Tryb\/przycisk pediatryczny \u2013 dzi\u0119ki zastosowaniu uniwersalnych elektrod i prze\u0142\u0105czeniu AED trybu &#8222;dziecko&#8221; za pomoc\u0105 przycisku pediatrycznego, w nag\u0142ych wypadkach z udzia\u0142em dzieci HeartSave AED-M mo\u017ce by\u0107 u\u017cyte od razu i nie s\u0105 potrzebne specjalne elektrody pediatryczne.<br \/>\n&#8211; Wieloj\u0119zyczny &#8211; instrukcje j\u0119zykowe mo\u017cna prze\u0142\u0105cza\u0107 mi\u0119dzy czterema j\u0119zykami: polskim, angielskim, niemieckim i rumu\u0144skim w opcjach menu na ekranie urz\u0105dzenia.<br \/>\n&#8211; Skuteczna defibrylacja \u2013 HeartSave AED-M prowadzi autotest (codzienne, miesi\u0119czne i roczne) sprawdzaj\u0105c stan techniczny urz\u0105dzenia: oprogramowanie, przyciski, kalibracj\u0119 EKG, zegar, wewn\u0119trzne zasilanie, modu\u0142 \u0142adowania i pozosta\u0142\u0105 pojemno\u015b\u0107 baterii.<br \/>\n&#8211; Idealny w miejscach publicznych \u2013 ze wzgl\u0119du na zastosowanie baterii o d\u0142ugiej \u017cywotno\u015bci i elektrod z trzyletnim okresem wa\u017cno\u015bci, oraz niskim kosztom eksploatacji sprz\u0119tu.<br \/>\n&#8211; Defibrylator HeartSave AED w\u0142\u0105cza si\u0119 automatycznie po zdj\u0119ciu pokrywy urz\u0105dzenia. Je\u017celi<br \/>\nurz\u0105dzenie nie w\u0142\u0105cza si\u0119 automatycznie, mo\u017cna je w\u0142\u0105czy\u0107 r\u0119cznie naciskaj\u0105c przycisk w\u0142.\/wy\u0142.<br \/>\n&#8211; Wst\u0119pnie pod\u0142\u0105czone elektrody dla jak najszybszej opieki nad poszkodowanym.<\/p>","protected":false},"featured_media":6690,"comment_status":"open","ping_status":"closed","template":"","meta":{"content-type":"","om_disable_all_campaigns":false,"_monsterinsights_skip_tracking":false,"_monsterinsights_sitenote_active":false,"_monsterinsights_sitenote_note":"","_monsterinsights_sitenote_category":0},"product_cat":[95],"product_tag":[],"class_list":{"0":"post-6689","1":"product","2":"type-product","3":"status-publish","4":"has-post-thumbnail","6":"product_cat-defibrylatory","8":"first","9":"instock","10":"shipping-taxable","11":"product-type-simple"},"yoast_head":"<!-- This site is optimized with the Yoast SEO plugin v23.8 - https:\/\/yoast.com\/wordpress\/plugins\/seo\/ -->\n<title>Defibrylator Primedic HeartSave AED-M - sklep.med4life.com.pl<\/title>\n<meta name=\"robots\" content=\"index, follow, max-snippet:-1, max-image-preview:large, max-video-preview:-1\" \/>\n<link rel=\"canonical\" href=\"https:\/\/sklep.med4life.com.pl\/en\/product\/defibrylator-primedic-heartsave-aed-m\/\" \/>\n<meta property=\"og:locale\" content=\"en_US\" \/>\n<meta property=\"og:type\" content=\"article\" \/>\n<meta property=\"og:title\" content=\"Defibrylator Primedic HeartSave AED-M - sklep.med4life.com.pl\" \/>\n<meta property=\"og:description\" content=\"Cechy urz\u0105dzenia: - HeartSave AED-M to p\u00f3\u0142automatyczny defibrylator zewn\u0119trzny - impuls elektryczny zostaje wyzwolony za pomoc\u0105 przycisku - gdy zielony przycisk wstrz\u0105su jest pod\u015bwietlony i urz\u0105dzenie wydaje ci\u0105g\u0142y sygna\u0142 d\u017awi\u0119kowy to urz\u0105dzenie jest gotowe do wykonania wstrz\u0105su. - Odpowiedni zar\u00f3wno dla profesjonalist\u00f3w jak i dla laik\u00f3w \u2013 pozwala na szybk\u0105 i zdecydowan\u0105 reakcj\u0119 w sytuacji zagro\u017cenia \u017cycia. Kr\u00f3tkie i zwi\u0119z\u0142e instrukcje g\u0142osowe wspomagane przez metronom zapewniaj\u0105 bezpieczne wsparcie podczas resuscytacji kr\u0105\u017ceniowo-oddechowej. Urz\u0105dzenie ca\u0142kowicie samodzielnie decyduje, czy wstrz\u0105s jest zalecany i informuje o tym u\u017cytkownika komunikatem g\u0142osowym. Wy\u0142adowanie nast\u0105pi tylko w tedy, gdy osoba udzielaj\u0105ca pierwszej pomocy naci\u015bnie przycisk wstrz\u0105su. - Bardzo solidna konstrukcja, odporna na wstrz\u0105sy. Dzi\u0119ki zastosowaniu klapki przykrywaj\u0105cej przyciski, z\u0142\u0105cze i elektrody urz\u0105dzenie jest odporne na uszkodzenia i zabrudzenia. - Wygodny pakiet akcesori\u00f3w - elektrody uniwersalne w zestawie z miniapteczk\u0105. - Tryb\/przycisk pediatryczny \u2013 dzi\u0119ki zastosowaniu uniwersalnych elektrod i prze\u0142\u0105czeniu AED trybu &quot;dziecko&quot; za pomoc\u0105 przycisku pediatrycznego, w nag\u0142ych wypadkach z udzia\u0142em dzieci HeartSave AED-M mo\u017ce by\u0107 u\u017cyte od razu i nie s\u0105 potrzebne specjalne elektrody pediatryczne. - Wieloj\u0119zyczny - instrukcje j\u0119zykowe mo\u017cna prze\u0142\u0105cza\u0107 mi\u0119dzy czterema j\u0119zykami: polskim, angielskim, niemieckim i rumu\u0144skim w opcjach menu na ekranie urz\u0105dzenia. - Skuteczna defibrylacja \u2013 HeartSave AED-M prowadzi autotest (codzienne, miesi\u0119czne i roczne) sprawdzaj\u0105c stan techniczny urz\u0105dzenia: oprogramowanie, przyciski, kalibracj\u0119 EKG, zegar, wewn\u0119trzne zasilanie, modu\u0142 \u0142adowania i pozosta\u0142\u0105 pojemno\u015b\u0107 baterii. - Idealny w miejscach publicznych \u2013 ze wzgl\u0119du na zastosowanie baterii o d\u0142ugiej \u017cywotno\u015bci i elektrod z trzyletnim okresem wa\u017cno\u015bci, oraz niskim kosztom eksploatacji sprz\u0119tu. - Defibrylator HeartSave AED w\u0142\u0105cza si\u0119 automatycznie po zdj\u0119ciu pokrywy urz\u0105dzenia. Je\u017celi urz\u0105dzenie nie w\u0142\u0105cza si\u0119 automatycznie, mo\u017cna je w\u0142\u0105czy\u0107 r\u0119cznie naciskaj\u0105c przycisk w\u0142.\/wy\u0142. - Wst\u0119pnie pod\u0142\u0105czone elektrody dla jak najszybszej opieki nad poszkodowanym.\" \/>\n<meta property=\"og:url\" content=\"https:\/\/sklep.med4life.com.pl\/en\/product\/defibrylator-primedic-heartsave-aed-m\/\" \/>\n<meta property=\"og:site_name\" content=\"sklep.med4life.com.pl\" \/>\n<meta property=\"article:modified_time\" content=\"2026-01-12T13:29:09+00:00\" \/>\n<meta property=\"og:image\" content=\"https:\/\/sklep.med4life.com.pl\/wp-content\/uploads\/2025\/04\/Primedic_defibrylator_HeartSave_AED-M_01.jpg\" \/>\n\t<meta property=\"og:image:width\" content=\"1200\" \/>\n\t<meta property=\"og:image:height\" content=\"1200\" \/>\n\t<meta property=\"og:image:type\" content=\"image\/jpeg\" \/>\n<meta name=\"twitter:card\" content=\"summary_large_image\" \/>\n<meta name=\"twitter:label1\" content=\"Est. reading time\" \/>\n\t<meta name=\"twitter:data1\" content=\"3 minutes\" \/>\n<script type=\"application\/ld+json\" class=\"yoast-schema-graph\">{\"@context\":\"https:\/\/schema.org\",\"@graph\":[{\"@type\":\"WebPage\",\"@id\":\"https:\/\/sklep.med4life.com.pl\/product\/defibrylator-primedic-heartsave-aed-m\/\",\"url\":\"https:\/\/sklep.med4life.com.pl\/product\/defibrylator-primedic-heartsave-aed-m\/\",\"name\":\"Defibrylator Primedic HeartSave AED-M - sklep.med4life.com.pl\",\"isPartOf\":{\"@id\":\"https:\/\/sklep.med4life.com.pl\/#website\"},\"primaryImageOfPage\":{\"@id\":\"https:\/\/sklep.med4life.com.pl\/product\/defibrylator-primedic-heartsave-aed-m\/#primaryimage\"},\"image\":{\"@id\":\"https:\/\/sklep.med4life.com.pl\/product\/defibrylator-primedic-heartsave-aed-m\/#primaryimage\"},\"thumbnailUrl\":\"https:\/\/sklep.med4life.com.pl\/wp-content\/uploads\/2025\/04\/Primedic_defibrylator_HeartSave_AED-M_01.jpg\",\"datePublished\":\"2025-04-24T15:46:51+00:00\",\"dateModified\":\"2026-01-12T13:29:09+00:00\",\"breadcrumb\":{\"@id\":\"https:\/\/sklep.med4life.com.pl\/product\/defibrylator-primedic-heartsave-aed-m\/#breadcrumb\"},\"inLanguage\":\"en-US\",\"potentialAction\":[{\"@type\":\"ReadAction\",\"target\":[\"https:\/\/sklep.med4life.com.pl\/product\/defibrylator-primedic-heartsave-aed-m\/\"]}]},{\"@type\":\"ImageObject\",\"inLanguage\":\"en-US\",\"@id\":\"https:\/\/sklep.med4life.com.pl\/product\/defibrylator-primedic-heartsave-aed-m\/#primaryimage\",\"url\":\"https:\/\/sklep.med4life.com.pl\/wp-content\/uploads\/2025\/04\/Primedic_defibrylator_HeartSave_AED-M_01.jpg\",\"contentUrl\":\"https:\/\/sklep.med4life.com.pl\/wp-content\/uploads\/2025\/04\/Primedic_defibrylator_HeartSave_AED-M_01.jpg\",\"width\":1200,\"height\":1200},{\"@type\":\"BreadcrumbList\",\"@id\":\"https:\/\/sklep.med4life.com.pl\/product\/defibrylator-primedic-heartsave-aed-m\/#breadcrumb\",\"itemListElement\":[{\"@type\":\"ListItem\",\"position\":1,\"name\":\"Strona g\u0142\u00f3wna\",\"item\":\"https:\/\/sklep.med4life.com.pl\/\"},{\"@type\":\"ListItem\",\"position\":2,\"name\":\"Sklep\",\"item\":\"https:\/\/sklep.med4life.com.pl\/shop\/\"},{\"@type\":\"ListItem\",\"position\":3,\"name\":\"Defibrylator Primedic HeartSave AED-M\"}]},{\"@type\":\"WebSite\",\"@id\":\"https:\/\/sklep.med4life.com.pl\/#website\",\"url\":\"https:\/\/sklep.med4life.com.pl\/\",\"name\":\"sklep.med4life.com.pl\",\"description\":\"\",\"potentialAction\":[{\"@type\":\"SearchAction\",\"target\":{\"@type\":\"EntryPoint\",\"urlTemplate\":\"https:\/\/sklep.med4life.com.pl\/?s={search_term_string}\"},\"query-input\":{\"@type\":\"PropertyValueSpecification\",\"valueRequired\":true,\"valueName\":\"search_term_string\"}}],\"inLanguage\":\"en-US\"}]}<\/script>\n<!-- \/ Yoast SEO plugin. -->","yoast_head_json":{"title":"Defibrylator Primedic HeartSave AED-M - sklep.med4life.com.pl","robots":{"index":"index","follow":"follow","max-snippet":"max-snippet:-1","max-image-preview":"max-image-preview:large","max-video-preview":"max-video-preview:-1"},"canonical":"https:\/\/sklep.med4life.com.pl\/en\/product\/defibrylator-primedic-heartsave-aed-m\/","og_locale":"en_US","og_type":"article","og_title":"Defibrylator Primedic HeartSave AED-M - sklep.med4life.com.pl","og_description":"Cechy urz\u0105dzenia: - HeartSave AED-M to p\u00f3\u0142automatyczny defibrylator zewn\u0119trzny - impuls elektryczny zostaje wyzwolony za pomoc\u0105 przycisku - gdy zielony przycisk wstrz\u0105su jest pod\u015bwietlony i urz\u0105dzenie wydaje ci\u0105g\u0142y sygna\u0142 d\u017awi\u0119kowy to urz\u0105dzenie jest gotowe do wykonania wstrz\u0105su. - Odpowiedni zar\u00f3wno dla profesjonalist\u00f3w jak i dla laik\u00f3w \u2013 pozwala na szybk\u0105 i zdecydowan\u0105 reakcj\u0119 w sytuacji zagro\u017cenia \u017cycia. Kr\u00f3tkie i zwi\u0119z\u0142e instrukcje g\u0142osowe wspomagane przez metronom zapewniaj\u0105 bezpieczne wsparcie podczas resuscytacji kr\u0105\u017ceniowo-oddechowej. Urz\u0105dzenie ca\u0142kowicie samodzielnie decyduje, czy wstrz\u0105s jest zalecany i informuje o tym u\u017cytkownika komunikatem g\u0142osowym. Wy\u0142adowanie nast\u0105pi tylko w tedy, gdy osoba udzielaj\u0105ca pierwszej pomocy naci\u015bnie przycisk wstrz\u0105su. - Bardzo solidna konstrukcja, odporna na wstrz\u0105sy. Dzi\u0119ki zastosowaniu klapki przykrywaj\u0105cej przyciski, z\u0142\u0105cze i elektrody urz\u0105dzenie jest odporne na uszkodzenia i zabrudzenia. - Wygodny pakiet akcesori\u00f3w - elektrody uniwersalne w zestawie z miniapteczk\u0105. - Tryb\/przycisk pediatryczny \u2013 dzi\u0119ki zastosowaniu uniwersalnych elektrod i prze\u0142\u0105czeniu AED trybu \"dziecko\" za pomoc\u0105 przycisku pediatrycznego, w nag\u0142ych wypadkach z udzia\u0142em dzieci HeartSave AED-M mo\u017ce by\u0107 u\u017cyte od razu i nie s\u0105 potrzebne specjalne elektrody pediatryczne. - Wieloj\u0119zyczny - instrukcje j\u0119zykowe mo\u017cna prze\u0142\u0105cza\u0107 mi\u0119dzy czterema j\u0119zykami: polskim, angielskim, niemieckim i rumu\u0144skim w opcjach menu na ekranie urz\u0105dzenia. - Skuteczna defibrylacja \u2013 HeartSave AED-M prowadzi autotest (codzienne, miesi\u0119czne i roczne) sprawdzaj\u0105c stan techniczny urz\u0105dzenia: oprogramowanie, przyciski, kalibracj\u0119 EKG, zegar, wewn\u0119trzne zasilanie, modu\u0142 \u0142adowania i pozosta\u0142\u0105 pojemno\u015b\u0107 baterii. - Idealny w miejscach publicznych \u2013 ze wzgl\u0119du na zastosowanie baterii o d\u0142ugiej \u017cywotno\u015bci i elektrod z trzyletnim okresem wa\u017cno\u015bci, oraz niskim kosztom eksploatacji sprz\u0119tu. - Defibrylator HeartSave AED w\u0142\u0105cza si\u0119 automatycznie po zdj\u0119ciu pokrywy urz\u0105dzenia. Je\u017celi urz\u0105dzenie nie w\u0142\u0105cza si\u0119 automatycznie, mo\u017cna je w\u0142\u0105czy\u0107 r\u0119cznie naciskaj\u0105c przycisk w\u0142.\/wy\u0142. - Wst\u0119pnie pod\u0142\u0105czone elektrody dla jak najszybszej opieki nad poszkodowanym.","og_url":"https:\/\/sklep.med4life.com.pl\/en\/product\/defibrylator-primedic-heartsave-aed-m\/","og_site_name":"sklep.med4life.com.pl","article_modified_time":"2026-01-12T13:29:09+00:00","og_image":[{"width":1200,"height":1200,"url":"https:\/\/sklep.med4life.com.pl\/wp-content\/uploads\/2025\/04\/Primedic_defibrylator_HeartSave_AED-M_01.jpg","type":"image\/jpeg"}],"twitter_card":"summary_large_image","twitter_misc":{"Est. reading time":"3 minutes"},"schema":{"@context":"https:\/\/schema.org","@graph":[{"@type":"WebPage","@id":"https:\/\/sklep.med4life.com.pl\/product\/defibrylator-primedic-heartsave-aed-m\/","url":"https:\/\/sklep.med4life.com.pl\/product\/defibrylator-primedic-heartsave-aed-m\/","name":"Defibrylator Primedic HeartSave AED-M - sklep.med4life.com.pl","isPartOf":{"@id":"https:\/\/sklep.med4life.com.pl\/#website"},"primaryImageOfPage":{"@id":"https:\/\/sklep.med4life.com.pl\/product\/defibrylator-primedic-heartsave-aed-m\/#primaryimage"},"image":{"@id":"https:\/\/sklep.med4life.com.pl\/product\/defibrylator-primedic-heartsave-aed-m\/#primaryimage"},"thumbnailUrl":"https:\/\/sklep.med4life.com.pl\/wp-content\/uploads\/2025\/04\/Primedic_defibrylator_HeartSave_AED-M_01.jpg","datePublished":"2025-04-24T15:46:51+00:00","dateModified":"2026-01-12T13:29:09+00:00","breadcrumb":{"@id":"https:\/\/sklep.med4life.com.pl\/product\/defibrylator-primedic-heartsave-aed-m\/#breadcrumb"},"inLanguage":"en-US","potentialAction":[{"@type":"ReadAction","target":["https:\/\/sklep.med4life.com.pl\/product\/defibrylator-primedic-heartsave-aed-m\/"]}]},{"@type":"ImageObject","inLanguage":"en-US","@id":"https:\/\/sklep.med4life.com.pl\/product\/defibrylator-primedic-heartsave-aed-m\/#primaryimage","url":"https:\/\/sklep.med4life.com.pl\/wp-content\/uploads\/2025\/04\/Primedic_defibrylator_HeartSave_AED-M_01.jpg","contentUrl":"https:\/\/sklep.med4life.com.pl\/wp-content\/uploads\/2025\/04\/Primedic_defibrylator_HeartSave_AED-M_01.jpg","width":1200,"height":1200},{"@type":"BreadcrumbList","@id":"https:\/\/sklep.med4life.com.pl\/product\/defibrylator-primedic-heartsave-aed-m\/#breadcrumb","itemListElement":[{"@type":"ListItem","position":1,"name":"Strona g\u0142\u00f3wna","item":"https:\/\/sklep.med4life.com.pl\/"},{"@type":"ListItem","position":2,"name":"Sklep","item":"https:\/\/sklep.med4life.com.pl\/shop\/"},{"@type":"ListItem","position":3,"name":"Defibrylator Primedic HeartSave AED-M"}]},{"@type":"WebSite","@id":"https:\/\/sklep.med4life.com.pl\/#website","url":"https:\/\/sklep.med4life.com.pl\/","name":"sklep.med4life.com.pl","description":"","potentialAction":[{"@type":"SearchAction","target":{"@type":"EntryPoint","urlTemplate":"https:\/\/sklep.med4life.com.pl\/?s={search_term_string}"},"query-input":{"@type":"PropertyValueSpecification","valueRequired":true,"valueName":"search_term_string"}}],"inLanguage":"en-US"}]}},"_links":{"self":[{"href":"https:\/\/sklep.med4life.com.pl\/en\/wp-json\/wp\/v2\/product\/6689","targetHints":{"allow":["GET"]}}],"collection":[{"href":"https:\/\/sklep.med4life.com.pl\/en\/wp-json\/wp\/v2\/product"}],"about":[{"href":"https:\/\/sklep.med4life.com.pl\/en\/wp-json\/wp\/v2\/types\/product"}],"replies":[{"embeddable":true,"href":"https:\/\/sklep.med4life.com.pl\/en\/wp-json\/wp\/v2\/comments?post=6689"}],"wp:featuredmedia":[{"embeddable":true,"href":"https:\/\/sklep.med4life.com.pl\/en\/wp-json\/wp\/v2\/media\/6690"}],"wp:attachment":[{"href":"https:\/\/sklep.med4life.com.pl\/en\/wp-json\/wp\/v2\/media?parent=6689"}],"wp:term":[{"taxonomy":"product_cat","embeddable":true,"href":"https:\/\/sklep.med4life.com.pl\/en\/wp-json\/wp\/v2\/product_cat?post=6689"},{"taxonomy":"product_tag","embeddable":true,"href":"https:\/\/sklep.med4life.com.pl\/en\/wp-json\/wp\/v2\/product_tag?post=6689"}],"curies":[{"name":"wp","href":"https:\/\/api.w.org\/{rel}","templated":true}]}}