{"id":6693,"date":"2025-04-24T17:58:05","date_gmt":"2025-04-24T15:58:05","guid":{"rendered":"https:\/\/sklep.med4life.com.pl\/?post_type=product&#038;p=6693"},"modified":"2025-04-24T17:58:05","modified_gmt":"2025-04-24T15:58:05","slug":"szafka-heartsave-wall-box-seria-heartsave","status":"publish","type":"product","link":"https:\/\/sklep.med4life.com.pl\/en\/product\/szafka-heartsave-wall-box-seria-heartsave\/","title":{"rendered":"Szafka HeartSave Wall box (seria HeartSave)"},"content":{"rendered":"<div>Szafka \u015bcienna HeartSave Primedic<\/div>\n<div><\/div>\n<div>Kod: 97849<\/div>\n<div><\/div>\n<div>Szafka \u015bcienna HeartSave Wallbox firmy Primedic to nowoczesna kapsu\u0142a do zastosowa\u0144 wewn\u0119trznych.<\/div>\n<div><\/div>\n<div>Kapsu\u0142a HeartSave Wallbox wykonana jest z bardzo trwa\u0142ych materia\u0142\u00f3w (tworzywo ABS) odpornych na uszkodzenia mechaniczne chroni\u0105c w ten spos\u00f3b umieszczony w niej defibrylator AED.<\/div>\n<div><\/div>\n<div>Drzwiczki szafki posiadaj\u0105 du\u017ce okno rewizyjne (wykonane z plexi) dzi\u0119ki czemu defibrylator umieszczony w kapsule jest bardzo dobrze widoczny i w \u0142atwy spos\u00f3b mo\u017cna skontrolowa\u0107 jego stan operacyjny bez potrzeby otwierania szafki.<\/div>\n<div><\/div>\n<div>Elegancki, minimalistyczny design i stonowane kolory wywieraj\u0105 przyjemne, estetyczne wra\u017cenie, pozwala to na zastosowanie kapsu\u0142y HeartSave Primedic nawet w bardzo nowoczesnych wn\u0119trzach nie zaburzaj\u0105c przy tym sp\u00f3jnego wizeruku wn\u0119trza.<\/div>\n<div><\/div>\n<div>Kapsu\u0142a jest dedykowana do przechowywania defibrylator\u00f3w z serii Primedic HeartSave, ale mo\u017ce by\u0107 r\u00f3wnie\u017c stosowana z defibrylatorami innych marek.<\/div>\n<div><\/div>\n<div>Funkcje szafki HeartSave Wallbox:<\/div>\n<div><\/div>\n<div>&#8211; alarm \u015bwietlny &#8211; w\u0142\u0105cza si\u0119 po otwarciu szafki,<\/div>\n<div>&#8211; alarm d\u017awi\u0119kowy &#8211; alarm d\u017awi\u0119kowy w\u0142\u0105cza si\u0119 po wyj\u0119ciu defibrylatora AED i wydaje d\u017awi\u0119k przez 30 sekund nawet je\u015bli drzwiczki zostan\u0105 ponownie zamkni\u0119te,<\/div>\n<div>&#8211; zasilanie: bateria blokowa 9V (brak w zestawie),<\/div>\n<div>&#8211; do zastosowa\u0144 wewn\u0119trznych,<\/div>\n<div>&#8211; kompatybilna z: HeartSave PAD, HeartSave AED, HeartSave AS, HeartSave AED-M, HeartSave Y, HeartSave YA.<\/div>\n<div><\/div>\n<div>Wymiary: 50 x 41 x 19,5 cm<\/div>","protected":false},"excerpt":{"rendered":"<div>Szafka \u015bcienna HeartSave Wallbox firmy Primedic to nowoczesna kapsu\u0142a do zastosowa\u0144 wewn\u0119trznych.<\/div>\n<div><\/div>\n<div>Kapsu\u0142a HeartSave Wallbox wykonana jest z bardzo trwa\u0142ych materia\u0142\u00f3w (tworzywo ABS) odpornych na uszkodzenia mechaniczne chroni\u0105c w ten spos\u00f3b umieszczony w niej defibrylator AED.<\/div>\n<div><\/div>\n<div>Drzwiczki szafki posiadaj\u0105 du\u017ce okno rewizyjne (wykonane z plexi) dzi\u0119ki czemu defibrylator umieszczony w kapsule jest bardzo dobrze widoczny i w \u0142atwy spos\u00f3b mo\u017cna skontrolowa\u0107 jego stan operacyjny bez potrzeby otwierania szafki.<\/div>\n<div><\/div>\n<div>Elegancki, minimalistyczny design i stonowane kolory wywieraj\u0105 przyjemne, estetyczne wra\u017cenie, pozwala to na zastosowanie kapsu\u0142y HeartSave Primedic nawet w bardzo nowoczesnych wn\u0119trzach nie zaburzaj\u0105c przy tym sp\u00f3jnego wizeruku wn\u0119trza.<\/div>\n<div><\/div>\n<div>Kapsu\u0142a jest dedykowana do przechowywania defibrylator\u00f3w z serii Primedic HeartSave, ale mo\u017ce by\u0107 r\u00f3wnie\u017c stosowana z defibrylatorami innych marek.<\/div>","protected":false},"featured_media":6694,"comment_status":"open","ping_status":"closed","template":"","meta":{"content-type":"","om_disable_all_campaigns":false,"_monsterinsights_skip_tracking":false,"_monsterinsights_sitenote_active":false,"_monsterinsights_sitenote_note":"","_monsterinsights_sitenote_category":0},"product_cat":[94],"product_tag":[],"class_list":{"0":"post-6693","1":"product","2":"type-product","3":"status-publish","4":"has-post-thumbnail","6":"product_cat-gabloty-i-szafki","8":"first","9":"instock","10":"shipping-taxable","11":"product-type-simple"},"yoast_head":"<!-- This site is optimized with the Yoast SEO plugin v23.8 - https:\/\/yoast.com\/wordpress\/plugins\/seo\/ -->\n<title>Szafka HeartSave Wall box (seria HeartSave) - sklep.med4life.com.pl<\/title>\n<meta name=\"robots\" content=\"index, follow, max-snippet:-1, max-image-preview:large, max-video-preview:-1\" \/>\n<link rel=\"canonical\" href=\"https:\/\/sklep.med4life.com.pl\/en\/product\/szafka-heartsave-wall-box-seria-heartsave\/\" \/>\n<meta property=\"og:locale\" content=\"en_US\" \/>\n<meta property=\"og:type\" content=\"article\" \/>\n<meta property=\"og:title\" content=\"Szafka HeartSave Wall box (seria HeartSave) - sklep.med4life.com.pl\" \/>\n<meta property=\"og:description\" content=\"Szafka \u015bcienna HeartSave Wallbox firmy Primedic to nowoczesna kapsu\u0142a do zastosowa\u0144 wewn\u0119trznych.  Kapsu\u0142a HeartSave Wallbox wykonana jest z bardzo trwa\u0142ych materia\u0142\u00f3w (tworzywo ABS) odpornych na uszkodzenia mechaniczne chroni\u0105c w ten spos\u00f3b umieszczony w niej defibrylator AED.  Drzwiczki szafki posiadaj\u0105 du\u017ce okno rewizyjne (wykonane z plexi) dzi\u0119ki czemu defibrylator umieszczony w kapsule jest bardzo dobrze widoczny i w \u0142atwy spos\u00f3b mo\u017cna skontrolowa\u0107 jego stan operacyjny bez potrzeby otwierania szafki.  Elegancki, minimalistyczny design i stonowane kolory wywieraj\u0105 przyjemne, estetyczne wra\u017cenie, pozwala to na zastosowanie kapsu\u0142y HeartSave Primedic nawet w bardzo nowoczesnych wn\u0119trzach nie zaburzaj\u0105c przy tym sp\u00f3jnego wizeruku wn\u0119trza.  Kapsu\u0142a jest dedykowana do przechowywania defibrylator\u00f3w z serii Primedic HeartSave, ale mo\u017ce by\u0107 r\u00f3wnie\u017c stosowana z defibrylatorami innych marek.\" \/>\n<meta property=\"og:url\" content=\"https:\/\/sklep.med4life.com.pl\/en\/product\/szafka-heartsave-wall-box-seria-heartsave\/\" \/>\n<meta property=\"og:site_name\" content=\"sklep.med4life.com.pl\" \/>\n<meta property=\"og:image\" content=\"https:\/\/sklep.med4life.com.pl\/wp-content\/uploads\/2025\/04\/Primedic_wallbox_szafka_scienna_Heart_Save_97849-01.jpg\" \/>\n\t<meta property=\"og:image:width\" content=\"1200\" \/>\n\t<meta property=\"og:image:height\" content=\"1200\" \/>\n\t<meta property=\"og:image:type\" content=\"image\/jpeg\" \/>\n<meta name=\"twitter:card\" content=\"summary_large_image\" \/>\n<meta name=\"twitter:label1\" content=\"Est. reading time\" \/>\n\t<meta name=\"twitter:data1\" content=\"2 minutes\" \/>\n<script type=\"application\/ld+json\" class=\"yoast-schema-graph\">{\"@context\":\"https:\/\/schema.org\",\"@graph\":[{\"@type\":\"WebPage\",\"@id\":\"https:\/\/sklep.med4life.com.pl\/product\/szafka-heartsave-wall-box-seria-heartsave\/\",\"url\":\"https:\/\/sklep.med4life.com.pl\/product\/szafka-heartsave-wall-box-seria-heartsave\/\",\"name\":\"Szafka HeartSave Wall box (seria HeartSave) - sklep.med4life.com.pl\",\"isPartOf\":{\"@id\":\"https:\/\/sklep.med4life.com.pl\/#website\"},\"primaryImageOfPage\":{\"@id\":\"https:\/\/sklep.med4life.com.pl\/product\/szafka-heartsave-wall-box-seria-heartsave\/#primaryimage\"},\"image\":{\"@id\":\"https:\/\/sklep.med4life.com.pl\/product\/szafka-heartsave-wall-box-seria-heartsave\/#primaryimage\"},\"thumbnailUrl\":\"https:\/\/sklep.med4life.com.pl\/wp-content\/uploads\/2025\/04\/Primedic_wallbox_szafka_scienna_Heart_Save_97849-01.jpg\",\"datePublished\":\"2025-04-24T15:58:05+00:00\",\"dateModified\":\"2025-04-24T15:58:05+00:00\",\"breadcrumb\":{\"@id\":\"https:\/\/sklep.med4life.com.pl\/product\/szafka-heartsave-wall-box-seria-heartsave\/#breadcrumb\"},\"inLanguage\":\"en-US\",\"potentialAction\":[{\"@type\":\"ReadAction\",\"target\":[\"https:\/\/sklep.med4life.com.pl\/product\/szafka-heartsave-wall-box-seria-heartsave\/\"]}]},{\"@type\":\"ImageObject\",\"inLanguage\":\"en-US\",\"@id\":\"https:\/\/sklep.med4life.com.pl\/product\/szafka-heartsave-wall-box-seria-heartsave\/#primaryimage\",\"url\":\"https:\/\/sklep.med4life.com.pl\/wp-content\/uploads\/2025\/04\/Primedic_wallbox_szafka_scienna_Heart_Save_97849-01.jpg\",\"contentUrl\":\"https:\/\/sklep.med4life.com.pl\/wp-content\/uploads\/2025\/04\/Primedic_wallbox_szafka_scienna_Heart_Save_97849-01.jpg\",\"width\":1200,\"height\":1200},{\"@type\":\"BreadcrumbList\",\"@id\":\"https:\/\/sklep.med4life.com.pl\/product\/szafka-heartsave-wall-box-seria-heartsave\/#breadcrumb\",\"itemListElement\":[{\"@type\":\"ListItem\",\"position\":1,\"name\":\"Strona g\u0142\u00f3wna\",\"item\":\"https:\/\/sklep.med4life.com.pl\/\"},{\"@type\":\"ListItem\",\"position\":2,\"name\":\"Sklep\",\"item\":\"https:\/\/sklep.med4life.com.pl\/shop\/\"},{\"@type\":\"ListItem\",\"position\":3,\"name\":\"Szafka HeartSave Wall box (seria HeartSave)\"}]},{\"@type\":\"WebSite\",\"@id\":\"https:\/\/sklep.med4life.com.pl\/#website\",\"url\":\"https:\/\/sklep.med4life.com.pl\/\",\"name\":\"sklep.med4life.com.pl\",\"description\":\"\",\"potentialAction\":[{\"@type\":\"SearchAction\",\"target\":{\"@type\":\"EntryPoint\",\"urlTemplate\":\"https:\/\/sklep.med4life.com.pl\/?s={search_term_string}\"},\"query-input\":{\"@type\":\"PropertyValueSpecification\",\"valueRequired\":true,\"valueName\":\"search_term_string\"}}],\"inLanguage\":\"en-US\"}]}<\/script>\n<!-- \/ Yoast SEO plugin. -->","yoast_head_json":{"title":"Szafka HeartSave Wall box (seria HeartSave) - sklep.med4life.com.pl","robots":{"index":"index","follow":"follow","max-snippet":"max-snippet:-1","max-image-preview":"max-image-preview:large","max-video-preview":"max-video-preview:-1"},"canonical":"https:\/\/sklep.med4life.com.pl\/en\/product\/szafka-heartsave-wall-box-seria-heartsave\/","og_locale":"en_US","og_type":"article","og_title":"Szafka HeartSave Wall box (seria HeartSave) - sklep.med4life.com.pl","og_description":"Szafka \u015bcienna HeartSave Wallbox firmy Primedic to nowoczesna kapsu\u0142a do zastosowa\u0144 wewn\u0119trznych.  Kapsu\u0142a HeartSave Wallbox wykonana jest z bardzo trwa\u0142ych materia\u0142\u00f3w (tworzywo ABS) odpornych na uszkodzenia mechaniczne chroni\u0105c w ten spos\u00f3b umieszczony w niej defibrylator AED.  Drzwiczki szafki posiadaj\u0105 du\u017ce okno rewizyjne (wykonane z plexi) dzi\u0119ki czemu defibrylator umieszczony w kapsule jest bardzo dobrze widoczny i w \u0142atwy spos\u00f3b mo\u017cna skontrolowa\u0107 jego stan operacyjny bez potrzeby otwierania szafki.  Elegancki, minimalistyczny design i stonowane kolory wywieraj\u0105 przyjemne, estetyczne wra\u017cenie, pozwala to na zastosowanie kapsu\u0142y HeartSave Primedic nawet w bardzo nowoczesnych wn\u0119trzach nie zaburzaj\u0105c przy tym sp\u00f3jnego wizeruku wn\u0119trza.  Kapsu\u0142a jest dedykowana do przechowywania defibrylator\u00f3w z serii Primedic HeartSave, ale mo\u017ce by\u0107 r\u00f3wnie\u017c stosowana z defibrylatorami innych marek.","og_url":"https:\/\/sklep.med4life.com.pl\/en\/product\/szafka-heartsave-wall-box-seria-heartsave\/","og_site_name":"sklep.med4life.com.pl","og_image":[{"width":1200,"height":1200,"url":"https:\/\/sklep.med4life.com.pl\/wp-content\/uploads\/2025\/04\/Primedic_wallbox_szafka_scienna_Heart_Save_97849-01.jpg","type":"image\/jpeg"}],"twitter_card":"summary_large_image","twitter_misc":{"Est. reading time":"2 minutes"},"schema":{"@context":"https:\/\/schema.org","@graph":[{"@type":"WebPage","@id":"https:\/\/sklep.med4life.com.pl\/product\/szafka-heartsave-wall-box-seria-heartsave\/","url":"https:\/\/sklep.med4life.com.pl\/product\/szafka-heartsave-wall-box-seria-heartsave\/","name":"Szafka HeartSave Wall box (seria HeartSave) - sklep.med4life.com.pl","isPartOf":{"@id":"https:\/\/sklep.med4life.com.pl\/#website"},"primaryImageOfPage":{"@id":"https:\/\/sklep.med4life.com.pl\/product\/szafka-heartsave-wall-box-seria-heartsave\/#primaryimage"},"image":{"@id":"https:\/\/sklep.med4life.com.pl\/product\/szafka-heartsave-wall-box-seria-heartsave\/#primaryimage"},"thumbnailUrl":"https:\/\/sklep.med4life.com.pl\/wp-content\/uploads\/2025\/04\/Primedic_wallbox_szafka_scienna_Heart_Save_97849-01.jpg","datePublished":"2025-04-24T15:58:05+00:00","dateModified":"2025-04-24T15:58:05+00:00","breadcrumb":{"@id":"https:\/\/sklep.med4life.com.pl\/product\/szafka-heartsave-wall-box-seria-heartsave\/#breadcrumb"},"inLanguage":"en-US","potentialAction":[{"@type":"ReadAction","target":["https:\/\/sklep.med4life.com.pl\/product\/szafka-heartsave-wall-box-seria-heartsave\/"]}]},{"@type":"ImageObject","inLanguage":"en-US","@id":"https:\/\/sklep.med4life.com.pl\/product\/szafka-heartsave-wall-box-seria-heartsave\/#primaryimage","url":"https:\/\/sklep.med4life.com.pl\/wp-content\/uploads\/2025\/04\/Primedic_wallbox_szafka_scienna_Heart_Save_97849-01.jpg","contentUrl":"https:\/\/sklep.med4life.com.pl\/wp-content\/uploads\/2025\/04\/Primedic_wallbox_szafka_scienna_Heart_Save_97849-01.jpg","width":1200,"height":1200},{"@type":"BreadcrumbList","@id":"https:\/\/sklep.med4life.com.pl\/product\/szafka-heartsave-wall-box-seria-heartsave\/#breadcrumb","itemListElement":[{"@type":"ListItem","position":1,"name":"Strona g\u0142\u00f3wna","item":"https:\/\/sklep.med4life.com.pl\/"},{"@type":"ListItem","position":2,"name":"Sklep","item":"https:\/\/sklep.med4life.com.pl\/shop\/"},{"@type":"ListItem","position":3,"name":"Szafka HeartSave Wall box (seria HeartSave)"}]},{"@type":"WebSite","@id":"https:\/\/sklep.med4life.com.pl\/#website","url":"https:\/\/sklep.med4life.com.pl\/","name":"sklep.med4life.com.pl","description":"","potentialAction":[{"@type":"SearchAction","target":{"@type":"EntryPoint","urlTemplate":"https:\/\/sklep.med4life.com.pl\/?s={search_term_string}"},"query-input":{"@type":"PropertyValueSpecification","valueRequired":true,"valueName":"search_term_string"}}],"inLanguage":"en-US"}]}},"_links":{"self":[{"href":"https:\/\/sklep.med4life.com.pl\/en\/wp-json\/wp\/v2\/product\/6693","targetHints":{"allow":["GET"]}}],"collection":[{"href":"https:\/\/sklep.med4life.com.pl\/en\/wp-json\/wp\/v2\/product"}],"about":[{"href":"https:\/\/sklep.med4life.com.pl\/en\/wp-json\/wp\/v2\/types\/product"}],"replies":[{"embeddable":true,"href":"https:\/\/sklep.med4life.com.pl\/en\/wp-json\/wp\/v2\/comments?post=6693"}],"wp:featuredmedia":[{"embeddable":true,"href":"https:\/\/sklep.med4life.com.pl\/en\/wp-json\/wp\/v2\/media\/6694"}],"wp:attachment":[{"href":"https:\/\/sklep.med4life.com.pl\/en\/wp-json\/wp\/v2\/media?parent=6693"}],"wp:term":[{"taxonomy":"product_cat","embeddable":true,"href":"https:\/\/sklep.med4life.com.pl\/en\/wp-json\/wp\/v2\/product_cat?post=6693"},{"taxonomy":"product_tag","embeddable":true,"href":"https:\/\/sklep.med4life.com.pl\/en\/wp-json\/wp\/v2\/product_tag?post=6693"}],"curies":[{"name":"wp","href":"https:\/\/api.w.org\/{rel}","templated":true}]}}