{"id":6696,"date":"2025-04-24T18:05:05","date_gmt":"2025-04-24T16:05:05","guid":{"rendered":"https:\/\/sklep.med4life.com.pl\/?post_type=product&#038;p=6696"},"modified":"2025-04-24T18:05:05","modified_gmt":"2025-04-24T16:05:05","slug":"uchwyt-heartsave-wall-mount-eco-seria-heartsave","status":"publish","type":"product","link":"https:\/\/sklep.med4life.com.pl\/en\/product\/uchwyt-heartsave-wall-mount-eco-seria-heartsave\/","title":{"rendered":"Uchwyt HeartSave Wall mount Eco (seria HeartSave)"},"content":{"rendered":"<p>Uchwyt \u015bcienny HeartSave Eco Primedic<\/p>\n<p>kod: 97851<\/p>\n<p>Uchwyt \u015bcienny HeartSave Eco Primedic to prosty, niewielkich rozmiar\u00f3w wieszak na defibrylator, kt\u00f3ry u\u0142atwia natychmiastowy dost\u0119p do AED!<\/p>\n<p>Najwi\u0119ksz\u0105 zalet\u0105 uchwyt\u00f3w na defibrylator jest \u0142atwy i b\u0142yskawiczny dost\u0119p do AED oraz jasna komunikacja wizualna przy pomocy piktogramu! Dlatego tego rodzaju uchwyt najlepiej sprawdzi si\u0119 w budynkach komercyjnych i r\u00f3\u017cnego rodzaju instytucjach &#8211; wsz\u0119dzie tam gdzie dost\u0119pu do defibrylatora nie maj\u0105 osoby przypadkowe, lecz osoby do tego wyznaczone i\/lub pracownicy danej firmy czy instytucji, \u015bwiadomi umiejscowienia i przeznaczenia AED.<\/p>\n<p>Wieszak jest wykonany ze stalowej blachy malowanej proszkowo na kolor bia\u0142y. W g\u00f3rnej cz\u0119\u015bci uchwytu umieszczony jest piktogram informacyjny (logo) AED. Dzi\u0119ki bardzo prostej konstrukcji i estetycznemu wygl\u0105dowi wieszak nie zaburza sp\u00f3jnego wizeruku wn\u0119trza, w kt\u00f3rym jest zamontowany.<\/p>\n<p>Dzi\u0119ki ma\u0142ym rozmiarom i wadze mo\u017ce by\u0107 montowany na r\u00f3\u017cnych powierzchniach i praktycznie w ka\u017cdym miejscu. Prosty monta\u017c za pomoc\u0105 ko\u0142k\u00f3w rozporowych i wkr\u0119t\u00f3w.<\/p>\n<p>Mo\u017ce by\u0107 wykorzystywane do zawieszania defibrylator\u00f3w AED, kt\u00f3re posiadaj\u0105 zintegrowan\u0105 r\u0105czk\u0119 lub uchwyt przy torbie transportowej.<\/p>\n<p>Cechy produktu:<\/p>\n<p>&#8211; Do u\u017cytku wewn\u0119trznego.<br \/>\n&#8211; Przeznaczony do biur, firm prywatnych, zak\u0142ad\u00f3w pracy i instytucji z ograniczonym dost\u0119pem dla os\u00f3b z zewn\u0105trz.<br \/>\n&#8211; Kompatybilny ze wszystkimi defibrylatorami AED z serii HeartSave (HeartSave PAD, HeartSave AED, HeartSave AS, HeartSave AED-M, HeartSave Y, HeartSave YA).<br \/>\n&#8211; \u0141atwe umieszczanie i \u015bci\u0105gnie defibrylatora zapewnienia natychmiastowy dost\u0119pu do AED.<br \/>\n&#8211; Prosty monta\u017c.<br \/>\n&#8211; Wykonany ze stali, malowany proszkowo.<br \/>\n&#8211; Wymiary: (wys. x szer. x g\u0142.): 11,4 x 16,5 x 7 cm.<br \/>\n&#8211; Waga: 0,5 kg.<\/p>","protected":false},"excerpt":{"rendered":"<p>Uchwyt \u015bcienny HeartSave Eco Primedic to prosty, niewielkich rozmiar\u00f3w wieszak na defibrylator, kt\u00f3ry u\u0142atwia natychmiastowy dost\u0119p do AED!<\/p>\n<p>Najwi\u0119ksz\u0105 zalet\u0105 uchwyt\u00f3w na defibrylator jest \u0142atwy i b\u0142yskawiczny dost\u0119p do AED oraz jasna komunikacja wizualna przy pomocy piktogramu! Dlatego tego rodzaju uchwyt najlepiej sprawdzi si\u0119 w budynkach komercyjnych i r\u00f3\u017cnego rodzaju instytucjach &#8211; wsz\u0119dzie tam gdzie dost\u0119pu do defibrylatora nie maj\u0105 osoby przypadkowe, lecz osoby do tego wyznaczone i\/lub pracownicy danej firmy czy instytucji, \u015bwiadomi umiejscowienia i przeznaczenia AED.<\/p>\n<p>Wieszak jest wykonany ze stalowej blachy malowanej proszkowo na kolor bia\u0142y. W g\u00f3rnej cz\u0119\u015bci uchwytu umieszczony jest piktogram informacyjny (logo) AED. Dzi\u0119ki bardzo prostej konstrukcji i estetycznemu wygl\u0105dowi wieszak nie zaburza sp\u00f3jnego wizeruku wn\u0119trza, w kt\u00f3rym jest zamontowany.<\/p>\n<p>Dzi\u0119ki ma\u0142ym rozmiarom i wadze mo\u017ce by\u0107 montowany na r\u00f3\u017cnych powierzchniach i praktycznie w ka\u017cdym miejscu. Prosty monta\u017c za pomoc\u0105 ko\u0142k\u00f3w rozporowych i wkr\u0119t\u00f3w.<\/p>\n<p>Mo\u017ce by\u0107 wykorzystywane do zawieszania defibrylator\u00f3w AED, kt\u00f3re posiadaj\u0105 zintegrowan\u0105 r\u0105czk\u0119 lub uchwyt przy torbie transportowej.<\/p>","protected":false},"featured_media":6697,"comment_status":"open","ping_status":"closed","template":"","meta":{"content-type":"","om_disable_all_campaigns":false,"_monsterinsights_skip_tracking":false,"_monsterinsights_sitenote_active":false,"_monsterinsights_sitenote_note":"","_monsterinsights_sitenote_category":0},"product_cat":[94],"product_tag":[],"class_list":{"0":"post-6696","1":"product","2":"type-product","3":"status-publish","4":"has-post-thumbnail","6":"product_cat-gabloty-i-szafki","8":"first","9":"instock","10":"shipping-taxable","11":"product-type-simple"},"yoast_head":"<!-- This site is optimized with the Yoast SEO plugin v23.8 - https:\/\/yoast.com\/wordpress\/plugins\/seo\/ -->\n<title>Uchwyt HeartSave Wall mount Eco (seria HeartSave) - sklep.med4life.com.pl<\/title>\n<meta name=\"robots\" content=\"index, follow, max-snippet:-1, max-image-preview:large, max-video-preview:-1\" \/>\n<link rel=\"canonical\" href=\"https:\/\/sklep.med4life.com.pl\/en\/product\/uchwyt-heartsave-wall-mount-eco-seria-heartsave\/\" \/>\n<meta property=\"og:locale\" content=\"en_US\" \/>\n<meta property=\"og:type\" content=\"article\" \/>\n<meta property=\"og:title\" content=\"Uchwyt HeartSave Wall mount Eco (seria HeartSave) - sklep.med4life.com.pl\" \/>\n<meta property=\"og:description\" content=\"Uchwyt \u015bcienny HeartSave Eco Primedic to prosty, niewielkich rozmiar\u00f3w wieszak na defibrylator, kt\u00f3ry u\u0142atwia natychmiastowy dost\u0119p do AED!  Najwi\u0119ksz\u0105 zalet\u0105 uchwyt\u00f3w na defibrylator jest \u0142atwy i b\u0142yskawiczny dost\u0119p do AED oraz jasna komunikacja wizualna przy pomocy piktogramu! Dlatego tego rodzaju uchwyt najlepiej sprawdzi si\u0119 w budynkach komercyjnych i r\u00f3\u017cnego rodzaju instytucjach - wsz\u0119dzie tam gdzie dost\u0119pu do defibrylatora nie maj\u0105 osoby przypadkowe, lecz osoby do tego wyznaczone i\/lub pracownicy danej firmy czy instytucji, \u015bwiadomi umiejscowienia i przeznaczenia AED.  Wieszak jest wykonany ze stalowej blachy malowanej proszkowo na kolor bia\u0142y. W g\u00f3rnej cz\u0119\u015bci uchwytu umieszczony jest piktogram informacyjny (logo) AED. Dzi\u0119ki bardzo prostej konstrukcji i estetycznemu wygl\u0105dowi wieszak nie zaburza sp\u00f3jnego wizeruku wn\u0119trza, w kt\u00f3rym jest zamontowany.  Dzi\u0119ki ma\u0142ym rozmiarom i wadze mo\u017ce by\u0107 montowany na r\u00f3\u017cnych powierzchniach i praktycznie w ka\u017cdym miejscu. Prosty monta\u017c za pomoc\u0105 ko\u0142k\u00f3w rozporowych i wkr\u0119t\u00f3w.  Mo\u017ce by\u0107 wykorzystywane do zawieszania defibrylator\u00f3w AED, kt\u00f3re posiadaj\u0105 zintegrowan\u0105 r\u0105czk\u0119 lub uchwyt przy torbie transportowej.\" \/>\n<meta property=\"og:url\" content=\"https:\/\/sklep.med4life.com.pl\/en\/product\/uchwyt-heartsave-wall-mount-eco-seria-heartsave\/\" \/>\n<meta property=\"og:site_name\" content=\"sklep.med4life.com.pl\" \/>\n<meta property=\"og:image\" content=\"https:\/\/sklep.med4life.com.pl\/wp-content\/uploads\/2025\/04\/Primedic_uchwyt_scienny_Heart_Save_ECO_97851-01.jpg\" \/>\n\t<meta property=\"og:image:width\" content=\"1200\" \/>\n\t<meta property=\"og:image:height\" content=\"1200\" \/>\n\t<meta property=\"og:image:type\" content=\"image\/jpeg\" \/>\n<meta name=\"twitter:card\" content=\"summary_large_image\" \/>\n<meta name=\"twitter:label1\" content=\"Est. reading time\" \/>\n\t<meta name=\"twitter:data1\" content=\"2 minutes\" \/>\n<script type=\"application\/ld+json\" class=\"yoast-schema-graph\">{\"@context\":\"https:\/\/schema.org\",\"@graph\":[{\"@type\":\"WebPage\",\"@id\":\"https:\/\/sklep.med4life.com.pl\/product\/uchwyt-heartsave-wall-mount-eco-seria-heartsave\/\",\"url\":\"https:\/\/sklep.med4life.com.pl\/product\/uchwyt-heartsave-wall-mount-eco-seria-heartsave\/\",\"name\":\"Uchwyt HeartSave Wall mount Eco (seria HeartSave) - sklep.med4life.com.pl\",\"isPartOf\":{\"@id\":\"https:\/\/sklep.med4life.com.pl\/#website\"},\"primaryImageOfPage\":{\"@id\":\"https:\/\/sklep.med4life.com.pl\/product\/uchwyt-heartsave-wall-mount-eco-seria-heartsave\/#primaryimage\"},\"image\":{\"@id\":\"https:\/\/sklep.med4life.com.pl\/product\/uchwyt-heartsave-wall-mount-eco-seria-heartsave\/#primaryimage\"},\"thumbnailUrl\":\"https:\/\/sklep.med4life.com.pl\/wp-content\/uploads\/2025\/04\/Primedic_uchwyt_scienny_Heart_Save_ECO_97851-01.jpg\",\"datePublished\":\"2025-04-24T16:05:05+00:00\",\"dateModified\":\"2025-04-24T16:05:05+00:00\",\"breadcrumb\":{\"@id\":\"https:\/\/sklep.med4life.com.pl\/product\/uchwyt-heartsave-wall-mount-eco-seria-heartsave\/#breadcrumb\"},\"inLanguage\":\"en-US\",\"potentialAction\":[{\"@type\":\"ReadAction\",\"target\":[\"https:\/\/sklep.med4life.com.pl\/product\/uchwyt-heartsave-wall-mount-eco-seria-heartsave\/\"]}]},{\"@type\":\"ImageObject\",\"inLanguage\":\"en-US\",\"@id\":\"https:\/\/sklep.med4life.com.pl\/product\/uchwyt-heartsave-wall-mount-eco-seria-heartsave\/#primaryimage\",\"url\":\"https:\/\/sklep.med4life.com.pl\/wp-content\/uploads\/2025\/04\/Primedic_uchwyt_scienny_Heart_Save_ECO_97851-01.jpg\",\"contentUrl\":\"https:\/\/sklep.med4life.com.pl\/wp-content\/uploads\/2025\/04\/Primedic_uchwyt_scienny_Heart_Save_ECO_97851-01.jpg\",\"width\":1200,\"height\":1200},{\"@type\":\"BreadcrumbList\",\"@id\":\"https:\/\/sklep.med4life.com.pl\/product\/uchwyt-heartsave-wall-mount-eco-seria-heartsave\/#breadcrumb\",\"itemListElement\":[{\"@type\":\"ListItem\",\"position\":1,\"name\":\"Strona g\u0142\u00f3wna\",\"item\":\"https:\/\/sklep.med4life.com.pl\/\"},{\"@type\":\"ListItem\",\"position\":2,\"name\":\"Sklep\",\"item\":\"https:\/\/sklep.med4life.com.pl\/shop\/\"},{\"@type\":\"ListItem\",\"position\":3,\"name\":\"Uchwyt HeartSave Wall mount Eco (seria HeartSave)\"}]},{\"@type\":\"WebSite\",\"@id\":\"https:\/\/sklep.med4life.com.pl\/#website\",\"url\":\"https:\/\/sklep.med4life.com.pl\/\",\"name\":\"sklep.med4life.com.pl\",\"description\":\"\",\"potentialAction\":[{\"@type\":\"SearchAction\",\"target\":{\"@type\":\"EntryPoint\",\"urlTemplate\":\"https:\/\/sklep.med4life.com.pl\/?s={search_term_string}\"},\"query-input\":{\"@type\":\"PropertyValueSpecification\",\"valueRequired\":true,\"valueName\":\"search_term_string\"}}],\"inLanguage\":\"en-US\"}]}<\/script>\n<!-- \/ Yoast SEO plugin. -->","yoast_head_json":{"title":"Uchwyt HeartSave Wall mount Eco (seria HeartSave) - sklep.med4life.com.pl","robots":{"index":"index","follow":"follow","max-snippet":"max-snippet:-1","max-image-preview":"max-image-preview:large","max-video-preview":"max-video-preview:-1"},"canonical":"https:\/\/sklep.med4life.com.pl\/en\/product\/uchwyt-heartsave-wall-mount-eco-seria-heartsave\/","og_locale":"en_US","og_type":"article","og_title":"Uchwyt HeartSave Wall mount Eco (seria HeartSave) - sklep.med4life.com.pl","og_description":"Uchwyt \u015bcienny HeartSave Eco Primedic to prosty, niewielkich rozmiar\u00f3w wieszak na defibrylator, kt\u00f3ry u\u0142atwia natychmiastowy dost\u0119p do AED!  Najwi\u0119ksz\u0105 zalet\u0105 uchwyt\u00f3w na defibrylator jest \u0142atwy i b\u0142yskawiczny dost\u0119p do AED oraz jasna komunikacja wizualna przy pomocy piktogramu! Dlatego tego rodzaju uchwyt najlepiej sprawdzi si\u0119 w budynkach komercyjnych i r\u00f3\u017cnego rodzaju instytucjach - wsz\u0119dzie tam gdzie dost\u0119pu do defibrylatora nie maj\u0105 osoby przypadkowe, lecz osoby do tego wyznaczone i\/lub pracownicy danej firmy czy instytucji, \u015bwiadomi umiejscowienia i przeznaczenia AED.  Wieszak jest wykonany ze stalowej blachy malowanej proszkowo na kolor bia\u0142y. W g\u00f3rnej cz\u0119\u015bci uchwytu umieszczony jest piktogram informacyjny (logo) AED. Dzi\u0119ki bardzo prostej konstrukcji i estetycznemu wygl\u0105dowi wieszak nie zaburza sp\u00f3jnego wizeruku wn\u0119trza, w kt\u00f3rym jest zamontowany.  Dzi\u0119ki ma\u0142ym rozmiarom i wadze mo\u017ce by\u0107 montowany na r\u00f3\u017cnych powierzchniach i praktycznie w ka\u017cdym miejscu. Prosty monta\u017c za pomoc\u0105 ko\u0142k\u00f3w rozporowych i wkr\u0119t\u00f3w.  Mo\u017ce by\u0107 wykorzystywane do zawieszania defibrylator\u00f3w AED, kt\u00f3re posiadaj\u0105 zintegrowan\u0105 r\u0105czk\u0119 lub uchwyt przy torbie transportowej.","og_url":"https:\/\/sklep.med4life.com.pl\/en\/product\/uchwyt-heartsave-wall-mount-eco-seria-heartsave\/","og_site_name":"sklep.med4life.com.pl","og_image":[{"width":1200,"height":1200,"url":"https:\/\/sklep.med4life.com.pl\/wp-content\/uploads\/2025\/04\/Primedic_uchwyt_scienny_Heart_Save_ECO_97851-01.jpg","type":"image\/jpeg"}],"twitter_card":"summary_large_image","twitter_misc":{"Est. reading time":"2 minutes"},"schema":{"@context":"https:\/\/schema.org","@graph":[{"@type":"WebPage","@id":"https:\/\/sklep.med4life.com.pl\/product\/uchwyt-heartsave-wall-mount-eco-seria-heartsave\/","url":"https:\/\/sklep.med4life.com.pl\/product\/uchwyt-heartsave-wall-mount-eco-seria-heartsave\/","name":"Uchwyt HeartSave Wall mount Eco (seria HeartSave) - sklep.med4life.com.pl","isPartOf":{"@id":"https:\/\/sklep.med4life.com.pl\/#website"},"primaryImageOfPage":{"@id":"https:\/\/sklep.med4life.com.pl\/product\/uchwyt-heartsave-wall-mount-eco-seria-heartsave\/#primaryimage"},"image":{"@id":"https:\/\/sklep.med4life.com.pl\/product\/uchwyt-heartsave-wall-mount-eco-seria-heartsave\/#primaryimage"},"thumbnailUrl":"https:\/\/sklep.med4life.com.pl\/wp-content\/uploads\/2025\/04\/Primedic_uchwyt_scienny_Heart_Save_ECO_97851-01.jpg","datePublished":"2025-04-24T16:05:05+00:00","dateModified":"2025-04-24T16:05:05+00:00","breadcrumb":{"@id":"https:\/\/sklep.med4life.com.pl\/product\/uchwyt-heartsave-wall-mount-eco-seria-heartsave\/#breadcrumb"},"inLanguage":"en-US","potentialAction":[{"@type":"ReadAction","target":["https:\/\/sklep.med4life.com.pl\/product\/uchwyt-heartsave-wall-mount-eco-seria-heartsave\/"]}]},{"@type":"ImageObject","inLanguage":"en-US","@id":"https:\/\/sklep.med4life.com.pl\/product\/uchwyt-heartsave-wall-mount-eco-seria-heartsave\/#primaryimage","url":"https:\/\/sklep.med4life.com.pl\/wp-content\/uploads\/2025\/04\/Primedic_uchwyt_scienny_Heart_Save_ECO_97851-01.jpg","contentUrl":"https:\/\/sklep.med4life.com.pl\/wp-content\/uploads\/2025\/04\/Primedic_uchwyt_scienny_Heart_Save_ECO_97851-01.jpg","width":1200,"height":1200},{"@type":"BreadcrumbList","@id":"https:\/\/sklep.med4life.com.pl\/product\/uchwyt-heartsave-wall-mount-eco-seria-heartsave\/#breadcrumb","itemListElement":[{"@type":"ListItem","position":1,"name":"Strona g\u0142\u00f3wna","item":"https:\/\/sklep.med4life.com.pl\/"},{"@type":"ListItem","position":2,"name":"Sklep","item":"https:\/\/sklep.med4life.com.pl\/shop\/"},{"@type":"ListItem","position":3,"name":"Uchwyt HeartSave Wall mount Eco (seria HeartSave)"}]},{"@type":"WebSite","@id":"https:\/\/sklep.med4life.com.pl\/#website","url":"https:\/\/sklep.med4life.com.pl\/","name":"sklep.med4life.com.pl","description":"","potentialAction":[{"@type":"SearchAction","target":{"@type":"EntryPoint","urlTemplate":"https:\/\/sklep.med4life.com.pl\/?s={search_term_string}"},"query-input":{"@type":"PropertyValueSpecification","valueRequired":true,"valueName":"search_term_string"}}],"inLanguage":"en-US"}]}},"_links":{"self":[{"href":"https:\/\/sklep.med4life.com.pl\/en\/wp-json\/wp\/v2\/product\/6696","targetHints":{"allow":["GET"]}}],"collection":[{"href":"https:\/\/sklep.med4life.com.pl\/en\/wp-json\/wp\/v2\/product"}],"about":[{"href":"https:\/\/sklep.med4life.com.pl\/en\/wp-json\/wp\/v2\/types\/product"}],"replies":[{"embeddable":true,"href":"https:\/\/sklep.med4life.com.pl\/en\/wp-json\/wp\/v2\/comments?post=6696"}],"wp:featuredmedia":[{"embeddable":true,"href":"https:\/\/sklep.med4life.com.pl\/en\/wp-json\/wp\/v2\/media\/6697"}],"wp:attachment":[{"href":"https:\/\/sklep.med4life.com.pl\/en\/wp-json\/wp\/v2\/media?parent=6696"}],"wp:term":[{"taxonomy":"product_cat","embeddable":true,"href":"https:\/\/sklep.med4life.com.pl\/en\/wp-json\/wp\/v2\/product_cat?post=6696"},{"taxonomy":"product_tag","embeddable":true,"href":"https:\/\/sklep.med4life.com.pl\/en\/wp-json\/wp\/v2\/product_tag?post=6696"}],"curies":[{"name":"wp","href":"https:\/\/api.w.org\/{rel}","templated":true}]}}